{"id":115594,"date":"2025-04-10T07:01:42","date_gmt":"2025-04-10T07:01:42","guid":{"rendered":"https:\/\/www.sportingpedia.com\/?page_id=115594"},"modified":"2025-05-19T07:59:44","modified_gmt":"2025-05-19T07:59:44","slug":"privacy-policy","status":"publish","type":"page","link":"https:\/\/www.sportingpedia.com\/de\/privacy-policy\/","title":{"rendered":"Datenschutzrichtlinie"},"content":{"rendered":"<p>Wir bei Sportingpedia nehmen Ihre Privatsph\u00e4re ernst und sind verpflichtet, die pers\u00f6nlichen Daten unserer Kunden sicher und gut gesch\u00fctzt zu halten. Diese Datenschutzrichtlinie soll erkl\u00e4ren, wie wir Ihre pers\u00f6nlichen Informationen sammeln, verwenden, \u00fcbertragen und offenlegen. Bevor Sie unsere Website nutzen, empfehlen wir Ihnen, einen Moment zu nehmen, um die folgende Richtlinie zu lesen.<\/p>\n<p>Sie informiert Sie dar\u00fcber, welche Daten wir sammeln und warum, sowie \u00fcber Ihre Rechte und wie diese ausge\u00fcbt werden k\u00f6nnen. Pers\u00f6nliche Informationen sind alle Informationen, die verwendet werden k\u00f6nnen, um Sie direkt oder indirekt zu identifizieren. Sie sind nicht verpflichtet, uns auf Anfrage Ihre Daten zur Verf\u00fcgung zu stellen, sollten sich jedoch dessen bewusst sein, dass wir Ihnen m\u00f6glicherweise nicht unseren vollen Service bieten k\u00f6nnen, wenn Sie sich dagegen entscheiden.<\/p>\n<p>Bitte beachten Sie, dass diese Seite bei Bedarf aktualisiert wird, um etwaige \u00c4nderungen in unseren Dienstleistungen und Kundenfeedback widerzuspiegeln. Um mit unserer Datenschutzrichtlinie auf dem Laufenden zu bleiben, sollten Sie die Seite auf m\u00f6gliche \u00c4nderungen \u00fcberpr\u00fcfen.<\/p>\n<h2>Welche Informationen Wir Sammeln<\/h2>\n<ul>\n<li>Statistiken \u00fcber demografische Daten wie Alter, Geschlecht sowie Vorlieben und Interessen der Nutzer unserer Website<\/li>\n<li>Alle anderen Daten, die wir f\u00fcr relevant halten \u2013 Cookies und automatisch gesammelte Daten wie IP-Adresse, eindeutige Ger\u00e4tekennungen, Browsertyp und Tracking-Informationen<\/li>\n<h2>Warum Wir Ihre Pers\u00f6nlichen Informationen Sammeln<\/h2>\n<p>Wir sammeln pers\u00f6nliche Informationen von unseren Kunden, um ihre Bed\u00fcrfnisse und Interessen besser zu verstehen. Durch das Sammeln dieser Daten versuchen wir, unsere Dienstleistungen und das gesamte Nutzererlebnis auf dieser Website zu verbessern. Mit diesen Informationen k\u00f6nnen wir einen lokalisierten und individuelleren Service f\u00fcr Nutzer aus verschiedenen Teilen der Welt anbieten.<\/p>\n<p>Wir speichern diese Daten auch f\u00fcr interne Aufzeichnungen. Wir nutzen sie verantwortungsbewusst f\u00fcr begrenzte Zwecke und verkaufen sie nicht an Dritte. Die spezifischen Verwendungen umfassen:<\/p>\n<ul>\n<li>Verhinderung illegaler Aktivit\u00e4ten und Unterst\u00fctzung der Strafverfolgung, wie es gesetzlich vorgeschrieben ist<\/li>\n<li>Bereitstellung unserer Dienstleistungen \u2013 pers\u00f6nliche Daten k\u00f6nnen zur Bearbeitung von Beschwerden, Erstellung von Benutzerkonten, Verbesserung unserer Produkte und f\u00fcr personalisierte Erlebnisse verwendet werden, usw.<\/li>\n<li>Kommunikation mit unseren Kunden \u2013 das Speichern pers\u00f6nlicher Informationen ist notwendig, um mit Ihnen zu kommunizieren, Ihnen E-Mail-Benachrichtigungen zu senden und anderes.<\/li>\n<\/ul>\n<h2>Sicherheit<\/h2>\n<p>W\u00e4hrend der Erhebung Ihrer pers\u00f6nlichen Informationen bleiben Ihre Privatsph\u00e4re und Sicherheit unsere oberste Priorit\u00e4t, und wir haben verschiedene Ma\u00dfnahmen ergriffen, um sensible Daten zu sch\u00fctzen. Diese werden nur mit ausgew\u00e4hlten Drittparteien und nur f\u00fcr begrenzte Zwecke geteilt. Um Missbrauch, Verlust, Offenlegung oder unbefugten Zugriff auf Ihre Daten zu verhindern, setzen wir Sicherheitsprotokolle ein, einschlie\u00dflich physischer und digitaler. <\/p>\n<p>Bitte beachten Sie, dass keine Kommunikationsmethode \u00fcber das Internet vollst\u00e4ndig sicher sein kann.<\/p>\n<h2>Verwendung von Cookies<\/h2>\n<p>Internet- oder Browser-Cookies sind kleine Datenmengen, die von Websites gesammelt und vom Webbrowser auf dem Computer des Nutzers gespeichert werden. Cookies identifizieren Nutzer und helfen, ihnen angepasste Webseiten anzubieten. Wenn Sie eine Seite besuchen, wird ein Cookie an Ihren Browser gesendet, der es f\u00fcr die sp\u00e4tere Verwendung speichert, und jedes Mal, wenn Sie dieselbe Website erneut \u00f6ffnen, wird das Cookie an den Server zur\u00fcckgesendet. Es enth\u00e4lt Informationen wie Ihre Pr\u00e4ferenzen sowie alle Benutzernamen und Passw\u00f6rter, die Sie erstellt haben. Auf diese Weise kann die Website Ihnen ein personalisiertes Erlebnis bieten \u2013 sie merkt sich Ihren Benutzernamen, zuvor besuchte Seiten usw.<\/p>\n<p>Wir bei Sportingpedia verwenden Traffic-Log-Cookies, um die am h\u00e4ufigsten besuchten Seiten auf unserer Website nachzuverfolgen. Die Cookies werden nur f\u00fcr eine begrenzte Zeit gespeichert und danach gel\u00f6scht. Wir nutzen sie zu statistischen Zwecken, und obwohl sie tempor\u00e4r sind, helfen sie uns, unsere Dienstleistungen zu verbessern und den Nutzern ein reibungsloseres und individuelleres Erlebnis zu bieten.<\/p>\n<h2>Links zu anderen Websites<\/h2>\n<p>Wir sind nicht verantwortlich f\u00fcr die Datenerhebung durch andere Seiten, aber wir k\u00f6nnen Links zu Websites Dritter einf\u00fcgen, die nicht durch diese Datenschutzrichtlinie geregelt sind. Beachten Sie, dass diese Seiten ihre eigenen Richtlinien in Bezug auf Datenschutz und Online-Sicherheit haben und wir keinen Einfluss darauf haben, welche Daten sie \u00fcber Sie sammeln, speichern oder weitergeben. Seien Sie sich bewusst, dass wir nicht f\u00fcr den Schutz Ihrer pers\u00f6nlichen Informationen haften k\u00f6nnen, wenn Sie sich entscheiden, ihnen solche Informationen bereitzustellen.<\/p>\n","protected":false},"excerpt":{"rendered":"<p>Wir bei Sportingpedia nehmen Ihre Privatsph\u00e4re ernst und sind verpflichtet, die pers\u00f6nlichen Daten unserer Kunden sicher und gut gesch\u00fctzt zu halten. Diese Datenschutzrichtlinie soll erkl\u00e4ren, wie wir Ihre pers\u00f6nlichen Informationen sammeln, verwenden, \u00fcbertragen und offenlegen. Bevor Sie unsere Website nutzen, empfehlen wir Ihnen, einen Moment zu nehmen, um die folgende Richtlinie zu lesen. Sie informiert [&hellip;]<\/p>\n","protected":false},"author":1,"featured_media":0,"parent":0,"menu_order":0,"comment_status":"closed","ping_status":"open","template":"page-nosidebar.php","meta":{"footnotes":""},"class_list":["post-115594","page","type-page","status-publish","hentry"],"yoast_head":"<!-- This site is optimized with the Yoast SEO plugin v26.6 - https:\/\/yoast.com\/wordpress\/plugins\/seo\/ -->\n<title>Datenschutzrichtlinie - Sportingpedia - Latest Sports News From All Over the World<\/title>\n<meta name=\"robots\" content=\"noindex, follow\" \/>\n<meta property=\"og:locale\" content=\"de_DE\" \/>\n<meta property=\"og:type\" content=\"article\" \/>\n<meta property=\"og:title\" content=\"Datenschutzrichtlinie - Sportingpedia - Latest Sports News From All Over the World\" \/>\n<meta property=\"og:description\" content=\"Wir bei Sportingpedia nehmen Ihre Privatsph\u00e4re ernst und sind verpflichtet, die pers\u00f6nlichen Daten unserer Kunden sicher und gut gesch\u00fctzt zu halten. Diese Datenschutzrichtlinie soll erkl\u00e4ren, wie wir Ihre pers\u00f6nlichen Informationen sammeln, verwenden, \u00fcbertragen und offenlegen. Bevor Sie unsere Website nutzen, empfehlen wir Ihnen, einen Moment zu nehmen, um die folgende Richtlinie zu lesen. Sie informiert [&hellip;]\" \/>\n<meta property=\"og:url\" content=\"https:\/\/www.sportingpedia.com\/de\/privacy-policy\/\" \/>\n<meta property=\"og:site_name\" content=\"Sportingpedia - Latest Sports News From All Over the World\" \/>\n<meta property=\"article:modified_time\" content=\"2025-05-19T07:59:44+00:00\" \/>\n<meta name=\"twitter:card\" content=\"summary_large_image\" \/>\n<meta name=\"twitter:label1\" content=\"Gesch\u00e4tzte Lesezeit\" \/>\n\t<meta name=\"twitter:data1\" content=\"3\u00a0Minuten\" \/>\n<script type=\"application\/ld+json\" class=\"yoast-schema-graph\">{\"@context\":\"https:\/\/schema.org\",\"@graph\":[{\"@type\":\"WebPage\",\"@id\":\"https:\/\/www.sportingpedia.com\/de\/privacy-policy\/\",\"url\":\"https:\/\/www.sportingpedia.com\/de\/privacy-policy\/\",\"name\":\"Datenschutzrichtlinie - Sportingpedia - Latest Sports News From All Over the World\",\"isPartOf\":{\"@id\":\"https:\/\/www.sportingpedia.com\/de\/#website\"},\"datePublished\":\"2025-04-10T07:01:42+00:00\",\"dateModified\":\"2025-05-19T07:59:44+00:00\",\"breadcrumb\":{\"@id\":\"https:\/\/www.sportingpedia.com\/de\/privacy-policy\/#breadcrumb\"},\"inLanguage\":\"de\",\"potentialAction\":[{\"@type\":\"ReadAction\",\"target\":[\"https:\/\/www.sportingpedia.com\/de\/privacy-policy\/\"]}]},{\"@type\":\"BreadcrumbList\",\"@id\":\"https:\/\/www.sportingpedia.com\/de\/privacy-policy\/#breadcrumb\",\"itemListElement\":[{\"@type\":\"ListItem\",\"position\":1,\"name\":\"Startseite\",\"item\":\"https:\/\/www.sportingpedia.com\/de\/home-de\/\"},{\"@type\":\"ListItem\",\"position\":2,\"name\":\"Datenschutzrichtlinie\"}]},{\"@type\":\"WebSite\",\"@id\":\"https:\/\/www.sportingpedia.com\/de\/#website\",\"url\":\"https:\/\/www.sportingpedia.com\/de\/\",\"name\":\"Sportingpedia - Latest Sports News From All Over the World\",\"description\":\"\",\"publisher\":{\"@id\":\"https:\/\/www.sportingpedia.com\/de\/#organization\"},\"potentialAction\":[{\"@type\":\"SearchAction\",\"target\":{\"@type\":\"EntryPoint\",\"urlTemplate\":\"https:\/\/www.sportingpedia.com\/de\/?s={search_term_string}\"},\"query-input\":{\"@type\":\"PropertyValueSpecification\",\"valueRequired\":true,\"valueName\":\"search_term_string\"}}],\"inLanguage\":\"de\"},{\"@type\":\"Organization\",\"@id\":\"https:\/\/www.sportingpedia.com\/de\/#organization\",\"name\":\"SportingPedia\",\"url\":\"https:\/\/www.sportingpedia.com\/de\/\",\"logo\":{\"@type\":\"ImageObject\",\"inLanguage\":\"de\",\"@id\":\"https:\/\/www.sportingpedia.com\/de\/#\/schema\/logo\/image\/\",\"url\":\"https:\/\/www.sportingpedia.com\/wp-content\/uploads\/2019\/10\/SportingPedia_logo.png\",\"contentUrl\":\"https:\/\/www.sportingpedia.com\/wp-content\/uploads\/2019\/10\/SportingPedia_logo.png\",\"width\":600,\"height\":101,\"caption\":\"SportingPedia\"},\"image\":{\"@id\":\"https:\/\/www.sportingpedia.com\/de\/#\/schema\/logo\/image\/\"}}]}<\/script>\n<!-- \/ Yoast SEO plugin. -->","yoast_head_json":{"title":"Datenschutzrichtlinie - Sportingpedia - Latest Sports News From All Over the World","robots":{"index":"noindex","follow":"follow"},"og_locale":"de_DE","og_type":"article","og_title":"Datenschutzrichtlinie - Sportingpedia - Latest Sports News From All Over the World","og_description":"Wir bei Sportingpedia nehmen Ihre Privatsph\u00e4re ernst und sind verpflichtet, die pers\u00f6nlichen Daten unserer Kunden sicher und gut gesch\u00fctzt zu halten. Diese Datenschutzrichtlinie soll erkl\u00e4ren, wie wir Ihre pers\u00f6nlichen Informationen sammeln, verwenden, \u00fcbertragen und offenlegen. Bevor Sie unsere Website nutzen, empfehlen wir Ihnen, einen Moment zu nehmen, um die folgende Richtlinie zu lesen. Sie informiert [&hellip;]","og_url":"https:\/\/www.sportingpedia.com\/de\/privacy-policy\/","og_site_name":"Sportingpedia - Latest Sports News From All Over the World","article_modified_time":"2025-05-19T07:59:44+00:00","twitter_card":"summary_large_image","twitter_misc":{"Gesch\u00e4tzte Lesezeit":"3\u00a0Minuten"},"schema":{"@context":"https:\/\/schema.org","@graph":[{"@type":"WebPage","@id":"https:\/\/www.sportingpedia.com\/de\/privacy-policy\/","url":"https:\/\/www.sportingpedia.com\/de\/privacy-policy\/","name":"Datenschutzrichtlinie - Sportingpedia - Latest Sports News From All Over the World","isPartOf":{"@id":"https:\/\/www.sportingpedia.com\/de\/#website"},"datePublished":"2025-04-10T07:01:42+00:00","dateModified":"2025-05-19T07:59:44+00:00","breadcrumb":{"@id":"https:\/\/www.sportingpedia.com\/de\/privacy-policy\/#breadcrumb"},"inLanguage":"de","potentialAction":[{"@type":"ReadAction","target":["https:\/\/www.sportingpedia.com\/de\/privacy-policy\/"]}]},{"@type":"BreadcrumbList","@id":"https:\/\/www.sportingpedia.com\/de\/privacy-policy\/#breadcrumb","itemListElement":[{"@type":"ListItem","position":1,"name":"Startseite","item":"https:\/\/www.sportingpedia.com\/de\/home-de\/"},{"@type":"ListItem","position":2,"name":"Datenschutzrichtlinie"}]},{"@type":"WebSite","@id":"https:\/\/www.sportingpedia.com\/de\/#website","url":"https:\/\/www.sportingpedia.com\/de\/","name":"Sportingpedia - Latest Sports News From All Over the World","description":"","publisher":{"@id":"https:\/\/www.sportingpedia.com\/de\/#organization"},"potentialAction":[{"@type":"SearchAction","target":{"@type":"EntryPoint","urlTemplate":"https:\/\/www.sportingpedia.com\/de\/?s={search_term_string}"},"query-input":{"@type":"PropertyValueSpecification","valueRequired":true,"valueName":"search_term_string"}}],"inLanguage":"de"},{"@type":"Organization","@id":"https:\/\/www.sportingpedia.com\/de\/#organization","name":"SportingPedia","url":"https:\/\/www.sportingpedia.com\/de\/","logo":{"@type":"ImageObject","inLanguage":"de","@id":"https:\/\/www.sportingpedia.com\/de\/#\/schema\/logo\/image\/","url":"https:\/\/www.sportingpedia.com\/wp-content\/uploads\/2019\/10\/SportingPedia_logo.png","contentUrl":"https:\/\/www.sportingpedia.com\/wp-content\/uploads\/2019\/10\/SportingPedia_logo.png","width":600,"height":101,"caption":"SportingPedia"},"image":{"@id":"https:\/\/www.sportingpedia.com\/de\/#\/schema\/logo\/image\/"}}]}},"_links":{"self":[{"href":"https:\/\/www.sportingpedia.com\/de\/wp-json\/wp\/v2\/pages\/115594","targetHints":{"allow":["GET"]}}],"collection":[{"href":"https:\/\/www.sportingpedia.com\/de\/wp-json\/wp\/v2\/pages"}],"about":[{"href":"https:\/\/www.sportingpedia.com\/de\/wp-json\/wp\/v2\/types\/page"}],"author":[{"embeddable":true,"href":"https:\/\/www.sportingpedia.com\/de\/wp-json\/wp\/v2\/users\/1"}],"replies":[{"embeddable":true,"href":"https:\/\/www.sportingpedia.com\/de\/wp-json\/wp\/v2\/comments?post=115594"}],"version-history":[{"count":1,"href":"https:\/\/www.sportingpedia.com\/de\/wp-json\/wp\/v2\/pages\/115594\/revisions"}],"predecessor-version":[{"id":121151,"href":"https:\/\/www.sportingpedia.com\/de\/wp-json\/wp\/v2\/pages\/115594\/revisions\/121151"}],"wp:attachment":[{"href":"https:\/\/www.sportingpedia.com\/de\/wp-json\/wp\/v2\/media?parent=115594"}],"curies":[{"name":"wp","href":"https:\/\/api.w.org\/{rel}","templated":true}]}}