{"id":115595,"date":"2025-04-10T07:01:43","date_gmt":"2025-04-10T07:01:43","guid":{"rendered":"https:\/\/www.sportingpedia.com\/?page_id=115595"},"modified":"2025-12-08T08:43:45","modified_gmt":"2025-12-08T08:43:45","slug":"about-us","status":"publish","type":"page","link":"https:\/\/www.sportingpedia.com\/de\/about-us\/","title":{"rendered":"\u00dcber uns"},"content":{"rendered":"<p>SportingPedia.com ist ein ehrgeiziges Projekt, das Ende 2017 ins Leben gerufen wurde und darauf abzielt, t\u00e4gliche Berichterstattung \u00fcber Ereignisse und Entwicklungen aus den wichtigsten Sportligen bereitzustellen. Unser Team von Journalisten verf\u00fcgt \u00fcber jahrzehntelange Erfahrung in der Beobachtung und Berichterstattung \u00fcber die Welt des Sports.<\/p>\n<p>Die Leser von SportingPedia.com finden t\u00e4glich Nachrichtenartikel, die sich auf die wichtigsten Geschichten aus verschiedenen Sportarten konzentrieren, sowie Highlights und Leitartikel, die alle detaillierte Informationen zu den Sportarten und Themen von Interesse bieten. Sportfans k\u00f6nnen zudem die neuesten Ergebnisse und Tabellenst\u00e4nde der gro\u00dfen Sportligen abrufen.<\/p>\n<div class=\"meet-team-title\">Treffen Sie das Team<\/div>\n<div class=\"author-box\">\n<div class=\"author-img\"><img decoding=\"async\" src=\"https:\/\/www.sportingpedia.com\/wp-content\/uploads\/2024\/09\/pavel-kateliev.jpeg\" style=\"border-radius: 50%\" alt=\"Pavel Kateliev - Autor Europ\u00e4ische Sportarten\" width=\"166\" height=\"167\" class=\"aligncenter\" \/><\/div>\n<p><span class=\"author-name\"><a href=\"https:\/\/www.sportingpedia.com\/de\/meet-the-team\/pavel-kateliev\/\">Pavel Kateliev<\/a><\/span> <span>Autor f\u00fcr europ\u00e4ische Sportarten <a target=\"_blank\" href=\"https:\/\/www.linkedin.com\/in\/pavelkateliev\/\" rel=\"noopener nofollow\"><img decoding=\"async\" width=\"25\" src=\"https:\/\/www.sportingpedia.com\/wp-content\/uploads\/2024\/09\/icon-linkedin.svg\" alt=\"Pavel Kateliev - Linkedin Profil\" \/><\/a><\/span><\/p>\n<p>Pavel Kateliev ist ein bekannter Sportjournalist, insbesondere in den Bereichen Fu\u00dfball, Basketball, Tennis und Hockey. Er verfasst t\u00e4glich Beitr\u00e4ge f\u00fcr SportingPedia und seine Arbeiten wurden in mindestens 20 Sprachen \u00fcbersetzt und in renommierten Medien wie BBC, Yahoo, MCN, The Sun und Evening News ver\u00f6ffentlicht, unter anderem auf Italienisch, Englisch, Spanisch und Portugiesisch.<\/p>\n<\/div>\n<div class=\"author-box\">\n<div class=\"author-img\"><img decoding=\"async\" src=\"https:\/\/www.sportingpedia.com\/wp-content\/uploads\/2018\/07\/earl.png\" alt=\"Earl Campbell - Autor Amerikanische Sportarten\" width=\"166\" height=\"167\" class=\"aligncenter\" \/><\/div>\n<p><span class=\"author-name\"><a href=\"https:\/\/www.sportingpedia.com\/de\/meet-the-team\/earl-campbell\/\">Earl Campbell<\/a><\/span> <span>Autor f\u00fcr amerikanische Sportarten <a target=\"_blank\" href=\"https:\/\/www.linkedin.com\/in\/earl-campbell-57545417\/\" rel=\"noopener nofollow\"><img decoding=\"async\" width=\"25\" src=\"https:\/\/www.sportingpedia.com\/wp-content\/uploads\/2024\/09\/icon-linkedin.svg\" alt=\"Earl Campbell - Linkedin Profil\" \/><\/a><\/span><\/p>\n<p>Earl Campbell ist ein bekannter Sportjournalist, der sich auf Football, die NBA, Tennis und Hockey spezialisiert hat. Er liefert t\u00e4glich Beitr\u00e4ge f\u00fcr SportingPedia, und viele seiner Artikel erscheinen in gro\u00dfen Publikationen wie BBC, Yahoo, MCN, The Sun und Evening News, unter anderem auf Italienisch, Englisch, Spanisch und Portugiesisch.<\/p>\n<\/div>\n<div class=\"author-box\">\n<div class=\"author-img\"><img decoding=\"async\" src=\"https:\/\/www.sportingpedia.com\/wp-content\/uploads\/2018\/07\/rodney.png\" alt=\"Rodney Knuppel - Autor Amerikanische Sportarten\" width=\"166\" height=\"167\" class=\"aligncenter\" \/><\/div>\n<p><span class=\"author-name\"><a href=\"https:\/\/www.sportingpedia.com\/de\/meet-the-team\/rodney-knuppel\/\">Rodney Knuppel<\/a><\/span> <span>Autor f\u00fcr amerikanische Sportarten <a target=\"_blank\" href=\"https:\/\/www.linkedin.com\/in\/rodney-knuppel-ab7074182\/\" rel=\"noopener nofollow\"><img decoding=\"async\" width=\"25\" src=\"https:\/\/www.sportingpedia.com\/wp-content\/uploads\/2024\/09\/icon-linkedin.svg\" alt=\"Rodney Knuppel - Linkedin Profil\" \/><\/a><\/span><\/p>\n<p>Rodney Knuppel schreibt \u00fcber American Football, Baseball und die NBA. Seit seiner Kindheit spielt er Basketball und widmet sich nun der Recherche und dem Schreiben. Er ist ein gro\u00dfer Fan der Kansas Jayhawks.<\/p>\n<\/div>\n<div class=\"author-box\">\n<div class=\"author-img\"><img decoding=\"async\" src=\"https:\/\/www.sportingpedia.com\/wp-content\/uploads\/2024\/09\/aiden-beswick.jpg\" style=\"border-radius: 50%\" alt=\"Aiden Beswick - Autor Fu\u00dfball und EPL\" width=\"166\" height=\"167\" class=\"aligncenter\" \/><\/div>\n<p><span class=\"author-name\"><a href=\"https:\/\/www.sportingpedia.com\/de\/meet-the-team\/aiden-beswick\/\">Aiden Beswick<\/a><\/span> <span>Autor Fu\u00dfball und EPL <a target=\"_blank\" href=\"https:\/\/www.linkedin.com\/in\/aiden-beswick-78b4bb13b\/\" rel=\"noopener nofollow\"><img decoding=\"async\" width=\"25\" src=\"https:\/\/www.sportingpedia.com\/wp-content\/uploads\/2024\/09\/icon-linkedin.svg\" alt=\"Aiden Beswick - Linkedin Profil\" \/><\/a><\/span><\/p>\n<p>Aiden Beswick ist Sportjournalist und berichtet vor allem \u00fcber die Premier League. Er ist gro\u00dfer Fan von Manchester United, WWE und AEW. Derzeit arbeitet er als Media Support Officer bei der Greater Manchester Police sowie als Media Officer bei Wythenshawe FC.<\/p>\n<\/div>\n<div class=\"author-box\">\n<div class=\"author-img\"><img decoding=\"async\" src=\"https:\/\/www.sportingpedia.com\/wp-content\/uploads\/2018\/07\/ryan.png\" alt=\"Ryan Knuppel - Autor MLB\" width=\"166\" height=\"167\" class=\"aligncenter\" \/><\/div>\n<p><span class=\"author-name\" style=\"color: #ff624a\">Ryan Knuppel<\/span> <span>Autor MLB <a target=\"_blank\" href=\"https:\/\/www.linkedin.com\/in\/ryanknuppel\" rel=\"noopener nofollow\"><img decoding=\"async\" width=\"25\" src=\"https:\/\/www.sportingpedia.com\/wp-content\/uploads\/2024\/09\/icon-linkedin.svg\" alt=\"Ryan Knuppel - Linkedin Profil\" \/><\/a><\/span><\/p>\n<p>Ryan ist seit seiner Kindheit ein Baseball-Fanatiker. In den letzten Jahren hat er Tausende von Artikeln zu nahezu jedem erdenklichen Baseball-Thema verfasst. Er ist ein eingefleischter Fan der St. Louis Cardinals und wird hier bei SportingPedia.com t\u00e4glich MLB-Nachrichten bereitstellen.<\/p>\n<\/div>\n","protected":false},"excerpt":{"rendered":"<p>SportingPedia.com ist ein ehrgeiziges Projekt, das Ende 2017 ins Leben gerufen wurde und darauf abzielt, t\u00e4gliche Berichterstattung \u00fcber Ereignisse und Entwicklungen aus den wichtigsten Sportligen bereitzustellen. Unser Team von Journalisten verf\u00fcgt \u00fcber jahrzehntelange Erfahrung in der Beobachtung und Berichterstattung \u00fcber die Welt des Sports. Die Leser von SportingPedia.com finden t\u00e4glich Nachrichtenartikel, die sich auf die [&hellip;]<\/p>\n","protected":false},"author":1,"featured_media":0,"parent":0,"menu_order":0,"comment_status":"closed","ping_status":"closed","template":"page-nosidebar.php","meta":{"footnotes":""},"class_list":["post-115595","page","type-page","status-publish","hentry"],"yoast_head":"<!-- This site is optimized with the Yoast SEO plugin v26.6 - https:\/\/yoast.com\/wordpress\/plugins\/seo\/ -->\n<title>\u00dcber uns - Sportingpedia - Latest Sports News From All Over the World<\/title>\n<meta name=\"robots\" content=\"noindex, follow\" \/>\n<meta property=\"og:locale\" content=\"de_DE\" \/>\n<meta property=\"og:type\" content=\"article\" \/>\n<meta property=\"og:title\" content=\"\u00dcber uns - Sportingpedia - Latest Sports News From All Over the World\" \/>\n<meta property=\"og:description\" content=\"SportingPedia.com ist ein ehrgeiziges Projekt, das Ende 2017 ins Leben gerufen wurde und darauf abzielt, t\u00e4gliche Berichterstattung \u00fcber Ereignisse und Entwicklungen aus den wichtigsten Sportligen bereitzustellen. Unser Team von Journalisten verf\u00fcgt \u00fcber jahrzehntelange Erfahrung in der Beobachtung und Berichterstattung \u00fcber die Welt des Sports. Die Leser von SportingPedia.com finden t\u00e4glich Nachrichtenartikel, die sich auf die [&hellip;]\" \/>\n<meta property=\"og:url\" content=\"https:\/\/www.sportingpedia.com\/de\/about-us\/\" \/>\n<meta property=\"og:site_name\" content=\"Sportingpedia - Latest Sports News From All Over the World\" \/>\n<meta property=\"article:modified_time\" content=\"2025-12-08T08:43:45+00:00\" \/>\n<meta property=\"og:image\" content=\"https:\/\/www.sportingpedia.com\/wp-content\/uploads\/2024\/09\/pavel-kateliev.jpeg\" \/>\n<meta name=\"twitter:card\" content=\"summary_large_image\" \/>\n<meta name=\"twitter:label1\" content=\"Gesch\u00e4tzte Lesezeit\" \/>\n\t<meta name=\"twitter:data1\" content=\"4\u00a0Minuten\" \/>\n<script type=\"application\/ld+json\" class=\"yoast-schema-graph\">{\"@context\":\"https:\/\/schema.org\",\"@graph\":[{\"@type\":\"WebPage\",\"@id\":\"https:\/\/www.sportingpedia.com\/de\/about-us\/\",\"url\":\"https:\/\/www.sportingpedia.com\/de\/about-us\/\",\"name\":\"\u00dcber uns - Sportingpedia - Latest Sports News From All Over the World\",\"isPartOf\":{\"@id\":\"https:\/\/www.sportingpedia.com\/de\/#website\"},\"primaryImageOfPage\":{\"@id\":\"https:\/\/www.sportingpedia.com\/de\/about-us\/#primaryimage\"},\"image\":{\"@id\":\"https:\/\/www.sportingpedia.com\/de\/about-us\/#primaryimage\"},\"thumbnailUrl\":\"https:\/\/www.sportingpedia.com\/wp-content\/uploads\/2024\/09\/pavel-kateliev.jpeg\",\"datePublished\":\"2025-04-10T07:01:43+00:00\",\"dateModified\":\"2025-12-08T08:43:45+00:00\",\"breadcrumb\":{\"@id\":\"https:\/\/www.sportingpedia.com\/de\/about-us\/#breadcrumb\"},\"inLanguage\":\"de\",\"potentialAction\":[{\"@type\":\"ReadAction\",\"target\":[\"https:\/\/www.sportingpedia.com\/de\/about-us\/\"]}]},{\"@type\":\"ImageObject\",\"inLanguage\":\"de\",\"@id\":\"https:\/\/www.sportingpedia.com\/de\/about-us\/#primaryimage\",\"url\":\"https:\/\/www.sportingpedia.com\/wp-content\/uploads\/2024\/09\/pavel-kateliev.jpeg\",\"contentUrl\":\"https:\/\/www.sportingpedia.com\/wp-content\/uploads\/2024\/09\/pavel-kateliev.jpeg\"},{\"@type\":\"BreadcrumbList\",\"@id\":\"https:\/\/www.sportingpedia.com\/de\/about-us\/#breadcrumb\",\"itemListElement\":[{\"@type\":\"ListItem\",\"position\":1,\"name\":\"Startseite\",\"item\":\"https:\/\/www.sportingpedia.com\/de\/home-de\/\"},{\"@type\":\"ListItem\",\"position\":2,\"name\":\"\u00dcber uns\"}]},{\"@type\":\"WebSite\",\"@id\":\"https:\/\/www.sportingpedia.com\/de\/#website\",\"url\":\"https:\/\/www.sportingpedia.com\/de\/\",\"name\":\"Sportingpedia - Latest Sports News From All Over the World\",\"description\":\"\",\"publisher\":{\"@id\":\"https:\/\/www.sportingpedia.com\/de\/#organization\"},\"potentialAction\":[{\"@type\":\"SearchAction\",\"target\":{\"@type\":\"EntryPoint\",\"urlTemplate\":\"https:\/\/www.sportingpedia.com\/de\/?s={search_term_string}\"},\"query-input\":{\"@type\":\"PropertyValueSpecification\",\"valueRequired\":true,\"valueName\":\"search_term_string\"}}],\"inLanguage\":\"de\"},{\"@type\":\"Organization\",\"@id\":\"https:\/\/www.sportingpedia.com\/de\/#organization\",\"name\":\"SportingPedia\",\"url\":\"https:\/\/www.sportingpedia.com\/de\/\",\"logo\":{\"@type\":\"ImageObject\",\"inLanguage\":\"de\",\"@id\":\"https:\/\/www.sportingpedia.com\/de\/#\/schema\/logo\/image\/\",\"url\":\"https:\/\/www.sportingpedia.com\/wp-content\/uploads\/2019\/10\/SportingPedia_logo.png\",\"contentUrl\":\"https:\/\/www.sportingpedia.com\/wp-content\/uploads\/2019\/10\/SportingPedia_logo.png\",\"width\":600,\"height\":101,\"caption\":\"SportingPedia\"},\"image\":{\"@id\":\"https:\/\/www.sportingpedia.com\/de\/#\/schema\/logo\/image\/\"}}]}<\/script>\n<!-- \/ Yoast SEO plugin. -->","yoast_head_json":{"title":"\u00dcber uns - Sportingpedia - Latest Sports News From All Over the World","robots":{"index":"noindex","follow":"follow"},"og_locale":"de_DE","og_type":"article","og_title":"\u00dcber uns - Sportingpedia - Latest Sports News From All Over the World","og_description":"SportingPedia.com ist ein ehrgeiziges Projekt, das Ende 2017 ins Leben gerufen wurde und darauf abzielt, t\u00e4gliche Berichterstattung \u00fcber Ereignisse und Entwicklungen aus den wichtigsten Sportligen bereitzustellen. Unser Team von Journalisten verf\u00fcgt \u00fcber jahrzehntelange Erfahrung in der Beobachtung und Berichterstattung \u00fcber die Welt des Sports. Die Leser von SportingPedia.com finden t\u00e4glich Nachrichtenartikel, die sich auf die [&hellip;]","og_url":"https:\/\/www.sportingpedia.com\/de\/about-us\/","og_site_name":"Sportingpedia - Latest Sports News From All Over the World","article_modified_time":"2025-12-08T08:43:45+00:00","og_image":[{"url":"https:\/\/www.sportingpedia.com\/wp-content\/uploads\/2024\/09\/pavel-kateliev.jpeg","type":"","width":"","height":""}],"twitter_card":"summary_large_image","twitter_misc":{"Gesch\u00e4tzte Lesezeit":"4\u00a0Minuten"},"schema":{"@context":"https:\/\/schema.org","@graph":[{"@type":"WebPage","@id":"https:\/\/www.sportingpedia.com\/de\/about-us\/","url":"https:\/\/www.sportingpedia.com\/de\/about-us\/","name":"\u00dcber uns - Sportingpedia - Latest Sports News From All Over the World","isPartOf":{"@id":"https:\/\/www.sportingpedia.com\/de\/#website"},"primaryImageOfPage":{"@id":"https:\/\/www.sportingpedia.com\/de\/about-us\/#primaryimage"},"image":{"@id":"https:\/\/www.sportingpedia.com\/de\/about-us\/#primaryimage"},"thumbnailUrl":"https:\/\/www.sportingpedia.com\/wp-content\/uploads\/2024\/09\/pavel-kateliev.jpeg","datePublished":"2025-04-10T07:01:43+00:00","dateModified":"2025-12-08T08:43:45+00:00","breadcrumb":{"@id":"https:\/\/www.sportingpedia.com\/de\/about-us\/#breadcrumb"},"inLanguage":"de","potentialAction":[{"@type":"ReadAction","target":["https:\/\/www.sportingpedia.com\/de\/about-us\/"]}]},{"@type":"ImageObject","inLanguage":"de","@id":"https:\/\/www.sportingpedia.com\/de\/about-us\/#primaryimage","url":"https:\/\/www.sportingpedia.com\/wp-content\/uploads\/2024\/09\/pavel-kateliev.jpeg","contentUrl":"https:\/\/www.sportingpedia.com\/wp-content\/uploads\/2024\/09\/pavel-kateliev.jpeg"},{"@type":"BreadcrumbList","@id":"https:\/\/www.sportingpedia.com\/de\/about-us\/#breadcrumb","itemListElement":[{"@type":"ListItem","position":1,"name":"Startseite","item":"https:\/\/www.sportingpedia.com\/de\/home-de\/"},{"@type":"ListItem","position":2,"name":"\u00dcber uns"}]},{"@type":"WebSite","@id":"https:\/\/www.sportingpedia.com\/de\/#website","url":"https:\/\/www.sportingpedia.com\/de\/","name":"Sportingpedia - Latest Sports News From All Over the World","description":"","publisher":{"@id":"https:\/\/www.sportingpedia.com\/de\/#organization"},"potentialAction":[{"@type":"SearchAction","target":{"@type":"EntryPoint","urlTemplate":"https:\/\/www.sportingpedia.com\/de\/?s={search_term_string}"},"query-input":{"@type":"PropertyValueSpecification","valueRequired":true,"valueName":"search_term_string"}}],"inLanguage":"de"},{"@type":"Organization","@id":"https:\/\/www.sportingpedia.com\/de\/#organization","name":"SportingPedia","url":"https:\/\/www.sportingpedia.com\/de\/","logo":{"@type":"ImageObject","inLanguage":"de","@id":"https:\/\/www.sportingpedia.com\/de\/#\/schema\/logo\/image\/","url":"https:\/\/www.sportingpedia.com\/wp-content\/uploads\/2019\/10\/SportingPedia_logo.png","contentUrl":"https:\/\/www.sportingpedia.com\/wp-content\/uploads\/2019\/10\/SportingPedia_logo.png","width":600,"height":101,"caption":"SportingPedia"},"image":{"@id":"https:\/\/www.sportingpedia.com\/de\/#\/schema\/logo\/image\/"}}]}},"_links":{"self":[{"href":"https:\/\/www.sportingpedia.com\/de\/wp-json\/wp\/v2\/pages\/115595","targetHints":{"allow":["GET"]}}],"collection":[{"href":"https:\/\/www.sportingpedia.com\/de\/wp-json\/wp\/v2\/pages"}],"about":[{"href":"https:\/\/www.sportingpedia.com\/de\/wp-json\/wp\/v2\/types\/page"}],"author":[{"embeddable":true,"href":"https:\/\/www.sportingpedia.com\/de\/wp-json\/wp\/v2\/users\/1"}],"replies":[{"embeddable":true,"href":"https:\/\/www.sportingpedia.com\/de\/wp-json\/wp\/v2\/comments?post=115595"}],"version-history":[{"count":2,"href":"https:\/\/www.sportingpedia.com\/de\/wp-json\/wp\/v2\/pages\/115595\/revisions"}],"predecessor-version":[{"id":149019,"href":"https:\/\/www.sportingpedia.com\/de\/wp-json\/wp\/v2\/pages\/115595\/revisions\/149019"}],"wp:attachment":[{"href":"https:\/\/www.sportingpedia.com\/de\/wp-json\/wp\/v2\/media?parent=115595"}],"curies":[{"name":"wp","href":"https:\/\/api.w.org\/{rel}","templated":true}]}}