{"id":115596,"date":"2025-04-10T07:01:43","date_gmt":"2025-04-10T07:01:43","guid":{"rendered":"https:\/\/www.sportingpedia.com\/?page_id=115596"},"modified":"2025-05-19T08:00:20","modified_gmt":"2025-05-19T08:00:20","slug":"terms-and-conditions","status":"publish","type":"page","link":"https:\/\/www.sportingpedia.com\/de\/terms-and-conditions\/","title":{"rendered":"Gesch\u00e4ftsbedingungen"},"content":{"rendered":"<p>Durch den Zugriff auf die Website www.sportingpedia.com akzeptieren Sie automatisch die folgenden Allgemeinen Gesch\u00e4ftsbedingungen. Bitte lesen Sie diese sorgf\u00e4ltig durch, da sie Ihnen helfen, detaillierte Informationen \u00fcber die Website zu erhalten.<\/p>\n<h2>Zugriff auf die Website<\/h2>\n<p>Wenn Sie auf die Website zugreifen, stimmen Sie automatisch zu, dass Sportingpedia nicht haftbar gemacht werden kann f\u00fcr eventuelle Fehler, Auslassungen, Sch\u00e4den usw., die nach der Nutzung der auf dieser Website verf\u00fcgbaren Inhalte auftreten k\u00f6nnen. Sie stimmen auch zu, dass Sie das m\u00f6gliche Risiko, das mit den auf der Website ver\u00f6ffentlichten Inhalten verbunden sein kann, ber\u00fccksichtigen werden. Sie allein tragen die Verantwortung f\u00fcr alle Risiken, die mit der Integrit\u00e4t, N\u00fctzlichkeit und Genauigkeit der auf der Website verf\u00fcgbaren Informationen verbunden sind.<\/p>\n<p>Es liegt in Ihrer Verantwortung zu \u00fcberpr\u00fcfen, ob Online-Gl\u00fccksspiel in der Gerichtsbarkeit Ihres aktuellen Wohnsitzlandes legal ist.<\/p>\n<h2>Altersbeschr\u00e4nkung<\/h2>\n<p>Sie sollten beachten, dass die Website von Sportingpedia nicht von Minderj\u00e4hrigen aufgerufen werden sollte. Sie m\u00fcssen mindestens 18 Jahre alt sein, um die Inhalte der Website lesen zu d\u00fcrfen. Die Altersbeschr\u00e4nkung kann je nach rechtlicher Zust\u00e4ndigkeit, in der Sie sich befinden, h\u00f6her sein und Sie sollten sich daran halten.<\/p>\n<h2>Datenschutzrichtlinie<\/h2>\n<p>Machen Sie sich mit der Datenschutzrichtlinie der Website vertraut, die Sie unter <a href=\"http:\/\/www.sportingpedia.com\/privacy-policy\/\">www.sportingpedia.com\/privacy-policy\/<\/a> finden k\u00f6nnen.<\/p>\n<h2>Haftungsausschluss und Beschr\u00e4nkung der Gew\u00e4hrleistung<\/h2>\n<p>Sportingpedia kann nicht f\u00fcr ausdr\u00fcckliche oder stillschweigende Garantien verantwortlich gemacht werden, die den auf der Website ver\u00f6ffentlichten Inhalt, Daten und Materialien abdecken. In diesem Sinne lehnt Sportingpedia alle stillschweigenden und ausdr\u00fccklichen Garantien im gesetzlich zul\u00e4ssigen Umfang ab.<\/p>\n<p>Dar\u00fcber hinaus kann Sportingpedia nicht f\u00fcr Probleme verantwortlich gemacht werden, die aufgrund der Nutzung oder der Unf\u00e4higkeit, die Website zu nutzen, auftreten k\u00f6nnen. Daher stimmen die Nutzer zu, dass sie auf eigenes Risiko auf die Website zugreifen.<\/p>\n<h2>\u00c4nderungen der Allgemeinen Gesch\u00e4ftsbedingungen<\/h2>\n<p>Sportingpedia beh\u00e4lt sich das exklusive Recht vor, seine Allgemeinen Gesch\u00e4ftsbedingungen jederzeit und ohne vorherige Ank\u00fcndigung zu \u00e4ndern oder zu modifizieren. Deshalb wird den Nutzern empfohlen, regelm\u00e4\u00dfig die Seite mit den Allgemeinen Gesch\u00e4ftsbedingungen der Website auf \u00c4nderungen zu \u00fcberpr\u00fcfen. Falls es \u00c4nderungen gibt und Sie die Website weiterhin nutzen, wird dies als Zustimmung zu den neuen und \u00fcberarbeiteten Allgemeinen Gesch\u00e4ftsbedingungen von Sportingpedia angesehen.<\/p>\n<h2>Kontaktieren Sie uns<\/h2>\n<p>Sie k\u00f6nnen uns jederzeit kontaktieren, wenn Sie Fragen zu unseren Allgemeinen Gesch\u00e4ftsbedingungen haben oder uns Feedback geben m\u00f6chten. Dies k\u00f6nnen Sie tun, indem Sie unsere <a href=\"http:\/\/www.sportingpedia.com\/contact-us\/\">Kontaktseite<\/a> besuchen.<\/p>\n","protected":false},"excerpt":{"rendered":"<p>Durch den Zugriff auf die Website www.sportingpedia.com akzeptieren Sie automatisch die folgenden Allgemeinen Gesch\u00e4ftsbedingungen. Bitte lesen Sie diese sorgf\u00e4ltig durch, da sie Ihnen helfen, detaillierte Informationen \u00fcber die Website zu erhalten. Zugriff auf die Website Wenn Sie auf die Website zugreifen, stimmen Sie automatisch zu, dass Sportingpedia nicht haftbar gemacht werden kann f\u00fcr eventuelle Fehler, [&hellip;]<\/p>\n","protected":false},"author":1,"featured_media":0,"parent":0,"menu_order":0,"comment_status":"closed","ping_status":"closed","template":"page-nosidebar.php","meta":{"footnotes":""},"class_list":["post-115596","page","type-page","status-publish","hentry"],"yoast_head":"<!-- This site is optimized with the Yoast SEO plugin v26.6 - https:\/\/yoast.com\/wordpress\/plugins\/seo\/ -->\n<title>Gesch\u00e4ftsbedingungen - Sportingpedia - Latest Sports News From All Over the World<\/title>\n<meta name=\"robots\" content=\"noindex, follow\" \/>\n<meta property=\"og:locale\" content=\"de_DE\" \/>\n<meta property=\"og:type\" content=\"article\" \/>\n<meta property=\"og:title\" content=\"Gesch\u00e4ftsbedingungen - Sportingpedia - Latest Sports News From All Over the World\" \/>\n<meta property=\"og:description\" content=\"Durch den Zugriff auf die Website www.sportingpedia.com akzeptieren Sie automatisch die folgenden Allgemeinen Gesch\u00e4ftsbedingungen. Bitte lesen Sie diese sorgf\u00e4ltig durch, da sie Ihnen helfen, detaillierte Informationen \u00fcber die Website zu erhalten. Zugriff auf die Website Wenn Sie auf die Website zugreifen, stimmen Sie automatisch zu, dass Sportingpedia nicht haftbar gemacht werden kann f\u00fcr eventuelle Fehler, [&hellip;]\" \/>\n<meta property=\"og:url\" content=\"https:\/\/www.sportingpedia.com\/de\/terms-and-conditions\/\" \/>\n<meta property=\"og:site_name\" content=\"Sportingpedia - Latest Sports News From All Over the World\" \/>\n<meta property=\"article:modified_time\" content=\"2025-05-19T08:00:20+00:00\" \/>\n<meta name=\"twitter:card\" content=\"summary_large_image\" \/>\n<meta name=\"twitter:label1\" content=\"Gesch\u00e4tzte Lesezeit\" \/>\n\t<meta name=\"twitter:data1\" content=\"2\u00a0Minuten\" \/>\n<script type=\"application\/ld+json\" class=\"yoast-schema-graph\">{\"@context\":\"https:\/\/schema.org\",\"@graph\":[{\"@type\":\"WebPage\",\"@id\":\"https:\/\/www.sportingpedia.com\/de\/terms-and-conditions\/\",\"url\":\"https:\/\/www.sportingpedia.com\/de\/terms-and-conditions\/\",\"name\":\"Gesch\u00e4ftsbedingungen - Sportingpedia - Latest Sports News From All Over the World\",\"isPartOf\":{\"@id\":\"https:\/\/www.sportingpedia.com\/de\/#website\"},\"datePublished\":\"2025-04-10T07:01:43+00:00\",\"dateModified\":\"2025-05-19T08:00:20+00:00\",\"breadcrumb\":{\"@id\":\"https:\/\/www.sportingpedia.com\/de\/terms-and-conditions\/#breadcrumb\"},\"inLanguage\":\"de\",\"potentialAction\":[{\"@type\":\"ReadAction\",\"target\":[\"https:\/\/www.sportingpedia.com\/de\/terms-and-conditions\/\"]}]},{\"@type\":\"BreadcrumbList\",\"@id\":\"https:\/\/www.sportingpedia.com\/de\/terms-and-conditions\/#breadcrumb\",\"itemListElement\":[{\"@type\":\"ListItem\",\"position\":1,\"name\":\"Startseite\",\"item\":\"https:\/\/www.sportingpedia.com\/de\/home-de\/\"},{\"@type\":\"ListItem\",\"position\":2,\"name\":\"Gesch\u00e4ftsbedingungen\"}]},{\"@type\":\"WebSite\",\"@id\":\"https:\/\/www.sportingpedia.com\/de\/#website\",\"url\":\"https:\/\/www.sportingpedia.com\/de\/\",\"name\":\"Sportingpedia - Latest Sports News From All Over the World\",\"description\":\"\",\"publisher\":{\"@id\":\"https:\/\/www.sportingpedia.com\/de\/#organization\"},\"potentialAction\":[{\"@type\":\"SearchAction\",\"target\":{\"@type\":\"EntryPoint\",\"urlTemplate\":\"https:\/\/www.sportingpedia.com\/de\/?s={search_term_string}\"},\"query-input\":{\"@type\":\"PropertyValueSpecification\",\"valueRequired\":true,\"valueName\":\"search_term_string\"}}],\"inLanguage\":\"de\"},{\"@type\":\"Organization\",\"@id\":\"https:\/\/www.sportingpedia.com\/de\/#organization\",\"name\":\"SportingPedia\",\"url\":\"https:\/\/www.sportingpedia.com\/de\/\",\"logo\":{\"@type\":\"ImageObject\",\"inLanguage\":\"de\",\"@id\":\"https:\/\/www.sportingpedia.com\/de\/#\/schema\/logo\/image\/\",\"url\":\"https:\/\/www.sportingpedia.com\/wp-content\/uploads\/2019\/10\/SportingPedia_logo.png\",\"contentUrl\":\"https:\/\/www.sportingpedia.com\/wp-content\/uploads\/2019\/10\/SportingPedia_logo.png\",\"width\":600,\"height\":101,\"caption\":\"SportingPedia\"},\"image\":{\"@id\":\"https:\/\/www.sportingpedia.com\/de\/#\/schema\/logo\/image\/\"}}]}<\/script>\n<!-- \/ Yoast SEO plugin. -->","yoast_head_json":{"title":"Gesch\u00e4ftsbedingungen - Sportingpedia - Latest Sports News From All Over the World","robots":{"index":"noindex","follow":"follow"},"og_locale":"de_DE","og_type":"article","og_title":"Gesch\u00e4ftsbedingungen - Sportingpedia - Latest Sports News From All Over the World","og_description":"Durch den Zugriff auf die Website www.sportingpedia.com akzeptieren Sie automatisch die folgenden Allgemeinen Gesch\u00e4ftsbedingungen. Bitte lesen Sie diese sorgf\u00e4ltig durch, da sie Ihnen helfen, detaillierte Informationen \u00fcber die Website zu erhalten. Zugriff auf die Website Wenn Sie auf die Website zugreifen, stimmen Sie automatisch zu, dass Sportingpedia nicht haftbar gemacht werden kann f\u00fcr eventuelle Fehler, [&hellip;]","og_url":"https:\/\/www.sportingpedia.com\/de\/terms-and-conditions\/","og_site_name":"Sportingpedia - Latest Sports News From All Over the World","article_modified_time":"2025-05-19T08:00:20+00:00","twitter_card":"summary_large_image","twitter_misc":{"Gesch\u00e4tzte Lesezeit":"2\u00a0Minuten"},"schema":{"@context":"https:\/\/schema.org","@graph":[{"@type":"WebPage","@id":"https:\/\/www.sportingpedia.com\/de\/terms-and-conditions\/","url":"https:\/\/www.sportingpedia.com\/de\/terms-and-conditions\/","name":"Gesch\u00e4ftsbedingungen - Sportingpedia - Latest Sports News From All Over the World","isPartOf":{"@id":"https:\/\/www.sportingpedia.com\/de\/#website"},"datePublished":"2025-04-10T07:01:43+00:00","dateModified":"2025-05-19T08:00:20+00:00","breadcrumb":{"@id":"https:\/\/www.sportingpedia.com\/de\/terms-and-conditions\/#breadcrumb"},"inLanguage":"de","potentialAction":[{"@type":"ReadAction","target":["https:\/\/www.sportingpedia.com\/de\/terms-and-conditions\/"]}]},{"@type":"BreadcrumbList","@id":"https:\/\/www.sportingpedia.com\/de\/terms-and-conditions\/#breadcrumb","itemListElement":[{"@type":"ListItem","position":1,"name":"Startseite","item":"https:\/\/www.sportingpedia.com\/de\/home-de\/"},{"@type":"ListItem","position":2,"name":"Gesch\u00e4ftsbedingungen"}]},{"@type":"WebSite","@id":"https:\/\/www.sportingpedia.com\/de\/#website","url":"https:\/\/www.sportingpedia.com\/de\/","name":"Sportingpedia - Latest Sports News From All Over the World","description":"","publisher":{"@id":"https:\/\/www.sportingpedia.com\/de\/#organization"},"potentialAction":[{"@type":"SearchAction","target":{"@type":"EntryPoint","urlTemplate":"https:\/\/www.sportingpedia.com\/de\/?s={search_term_string}"},"query-input":{"@type":"PropertyValueSpecification","valueRequired":true,"valueName":"search_term_string"}}],"inLanguage":"de"},{"@type":"Organization","@id":"https:\/\/www.sportingpedia.com\/de\/#organization","name":"SportingPedia","url":"https:\/\/www.sportingpedia.com\/de\/","logo":{"@type":"ImageObject","inLanguage":"de","@id":"https:\/\/www.sportingpedia.com\/de\/#\/schema\/logo\/image\/","url":"https:\/\/www.sportingpedia.com\/wp-content\/uploads\/2019\/10\/SportingPedia_logo.png","contentUrl":"https:\/\/www.sportingpedia.com\/wp-content\/uploads\/2019\/10\/SportingPedia_logo.png","width":600,"height":101,"caption":"SportingPedia"},"image":{"@id":"https:\/\/www.sportingpedia.com\/de\/#\/schema\/logo\/image\/"}}]}},"_links":{"self":[{"href":"https:\/\/www.sportingpedia.com\/de\/wp-json\/wp\/v2\/pages\/115596","targetHints":{"allow":["GET"]}}],"collection":[{"href":"https:\/\/www.sportingpedia.com\/de\/wp-json\/wp\/v2\/pages"}],"about":[{"href":"https:\/\/www.sportingpedia.com\/de\/wp-json\/wp\/v2\/types\/page"}],"author":[{"embeddable":true,"href":"https:\/\/www.sportingpedia.com\/de\/wp-json\/wp\/v2\/users\/1"}],"replies":[{"embeddable":true,"href":"https:\/\/www.sportingpedia.com\/de\/wp-json\/wp\/v2\/comments?post=115596"}],"version-history":[{"count":1,"href":"https:\/\/www.sportingpedia.com\/de\/wp-json\/wp\/v2\/pages\/115596\/revisions"}],"predecessor-version":[{"id":121153,"href":"https:\/\/www.sportingpedia.com\/de\/wp-json\/wp\/v2\/pages\/115596\/revisions\/121153"}],"wp:attachment":[{"href":"https:\/\/www.sportingpedia.com\/de\/wp-json\/wp\/v2\/media?parent=115596"}],"curies":[{"name":"wp","href":"https:\/\/api.w.org\/{rel}","templated":true}]}}