{"id":115634,"date":"2025-04-10T07:01:52","date_gmt":"2025-04-10T07:01:52","guid":{"rendered":"https:\/\/www.sportingpedia.com\/?page_id=115634"},"modified":"2025-05-19T08:29:25","modified_gmt":"2025-05-19T08:29:25","slug":"deposit","status":"publish","type":"page","link":"https:\/\/www.sportingpedia.com\/de\/deposit\/","title":{"rendered":"Zahlungsmethoden bei Wettanbietern"},"content":{"rendered":"<p>Online-Sportwetten erm\u00f6glichen es Wettenden weltweit, Geld auf verschiedene Sportereignisse zu setzen, von gro\u00dfz\u00fcgigen Aktionen zu profitieren und ein gewinnbringendes Erlebnis zu genie\u00dfen. Wettende k\u00f6nnen das lohnende Wetten in der Gem\u00fctlichkeit ihres Zuhauses genie\u00dfen und einige der besten Quoten f\u00fcr gro\u00dfe Sportarten, Pferderennen und nicht-sportliche Ereignisse finden. Bei der Auswahl des richtigen virtuellen Sportwettenanbieters m\u00fcssen Sie sicherstellen, dass es bequeme M\u00f6glichkeiten gibt, Ihr Guthaben aufzuladen. Wenn Sie wissen m\u00f6chten, welche Zahlungsmethode die schnellste, sicherste und problemloseste Methode ist, um eine Einzahlung bei einem Sportwettenanbieter zu t\u00e4tigen, k\u00f6nnen Sie sich die von uns gepr\u00fcften Zahlungsoptionen ansehen. Wir k\u00f6nnen Ihnen helfen zu entscheiden, welche Wettseite die beste f\u00fcr Sie ist und welche die geeignete M\u00f6glichkeit ist, Ihre Gelder zu verwalten.<\/p>\n<div class=\"grid-fixed-thumbnails\">    <div class=\"row\">\n            <a class=\"col-12 col-sm-6 col-md-4 child-page-thumbnail-wrapper\" href=\"https:\/\/www.sportingpedia.com\/de\/deposit\/ecopayz-betting-sites\/\">\n            <div class=\"col-12 text-center child-page-thumbnail\">\n                <img decoding=\"async\" src=\"https:\/\/www.sportingpedia.com\/wp-content\/uploads\/2022\/02\/ecopayz-featured.svg\" \/>\n                ecoPayz Wettseiten            <\/div>\n        <\/a>\n                    <a class=\"col-12 col-sm-6 col-md-4 child-page-thumbnail-wrapper\" href=\"https:\/\/www.sportingpedia.com\/de\/deposit\/jeton-betting-sites\/\">\n            <div class=\"col-12 text-center child-page-thumbnail\">\n                <img decoding=\"async\" src=\"https:\/\/www.sportingpedia.com\/wp-content\/uploads\/2022\/01\/jeton-featured.svg\" \/>\n                Jeton Wettseiten            <\/div>\n        <\/a>\n                    <a class=\"col-12 col-sm-6 col-md-4 child-page-thumbnail-wrapper\" href=\"https:\/\/www.sportingpedia.com\/de\/deposit\/mifinity-betting-sites\/\">\n            <div class=\"col-12 text-center child-page-thumbnail\">\n                <img decoding=\"async\" src=\"https:\/\/www.sportingpedia.com\/wp-content\/uploads\/2022\/01\/mifinity-featured.svg\" \/>\n                MiFinity Wettseiten            <\/div>\n        <\/a>\n                    <a class=\"col-12 col-sm-6 col-md-4 child-page-thumbnail-wrapper\" href=\"https:\/\/www.sportingpedia.com\/de\/deposit\/muchbetter-betting-sites\/\">\n            <div class=\"col-12 text-center child-page-thumbnail\">\n                <img decoding=\"async\" src=\"https:\/\/www.sportingpedia.com\/wp-content\/uploads\/2022\/01\/much-better.webp\" \/>\n                MuchBetter Wettseiten            <\/div>\n        <\/a>\n                    <a class=\"col-12 col-sm-6 col-md-4 child-page-thumbnail-wrapper\" href=\"https:\/\/www.sportingpedia.com\/de\/deposit\/neteller-betting-sites\/\">\n            <div class=\"col-12 text-center child-page-thumbnail\">\n                <img decoding=\"async\" src=\"https:\/\/www.sportingpedia.com\/wp-content\/uploads\/2022\/01\/neteller.webp\" \/>\n                Neteller Wettseiten            <\/div>\n        <\/a>\n                    <a class=\"col-12 col-sm-6 col-md-4 child-page-thumbnail-wrapper\" href=\"https:\/\/www.sportingpedia.com\/de\/deposit\/apple-pay-betting-sites\/\">\n            <div class=\"col-12 text-center child-page-thumbnail\">\n                <img decoding=\"async\" src=\"https:\/\/www.sportingpedia.com\/wp-content\/uploads\/2022\/01\/apple-pay.webp\" \/>\n                Sportwetten mit Apple Pay            <\/div>\n        <\/a>\n                    <a class=\"col-12 col-sm-6 col-md-4 child-page-thumbnail-wrapper\" href=\"https:\/\/www.sportingpedia.com\/de\/deposit\/bank-wires-betting-sites\/\">\n            <div class=\"col-12 text-center child-page-thumbnail\">\n                <img decoding=\"async\" src=\"https:\/\/www.sportingpedia.com\/wp-content\/uploads\/2022\/01\/bank-transfer-featured.svg\" \/>\n                Sportwetten mit Bank\u00fcberweisung            <\/div>\n        <\/a>\n                    <a class=\"col-12 col-sm-6 col-md-4 child-page-thumbnail-wrapper\" href=\"https:\/\/www.sportingpedia.com\/de\/deposit\/bitcoin-betting-sites\/\">\n            <div class=\"col-12 text-center child-page-thumbnail\">\n                <img decoding=\"async\" src=\"https:\/\/www.sportingpedia.com\/wp-content\/uploads\/2022\/01\/bitcoin.webp\" \/>\n                Sportwetten mit Bitcoin            <\/div>\n        <\/a>\n                    <a class=\"col-12 col-sm-6 col-md-4 child-page-thumbnail-wrapper\" href=\"https:\/\/www.sportingpedia.com\/de\/deposit\/echeck-betting-sites\/\">\n            <div class=\"col-12 text-center child-page-thumbnail\">\n                <img decoding=\"async\" src=\"https:\/\/www.sportingpedia.com\/wp-content\/uploads\/2022\/01\/e-check.webp\" \/>\n                Sportwetten mit eCheck            <\/div>\n        <\/a>\n                    <a class=\"col-12 col-sm-6 col-md-4 child-page-thumbnail-wrapper\" href=\"https:\/\/www.sportingpedia.com\/de\/deposit\/neosurf-betting-sites\/\">\n            <div class=\"col-12 text-center child-page-thumbnail\">\n                <img decoding=\"async\" src=\"https:\/\/www.sportingpedia.com\/wp-content\/uploads\/2022\/01\/neosurf.webp\" \/>\n                Sportwetten mit NeoSurf            <\/div>\n        <\/a>\n                    <a class=\"col-12 col-sm-6 col-md-4 child-page-thumbnail-wrapper\" href=\"https:\/\/www.sportingpedia.com\/de\/deposit\/paypal-betting-sites\/\">\n            <div class=\"col-12 text-center child-page-thumbnail\">\n                <img decoding=\"async\" src=\"https:\/\/www.sportingpedia.com\/wp-content\/uploads\/2022\/01\/paypal.webp\" \/>\n                Sportwetten mit PayPal            <\/div>\n        <\/a>\n                    <a class=\"col-12 col-sm-6 col-md-4 child-page-thumbnail-wrapper\" href=\"https:\/\/www.sportingpedia.com\/de\/deposit\/paysafecard-betting-sites\/\">\n            <div class=\"col-12 text-center child-page-thumbnail\">\n                <img decoding=\"async\" src=\"https:\/\/www.sportingpedia.com\/wp-content\/uploads\/2022\/01\/paysafe-card.webp\" \/>\n                Sportwetten mit Paysafecard            <\/div>\n        <\/a>\n                    <a class=\"col-12 col-sm-6 col-md-4 child-page-thumbnail-wrapper\" href=\"https:\/\/www.sportingpedia.com\/de\/deposit\/prepaid-cards-betting-sites\/\">\n            <div class=\"col-12 text-center child-page-thumbnail\">\n                <img decoding=\"async\" src=\"https:\/\/www.sportingpedia.com\/wp-content\/uploads\/2022\/01\/prepaid-featured.svg\" \/>\n                Sportwetten mit Prepaid-Karten            <\/div>\n        <\/a>\n                    <a class=\"col-12 col-sm-6 col-md-4 child-page-thumbnail-wrapper\" href=\"https:\/\/www.sportingpedia.com\/de\/deposit\/skrill-betting-sites\/\">\n            <div class=\"col-12 text-center child-page-thumbnail\">\n                <img decoding=\"async\" src=\"https:\/\/www.sportingpedia.com\/wp-content\/uploads\/2022\/01\/skrill.webp\" \/>\n                Sportwetten mit Skrill            <\/div>\n        <\/a>\n                    <a class=\"col-12 col-sm-6 col-md-4 child-page-thumbnail-wrapper\" href=\"https:\/\/www.sportingpedia.com\/de\/deposit\/sticpay-betting-sites\/\">\n            <div class=\"col-12 text-center child-page-thumbnail\">\n                <img decoding=\"async\" src=\"https:\/\/www.sportingpedia.com\/wp-content\/uploads\/2022\/01\/sticpay-featured.svg\" \/>\n                Sticpay Wettseiten            <\/div>\n        <\/a>\n                    <a class=\"col-12 col-sm-6 col-md-4 child-page-thumbnail-wrapper\" href=\"https:\/\/www.sportingpedia.com\/de\/deposit\/trustly-betting-sites\/\">\n            <div class=\"col-12 text-center child-page-thumbnail\">\n                <img decoding=\"async\" src=\"https:\/\/www.sportingpedia.com\/wp-content\/uploads\/2022\/01\/trustly-featured.svg\" \/>\n                Trustly Wettseiten            <\/div>\n        <\/a>\n                            <\/div>\n            <\/div>\n","protected":false},"excerpt":{"rendered":"<p>Online-Sportwetten erm\u00f6glichen es Wettenden weltweit, Geld auf verschiedene Sportereignisse zu setzen, von gro\u00dfz\u00fcgigen Aktionen zu profitieren und ein gewinnbringendes Erlebnis zu genie\u00dfen. Wettende k\u00f6nnen das lohnende Wetten in der Gem\u00fctlichkeit ihres Zuhauses genie\u00dfen und einige der besten Quoten f\u00fcr gro\u00dfe Sportarten, Pferderennen und nicht-sportliche Ereignisse finden. Bei der Auswahl des richtigen virtuellen Sportwettenanbieters m\u00fcssen Sie [&hellip;]<\/p>\n","protected":false},"author":1,"featured_media":0,"parent":0,"menu_order":0,"comment_status":"closed","ping_status":"closed","template":"template-payment-method.php","meta":{"footnotes":""},"class_list":["post-115634","page","type-page","status-publish","hentry"],"yoast_head":"<!-- This site is optimized with the Yoast SEO plugin v26.6 - https:\/\/yoast.com\/wordpress\/plugins\/seo\/ -->\n<title>Sportwetten-Banking \u2013 Vertrauensw\u00fcrdige Einzahlungs- und Auszahlungsmethoden f\u00fcr Online-Wetten<\/title>\n<meta name=\"description\" content=\"Einzahlungen und Abhebungen von Ihrem Sportwettenkonto sind f\u00fcr jeden Wettenden unerl\u00e4sslich. Hier ist eine Liste der zuverl\u00e4ssigsten Zahlungsmethoden, die f\u00fcr Online-Wetten verwendet werden.\" \/>\n<meta name=\"robots\" content=\"index, follow, max-snippet:-1, max-image-preview:large, max-video-preview:-1\" \/>\n<link rel=\"canonical\" href=\"https:\/\/www.sportingpedia.com\/de\/deposit\/\" \/>\n<meta property=\"og:locale\" content=\"de_DE\" \/>\n<meta property=\"og:type\" content=\"article\" \/>\n<meta property=\"og:title\" content=\"Sportwetten-Banking \u2013 Vertrauensw\u00fcrdige Einzahlungs- und Auszahlungsmethoden f\u00fcr Online-Wetten\" \/>\n<meta property=\"og:description\" content=\"Einzahlungen und Abhebungen von Ihrem Sportwettenkonto sind f\u00fcr jeden Wettenden unerl\u00e4sslich. Hier ist eine Liste der zuverl\u00e4ssigsten Zahlungsmethoden, die f\u00fcr Online-Wetten verwendet werden.\" \/>\n<meta property=\"og:url\" content=\"https:\/\/www.sportingpedia.com\/de\/deposit\/\" \/>\n<meta property=\"og:site_name\" content=\"Sportingpedia - Latest Sports News From All Over the World\" \/>\n<meta property=\"article:modified_time\" content=\"2025-05-19T08:29:25+00:00\" \/>\n<meta name=\"twitter:card\" content=\"summary_large_image\" \/>\n<meta name=\"twitter:label1\" content=\"Gesch\u00e4tzte Lesezeit\" \/>\n\t<meta name=\"twitter:data1\" content=\"1\u00a0Minute\" \/>\n<script type=\"application\/ld+json\" class=\"yoast-schema-graph\">{\"@context\":\"https:\/\/schema.org\",\"@graph\":[{\"@type\":\"WebPage\",\"@id\":\"https:\/\/www.sportingpedia.com\/de\/deposit\/\",\"url\":\"https:\/\/www.sportingpedia.com\/de\/deposit\/\",\"name\":\"Sportwetten-Banking \u2013 Vertrauensw\u00fcrdige Einzahlungs- und Auszahlungsmethoden f\u00fcr Online-Wetten\",\"isPartOf\":{\"@id\":\"https:\/\/www.sportingpedia.com\/de\/#website\"},\"datePublished\":\"2025-04-10T07:01:52+00:00\",\"dateModified\":\"2025-05-19T08:29:25+00:00\",\"description\":\"Einzahlungen und Abhebungen von Ihrem Sportwettenkonto sind f\u00fcr jeden Wettenden unerl\u00e4sslich. Hier ist eine Liste der zuverl\u00e4ssigsten Zahlungsmethoden, die f\u00fcr Online-Wetten verwendet werden.\",\"breadcrumb\":{\"@id\":\"https:\/\/www.sportingpedia.com\/de\/deposit\/#breadcrumb\"},\"inLanguage\":\"de\",\"potentialAction\":[{\"@type\":\"ReadAction\",\"target\":[\"https:\/\/www.sportingpedia.com\/de\/deposit\/\"]}]},{\"@type\":\"BreadcrumbList\",\"@id\":\"https:\/\/www.sportingpedia.com\/de\/deposit\/#breadcrumb\",\"itemListElement\":[{\"@type\":\"ListItem\",\"position\":1,\"name\":\"Startseite\",\"item\":\"https:\/\/www.sportingpedia.com\/de\/home-de\/\"},{\"@type\":\"ListItem\",\"position\":2,\"name\":\"Zahlungsmethoden bei Wettanbietern\"}]},{\"@type\":\"WebSite\",\"@id\":\"https:\/\/www.sportingpedia.com\/de\/#website\",\"url\":\"https:\/\/www.sportingpedia.com\/de\/\",\"name\":\"Sportingpedia - Latest Sports News From All Over the World\",\"description\":\"\",\"publisher\":{\"@id\":\"https:\/\/www.sportingpedia.com\/de\/#organization\"},\"potentialAction\":[{\"@type\":\"SearchAction\",\"target\":{\"@type\":\"EntryPoint\",\"urlTemplate\":\"https:\/\/www.sportingpedia.com\/de\/?s={search_term_string}\"},\"query-input\":{\"@type\":\"PropertyValueSpecification\",\"valueRequired\":true,\"valueName\":\"search_term_string\"}}],\"inLanguage\":\"de\"},{\"@type\":\"Organization\",\"@id\":\"https:\/\/www.sportingpedia.com\/de\/#organization\",\"name\":\"SportingPedia\",\"url\":\"https:\/\/www.sportingpedia.com\/de\/\",\"logo\":{\"@type\":\"ImageObject\",\"inLanguage\":\"de\",\"@id\":\"https:\/\/www.sportingpedia.com\/de\/#\/schema\/logo\/image\/\",\"url\":\"https:\/\/www.sportingpedia.com\/wp-content\/uploads\/2019\/10\/SportingPedia_logo.png\",\"contentUrl\":\"https:\/\/www.sportingpedia.com\/wp-content\/uploads\/2019\/10\/SportingPedia_logo.png\",\"width\":600,\"height\":101,\"caption\":\"SportingPedia\"},\"image\":{\"@id\":\"https:\/\/www.sportingpedia.com\/de\/#\/schema\/logo\/image\/\"}}]}<\/script>\n<!-- \/ Yoast SEO plugin. -->","yoast_head_json":{"title":"Sportwetten-Banking \u2013 Vertrauensw\u00fcrdige Einzahlungs- und Auszahlungsmethoden f\u00fcr Online-Wetten","description":"Einzahlungen und Abhebungen von Ihrem Sportwettenkonto sind f\u00fcr jeden Wettenden unerl\u00e4sslich. Hier ist eine Liste der zuverl\u00e4ssigsten Zahlungsmethoden, die f\u00fcr Online-Wetten verwendet werden.","robots":{"index":"index","follow":"follow","max-snippet":"max-snippet:-1","max-image-preview":"max-image-preview:large","max-video-preview":"max-video-preview:-1"},"canonical":"https:\/\/www.sportingpedia.com\/de\/deposit\/","og_locale":"de_DE","og_type":"article","og_title":"Sportwetten-Banking \u2013 Vertrauensw\u00fcrdige Einzahlungs- und Auszahlungsmethoden f\u00fcr Online-Wetten","og_description":"Einzahlungen und Abhebungen von Ihrem Sportwettenkonto sind f\u00fcr jeden Wettenden unerl\u00e4sslich. Hier ist eine Liste der zuverl\u00e4ssigsten Zahlungsmethoden, die f\u00fcr Online-Wetten verwendet werden.","og_url":"https:\/\/www.sportingpedia.com\/de\/deposit\/","og_site_name":"Sportingpedia - Latest Sports News From All Over the World","article_modified_time":"2025-05-19T08:29:25+00:00","twitter_card":"summary_large_image","twitter_misc":{"Gesch\u00e4tzte Lesezeit":"1\u00a0Minute"},"schema":{"@context":"https:\/\/schema.org","@graph":[{"@type":"WebPage","@id":"https:\/\/www.sportingpedia.com\/de\/deposit\/","url":"https:\/\/www.sportingpedia.com\/de\/deposit\/","name":"Sportwetten-Banking \u2013 Vertrauensw\u00fcrdige Einzahlungs- und Auszahlungsmethoden f\u00fcr Online-Wetten","isPartOf":{"@id":"https:\/\/www.sportingpedia.com\/de\/#website"},"datePublished":"2025-04-10T07:01:52+00:00","dateModified":"2025-05-19T08:29:25+00:00","description":"Einzahlungen und Abhebungen von Ihrem Sportwettenkonto sind f\u00fcr jeden Wettenden unerl\u00e4sslich. Hier ist eine Liste der zuverl\u00e4ssigsten Zahlungsmethoden, die f\u00fcr Online-Wetten verwendet werden.","breadcrumb":{"@id":"https:\/\/www.sportingpedia.com\/de\/deposit\/#breadcrumb"},"inLanguage":"de","potentialAction":[{"@type":"ReadAction","target":["https:\/\/www.sportingpedia.com\/de\/deposit\/"]}]},{"@type":"BreadcrumbList","@id":"https:\/\/www.sportingpedia.com\/de\/deposit\/#breadcrumb","itemListElement":[{"@type":"ListItem","position":1,"name":"Startseite","item":"https:\/\/www.sportingpedia.com\/de\/home-de\/"},{"@type":"ListItem","position":2,"name":"Zahlungsmethoden bei Wettanbietern"}]},{"@type":"WebSite","@id":"https:\/\/www.sportingpedia.com\/de\/#website","url":"https:\/\/www.sportingpedia.com\/de\/","name":"Sportingpedia - Latest Sports News From All Over the World","description":"","publisher":{"@id":"https:\/\/www.sportingpedia.com\/de\/#organization"},"potentialAction":[{"@type":"SearchAction","target":{"@type":"EntryPoint","urlTemplate":"https:\/\/www.sportingpedia.com\/de\/?s={search_term_string}"},"query-input":{"@type":"PropertyValueSpecification","valueRequired":true,"valueName":"search_term_string"}}],"inLanguage":"de"},{"@type":"Organization","@id":"https:\/\/www.sportingpedia.com\/de\/#organization","name":"SportingPedia","url":"https:\/\/www.sportingpedia.com\/de\/","logo":{"@type":"ImageObject","inLanguage":"de","@id":"https:\/\/www.sportingpedia.com\/de\/#\/schema\/logo\/image\/","url":"https:\/\/www.sportingpedia.com\/wp-content\/uploads\/2019\/10\/SportingPedia_logo.png","contentUrl":"https:\/\/www.sportingpedia.com\/wp-content\/uploads\/2019\/10\/SportingPedia_logo.png","width":600,"height":101,"caption":"SportingPedia"},"image":{"@id":"https:\/\/www.sportingpedia.com\/de\/#\/schema\/logo\/image\/"}}]}},"_links":{"self":[{"href":"https:\/\/www.sportingpedia.com\/de\/wp-json\/wp\/v2\/pages\/115634","targetHints":{"allow":["GET"]}}],"collection":[{"href":"https:\/\/www.sportingpedia.com\/de\/wp-json\/wp\/v2\/pages"}],"about":[{"href":"https:\/\/www.sportingpedia.com\/de\/wp-json\/wp\/v2\/types\/page"}],"author":[{"embeddable":true,"href":"https:\/\/www.sportingpedia.com\/de\/wp-json\/wp\/v2\/users\/1"}],"replies":[{"embeddable":true,"href":"https:\/\/www.sportingpedia.com\/de\/wp-json\/wp\/v2\/comments?post=115634"}],"version-history":[{"count":1,"href":"https:\/\/www.sportingpedia.com\/de\/wp-json\/wp\/v2\/pages\/115634\/revisions"}],"predecessor-version":[{"id":121281,"href":"https:\/\/www.sportingpedia.com\/de\/wp-json\/wp\/v2\/pages\/115634\/revisions\/121281"}],"wp:attachment":[{"href":"https:\/\/www.sportingpedia.com\/de\/wp-json\/wp\/v2\/media?parent=115634"}],"curies":[{"name":"wp","href":"https:\/\/api.w.org\/{rel}","templated":true}]}}