{"id":115644,"date":"2025-04-10T07:01:54","date_gmt":"2025-04-10T07:01:54","guid":{"rendered":"https:\/\/www.sportingpedia.com\/?page_id=115644"},"modified":"2025-05-20T09:06:11","modified_gmt":"2025-05-20T09:06:11","slug":"how-to-place-a-bet-in-a-betting-shop","status":"publish","type":"page","link":"https:\/\/www.sportingpedia.com\/de\/football-betting\/how-to-place-a-bet-in-a-betting-shop\/","title":{"rendered":"Wie man in einem Wettb\u00fcro eine Wette platziert"},"content":{"rendered":"<p><img decoding=\"async\" src=\"http:\/\/www.sportingpedia.com\/wp-content\/uploads\/2021\/02\/football-betting-how-to-place-a-bet.svg\" alt=\"Wie man eine Wette in einem Wettb\u00fcro platziert\" class=\"alignleft\" \/>Es ist fair zu sagen, dass sich derzeit viele Fu\u00dfballwetter f\u00fcr interaktive Buchmacher entscheiden, haupts\u00e4chlich weil sie ihnen mehr Bequemlichkeit und Flexibilit\u00e4t bieten. Tats\u00e4chlich k\u00f6nnten <strong>Tipper inzwischen festgestellt haben, dass die Suche nach einem geeigneten Sportwettenanbieter viel Aufwand erfordern kann<\/strong>.<\/p>\n\n<ol class=\"bookies-grid\">\r\n\t<li>\r\n\t\t<a rel=\"nofollow\" target=\"_blank\" href=\"\/out\/mybookie?au&#x3D;138&amp;bp&#x3D;1\"<\/a>\r\n\t\t\t<figure>\r\n\t\t\t  \t<img decoding=\"async\" src=\"https:\/\/www.sportingpedia.com\/wp-content\/uploads\/logos\/lg-mybookie-logo.jpg\" width=\"110\" height=\"55\">\r\n\t\t\t<\/figure>\r\n\r\n\t\t\t<div>\r\n\t\t\t  \t<span class=\"bookie-name\">MyBookie<\/span>\r\n\r\n\t\t\t  \t<span class=\"bookie-rating\">Rating: 4.9 <b>&starf;<\/b><\/span>\r\n\t\t\t<\/div>\r\n\t\t<\/a>\r\n\t<\/li>\r\n\t<li>\r\n\t\t<a rel=\"nofollow\" target=\"_blank\" href=\"\/out\/bovada?au&#x3D;138&amp;bp&#x3D;2\"<\/a>\r\n\t\t\t<figure>\r\n\t\t\t  \t<img decoding=\"async\" src=\"https:\/\/www.sportingpedia.com\/wp-content\/uploads\/logos\/lg-bovada-logo.jpg\" width=\"110\" height=\"55\">\r\n\t\t\t<\/figure>\r\n\r\n\t\t\t<div>\r\n\t\t\t  \t<span class=\"bookie-name\">Bovada<\/span>\r\n\r\n\t\t\t  \t<span class=\"bookie-rating\">Rating: 4.8 <b>&starf;<\/b><\/span>\r\n\t\t\t<\/div>\r\n\t\t<\/a>\r\n\t<\/li>\r\n\t<li>\r\n\t\t<a rel=\"nofollow\" target=\"_blank\" href=\"\/out\/xbet?au&#x3D;138&amp;bp&#x3D;3\"<\/a>\r\n\t\t\t<figure>\r\n\t\t\t  \t<img decoding=\"async\" src=\"https:\/\/www.sportingpedia.com\/wp-content\/uploads\/logos\/lg-xbet-logo.jpg\" width=\"110\" height=\"55\">\r\n\t\t\t<\/figure>\r\n\r\n\t\t\t<div>\r\n\t\t\t  \t<span class=\"bookie-name\">XBet<\/span>\r\n\r\n\t\t\t  \t<span class=\"bookie-rating\">Rating: 4.7 <b>&starf;<\/b><\/span>\r\n\t\t\t<\/div>\r\n\t\t<\/a>\r\n\t<\/li>\r\n\t<li>\r\n\t\t<a rel=\"nofollow\" target=\"_blank\" href=\"\/out\/intertops?au&#x3D;138&amp;bp&#x3D;4\"<\/a>\r\n\t\t\t<figure>\r\n\t\t\t  \t<img decoding=\"async\" src=\"https:\/\/www.sportingpedia.com\/wp-content\/uploads\/logos\/lg-everygame-logo.webp\" width=\"110\" height=\"55\">\r\n\t\t\t<\/figure>\r\n\r\n\t\t\t<div>\r\n\t\t\t  \t<span class=\"bookie-name\">Everygame<\/span>\r\n\r\n\t\t\t  \t<span class=\"bookie-rating\">Rating: 4.6 <b>&starf;<\/b><\/span>\r\n\t\t\t<\/div>\r\n\t\t<\/a>\r\n\t<\/li>\r\n\t<li>\r\n\t\t<a rel=\"nofollow\" target=\"_blank\" href=\"\/out\/betusr?au&#x3D;138&amp;bp&#x3D;5\"<\/a>\r\n\t\t\t<figure>\r\n\t\t\t  \t<img decoding=\"async\" src=\"https:\/\/www.sportingpedia.com\/wp-content\/uploads\/logos\/lg-betusr-logo.jpg\" width=\"110\" height=\"55\">\r\n\t\t\t<\/figure>\r\n\r\n\t\t\t<div>\r\n\t\t\t  \t<span class=\"bookie-name\">BetUSR<\/span>\r\n\r\n\t\t\t  \t<span class=\"bookie-rating\">Rating: 4.5 <b>&starf;<\/b><\/span>\r\n\t\t\t<\/div>\r\n\t\t<\/a>\r\n\t<\/li>\r\n\t<li>\r\n\t\t<a rel=\"nofollow\" target=\"_blank\" href=\"\/out\/vave?au&#x3D;138&amp;bp&#x3D;6\"<\/a>\r\n\t\t\t<figure>\r\n\t\t\t  \t<img decoding=\"async\" src=\"https:\/\/www.sportingpedia.com\/wp-content\/uploads\/logos\/lg-vave-logo.webp\" width=\"110\" height=\"55\">\r\n\t\t\t<\/figure>\r\n\r\n\t\t\t<div>\r\n\t\t\t  \t<span class=\"bookie-name\">Vave<\/span>\r\n\r\n\t\t\t  \t<span class=\"bookie-rating\">Rating: 4.4 <b>&starf;<\/b><\/span>\r\n\t\t\t<\/div>\r\n\t\t<\/a>\r\n\t<\/li>\r\n<\/ol><script>\n  setTimeout(function(){\n    if(!document.getElementById('JasHAAffsaMosaAdsANa2i')) {\n      jQuery('a[target=\"_blank\"]').removeAttr('target');\n    }\n  }, 1000);\n<\/script>\n\n<p>Unabh\u00e4ngig von der hektischen Lebensweise, die die meisten von uns f\u00fchren, <strong>ziehen es viele Gl\u00fccksspielbegeisterte vor, weiterhin Echtgeldeins\u00e4tze in den sogenannten Wettb\u00fcros zu platzieren<\/strong>. Obwohl dies Ihnen vielleicht als eine ziemlich altmodische Art erscheint, auf Fu\u00dfball zu setzen, gehen viele Wetter immer noch gerne pers\u00f6nlich in ein Wettb\u00fcro und f\u00fcllen ihren Wettschein selbst aus. Wenn dies auch auf Sie zutrifft, Ihnen jedoch noch die n\u00f6tige Erfahrung und das Wissen fehlen, lesen Sie einfach weiter unten und Sie werden eine Anleitung zum Wetten in Wettb\u00fcros erhalten.<\/p>\n<h2 id=\"shops\">Was sind Wettb\u00fcros<\/h2>\n<p><img decoding=\"async\" src=\"http:\/\/www.sportingpedia.com\/wp-content\/uploads\/2021\/02\/football-betting-how-to-place-a-bet_what-are-betting-slips.svg\" alt=\"Was sind Wettb\u00fcros\" width=\"300\" class=\"alignleft \" \/>Selbst wenn Sie nicht viel Erfahrung im Wetten auf Sport haben, haben Sie vielleicht bemerkt, dass Wettb\u00fcros in bestimmten Teilen der Welt, wie dem Vereinigten K\u00f6nigreich, zu einer festen Gr\u00f6\u00dfe geworden sind. Tats\u00e4chlich <strong>sind Wettb\u00fcros Orte, an denen Gl\u00fccksspielbegeisterte Eins\u00e4tze auf ihre bevorzugten Sportarten<\/strong>, einschlie\u00dflich Fu\u00dfball, pers\u00f6nlich platzieren k\u00f6nnen. Diese Orte befinden sich abseits von Rennstrecken, weshalb diese Form des Gl\u00fccksspiels auch als Off-Course-Wetten bezeichnet wird.<\/p>\n<p>Im Wesentlichen <strong>begann alles im 19. Jahrhundert, als Pferderennen gro\u00dfe Zuschauermengen und \u00fcberw\u00e4ltigende Wettaktivit\u00e4ten anzogen<\/strong>. Nach und nach verbreitete sich diese Praxis in anderen L\u00e4ndern, einschlie\u00dflich der Vereinigten Staaten von Amerika, wo das Wetten auf Sport zu einer beliebten Unterhaltungsquelle wurde. So setzte sich das Gl\u00fccksspiel auf Sport fort, an Schwung zu gewinnen und zu einer zunehmend beliebten Art der Unterhaltung zu werden.<\/p>\n<p>Es ist wichtig zu beachten, dass Off-Course-Wetten in einigen L\u00e4ndern wie dem Vereinigten K\u00f6nigreich urspr\u00fcnglich illegal waren, und <strong>Gl\u00fccksspieler waren nur an den Rennstrecken zugelassen, ihre Eins\u00e4tze zu machen<\/strong>. Derzeit hat sich der Zustand der Dinge stark verbessert, da Fu\u00dfballwettende die M\u00f6glichkeit haben, mit einer gro\u00dfen Anzahl von lizenzierten Buchmachern Wetten mit echtem Geld abzuschlie\u00dfen.<\/p>\n<p>Viele Gl\u00fccksspielbegeisterte finden das Wetten in einem Wettb\u00fcro viel verlockender als das Wetten \u00fcber das Internet, haupts\u00e4chlich wegen des unvergleichlichen Gef\u00fchls, das sie bekommen. Eines der besten Dinge an Wettb\u00fcros bleibt, dass sie den Wettenden die Chance geben, das Fu\u00dfballspiel, auf das sie gewettet haben, live zu verfolgen und auch aktuelle Informationen zu nutzen.<\/p>\n<h2 id=\"placing\">Abgabe einer Fu\u00dfballwette in einem Wettb\u00fcro<\/h2>\n<p><img decoding=\"async\" src=\"http:\/\/www.sportingpedia.com\/wp-content\/uploads\/2021\/02\/football-betting-how-to-place-a-bet_placing-football-bet.svg\" alt=\"Abgabe einer Fu\u00dfballwette in einem Wettb\u00fcro\" width=\"300\" class=\"alignleft\" \/>Selbst wenn du noch nie zuvor eine Fu\u00dfballwette in einem Wettb\u00fcro abgegeben hast, brauchst du dir keine Sorgen machen, da es nichts Verwirrendes oder Kompliziertes daran gibt. Nat\u00fcrlich solltest du <strong>vor dem Einstieg in das Fu\u00dfballwetten<\/strong> sicherstellen, dass du dich mit den verschiedenen Wettarten, aus denen du beim Wetten auf Fu\u00dfball w\u00e4hlen kannst, vertraut gemacht hast.<\/p>\n<p>Es ist richtig zu sagen, dass das genaue Ergebnis eine der beliebten Arten bleibt, auf Fu\u00dfball zu wetten. Wie der Name schon andeutet, wetten Fu\u00dfballfans auf das genaue Ergebnis, mit dem das Spiel enden wird. Abgesehen davon k\u00f6nnen <strong>Fu\u00dfballliebhaber auch darauf setzen, dass das Spiel in einem Unentschieden endet<\/strong> oder auf das Team setzen, von dem sie glauben, dass es siegreich sein wird.<\/p>\n<p>Handicap-Wetten sind eine weitere h\u00e4ufige Art, auf Fu\u00dfball zu wetten, die auf den ersten Blick etwas verwirrend erscheinen k\u00f6nnte, weil den Teams m\u00f6glicherweise zus\u00e4tzliche Tore vergeben oder im Gegenteil Tore abgezogen werden. <strong>Kombiwetten sind ebenfalls eine beliebte Art, in Wettb\u00fcros auf Fu\u00dfball zu setzen<\/strong>. Dabei sollten Wettende jedoch daran denken, dass solche Wetten aus mehreren Eins\u00e4tzen bestehen, die alle gewonnen werden m\u00fcssen. Fu\u00dfballfans haben auch die M\u00f6glichkeit, darauf zu setzen, ob beide Teams ein Tor erzielen oder keines von beiden trifft. Sie k\u00f6nnen auch darauf setzen, welcher Spieler als Erster ein Tor erzielen wird, und so weiter.<\/p>\n<p>Sobald du grundlegendes Wissen \u00fcber die Hauptarten von Wetten gewonnen hast, aus denen du beim Fu\u00dfballwetten w\u00e4hlen kannst, kannst du mit der Abgabe deines Einsatzes auf das bevorzugte Ereignis fortfahren. Um dies zu tun, <strong>solltest du au\u00dferdem sicherstellen, dass du wei\u00dft, was Wettscheine sind<\/strong> und wie du sie korrekt ausf\u00fcllst.<\/p>\n<h2 id=\"slips\">Was sind Wettzettel und wie man sie ausf\u00fcllt<\/h2>\n<p><img decoding=\"async\" src=\"http:\/\/www.sportingpedia.com\/wp-content\/uploads\/2021\/02\/football-betting-how-to-place-a-bet_what-are-sports-betting-shops.svg\" alt=\"Was sind Wettzettel und wie man sie ausf\u00fcllt\" class=\"alignleft\" \/>Vielleicht freuen sich Gl\u00fccksspiel-Enthusiasten, wenn sie herausfinden, dass <strong>das Ausf\u00fcllen eines Sportwettenzettels sehr einfach ist und nicht viel Fachwissen erfordert<\/strong>. Um eine Fu\u00dfballwette in einem Wettb\u00fcro zu platzieren, ben\u00f6tigen Sie zun\u00e4chst einen Wettzettel.<\/p>\n<p>Die gute Nachricht ist, dass <strong>der Gro\u00dfteil der Wettb\u00fcros vorbedruckte Wettzettel anbietet<\/strong>. Am besten ist, dass solche Zettel Anleitungen enthalten, die Ihnen helfen, Ihren Wettzettel richtig auszuf\u00fcllen. So k\u00f6nnen Sie herausfinden, wo Sie ein Kreuz setzen sollten, um Ihren bevorzugten Wetttyp zu w\u00e4hlen. Au\u00dferdem verf\u00fcgen einige Wettzettel auch \u00fcber Felder, die die verschiedenen Geldbetr\u00e4ge anzeigen, die Wettende setzen d\u00fcrfen.<\/p>\n<p><strong>Fu\u00dfballwettende sollten sich auch bewusst sein, dass es auch leere Wettzettel gibt<\/strong>. Sie m\u00fcssen einfach das Ergebnis niederschreiben, das Sie f\u00fcr am wahrscheinlichsten halten, zum Beispiel, dass Chelsea gegen Arsenal 2:1 gewinnt. Sobald Sie die Quoten \u00fcberpr\u00fcft und notiert haben, m\u00fcssen Sie einfach ein \u201eC\u201c um sie herum schreiben. Der n\u00e4chste Schritt ist, den Betrag anzugeben, den Sie einsetzen m\u00f6chten. Wenn Sie dies getan haben, m\u00fcssen Sie einfach Ihren Wettzettel an den Kassierer geben. Gl\u00fccksspiel-Enthusiasten sollten sicherstellen, dass sie ihre Quittung nicht verlieren, da sie sonst ihre Gewinne nicht einl\u00f6sen k\u00f6nnen.<\/p>\n<h2 id=\"online\">Online- oder Offline-Fu\u00dfballwetten<\/h2>\n<p><img decoding=\"async\" src=\"http:\/\/www.sportingpedia.com\/wp-content\/uploads\/2021\/02\/football-betting-how-to-place-a-bet_online-or-offline.svg\" alt=\"Online- oder Offline-Fu\u00dfballwetten\" class=\"alignleft \" \/>Da Sie nun mit dem gesamten Verfahren vertraut sind, das Sie einhalten m\u00fcssen, um eine Fu\u00dfballwette in einem Wettb\u00fcro zu platzieren, wird es f\u00fcr Sie viel einfacher sein, die <strong>Vor- und Nachteile jeder Wettmethode<\/strong> zu beurteilen.<\/p>\n<p>Vielleicht haben Sie bereits herausgefunden, dass das Wetten in einem Wettb\u00fcro bestimmte Anstrengungen erfordert, w\u00e4hrend <strong>das Wetten \u00fcber das Internet viel einfacher ist<\/strong>. Es stimmt, dass einer der gr\u00f6\u00dften Vorteile von Online-Fu\u00dfballwetten die beispiellose Bequemlichkeit ist, die den Spielern geboten wird. Dar\u00fcber hinaus ist es sehr unwahrscheinlich, dass sie auf Schwierigkeiten sto\u00dfen, wenn sie ihre Eins\u00e4tze machen, da der gesamte Prozess extrem vereinfacht ist.<\/p>\n<p>Ein weiterer gro\u00dfer Vorteil von Online-Fu\u00dfballwetten ist, dass <strong>den Spielern in den meisten F\u00e4llen eine breite Auswahl an Boni und Aktionen zur Auswahl steht<\/strong>, was bei Wettb\u00fcros oft nicht der Fall ist.<\/p>\n<p>Offline-Wetten haben ebenfalls mehrere unbestreitbare Vorteile. Vielleicht ist der Hauptgrund, warum so viele Fu\u00dfballfans Wettb\u00fcros ihren interaktiven Pendants vorziehen, das un\u00fcbertroffene Gef\u00fchl, das sie dort bekommen. Wie sich herausstellt, sind Gl\u00fccksspielbegeisterte \u00fcberaus leidenschaftlich, wenn sie sich an solchen Orten aufhalten, was erkl\u00e4rt, warum sie immer noch fest entschlossen sind, ihre Eins\u00e4tze in Wettb\u00fcros zu platzieren.<\/p>\n<p>Abgesehen von der gro\u00dfartigen Atmosph\u00e4re denken viele Spieler, dass die Quoten, die ihnen in Wettb\u00fcros angeboten werden, viel vorteilhafter sind im Vergleich zu den Quoten, die auf den meisten interaktiven Fu\u00dfballwettenseiten zu finden sind.<\/p>\n<p>Letztendlich <strong>k\u00f6nnten Fu\u00dfballfans ausprobieren, sowohl offline als auch online zu wetten<\/strong>, um herauszufinden, welche Option am besten zu ihren Vorlieben und ihrem Spielstil passt.<\/p>\n","protected":false},"excerpt":{"rendered":"<p>Es ist fair zu sagen, dass sich derzeit viele Fu\u00dfballwetter f\u00fcr interaktive Buchmacher entscheiden, haupts\u00e4chlich weil sie ihnen mehr Bequemlichkeit und Flexibilit\u00e4t bieten. Tats\u00e4chlich k\u00f6nnten Tipper inzwischen festgestellt haben, dass die Suche nach einem geeigneten Sportwettenanbieter viel Aufwand erfordern kann. Unabh\u00e4ngig von der hektischen Lebensweise, die die meisten von uns f\u00fchren, ziehen es viele Gl\u00fccksspielbegeisterte [&hellip;]<\/p>\n","protected":false},"author":8,"featured_media":0,"parent":115635,"menu_order":0,"comment_status":"closed","ping_status":"closed","template":"template-guide-page.php","meta":{"footnotes":""},"class_list":["post-115644","page","type-page","status-publish","hentry"],"yoast_head":"<!-- This site is optimized with the Yoast SEO plugin v26.6 - https:\/\/yoast.com\/wordpress\/plugins\/seo\/ -->\n<title>Wie man eine Wette auf Fu\u00dfball in einem Wettb\u00fcro platziert<\/title>\n<meta name=\"description\" content=\"Vielleicht haben Sie bereits herausgefunden, dass das Wetten auf Fu\u00dfball in einem Wettb\u00fcro bestimmte Anstrengungen erfordert, w\u00e4hrend das Wetten im Internet gleichzeitig viel einfacher ist.\" \/>\n<meta name=\"robots\" content=\"index, follow, max-snippet:-1, max-image-preview:large, max-video-preview:-1\" \/>\n<link rel=\"canonical\" href=\"https:\/\/www.sportingpedia.com\/de\/football-betting\/how-to-place-a-bet-in-a-betting-shop\/\" \/>\n<meta property=\"og:locale\" content=\"de_DE\" \/>\n<meta property=\"og:type\" content=\"article\" \/>\n<meta property=\"og:title\" content=\"Wie man eine Wette auf Fu\u00dfball in einem Wettb\u00fcro platziert\" \/>\n<meta property=\"og:description\" content=\"Vielleicht haben Sie bereits herausgefunden, dass das Wetten auf Fu\u00dfball in einem Wettb\u00fcro bestimmte Anstrengungen erfordert, w\u00e4hrend das Wetten im Internet gleichzeitig viel einfacher ist.\" \/>\n<meta property=\"og:url\" content=\"https:\/\/www.sportingpedia.com\/de\/football-betting\/how-to-place-a-bet-in-a-betting-shop\/\" \/>\n<meta property=\"og:site_name\" content=\"Sportingpedia - Latest Sports News From All Over the World\" \/>\n<meta property=\"article:modified_time\" content=\"2025-05-20T09:06:11+00:00\" \/>\n<meta property=\"og:image\" content=\"http:\/\/www.sportingpedia.com\/wp-content\/uploads\/2021\/02\/football-betting-how-to-place-a-bet.svg\" \/>\n<meta name=\"twitter:card\" content=\"summary_large_image\" \/>\n<meta name=\"twitter:label1\" content=\"Gesch\u00e4tzte Lesezeit\" \/>\n\t<meta name=\"twitter:data1\" content=\"6\u00a0Minuten\" \/>\n<script type=\"application\/ld+json\" class=\"yoast-schema-graph\">{\"@context\":\"https:\/\/schema.org\",\"@graph\":[{\"@type\":\"WebPage\",\"@id\":\"https:\/\/www.sportingpedia.com\/de\/football-betting\/how-to-place-a-bet-in-a-betting-shop\/\",\"url\":\"https:\/\/www.sportingpedia.com\/de\/football-betting\/how-to-place-a-bet-in-a-betting-shop\/\",\"name\":\"Wie man eine Wette auf Fu\u00dfball in einem Wettb\u00fcro platziert\",\"isPartOf\":{\"@id\":\"https:\/\/www.sportingpedia.com\/de\/#website\"},\"primaryImageOfPage\":{\"@id\":\"https:\/\/www.sportingpedia.com\/de\/football-betting\/how-to-place-a-bet-in-a-betting-shop\/#primaryimage\"},\"image\":{\"@id\":\"https:\/\/www.sportingpedia.com\/de\/football-betting\/how-to-place-a-bet-in-a-betting-shop\/#primaryimage\"},\"thumbnailUrl\":\"http:\/\/www.sportingpedia.com\/wp-content\/uploads\/2021\/02\/football-betting-how-to-place-a-bet.svg\",\"datePublished\":\"2025-04-10T07:01:54+00:00\",\"dateModified\":\"2025-05-20T09:06:11+00:00\",\"description\":\"Vielleicht haben Sie bereits herausgefunden, dass das Wetten auf Fu\u00dfball in einem Wettb\u00fcro bestimmte Anstrengungen erfordert, w\u00e4hrend das Wetten im Internet gleichzeitig viel einfacher ist.\",\"breadcrumb\":{\"@id\":\"https:\/\/www.sportingpedia.com\/de\/football-betting\/how-to-place-a-bet-in-a-betting-shop\/#breadcrumb\"},\"inLanguage\":\"de\",\"potentialAction\":[{\"@type\":\"ReadAction\",\"target\":[\"https:\/\/www.sportingpedia.com\/de\/football-betting\/how-to-place-a-bet-in-a-betting-shop\/\"]}]},{\"@type\":\"ImageObject\",\"inLanguage\":\"de\",\"@id\":\"https:\/\/www.sportingpedia.com\/de\/football-betting\/how-to-place-a-bet-in-a-betting-shop\/#primaryimage\",\"url\":\"http:\/\/www.sportingpedia.com\/wp-content\/uploads\/2021\/02\/football-betting-how-to-place-a-bet.svg\",\"contentUrl\":\"http:\/\/www.sportingpedia.com\/wp-content\/uploads\/2021\/02\/football-betting-how-to-place-a-bet.svg\"},{\"@type\":\"BreadcrumbList\",\"@id\":\"https:\/\/www.sportingpedia.com\/de\/football-betting\/how-to-place-a-bet-in-a-betting-shop\/#breadcrumb\",\"itemListElement\":[{\"@type\":\"ListItem\",\"position\":1,\"name\":\"Startseite\",\"item\":\"https:\/\/www.sportingpedia.com\/de\/home-de\/\"},{\"@type\":\"ListItem\",\"position\":2,\"name\":\"Fu\u00dfballwetten\",\"item\":\"https:\/\/www.sportingpedia.com\/de\/football-betting\/\"},{\"@type\":\"ListItem\",\"position\":3,\"name\":\"Wie man in einem Wettb\u00fcro eine Wette platziert\"}]},{\"@type\":\"WebSite\",\"@id\":\"https:\/\/www.sportingpedia.com\/de\/#website\",\"url\":\"https:\/\/www.sportingpedia.com\/de\/\",\"name\":\"Sportingpedia - Latest Sports News From All Over the World\",\"description\":\"\",\"publisher\":{\"@id\":\"https:\/\/www.sportingpedia.com\/de\/#organization\"},\"potentialAction\":[{\"@type\":\"SearchAction\",\"target\":{\"@type\":\"EntryPoint\",\"urlTemplate\":\"https:\/\/www.sportingpedia.com\/de\/?s={search_term_string}\"},\"query-input\":{\"@type\":\"PropertyValueSpecification\",\"valueRequired\":true,\"valueName\":\"search_term_string\"}}],\"inLanguage\":\"de\"},{\"@type\":\"Organization\",\"@id\":\"https:\/\/www.sportingpedia.com\/de\/#organization\",\"name\":\"SportingPedia\",\"url\":\"https:\/\/www.sportingpedia.com\/de\/\",\"logo\":{\"@type\":\"ImageObject\",\"inLanguage\":\"de\",\"@id\":\"https:\/\/www.sportingpedia.com\/de\/#\/schema\/logo\/image\/\",\"url\":\"https:\/\/www.sportingpedia.com\/wp-content\/uploads\/2019\/10\/SportingPedia_logo.png\",\"contentUrl\":\"https:\/\/www.sportingpedia.com\/wp-content\/uploads\/2019\/10\/SportingPedia_logo.png\",\"width\":600,\"height\":101,\"caption\":\"SportingPedia\"},\"image\":{\"@id\":\"https:\/\/www.sportingpedia.com\/de\/#\/schema\/logo\/image\/\"}}]}<\/script>\n<!-- \/ Yoast SEO plugin. -->","yoast_head_json":{"title":"Wie man eine Wette auf Fu\u00dfball in einem Wettb\u00fcro platziert","description":"Vielleicht haben Sie bereits herausgefunden, dass das Wetten auf Fu\u00dfball in einem Wettb\u00fcro bestimmte Anstrengungen erfordert, w\u00e4hrend das Wetten im Internet gleichzeitig viel einfacher ist.","robots":{"index":"index","follow":"follow","max-snippet":"max-snippet:-1","max-image-preview":"max-image-preview:large","max-video-preview":"max-video-preview:-1"},"canonical":"https:\/\/www.sportingpedia.com\/de\/football-betting\/how-to-place-a-bet-in-a-betting-shop\/","og_locale":"de_DE","og_type":"article","og_title":"Wie man eine Wette auf Fu\u00dfball in einem Wettb\u00fcro platziert","og_description":"Vielleicht haben Sie bereits herausgefunden, dass das Wetten auf Fu\u00dfball in einem Wettb\u00fcro bestimmte Anstrengungen erfordert, w\u00e4hrend das Wetten im Internet gleichzeitig viel einfacher ist.","og_url":"https:\/\/www.sportingpedia.com\/de\/football-betting\/how-to-place-a-bet-in-a-betting-shop\/","og_site_name":"Sportingpedia - Latest Sports News From All Over the World","article_modified_time":"2025-05-20T09:06:11+00:00","og_image":[{"url":"http:\/\/www.sportingpedia.com\/wp-content\/uploads\/2021\/02\/football-betting-how-to-place-a-bet.svg","type":"","width":"","height":""}],"twitter_card":"summary_large_image","twitter_misc":{"Gesch\u00e4tzte Lesezeit":"6\u00a0Minuten"},"schema":{"@context":"https:\/\/schema.org","@graph":[{"@type":"WebPage","@id":"https:\/\/www.sportingpedia.com\/de\/football-betting\/how-to-place-a-bet-in-a-betting-shop\/","url":"https:\/\/www.sportingpedia.com\/de\/football-betting\/how-to-place-a-bet-in-a-betting-shop\/","name":"Wie man eine Wette auf Fu\u00dfball in einem Wettb\u00fcro platziert","isPartOf":{"@id":"https:\/\/www.sportingpedia.com\/de\/#website"},"primaryImageOfPage":{"@id":"https:\/\/www.sportingpedia.com\/de\/football-betting\/how-to-place-a-bet-in-a-betting-shop\/#primaryimage"},"image":{"@id":"https:\/\/www.sportingpedia.com\/de\/football-betting\/how-to-place-a-bet-in-a-betting-shop\/#primaryimage"},"thumbnailUrl":"http:\/\/www.sportingpedia.com\/wp-content\/uploads\/2021\/02\/football-betting-how-to-place-a-bet.svg","datePublished":"2025-04-10T07:01:54+00:00","dateModified":"2025-05-20T09:06:11+00:00","description":"Vielleicht haben Sie bereits herausgefunden, dass das Wetten auf Fu\u00dfball in einem Wettb\u00fcro bestimmte Anstrengungen erfordert, w\u00e4hrend das Wetten im Internet gleichzeitig viel einfacher ist.","breadcrumb":{"@id":"https:\/\/www.sportingpedia.com\/de\/football-betting\/how-to-place-a-bet-in-a-betting-shop\/#breadcrumb"},"inLanguage":"de","potentialAction":[{"@type":"ReadAction","target":["https:\/\/www.sportingpedia.com\/de\/football-betting\/how-to-place-a-bet-in-a-betting-shop\/"]}]},{"@type":"ImageObject","inLanguage":"de","@id":"https:\/\/www.sportingpedia.com\/de\/football-betting\/how-to-place-a-bet-in-a-betting-shop\/#primaryimage","url":"http:\/\/www.sportingpedia.com\/wp-content\/uploads\/2021\/02\/football-betting-how-to-place-a-bet.svg","contentUrl":"http:\/\/www.sportingpedia.com\/wp-content\/uploads\/2021\/02\/football-betting-how-to-place-a-bet.svg"},{"@type":"BreadcrumbList","@id":"https:\/\/www.sportingpedia.com\/de\/football-betting\/how-to-place-a-bet-in-a-betting-shop\/#breadcrumb","itemListElement":[{"@type":"ListItem","position":1,"name":"Startseite","item":"https:\/\/www.sportingpedia.com\/de\/home-de\/"},{"@type":"ListItem","position":2,"name":"Fu\u00dfballwetten","item":"https:\/\/www.sportingpedia.com\/de\/football-betting\/"},{"@type":"ListItem","position":3,"name":"Wie man in einem Wettb\u00fcro eine Wette platziert"}]},{"@type":"WebSite","@id":"https:\/\/www.sportingpedia.com\/de\/#website","url":"https:\/\/www.sportingpedia.com\/de\/","name":"Sportingpedia - Latest Sports News From All Over the World","description":"","publisher":{"@id":"https:\/\/www.sportingpedia.com\/de\/#organization"},"potentialAction":[{"@type":"SearchAction","target":{"@type":"EntryPoint","urlTemplate":"https:\/\/www.sportingpedia.com\/de\/?s={search_term_string}"},"query-input":{"@type":"PropertyValueSpecification","valueRequired":true,"valueName":"search_term_string"}}],"inLanguage":"de"},{"@type":"Organization","@id":"https:\/\/www.sportingpedia.com\/de\/#organization","name":"SportingPedia","url":"https:\/\/www.sportingpedia.com\/de\/","logo":{"@type":"ImageObject","inLanguage":"de","@id":"https:\/\/www.sportingpedia.com\/de\/#\/schema\/logo\/image\/","url":"https:\/\/www.sportingpedia.com\/wp-content\/uploads\/2019\/10\/SportingPedia_logo.png","contentUrl":"https:\/\/www.sportingpedia.com\/wp-content\/uploads\/2019\/10\/SportingPedia_logo.png","width":600,"height":101,"caption":"SportingPedia"},"image":{"@id":"https:\/\/www.sportingpedia.com\/de\/#\/schema\/logo\/image\/"}}]}},"_links":{"self":[{"href":"https:\/\/www.sportingpedia.com\/de\/wp-json\/wp\/v2\/pages\/115644","targetHints":{"allow":["GET"]}}],"collection":[{"href":"https:\/\/www.sportingpedia.com\/de\/wp-json\/wp\/v2\/pages"}],"about":[{"href":"https:\/\/www.sportingpedia.com\/de\/wp-json\/wp\/v2\/types\/page"}],"author":[{"embeddable":true,"href":"https:\/\/www.sportingpedia.com\/de\/wp-json\/wp\/v2\/users\/8"}],"replies":[{"embeddable":true,"href":"https:\/\/www.sportingpedia.com\/de\/wp-json\/wp\/v2\/comments?post=115644"}],"version-history":[{"count":2,"href":"https:\/\/www.sportingpedia.com\/de\/wp-json\/wp\/v2\/pages\/115644\/revisions"}],"predecessor-version":[{"id":128644,"href":"https:\/\/www.sportingpedia.com\/de\/wp-json\/wp\/v2\/pages\/115644\/revisions\/128644"}],"up":[{"embeddable":true,"href":"https:\/\/www.sportingpedia.com\/de\/wp-json\/wp\/v2\/pages\/115635"}],"wp:attachment":[{"href":"https:\/\/www.sportingpedia.com\/de\/wp-json\/wp\/v2\/media?parent=115644"}],"curies":[{"name":"wp","href":"https:\/\/api.w.org\/{rel}","templated":true}]}}