{"id":115723,"date":"2025-04-10T07:02:11","date_gmt":"2025-04-10T07:02:11","guid":{"rendered":"https:\/\/www.sportingpedia.com\/?page_id=115723"},"modified":"2026-01-01T11:29:30","modified_gmt":"2026-01-01T11:29:30","slug":"betting-apps","status":"publish","type":"page","link":"https:\/\/www.sportingpedia.com\/de\/betting-apps\/","title":{"rendered":"Beste Sportwetten Apps"},"content":{"rendered":"<p>Wettfreunde k\u00f6nnen sich \u00fcberall befinden, wenn sie feststellen, dass ihnen nur noch wenige Minuten bleiben, um ihre Wetten auf das heutige Fu\u00dfballspiel abzugeben. In der Vergangenheit war das ein gro\u00dfes Problem. Zum Gl\u00fcck brauchen sich Sportfans seit dem Aufkommen mobiler Wett-Apps keine Gedanken mehr \u00fcber die Einschr\u00e4nkungen von Zeit und Raum zu machen.<\/p>\n<p>SportingPedia pr\u00e4sentiert Ihnen eine Liste sorgf\u00e4ltig gepr\u00fcfter Wett-Apps, mit denen Sie \u00fcberall und jederzeit am Geschehen teilnehmen k\u00f6nnen. Da wir selbst leidenschaftlich gerne auf Sport wetten, haben wir alle mobilen Wett-Apps auf unserer Liste pers\u00f6nlich getestet, um sicherzustellen, dass Sie unterwegs das bestm\u00f6gliche Erlebnis erhalten.<\/p>\n<p>Unsere Bewertungen enthalten s\u00e4mtliche Informationen, die Smartphone-Wettfreunde ben\u00f6tigen, um eine fundierte Entscheidung bei der Auswahl einer mobilen Wett-App zu treffen, von der Benutzeroberfl\u00e4che und den Funktionen bis hin zu Kundenservice, Zahlungsm\u00f6glichkeiten und Marktverf\u00fcgbarkeit.<\/p>\n    <div class=\"row\">\n            <a class=\"col-12 col-sm-6 col-md-4 child-page-thumbnail-wrapper\" href=\"https:\/\/www.sportingpedia.com\/de\/betting-apps\/10bet-sports-betting-app\/\">\n            <div class=\"col-12 text-center child-page-thumbnail\">\n                <img decoding=\"async\" src=\"https:\/\/www.sportingpedia.com\/wp-content\/uploads\/2021\/09\/10bet-app-intro.webp\" \/>\n                10bet Sportwetten-App            <\/div>\n        <\/a>\n\n                <a class=\"col-12 col-sm-6 col-md-4 child-page-thumbnail-wrapper\" href=\"https:\/\/www.sportingpedia.com\/de\/betting-apps\/1xbet-sports-betting-app\/\">\n            <div class=\"col-12 text-center child-page-thumbnail\">\n                <img decoding=\"async\" src=\"https:\/\/www.sportingpedia.com\/wp-content\/uploads\/2021\/03\/1x-bet-app-intro.jpg\" \/>\n                1xBet Sportwetten-App            <\/div>\n        <\/a>\n\n                <a class=\"col-12 col-sm-6 col-md-4 child-page-thumbnail-wrapper\" href=\"https:\/\/www.sportingpedia.com\/de\/betting-apps\/1xbit-sports-betting-app\/\">\n            <div class=\"col-12 text-center child-page-thumbnail\">\n                <img decoding=\"async\" src=\"https:\/\/www.sportingpedia.com\/wp-content\/uploads\/2021\/03\/1xbit-app-intro.jpg\" \/>\n                1xBit Sportwetten-App            <\/div>\n        <\/a>\n\n                <a class=\"col-12 col-sm-6 col-md-4 child-page-thumbnail-wrapper\" href=\"https:\/\/www.sportingpedia.com\/de\/betting-apps\/20bet-sports-betting-app\/\">\n            <div class=\"col-12 text-center child-page-thumbnail\">\n                <img decoding=\"async\" src=\"https:\/\/www.sportingpedia.com\/wp-content\/uploads\/2021\/09\/20bet-mobile-app-intro.webp\" \/>\n                20Bet Sportwetten-App            <\/div>\n        <\/a>\n\n                <a class=\"col-12 col-sm-6 col-md-4 child-page-thumbnail-wrapper\" href=\"https:\/\/www.sportingpedia.com\/de\/betting-apps\/22bet-sports-betting-app\/\">\n            <div class=\"col-12 text-center child-page-thumbnail\">\n                <img decoding=\"async\" src=\"https:\/\/www.sportingpedia.com\/wp-content\/uploads\/2021\/03\/22bet-sports-app-intro.jpg\" \/>\n                22Bet Sportwetten-App            <\/div>\n        <\/a>\n\n                <a class=\"col-12 col-sm-6 col-md-4 child-page-thumbnail-wrapper\" href=\"https:\/\/www.sportingpedia.com\/de\/betting-apps\/888-sports-betting-app\/\">\n            <div class=\"col-12 text-center child-page-thumbnail\">\n                <img decoding=\"async\" src=\"https:\/\/www.sportingpedia.com\/wp-content\/uploads\/2021\/03\/888sports-app-intro.jpg\" \/>\n                888 Sportwetten-App            <\/div>\n        <\/a>\n\n                <a class=\"col-12 col-sm-6 col-md-4 child-page-thumbnail-wrapper\" href=\"https:\/\/www.sportingpedia.com\/de\/betting-apps\/bet365-sports-betting-app\/\">\n            <div class=\"col-12 text-center child-page-thumbnail\">\n                <img decoding=\"async\" src=\"https:\/\/www.sportingpedia.com\/wp-content\/uploads\/2021\/03\/bet365-app-intro.png\" \/>\n                Bet365 Sportwetten-App            <\/div>\n        <\/a>\n\n                <a class=\"col-12 col-sm-6 col-md-4 child-page-thumbnail-wrapper\" href=\"https:\/\/www.sportingpedia.com\/de\/betting-apps\/betfair-sports-betting-app\/\">\n            <div class=\"col-12 text-center child-page-thumbnail\">\n                <img decoding=\"async\" src=\"https:\/\/www.sportingpedia.com\/wp-content\/uploads\/2021\/03\/betfair-app-intro.jpg\" \/>\n                Betfair Sportwetten-App            <\/div>\n        <\/a>\n\n                <a class=\"col-12 col-sm-6 col-md-4 child-page-thumbnail-wrapper\" href=\"https:\/\/www.sportingpedia.com\/de\/betting-apps\/betsafe-sports-betting-app\/\">\n            <div class=\"col-12 text-center child-page-thumbnail\">\n                <img decoding=\"async\" src=\"https:\/\/www.sportingpedia.com\/wp-content\/uploads\/2021\/03\/betsafe-app-intro.jpg\" \/>\n                Betsafe Sportwetten-App            <\/div>\n        <\/a>\n\n                <a class=\"col-12 col-sm-6 col-md-4 child-page-thumbnail-wrapper\" href=\"https:\/\/www.sportingpedia.com\/de\/betting-apps\/betsson-sports-betting-app\/\">\n            <div class=\"col-12 text-center child-page-thumbnail\">\n                <img decoding=\"async\" src=\"https:\/\/www.sportingpedia.com\/wp-content\/uploads\/2021\/03\/betsson-app-intro.jpg\" \/>\n                Betsson Sportwetten-App            <\/div>\n        <\/a>\n\n                <a class=\"col-12 col-sm-6 col-md-4 child-page-thumbnail-wrapper\" href=\"https:\/\/www.sportingpedia.com\/de\/betting-apps\/betvictor-sports-betting-app\/\">\n            <div class=\"col-12 text-center child-page-thumbnail\">\n                <img decoding=\"async\" src=\"https:\/\/www.sportingpedia.com\/wp-content\/uploads\/2021\/03\/betvictor-app-intro.jpg\" \/>\n                BetVictor Sportwetten-App            <\/div>\n        <\/a>\n\n                <a class=\"col-12 col-sm-6 col-md-4 child-page-thumbnail-wrapper\" href=\"https:\/\/www.sportingpedia.com\/de\/betting-apps\/betway-sports-betting-app\/\">\n            <div class=\"col-12 text-center child-page-thumbnail\">\n                <img decoding=\"async\" src=\"https:\/\/www.sportingpedia.com\/wp-content\/uploads\/2021\/03\/betway-app-intro.jpg\" \/>\n                Betway Sportwetten-App            <\/div>\n        <\/a>\n\n                <a class=\"col-12 col-sm-6 col-md-4 child-page-thumbnail-wrapper\" href=\"https:\/\/www.sportingpedia.com\/de\/betting-apps\/betwinner-sports-betting-app\/\">\n            <div class=\"col-12 text-center child-page-thumbnail\">\n                <img decoding=\"async\" src=\"https:\/\/www.sportingpedia.com\/wp-content\/uploads\/2021\/03\/betwinner-app-intro.jpg\" \/>\n                Betwinner Sportwetten-App            <\/div>\n        <\/a>\n\n                <a class=\"col-12 col-sm-6 col-md-4 child-page-thumbnail-wrapper\" href=\"https:\/\/www.sportingpedia.com\/de\/betting-apps\/bodog-sports-betting-app\/\">\n            <div class=\"col-12 text-center child-page-thumbnail\">\n                <img decoding=\"async\" src=\"https:\/\/www.sportingpedia.com\/wp-content\/uploads\/2021\/09\/bodog-app-intro.webp\" \/>\n                Bodog Sportwetten-App            <\/div>\n        <\/a>\n\n                <a class=\"col-12 col-sm-6 col-md-4 child-page-thumbnail-wrapper\" href=\"https:\/\/www.sportingpedia.com\/de\/betting-apps\/bovada-sports-betting-app\/\">\n            <div class=\"col-12 text-center child-page-thumbnail\">\n                <img decoding=\"async\" src=\"https:\/\/www.sportingpedia.com\/wp-content\/uploads\/2021\/03\/bovada-app-intro.jpg\" \/>\n                Bovada Sportwetten-App            <\/div>\n        <\/a>\n\n                <a class=\"col-12 col-sm-6 col-md-4 child-page-thumbnail-wrapper\" href=\"https:\/\/www.sportingpedia.com\/de\/betting-apps\/campeonbet-sports-betting-app\/\">\n            <div class=\"col-12 text-center child-page-thumbnail\">\n                <img decoding=\"async\" src=\"https:\/\/www.sportingpedia.com\/wp-content\/uploads\/2021\/09\/campeonbet-app-intro.webp\" \/>\n                Campeonbet Sportwetten-App            <\/div>\n        <\/a>\n\n                <a class=\"col-12 col-sm-6 col-md-4 child-page-thumbnail-wrapper\" href=\"https:\/\/www.sportingpedia.com\/de\/betting-apps\/casumo-sports-betting-app\/\">\n            <div class=\"col-12 text-center child-page-thumbnail\">\n                <img decoding=\"async\" src=\"https:\/\/www.sportingpedia.com\/wp-content\/uploads\/2021\/04\/casumo-app-intro.jpg\" \/>\n                Casumo Sportwetten-App            <\/div>\n        <\/a>\n\n                <a class=\"col-12 col-sm-6 col-md-4 child-page-thumbnail-wrapper\" href=\"https:\/\/www.sportingpedia.com\/de\/betting-apps\/comeon-sports-betting-app\/\">\n            <div class=\"col-12 text-center child-page-thumbnail\">\n                <img decoding=\"async\" src=\"https:\/\/www.sportingpedia.com\/wp-content\/uploads\/2021\/03\/comeon-app-intro.jpg\" \/>\n                ComeOn Sportwetten-App            <\/div>\n        <\/a>\n\n                <a class=\"col-12 col-sm-6 col-md-4 child-page-thumbnail-wrapper\" href=\"https:\/\/www.sportingpedia.com\/de\/betting-apps\/everygame-sports-betting-app\/\">\n            <div class=\"col-12 text-center child-page-thumbnail\">\n                <img decoding=\"async\" src=\"https:\/\/www.sportingpedia.com\/wp-content\/uploads\/2023\/11\/everygame-app-intro.webp\" \/>\n                Everygame Sportwetten-App            <\/div>\n        <\/a>\n\n                <a class=\"col-12 col-sm-6 col-md-4 child-page-thumbnail-wrapper\" href=\"https:\/\/www.sportingpedia.com\/de\/betting-apps\/ladbrokes-sports-betting-app\/\">\n            <div class=\"col-12 text-center child-page-thumbnail\">\n                <img decoding=\"async\" src=\"https:\/\/www.sportingpedia.com\/wp-content\/uploads\/2021\/09\/ladbrokes-app-intro.webp\" \/>\n                Ladbrokes Sportwetten-App            <\/div>\n        <\/a>\n\n                <a class=\"col-12 col-sm-6 col-md-4 child-page-thumbnail-wrapper\" href=\"https:\/\/www.sportingpedia.com\/de\/betting-apps\/lvbet-sports-betting-app\/\">\n            <div class=\"col-12 text-center child-page-thumbnail\">\n                <img decoding=\"async\" src=\"https:\/\/www.sportingpedia.com\/wp-content\/uploads\/2021\/03\/lvbet-app-intro.jpg\" \/>\n                LVBet Sportwetten-App            <\/div>\n        <\/a>\n\n                <a class=\"col-12 col-sm-6 col-md-4 child-page-thumbnail-wrapper\" href=\"https:\/\/www.sportingpedia.com\/de\/betting-apps\/marathonbet-sports-betting-app\/\">\n            <div class=\"col-12 text-center child-page-thumbnail\">\n                <img decoding=\"async\" src=\"https:\/\/www.sportingpedia.com\/wp-content\/uploads\/2021\/03\/marathonbet-app-intro.jpg\" \/>\n                MarathonBet Sportwetten-App            <\/div>\n        <\/a>\n\n                <a class=\"col-12 col-sm-6 col-md-4 child-page-thumbnail-wrapper\" href=\"https:\/\/www.sportingpedia.com\/de\/betting-apps\/matchbook-sports-betting-app\/\">\n            <div class=\"col-12 text-center child-page-thumbnail\">\n                <img decoding=\"async\" src=\"https:\/\/www.sportingpedia.com\/wp-content\/uploads\/2021\/03\/matchbook-app-intro.jpg\" \/>\n                Matchbook Sportwetten-App            <\/div>\n        <\/a>\n\n                <a class=\"col-12 col-sm-6 col-md-4 child-page-thumbnail-wrapper\" href=\"https:\/\/www.sportingpedia.com\/de\/betting-apps\/megapari-sports-betting-app\/\">\n            <div class=\"col-12 text-center child-page-thumbnail\">\n                <img decoding=\"async\" src=\"https:\/\/www.sportingpedia.com\/wp-content\/uploads\/2021\/03\/megapari-app-intro.jpg\" \/>\n                MegaPari Sportwetten-App            <\/div>\n        <\/a>\n\n                <a class=\"col-12 col-sm-6 col-md-4 child-page-thumbnail-wrapper\" href=\"https:\/\/www.sportingpedia.com\/de\/betting-apps\/melbet-sports-betting-app\/\">\n            <div class=\"col-12 text-center child-page-thumbnail\">\n                <img decoding=\"async\" src=\"https:\/\/www.sportingpedia.com\/wp-content\/uploads\/2021\/03\/melbet-app-intro.jpg\" \/>\n                Melbet Sportwetten-App            <\/div>\n        <\/a>\n\n                <a class=\"col-12 col-sm-6 col-md-4 child-page-thumbnail-wrapper\" href=\"https:\/\/www.sportingpedia.com\/de\/betting-apps\/mr-green-sports-betting-app\/\">\n            <div class=\"col-12 text-center child-page-thumbnail\">\n                <img decoding=\"async\" src=\"https:\/\/www.sportingpedia.com\/wp-content\/uploads\/2022\/01\/mrgreen-sportsbook.jpg\" \/>\n                Mr Green Sportwetten-App            <\/div>\n        <\/a>\n\n                <a class=\"col-12 col-sm-6 col-md-4 child-page-thumbnail-wrapper\" href=\"https:\/\/www.sportingpedia.com\/de\/betting-apps\/mybookie-sports-betting-app\/\">\n            <div class=\"col-12 text-center child-page-thumbnail\">\n                <img decoding=\"async\" src=\"https:\/\/www.sportingpedia.com\/wp-content\/uploads\/2021\/03\/mybookie-app-intro.jpg\" \/>\n                MyBookie Sportwetten-App            <\/div>\n        <\/a>\n\n                <a class=\"col-12 col-sm-6 col-md-4 child-page-thumbnail-wrapper\" href=\"https:\/\/www.sportingpedia.com\/de\/betting-apps\/netbet-sports-betting-app\/\">\n            <div class=\"col-12 text-center child-page-thumbnail\">\n                <img decoding=\"async\" src=\"https:\/\/www.sportingpedia.com\/wp-content\/uploads\/2021\/03\/netbet-app-intro.jpg\" \/>\n                NetBet Sportwetten-App            <\/div>\n        <\/a>\n\n                <a class=\"col-12 col-sm-6 col-md-4 child-page-thumbnail-wrapper\" href=\"https:\/\/www.sportingpedia.com\/de\/betting-apps\/novibet-sports-betting-app\/\">\n            <div class=\"col-12 text-center child-page-thumbnail\">\n                <img decoding=\"async\" src=\"https:\/\/www.sportingpedia.com\/wp-content\/uploads\/2021\/09\/novibet-app-intro.webp\" \/>\n                Novibet Sportwetten-App            <\/div>\n        <\/a>\n\n                <a class=\"col-12 col-sm-6 col-md-4 child-page-thumbnail-wrapper\" href=\"https:\/\/www.sportingpedia.com\/de\/betting-apps\/pinnacle-sports-betting-app\/\">\n            <div class=\"col-12 text-center child-page-thumbnail\">\n                <img decoding=\"async\" src=\"https:\/\/www.sportingpedia.com\/wp-content\/uploads\/2021\/03\/pinnacle-app-intro.jpg\" \/>\n                Pinnacle Sportwetten-App            <\/div>\n        <\/a>\n\n                <a class=\"col-12 col-sm-6 col-md-4 child-page-thumbnail-wrapper\" href=\"https:\/\/www.sportingpedia.com\/de\/betting-apps\/sportingbet-sports-betting-app\/\">\n            <div class=\"col-12 text-center child-page-thumbnail\">\n                <img decoding=\"async\" src=\"https:\/\/www.sportingpedia.com\/wp-content\/uploads\/2021\/03\/sportingbet-app-logo.jpg\" \/>\n                SportingBet Sportwetten-App            <\/div>\n        <\/a>\n\n                <a class=\"col-12 col-sm-6 col-md-4 child-page-thumbnail-wrapper\" href=\"https:\/\/www.sportingpedia.com\/de\/betting-apps\/sportsbet-io-sports-betting-app\/\">\n            <div class=\"col-12 text-center child-page-thumbnail\">\n                <img decoding=\"async\" src=\"https:\/\/www.sportingpedia.com\/wp-content\/uploads\/2021\/09\/sportsbet-app-intro.webp\" \/>\n                Sportsbet.io Sportwetten-App            <\/div>\n        <\/a>\n\n                <a class=\"col-12 col-sm-6 col-md-4 child-page-thumbnail-wrapper\" href=\"https:\/\/www.sportingpedia.com\/de\/betting-apps\/stake-sports-betting-app\/\">\n            <div class=\"col-12 text-center child-page-thumbnail\">\n                <img decoding=\"async\" src=\"https:\/\/www.sportingpedia.com\/wp-content\/uploads\/2021\/09\/stake-app-header.webp\" \/>\n                Stake Sportwetten-App            <\/div>\n        <\/a>\n\n                <a class=\"col-12 col-sm-6 col-md-4 child-page-thumbnail-wrapper\" href=\"https:\/\/www.sportingpedia.com\/de\/betting-apps\/tipico-sports-betting-app\/\">\n            <div class=\"col-12 text-center child-page-thumbnail\">\n                <img decoding=\"async\" src=\"https:\/\/www.sportingpedia.com\/wp-content\/uploads\/2021\/09\/tipico-app-intro.webp\" \/>\n                Tipico Sportwetten-App            <\/div>\n        <\/a>\n\n                <a class=\"col-12 col-sm-6 col-md-4 child-page-thumbnail-wrapper\" href=\"https:\/\/www.sportingpedia.com\/de\/betting-apps\/tonybet-sports-betting-app\/\">\n            <div class=\"col-12 text-center child-page-thumbnail\">\n                <img decoding=\"async\" src=\"https:\/\/www.sportingpedia.com\/wp-content\/uploads\/2021\/03\/tonybet-app-intro.jpg\" \/>\n                TonyBet Sportwetten-App            <\/div>\n        <\/a>\n\n                <a class=\"col-12 col-sm-6 col-md-4 child-page-thumbnail-wrapper\" href=\"https:\/\/www.sportingpedia.com\/de\/betting-apps\/unibet-sports-betting-app\/\">\n            <div class=\"col-12 text-center child-page-thumbnail\">\n                <img decoding=\"async\" src=\"https:\/\/www.sportingpedia.com\/wp-content\/uploads\/2021\/03\/unibet-app-intro.jpg\" \/>\n                Unibet Sportwetten-App            <\/div>\n        <\/a>\n\n                <a class=\"col-12 col-sm-6 col-md-4 child-page-thumbnail-wrapper\" href=\"https:\/\/www.sportingpedia.com\/de\/betting-apps\/vbet-sports-betting-app\/\">\n            <div class=\"col-12 text-center child-page-thumbnail\">\n                <img decoding=\"async\" src=\"https:\/\/www.sportingpedia.com\/wp-content\/uploads\/2021\/03\/vbet-app-intro.jpg\" \/>\n                VBet Sportwetten-App            <\/div>\n        <\/a>\n\n                <a class=\"col-12 col-sm-6 col-md-4 child-page-thumbnail-wrapper\" href=\"https:\/\/www.sportingpedia.com\/de\/betting-apps\/xbet-sports-betting-app\/\">\n            <div class=\"col-12 text-center child-page-thumbnail\">\n                <img decoding=\"async\" src=\"https:\/\/www.sportingpedia.com\/wp-content\/uploads\/2021\/03\/xbet-app-intro.jpg\" \/>\n                XBet Sportwetten-App            <\/div>\n        <\/a>\n\n                    <\/div>\n\n    \n","protected":false},"excerpt":{"rendered":"<p>Wettfreunde k\u00f6nnen sich \u00fcberall befinden, wenn sie feststellen, dass ihnen nur noch wenige Minuten bleiben, um ihre Wetten auf das heutige Fu\u00dfballspiel abzugeben. In der Vergangenheit war das ein gro\u00dfes Problem. Zum Gl\u00fcck brauchen sich Sportfans seit dem Aufkommen mobiler Wett-Apps keine Gedanken mehr \u00fcber die Einschr\u00e4nkungen von Zeit und Raum zu machen. SportingPedia pr\u00e4sentiert [&hellip;]<\/p>\n","protected":false},"author":1,"featured_media":0,"parent":0,"menu_order":0,"comment_status":"closed","ping_status":"closed","template":"page-nosidebar.php","meta":{"footnotes":""},"class_list":["post-115723","page","type-page","status-publish","hentry"],"yoast_head":"<!-- This site is optimized with the Yoast SEO plugin v26.6 - https:\/\/yoast.com\/wordpress\/plugins\/seo\/ -->\n<title>Beste Mobile Sportwetten-Apps im Jahr 2026<\/title>\n<meta name=\"description\" content=\"Hier finden Sie eine ausf\u00fchrliche Liste mit Sportwetten App Bewertungen f\u00fcr Android und iOS.\" \/>\n<meta name=\"robots\" content=\"index, follow, max-snippet:-1, max-image-preview:large, max-video-preview:-1\" \/>\n<link rel=\"canonical\" href=\"https:\/\/www.sportingpedia.com\/de\/betting-apps\/\" \/>\n<meta property=\"og:locale\" content=\"de_DE\" \/>\n<meta property=\"og:type\" content=\"article\" \/>\n<meta property=\"og:title\" content=\"Beste Mobile Sportwetten-Apps im Jahr 2026\" \/>\n<meta property=\"og:description\" content=\"Hier finden Sie eine ausf\u00fchrliche Liste mit Sportwetten App Bewertungen f\u00fcr Android und iOS.\" \/>\n<meta property=\"og:url\" content=\"https:\/\/www.sportingpedia.com\/de\/betting-apps\/\" \/>\n<meta property=\"og:site_name\" content=\"Sportingpedia - Latest Sports News From All Over the World\" \/>\n<meta property=\"article:modified_time\" content=\"2026-01-01T11:29:30+00:00\" \/>\n<meta name=\"twitter:card\" content=\"summary_large_image\" \/>\n<meta name=\"twitter:label1\" content=\"Gesch\u00e4tzte Lesezeit\" \/>\n\t<meta name=\"twitter:data1\" content=\"1\u00a0Minute\" \/>\n<script type=\"application\/ld+json\" class=\"yoast-schema-graph\">{\"@context\":\"https:\/\/schema.org\",\"@graph\":[{\"@type\":\"WebPage\",\"@id\":\"https:\/\/www.sportingpedia.com\/de\/betting-apps\/\",\"url\":\"https:\/\/www.sportingpedia.com\/de\/betting-apps\/\",\"name\":\"Beste Mobile Sportwetten-Apps im Jahr 2026\",\"isPartOf\":{\"@id\":\"https:\/\/www.sportingpedia.com\/de\/#website\"},\"datePublished\":\"2025-04-10T07:02:11+00:00\",\"dateModified\":\"2026-01-01T11:29:30+00:00\",\"description\":\"Hier finden Sie eine ausf\u00fchrliche Liste mit Sportwetten App Bewertungen f\u00fcr Android und iOS.\",\"breadcrumb\":{\"@id\":\"https:\/\/www.sportingpedia.com\/de\/betting-apps\/#breadcrumb\"},\"inLanguage\":\"de\",\"potentialAction\":[{\"@type\":\"ReadAction\",\"target\":[\"https:\/\/www.sportingpedia.com\/de\/betting-apps\/\"]}]},{\"@type\":\"BreadcrumbList\",\"@id\":\"https:\/\/www.sportingpedia.com\/de\/betting-apps\/#breadcrumb\",\"itemListElement\":[{\"@type\":\"ListItem\",\"position\":1,\"name\":\"Startseite\",\"item\":\"https:\/\/www.sportingpedia.com\/de\/home-de\/\"},{\"@type\":\"ListItem\",\"position\":2,\"name\":\"Beste Sportwetten Apps\"}]},{\"@type\":\"WebSite\",\"@id\":\"https:\/\/www.sportingpedia.com\/de\/#website\",\"url\":\"https:\/\/www.sportingpedia.com\/de\/\",\"name\":\"Sportingpedia - Latest Sports News From All Over the World\",\"description\":\"\",\"publisher\":{\"@id\":\"https:\/\/www.sportingpedia.com\/de\/#organization\"},\"potentialAction\":[{\"@type\":\"SearchAction\",\"target\":{\"@type\":\"EntryPoint\",\"urlTemplate\":\"https:\/\/www.sportingpedia.com\/de\/?s={search_term_string}\"},\"query-input\":{\"@type\":\"PropertyValueSpecification\",\"valueRequired\":true,\"valueName\":\"search_term_string\"}}],\"inLanguage\":\"de\"},{\"@type\":\"Organization\",\"@id\":\"https:\/\/www.sportingpedia.com\/de\/#organization\",\"name\":\"SportingPedia\",\"url\":\"https:\/\/www.sportingpedia.com\/de\/\",\"logo\":{\"@type\":\"ImageObject\",\"inLanguage\":\"de\",\"@id\":\"https:\/\/www.sportingpedia.com\/de\/#\/schema\/logo\/image\/\",\"url\":\"https:\/\/www.sportingpedia.com\/wp-content\/uploads\/2019\/10\/SportingPedia_logo.png\",\"contentUrl\":\"https:\/\/www.sportingpedia.com\/wp-content\/uploads\/2019\/10\/SportingPedia_logo.png\",\"width\":600,\"height\":101,\"caption\":\"SportingPedia\"},\"image\":{\"@id\":\"https:\/\/www.sportingpedia.com\/de\/#\/schema\/logo\/image\/\"}}]}<\/script>\n<!-- \/ Yoast SEO plugin. -->","yoast_head_json":{"title":"Beste Mobile Sportwetten-Apps im Jahr 2026","description":"Hier finden Sie eine ausf\u00fchrliche Liste mit Sportwetten App Bewertungen f\u00fcr Android und iOS.","robots":{"index":"index","follow":"follow","max-snippet":"max-snippet:-1","max-image-preview":"max-image-preview:large","max-video-preview":"max-video-preview:-1"},"canonical":"https:\/\/www.sportingpedia.com\/de\/betting-apps\/","og_locale":"de_DE","og_type":"article","og_title":"Beste Mobile Sportwetten-Apps im Jahr 2026","og_description":"Hier finden Sie eine ausf\u00fchrliche Liste mit Sportwetten App Bewertungen f\u00fcr Android und iOS.","og_url":"https:\/\/www.sportingpedia.com\/de\/betting-apps\/","og_site_name":"Sportingpedia - Latest Sports News From All Over the World","article_modified_time":"2026-01-01T11:29:30+00:00","twitter_card":"summary_large_image","twitter_misc":{"Gesch\u00e4tzte Lesezeit":"1\u00a0Minute"},"schema":{"@context":"https:\/\/schema.org","@graph":[{"@type":"WebPage","@id":"https:\/\/www.sportingpedia.com\/de\/betting-apps\/","url":"https:\/\/www.sportingpedia.com\/de\/betting-apps\/","name":"Beste Mobile Sportwetten-Apps im Jahr 2026","isPartOf":{"@id":"https:\/\/www.sportingpedia.com\/de\/#website"},"datePublished":"2025-04-10T07:02:11+00:00","dateModified":"2026-01-01T11:29:30+00:00","description":"Hier finden Sie eine ausf\u00fchrliche Liste mit Sportwetten App Bewertungen f\u00fcr Android und iOS.","breadcrumb":{"@id":"https:\/\/www.sportingpedia.com\/de\/betting-apps\/#breadcrumb"},"inLanguage":"de","potentialAction":[{"@type":"ReadAction","target":["https:\/\/www.sportingpedia.com\/de\/betting-apps\/"]}]},{"@type":"BreadcrumbList","@id":"https:\/\/www.sportingpedia.com\/de\/betting-apps\/#breadcrumb","itemListElement":[{"@type":"ListItem","position":1,"name":"Startseite","item":"https:\/\/www.sportingpedia.com\/de\/home-de\/"},{"@type":"ListItem","position":2,"name":"Beste Sportwetten Apps"}]},{"@type":"WebSite","@id":"https:\/\/www.sportingpedia.com\/de\/#website","url":"https:\/\/www.sportingpedia.com\/de\/","name":"Sportingpedia - Latest Sports News From All Over the World","description":"","publisher":{"@id":"https:\/\/www.sportingpedia.com\/de\/#organization"},"potentialAction":[{"@type":"SearchAction","target":{"@type":"EntryPoint","urlTemplate":"https:\/\/www.sportingpedia.com\/de\/?s={search_term_string}"},"query-input":{"@type":"PropertyValueSpecification","valueRequired":true,"valueName":"search_term_string"}}],"inLanguage":"de"},{"@type":"Organization","@id":"https:\/\/www.sportingpedia.com\/de\/#organization","name":"SportingPedia","url":"https:\/\/www.sportingpedia.com\/de\/","logo":{"@type":"ImageObject","inLanguage":"de","@id":"https:\/\/www.sportingpedia.com\/de\/#\/schema\/logo\/image\/","url":"https:\/\/www.sportingpedia.com\/wp-content\/uploads\/2019\/10\/SportingPedia_logo.png","contentUrl":"https:\/\/www.sportingpedia.com\/wp-content\/uploads\/2019\/10\/SportingPedia_logo.png","width":600,"height":101,"caption":"SportingPedia"},"image":{"@id":"https:\/\/www.sportingpedia.com\/de\/#\/schema\/logo\/image\/"}}]}},"_links":{"self":[{"href":"https:\/\/www.sportingpedia.com\/de\/wp-json\/wp\/v2\/pages\/115723","targetHints":{"allow":["GET"]}}],"collection":[{"href":"https:\/\/www.sportingpedia.com\/de\/wp-json\/wp\/v2\/pages"}],"about":[{"href":"https:\/\/www.sportingpedia.com\/de\/wp-json\/wp\/v2\/types\/page"}],"author":[{"embeddable":true,"href":"https:\/\/www.sportingpedia.com\/de\/wp-json\/wp\/v2\/users\/1"}],"replies":[{"embeddable":true,"href":"https:\/\/www.sportingpedia.com\/de\/wp-json\/wp\/v2\/comments?post=115723"}],"version-history":[{"count":4,"href":"https:\/\/www.sportingpedia.com\/de\/wp-json\/wp\/v2\/pages\/115723\/revisions"}],"predecessor-version":[{"id":149177,"href":"https:\/\/www.sportingpedia.com\/de\/wp-json\/wp\/v2\/pages\/115723\/revisions\/149177"}],"wp:attachment":[{"href":"https:\/\/www.sportingpedia.com\/de\/wp-json\/wp\/v2\/media?parent=115723"}],"curies":[{"name":"wp","href":"https:\/\/api.w.org\/{rel}","templated":true}]}}