{"id":115801,"date":"2025-04-10T07:02:29","date_gmt":"2025-04-10T07:02:29","guid":{"rendered":"https:\/\/www.sportingpedia.com\/?page_id=115801"},"modified":"2025-05-20T09:01:21","modified_gmt":"2025-05-20T09:01:21","slug":"football-bet-slip","status":"publish","type":"page","link":"https:\/\/www.sportingpedia.com\/de\/football-betting\/football-bet-slip\/","title":{"rendered":"Fu\u00dfball Wettschein"},"content":{"rendered":"<p>Wenn Sie ein erfahrener Wettanbieter sind, wissen Sie bereits, dass der Wettschein ein integraler Bestandteil Ihrer t\u00e4glichen Wetterfahrung ist. Es ist ein grundlegender Aspekt bei der Platzierung von Fu\u00dfballwetten online, daher ist es von besonderer Bedeutung, die Funktionsweise perfekt zu verstehen, um das Beste daraus machen zu k\u00f6nnen.<\/p>\n\n<p>Zu Beginn der Sportwetten war die einzige Form eines Wettscheins ein St\u00fcck Papier, das ausgef\u00fcllt werden musste, wenn man eine Wette bei einem landbasierten Buchmacher platzierte. Sein Zweck war es, als Quittung f\u00fcr die platzierten Wetten zu dienen. Wenn sie erfolgreich waren, w\u00fcrden die Wettenden den Wettschein zur\u00fcckgeben, damit der Kassierer berechnen konnte, wie viel Gewinn ausgezahlt werden muss. Heutzutage sind Online-Wettplattformen st\u00e4ndig im Aufstieg und der Wettschein ist bereits in elektronischer Form vorhanden. Zus\u00e4tzlich zur Aufzeichnung der Details Ihrer Wetten berechnet er automatisch die m\u00f6gliche Auszahlung aus einer erfolgreichen Wette.<\/p>\n<ol class=\"bookies-grid\">\r\n\t<li>\r\n\t\t<a rel=\"nofollow\" target=\"_blank\" href=\"\/out\/mybookie?au&#x3D;138&amp;bp&#x3D;1\"<\/a>\r\n\t\t\t<figure>\r\n\t\t\t  \t<img decoding=\"async\" src=\"https:\/\/www.sportingpedia.com\/wp-content\/uploads\/logos\/lg-mybookie-logo.jpg\" width=\"110\" height=\"55\">\r\n\t\t\t<\/figure>\r\n\r\n\t\t\t<div>\r\n\t\t\t  \t<span class=\"bookie-name\">MyBookie<\/span>\r\n\r\n\t\t\t  \t<span class=\"bookie-rating\">Rating: 4.9 <b>&starf;<\/b><\/span>\r\n\t\t\t<\/div>\r\n\t\t<\/a>\r\n\t<\/li>\r\n\t<li>\r\n\t\t<a rel=\"nofollow\" target=\"_blank\" href=\"\/out\/bovada?au&#x3D;138&amp;bp&#x3D;2\"<\/a>\r\n\t\t\t<figure>\r\n\t\t\t  \t<img decoding=\"async\" src=\"https:\/\/www.sportingpedia.com\/wp-content\/uploads\/logos\/lg-bovada-logo.jpg\" width=\"110\" height=\"55\">\r\n\t\t\t<\/figure>\r\n\r\n\t\t\t<div>\r\n\t\t\t  \t<span class=\"bookie-name\">Bovada<\/span>\r\n\r\n\t\t\t  \t<span class=\"bookie-rating\">Rating: 4.8 <b>&starf;<\/b><\/span>\r\n\t\t\t<\/div>\r\n\t\t<\/a>\r\n\t<\/li>\r\n\t<li>\r\n\t\t<a rel=\"nofollow\" target=\"_blank\" href=\"\/out\/xbet?au&#x3D;138&amp;bp&#x3D;3\"<\/a>\r\n\t\t\t<figure>\r\n\t\t\t  \t<img decoding=\"async\" src=\"https:\/\/www.sportingpedia.com\/wp-content\/uploads\/logos\/lg-xbet-logo.jpg\" width=\"110\" height=\"55\">\r\n\t\t\t<\/figure>\r\n\r\n\t\t\t<div>\r\n\t\t\t  \t<span class=\"bookie-name\">XBet<\/span>\r\n\r\n\t\t\t  \t<span class=\"bookie-rating\">Rating: 4.7 <b>&starf;<\/b><\/span>\r\n\t\t\t<\/div>\r\n\t\t<\/a>\r\n\t<\/li>\r\n\t<li>\r\n\t\t<a rel=\"nofollow\" target=\"_blank\" href=\"\/out\/intertops?au&#x3D;138&amp;bp&#x3D;4\"<\/a>\r\n\t\t\t<figure>\r\n\t\t\t  \t<img decoding=\"async\" src=\"https:\/\/www.sportingpedia.com\/wp-content\/uploads\/logos\/lg-everygame-logo.webp\" width=\"110\" height=\"55\">\r\n\t\t\t<\/figure>\r\n\r\n\t\t\t<div>\r\n\t\t\t  \t<span class=\"bookie-name\">Everygame<\/span>\r\n\r\n\t\t\t  \t<span class=\"bookie-rating\">Rating: 4.6 <b>&starf;<\/b><\/span>\r\n\t\t\t<\/div>\r\n\t\t<\/a>\r\n\t<\/li>\r\n\t<li>\r\n\t\t<a rel=\"nofollow\" target=\"_blank\" href=\"\/out\/betusr?au&#x3D;138&amp;bp&#x3D;5\"<\/a>\r\n\t\t\t<figure>\r\n\t\t\t  \t<img decoding=\"async\" src=\"https:\/\/www.sportingpedia.com\/wp-content\/uploads\/logos\/lg-betusr-logo.jpg\" width=\"110\" height=\"55\">\r\n\t\t\t<\/figure>\r\n\r\n\t\t\t<div>\r\n\t\t\t  \t<span class=\"bookie-name\">BetUSR<\/span>\r\n\r\n\t\t\t  \t<span class=\"bookie-rating\">Rating: 4.5 <b>&starf;<\/b><\/span>\r\n\t\t\t<\/div>\r\n\t\t<\/a>\r\n\t<\/li>\r\n\t<li>\r\n\t\t<a rel=\"nofollow\" target=\"_blank\" href=\"\/out\/vave?au&#x3D;138&amp;bp&#x3D;6\"<\/a>\r\n\t\t\t<figure>\r\n\t\t\t  \t<img decoding=\"async\" src=\"https:\/\/www.sportingpedia.com\/wp-content\/uploads\/logos\/lg-vave-logo.webp\" width=\"110\" height=\"55\">\r\n\t\t\t<\/figure>\r\n\r\n\t\t\t<div>\r\n\t\t\t  \t<span class=\"bookie-name\">Vave<\/span>\r\n\r\n\t\t\t  \t<span class=\"bookie-rating\">Rating: 4.4 <b>&starf;<\/b><\/span>\r\n\t\t\t<\/div>\r\n\t\t<\/a>\r\n\t<\/li>\r\n<\/ol><script>\n  setTimeout(function(){\n    if(!document.getElementById('JasHAAffsaMosaAdsANa2i')) {\n      jQuery('a[target=\"_blank\"]').removeAttr('target');\n    }\n  }, 1000);\n<\/script>\n\n<h2 id=\"slip\">Wettschein Erkl\u00e4rung<\/h2>\n<p><img decoding=\"async\" src=\"https:\/\/www.sportingpedia.com\/wp-content\/uploads\/2021\/02\/football-betting-kelly-criterion_explained.svg\" alt=\"Bet Slip Explained\" width=\"300\" class=\"alignleft \"> Egal, ob Sie Ihren Desktop-Computer oder Ihr bevorzugtes mobiles Ger\u00e4t verwenden, um Fu\u00dfballwetten online zu platzieren, der Wettschein befindet sich immer auf der rechten Seite Ihres Bildschirms. Die genauen Funktionen k\u00f6nnen von einem Online-Wettanbieter zum anderen leicht variieren, aber im Allgemeinen ist der Wettvorgang ziemlich universell.<\/p>\n<p>Oben auf dem Wettschein sehen Sie die Art der Wetten, die Sie abgeben d\u00fcrfen. Diese werden normalerweise als Einzel oder Multi bezeichnet, aber es kann separate Schaltfl\u00e4chen f\u00fcr Parlay, Reverse, If Bet, Teaser usw. geben. Um eine Wette zu platzieren, m\u00fcssen Sie mindestens eine Auswahl zum Wettschein hinzuf\u00fcgen, und in der Regel gibt es kein maximales Limit f\u00fcr die Anzahl der Wetten. Eine Auswahl hinzuzuf\u00fcgen, k\u00f6nnte nicht einfacher sein, klicken oder tippen Sie einfach auf den gew\u00e4hlten Wettmarkt und er wird automatisch angezeigt.<\/p>\n<p>Schauen Sie sich Ihren Wettschein genau an, und Sie werden bemerken, wie viele Informationen er eigentlich liefert. Je nach Benutzeroberfl\u00e4che wird die Anzahl der ausgew\u00e4hlten Wetten entweder oben oder unten auf dem Wettschein angezeigt. Wenn Sie entscheiden, dass Sie zu viele Ereignisse ausgew\u00e4hlt haben, klicken Sie einfach auf das &#8222;L\u00f6schen&#8220;-Symbol neben jeder Auswahl. Die andere M\u00f6glichkeit, die Sie haben, ist, alle Auswahlen \u00fcber den <strong>\u201eAlle entfernen\u201c oder \u201eAlles l\u00f6schen\u201c Button<\/strong> zu entfernen.<\/p>\n<p>Nachdem Sie die Ereignisse, auf die Sie wetten m\u00f6chten, ausgew\u00e4hlt haben, f\u00fcgen Sie den Betrag hinzu, den Sie wetten m\u00f6chten. Wenn nicht gen\u00fcgend Guthaben auf Ihrem Konto vorhanden ist, wird der Wettschein Sie auffordern, eine Einzahlung zu t\u00e4tigen und dann mit Ihrer Wette fortzufahren. Wenn Sie sich entschieden haben, eine Mehrfachwette abzugeben, erlauben einige Buchmacher, f\u00fcr jedes Ereignis einen separaten Betrag einzugeben, w\u00e4hrend andere die Option hinzugef\u00fcgt haben, einen gemeinsamen Einsatz anzugeben.<\/p>\n<p>Unter allen ausgew\u00e4hlten M\u00e4rkten sehen Sie drei Arten von Informationen &#8211; <strong>Gesamtquoten, gesetzter Betrag und potenzielle Gewinne<\/strong>. Wenn alles auf Ihrem Wettschein in Ordnung ist, m\u00fcssen Sie nur die Schaltfl\u00e4che Wette Best\u00e4tigen dr\u00fccken. Diese Schaltfl\u00e4che kann auch Einreichen, Jetzt Wetten, Wette Platzieren usw. genannt werden.<\/p>\n<p>Eine der praktischsten Funktionen dieses Online-Sportwetten-Elements ist, dass es Sie jedes Mal benachrichtigt, wenn die Quoten fallen oder steigen oder wenn eines der ausgew\u00e4hlten Ereignisse beendet ist, bevor Sie Ihre Wette best\u00e4tigt haben.<\/p>\n<h2 id=\"how\">Wie Der Wettschein Ihre Gewinne Berechnet<\/h2>\n<p><img decoding=\"async\" src=\"https:\/\/www.sportingpedia.com\/wp-content\/uploads\/2021\/02\/football-betting-kelly-criterion_formula.svg\" alt=\"Wie Der Wettschein Ihre Gewinne Berechnet\" width=\"300\" class=\"alignleft\"> Wettende m\u00fcssen sich keine Sorgen um die Mathematik machen, da ihr Wettschein als Online-Rechner fungiert, der je nach Art der platzierten Wette unterschiedliche Einstellungen hat. Wenn Sie es vorziehen, Einzelwetten zu platzieren, sollten Sie wissen, dass Ihre endg\u00fcltigen Gewinne berechnet werden, indem Sie Ihren Einsatz mit den jeweiligen Quoten multiplizieren. Zum Beispiel m\u00f6chten Sie auf einen Sieg von <strong>Aston Villa<\/strong> gegen Watford im n\u00e4chsten Premier-League-Spiel setzen:<\/p>\n<div class=\"clear\"><\/div>\n<ul>\n<li>Quoten: 1,59 x Einsatz: 10 \u20ac    <\/li>\n<li>Gewinne: 15,90 \u20ac    <\/li>\n<li>Profit: 15,90 \u20ac &#8211; 10 \u20ac = 5,90 \u20ac<\/li>\n<\/ul>\n<p>Wenn Einzelwetten f\u00fcr Sie nicht herausfordernd genug sind oder Sie h\u00f6here Gewinne erzielen m\u00f6chten, k\u00f6nnen Sie versuchen, Vorhersagen durch eine Kombiwette zu machen. Um diese Art von Wette zu platzieren, m\u00fcssen Sie auf mehrere Ereignisse klicken, um sie zum Wettschein hinzuzuf\u00fcgen, und dann die entsprechende Wettkategorie angeben. Hier ist <strong>der Betrag, der gewonnen werden kann, viel h\u00f6her, da die Quoten multipliziert werden<\/strong>. Es ist nicht so kompliziert, wie es klingt, das werden Sie sehen, wenn Sie sich das folgende Beispiel ansehen. Angenommen, zus\u00e4tzlich zu dem oben genannten Ereignis entscheiden Sie sich auch, auf das Ergebnis der Spiele Fulham gegen Huddersfield Town (Quoten von 7,6 f\u00fcr Huddersfield) und Hull City gegen Barnsley (Quoten von 3,3 f\u00fcr ein Unentschieden) zu wetten.<\/p>\n<ul>\n<li>Quoten: 1,59 x 7,6 x 3,3 Einsatz: 10 \u20ac    <\/li>\n<li>Gewinne: 398,77 \u20ac    <\/li>\n<li>Profit: 15,90 \u20ac &#8211; 10 \u20ac = 388,77 \u20ac<\/li>\n<\/ul>\n<p>Das sieht gar nicht schlecht aus, oder? Ein so lukrativer Gewinn ist nur mit den risikoreichen Akkumulatoren m\u00f6glich. Denken Sie daran, dass Sie Ihren Einsatz verlieren, wenn nur eine Ihrer Vorhersagen nicht erfolgreich ist. Im Laufe der Zeit erlangte eine andere Wettart, das System, bei Online-Wettenden gro\u00dfe Beliebtheit. Aufgrund ihrer Natur tragen sie ein geringeres Risiko, aber die m\u00f6glichen Gewinne sind auch nicht so hoch.<\/p>\n<p>Wieder einmal schauen wir uns ein Beispiel an, um Ihnen zu zeigen, wie Wettscheine in Bezug auf Systemwetten funktionieren. Spiele und Quoten bleiben wie im Fall der Akkumulatorwetten oben gleich. Vorausgesetzt, Sie haben das 2 aus 3 System gew\u00e4hlt und setzen 10 \u20ac auf drei Kombinationen, <strong>wird Ihr urspr\u00fcnglicher Einsatz mit 3 multipliziert, also 10 \u20ac x 3 = 30 \u20ac<\/strong>. Wette 1 ist Sieg Aston Villa &#8211; Quoten von 1,59, Wette 2 ist Sieg Huddersfield Town &#8211; Quoten von 7,6, und Wette 3 ist Unentschieden Hull City gegen Barnsley &#8211; Quoten von 3,3.<\/p>\n<ul>\n<li>Wenn Wette 1 und Wette 2 richtig sind, aber Wette 3 nicht, erfolgt die Berechnung wie folgt: 10 \u20ac x 1,59 x 7,6 = 120,84 \u20ac;<\/li>\n<li>Wenn Wette 1 und Wette 3 richtig sind, aber Wette 2 nicht, erfolgt die Berechnung wie folgt: 10 \u20ac x 1,59 x 3,3 = 52,47 \u20ac; <\/li>\n<li>Wenn Wette 2 und Wette 3 richtig sind, aber Wette 1 nicht, erfolgt die Berechnung wie folgt: 10 \u20ac x 7,6 x 3,3 = 250,80 \u20ac.<\/li>\n<\/ul>\n<h2 id=\"tips\">Tipps<\/h2>\n<p><img decoding=\"async\" src=\"https:\/\/www.sportingpedia.com\/wp-content\/uploads\/2021\/02\/football-betting-challenge-bets-tactics_common-strategies.svg\" alt=\"Wettipps\" width=\"300\" class=\"alignleft\"> Nachdem Sie die obigen Informationen gelesen haben, sind Sie bereits mit allem vertraut, was Sie \u00fcber die Elemente des Wettscheins wissen m\u00fcssen und wie er funktioniert. Wir haben eine kurze Liste von Tipps zusammengestellt, um zu einem <strong>angenehmen, sicheren und profitablen Fu\u00dfballwetterlebnis<\/strong> beizutragen.<\/p>\n<ul>\n<li>Geben Sie der Erfolgswahrscheinlichkeit Priorit\u00e4t vor der Rentabilit\u00e4t der Wette selbst;<\/li>\n<li>\u00dcberpr\u00fcfen Sie die Auswahl, die Sie Ihrem Wettschein hinzugef\u00fcgt haben, doppelt. So vermeiden Sie Ungenauigkeiten aufgrund falsch gelesener Quoten oder versehentlich ausgew\u00e4hlter Wettm\u00e4rkte;<\/li>\n<li>Auch wenn Sie schon lange bei einer bestimmten Wettseite wetten, vergleichen Sie immer die Quoten, die sie bietet, mit denen anderer seri\u00f6ser Buchmacher;<\/li>\n<li>Wenn Sie nicht nur ein Freizeitwetter sind, sondern langfristig dabei bleiben m\u00f6chten, sollten Sie besser einen separaten Fonds f\u00fcr Wettzwecke bestimmen, der in keiner Weise mit den Ressourcen verbunden ist, die Sie zur Deckung Ihrer t\u00e4glichen Bed\u00fcrfnisse ben\u00f6tigen.<\/li>\n<\/ul>\n","protected":false},"excerpt":{"rendered":"<p>Wenn Sie ein erfahrener Wettanbieter sind, wissen Sie bereits, dass der Wettschein ein integraler Bestandteil Ihrer t\u00e4glichen Wetterfahrung ist. Es ist ein grundlegender Aspekt bei der Platzierung von Fu\u00dfballwetten online, daher ist es von besonderer Bedeutung, die Funktionsweise perfekt zu verstehen, um das Beste daraus machen zu k\u00f6nnen. Zu Beginn der Sportwetten war die einzige [&hellip;]<\/p>\n","protected":false},"author":11,"featured_media":0,"parent":115635,"menu_order":0,"comment_status":"closed","ping_status":"closed","template":"template-guide-page.php","meta":{"footnotes":""},"class_list":["post-115801","page","type-page","status-publish","hentry"],"yoast_head":"<!-- This site is optimized with the Yoast SEO plugin v26.6 - https:\/\/yoast.com\/wordpress\/plugins\/seo\/ -->\n<title>Wettschein - Fu\u00dfball-Wettschein<\/title>\n<meta name=\"description\" content=\"Wenn Sie ein erfahrener Wettfreund sind, wissen Sie bereits, dass der Wettschein ein integraler Bestandteil Ihrer t\u00e4glichen Fu\u00dfballwetterfahrung ist.\" \/>\n<meta name=\"robots\" content=\"index, follow, max-snippet:-1, max-image-preview:large, max-video-preview:-1\" \/>\n<link rel=\"canonical\" href=\"https:\/\/www.sportingpedia.com\/de\/football-betting\/football-bet-slip\/\" \/>\n<meta property=\"og:locale\" content=\"de_DE\" \/>\n<meta property=\"og:type\" content=\"article\" \/>\n<meta property=\"og:title\" content=\"Wettschein - Fu\u00dfball-Wettschein\" \/>\n<meta property=\"og:description\" content=\"Wenn Sie ein erfahrener Wettfreund sind, wissen Sie bereits, dass der Wettschein ein integraler Bestandteil Ihrer t\u00e4glichen Fu\u00dfballwetterfahrung ist.\" \/>\n<meta property=\"og:url\" content=\"https:\/\/www.sportingpedia.com\/de\/football-betting\/football-bet-slip\/\" \/>\n<meta property=\"og:site_name\" content=\"Sportingpedia - Latest Sports News From All Over the World\" \/>\n<meta property=\"article:modified_time\" content=\"2025-05-20T09:01:21+00:00\" \/>\n<meta property=\"og:image\" content=\"https:\/\/www.sportingpedia.com\/wp-content\/uploads\/2021\/02\/football-betting-kelly-criterion_explained.svg\" \/>\n<meta name=\"twitter:card\" content=\"summary_large_image\" \/>\n<meta name=\"twitter:label1\" content=\"Gesch\u00e4tzte Lesezeit\" \/>\n\t<meta name=\"twitter:data1\" content=\"6\u00a0Minuten\" \/>\n<script type=\"application\/ld+json\" class=\"yoast-schema-graph\">{\"@context\":\"https:\/\/schema.org\",\"@graph\":[{\"@type\":\"WebPage\",\"@id\":\"https:\/\/www.sportingpedia.com\/de\/football-betting\/football-bet-slip\/\",\"url\":\"https:\/\/www.sportingpedia.com\/de\/football-betting\/football-bet-slip\/\",\"name\":\"Wettschein - Fu\u00dfball-Wettschein\",\"isPartOf\":{\"@id\":\"https:\/\/www.sportingpedia.com\/de\/#website\"},\"primaryImageOfPage\":{\"@id\":\"https:\/\/www.sportingpedia.com\/de\/football-betting\/football-bet-slip\/#primaryimage\"},\"image\":{\"@id\":\"https:\/\/www.sportingpedia.com\/de\/football-betting\/football-bet-slip\/#primaryimage\"},\"thumbnailUrl\":\"https:\/\/www.sportingpedia.com\/wp-content\/uploads\/2021\/02\/football-betting-kelly-criterion_explained.svg\",\"datePublished\":\"2025-04-10T07:02:29+00:00\",\"dateModified\":\"2025-05-20T09:01:21+00:00\",\"description\":\"Wenn Sie ein erfahrener Wettfreund sind, wissen Sie bereits, dass der Wettschein ein integraler Bestandteil Ihrer t\u00e4glichen Fu\u00dfballwetterfahrung ist.\",\"breadcrumb\":{\"@id\":\"https:\/\/www.sportingpedia.com\/de\/football-betting\/football-bet-slip\/#breadcrumb\"},\"inLanguage\":\"de\",\"potentialAction\":[{\"@type\":\"ReadAction\",\"target\":[\"https:\/\/www.sportingpedia.com\/de\/football-betting\/football-bet-slip\/\"]}]},{\"@type\":\"ImageObject\",\"inLanguage\":\"de\",\"@id\":\"https:\/\/www.sportingpedia.com\/de\/football-betting\/football-bet-slip\/#primaryimage\",\"url\":\"https:\/\/www.sportingpedia.com\/wp-content\/uploads\/2021\/02\/football-betting-kelly-criterion_explained.svg\",\"contentUrl\":\"https:\/\/www.sportingpedia.com\/wp-content\/uploads\/2021\/02\/football-betting-kelly-criterion_explained.svg\"},{\"@type\":\"BreadcrumbList\",\"@id\":\"https:\/\/www.sportingpedia.com\/de\/football-betting\/football-bet-slip\/#breadcrumb\",\"itemListElement\":[{\"@type\":\"ListItem\",\"position\":1,\"name\":\"Startseite\",\"item\":\"https:\/\/www.sportingpedia.com\/de\/home-de\/\"},{\"@type\":\"ListItem\",\"position\":2,\"name\":\"Fu\u00dfballwetten\",\"item\":\"https:\/\/www.sportingpedia.com\/de\/football-betting\/\"},{\"@type\":\"ListItem\",\"position\":3,\"name\":\"Fu\u00dfball Wettschein\"}]},{\"@type\":\"WebSite\",\"@id\":\"https:\/\/www.sportingpedia.com\/de\/#website\",\"url\":\"https:\/\/www.sportingpedia.com\/de\/\",\"name\":\"Sportingpedia - Latest Sports News From All Over the World\",\"description\":\"\",\"publisher\":{\"@id\":\"https:\/\/www.sportingpedia.com\/de\/#organization\"},\"potentialAction\":[{\"@type\":\"SearchAction\",\"target\":{\"@type\":\"EntryPoint\",\"urlTemplate\":\"https:\/\/www.sportingpedia.com\/de\/?s={search_term_string}\"},\"query-input\":{\"@type\":\"PropertyValueSpecification\",\"valueRequired\":true,\"valueName\":\"search_term_string\"}}],\"inLanguage\":\"de\"},{\"@type\":\"Organization\",\"@id\":\"https:\/\/www.sportingpedia.com\/de\/#organization\",\"name\":\"SportingPedia\",\"url\":\"https:\/\/www.sportingpedia.com\/de\/\",\"logo\":{\"@type\":\"ImageObject\",\"inLanguage\":\"de\",\"@id\":\"https:\/\/www.sportingpedia.com\/de\/#\/schema\/logo\/image\/\",\"url\":\"https:\/\/www.sportingpedia.com\/wp-content\/uploads\/2019\/10\/SportingPedia_logo.png\",\"contentUrl\":\"https:\/\/www.sportingpedia.com\/wp-content\/uploads\/2019\/10\/SportingPedia_logo.png\",\"width\":600,\"height\":101,\"caption\":\"SportingPedia\"},\"image\":{\"@id\":\"https:\/\/www.sportingpedia.com\/de\/#\/schema\/logo\/image\/\"}}]}<\/script>\n<!-- \/ Yoast SEO plugin. -->","yoast_head_json":{"title":"Wettschein - Fu\u00dfball-Wettschein","description":"Wenn Sie ein erfahrener Wettfreund sind, wissen Sie bereits, dass der Wettschein ein integraler Bestandteil Ihrer t\u00e4glichen Fu\u00dfballwetterfahrung ist.","robots":{"index":"index","follow":"follow","max-snippet":"max-snippet:-1","max-image-preview":"max-image-preview:large","max-video-preview":"max-video-preview:-1"},"canonical":"https:\/\/www.sportingpedia.com\/de\/football-betting\/football-bet-slip\/","og_locale":"de_DE","og_type":"article","og_title":"Wettschein - Fu\u00dfball-Wettschein","og_description":"Wenn Sie ein erfahrener Wettfreund sind, wissen Sie bereits, dass der Wettschein ein integraler Bestandteil Ihrer t\u00e4glichen Fu\u00dfballwetterfahrung ist.","og_url":"https:\/\/www.sportingpedia.com\/de\/football-betting\/football-bet-slip\/","og_site_name":"Sportingpedia - Latest Sports News From All Over the World","article_modified_time":"2025-05-20T09:01:21+00:00","og_image":[{"url":"https:\/\/www.sportingpedia.com\/wp-content\/uploads\/2021\/02\/football-betting-kelly-criterion_explained.svg","type":"","width":"","height":""}],"twitter_card":"summary_large_image","twitter_misc":{"Gesch\u00e4tzte Lesezeit":"6\u00a0Minuten"},"schema":{"@context":"https:\/\/schema.org","@graph":[{"@type":"WebPage","@id":"https:\/\/www.sportingpedia.com\/de\/football-betting\/football-bet-slip\/","url":"https:\/\/www.sportingpedia.com\/de\/football-betting\/football-bet-slip\/","name":"Wettschein - Fu\u00dfball-Wettschein","isPartOf":{"@id":"https:\/\/www.sportingpedia.com\/de\/#website"},"primaryImageOfPage":{"@id":"https:\/\/www.sportingpedia.com\/de\/football-betting\/football-bet-slip\/#primaryimage"},"image":{"@id":"https:\/\/www.sportingpedia.com\/de\/football-betting\/football-bet-slip\/#primaryimage"},"thumbnailUrl":"https:\/\/www.sportingpedia.com\/wp-content\/uploads\/2021\/02\/football-betting-kelly-criterion_explained.svg","datePublished":"2025-04-10T07:02:29+00:00","dateModified":"2025-05-20T09:01:21+00:00","description":"Wenn Sie ein erfahrener Wettfreund sind, wissen Sie bereits, dass der Wettschein ein integraler Bestandteil Ihrer t\u00e4glichen Fu\u00dfballwetterfahrung ist.","breadcrumb":{"@id":"https:\/\/www.sportingpedia.com\/de\/football-betting\/football-bet-slip\/#breadcrumb"},"inLanguage":"de","potentialAction":[{"@type":"ReadAction","target":["https:\/\/www.sportingpedia.com\/de\/football-betting\/football-bet-slip\/"]}]},{"@type":"ImageObject","inLanguage":"de","@id":"https:\/\/www.sportingpedia.com\/de\/football-betting\/football-bet-slip\/#primaryimage","url":"https:\/\/www.sportingpedia.com\/wp-content\/uploads\/2021\/02\/football-betting-kelly-criterion_explained.svg","contentUrl":"https:\/\/www.sportingpedia.com\/wp-content\/uploads\/2021\/02\/football-betting-kelly-criterion_explained.svg"},{"@type":"BreadcrumbList","@id":"https:\/\/www.sportingpedia.com\/de\/football-betting\/football-bet-slip\/#breadcrumb","itemListElement":[{"@type":"ListItem","position":1,"name":"Startseite","item":"https:\/\/www.sportingpedia.com\/de\/home-de\/"},{"@type":"ListItem","position":2,"name":"Fu\u00dfballwetten","item":"https:\/\/www.sportingpedia.com\/de\/football-betting\/"},{"@type":"ListItem","position":3,"name":"Fu\u00dfball Wettschein"}]},{"@type":"WebSite","@id":"https:\/\/www.sportingpedia.com\/de\/#website","url":"https:\/\/www.sportingpedia.com\/de\/","name":"Sportingpedia - Latest Sports News From All Over the World","description":"","publisher":{"@id":"https:\/\/www.sportingpedia.com\/de\/#organization"},"potentialAction":[{"@type":"SearchAction","target":{"@type":"EntryPoint","urlTemplate":"https:\/\/www.sportingpedia.com\/de\/?s={search_term_string}"},"query-input":{"@type":"PropertyValueSpecification","valueRequired":true,"valueName":"search_term_string"}}],"inLanguage":"de"},{"@type":"Organization","@id":"https:\/\/www.sportingpedia.com\/de\/#organization","name":"SportingPedia","url":"https:\/\/www.sportingpedia.com\/de\/","logo":{"@type":"ImageObject","inLanguage":"de","@id":"https:\/\/www.sportingpedia.com\/de\/#\/schema\/logo\/image\/","url":"https:\/\/www.sportingpedia.com\/wp-content\/uploads\/2019\/10\/SportingPedia_logo.png","contentUrl":"https:\/\/www.sportingpedia.com\/wp-content\/uploads\/2019\/10\/SportingPedia_logo.png","width":600,"height":101,"caption":"SportingPedia"},"image":{"@id":"https:\/\/www.sportingpedia.com\/de\/#\/schema\/logo\/image\/"}}]}},"_links":{"self":[{"href":"https:\/\/www.sportingpedia.com\/de\/wp-json\/wp\/v2\/pages\/115801","targetHints":{"allow":["GET"]}}],"collection":[{"href":"https:\/\/www.sportingpedia.com\/de\/wp-json\/wp\/v2\/pages"}],"about":[{"href":"https:\/\/www.sportingpedia.com\/de\/wp-json\/wp\/v2\/types\/page"}],"author":[{"embeddable":true,"href":"https:\/\/www.sportingpedia.com\/de\/wp-json\/wp\/v2\/users\/11"}],"replies":[{"embeddable":true,"href":"https:\/\/www.sportingpedia.com\/de\/wp-json\/wp\/v2\/comments?post=115801"}],"version-history":[{"count":2,"href":"https:\/\/www.sportingpedia.com\/de\/wp-json\/wp\/v2\/pages\/115801\/revisions"}],"predecessor-version":[{"id":128615,"href":"https:\/\/www.sportingpedia.com\/de\/wp-json\/wp\/v2\/pages\/115801\/revisions\/128615"}],"up":[{"embeddable":true,"href":"https:\/\/www.sportingpedia.com\/de\/wp-json\/wp\/v2\/pages\/115635"}],"wp:attachment":[{"href":"https:\/\/www.sportingpedia.com\/de\/wp-json\/wp\/v2\/media?parent=115801"}],"curies":[{"name":"wp","href":"https:\/\/api.w.org\/{rel}","templated":true}]}}