{"id":115805,"date":"2025-04-10T07:02:30","date_gmt":"2025-04-10T07:02:30","guid":{"rendered":"https:\/\/www.sportingpedia.com\/?page_id=115805"},"modified":"2025-05-20T09:07:22","modified_gmt":"2025-05-20T09:07:22","slug":"standard-horse-racing-bets","status":"publish","type":"page","link":"https:\/\/www.sportingpedia.com\/de\/horse-racing-betting\/standard-horse-racing-bets\/","title":{"rendered":"Standard-Pferderennen-Wetten"},"content":{"rendered":"<p><img decoding=\"async\" src=\"http:\/\/www.sportingpedia.com\/wp-content\/uploads\/2021\/02\/horse-racing-betting_intro.svg\" alt=\"Standard Horse Racing Bets\" width=\"300\" class=\"alignleft\" \/>Vielleicht wunderst du dich, wie es m\u00f6glich ist, dass ein Sport mit einer so langen Geschichte wie Pferderennen nicht nur weiterhin praktiziert wird, sondern in verschiedenen Teilen der Welt beeindruckende Beliebtheit genie\u00dft. W\u00e4hrend seine Dynamik und Vielfalt von vielen Fans sehr gesch\u00e4tzt wird, spielt die <strong>intrinsische Verbindung des Sports mit Gl\u00fccksspielen<\/strong> eine wesentliche Rolle in dieser Beziehung. In seiner modernen Form st\u00fctzt sich der Pferderennsport vor allem auf die Sportwettenindustrie, da sie einen erheblichen Prozentsatz der Finanzierung des Sports bereitstellt. Viele Rennstrecken k\u00f6nnten einfach nicht ohne die finanzielle Unterst\u00fctzung von ortsans\u00e4ssigen und Online-Buchmachern funktionieren.<\/p>\n<p>Das Wesen des Pferderennens setzt die Verf\u00fcgbarkeit verschiedener Wettarten voraus, einige sind leichter zu platzieren und andere erfordern Erfahrung im Sportwettenbereich und gute Kenntnisse der Disziplin. Sie werden im Allgemeinen in zwei Kategorien unterteilt &#8211; Standardwetten auf Pferderennen und exotische Wetten. <strong>Das charakteristische Merkmal von Standardwetten ist, dass sie ein einzelnes Pferd in einem einzelnen Rennen beinhalten und statistisch gesehen eher erfolgreich sind<\/strong>. Der vorliegende Artikel wird alles erkl\u00e4ren, was du wissen musst, um eine fundierte Wettstrategie zu entwickeln.<\/p>\n\n<p>Es gibt einige Unterschiede in den Namen der Standardwetten auf Pferderennen weltweit. In den USA hei\u00dfen sie Win, Place, Show und Across the board, w\u00e4hrend in den meisten anderen Regionen einfache M\u00e4rkte Win, Place und Each-way genannt werden.<\/p>\n<ol class=\"bookies-grid\">\r\n\t<li>\r\n\t\t<a rel=\"nofollow\" target=\"_blank\" href=\"\/out\/mybookie?au&#x3D;138&amp;bp&#x3D;1\"<\/a>\r\n\t\t\t<figure>\r\n\t\t\t  \t<img decoding=\"async\" src=\"https:\/\/www.sportingpedia.com\/wp-content\/uploads\/logos\/lg-mybookie-logo.jpg\" width=\"110\" height=\"55\">\r\n\t\t\t<\/figure>\r\n\r\n\t\t\t<div>\r\n\t\t\t  \t<span class=\"bookie-name\">MyBookie<\/span>\r\n\r\n\t\t\t  \t<span class=\"bookie-rating\">Rating: 4.9 <b>&starf;<\/b><\/span>\r\n\t\t\t<\/div>\r\n\t\t<\/a>\r\n\t<\/li>\r\n\t<li>\r\n\t\t<a rel=\"nofollow\" target=\"_blank\" href=\"\/out\/bovada?au&#x3D;138&amp;bp&#x3D;2\"<\/a>\r\n\t\t\t<figure>\r\n\t\t\t  \t<img decoding=\"async\" src=\"https:\/\/www.sportingpedia.com\/wp-content\/uploads\/logos\/lg-bovada-logo.jpg\" width=\"110\" height=\"55\">\r\n\t\t\t<\/figure>\r\n\r\n\t\t\t<div>\r\n\t\t\t  \t<span class=\"bookie-name\">Bovada<\/span>\r\n\r\n\t\t\t  \t<span class=\"bookie-rating\">Rating: 4.8 <b>&starf;<\/b><\/span>\r\n\t\t\t<\/div>\r\n\t\t<\/a>\r\n\t<\/li>\r\n\t<li>\r\n\t\t<a rel=\"nofollow\" target=\"_blank\" href=\"\/out\/xbet?au&#x3D;138&amp;bp&#x3D;3\"<\/a>\r\n\t\t\t<figure>\r\n\t\t\t  \t<img decoding=\"async\" src=\"https:\/\/www.sportingpedia.com\/wp-content\/uploads\/logos\/lg-xbet-logo.jpg\" width=\"110\" height=\"55\">\r\n\t\t\t<\/figure>\r\n\r\n\t\t\t<div>\r\n\t\t\t  \t<span class=\"bookie-name\">XBet<\/span>\r\n\r\n\t\t\t  \t<span class=\"bookie-rating\">Rating: 4.7 <b>&starf;<\/b><\/span>\r\n\t\t\t<\/div>\r\n\t\t<\/a>\r\n\t<\/li>\r\n\t<li>\r\n\t\t<a rel=\"nofollow\" target=\"_blank\" href=\"\/out\/intertops?au&#x3D;138&amp;bp&#x3D;4\"<\/a>\r\n\t\t\t<figure>\r\n\t\t\t  \t<img decoding=\"async\" src=\"https:\/\/www.sportingpedia.com\/wp-content\/uploads\/logos\/lg-everygame-logo.webp\" width=\"110\" height=\"55\">\r\n\t\t\t<\/figure>\r\n\r\n\t\t\t<div>\r\n\t\t\t  \t<span class=\"bookie-name\">Everygame<\/span>\r\n\r\n\t\t\t  \t<span class=\"bookie-rating\">Rating: 4.6 <b>&starf;<\/b><\/span>\r\n\t\t\t<\/div>\r\n\t\t<\/a>\r\n\t<\/li>\r\n\t<li>\r\n\t\t<a rel=\"nofollow\" target=\"_blank\" href=\"\/out\/betusr?au&#x3D;138&amp;bp&#x3D;5\"<\/a>\r\n\t\t\t<figure>\r\n\t\t\t  \t<img decoding=\"async\" src=\"https:\/\/www.sportingpedia.com\/wp-content\/uploads\/logos\/lg-betusr-logo.jpg\" width=\"110\" height=\"55\">\r\n\t\t\t<\/figure>\r\n\r\n\t\t\t<div>\r\n\t\t\t  \t<span class=\"bookie-name\">BetUSR<\/span>\r\n\r\n\t\t\t  \t<span class=\"bookie-rating\">Rating: 4.5 <b>&starf;<\/b><\/span>\r\n\t\t\t<\/div>\r\n\t\t<\/a>\r\n\t<\/li>\r\n\t<li>\r\n\t\t<a rel=\"nofollow\" target=\"_blank\" href=\"\/out\/vave?au&#x3D;138&amp;bp&#x3D;6\"<\/a>\r\n\t\t\t<figure>\r\n\t\t\t  \t<img decoding=\"async\" src=\"https:\/\/www.sportingpedia.com\/wp-content\/uploads\/logos\/lg-vave-logo.webp\" width=\"110\" height=\"55\">\r\n\t\t\t<\/figure>\r\n\r\n\t\t\t<div>\r\n\t\t\t  \t<span class=\"bookie-name\">Vave<\/span>\r\n\r\n\t\t\t  \t<span class=\"bookie-rating\">Rating: 4.4 <b>&starf;<\/b><\/span>\r\n\t\t\t<\/div>\r\n\t\t<\/a>\r\n\t<\/li>\r\n<\/ol><script>\n  setTimeout(function(){\n    if(!document.getElementById('JasHAAffsaMosaAdsANa2i')) {\n      jQuery('a[target=\"_blank\"]').removeAttr('target');\n    }\n  }, 1000);\n<\/script>\n\n<h2 id=\"win_bet\">Siegwette<\/h2>\n<p><img decoding=\"async\" src=\"https:\/\/www.sportingpedia.com\/wp-content\/uploads\/2021\/02\/betting-sites-payment-methods_cost-and-fees.svg\" alt=\"Siegwette\" width=\"300\" class=\"alignleft\" \/>Es versteht sich von selbst, dass dies die am h\u00e4ufigsten platzierte Wette ist, da sie \u00e4u\u00dferst einfach ist. Sie m\u00fcssen nur vorhersagen, <strong>welches bestimmte Pferd das Rennen gewinnen wird<\/strong>. Die Wette ist erfolgreich, wenn der Wettk\u00e4mpfer die Ziellinie zuerst \u00fcberschreitet, und eine verlorene, falls ein anderes Ergebnis eintritt. Die Siegwette bietet die lukrativsten potenziellen Auszahlungen unter allen Standardpferderennenwetten, da sie am schwierigsten korrekt vorherzusagen ist.<\/p>\n<p>Wenn Wettende Direktwetten ausf\u00fchren, einschlie\u00dflich der Siegwette, wird ihr <strong>potenzieller Verlust oder Gewinn durch feste Quoten bestimmt<\/strong>, die vom jeweiligen Online-Buchmacher angeboten werden. Sie k\u00f6nnen es einfach sehen, indem Sie auf den Button f\u00fcr das betreffende Ereignis klicken. Ein neues Fenster wird ge\u00f6ffnet und obwohl Buchmacher unterschiedliche Oberfl\u00e4chen haben, sieht die Tabellen\u00fcberschrift f\u00fcr den Siegwettenmarkt in den meisten F\u00e4llen folgenderma\u00dfen aus:<\/p>\n<div class=\"table-responsive\">\n<table class=\"previewTable\">\n<tbody>\n<tr>\n<td>Nr.<\/td>\n<td>Pferdename<\/td>\n<td>Trainer\/Jockey<\/td>\n<td>Alter\/Gewicht<\/td>\n<td>Form<\/td>\n<td>Aktuelle Quoten<\/td>\n<\/tr>\n<\/tbody>\n<\/table>\n<\/div>\n<p>Dies sind die Hauptpfeiler, auf denen Sie Ihre Prognose aufbauen k\u00f6nnen. Einige erstklassige Online-Sportwettenanbieter gehen sogar noch weiter und ver\u00f6ffentlichen eine kurze Zusammenfassung f\u00fcr das kommende Rennen, die einige wichtige Erkenntnisse zu den Top-Favoriten und ihrer bisherigen Rivalit\u00e4t enth\u00e4lt. Die Bereitstellung von <strong>statistischen Daten \u00fcber jedes Pferd ist f\u00fcr Wettbegeisterte vorteilhaft<\/strong>, da sie keine Zeit mit der Suche danach verlieren m\u00fcssen.<\/p>\n<p>Es ist wichtig zu beachten, dass beim Pari-Mutuel-Wetten die Dinge ganz anders aussehen. Die Quoten sind nicht wie im allgemeinen Fall fest, sondern schwanken, da der Preispool von den eingehenden Eins\u00e4tzen bis zum letzten Moment abh\u00e4ngt. Nachdem die Morning-Line-Quoten ver\u00f6ffentlicht wurden, beginnen die Wettenden ihre Wetten zu platzieren und dr\u00fccken die Zahlen so in die eine oder andere Richtung. Zum Beispiel, wenn viele Wettende ihr Geld auf ein bestimmtes Pferd setzen, verk\u00fcrzen sich dessen Quoten erheblich.<\/p>\n<h2 id=\"place_bet\">Platzwette<\/h2>\n<p><img decoding=\"async\" src=\"http:\/\/www.sportingpedia.com\/wp-content\/uploads\/2021\/02\/horse-racing-betting_hallmarks.svg\" alt=\"Platzwette\" width=\"300\" class=\"alignleft \" \/>Wenn Sie eine gr\u00f6\u00dfere Portion Sicherheit ben\u00f6tigen und sich mit weniger g\u00fcnstigen Quoten abfinden k\u00f6nnen, ist die Pferderenn-Platzwette genau das Richtige f\u00fcr Sie. Hierbei geht es erneut nur um ein Pferd, aber diesmal k\u00f6nnen Wetter vorhersagen, ob es den ersten oder zweiten Platz belegt. Dies ist eine wunderbare M\u00f6glichkeit, wenn Ihr ausgew\u00e4hlter Teilnehmer einen ebenso starken Gegner hat und Sie sich nicht trauen, ihn mit einer Gewinnwette zu unterst\u00fctzen. Das ausgew\u00e4hlte Pferd muss immer noch gut abschneiden, aber mit der Platzwette lassen Sie ein wenig Spielraum f\u00fcr einen Fehler. Dieser Wettmarkt erm\u00f6glicht es den Wettern, <strong>ein Pferd zu unterst\u00fctzen und einen gewissen, wenn auch minimalen, Gewinn zu garantieren, falls es nicht gewinnt<\/strong>.<\/p>\n<h2 id=\"show\">Show Wette<\/h2>\n<p><img decoding=\"async\" src=\"https:\/\/www.sportingpedia.com\/wp-content\/uploads\/2021\/01\/betting-sites-countries_digital-wallets.svg\" alt=\"Show Bet\" width=\"300\" class=\"alignleft\" \/>Die Standardwette im Pferderennen mit dem geringsten Risiko ist die Show Wette, da sie die ersten drei Pl\u00e4tze abdeckt und somit <strong>mehr Chancen f\u00fcr eine korrekte Vorhersage<\/strong> bietet. Wann macht es Sinn, eine solche Wette zu platzieren? Je wettbewerbsintensiver ein Rennen ist, desto schwieriger ist es zu beurteilen, welches der Pferde mit \u00e4hnlichen F\u00e4higkeiten und Leistungen als Sieger hervorgehen wird. Die Formkurve des Pferdes kann Ihnen zeigen, welcher Art von Performer Ihr gew\u00e4hlter Konkurrent ist und Ihnen helfen zu entscheiden, ob es sich lohnt, eine Show Wette zu platzieren. Ein Pferd ohne Sieg in den letzten f\u00fcnf Rennen, aber mit konstanten Top-3-Platzierungen, ist eine viel bessere Wahl als ein Pferd mit zwei Siegen, die von einigen dramatisch niedrigen Platzierungen begleitet werden. Mit anderen Worten, <strong>es ist nicht so entscheidend, einen Konkurrenten mit herausragenden Eigenschaften zu finden, sondern einen, der kontinuierlich gut abschneidet<\/strong>.<\/p>\n<p>Um einen Eindruck davon zu bekommen, inwieweit sich die Quoten dieser drei Hauptwetten im Pferderennen unterscheiden, sehen Sie sich die folgende Tabelle mit echten Daten vom Rennen in Haydock, Gro\u00dfbritannien, an.<\/p>\n<div class=\"table-responsive\">\n<table class=\"previewTable\">\n<tbody>\n<tr>\n<th colspan=\"2\">L&#8217;Incorrigible (Mr Thomas M O&#8217;Brien (3))<\/th>\n<\/tr>\n<tr>\n<td>Wettmarkt<\/td>\n<td>Quoten<\/td>\n<\/tr>\n<tr>\n<td>Gewinner<\/td>\n<td>4,5<\/td>\n<\/tr>\n<tr>\n<td>In Top 2<\/td>\n<td>2,056<\/td>\n<\/tr>\n<tr>\n<td>In Top 3<\/td>\n<td>1,375<\/td>\n<\/tr>\n<\/tbody>\n<\/table>\n<\/div>\n<h2 id=\"each_way\">Each-Way-Wett-System<\/h2>\n<p><img decoding=\"async\" class=\"alignleft\" src=\"https:\/\/www.sportingpedia.com\/wp-content\/uploads\/2021\/02\/betting-sites-payment-methods_advantages.svg\" alt=\"Each-Way-Wett-System\" width=\"300\" \/>Die Each-Way-Wettsystem-Methode erm\u00f6glicht es Wettenden, <strong>zwei Standard-Pferderennenwetten auf einem Ticket zu kombinieren<\/strong>. Die gemischte Wette umfasst fast immer eine Gewinnwette (Win) und entweder eine Platzwette (Place) oder eine Anwesenheitswette (Show) zu gleichen Kosten. Wenn das ausgew\u00e4hlte Pferd gewinnt, erhalten Sie einen Gewinn f\u00fcr beide Eins\u00e4tze. Wenn es den zweiten oder dritten Platz erreicht, bringt Ihnen nur der Platzteil der Each-Way-Wette eine Auszahlung. Manchmal ist es m\u00f6glich, dass die Platzwette mehr Positionen abdeckt, aber das h\u00e4ngt von der Bereitschaft des Buchmachers und der Anzahl der teilnehmenden Pferde ab. Zum Beispiel k\u00f6nnen Sie nicht erwarten, dass der 4. Platz enthalten ist, wenn die Gesamtanzahl der Pferde ebenfalls vier ist.<\/p>\n<p>Bevor Sie sich entscheiden, ob Sie eine Each-Way-Wette platzieren m\u00f6chten oder nicht, sollten Sie sicherstellen, dass Sie zumindest keinen Verlust machen, falls Ihre Auswahl einen Platz belegt. \u00dcberpr\u00fcfen Sie sorgf\u00e4ltig die Quoten, um zu vermeiden, dass Sie Geld verlieren, wenn die Quoten f\u00fcr die Platzwette zu ung\u00fcnstig sind.<\/p>\n<h2 id=\"Conclusion\">Fazit<\/h2>\n<p><img decoding=\"async\" class=\"alignleft\" src=\"https:\/\/www.sportingpedia.com\/wp-content\/uploads\/2022\/01\/conclusion.svg\" alt=\"Conclusion\" width=\"300\" \/>Bevor Sie mit dem Wetten auf Pferderennen mit echtem Geld beginnen, sollten keine unklaren Fragen offen sein, egal ob Sie direkt auf der Rennbahn oder \u00fcber eine Online-Wettplattform wetten. Wir raten Ihnen, nichts zu \u00fcberst\u00fcrzen und <strong>zun\u00e4chst das Wetten auf seine grundlegenden Elemente zu reduzieren<\/strong>. Standard-Wetttypen sind ein hervorragender Ausgangspunkt, da sie sich auf ein einzelnes Pferd konzentrieren. Nachdem Sie etwas Erfahrung gesammelt haben, k\u00f6nnen Sie problemlos mit Wetttypen fortfahren, die h\u00f6here Auszahlungen bieten, aber auch riskanter sind. Im n\u00e4chsten Teil unseres Leitfadens k\u00f6nnen Sie mehr dar\u00fcber erfahren, also lassen Sie uns fortfahren.<\/p>\n","protected":false},"excerpt":{"rendered":"<p>Vielleicht wunderst du dich, wie es m\u00f6glich ist, dass ein Sport mit einer so langen Geschichte wie Pferderennen nicht nur weiterhin praktiziert wird, sondern in verschiedenen Teilen der Welt beeindruckende Beliebtheit genie\u00dft. W\u00e4hrend seine Dynamik und Vielfalt von vielen Fans sehr gesch\u00e4tzt wird, spielt die intrinsische Verbindung des Sports mit Gl\u00fccksspielen eine wesentliche Rolle in [&hellip;]<\/p>\n","protected":false},"author":17,"featured_media":0,"parent":115637,"menu_order":200,"comment_status":"closed","ping_status":"closed","template":"template-guide-page.php","meta":{"footnotes":""},"class_list":["post-115805","page","type-page","status-publish","hentry"],"yoast_head":"<!-- This site is optimized with the Yoast SEO plugin v26.6 - https:\/\/yoast.com\/wordpress\/plugins\/seo\/ -->\n<title>Standardwetten beim Pferderennen - Sieg-Wette, Show-Wette, Platz-Wette, Each-Way-Wette<\/title>\n<meta name=\"description\" content=\"Standard-Pferderennwetten im Detail erkl\u00e4rt. Wir besprechen die Sieg-Wette, Platz-Wette, Platzieren-Wette und Each-Way-Wetten.\" \/>\n<meta name=\"robots\" content=\"index, follow, max-snippet:-1, max-image-preview:large, max-video-preview:-1\" \/>\n<link rel=\"canonical\" href=\"https:\/\/www.sportingpedia.com\/de\/horse-racing-betting\/standard-horse-racing-bets\/\" \/>\n<meta property=\"og:locale\" content=\"de_DE\" \/>\n<meta property=\"og:type\" content=\"article\" \/>\n<meta property=\"og:title\" content=\"Standardwetten beim Pferderennen - Sieg-Wette, Show-Wette, Platz-Wette, Each-Way-Wette\" \/>\n<meta property=\"og:description\" content=\"Standard-Pferderennwetten im Detail erkl\u00e4rt. Wir besprechen die Sieg-Wette, Platz-Wette, Platzieren-Wette und Each-Way-Wetten.\" \/>\n<meta property=\"og:url\" content=\"https:\/\/www.sportingpedia.com\/de\/horse-racing-betting\/standard-horse-racing-bets\/\" \/>\n<meta property=\"og:site_name\" content=\"Sportingpedia - Latest Sports News From All Over the World\" \/>\n<meta property=\"article:modified_time\" content=\"2025-05-20T09:07:22+00:00\" \/>\n<meta property=\"og:image\" content=\"http:\/\/www.sportingpedia.com\/wp-content\/uploads\/2021\/02\/horse-racing-betting_intro.svg\" \/>\n<meta name=\"twitter:card\" content=\"summary_large_image\" \/>\n<meta name=\"twitter:label1\" content=\"Gesch\u00e4tzte Lesezeit\" \/>\n\t<meta name=\"twitter:data1\" content=\"6\u00a0Minuten\" \/>\n<script type=\"application\/ld+json\" class=\"yoast-schema-graph\">{\"@context\":\"https:\/\/schema.org\",\"@graph\":[{\"@type\":\"WebPage\",\"@id\":\"https:\/\/www.sportingpedia.com\/de\/horse-racing-betting\/standard-horse-racing-bets\/\",\"url\":\"https:\/\/www.sportingpedia.com\/de\/horse-racing-betting\/standard-horse-racing-bets\/\",\"name\":\"Standardwetten beim Pferderennen - Sieg-Wette, Show-Wette, Platz-Wette, Each-Way-Wette\",\"isPartOf\":{\"@id\":\"https:\/\/www.sportingpedia.com\/de\/#website\"},\"primaryImageOfPage\":{\"@id\":\"https:\/\/www.sportingpedia.com\/de\/horse-racing-betting\/standard-horse-racing-bets\/#primaryimage\"},\"image\":{\"@id\":\"https:\/\/www.sportingpedia.com\/de\/horse-racing-betting\/standard-horse-racing-bets\/#primaryimage\"},\"thumbnailUrl\":\"http:\/\/www.sportingpedia.com\/wp-content\/uploads\/2021\/02\/horse-racing-betting_intro.svg\",\"datePublished\":\"2025-04-10T07:02:30+00:00\",\"dateModified\":\"2025-05-20T09:07:22+00:00\",\"description\":\"Standard-Pferderennwetten im Detail erkl\u00e4rt. Wir besprechen die Sieg-Wette, Platz-Wette, Platzieren-Wette und Each-Way-Wetten.\",\"breadcrumb\":{\"@id\":\"https:\/\/www.sportingpedia.com\/de\/horse-racing-betting\/standard-horse-racing-bets\/#breadcrumb\"},\"inLanguage\":\"de\",\"potentialAction\":[{\"@type\":\"ReadAction\",\"target\":[\"https:\/\/www.sportingpedia.com\/de\/horse-racing-betting\/standard-horse-racing-bets\/\"]}]},{\"@type\":\"ImageObject\",\"inLanguage\":\"de\",\"@id\":\"https:\/\/www.sportingpedia.com\/de\/horse-racing-betting\/standard-horse-racing-bets\/#primaryimage\",\"url\":\"http:\/\/www.sportingpedia.com\/wp-content\/uploads\/2021\/02\/horse-racing-betting_intro.svg\",\"contentUrl\":\"http:\/\/www.sportingpedia.com\/wp-content\/uploads\/2021\/02\/horse-racing-betting_intro.svg\"},{\"@type\":\"BreadcrumbList\",\"@id\":\"https:\/\/www.sportingpedia.com\/de\/horse-racing-betting\/standard-horse-racing-bets\/#breadcrumb\",\"itemListElement\":[{\"@type\":\"ListItem\",\"position\":1,\"name\":\"Startseite\",\"item\":\"https:\/\/www.sportingpedia.com\/de\/home-de\/\"},{\"@type\":\"ListItem\",\"position\":2,\"name\":\"Pferderennen-Wetten\",\"item\":\"https:\/\/www.sportingpedia.com\/de\/horse-racing-betting\/\"},{\"@type\":\"ListItem\",\"position\":3,\"name\":\"Standard-Pferderennen-Wetten\"}]},{\"@type\":\"WebSite\",\"@id\":\"https:\/\/www.sportingpedia.com\/de\/#website\",\"url\":\"https:\/\/www.sportingpedia.com\/de\/\",\"name\":\"Sportingpedia - Latest Sports News From All Over the World\",\"description\":\"\",\"publisher\":{\"@id\":\"https:\/\/www.sportingpedia.com\/de\/#organization\"},\"potentialAction\":[{\"@type\":\"SearchAction\",\"target\":{\"@type\":\"EntryPoint\",\"urlTemplate\":\"https:\/\/www.sportingpedia.com\/de\/?s={search_term_string}\"},\"query-input\":{\"@type\":\"PropertyValueSpecification\",\"valueRequired\":true,\"valueName\":\"search_term_string\"}}],\"inLanguage\":\"de\"},{\"@type\":\"Organization\",\"@id\":\"https:\/\/www.sportingpedia.com\/de\/#organization\",\"name\":\"SportingPedia\",\"url\":\"https:\/\/www.sportingpedia.com\/de\/\",\"logo\":{\"@type\":\"ImageObject\",\"inLanguage\":\"de\",\"@id\":\"https:\/\/www.sportingpedia.com\/de\/#\/schema\/logo\/image\/\",\"url\":\"https:\/\/www.sportingpedia.com\/wp-content\/uploads\/2019\/10\/SportingPedia_logo.png\",\"contentUrl\":\"https:\/\/www.sportingpedia.com\/wp-content\/uploads\/2019\/10\/SportingPedia_logo.png\",\"width\":600,\"height\":101,\"caption\":\"SportingPedia\"},\"image\":{\"@id\":\"https:\/\/www.sportingpedia.com\/de\/#\/schema\/logo\/image\/\"}}]}<\/script>\n<!-- \/ Yoast SEO plugin. -->","yoast_head_json":{"title":"Standardwetten beim Pferderennen - Sieg-Wette, Show-Wette, Platz-Wette, Each-Way-Wette","description":"Standard-Pferderennwetten im Detail erkl\u00e4rt. Wir besprechen die Sieg-Wette, Platz-Wette, Platzieren-Wette und Each-Way-Wetten.","robots":{"index":"index","follow":"follow","max-snippet":"max-snippet:-1","max-image-preview":"max-image-preview:large","max-video-preview":"max-video-preview:-1"},"canonical":"https:\/\/www.sportingpedia.com\/de\/horse-racing-betting\/standard-horse-racing-bets\/","og_locale":"de_DE","og_type":"article","og_title":"Standardwetten beim Pferderennen - Sieg-Wette, Show-Wette, Platz-Wette, Each-Way-Wette","og_description":"Standard-Pferderennwetten im Detail erkl\u00e4rt. Wir besprechen die Sieg-Wette, Platz-Wette, Platzieren-Wette und Each-Way-Wetten.","og_url":"https:\/\/www.sportingpedia.com\/de\/horse-racing-betting\/standard-horse-racing-bets\/","og_site_name":"Sportingpedia - Latest Sports News From All Over the World","article_modified_time":"2025-05-20T09:07:22+00:00","og_image":[{"url":"http:\/\/www.sportingpedia.com\/wp-content\/uploads\/2021\/02\/horse-racing-betting_intro.svg","type":"","width":"","height":""}],"twitter_card":"summary_large_image","twitter_misc":{"Gesch\u00e4tzte Lesezeit":"6\u00a0Minuten"},"schema":{"@context":"https:\/\/schema.org","@graph":[{"@type":"WebPage","@id":"https:\/\/www.sportingpedia.com\/de\/horse-racing-betting\/standard-horse-racing-bets\/","url":"https:\/\/www.sportingpedia.com\/de\/horse-racing-betting\/standard-horse-racing-bets\/","name":"Standardwetten beim Pferderennen - Sieg-Wette, Show-Wette, Platz-Wette, Each-Way-Wette","isPartOf":{"@id":"https:\/\/www.sportingpedia.com\/de\/#website"},"primaryImageOfPage":{"@id":"https:\/\/www.sportingpedia.com\/de\/horse-racing-betting\/standard-horse-racing-bets\/#primaryimage"},"image":{"@id":"https:\/\/www.sportingpedia.com\/de\/horse-racing-betting\/standard-horse-racing-bets\/#primaryimage"},"thumbnailUrl":"http:\/\/www.sportingpedia.com\/wp-content\/uploads\/2021\/02\/horse-racing-betting_intro.svg","datePublished":"2025-04-10T07:02:30+00:00","dateModified":"2025-05-20T09:07:22+00:00","description":"Standard-Pferderennwetten im Detail erkl\u00e4rt. Wir besprechen die Sieg-Wette, Platz-Wette, Platzieren-Wette und Each-Way-Wetten.","breadcrumb":{"@id":"https:\/\/www.sportingpedia.com\/de\/horse-racing-betting\/standard-horse-racing-bets\/#breadcrumb"},"inLanguage":"de","potentialAction":[{"@type":"ReadAction","target":["https:\/\/www.sportingpedia.com\/de\/horse-racing-betting\/standard-horse-racing-bets\/"]}]},{"@type":"ImageObject","inLanguage":"de","@id":"https:\/\/www.sportingpedia.com\/de\/horse-racing-betting\/standard-horse-racing-bets\/#primaryimage","url":"http:\/\/www.sportingpedia.com\/wp-content\/uploads\/2021\/02\/horse-racing-betting_intro.svg","contentUrl":"http:\/\/www.sportingpedia.com\/wp-content\/uploads\/2021\/02\/horse-racing-betting_intro.svg"},{"@type":"BreadcrumbList","@id":"https:\/\/www.sportingpedia.com\/de\/horse-racing-betting\/standard-horse-racing-bets\/#breadcrumb","itemListElement":[{"@type":"ListItem","position":1,"name":"Startseite","item":"https:\/\/www.sportingpedia.com\/de\/home-de\/"},{"@type":"ListItem","position":2,"name":"Pferderennen-Wetten","item":"https:\/\/www.sportingpedia.com\/de\/horse-racing-betting\/"},{"@type":"ListItem","position":3,"name":"Standard-Pferderennen-Wetten"}]},{"@type":"WebSite","@id":"https:\/\/www.sportingpedia.com\/de\/#website","url":"https:\/\/www.sportingpedia.com\/de\/","name":"Sportingpedia - Latest Sports News From All Over the World","description":"","publisher":{"@id":"https:\/\/www.sportingpedia.com\/de\/#organization"},"potentialAction":[{"@type":"SearchAction","target":{"@type":"EntryPoint","urlTemplate":"https:\/\/www.sportingpedia.com\/de\/?s={search_term_string}"},"query-input":{"@type":"PropertyValueSpecification","valueRequired":true,"valueName":"search_term_string"}}],"inLanguage":"de"},{"@type":"Organization","@id":"https:\/\/www.sportingpedia.com\/de\/#organization","name":"SportingPedia","url":"https:\/\/www.sportingpedia.com\/de\/","logo":{"@type":"ImageObject","inLanguage":"de","@id":"https:\/\/www.sportingpedia.com\/de\/#\/schema\/logo\/image\/","url":"https:\/\/www.sportingpedia.com\/wp-content\/uploads\/2019\/10\/SportingPedia_logo.png","contentUrl":"https:\/\/www.sportingpedia.com\/wp-content\/uploads\/2019\/10\/SportingPedia_logo.png","width":600,"height":101,"caption":"SportingPedia"},"image":{"@id":"https:\/\/www.sportingpedia.com\/de\/#\/schema\/logo\/image\/"}}]}},"_links":{"self":[{"href":"https:\/\/www.sportingpedia.com\/de\/wp-json\/wp\/v2\/pages\/115805","targetHints":{"allow":["GET"]}}],"collection":[{"href":"https:\/\/www.sportingpedia.com\/de\/wp-json\/wp\/v2\/pages"}],"about":[{"href":"https:\/\/www.sportingpedia.com\/de\/wp-json\/wp\/v2\/types\/page"}],"author":[{"embeddable":true,"href":"https:\/\/www.sportingpedia.com\/de\/wp-json\/wp\/v2\/users\/17"}],"replies":[{"embeddable":true,"href":"https:\/\/www.sportingpedia.com\/de\/wp-json\/wp\/v2\/comments?post=115805"}],"version-history":[{"count":2,"href":"https:\/\/www.sportingpedia.com\/de\/wp-json\/wp\/v2\/pages\/115805\/revisions"}],"predecessor-version":[{"id":128651,"href":"https:\/\/www.sportingpedia.com\/de\/wp-json\/wp\/v2\/pages\/115805\/revisions\/128651"}],"up":[{"embeddable":true,"href":"https:\/\/www.sportingpedia.com\/de\/wp-json\/wp\/v2\/pages\/115637"}],"wp:attachment":[{"href":"https:\/\/www.sportingpedia.com\/de\/wp-json\/wp\/v2\/media?parent=115805"}],"curies":[{"name":"wp","href":"https:\/\/api.w.org\/{rel}","templated":true}]}}