{"id":115807,"date":"2025-04-10T07:02:30","date_gmt":"2025-04-10T07:02:30","guid":{"rendered":"https:\/\/www.sportingpedia.com\/?page_id=115807"},"modified":"2025-05-20T09:08:12","modified_gmt":"2025-05-20T09:08:12","slug":"live-in-play-betting","status":"publish","type":"page","link":"https:\/\/www.sportingpedia.com\/de\/horse-racing-betting\/live-in-play-betting\/","title":{"rendered":"Live-\/In-Play-Wetten"},"content":{"rendered":"<p><img decoding=\"async\" src=\"https:\/\/www.sportingpedia.com\/wp-content\/uploads\/2021\/02\/horse-racing-betting_in-play.svg\" alt=\"Live\/In-Play Betting\" width=\"300\" class=\"alignleft\" \/><strong>In relativ kurzer Zeit hat sich das Live-Wetten von einem Experiment zu einem gro\u00dfen Gesch\u00e4ft entwickelt<\/strong>, eine Funktion, die sich kein selbst respektierender Online-Buchmacher leisten k\u00f6nnte, auszulassen. Traditionelle Pferderennwetten bieten immer noch viele Wettm\u00f6glichkeiten, darunter Wetten, die Tage oder Wochen vor einem bestimmten Ereignis platziert werden, sowie einige Wetten am Vorabend des Rennens. F\u00fcr die verw\u00f6hnten Wettenden von heute ist es jedoch immer seltener, die einfachen Sieg-, Platz- und Show-Wetten als attraktiv genug anzusehen, sodass sie unweigerlich nach anspruchsvolleren Optionen suchen. Zum Gl\u00fcck f\u00fcr sie leben wir in modernen Zeiten, in denen der technologische Fortschritt viele Bereiche vorantreibt, einschlie\u00dflich der Wetten w\u00e4hrend des Rennens.<\/p>\n\n<p>Diese Art des Wettens erm\u00f6glicht es Pferderennsportbegeisterten, <strong>eine Vielzahl verschiedener Wetten w\u00e4hrend des Rennens zu platzieren<\/strong>, sodass sie auf das, was gerade passiert, reagieren und ihre urspr\u00fcnglich geplanten Wetten anhand der neuesten verf\u00fcgbaren Informationen anpassen k\u00f6nnen. W\u00e4hrend man einige Voruntersuchungen anstellen kann, muss man beim Live-Wetten sofort Entscheidungen treffen, und dies ist keineswegs eine leichte Aufgabe, wenn es um eine schnelle Sportart wie Pferderennen geht.<\/p>\n<ol class=\"bookies-grid\">\r\n\t<li>\r\n\t\t<a rel=\"nofollow\" target=\"_blank\" href=\"\/out\/mybookie?au&#x3D;138&amp;bp&#x3D;1\"<\/a>\r\n\t\t\t<figure>\r\n\t\t\t  \t<img decoding=\"async\" src=\"https:\/\/www.sportingpedia.com\/wp-content\/uploads\/logos\/lg-mybookie-logo.jpg\" width=\"110\" height=\"55\">\r\n\t\t\t<\/figure>\r\n\r\n\t\t\t<div>\r\n\t\t\t  \t<span class=\"bookie-name\">MyBookie<\/span>\r\n\r\n\t\t\t  \t<span class=\"bookie-rating\">Rating: 4.9 <b>&starf;<\/b><\/span>\r\n\t\t\t<\/div>\r\n\t\t<\/a>\r\n\t<\/li>\r\n\t<li>\r\n\t\t<a rel=\"nofollow\" target=\"_blank\" href=\"\/out\/bovada?au&#x3D;138&amp;bp&#x3D;2\"<\/a>\r\n\t\t\t<figure>\r\n\t\t\t  \t<img decoding=\"async\" src=\"https:\/\/www.sportingpedia.com\/wp-content\/uploads\/logos\/lg-bovada-logo.jpg\" width=\"110\" height=\"55\">\r\n\t\t\t<\/figure>\r\n\r\n\t\t\t<div>\r\n\t\t\t  \t<span class=\"bookie-name\">Bovada<\/span>\r\n\r\n\t\t\t  \t<span class=\"bookie-rating\">Rating: 4.8 <b>&starf;<\/b><\/span>\r\n\t\t\t<\/div>\r\n\t\t<\/a>\r\n\t<\/li>\r\n\t<li>\r\n\t\t<a rel=\"nofollow\" target=\"_blank\" href=\"\/out\/xbet?au&#x3D;138&amp;bp&#x3D;3\"<\/a>\r\n\t\t\t<figure>\r\n\t\t\t  \t<img decoding=\"async\" src=\"https:\/\/www.sportingpedia.com\/wp-content\/uploads\/logos\/lg-xbet-logo.jpg\" width=\"110\" height=\"55\">\r\n\t\t\t<\/figure>\r\n\r\n\t\t\t<div>\r\n\t\t\t  \t<span class=\"bookie-name\">XBet<\/span>\r\n\r\n\t\t\t  \t<span class=\"bookie-rating\">Rating: 4.7 <b>&starf;<\/b><\/span>\r\n\t\t\t<\/div>\r\n\t\t<\/a>\r\n\t<\/li>\r\n\t<li>\r\n\t\t<a rel=\"nofollow\" target=\"_blank\" href=\"\/out\/intertops?au&#x3D;138&amp;bp&#x3D;4\"<\/a>\r\n\t\t\t<figure>\r\n\t\t\t  \t<img decoding=\"async\" src=\"https:\/\/www.sportingpedia.com\/wp-content\/uploads\/logos\/lg-everygame-logo.webp\" width=\"110\" height=\"55\">\r\n\t\t\t<\/figure>\r\n\r\n\t\t\t<div>\r\n\t\t\t  \t<span class=\"bookie-name\">Everygame<\/span>\r\n\r\n\t\t\t  \t<span class=\"bookie-rating\">Rating: 4.6 <b>&starf;<\/b><\/span>\r\n\t\t\t<\/div>\r\n\t\t<\/a>\r\n\t<\/li>\r\n\t<li>\r\n\t\t<a rel=\"nofollow\" target=\"_blank\" href=\"\/out\/betusr?au&#x3D;138&amp;bp&#x3D;5\"<\/a>\r\n\t\t\t<figure>\r\n\t\t\t  \t<img decoding=\"async\" src=\"https:\/\/www.sportingpedia.com\/wp-content\/uploads\/logos\/lg-betusr-logo.jpg\" width=\"110\" height=\"55\">\r\n\t\t\t<\/figure>\r\n\r\n\t\t\t<div>\r\n\t\t\t  \t<span class=\"bookie-name\">BetUSR<\/span>\r\n\r\n\t\t\t  \t<span class=\"bookie-rating\">Rating: 4.5 <b>&starf;<\/b><\/span>\r\n\t\t\t<\/div>\r\n\t\t<\/a>\r\n\t<\/li>\r\n\t<li>\r\n\t\t<a rel=\"nofollow\" target=\"_blank\" href=\"\/out\/vave?au&#x3D;138&amp;bp&#x3D;6\"<\/a>\r\n\t\t\t<figure>\r\n\t\t\t  \t<img decoding=\"async\" src=\"https:\/\/www.sportingpedia.com\/wp-content\/uploads\/logos\/lg-vave-logo.webp\" width=\"110\" height=\"55\">\r\n\t\t\t<\/figure>\r\n\r\n\t\t\t<div>\r\n\t\t\t  \t<span class=\"bookie-name\">Vave<\/span>\r\n\r\n\t\t\t  \t<span class=\"bookie-rating\">Rating: 4.4 <b>&starf;<\/b><\/span>\r\n\t\t\t<\/div>\r\n\t\t<\/a>\r\n\t<\/li>\r\n<\/ol><script>\n  setTimeout(function(){\n    if(!document.getElementById('JasHAAffsaMosaAdsANa2i')) {\n      jQuery('a[target=\"_blank\"]').removeAttr('target');\n    }\n  }, 1000);\n<\/script>\n\n<h2 id=\"peculiarities\">Besonderheiten des Live-Pferdewettens<\/h2>\n<p><img decoding=\"async\" src=\"https:\/\/www.sportingpedia.com\/wp-content\/uploads\/2021\/02\/horse-racing-betting_intro.svg\" alt=\"Illustration eines gr\u00fcnen Helms mit schnellen Bewegungslinien.\" width=\"300\" class=\"alignleft\" \/>Bei Wettplattformen, die das <strong>Live-Wetten auf Pferderennen<\/strong> integriert haben, funktionieren alle auf \u00e4hnliche Weise. Obwohl dies auch f\u00fcr andere Sportarten gilt, ist beim Wetten auf Pferde die Zeit wirklich entscheidend. Sie m\u00fcssen die Informationen extrem schnell verarbeiten, da sich die Quoten des\/der verfolgten Konkurrenten in weniger als einer Minute erheblich erh\u00f6hen oder verringern k\u00f6nnen.<\/p>\n<p>Falls aus irgendeinem Grund laut den morgendlichen Quoten ein bestimmtes Pferd der klare Favorit ist, Sie aber seine letzten Rennen gesehen haben und bezweifeln, dass es gen\u00fcgend Kraft hat, um seinen anf\u00e4nglichen Schub beizubehalten, sollten Sie sich besser beeilen und eine Gegenwette platzieren, bevor sich die Wettquoten \u00e4ndern. Eine andere m\u00f6gliche Situation ist, dass ein Pferd tief im Feld in der Lage ist, einen finalen Sprint auszuf\u00fchren und in letzter Sekunde die Rangliste umzustellen. Wenn Sie dies fr\u00fch genug voraussehen k\u00f6nnen und <strong>rechtzeitig Ihre Siegwette auf dieses spezielle Pferd platzieren, werden Sie wahrscheinlich eine gro\u00dfe Auszahlung genie\u00dfen<\/strong>.<\/p>\n<p>Bedenken Sie, dass es immer eine gewisse Zeitverz\u00f6gerung zwischen dem Platzieren einer Wette und ihrer tats\u00e4chlichen Best\u00e4tigung gibt. Wenn Wettende eine Live-Wette platzieren, m\u00fcssen sie ein paar Sekunden warten, bis sie eine Benachrichtigung erhalten, dass die Wette erfolgt ist. Auf diese Weise stellen die Buchmacher sicher, dass <strong>die angebotenen Quoten den Verlauf des Ereignisses g\u00fcltig widerspiegeln<\/strong>. Tats\u00e4chlich ist das Live-Wetten auf Pferderennen eine Art Wettbewerb zwischen der Handelsstrategie des Betreibers und den F\u00e4higkeiten der Online-Gl\u00fccksspiel-Enthusiasten, mit der schnellen Entwicklung der Rennen Schritt zu halten.<\/p>\n<p>Unter den verschiedenen Arten von Pferderennen werden bei denen mit Spr\u00fcngen h\u00f6chstwahrscheinlich <strong>die gr\u00f6\u00dften Quotenfluktuationen<\/strong> zu beobachten sein. Nicht nur, weil die Rennen l\u00e4nger sind, was manchmal zur Erm\u00fcdung der Pferde f\u00fchrt, sondern auch, weil die Hindernisse zu mehr Fehlern neigen und somit ein pl\u00f6tzlicher Favoritenwechsel wahrscheinlicher wird.<\/p>\n<h2 id=\"cash_out\">Cash Out und Teilweises Cash Out<\/h2>\n<p><img decoding=\"async\" src=\"https:\/\/www.sportingpedia.com\/wp-content\/uploads\/2021\/02\/betting-sites-payment-methods_withdrawing-from-balance.svg\" alt=\"Cash Out und Teilweises Cash Out\" width=\"300\" class=\"alignleft\" \/>Es versteht sich von selbst, dass sowohl <strong>vollst\u00e4ndige als auch teilweise Cash-Outs den Wettenden ein gr\u00f6\u00dferes Ma\u00df an Kontrolle geben<\/strong> und auch die M\u00f6glichkeit bieten, die negativen Auswirkungen unerwarteter Ereignisse zu minimieren. Es k\u00f6nnen alle Voraussetzungen daf\u00fcr gegeben sein, dass die in Ihrer Pick 4-Wette aufgef\u00fchrten Pferde ihre Rennen gewinnen. Das Wetter kann sich jedoch stark verschlechtern und Regen die Strecke aufweichen. M\u00f6glicherweise haben Sie die M\u00f6glichkeit, vor dem vierten Rennen auszuzahlen und sich so vor Verlusten zu bewahren, falls Ihr ausgew\u00e4hltes Pferd auf einer nassen Strecke nicht gut abschneidet. Wettende, die sich f\u00fcr die Nutzung der &#8218;Cash Out&#8216;-Funktion entscheiden, erleben auch eine Verz\u00f6gerung zwischen dem Dr\u00fccken des Cash Out-Buttons und dem Erhalt der Best\u00e4tigung, dass die Transaktion verarbeitet wurde.<\/p>\n<p>Was das teilweise Cash-Out betrifft, so erm\u00f6glicht es den Wettenden zu entscheiden, wie viel von ihrem Einsatz ausbezahlt werden soll und wie viel bis zur Abrechnung der Wette verbleiben soll. Stellen Sie sich vor, Sie setzen 10 $ auf zwei Ereignisse in einem Daily Double, um 40 $ zur\u00fcckzubekommen, und die erste Wette erweist sich als erfolgreich. Sie haben die Wahl, 10 $ auszuzahlen, <strong>indem Sie Ihren urspr\u00fcnglichen Einsatz auf die Bank setzen<\/strong> und die anderen 10 $ auf das zweite Pferd belassen, um 20 $ zur\u00fcckzubekommen, wenn Ihre Vorhersage korrekt ist. Unser Beispiel deckt die recht einfache Wettart Daily Double ab, ist jedoch auch n\u00fctzlich f\u00fcr gro\u00dfe, teure Akkumulatoren. Sie k\u00f6nnen einen kleinen Prozentsatz herausnehmen und Ihren urspr\u00fcnglichen Einsatz plus eine kleine Summe abdecken, aber den gr\u00f6\u00dferen Teil laufen lassen, um letztlich <strong>eine gro\u00dfe Auszahlung zu erreichen, ohne sich Sorgen machen zu m\u00fcssen, Ihr Wettkapital zu ersch\u00f6pfen<\/strong>.<\/p>\n<p>Beachten Sie jedoch, dass die Cash-Out-Quoten in der Regel nicht so lukrativ sind. Die m\u00f6gliche Auszahlung ist nicht so verlockend, wenn das Rennen gerade erst begonnen hat oder sogar bevor die Pferde auf der Strecke sind. <strong>Je l\u00e4nger Sie warten, bevor Sie ein Cash-Out initiieren, desto vorteilhafter werden die Quoten sein<\/strong>. Andererseits wird mit jeder vergehenden Sekunde die Wahrscheinlichkeit gr\u00f6\u00dfer, dass die Wette sich dreht und Sie mit leeren H\u00e4nden dastehen.<\/p>\n<h2 id=\"live\">Live-Streaming<\/h2>\n<p><img decoding=\"async\" src=\"https:\/\/www.sportingpedia.com\/wp-content\/uploads\/2021\/02\/nfl-betting-fundamentals_the-right-time-to-bet.svg\" alt=\"Besonderheiten des Live-Pferdewettens\" width=\"300\" class=\"alignleft\" \/>Ein weiteres Merkmal, das Hand in Hand mit Live-Pferderennen-Wetten geht, ist das Live-Streaming. Die Implementierung von Live-\u00dcbertragungen ist einer der Faktoren, die in den letzten Jahren zum Aufstieg von Online-Wettplattformen beigetragen haben. Vor ein paar Jahrzehnten wurden Pferderennen nur live in station\u00e4ren Wettlokalen gezeigt. Gl\u00fccklicherweise ist dieses begehrte Element des Online-Sportwettenangebots keine Ausnahme mehr und die meisten der f\u00fchrenden Gl\u00fccksspielmarken haben es in ihr Portfolio aufgenommen. Dar\u00fcber hinaus <strong>m\u00fcssen die Wettfreunde keine zus\u00e4tzlichen Geb\u00fchren<\/strong> zahlen, um die aufregenden Pferderennen zu sehen. Wie Sie im unten stehenden Bild sehen k\u00f6nnen, werden Sie in den meisten F\u00e4llen aufgefordert, sich in Ihr Konto einzuloggen, bevor Sie Zugang zur Live-\u00dcbertragung erhalten.<\/p>\n<p><strong>Live-Streaming erm\u00f6glicht es Wettbegeisterten, den Geist des Ereignisses zu sp\u00fcren<\/strong>, da sie mit eigenen Augen sehen, was auf der Strecke passiert. Wenn Sie zum Beispiel das erste Rennen des Tages anschauen, bekommen Sie eine Vorstellung davon, wie der Rest des Tages verlaufen k\u00f6nnte. Stellen Sie sich vor, dass die Wettervorhersage vor dem Rennen bew\u00f6lktes Wetter angek\u00fcndigt hat, aber auf dem Bildschirm sehen Sie, dass es anf\u00e4ngt zu regnen.<\/p>\n<p>Dies wird Ihre Wettstrategie f\u00fcr den Tag \u00e4ndern, nicht wahr?<\/p>\n<h2 id=\"final\">Abschlie\u00dfende Worte<\/h2>\n<p><img decoding=\"async\" src=\"https:\/\/www.sportingpedia.com\/wp-content\/uploads\/2021\/02\/football-betting-calculating-bookmaker-commission_conclusion.svg\" alt=\"Abschlie\u00dfende Worte\" width=\"300\" class=\"alignleft\" \/>Es dauert eine ganze Weile und erfordert viel M\u00fche, bis Sie die richtigen F\u00e4higkeiten f\u00fcr <strong>ein erfolgreiches Live-Wetten-Erlebnis<\/strong> erlangen. Wenn Sie jedoch geduldig genug sind, haben diese das Potenzial, sich ziemlich gut auszuzahlen, also probieren Sie es aus.<\/p>\n","protected":false},"excerpt":{"rendered":"<p>In relativ kurzer Zeit hat sich das Live-Wetten von einem Experiment zu einem gro\u00dfen Gesch\u00e4ft entwickelt, eine Funktion, die sich kein selbst respektierender Online-Buchmacher leisten k\u00f6nnte, auszulassen. Traditionelle Pferderennwetten bieten immer noch viele Wettm\u00f6glichkeiten, darunter Wetten, die Tage oder Wochen vor einem bestimmten Ereignis platziert werden, sowie einige Wetten am Vorabend des Rennens. F\u00fcr die [&hellip;]<\/p>\n","protected":false},"author":17,"featured_media":0,"parent":115637,"menu_order":400,"comment_status":"closed","ping_status":"closed","template":"template-guide-page.php","meta":{"footnotes":""},"class_list":["post-115807","page","type-page","status-publish","hentry"],"yoast_head":"<!-- This site is optimized with the Yoast SEO plugin v26.6 - https:\/\/yoast.com\/wordpress\/plugins\/seo\/ -->\n<title>Pferderennen Live-Wetten\/In-Play-Wetten \u2013 Besonderheiten, Cash Out, Live-Streaming<\/title>\n<meta name=\"description\" content=\"Live-Wetten erm\u00f6glichen es Pferderennsport-Enthusiasten, zahlreiche verschiedene Wetten w\u00e4hrend des Rennens zu platzieren, sodass sie auf das aktuelle Geschehen reagieren und ihre urspr\u00fcnglich geplanten Wetten entsprechend den neuesten verf\u00fcgbaren Informationen anpassen k\u00f6nnen.\" \/>\n<meta name=\"robots\" content=\"index, follow, max-snippet:-1, max-image-preview:large, max-video-preview:-1\" \/>\n<link rel=\"canonical\" href=\"https:\/\/www.sportingpedia.com\/de\/horse-racing-betting\/live-in-play-betting\/\" \/>\n<meta property=\"og:locale\" content=\"de_DE\" \/>\n<meta property=\"og:type\" content=\"article\" \/>\n<meta property=\"og:title\" content=\"Pferderennen Live-Wetten\/In-Play-Wetten \u2013 Besonderheiten, Cash Out, Live-Streaming\" \/>\n<meta property=\"og:description\" content=\"Live-Wetten erm\u00f6glichen es Pferderennsport-Enthusiasten, zahlreiche verschiedene Wetten w\u00e4hrend des Rennens zu platzieren, sodass sie auf das aktuelle Geschehen reagieren und ihre urspr\u00fcnglich geplanten Wetten entsprechend den neuesten verf\u00fcgbaren Informationen anpassen k\u00f6nnen.\" \/>\n<meta property=\"og:url\" content=\"https:\/\/www.sportingpedia.com\/de\/horse-racing-betting\/live-in-play-betting\/\" \/>\n<meta property=\"og:site_name\" content=\"Sportingpedia - Latest Sports News From All Over the World\" \/>\n<meta property=\"article:modified_time\" content=\"2025-05-20T09:08:12+00:00\" \/>\n<meta property=\"og:image\" content=\"https:\/\/www.sportingpedia.com\/wp-content\/uploads\/2021\/02\/horse-racing-betting_in-play.svg\" \/>\n<meta name=\"twitter:card\" content=\"summary_large_image\" \/>\n<meta name=\"twitter:label1\" content=\"Gesch\u00e4tzte Lesezeit\" \/>\n\t<meta name=\"twitter:data1\" content=\"6\u00a0Minuten\" \/>\n<script type=\"application\/ld+json\" class=\"yoast-schema-graph\">{\"@context\":\"https:\/\/schema.org\",\"@graph\":[{\"@type\":\"WebPage\",\"@id\":\"https:\/\/www.sportingpedia.com\/de\/horse-racing-betting\/live-in-play-betting\/\",\"url\":\"https:\/\/www.sportingpedia.com\/de\/horse-racing-betting\/live-in-play-betting\/\",\"name\":\"Pferderennen Live-Wetten\/In-Play-Wetten \u2013 Besonderheiten, Cash Out, Live-Streaming\",\"isPartOf\":{\"@id\":\"https:\/\/www.sportingpedia.com\/de\/#website\"},\"primaryImageOfPage\":{\"@id\":\"https:\/\/www.sportingpedia.com\/de\/horse-racing-betting\/live-in-play-betting\/#primaryimage\"},\"image\":{\"@id\":\"https:\/\/www.sportingpedia.com\/de\/horse-racing-betting\/live-in-play-betting\/#primaryimage\"},\"thumbnailUrl\":\"https:\/\/www.sportingpedia.com\/wp-content\/uploads\/2021\/02\/horse-racing-betting_in-play.svg\",\"datePublished\":\"2025-04-10T07:02:30+00:00\",\"dateModified\":\"2025-05-20T09:08:12+00:00\",\"description\":\"Live-Wetten erm\u00f6glichen es Pferderennsport-Enthusiasten, zahlreiche verschiedene Wetten w\u00e4hrend des Rennens zu platzieren, sodass sie auf das aktuelle Geschehen reagieren und ihre urspr\u00fcnglich geplanten Wetten entsprechend den neuesten verf\u00fcgbaren Informationen anpassen k\u00f6nnen.\",\"breadcrumb\":{\"@id\":\"https:\/\/www.sportingpedia.com\/de\/horse-racing-betting\/live-in-play-betting\/#breadcrumb\"},\"inLanguage\":\"de\",\"potentialAction\":[{\"@type\":\"ReadAction\",\"target\":[\"https:\/\/www.sportingpedia.com\/de\/horse-racing-betting\/live-in-play-betting\/\"]}]},{\"@type\":\"ImageObject\",\"inLanguage\":\"de\",\"@id\":\"https:\/\/www.sportingpedia.com\/de\/horse-racing-betting\/live-in-play-betting\/#primaryimage\",\"url\":\"https:\/\/www.sportingpedia.com\/wp-content\/uploads\/2021\/02\/horse-racing-betting_in-play.svg\",\"contentUrl\":\"https:\/\/www.sportingpedia.com\/wp-content\/uploads\/2021\/02\/horse-racing-betting_in-play.svg\"},{\"@type\":\"BreadcrumbList\",\"@id\":\"https:\/\/www.sportingpedia.com\/de\/horse-racing-betting\/live-in-play-betting\/#breadcrumb\",\"itemListElement\":[{\"@type\":\"ListItem\",\"position\":1,\"name\":\"Startseite\",\"item\":\"https:\/\/www.sportingpedia.com\/de\/home-de\/\"},{\"@type\":\"ListItem\",\"position\":2,\"name\":\"Pferderennen-Wetten\",\"item\":\"https:\/\/www.sportingpedia.com\/de\/horse-racing-betting\/\"},{\"@type\":\"ListItem\",\"position\":3,\"name\":\"Live-\/In-Play-Wetten\"}]},{\"@type\":\"WebSite\",\"@id\":\"https:\/\/www.sportingpedia.com\/de\/#website\",\"url\":\"https:\/\/www.sportingpedia.com\/de\/\",\"name\":\"Sportingpedia - Latest Sports News From All Over the World\",\"description\":\"\",\"publisher\":{\"@id\":\"https:\/\/www.sportingpedia.com\/de\/#organization\"},\"potentialAction\":[{\"@type\":\"SearchAction\",\"target\":{\"@type\":\"EntryPoint\",\"urlTemplate\":\"https:\/\/www.sportingpedia.com\/de\/?s={search_term_string}\"},\"query-input\":{\"@type\":\"PropertyValueSpecification\",\"valueRequired\":true,\"valueName\":\"search_term_string\"}}],\"inLanguage\":\"de\"},{\"@type\":\"Organization\",\"@id\":\"https:\/\/www.sportingpedia.com\/de\/#organization\",\"name\":\"SportingPedia\",\"url\":\"https:\/\/www.sportingpedia.com\/de\/\",\"logo\":{\"@type\":\"ImageObject\",\"inLanguage\":\"de\",\"@id\":\"https:\/\/www.sportingpedia.com\/de\/#\/schema\/logo\/image\/\",\"url\":\"https:\/\/www.sportingpedia.com\/wp-content\/uploads\/2019\/10\/SportingPedia_logo.png\",\"contentUrl\":\"https:\/\/www.sportingpedia.com\/wp-content\/uploads\/2019\/10\/SportingPedia_logo.png\",\"width\":600,\"height\":101,\"caption\":\"SportingPedia\"},\"image\":{\"@id\":\"https:\/\/www.sportingpedia.com\/de\/#\/schema\/logo\/image\/\"}}]}<\/script>\n<!-- \/ Yoast SEO plugin. -->","yoast_head_json":{"title":"Pferderennen Live-Wetten\/In-Play-Wetten \u2013 Besonderheiten, Cash Out, Live-Streaming","description":"Live-Wetten erm\u00f6glichen es Pferderennsport-Enthusiasten, zahlreiche verschiedene Wetten w\u00e4hrend des Rennens zu platzieren, sodass sie auf das aktuelle Geschehen reagieren und ihre urspr\u00fcnglich geplanten Wetten entsprechend den neuesten verf\u00fcgbaren Informationen anpassen k\u00f6nnen.","robots":{"index":"index","follow":"follow","max-snippet":"max-snippet:-1","max-image-preview":"max-image-preview:large","max-video-preview":"max-video-preview:-1"},"canonical":"https:\/\/www.sportingpedia.com\/de\/horse-racing-betting\/live-in-play-betting\/","og_locale":"de_DE","og_type":"article","og_title":"Pferderennen Live-Wetten\/In-Play-Wetten \u2013 Besonderheiten, Cash Out, Live-Streaming","og_description":"Live-Wetten erm\u00f6glichen es Pferderennsport-Enthusiasten, zahlreiche verschiedene Wetten w\u00e4hrend des Rennens zu platzieren, sodass sie auf das aktuelle Geschehen reagieren und ihre urspr\u00fcnglich geplanten Wetten entsprechend den neuesten verf\u00fcgbaren Informationen anpassen k\u00f6nnen.","og_url":"https:\/\/www.sportingpedia.com\/de\/horse-racing-betting\/live-in-play-betting\/","og_site_name":"Sportingpedia - Latest Sports News From All Over the World","article_modified_time":"2025-05-20T09:08:12+00:00","og_image":[{"url":"https:\/\/www.sportingpedia.com\/wp-content\/uploads\/2021\/02\/horse-racing-betting_in-play.svg","type":"","width":"","height":""}],"twitter_card":"summary_large_image","twitter_misc":{"Gesch\u00e4tzte Lesezeit":"6\u00a0Minuten"},"schema":{"@context":"https:\/\/schema.org","@graph":[{"@type":"WebPage","@id":"https:\/\/www.sportingpedia.com\/de\/horse-racing-betting\/live-in-play-betting\/","url":"https:\/\/www.sportingpedia.com\/de\/horse-racing-betting\/live-in-play-betting\/","name":"Pferderennen Live-Wetten\/In-Play-Wetten \u2013 Besonderheiten, Cash Out, Live-Streaming","isPartOf":{"@id":"https:\/\/www.sportingpedia.com\/de\/#website"},"primaryImageOfPage":{"@id":"https:\/\/www.sportingpedia.com\/de\/horse-racing-betting\/live-in-play-betting\/#primaryimage"},"image":{"@id":"https:\/\/www.sportingpedia.com\/de\/horse-racing-betting\/live-in-play-betting\/#primaryimage"},"thumbnailUrl":"https:\/\/www.sportingpedia.com\/wp-content\/uploads\/2021\/02\/horse-racing-betting_in-play.svg","datePublished":"2025-04-10T07:02:30+00:00","dateModified":"2025-05-20T09:08:12+00:00","description":"Live-Wetten erm\u00f6glichen es Pferderennsport-Enthusiasten, zahlreiche verschiedene Wetten w\u00e4hrend des Rennens zu platzieren, sodass sie auf das aktuelle Geschehen reagieren und ihre urspr\u00fcnglich geplanten Wetten entsprechend den neuesten verf\u00fcgbaren Informationen anpassen k\u00f6nnen.","breadcrumb":{"@id":"https:\/\/www.sportingpedia.com\/de\/horse-racing-betting\/live-in-play-betting\/#breadcrumb"},"inLanguage":"de","potentialAction":[{"@type":"ReadAction","target":["https:\/\/www.sportingpedia.com\/de\/horse-racing-betting\/live-in-play-betting\/"]}]},{"@type":"ImageObject","inLanguage":"de","@id":"https:\/\/www.sportingpedia.com\/de\/horse-racing-betting\/live-in-play-betting\/#primaryimage","url":"https:\/\/www.sportingpedia.com\/wp-content\/uploads\/2021\/02\/horse-racing-betting_in-play.svg","contentUrl":"https:\/\/www.sportingpedia.com\/wp-content\/uploads\/2021\/02\/horse-racing-betting_in-play.svg"},{"@type":"BreadcrumbList","@id":"https:\/\/www.sportingpedia.com\/de\/horse-racing-betting\/live-in-play-betting\/#breadcrumb","itemListElement":[{"@type":"ListItem","position":1,"name":"Startseite","item":"https:\/\/www.sportingpedia.com\/de\/home-de\/"},{"@type":"ListItem","position":2,"name":"Pferderennen-Wetten","item":"https:\/\/www.sportingpedia.com\/de\/horse-racing-betting\/"},{"@type":"ListItem","position":3,"name":"Live-\/In-Play-Wetten"}]},{"@type":"WebSite","@id":"https:\/\/www.sportingpedia.com\/de\/#website","url":"https:\/\/www.sportingpedia.com\/de\/","name":"Sportingpedia - Latest Sports News From All Over the World","description":"","publisher":{"@id":"https:\/\/www.sportingpedia.com\/de\/#organization"},"potentialAction":[{"@type":"SearchAction","target":{"@type":"EntryPoint","urlTemplate":"https:\/\/www.sportingpedia.com\/de\/?s={search_term_string}"},"query-input":{"@type":"PropertyValueSpecification","valueRequired":true,"valueName":"search_term_string"}}],"inLanguage":"de"},{"@type":"Organization","@id":"https:\/\/www.sportingpedia.com\/de\/#organization","name":"SportingPedia","url":"https:\/\/www.sportingpedia.com\/de\/","logo":{"@type":"ImageObject","inLanguage":"de","@id":"https:\/\/www.sportingpedia.com\/de\/#\/schema\/logo\/image\/","url":"https:\/\/www.sportingpedia.com\/wp-content\/uploads\/2019\/10\/SportingPedia_logo.png","contentUrl":"https:\/\/www.sportingpedia.com\/wp-content\/uploads\/2019\/10\/SportingPedia_logo.png","width":600,"height":101,"caption":"SportingPedia"},"image":{"@id":"https:\/\/www.sportingpedia.com\/de\/#\/schema\/logo\/image\/"}}]}},"_links":{"self":[{"href":"https:\/\/www.sportingpedia.com\/de\/wp-json\/wp\/v2\/pages\/115807","targetHints":{"allow":["GET"]}}],"collection":[{"href":"https:\/\/www.sportingpedia.com\/de\/wp-json\/wp\/v2\/pages"}],"about":[{"href":"https:\/\/www.sportingpedia.com\/de\/wp-json\/wp\/v2\/types\/page"}],"author":[{"embeddable":true,"href":"https:\/\/www.sportingpedia.com\/de\/wp-json\/wp\/v2\/users\/17"}],"replies":[{"embeddable":true,"href":"https:\/\/www.sportingpedia.com\/de\/wp-json\/wp\/v2\/comments?post=115807"}],"version-history":[{"count":2,"href":"https:\/\/www.sportingpedia.com\/de\/wp-json\/wp\/v2\/pages\/115807\/revisions"}],"predecessor-version":[{"id":128656,"href":"https:\/\/www.sportingpedia.com\/de\/wp-json\/wp\/v2\/pages\/115807\/revisions\/128656"}],"up":[{"embeddable":true,"href":"https:\/\/www.sportingpedia.com\/de\/wp-json\/wp\/v2\/pages\/115637"}],"wp:attachment":[{"href":"https:\/\/www.sportingpedia.com\/de\/wp-json\/wp\/v2\/media?parent=115807"}],"curies":[{"name":"wp","href":"https:\/\/api.w.org\/{rel}","templated":true}]}}