{"id":115811,"date":"2025-04-10T07:02:31","date_gmt":"2025-04-10T07:02:31","guid":{"rendered":"https:\/\/www.sportingpedia.com\/?page_id=115811"},"modified":"2025-05-20T09:08:42","modified_gmt":"2025-05-20T09:08:42","slug":"mma-live-in-play-betting","status":"publish","type":"page","link":"https:\/\/www.sportingpedia.com\/de\/mma-betting\/mma-live-in-play-betting\/","title":{"rendered":"MMA Live\/In-Play-Wetten"},"content":{"rendered":"<p><img decoding=\"async\" src=\"http:\/\/www.sportingpedia.com\/wp-content\/uploads\/2021\/02\/mma-betting_intro.svg\" alt=\"MMA Live Betting\" width=\"300\" class=\"alignleft\" \/>Die Gl\u00fccksspielindustrie machte vor einigen Jahren einen deutlichen Sprung nach vorne und f\u00fchrte schrittweise die M\u00f6glichkeit des Live-Wettens ein. Wie bei allem Neuen waren Online-Wetter zun\u00e4chst sehr vorsichtig gegen\u00fcber dem Live-Wetten, aber heutzutage gibt es kaum jemanden, der es nicht zumindest ausprobiert hat. <strong>Live MMA-Wetten<\/strong> sind eine Form des Gl\u00fccksspiels, die es Ihnen erm\u00f6glicht, Ihre Wetten abzugeben, sobald der Kampf begonnen hat. W\u00e4hrend traditionelle Vorab-Wetten sp\u00e4testens am Tag vor Beginn des Ereignisses platziert werden m\u00fcssen, erm\u00f6glicht die Live-Option, das Wetten auf einen sp\u00e4teren Zeitpunkt zu verschieben. Ein weiterer Unterschied zur herk\u00f6mmlichen Form des Sportwettens besteht darin, dass die Quoten nicht fest sind, sondern sich dynamisch nach dem Verlauf des Kampfes \u00e4ndern.<\/p>\n\n<p>Im Gegensatz zu anderen Sportarten wie zum Beispiel <a href=\"https:\/\/www.sportingpedia.com\/de\/introduction\/\">Basketball<\/a>, wo das Live-Wettsystem fest etabliert und gut entwickelt ist, wird das Feature im Bereich der gemischten Kampfk\u00fcnste noch als in den Kinderschuhen betrachtet. Die Wettquoten werden zwischen den Runden angepasst und die verf\u00fcgbaren MMA-Wetttypen variieren normalerweise zwischen <strong>Gesamtsieger, Runde des Siegs und Methode des Siegs<\/strong>. Die Hochadrenalin-Sonderwetten, die wir im vorherigen Abschnitt unseres MMA-Wetthandbuchs besprochen haben, sind f\u00fcr das Live-Wetten noch nicht verf\u00fcgbar. Wir erwarten jedoch, dass sich dies \u00e4ndern wird, wenn das Interesse an Wetten auf diesen Sport weiter zunimmt.<\/p>\n<ol class=\"bookies-grid\">\r\n\t<li>\r\n\t\t<a rel=\"nofollow\" target=\"_blank\" href=\"\/out\/mybookie?au&#x3D;138&amp;bp&#x3D;1\"<\/a>\r\n\t\t\t<figure>\r\n\t\t\t  \t<img decoding=\"async\" src=\"https:\/\/www.sportingpedia.com\/wp-content\/uploads\/logos\/lg-mybookie-logo.jpg\" width=\"110\" height=\"55\">\r\n\t\t\t<\/figure>\r\n\r\n\t\t\t<div>\r\n\t\t\t  \t<span class=\"bookie-name\">MyBookie<\/span>\r\n\r\n\t\t\t  \t<span class=\"bookie-rating\">Rating: 4.9 <b>&starf;<\/b><\/span>\r\n\t\t\t<\/div>\r\n\t\t<\/a>\r\n\t<\/li>\r\n\t<li>\r\n\t\t<a rel=\"nofollow\" target=\"_blank\" href=\"\/out\/bovada?au&#x3D;138&amp;bp&#x3D;2\"<\/a>\r\n\t\t\t<figure>\r\n\t\t\t  \t<img decoding=\"async\" src=\"https:\/\/www.sportingpedia.com\/wp-content\/uploads\/logos\/lg-bovada-logo.jpg\" width=\"110\" height=\"55\">\r\n\t\t\t<\/figure>\r\n\r\n\t\t\t<div>\r\n\t\t\t  \t<span class=\"bookie-name\">Bovada<\/span>\r\n\r\n\t\t\t  \t<span class=\"bookie-rating\">Rating: 4.8 <b>&starf;<\/b><\/span>\r\n\t\t\t<\/div>\r\n\t\t<\/a>\r\n\t<\/li>\r\n\t<li>\r\n\t\t<a rel=\"nofollow\" target=\"_blank\" href=\"\/out\/xbet?au&#x3D;138&amp;bp&#x3D;3\"<\/a>\r\n\t\t\t<figure>\r\n\t\t\t  \t<img decoding=\"async\" src=\"https:\/\/www.sportingpedia.com\/wp-content\/uploads\/logos\/lg-xbet-logo.jpg\" width=\"110\" height=\"55\">\r\n\t\t\t<\/figure>\r\n\r\n\t\t\t<div>\r\n\t\t\t  \t<span class=\"bookie-name\">XBet<\/span>\r\n\r\n\t\t\t  \t<span class=\"bookie-rating\">Rating: 4.7 <b>&starf;<\/b><\/span>\r\n\t\t\t<\/div>\r\n\t\t<\/a>\r\n\t<\/li>\r\n\t<li>\r\n\t\t<a rel=\"nofollow\" target=\"_blank\" href=\"\/out\/intertops?au&#x3D;138&amp;bp&#x3D;4\"<\/a>\r\n\t\t\t<figure>\r\n\t\t\t  \t<img decoding=\"async\" src=\"https:\/\/www.sportingpedia.com\/wp-content\/uploads\/logos\/lg-everygame-logo.webp\" width=\"110\" height=\"55\">\r\n\t\t\t<\/figure>\r\n\r\n\t\t\t<div>\r\n\t\t\t  \t<span class=\"bookie-name\">Everygame<\/span>\r\n\r\n\t\t\t  \t<span class=\"bookie-rating\">Rating: 4.6 <b>&starf;<\/b><\/span>\r\n\t\t\t<\/div>\r\n\t\t<\/a>\r\n\t<\/li>\r\n\t<li>\r\n\t\t<a rel=\"nofollow\" target=\"_blank\" href=\"\/out\/betusr?au&#x3D;138&amp;bp&#x3D;5\"<\/a>\r\n\t\t\t<figure>\r\n\t\t\t  \t<img decoding=\"async\" src=\"https:\/\/www.sportingpedia.com\/wp-content\/uploads\/logos\/lg-betusr-logo.jpg\" width=\"110\" height=\"55\">\r\n\t\t\t<\/figure>\r\n\r\n\t\t\t<div>\r\n\t\t\t  \t<span class=\"bookie-name\">BetUSR<\/span>\r\n\r\n\t\t\t  \t<span class=\"bookie-rating\">Rating: 4.5 <b>&starf;<\/b><\/span>\r\n\t\t\t<\/div>\r\n\t\t<\/a>\r\n\t<\/li>\r\n\t<li>\r\n\t\t<a rel=\"nofollow\" target=\"_blank\" href=\"\/out\/vave?au&#x3D;138&amp;bp&#x3D;6\"<\/a>\r\n\t\t\t<figure>\r\n\t\t\t  \t<img decoding=\"async\" src=\"https:\/\/www.sportingpedia.com\/wp-content\/uploads\/logos\/lg-vave-logo.webp\" width=\"110\" height=\"55\">\r\n\t\t\t<\/figure>\r\n\r\n\t\t\t<div>\r\n\t\t\t  \t<span class=\"bookie-name\">Vave<\/span>\r\n\r\n\t\t\t  \t<span class=\"bookie-rating\">Rating: 4.4 <b>&starf;<\/b><\/span>\r\n\t\t\t<\/div>\r\n\t\t<\/a>\r\n\t<\/li>\r\n<\/ol><script>\n  setTimeout(function(){\n    if(!document.getElementById('JasHAAffsaMosaAdsANa2i')) {\n      jQuery('a[target=\"_blank\"]').removeAttr('target');\n    }\n  }, 1000);\n<\/script>\n\n<h2 id=\"specifics\">Spezifika des Live-MMA-Wettens<\/h2>\n<p><img decoding=\"async\" src=\"https:\/\/www.sportingpedia.com\/wp-content\/uploads\/2021\/02\/nfl-betting-accumulators_special-cases.svg\" alt=\"Spezifika\" width=\"300\" height=\"150\" class=\"alignleft size-full\" \/>Das erste, was MMA-Wettbegeisterte abw\u00e4gen m\u00fcssen, ist, wann der perfekte Moment ist, um ihre Wetten zu platzieren. Wir k\u00f6nnen mit Sicherheit sagen, dass die erste Runde des Kampfes weitgehend vorhersagen kann, wie der Rest der Veranstaltung verlaufen wird. Wenn Sie die ersten Anzeichen erkennen k\u00f6nnen, die K\u00e4mpfer instinktiv geben &#8211; das Testen eines bestimmten Griffs, ein explosiver Angriff direkt nach dem Gong oder der offensichtliche Schutz eines bestimmten K\u00f6rperteils, dann haben Sie wahrscheinlich <strong>das richtige St\u00fcck Information, um Ihnen zu helfen, eine gewinnbringende Wette zu platzieren<\/strong>. Dies zeigt einmal mehr, dass es beim Live-Wetten auf gemischte Kampfk\u00fcnste darum geht, schnell zu diagnostizieren, was vor Ihren Augen passiert. Wenn Sie ein gutes Gesp\u00fcr f\u00fcr die sich ver\u00e4ndernden Kr\u00e4fteverh\u00e4ltnisse und F\u00e4higkeiten haben, k\u00f6nnen Ihre Live-Wetten nicht nur spannend, sondern auch profitabel sein.<\/p>\n<p>Ein weiteres Augenmerk sollte w\u00e4hrend der ersten Runde eines MMA-Kampfes auf das Tempo der Aktion gelegt werden. Es ist eine ungeschriebene Regel, dass <strong>je schwerer die K\u00e4mpfer, desto unwahrscheinlicher ist es, dass sie ein hohes Tempo halten k\u00f6nnen<\/strong>. Wenn Sie einen Schwergewichtskampf beobachten und feststellen, dass sich die beiden Konkurrenten von Anfang an aggressiv in den Kampf st\u00fcrzen, raten wir Ihnen davon ab, darauf zu wetten, dass der Kampf mit einer Richterentscheidung endet. Wenn Sie dies im Hinterkopf haben, m\u00fcssen Sie nur noch die F\u00e4higkeiten und den Stil der Gegner bewerten, um das wahrscheinlichste Ergebnis vorherzusagen.<\/p>\n<p>Einer der Aspekte des Live-Wettens, den wir am meisten m\u00f6gen, ist, dass Online-Wetter ihre Denkweise an das, was sie sehen, anpassen k\u00f6nnen. Obwohl es nicht allzu oft vorkommt, verhalten sich K\u00e4mpfer manchmal im Oktagon auf v\u00f6llig unerwartete Weise und setzen eine bisher ungenutzte Strategie um. Wenn dies in einem Kampf passiert, f\u00fcr den Sie eine Pre-Match-Wette platziert haben, <strong>dank des Live-Wettens haben Sie die M\u00f6glichkeit, Ihre Wette abzusichern<\/strong>. Die Tatsache, dass Wettquoten w\u00e4hrend der Pausen zwischen den Runden angepasst werden, gibt Ihnen relativ genug Zeit, die Quoten verschiedener Buchmacher zu \u00fcberpr\u00fcfen und Ihre Wette dort zu platzieren, wo das Angebot am profitabelsten ist. Abh\u00e4ngig von der H\u00f6he Ihres Einsatzes kann selbst ein minimaler Unterschied zu einer deutlich h\u00f6heren Auszahlung f\u00fchren.<\/p>\n<table class=\"previewTable\">\n<tr>\n<th colspan=\"6\">Gewinnmarkt<\/th>\n<\/tr>\n<tr>\n<td><\/td>\n<td><strong>bet365<\/strong><\/td>\n<td><strong>Unibet<\/strong><\/td>\n<td><strong>SBK<\/strong><\/td>\n<td><strong>QuinnBet<\/strong><\/td>\n<td><strong>Betfair<\/strong><\/td>\n<\/tr>\n<tr>\n<td><strong>Alexander Volkanovski<\/strong><\/td>\n<td>-700<\/td>\n<td>-800<\/td>\n<td>-1000<\/td>\n<td>-650<\/td>\n<td>-500<\/td>\n<\/tr>\n<tr>\n<td><strong>Chan Sung Jung<\/strong><\/td>\n<td>500<\/td>\n<td>500<\/td>\n<td>450<\/td>\n<td>425<\/td>\n<td>560<\/td>\n<\/tr>\n<\/table>\n<p>Es gibt praktisch keine Grenzen daf\u00fcr, wie viele Muster und Trends Sie nutzen k\u00f6nnen, um Ihre Chancen auf h\u00f6here Gewinne beim Live-Wetten zu steigern. Wenn Sie den Moment des MMA sp\u00fcren und Ihre Wetten zum richtigen Zeitpunkt des Kampfes platzieren, werden Sie unweigerlich eine <strong>profitable Wett-Erfahrung<\/strong> genie\u00dfen. Wir glauben, dass sich die verf\u00fcgbaren Wettm\u00e4rkte f\u00fcr Live-Wetten erweitern werden, was bedeutet, dass Strategien und Gewinnm\u00f6glichkeiten ebenfalls steigen werden.<\/p>\n<h2 id=\"top\">Merkmale der besten MMA Live-Wettseiten<\/h2>\n<p><img decoding=\"async\" src=\"https:\/\/www.sportingpedia.com\/wp-content\/uploads\/2021\/02\/boxing-betting_features.svg\" alt=\"Merkmale\" width=\"300\" class=\"alignleft\" \/>Wenn Sie planen, Wetten auf Mixed Martial Arts abzuschlie\u00dfen, ist es von gr\u00f6\u00dfter Bedeutung, einen vertrauensw\u00fcrdigen Online-Buchmacher zu finden, der Ihren Vorlieben entspricht und gleichzeitig Ihre privaten Informationen vor unbefugtem Zugriff sch\u00fctzt. Obwohl nicht so zahlreich wie beim Fu\u00dfball, gibt es im Internet gen\u00fcgend Wettanbieter, die <strong>MMA-K\u00e4mpfe von der UFC, Bellator, ONE Championship<\/strong> und anderen Promotionsunternehmen anbieten. Die Anzahl der Online-Buchmacher ist relativ ausreichend, sodass Sie sich, solange Sie einige wichtige Elemente \u00fcberpr\u00fcfen, nicht auf Kompromisse einlassen m\u00fcssen.<\/p>\n<p>Was Live-Wetten betrifft, sollte die <strong>Auswahl an Wettm\u00e4rkten<\/strong> ber\u00fccksichtigt werden. Wie oben erw\u00e4hnt, sind die Arten von MMA-Wetten f\u00fcr Live-Eins\u00e4tze ohnehin knapp, aber einige Buchmacher gehen weiter und beschr\u00e4nken ihr Portfolio darauf, nur auf den Sieger des Kampfes zu wetten. Es lohnt sich nicht, Zeit und Geld mit einem solchen Anbieter zu verschwenden, da es einige erstklassige Wettb\u00fcros gibt, die es Ihnen erm\u00f6glichen, auf die Methode des Sieges oder darauf zu wetten, in welcher Runde die Schlacht enden wird. Es ist ratsam, ein Konto bei diesem Typ von Buchmacher einzurichten, auch wenn Sie noch ein Anf\u00e4nger sind und beabsichtigen, Standard-MMA-Wetten durchzuf\u00fchren. Im Laufe der Zeit werden Sie sicherlich Erfahrung sammeln und Ihr Wissen in anspruchsvolleren Formen des Online-Wettens anwenden wollen.<\/p>\n<p>Der \u00fcberwiegende Teil der heutigen Wettbegeisterten bevorzugt es, <strong>mobile Ger\u00e4te zum Platzieren von Wetten zu verwenden<\/strong>. In diesem Sinne wird es als erheblicher Vorteil angesehen, wenn der Gl\u00fccksspielanbieter daf\u00fcr gesorgt hat, eine spezielle <a href=\"https:\/\/www.sportingpedia.com\/de\/betting-apps\/\">Wett-App<\/a> zu entwickeln, die es Wettenden erm\u00f6glicht, ihrem Lieblingszeitvertreib auch unterwegs nachzugehen. Stellen Sie sich vor, das n\u00e4chste nummerierte UFC-Event ist f\u00fcr einen Tag geplant, an dem Sie im Urlaub sind. W\u00e4re es nicht gro\u00dfartig, wenn Sie aus dem Komfort Ihres Hotelzimmers auf den Favoriten wetten k\u00f6nnten?<\/p>\n<p>Apropos Zuschauen, lassen Sie uns eine Funktion erw\u00e4hnen, ohne die Live-Wetten nicht so aufregend w\u00e4ren, n\u00e4mlich &#8211; <strong>Live-Streaming<\/strong>. Dies ist ein Aspekt, in dem sich die Spezifit\u00e4t von MMA manifestiert. Es versteht sich von selbst, dass die spektakul\u00e4rsten und begehrtesten K\u00e4mpfe bei den nummerierten UFC-Events stattfinden. Diese werden jedoch im Pay-per-View ausgestrahlt und man muss eine Geb\u00fchr zahlen, um sie in Echtzeit zu sehen. Es ist nahezu unm\u00f6glich, einen hochqualitativen Stream zu finden und die UFC online kostenlos zu sehen. Einige der weniger hoch eingestuften Events der <strong>Ultimate Fighting Championship<\/strong> sind jedoch \u00fcber Live-Streaming bei einigen Buchmachern verf\u00fcgbar, daher lohnt es sich, dies zu \u00fcberpr\u00fcfen, wenn Sie sich fragen, welchen Anbieter Sie w\u00e4hlen sollen. Wenn Sie ein begeisterter MMA-Wettender sind, der nicht so w\u00e4hlerisch ist und den Nervenkitzel bei K\u00e4mpfen von anderen Promotionen sp\u00fcren kann, haben Sie gr\u00f6\u00dfere Chancen, die K\u00e4mpfe kostenlos zu sehen. Kleinere Unternehmen nutzen Live-Streaming-Dienste, um zu versuchen, mehr Menschen dazu zu bringen, ihre K\u00e4mpfe zu sehen.<\/p>\n<h2 id=\"final\">Abschlie\u00dfende Worte<\/h2>\n<p><img decoding=\"async\" src=\"\/wp-content\/uploads\/2022\/01\/conclusion.svg\" alt=\"conclusion\" width=\"300\" height=\"150\" class=\"alignleft size-full\" \/>Live-Wetten auf Mixed Martial Arts sind ein Bereich des Online-Gl\u00fccksspiels, der sich noch entwickeln muss. Wir freuen uns darauf, dass prominente Online-Buchmacher in Zukunft auch Spezialwetten in ihre Live-Angebote aufnehmen. Nat\u00fcrlich birgt das Platzieren von Wetten w\u00e4hrend sich MMA-K\u00e4mpfe entfalten ein gewisses Risiko, aber mit der richtigen Schulung und der Beachtung der in diesem Leitfaden beschriebenen Empfehlungen ist das Risiko wahrscheinlich lohnenswert. Das Beste, was Ihnen passieren kann, ist <strong>die richtige Wette im perfekten Moment zu platzieren und einen gesunden Gewinn zu genie\u00dfen<\/strong>.<\/p>\n","protected":false},"excerpt":{"rendered":"<p>Die Gl\u00fccksspielindustrie machte vor einigen Jahren einen deutlichen Sprung nach vorne und f\u00fchrte schrittweise die M\u00f6glichkeit des Live-Wettens ein. Wie bei allem Neuen waren Online-Wetter zun\u00e4chst sehr vorsichtig gegen\u00fcber dem Live-Wetten, aber heutzutage gibt es kaum jemanden, der es nicht zumindest ausprobiert hat. Live MMA-Wetten sind eine Form des Gl\u00fccksspiels, die es Ihnen erm\u00f6glicht, Ihre [&hellip;]<\/p>\n","protected":false},"author":8,"featured_media":0,"parent":115638,"menu_order":500,"comment_status":"closed","ping_status":"closed","template":"template-guide-page.php","meta":{"footnotes":""},"class_list":["post-115811","page","type-page","status-publish","hentry"],"yoast_head":"<!-- This site is optimized with the Yoast SEO plugin v26.6 - https:\/\/yoast.com\/wordpress\/plugins\/seo\/ -->\n<title>Live\/In-Play-MMA-Wetten - Wie man In-Play-Wetten auf MMA platziert<\/title>\n<meta name=\"description\" content=\"Live-MMA-Wetten sind eine Form des Gl\u00fccksspiels, bei der Sie Ihre Wetten platzieren k\u00f6nnen, nachdem der Kampf begonnen hat. W\u00e4hrend traditionelle Pre-Match-Wetten sp\u00e4testens am Tag vor Beginn des Events abgegeben werden m\u00fcssen, erm\u00f6glicht die In-Play-Option, das Wetten auf einen sp\u00e4teren Zeitpunkt zu verschieben.\" \/>\n<meta name=\"robots\" content=\"index, follow, max-snippet:-1, max-image-preview:large, max-video-preview:-1\" \/>\n<link rel=\"canonical\" href=\"https:\/\/www.sportingpedia.com\/de\/mma-betting\/mma-live-in-play-betting\/\" \/>\n<meta property=\"og:locale\" content=\"de_DE\" \/>\n<meta property=\"og:type\" content=\"article\" \/>\n<meta property=\"og:title\" content=\"Live\/In-Play-MMA-Wetten - Wie man In-Play-Wetten auf MMA platziert\" \/>\n<meta property=\"og:description\" content=\"Live-MMA-Wetten sind eine Form des Gl\u00fccksspiels, bei der Sie Ihre Wetten platzieren k\u00f6nnen, nachdem der Kampf begonnen hat. W\u00e4hrend traditionelle Pre-Match-Wetten sp\u00e4testens am Tag vor Beginn des Events abgegeben werden m\u00fcssen, erm\u00f6glicht die In-Play-Option, das Wetten auf einen sp\u00e4teren Zeitpunkt zu verschieben.\" \/>\n<meta property=\"og:url\" content=\"https:\/\/www.sportingpedia.com\/de\/mma-betting\/mma-live-in-play-betting\/\" \/>\n<meta property=\"og:site_name\" content=\"Sportingpedia - Latest Sports News From All Over the World\" \/>\n<meta property=\"article:modified_time\" content=\"2025-05-20T09:08:42+00:00\" \/>\n<meta property=\"og:image\" content=\"http:\/\/www.sportingpedia.com\/wp-content\/uploads\/2021\/02\/mma-betting_intro.svg\" \/>\n<meta name=\"twitter:card\" content=\"summary_large_image\" \/>\n<meta name=\"twitter:label1\" content=\"Gesch\u00e4tzte Lesezeit\" \/>\n\t<meta name=\"twitter:data1\" content=\"6\u00a0Minuten\" \/>\n<script type=\"application\/ld+json\" class=\"yoast-schema-graph\">{\"@context\":\"https:\/\/schema.org\",\"@graph\":[{\"@type\":\"WebPage\",\"@id\":\"https:\/\/www.sportingpedia.com\/de\/mma-betting\/mma-live-in-play-betting\/\",\"url\":\"https:\/\/www.sportingpedia.com\/de\/mma-betting\/mma-live-in-play-betting\/\",\"name\":\"Live\/In-Play-MMA-Wetten - Wie man In-Play-Wetten auf MMA platziert\",\"isPartOf\":{\"@id\":\"https:\/\/www.sportingpedia.com\/de\/#website\"},\"primaryImageOfPage\":{\"@id\":\"https:\/\/www.sportingpedia.com\/de\/mma-betting\/mma-live-in-play-betting\/#primaryimage\"},\"image\":{\"@id\":\"https:\/\/www.sportingpedia.com\/de\/mma-betting\/mma-live-in-play-betting\/#primaryimage\"},\"thumbnailUrl\":\"http:\/\/www.sportingpedia.com\/wp-content\/uploads\/2021\/02\/mma-betting_intro.svg\",\"datePublished\":\"2025-04-10T07:02:31+00:00\",\"dateModified\":\"2025-05-20T09:08:42+00:00\",\"description\":\"Live-MMA-Wetten sind eine Form des Gl\u00fccksspiels, bei der Sie Ihre Wetten platzieren k\u00f6nnen, nachdem der Kampf begonnen hat. W\u00e4hrend traditionelle Pre-Match-Wetten sp\u00e4testens am Tag vor Beginn des Events abgegeben werden m\u00fcssen, erm\u00f6glicht die In-Play-Option, das Wetten auf einen sp\u00e4teren Zeitpunkt zu verschieben.\",\"breadcrumb\":{\"@id\":\"https:\/\/www.sportingpedia.com\/de\/mma-betting\/mma-live-in-play-betting\/#breadcrumb\"},\"inLanguage\":\"de\",\"potentialAction\":[{\"@type\":\"ReadAction\",\"target\":[\"https:\/\/www.sportingpedia.com\/de\/mma-betting\/mma-live-in-play-betting\/\"]}]},{\"@type\":\"ImageObject\",\"inLanguage\":\"de\",\"@id\":\"https:\/\/www.sportingpedia.com\/de\/mma-betting\/mma-live-in-play-betting\/#primaryimage\",\"url\":\"http:\/\/www.sportingpedia.com\/wp-content\/uploads\/2021\/02\/mma-betting_intro.svg\",\"contentUrl\":\"http:\/\/www.sportingpedia.com\/wp-content\/uploads\/2021\/02\/mma-betting_intro.svg\"},{\"@type\":\"BreadcrumbList\",\"@id\":\"https:\/\/www.sportingpedia.com\/de\/mma-betting\/mma-live-in-play-betting\/#breadcrumb\",\"itemListElement\":[{\"@type\":\"ListItem\",\"position\":1,\"name\":\"Startseite\",\"item\":\"https:\/\/www.sportingpedia.com\/de\/home-de\/\"},{\"@type\":\"ListItem\",\"position\":2,\"name\":\"MMA Wetten\",\"item\":\"https:\/\/www.sportingpedia.com\/de\/mma-betting\/\"},{\"@type\":\"ListItem\",\"position\":3,\"name\":\"MMA Live\/In-Play-Wetten\"}]},{\"@type\":\"WebSite\",\"@id\":\"https:\/\/www.sportingpedia.com\/de\/#website\",\"url\":\"https:\/\/www.sportingpedia.com\/de\/\",\"name\":\"Sportingpedia - Latest Sports News From All Over the World\",\"description\":\"\",\"publisher\":{\"@id\":\"https:\/\/www.sportingpedia.com\/de\/#organization\"},\"potentialAction\":[{\"@type\":\"SearchAction\",\"target\":{\"@type\":\"EntryPoint\",\"urlTemplate\":\"https:\/\/www.sportingpedia.com\/de\/?s={search_term_string}\"},\"query-input\":{\"@type\":\"PropertyValueSpecification\",\"valueRequired\":true,\"valueName\":\"search_term_string\"}}],\"inLanguage\":\"de\"},{\"@type\":\"Organization\",\"@id\":\"https:\/\/www.sportingpedia.com\/de\/#organization\",\"name\":\"SportingPedia\",\"url\":\"https:\/\/www.sportingpedia.com\/de\/\",\"logo\":{\"@type\":\"ImageObject\",\"inLanguage\":\"de\",\"@id\":\"https:\/\/www.sportingpedia.com\/de\/#\/schema\/logo\/image\/\",\"url\":\"https:\/\/www.sportingpedia.com\/wp-content\/uploads\/2019\/10\/SportingPedia_logo.png\",\"contentUrl\":\"https:\/\/www.sportingpedia.com\/wp-content\/uploads\/2019\/10\/SportingPedia_logo.png\",\"width\":600,\"height\":101,\"caption\":\"SportingPedia\"},\"image\":{\"@id\":\"https:\/\/www.sportingpedia.com\/de\/#\/schema\/logo\/image\/\"}}]}<\/script>\n<!-- \/ Yoast SEO plugin. -->","yoast_head_json":{"title":"Live\/In-Play-MMA-Wetten - Wie man In-Play-Wetten auf MMA platziert","description":"Live-MMA-Wetten sind eine Form des Gl\u00fccksspiels, bei der Sie Ihre Wetten platzieren k\u00f6nnen, nachdem der Kampf begonnen hat. W\u00e4hrend traditionelle Pre-Match-Wetten sp\u00e4testens am Tag vor Beginn des Events abgegeben werden m\u00fcssen, erm\u00f6glicht die In-Play-Option, das Wetten auf einen sp\u00e4teren Zeitpunkt zu verschieben.","robots":{"index":"index","follow":"follow","max-snippet":"max-snippet:-1","max-image-preview":"max-image-preview:large","max-video-preview":"max-video-preview:-1"},"canonical":"https:\/\/www.sportingpedia.com\/de\/mma-betting\/mma-live-in-play-betting\/","og_locale":"de_DE","og_type":"article","og_title":"Live\/In-Play-MMA-Wetten - Wie man In-Play-Wetten auf MMA platziert","og_description":"Live-MMA-Wetten sind eine Form des Gl\u00fccksspiels, bei der Sie Ihre Wetten platzieren k\u00f6nnen, nachdem der Kampf begonnen hat. W\u00e4hrend traditionelle Pre-Match-Wetten sp\u00e4testens am Tag vor Beginn des Events abgegeben werden m\u00fcssen, erm\u00f6glicht die In-Play-Option, das Wetten auf einen sp\u00e4teren Zeitpunkt zu verschieben.","og_url":"https:\/\/www.sportingpedia.com\/de\/mma-betting\/mma-live-in-play-betting\/","og_site_name":"Sportingpedia - Latest Sports News From All Over the World","article_modified_time":"2025-05-20T09:08:42+00:00","og_image":[{"url":"http:\/\/www.sportingpedia.com\/wp-content\/uploads\/2021\/02\/mma-betting_intro.svg","type":"","width":"","height":""}],"twitter_card":"summary_large_image","twitter_misc":{"Gesch\u00e4tzte Lesezeit":"6\u00a0Minuten"},"schema":{"@context":"https:\/\/schema.org","@graph":[{"@type":"WebPage","@id":"https:\/\/www.sportingpedia.com\/de\/mma-betting\/mma-live-in-play-betting\/","url":"https:\/\/www.sportingpedia.com\/de\/mma-betting\/mma-live-in-play-betting\/","name":"Live\/In-Play-MMA-Wetten - Wie man In-Play-Wetten auf MMA platziert","isPartOf":{"@id":"https:\/\/www.sportingpedia.com\/de\/#website"},"primaryImageOfPage":{"@id":"https:\/\/www.sportingpedia.com\/de\/mma-betting\/mma-live-in-play-betting\/#primaryimage"},"image":{"@id":"https:\/\/www.sportingpedia.com\/de\/mma-betting\/mma-live-in-play-betting\/#primaryimage"},"thumbnailUrl":"http:\/\/www.sportingpedia.com\/wp-content\/uploads\/2021\/02\/mma-betting_intro.svg","datePublished":"2025-04-10T07:02:31+00:00","dateModified":"2025-05-20T09:08:42+00:00","description":"Live-MMA-Wetten sind eine Form des Gl\u00fccksspiels, bei der Sie Ihre Wetten platzieren k\u00f6nnen, nachdem der Kampf begonnen hat. W\u00e4hrend traditionelle Pre-Match-Wetten sp\u00e4testens am Tag vor Beginn des Events abgegeben werden m\u00fcssen, erm\u00f6glicht die In-Play-Option, das Wetten auf einen sp\u00e4teren Zeitpunkt zu verschieben.","breadcrumb":{"@id":"https:\/\/www.sportingpedia.com\/de\/mma-betting\/mma-live-in-play-betting\/#breadcrumb"},"inLanguage":"de","potentialAction":[{"@type":"ReadAction","target":["https:\/\/www.sportingpedia.com\/de\/mma-betting\/mma-live-in-play-betting\/"]}]},{"@type":"ImageObject","inLanguage":"de","@id":"https:\/\/www.sportingpedia.com\/de\/mma-betting\/mma-live-in-play-betting\/#primaryimage","url":"http:\/\/www.sportingpedia.com\/wp-content\/uploads\/2021\/02\/mma-betting_intro.svg","contentUrl":"http:\/\/www.sportingpedia.com\/wp-content\/uploads\/2021\/02\/mma-betting_intro.svg"},{"@type":"BreadcrumbList","@id":"https:\/\/www.sportingpedia.com\/de\/mma-betting\/mma-live-in-play-betting\/#breadcrumb","itemListElement":[{"@type":"ListItem","position":1,"name":"Startseite","item":"https:\/\/www.sportingpedia.com\/de\/home-de\/"},{"@type":"ListItem","position":2,"name":"MMA Wetten","item":"https:\/\/www.sportingpedia.com\/de\/mma-betting\/"},{"@type":"ListItem","position":3,"name":"MMA Live\/In-Play-Wetten"}]},{"@type":"WebSite","@id":"https:\/\/www.sportingpedia.com\/de\/#website","url":"https:\/\/www.sportingpedia.com\/de\/","name":"Sportingpedia - Latest Sports News From All Over the World","description":"","publisher":{"@id":"https:\/\/www.sportingpedia.com\/de\/#organization"},"potentialAction":[{"@type":"SearchAction","target":{"@type":"EntryPoint","urlTemplate":"https:\/\/www.sportingpedia.com\/de\/?s={search_term_string}"},"query-input":{"@type":"PropertyValueSpecification","valueRequired":true,"valueName":"search_term_string"}}],"inLanguage":"de"},{"@type":"Organization","@id":"https:\/\/www.sportingpedia.com\/de\/#organization","name":"SportingPedia","url":"https:\/\/www.sportingpedia.com\/de\/","logo":{"@type":"ImageObject","inLanguage":"de","@id":"https:\/\/www.sportingpedia.com\/de\/#\/schema\/logo\/image\/","url":"https:\/\/www.sportingpedia.com\/wp-content\/uploads\/2019\/10\/SportingPedia_logo.png","contentUrl":"https:\/\/www.sportingpedia.com\/wp-content\/uploads\/2019\/10\/SportingPedia_logo.png","width":600,"height":101,"caption":"SportingPedia"},"image":{"@id":"https:\/\/www.sportingpedia.com\/de\/#\/schema\/logo\/image\/"}}]}},"_links":{"self":[{"href":"https:\/\/www.sportingpedia.com\/de\/wp-json\/wp\/v2\/pages\/115811","targetHints":{"allow":["GET"]}}],"collection":[{"href":"https:\/\/www.sportingpedia.com\/de\/wp-json\/wp\/v2\/pages"}],"about":[{"href":"https:\/\/www.sportingpedia.com\/de\/wp-json\/wp\/v2\/types\/page"}],"author":[{"embeddable":true,"href":"https:\/\/www.sportingpedia.com\/de\/wp-json\/wp\/v2\/users\/8"}],"replies":[{"embeddable":true,"href":"https:\/\/www.sportingpedia.com\/de\/wp-json\/wp\/v2\/comments?post=115811"}],"version-history":[{"count":2,"href":"https:\/\/www.sportingpedia.com\/de\/wp-json\/wp\/v2\/pages\/115811\/revisions"}],"predecessor-version":[{"id":128659,"href":"https:\/\/www.sportingpedia.com\/de\/wp-json\/wp\/v2\/pages\/115811\/revisions\/128659"}],"up":[{"embeddable":true,"href":"https:\/\/www.sportingpedia.com\/de\/wp-json\/wp\/v2\/pages\/115638"}],"wp:attachment":[{"href":"https:\/\/www.sportingpedia.com\/de\/wp-json\/wp\/v2\/media?parent=115811"}],"curies":[{"name":"wp","href":"https:\/\/api.w.org\/{rel}","templated":true}]}}