{"id":115812,"date":"2025-04-10T07:02:31","date_gmt":"2025-04-10T07:02:31","guid":{"rendered":"https:\/\/www.sportingpedia.com\/?page_id=115812"},"modified":"2025-05-20T09:08:23","modified_gmt":"2025-05-20T09:08:23","slug":"mma-proposition-bets","status":"publish","type":"page","link":"https:\/\/www.sportingpedia.com\/de\/mma-betting\/mma-proposition-bets\/","title":{"rendered":"MMA Spezialwetten"},"content":{"rendered":"<p><img decoding=\"async\" src=\"\/wp-content\/uploads\/2021\/02\/nhl-betting_proposition-bets.svg\" alt=\"MMA Proposition Bets\" width=\"300\" class=\"alignleft\" \/>Wenn Sie kein kompletter Neuling im MMA-Wetten sind, bisher aber Ihre Echtgeldeins\u00e4tze nur auf Standard-Wettm\u00e4rkte platziert haben, ist es vielleicht an der Zeit, <strong>eine zus\u00e4tzliche Schicht Spannung zu Ihrem Wetterlebnis hinzuzuf\u00fcgen<\/strong>. Der beste Weg, dies zu tun, ist \u00fcber die vielf\u00e4ltigen MMA-Spezialwetten, die die meisten modernen Online-Wettanbieter ihren registrierten Nutzern anbieten.<\/p>\n<p>Im Allgemeinen bezieht sich Spezialwetten auf Aspekte des Spiels (in unserem Fall eines MMA-Kampfes), die nichts damit zu tun haben, wer das jeweilige Ereignis gewinnt. Den Ausgangsmethoden oder die genaue Runde vorherzusagen, in der ein Kampf endet, ist eine ziemlich herausfordernde Aufgabe, und logischerweise <strong>wird die erfolgreiche Wette mit einer profitablen Auszahlung belohnt<\/strong>. Diese risikoreichere Art des Wettens erfordert fundierte Kenntnisse des Sports und das genaue Verfolgen der Leistung einzelner K\u00e4mpfer.<\/p>\n\n<p>Die Zug\u00e4nglichkeit von Spezialwett-Typen auf Online-Wettplattformen war nicht immer so breit wie heute. Allerdings ist die Beliebtheit dieser fesselnden Wettweise in den letzten Jahren schnell gewachsen und <strong>Spezialwetten sind zu einem integralen Bestandteil der Portfolios der Buchmacher geworden<\/strong>. Je ber\u00fchmter die K\u00e4mpfer in einem bestimmten Kampf sind, desto gr\u00f6\u00dfer ist die Vielfalt an Spezialwetten, die den Wettenden angeboten werden.<\/p>\n<ol class=\"bookies-grid\">\r\n\t<li>\r\n\t\t<a rel=\"nofollow\" target=\"_blank\" href=\"\/out\/mybookie?au&#x3D;138&amp;bp&#x3D;1\"<\/a>\r\n\t\t\t<figure>\r\n\t\t\t  \t<img decoding=\"async\" src=\"https:\/\/www.sportingpedia.com\/wp-content\/uploads\/logos\/lg-mybookie-logo.jpg\" width=\"110\" height=\"55\">\r\n\t\t\t<\/figure>\r\n\r\n\t\t\t<div>\r\n\t\t\t  \t<span class=\"bookie-name\">MyBookie<\/span>\r\n\r\n\t\t\t  \t<span class=\"bookie-rating\">Rating: 4.9 <b>&starf;<\/b><\/span>\r\n\t\t\t<\/div>\r\n\t\t<\/a>\r\n\t<\/li>\r\n\t<li>\r\n\t\t<a rel=\"nofollow\" target=\"_blank\" href=\"\/out\/bovada?au&#x3D;138&amp;bp&#x3D;2\"<\/a>\r\n\t\t\t<figure>\r\n\t\t\t  \t<img decoding=\"async\" src=\"https:\/\/www.sportingpedia.com\/wp-content\/uploads\/logos\/lg-bovada-logo.jpg\" width=\"110\" height=\"55\">\r\n\t\t\t<\/figure>\r\n\r\n\t\t\t<div>\r\n\t\t\t  \t<span class=\"bookie-name\">Bovada<\/span>\r\n\r\n\t\t\t  \t<span class=\"bookie-rating\">Rating: 4.8 <b>&starf;<\/b><\/span>\r\n\t\t\t<\/div>\r\n\t\t<\/a>\r\n\t<\/li>\r\n\t<li>\r\n\t\t<a rel=\"nofollow\" target=\"_blank\" href=\"\/out\/xbet?au&#x3D;138&amp;bp&#x3D;3\"<\/a>\r\n\t\t\t<figure>\r\n\t\t\t  \t<img decoding=\"async\" src=\"https:\/\/www.sportingpedia.com\/wp-content\/uploads\/logos\/lg-xbet-logo.jpg\" width=\"110\" height=\"55\">\r\n\t\t\t<\/figure>\r\n\r\n\t\t\t<div>\r\n\t\t\t  \t<span class=\"bookie-name\">XBet<\/span>\r\n\r\n\t\t\t  \t<span class=\"bookie-rating\">Rating: 4.7 <b>&starf;<\/b><\/span>\r\n\t\t\t<\/div>\r\n\t\t<\/a>\r\n\t<\/li>\r\n\t<li>\r\n\t\t<a rel=\"nofollow\" target=\"_blank\" href=\"\/out\/intertops?au&#x3D;138&amp;bp&#x3D;4\"<\/a>\r\n\t\t\t<figure>\r\n\t\t\t  \t<img decoding=\"async\" src=\"https:\/\/www.sportingpedia.com\/wp-content\/uploads\/logos\/lg-everygame-logo.webp\" width=\"110\" height=\"55\">\r\n\t\t\t<\/figure>\r\n\r\n\t\t\t<div>\r\n\t\t\t  \t<span class=\"bookie-name\">Everygame<\/span>\r\n\r\n\t\t\t  \t<span class=\"bookie-rating\">Rating: 4.6 <b>&starf;<\/b><\/span>\r\n\t\t\t<\/div>\r\n\t\t<\/a>\r\n\t<\/li>\r\n\t<li>\r\n\t\t<a rel=\"nofollow\" target=\"_blank\" href=\"\/out\/betusr?au&#x3D;138&amp;bp&#x3D;5\"<\/a>\r\n\t\t\t<figure>\r\n\t\t\t  \t<img decoding=\"async\" src=\"https:\/\/www.sportingpedia.com\/wp-content\/uploads\/logos\/lg-betusr-logo.jpg\" width=\"110\" height=\"55\">\r\n\t\t\t<\/figure>\r\n\r\n\t\t\t<div>\r\n\t\t\t  \t<span class=\"bookie-name\">BetUSR<\/span>\r\n\r\n\t\t\t  \t<span class=\"bookie-rating\">Rating: 4.5 <b>&starf;<\/b><\/span>\r\n\t\t\t<\/div>\r\n\t\t<\/a>\r\n\t<\/li>\r\n\t<li>\r\n\t\t<a rel=\"nofollow\" target=\"_blank\" href=\"\/out\/vave?au&#x3D;138&amp;bp&#x3D;6\"<\/a>\r\n\t\t\t<figure>\r\n\t\t\t  \t<img decoding=\"async\" src=\"https:\/\/www.sportingpedia.com\/wp-content\/uploads\/logos\/lg-vave-logo.webp\" width=\"110\" height=\"55\">\r\n\t\t\t<\/figure>\r\n\r\n\t\t\t<div>\r\n\t\t\t  \t<span class=\"bookie-name\">Vave<\/span>\r\n\r\n\t\t\t  \t<span class=\"bookie-rating\">Rating: 4.4 <b>&starf;<\/b><\/span>\r\n\t\t\t<\/div>\r\n\t\t<\/a>\r\n\t<\/li>\r\n<\/ol><script>\n  setTimeout(function(){\n    if(!document.getElementById('JasHAAffsaMosaAdsANa2i')) {\n      jQuery('a[target=\"_blank\"]').removeAttr('target');\n    }\n  }, 1000);\n<\/script>\n\n<h2 id=\"victory\">Methode des Sieg-Wetten<\/h2>\n<p><img decoding=\"async\" src=\"\/wp-content\/uploads\/2021\/02\/mma-betting_method-of-victory.svg\" alt=\"Methode des Sieg-Wetten\" width=\"300\" height=\"150\" class=\"alignleft size-full\" \/>Durch Spezialwetten tauchen Online-Wettende tiefer in die Ereignisse der Mixed Martial Arts ein, und manchmal kann dies dazu f\u00fchren, dass man gegen einen ausgew\u00e4hlten K\u00e4mpfer jubelt, wenn er gewinnen wird, aber nicht auf die Weise, auf die man gesetzt hat. So faszinierend sind Wettvorschl\u00e4ge. Schauen wir uns nun die <strong>Besonderheiten des Marktes f\u00fcr Methode des Sieges-Wetten<\/strong> an.<\/p>\n<div class=\"clear\"><\/div>\n<p>Ein typischer MMA-Kampf kann auf die folgenden drei Arten enden:<\/p>\n<ul>\n<li>Knockout (KO) oder Technischer Knockout (TKO)<\/li>\n<li>Aufgabe<\/li>\n<li>Kampfrichterentscheidung (Punkte)<\/li>\n<\/ul>\n<p>W\u00e4hrend einige Online-Wettanbieter Wettbegeisterten erlauben, auf diese einfachste Variante der Wette zu setzen, bieten die meisten <a href=\"https:\/\/www.sportingpedia.com\/de\/betting-sites\/\">Top-Buchmacher<\/a> die interessantere Option, sowohl die Siegermethode als auch den K\u00e4mpfer vorherzusagen, der so den Sieg erringen wird.<\/p>\n<table class=\"previewTable\">\n<tr>\n<th colspan=\"2\">Daniel Santos gegen Julio Arce<\/th>\n<\/tr>\n<tr>\n<td><strong>Methode des Sieges<\/strong><\/td>\n<td><strong>Wettquoten<\/strong><\/td>\n<\/tr>\n<tr>\n<td>Julio Arce nach Punkten<\/td>\n<td>155<\/td>\n<\/tr>\n<tr>\n<td>Daniel Santos nach Punkten<\/td>\n<td>340<\/td>\n<\/tr>\n<tr>\n<td>Julio Arce durch Aufgabe<\/td>\n<td>460<\/td>\n<\/tr>\n<tr>\n<td>Daniel Santos durch KO\/TKO<\/td>\n<td>500<\/td>\n<\/tr>\n<tr>\n<td>Julio Arce durch KO\/TKO<\/td>\n<td>500<\/td>\n<\/tr>\n<tr>\n<td>Daniel Santos durch Aufgabe<\/td>\n<td>1200<\/td>\n<\/tr>\n<tr>\n<td>Unentschieden<\/td>\n<td>5000<\/td>\n<\/tr>\n<\/table>\n<p>Die obige Tabelle zeigt die aktuell verf\u00fcgbaren Quoten bez\u00fcglich des Marktes f\u00fcr Methode des Sieges f\u00fcr den <strong>Kampf zwischen Daniel Santos und Julio Arce bei der UFC 273<\/strong>, angesetzt f\u00fcr den 9. April 2022. Das Beispiel zeigt deutlich, dass das wahrscheinlichste Ergebnis ist, dass Arce nach Punkten gewinnt. Jeder der K\u00e4mpfer, der durch Knockout oder technischen Knockout gewinnt, kommt mit weniger rentablen Wettquoten, was darauf hindeutet, wie sie normalerweise ihre MMA-K\u00e4mpfe beenden.<\/p>\n<p>Ein weiterer Faktor, der die Ergebniswahrscheinlichkeit beeinflusst, ist der Kampfstil jedes K\u00e4mpfers. Deshalb sagen wir, dass es wichtig ist, sich Zeit zu nehmen, um alle m\u00f6glichen Details genau zu untersuchen. Das Durchgehen statistischer Daten ist immer n\u00fctzlich, aber <strong>gen\u00fcgend Matches mit den jeweiligen beiden K\u00e4mpfern gesehen zu haben, kann sich als Trumpf erweisen<\/strong>. Viele MMA-K\u00e4mpfer haben zuvor in Brazilian Jiu Jitsu, Kickboxen, Ringen, Muay Thai und anderen Disziplinen gek\u00e4mpft. Dies ist ein weiteres St\u00fcck Information, das Ihnen helfen kann, richtig einzusch\u00e4tzen, wie der Kampf h\u00f6chstwahrscheinlich ausgetragen wird.<\/p>\n<h2 id=\"round\">MMA-Rundenwetten<\/h2>\n<p><img decoding=\"async\" src=\"\/wp-content\/uploads\/2021\/02\/mma-betting_round-betting.svg\" alt=\"Rundenwetten\" width=\"300\" class=\"alignleft\" \/>Eine beliebte Form des Wettens auf Mixed Martial Arts ist es, <strong>auf die genaue Runde zu setzen, in der der Kampf endet<\/strong>. Diese Wettart gibt es in mehreren Varianten, von denen jede schwieriger vorherzusagen ist als die vorherige. Hier sind die Optionen, die von Online-Buchmachern weltweit angeboten werden:<\/p>\n<div class=\"clear\"><\/div>\n<ul>\n<li>Einfache Rundenwette<\/li>\n<li>Runde + Sieger-Wette<\/li>\n<li>Runde + Sieger + Methode<\/li>\n<\/ul>\n<p>Je mehr Komponenten eine Rundenwette hat, desto profitabler ist die m\u00f6gliche Auszahlung. In der folgenden Tabelle sehen Sie <strong>Rundenwettquoten<\/strong> f\u00fcr den Kampf zwischen Aljamain Sterling und Petr Yan, ebenfalls innerhalb der UFC 273. Zur Erl\u00e4uterung haben wir nur Wettm\u00e4rkte ausgew\u00e4hlt, die die Runde 1 umfassen.<\/p>\n<table class=\"previewTable\">\n<tr>\n<th colspan=\"2\">Aljamain Sterling vs Petr Yan<\/th>\n<\/tr>\n<tr>\n<td><strong>Wettmarkt<\/strong><\/td>\n<td><strong>Wettquoten<\/strong><\/td>\n<\/tr>\n<tr>\n<td>Aljamain Sterling in Runde 1<\/td>\n<td>+ 2000 (21,0)<\/td>\n<\/tr>\n<tr>\n<td>Petr Yan in Runde 1<\/td>\n<td>+ 450 (5,5)<\/td>\n<\/tr>\n<tr>\n<td>Aljamain Sterling durch KO\/TKO in Runde 1<\/td>\n<td>+ 4500 (46,0)<\/td>\n<\/tr>\n<tr>\n<td>Petr Yan durch KO\/TKO in Runde 1<\/td>\n<td>+ 500 (6,0)<\/td>\n<\/tr>\n<tr>\n<td>Aljamain Sterling durch Aufgabe in Runde 1<\/td>\n<td>+ 2800 (29,0)<\/td>\n<\/tr>\n<tr>\n<td>Petr Yan durch Aufgabe in Runde 1<\/td>\n<td>+ 2000 (21,0)<\/td>\n<\/tr>\n<tr>\n<td>Gewinn in Runde 1<\/td>\n<td>+ 400 (5,0)<\/td>\n<\/tr>\n<\/table>\n<p>Wie Sie bemerkt haben, variieren die Zahlen stark, je nachdem, auf welche genaue Wette gesetzt wird. Im Falle einer erfolgreichen Vorhersage <strong>k\u00f6nnen Sie mit einem Einsatz von 50 $ 200 $ zu Ihrer Bankroll hinzuf\u00fcgen<\/strong>, wenn Sie nur auf die gewinnende Runde setzen, oder 1.000 $, wenn Sie glauben, dass Petr Yan durch Aufgabe in Runde 1 siegen wird. Lassen Sie sich jedoch nicht von lukrativen Auszahlungen dazu verleiten, auf nahezu unm\u00f6gliche Kombinationen zu setzen. Stellen Sie sicher, dass Sie Ihre Vorhersagen auf gewichtigen, substanziellen Informationen basieren und nicht auf subjektiven Angelegenheiten wie der Pers\u00f6nlichkeit des K\u00e4mpfers, einer lukrativen potenziellen Auszahlung oder Ihren aktuellen Emotionen. Wahrscheinlich gibt es einen guten Grund f\u00fcr Quoten in der Gr\u00f6\u00dfenordnung von +4500 (46,0), und es ist kaum vern\u00fcnftig, Ihr Geld auf eine solche Auswahl zu riskieren.<\/p>\n<p>Sie m\u00fcssen sich bewusst sein, dass aufgrund der Schwierigkeit der komplexesten Form von MMA-Rundenwetten das Interesse der Tipper nicht immer hoch ist, sodass einige Online-Buchmacher es nicht in die Auswahl der unterst\u00fctzten M\u00e4rkte aufgenommen haben. Wie bei anderen Aspekten der Mixed Martial Arts <strong>h\u00e4ngt die Verf\u00fcgbarkeit von Wettarten f\u00fcr einen bestimmten Kampf weitgehend von seinem Status und der Popularit\u00e4t der K\u00e4mpfer ab<\/strong>.<\/p>\n<h2 id=\"final\">Online-MMA-Prop-Wett-Tipps<\/h2>\n<p><img decoding=\"async\" src=\"\/wp-content\/uploads\/2021\/02\/nfl-betting-value-betting_tips.svg\" alt=\"MMA Prop Wett-Tipps\" width=\"300\" height=\"150\" class=\"alignleft size-full\" \/>Es gibt keine einfachen Wetten oder garantierte profitable Auszahlungen. Wettanalysten weisen oft darauf hin, dass das Wetten auf MMA-K\u00e4mpfe einfacher ist als das Wetten auf Teamsportarten, da weniger Faktoren ber\u00fccksichtigt werden m\u00fcssen. Auch wenn dies teilweise zutrifft, wird es schwieriger, wenn man versucht, Spezialwetten abzuschlie\u00dfen. Dennoch sollte man beachten, dass <strong>MMA-Spezialwetten gro\u00dfartige Chancen f\u00fcr hohe Gewinne bieten<\/strong>. Unter der Voraussetzung, dass es keine universellen Prinzipien und keine immer gewinnende Wettstrategie gibt, haben wir einige grundlegende MMA-Prop-Wett-Tipps zusammengestellt, die Ihnen helfen k\u00f6nnen, Ihre Chancen auf erfolgreiche Vorhersagen zu erh\u00f6hen.<\/p>\n<p><strong>Konzentrieren Sie sich auf Recherche und Analyse, nicht auf Emotionen<\/strong>. Wir sind sicher, dass Sie das wissen, aber wir sagen es trotzdem \u2013 es ist keine gute Idee, auf einen K\u00e4mpfer zu setzen, nur weil Sie ein leidenschaftlicher Fan von ihm sind. Er mag der charismatischste Athlet sein, der je im Oktagon stand und zu Beginn seiner Karriere eine beeindruckende Biografie hatte, aber er hat im letzten Jahr keinen einzigen Kampf gewonnen. Denken Sie immer noch, dass es sich lohnt, Ihr Geld zu riskieren?<\/p>\n<p>Wir sagen nicht, dass es unm\u00f6glich ist, dass ein solcher K\u00e4mpfer den Sieg erringt, aber bitte st\u00fctzen Sie Ihre Wette auf eine gr\u00fcndliche Recherche. Zum Beispiel k\u00f6nnte der Rivale Ihres Favoriten in den Monaten vor dem Kampf eine bessere Leistung gezeigt haben, aber w\u00e4hrend des Trainings eine Verletzung erlitten haben. Wenn Sie glauben, dass der andere K\u00e4mpfer dies ausnutzen und zu Beginn des Kampfes einen Knockout erzielen kann, versuchen Sie es. Angesichts der Natur dieses Sports werden sehr <strong>oft K\u00e4mpfe durch Explosivit\u00e4t und Dynamik gewonnen, nicht so sehr durch Strategie<\/strong>. Die Trennlinie zwischen Sieg und Niederlage ist d\u00fcnn, und es scheint unglaublich schwierig, den gesamten Kampf perfekt zu k\u00e4mpfen. Ausgezeichnetes Wissen \u00fcber den Stil der K\u00e4mpfer, ihre k\u00f6rperliche Form und Ausdauer kann bei der Durchf\u00fchrung sowohl von Siegmethoden- als auch Rundwetten hilfreich sein.<\/p>\n<p>Wir wissen, dass das Platzieren von Spezialwetten auf gemischte Kampfk\u00fcnste verlockend und spannend ist, aber es gibt keinen Grund, es zu \u00fcbertreiben. Mit anderen Worten, springen Sie nicht auf jede Option, die Ihnen begegnet, und vor allem, <strong>machen Sie das Quotenshopping zu einem Muss in Ihrem Wetterlebnis<\/strong>. Diese Strategie ist f\u00fcr jede Wettart auf dem Markt vorteilhaft, aber beim MMA-Prop-Wetten kann sie wirklich einen Unterschied machen. Wie beim <a href=\"https:\/\/www.sportingpedia.com\/boxing-betting\/introduction-to-online-boxing-betting\/\">Boxen<\/a> gibt es beim MMA manchmal erhebliche Abweichungen zwischen den verschiedenen Wettplattformen in Bezug auf die Quoten. Daher ist es ratsam, Konten bei mehreren vertrauensw\u00fcrdigen Buchmachern einzurichten, um so von einer wertvollen Gelegenheit profitieren zu k\u00f6nnen, wenn sie sich zeigt.<\/p>\n<h2 id=\"conclusion\">Fazit<\/h2>\n<p><img decoding=\"async\" src=\"\/wp-content\/uploads\/2022\/01\/conclusion.svg\" alt=\"conclusion\" width=\"300\" height=\"150\" class=\"alignleft size-full\" \/><strong>Prop-Wetten sind wohl die herausforderndste Form des Wettens auf Mixed Martial Arts<\/strong>-Veranstaltungen, die es erfahrenen MMA-Wettliebhabern erm\u00f6glicht, ihr Wissen zu testen und m\u00f6glicherweise in Geld umzuwandeln. Gl\u00fccklicherweise ist diese Funktion keine Ausnahme mehr und es gibt eine Vielzahl von seri\u00f6sen Wettanbietern online, aus denen Wettfreunde w\u00e4hlen k\u00f6nnen. Sie m\u00fcssen Ihre F\u00e4higkeiten sorgf\u00e4ltig bewerten, bevor Sie sich auf dieses Abenteuer einlassen. Wenn Sie sich in Ihrer Kompetenz noch nicht sicher sind, machen Sie sich weiter mit den verschiedenen Elementen des Sports vertraut, gew\u00f6hnen Sie sich zuerst an die einfacheren Wettarten und kommen Sie f\u00fcr eine \u00dcberpr\u00fcfung zu unserem Leitfaden f\u00fcr Online-MMA-Wetten zur\u00fcck, wenn Sie sie ben\u00f6tigen.<\/p>\n","protected":false},"excerpt":{"rendered":"<p>Wenn Sie kein kompletter Neuling im MMA-Wetten sind, bisher aber Ihre Echtgeldeins\u00e4tze nur auf Standard-Wettm\u00e4rkte platziert haben, ist es vielleicht an der Zeit, eine zus\u00e4tzliche Schicht Spannung zu Ihrem Wetterlebnis hinzuzuf\u00fcgen. Der beste Weg, dies zu tun, ist \u00fcber die vielf\u00e4ltigen MMA-Spezialwetten, die die meisten modernen Online-Wettanbieter ihren registrierten Nutzern anbieten. Im Allgemeinen bezieht sich [&hellip;]<\/p>\n","protected":false},"author":8,"featured_media":0,"parent":115638,"menu_order":400,"comment_status":"closed","ping_status":"closed","template":"template-guide-page.php","meta":{"footnotes":""},"class_list":["post-115812","page","type-page","status-publish","hentry"],"yoast_head":"<!-- This site is optimized with the Yoast SEO plugin v26.6 - https:\/\/yoast.com\/wordpress\/plugins\/seo\/ -->\n<title>MMA-Sonderwetten \u2013 Tipps und Strategien<\/title>\n<meta name=\"description\" content=\"Propositionswetten beziehen sich auf Aspekte des MMA-Kampfes, die nichts mit der Frage zu tun haben, wer das jeweilige Ereignis gewinnt. Die Vorhersage der Art des Sieges oder der genauen Runde, in der ein Kampf endet, ist eine ziemlich anspruchsvolle Aufgabe und ganz logisch wird die erfolgreiche Wette mit einer lukrativen Auszahlung belohnt.\" \/>\n<meta name=\"robots\" content=\"index, follow, max-snippet:-1, max-image-preview:large, max-video-preview:-1\" \/>\n<link rel=\"canonical\" href=\"https:\/\/www.sportingpedia.com\/de\/mma-betting\/mma-proposition-bets\/\" \/>\n<meta property=\"og:locale\" content=\"de_DE\" \/>\n<meta property=\"og:type\" content=\"article\" \/>\n<meta property=\"og:title\" content=\"MMA-Sonderwetten \u2013 Tipps und Strategien\" \/>\n<meta property=\"og:description\" content=\"Propositionswetten beziehen sich auf Aspekte des MMA-Kampfes, die nichts mit der Frage zu tun haben, wer das jeweilige Ereignis gewinnt. Die Vorhersage der Art des Sieges oder der genauen Runde, in der ein Kampf endet, ist eine ziemlich anspruchsvolle Aufgabe und ganz logisch wird die erfolgreiche Wette mit einer lukrativen Auszahlung belohnt.\" \/>\n<meta property=\"og:url\" content=\"https:\/\/www.sportingpedia.com\/de\/mma-betting\/mma-proposition-bets\/\" \/>\n<meta property=\"og:site_name\" content=\"Sportingpedia - Latest Sports News From All Over the World\" \/>\n<meta property=\"article:modified_time\" content=\"2025-05-20T09:08:23+00:00\" \/>\n<meta name=\"twitter:card\" content=\"summary_large_image\" \/>\n<meta name=\"twitter:label1\" content=\"Gesch\u00e4tzte Lesezeit\" \/>\n\t<meta name=\"twitter:data1\" content=\"8\u00a0Minuten\" \/>\n<script type=\"application\/ld+json\" class=\"yoast-schema-graph\">{\"@context\":\"https:\/\/schema.org\",\"@graph\":[{\"@type\":\"WebPage\",\"@id\":\"https:\/\/www.sportingpedia.com\/de\/mma-betting\/mma-proposition-bets\/\",\"url\":\"https:\/\/www.sportingpedia.com\/de\/mma-betting\/mma-proposition-bets\/\",\"name\":\"MMA-Sonderwetten \u2013 Tipps und Strategien\",\"isPartOf\":{\"@id\":\"https:\/\/www.sportingpedia.com\/de\/#website\"},\"datePublished\":\"2025-04-10T07:02:31+00:00\",\"dateModified\":\"2025-05-20T09:08:23+00:00\",\"description\":\"Propositionswetten beziehen sich auf Aspekte des MMA-Kampfes, die nichts mit der Frage zu tun haben, wer das jeweilige Ereignis gewinnt. Die Vorhersage der Art des Sieges oder der genauen Runde, in der ein Kampf endet, ist eine ziemlich anspruchsvolle Aufgabe und ganz logisch wird die erfolgreiche Wette mit einer lukrativen Auszahlung belohnt.\",\"breadcrumb\":{\"@id\":\"https:\/\/www.sportingpedia.com\/de\/mma-betting\/mma-proposition-bets\/#breadcrumb\"},\"inLanguage\":\"de\",\"potentialAction\":[{\"@type\":\"ReadAction\",\"target\":[\"https:\/\/www.sportingpedia.com\/de\/mma-betting\/mma-proposition-bets\/\"]}]},{\"@type\":\"BreadcrumbList\",\"@id\":\"https:\/\/www.sportingpedia.com\/de\/mma-betting\/mma-proposition-bets\/#breadcrumb\",\"itemListElement\":[{\"@type\":\"ListItem\",\"position\":1,\"name\":\"Startseite\",\"item\":\"https:\/\/www.sportingpedia.com\/de\/home-de\/\"},{\"@type\":\"ListItem\",\"position\":2,\"name\":\"MMA Wetten\",\"item\":\"https:\/\/www.sportingpedia.com\/de\/mma-betting\/\"},{\"@type\":\"ListItem\",\"position\":3,\"name\":\"MMA Spezialwetten\"}]},{\"@type\":\"WebSite\",\"@id\":\"https:\/\/www.sportingpedia.com\/de\/#website\",\"url\":\"https:\/\/www.sportingpedia.com\/de\/\",\"name\":\"Sportingpedia - Latest Sports News From All Over the World\",\"description\":\"\",\"publisher\":{\"@id\":\"https:\/\/www.sportingpedia.com\/de\/#organization\"},\"potentialAction\":[{\"@type\":\"SearchAction\",\"target\":{\"@type\":\"EntryPoint\",\"urlTemplate\":\"https:\/\/www.sportingpedia.com\/de\/?s={search_term_string}\"},\"query-input\":{\"@type\":\"PropertyValueSpecification\",\"valueRequired\":true,\"valueName\":\"search_term_string\"}}],\"inLanguage\":\"de\"},{\"@type\":\"Organization\",\"@id\":\"https:\/\/www.sportingpedia.com\/de\/#organization\",\"name\":\"SportingPedia\",\"url\":\"https:\/\/www.sportingpedia.com\/de\/\",\"logo\":{\"@type\":\"ImageObject\",\"inLanguage\":\"de\",\"@id\":\"https:\/\/www.sportingpedia.com\/de\/#\/schema\/logo\/image\/\",\"url\":\"https:\/\/www.sportingpedia.com\/wp-content\/uploads\/2019\/10\/SportingPedia_logo.png\",\"contentUrl\":\"https:\/\/www.sportingpedia.com\/wp-content\/uploads\/2019\/10\/SportingPedia_logo.png\",\"width\":600,\"height\":101,\"caption\":\"SportingPedia\"},\"image\":{\"@id\":\"https:\/\/www.sportingpedia.com\/de\/#\/schema\/logo\/image\/\"}}]}<\/script>\n<!-- \/ Yoast SEO plugin. -->","yoast_head_json":{"title":"MMA-Sonderwetten \u2013 Tipps und Strategien","description":"Propositionswetten beziehen sich auf Aspekte des MMA-Kampfes, die nichts mit der Frage zu tun haben, wer das jeweilige Ereignis gewinnt. Die Vorhersage der Art des Sieges oder der genauen Runde, in der ein Kampf endet, ist eine ziemlich anspruchsvolle Aufgabe und ganz logisch wird die erfolgreiche Wette mit einer lukrativen Auszahlung belohnt.","robots":{"index":"index","follow":"follow","max-snippet":"max-snippet:-1","max-image-preview":"max-image-preview:large","max-video-preview":"max-video-preview:-1"},"canonical":"https:\/\/www.sportingpedia.com\/de\/mma-betting\/mma-proposition-bets\/","og_locale":"de_DE","og_type":"article","og_title":"MMA-Sonderwetten \u2013 Tipps und Strategien","og_description":"Propositionswetten beziehen sich auf Aspekte des MMA-Kampfes, die nichts mit der Frage zu tun haben, wer das jeweilige Ereignis gewinnt. Die Vorhersage der Art des Sieges oder der genauen Runde, in der ein Kampf endet, ist eine ziemlich anspruchsvolle Aufgabe und ganz logisch wird die erfolgreiche Wette mit einer lukrativen Auszahlung belohnt.","og_url":"https:\/\/www.sportingpedia.com\/de\/mma-betting\/mma-proposition-bets\/","og_site_name":"Sportingpedia - Latest Sports News From All Over the World","article_modified_time":"2025-05-20T09:08:23+00:00","twitter_card":"summary_large_image","twitter_misc":{"Gesch\u00e4tzte Lesezeit":"8\u00a0Minuten"},"schema":{"@context":"https:\/\/schema.org","@graph":[{"@type":"WebPage","@id":"https:\/\/www.sportingpedia.com\/de\/mma-betting\/mma-proposition-bets\/","url":"https:\/\/www.sportingpedia.com\/de\/mma-betting\/mma-proposition-bets\/","name":"MMA-Sonderwetten \u2013 Tipps und Strategien","isPartOf":{"@id":"https:\/\/www.sportingpedia.com\/de\/#website"},"datePublished":"2025-04-10T07:02:31+00:00","dateModified":"2025-05-20T09:08:23+00:00","description":"Propositionswetten beziehen sich auf Aspekte des MMA-Kampfes, die nichts mit der Frage zu tun haben, wer das jeweilige Ereignis gewinnt. Die Vorhersage der Art des Sieges oder der genauen Runde, in der ein Kampf endet, ist eine ziemlich anspruchsvolle Aufgabe und ganz logisch wird die erfolgreiche Wette mit einer lukrativen Auszahlung belohnt.","breadcrumb":{"@id":"https:\/\/www.sportingpedia.com\/de\/mma-betting\/mma-proposition-bets\/#breadcrumb"},"inLanguage":"de","potentialAction":[{"@type":"ReadAction","target":["https:\/\/www.sportingpedia.com\/de\/mma-betting\/mma-proposition-bets\/"]}]},{"@type":"BreadcrumbList","@id":"https:\/\/www.sportingpedia.com\/de\/mma-betting\/mma-proposition-bets\/#breadcrumb","itemListElement":[{"@type":"ListItem","position":1,"name":"Startseite","item":"https:\/\/www.sportingpedia.com\/de\/home-de\/"},{"@type":"ListItem","position":2,"name":"MMA Wetten","item":"https:\/\/www.sportingpedia.com\/de\/mma-betting\/"},{"@type":"ListItem","position":3,"name":"MMA Spezialwetten"}]},{"@type":"WebSite","@id":"https:\/\/www.sportingpedia.com\/de\/#website","url":"https:\/\/www.sportingpedia.com\/de\/","name":"Sportingpedia - Latest Sports News From All Over the World","description":"","publisher":{"@id":"https:\/\/www.sportingpedia.com\/de\/#organization"},"potentialAction":[{"@type":"SearchAction","target":{"@type":"EntryPoint","urlTemplate":"https:\/\/www.sportingpedia.com\/de\/?s={search_term_string}"},"query-input":{"@type":"PropertyValueSpecification","valueRequired":true,"valueName":"search_term_string"}}],"inLanguage":"de"},{"@type":"Organization","@id":"https:\/\/www.sportingpedia.com\/de\/#organization","name":"SportingPedia","url":"https:\/\/www.sportingpedia.com\/de\/","logo":{"@type":"ImageObject","inLanguage":"de","@id":"https:\/\/www.sportingpedia.com\/de\/#\/schema\/logo\/image\/","url":"https:\/\/www.sportingpedia.com\/wp-content\/uploads\/2019\/10\/SportingPedia_logo.png","contentUrl":"https:\/\/www.sportingpedia.com\/wp-content\/uploads\/2019\/10\/SportingPedia_logo.png","width":600,"height":101,"caption":"SportingPedia"},"image":{"@id":"https:\/\/www.sportingpedia.com\/de\/#\/schema\/logo\/image\/"}}]}},"_links":{"self":[{"href":"https:\/\/www.sportingpedia.com\/de\/wp-json\/wp\/v2\/pages\/115812","targetHints":{"allow":["GET"]}}],"collection":[{"href":"https:\/\/www.sportingpedia.com\/de\/wp-json\/wp\/v2\/pages"}],"about":[{"href":"https:\/\/www.sportingpedia.com\/de\/wp-json\/wp\/v2\/types\/page"}],"author":[{"embeddable":true,"href":"https:\/\/www.sportingpedia.com\/de\/wp-json\/wp\/v2\/users\/8"}],"replies":[{"embeddable":true,"href":"https:\/\/www.sportingpedia.com\/de\/wp-json\/wp\/v2\/comments?post=115812"}],"version-history":[{"count":2,"href":"https:\/\/www.sportingpedia.com\/de\/wp-json\/wp\/v2\/pages\/115812\/revisions"}],"predecessor-version":[{"id":128657,"href":"https:\/\/www.sportingpedia.com\/de\/wp-json\/wp\/v2\/pages\/115812\/revisions\/128657"}],"up":[{"embeddable":true,"href":"https:\/\/www.sportingpedia.com\/de\/wp-json\/wp\/v2\/pages\/115638"}],"wp:attachment":[{"href":"https:\/\/www.sportingpedia.com\/de\/wp-json\/wp\/v2\/media?parent=115812"}],"curies":[{"name":"wp","href":"https:\/\/api.w.org\/{rel}","templated":true}]}}