{"id":115849,"date":"2025-04-10T07:02:43","date_gmt":"2025-04-10T07:02:43","guid":{"rendered":"https:\/\/www.sportingpedia.com\/?page_id=115849"},"modified":"2025-05-19T13:47:58","modified_gmt":"2025-05-19T13:47:58","slug":"casino-deposit","status":"publish","type":"page","link":"https:\/\/www.sportingpedia.com\/de\/casino-deposit\/","title":{"rendered":"Kasinomethoden zur Einzahlung"},"content":{"rendered":"<p>Fragst du dich, welche Zahlungsmethode du bei deinem Lieblings-Gl\u00fccksspielanbieter nutzen solltest? Wenn ja, ist SportingPedia hier, um dir zu helfen, die richtige Entscheidung zu treffen. Die schiere Anzahl an Zahlungsmethoden, die Online-Gl\u00fccksspielanbieter anbieten, kann zugegebenerma\u00dfen \u00fcberw\u00e4ltigend sein.<\/p>\n<p>Keine Sorge! Wir stehen dir mit umfassenden Artikeln zur Seite, die die g\u00e4ngigsten Zahlungsmethoden vorstellen, welche Spieler nutzen k\u00f6nnen, um Geld auf ihre Online-Casino-Konten einzuzahlen und abzuheben. Jeder Artikel enth\u00e4lt eine Liste der besten Online-Casinos, bei denen du mit der jeweiligen Methode bezahlen kannst. So kannst du die richtige Wahl treffen, ohne deine Zeit mit Recherche zu verschwenden.<\/p>\n<div class=\"grid-fixed-thumbnails\">    <div class=\"row\">\n            <a class=\"col-12 col-sm-6 col-md-4 child-page-thumbnail-wrapper\" href=\"https:\/\/www.sportingpedia.com\/de\/casino-deposit\/apple-pay-online-casinos\/\">\n            <div class=\"col-12 text-center child-page-thumbnail\">\n                <img decoding=\"async\" src=\"https:\/\/www.sportingpedia.com\/wp-content\/uploads\/2023\/01\/apple-pay.webp\" \/>\n                Apple Pay Online-Casinos            <\/div>\n        <\/a>\n                    <a class=\"col-12 col-sm-6 col-md-4 child-page-thumbnail-wrapper\" href=\"https:\/\/www.sportingpedia.com\/de\/casino-deposit\/astropay-online-casinos\/\">\n            <div class=\"col-12 text-center child-page-thumbnail\">\n                <img decoding=\"async\" src=\"https:\/\/www.sportingpedia.com\/wp-content\/uploads\/2023\/01\/astropay-1.webp\" \/>\n                AstroPay Online-Casinos            <\/div>\n        <\/a>\n                    <a class=\"col-12 col-sm-6 col-md-4 child-page-thumbnail-wrapper\" href=\"https:\/\/www.sportingpedia.com\/de\/casino-deposit\/bank-account-transfer-online-casinos\/\">\n            <div class=\"col-12 text-center child-page-thumbnail\">\n                <img decoding=\"async\" src=\"https:\/\/www.sportingpedia.com\/wp-content\/uploads\/2023\/01\/bank-transfer-featured.webp\" \/>\n                Bank\u00fcberweisung Online-Casinos            <\/div>\n        <\/a>\n                    <a class=\"col-12 col-sm-6 col-md-4 child-page-thumbnail-wrapper\" href=\"https:\/\/www.sportingpedia.com\/de\/casino-deposit\/e-wallet-online-casinos\/\">\n            <div class=\"col-12 text-center child-page-thumbnail\">\n                <img decoding=\"async\" src=\"https:\/\/www.sportingpedia.com\/wp-content\/uploads\/2023\/01\/ewallet-featured.webp\" \/>\n                E-Wallet Online-Casinos            <\/div>\n        <\/a>\n                    <a class=\"col-12 col-sm-6 col-md-4 child-page-thumbnail-wrapper\" href=\"https:\/\/www.sportingpedia.com\/de\/casino-deposit\/echeck-online-casinos\/\">\n            <div class=\"col-12 text-center child-page-thumbnail\">\n                <img decoding=\"async\" src=\"https:\/\/www.sportingpedia.com\/wp-content\/uploads\/2023\/01\/echeck-featured.webp\" \/>\n                eCheck Online-Casinos            <\/div>\n        <\/a>\n                    <a class=\"col-12 col-sm-6 col-md-4 child-page-thumbnail-wrapper\" href=\"https:\/\/www.sportingpedia.com\/de\/casino-deposit\/flexepin-online-casinos\/\">\n            <div class=\"col-12 text-center child-page-thumbnail\">\n                <img decoding=\"async\" src=\"https:\/\/www.sportingpedia.com\/wp-content\/uploads\/2023\/01\/flexepin-1.webp\" \/>\n                Flexepin Online-Casinos            <\/div>\n        <\/a>\n                    <a class=\"col-12 col-sm-6 col-md-4 child-page-thumbnail-wrapper\" href=\"https:\/\/www.sportingpedia.com\/de\/casino-deposit\/google-pay-online-casinos\/\">\n            <div class=\"col-12 text-center child-page-thumbnail\">\n                <img decoding=\"async\" src=\"https:\/\/www.sportingpedia.com\/wp-content\/uploads\/2023\/01\/google-pay.webp\" \/>\n                Google Pay Online-Casinos            <\/div>\n        <\/a>\n                    <a class=\"col-12 col-sm-6 col-md-4 child-page-thumbnail-wrapper\" href=\"https:\/\/www.sportingpedia.com\/de\/casino-deposit\/jeton-online-casinos\/\">\n            <div class=\"col-12 text-center child-page-thumbnail\">\n                <img decoding=\"async\" src=\"https:\/\/www.sportingpedia.com\/wp-content\/uploads\/2023\/01\/jeton.webp\" \/>\n                Jeton Online-Casinos            <\/div>\n        <\/a>\n                    <a class=\"col-12 col-sm-6 col-md-4 child-page-thumbnail-wrapper\" href=\"https:\/\/www.sportingpedia.com\/de\/casino-deposit\/credit-debit-cards-online-casinos\/\">\n            <div class=\"col-12 text-center child-page-thumbnail\">\n                <img decoding=\"async\" src=\"https:\/\/www.sportingpedia.com\/wp-content\/uploads\/2023\/01\/credit-debit-cards-featured.webp\" \/>\n                Kredit und Debitkarten Online-Casinos            <\/div>\n        <\/a>\n                    <a class=\"col-12 col-sm-6 col-md-4 child-page-thumbnail-wrapper\" href=\"https:\/\/www.sportingpedia.com\/de\/casino-deposit\/crypto-online-casinos\/\">\n            <div class=\"col-12 text-center child-page-thumbnail\">\n                <img decoding=\"async\" src=\"https:\/\/www.sportingpedia.com\/wp-content\/uploads\/2023\/01\/bitcoin-featured.webp\" \/>\n                Krypto Online-Casinos            <\/div>\n        <\/a>\n                    <a class=\"col-12 col-sm-6 col-md-4 child-page-thumbnail-wrapper\" href=\"https:\/\/www.sportingpedia.com\/de\/casino-deposit\/mifinity-online-casinos\/\">\n            <div class=\"col-12 text-center child-page-thumbnail\">\n                <img decoding=\"async\" src=\"https:\/\/www.sportingpedia.com\/wp-content\/uploads\/2023\/01\/mifinity.webp\" \/>\n                MiFinity Online-Casinos            <\/div>\n        <\/a>\n                    <a class=\"col-12 col-sm-6 col-md-4 child-page-thumbnail-wrapper\" href=\"https:\/\/www.sportingpedia.com\/de\/casino-deposit\/neosurf-online-casinos\/\">\n            <div class=\"col-12 text-center child-page-thumbnail\">\n                <img decoding=\"async\" src=\"https:\/\/www.sportingpedia.com\/wp-content\/uploads\/2023\/01\/neosurf.webp\" \/>\n                Neosurf Online-Casinos            <\/div>\n        <\/a>\n                    <a class=\"col-12 col-sm-6 col-md-4 child-page-thumbnail-wrapper\" href=\"https:\/\/www.sportingpedia.com\/de\/casino-deposit\/paypal-online-casinos\/\">\n            <div class=\"col-12 text-center child-page-thumbnail\">\n                <img decoding=\"async\" src=\"https:\/\/www.sportingpedia.com\/wp-content\/uploads\/2023\/01\/paypal.webp\" \/>\n                PayPal Online-Casinos            <\/div>\n        <\/a>\n                    <a class=\"col-12 col-sm-6 col-md-4 child-page-thumbnail-wrapper\" href=\"https:\/\/www.sportingpedia.com\/de\/casino-deposit\/paysafecard-online-casinos\/\">\n            <div class=\"col-12 text-center child-page-thumbnail\">\n                <img decoding=\"async\" src=\"https:\/\/www.sportingpedia.com\/wp-content\/uploads\/2023\/01\/paysafecard.webp\" \/>\n                Paysafecard Online-Casinos            <\/div>\n        <\/a>\n                    <a class=\"col-12 col-sm-6 col-md-4 child-page-thumbnail-wrapper\" href=\"https:\/\/www.sportingpedia.com\/de\/casino-deposit\/prepaid-cards-online-casinos\/\">\n            <div class=\"col-12 text-center child-page-thumbnail\">\n                <img decoding=\"async\" src=\"https:\/\/www.sportingpedia.com\/wp-content\/uploads\/2023\/01\/prepaid-cards-featured.webp\" \/>\n                Prepaid Karten Online-Casinos            <\/div>\n        <\/a>\n                    <a class=\"col-12 col-sm-6 col-md-4 child-page-thumbnail-wrapper\" href=\"https:\/\/www.sportingpedia.com\/de\/casino-deposit\/revolut-online-casinos\/\">\n            <div class=\"col-12 text-center child-page-thumbnail\">\n                <img decoding=\"async\" src=\"https:\/\/www.sportingpedia.com\/wp-content\/uploads\/2023\/01\/revolut-1.webp\" \/>\n                Revolut Online-Casinos            <\/div>\n        <\/a>\n                            <\/div>\n            <\/div>\n","protected":false},"excerpt":{"rendered":"<p>Fragst du dich, welche Zahlungsmethode du bei deinem Lieblings-Gl\u00fccksspielanbieter nutzen solltest? Wenn ja, ist SportingPedia hier, um dir zu helfen, die richtige Entscheidung zu treffen. Die schiere Anzahl an Zahlungsmethoden, die Online-Gl\u00fccksspielanbieter anbieten, kann zugegebenerma\u00dfen \u00fcberw\u00e4ltigend sein. Keine Sorge! Wir stehen dir mit umfassenden Artikeln zur Seite, die die g\u00e4ngigsten Zahlungsmethoden vorstellen, welche Spieler nutzen [&hellip;]<\/p>\n","protected":false},"author":1,"featured_media":0,"parent":0,"menu_order":0,"comment_status":"closed","ping_status":"closed","template":"template-payment-method.php","meta":{"footnotes":""},"class_list":["post-115849","page","type-page","status-publish","hentry"],"yoast_head":"<!-- This site is optimized with the Yoast SEO plugin v26.6 - https:\/\/yoast.com\/wordpress\/plugins\/seo\/ -->\n<title>Online-Casino-Banking \u2013 Vertrauensw\u00fcrdige Einzahlungs- und Auszahlungsoptionen f\u00fcr Online-Gl\u00fccksspiel<\/title>\n<meta name=\"description\" content=\"Die Einzahlung und Abhebung von Ihrem Online-Casino-Konto ist f\u00fcr jeden Wetter unerl\u00e4sslich. Hier ist eine Liste der zuverl\u00e4ssigsten Zahlungsmethoden, die f\u00fcr Online-Wetten verwendet werden.\" \/>\n<meta name=\"robots\" content=\"index, follow, max-snippet:-1, max-image-preview:large, max-video-preview:-1\" \/>\n<link rel=\"canonical\" href=\"https:\/\/www.sportingpedia.com\/de\/casino-deposit\/\" \/>\n<meta property=\"og:locale\" content=\"de_DE\" \/>\n<meta property=\"og:type\" content=\"article\" \/>\n<meta property=\"og:title\" content=\"Online-Casino-Banking \u2013 Vertrauensw\u00fcrdige Einzahlungs- und Auszahlungsoptionen f\u00fcr Online-Gl\u00fccksspiel\" \/>\n<meta property=\"og:description\" content=\"Die Einzahlung und Abhebung von Ihrem Online-Casino-Konto ist f\u00fcr jeden Wetter unerl\u00e4sslich. Hier ist eine Liste der zuverl\u00e4ssigsten Zahlungsmethoden, die f\u00fcr Online-Wetten verwendet werden.\" \/>\n<meta property=\"og:url\" content=\"https:\/\/www.sportingpedia.com\/de\/casino-deposit\/\" \/>\n<meta property=\"og:site_name\" content=\"Sportingpedia - Latest Sports News From All Over the World\" \/>\n<meta property=\"article:modified_time\" content=\"2025-05-19T13:47:58+00:00\" \/>\n<meta name=\"twitter:card\" content=\"summary_large_image\" \/>\n<meta name=\"twitter:label1\" content=\"Gesch\u00e4tzte Lesezeit\" \/>\n\t<meta name=\"twitter:data1\" content=\"1\u00a0Minute\" \/>\n<script type=\"application\/ld+json\" class=\"yoast-schema-graph\">{\"@context\":\"https:\/\/schema.org\",\"@graph\":[{\"@type\":\"WebPage\",\"@id\":\"https:\/\/www.sportingpedia.com\/de\/casino-deposit\/\",\"url\":\"https:\/\/www.sportingpedia.com\/de\/casino-deposit\/\",\"name\":\"Online-Casino-Banking \u2013 Vertrauensw\u00fcrdige Einzahlungs- und Auszahlungsoptionen f\u00fcr Online-Gl\u00fccksspiel\",\"isPartOf\":{\"@id\":\"https:\/\/www.sportingpedia.com\/de\/#website\"},\"datePublished\":\"2025-04-10T07:02:43+00:00\",\"dateModified\":\"2025-05-19T13:47:58+00:00\",\"description\":\"Die Einzahlung und Abhebung von Ihrem Online-Casino-Konto ist f\u00fcr jeden Wetter unerl\u00e4sslich. Hier ist eine Liste der zuverl\u00e4ssigsten Zahlungsmethoden, die f\u00fcr Online-Wetten verwendet werden.\",\"breadcrumb\":{\"@id\":\"https:\/\/www.sportingpedia.com\/de\/casino-deposit\/#breadcrumb\"},\"inLanguage\":\"de\",\"potentialAction\":[{\"@type\":\"ReadAction\",\"target\":[\"https:\/\/www.sportingpedia.com\/de\/casino-deposit\/\"]}]},{\"@type\":\"BreadcrumbList\",\"@id\":\"https:\/\/www.sportingpedia.com\/de\/casino-deposit\/#breadcrumb\",\"itemListElement\":[{\"@type\":\"ListItem\",\"position\":1,\"name\":\"Startseite\",\"item\":\"https:\/\/www.sportingpedia.com\/de\/home-de\/\"},{\"@type\":\"ListItem\",\"position\":2,\"name\":\"Kasinomethoden zur Einzahlung\"}]},{\"@type\":\"WebSite\",\"@id\":\"https:\/\/www.sportingpedia.com\/de\/#website\",\"url\":\"https:\/\/www.sportingpedia.com\/de\/\",\"name\":\"Sportingpedia - Latest Sports News From All Over the World\",\"description\":\"\",\"publisher\":{\"@id\":\"https:\/\/www.sportingpedia.com\/de\/#organization\"},\"potentialAction\":[{\"@type\":\"SearchAction\",\"target\":{\"@type\":\"EntryPoint\",\"urlTemplate\":\"https:\/\/www.sportingpedia.com\/de\/?s={search_term_string}\"},\"query-input\":{\"@type\":\"PropertyValueSpecification\",\"valueRequired\":true,\"valueName\":\"search_term_string\"}}],\"inLanguage\":\"de\"},{\"@type\":\"Organization\",\"@id\":\"https:\/\/www.sportingpedia.com\/de\/#organization\",\"name\":\"SportingPedia\",\"url\":\"https:\/\/www.sportingpedia.com\/de\/\",\"logo\":{\"@type\":\"ImageObject\",\"inLanguage\":\"de\",\"@id\":\"https:\/\/www.sportingpedia.com\/de\/#\/schema\/logo\/image\/\",\"url\":\"https:\/\/www.sportingpedia.com\/wp-content\/uploads\/2019\/10\/SportingPedia_logo.png\",\"contentUrl\":\"https:\/\/www.sportingpedia.com\/wp-content\/uploads\/2019\/10\/SportingPedia_logo.png\",\"width\":600,\"height\":101,\"caption\":\"SportingPedia\"},\"image\":{\"@id\":\"https:\/\/www.sportingpedia.com\/de\/#\/schema\/logo\/image\/\"}}]}<\/script>\n<!-- \/ Yoast SEO plugin. -->","yoast_head_json":{"title":"Online-Casino-Banking \u2013 Vertrauensw\u00fcrdige Einzahlungs- und Auszahlungsoptionen f\u00fcr Online-Gl\u00fccksspiel","description":"Die Einzahlung und Abhebung von Ihrem Online-Casino-Konto ist f\u00fcr jeden Wetter unerl\u00e4sslich. Hier ist eine Liste der zuverl\u00e4ssigsten Zahlungsmethoden, die f\u00fcr Online-Wetten verwendet werden.","robots":{"index":"index","follow":"follow","max-snippet":"max-snippet:-1","max-image-preview":"max-image-preview:large","max-video-preview":"max-video-preview:-1"},"canonical":"https:\/\/www.sportingpedia.com\/de\/casino-deposit\/","og_locale":"de_DE","og_type":"article","og_title":"Online-Casino-Banking \u2013 Vertrauensw\u00fcrdige Einzahlungs- und Auszahlungsoptionen f\u00fcr Online-Gl\u00fccksspiel","og_description":"Die Einzahlung und Abhebung von Ihrem Online-Casino-Konto ist f\u00fcr jeden Wetter unerl\u00e4sslich. Hier ist eine Liste der zuverl\u00e4ssigsten Zahlungsmethoden, die f\u00fcr Online-Wetten verwendet werden.","og_url":"https:\/\/www.sportingpedia.com\/de\/casino-deposit\/","og_site_name":"Sportingpedia - Latest Sports News From All Over the World","article_modified_time":"2025-05-19T13:47:58+00:00","twitter_card":"summary_large_image","twitter_misc":{"Gesch\u00e4tzte Lesezeit":"1\u00a0Minute"},"schema":{"@context":"https:\/\/schema.org","@graph":[{"@type":"WebPage","@id":"https:\/\/www.sportingpedia.com\/de\/casino-deposit\/","url":"https:\/\/www.sportingpedia.com\/de\/casino-deposit\/","name":"Online-Casino-Banking \u2013 Vertrauensw\u00fcrdige Einzahlungs- und Auszahlungsoptionen f\u00fcr Online-Gl\u00fccksspiel","isPartOf":{"@id":"https:\/\/www.sportingpedia.com\/de\/#website"},"datePublished":"2025-04-10T07:02:43+00:00","dateModified":"2025-05-19T13:47:58+00:00","description":"Die Einzahlung und Abhebung von Ihrem Online-Casino-Konto ist f\u00fcr jeden Wetter unerl\u00e4sslich. Hier ist eine Liste der zuverl\u00e4ssigsten Zahlungsmethoden, die f\u00fcr Online-Wetten verwendet werden.","breadcrumb":{"@id":"https:\/\/www.sportingpedia.com\/de\/casino-deposit\/#breadcrumb"},"inLanguage":"de","potentialAction":[{"@type":"ReadAction","target":["https:\/\/www.sportingpedia.com\/de\/casino-deposit\/"]}]},{"@type":"BreadcrumbList","@id":"https:\/\/www.sportingpedia.com\/de\/casino-deposit\/#breadcrumb","itemListElement":[{"@type":"ListItem","position":1,"name":"Startseite","item":"https:\/\/www.sportingpedia.com\/de\/home-de\/"},{"@type":"ListItem","position":2,"name":"Kasinomethoden zur Einzahlung"}]},{"@type":"WebSite","@id":"https:\/\/www.sportingpedia.com\/de\/#website","url":"https:\/\/www.sportingpedia.com\/de\/","name":"Sportingpedia - Latest Sports News From All Over the World","description":"","publisher":{"@id":"https:\/\/www.sportingpedia.com\/de\/#organization"},"potentialAction":[{"@type":"SearchAction","target":{"@type":"EntryPoint","urlTemplate":"https:\/\/www.sportingpedia.com\/de\/?s={search_term_string}"},"query-input":{"@type":"PropertyValueSpecification","valueRequired":true,"valueName":"search_term_string"}}],"inLanguage":"de"},{"@type":"Organization","@id":"https:\/\/www.sportingpedia.com\/de\/#organization","name":"SportingPedia","url":"https:\/\/www.sportingpedia.com\/de\/","logo":{"@type":"ImageObject","inLanguage":"de","@id":"https:\/\/www.sportingpedia.com\/de\/#\/schema\/logo\/image\/","url":"https:\/\/www.sportingpedia.com\/wp-content\/uploads\/2019\/10\/SportingPedia_logo.png","contentUrl":"https:\/\/www.sportingpedia.com\/wp-content\/uploads\/2019\/10\/SportingPedia_logo.png","width":600,"height":101,"caption":"SportingPedia"},"image":{"@id":"https:\/\/www.sportingpedia.com\/de\/#\/schema\/logo\/image\/"}}]}},"_links":{"self":[{"href":"https:\/\/www.sportingpedia.com\/de\/wp-json\/wp\/v2\/pages\/115849","targetHints":{"allow":["GET"]}}],"collection":[{"href":"https:\/\/www.sportingpedia.com\/de\/wp-json\/wp\/v2\/pages"}],"about":[{"href":"https:\/\/www.sportingpedia.com\/de\/wp-json\/wp\/v2\/types\/page"}],"author":[{"embeddable":true,"href":"https:\/\/www.sportingpedia.com\/de\/wp-json\/wp\/v2\/users\/1"}],"replies":[{"embeddable":true,"href":"https:\/\/www.sportingpedia.com\/de\/wp-json\/wp\/v2\/comments?post=115849"}],"version-history":[{"count":1,"href":"https:\/\/www.sportingpedia.com\/de\/wp-json\/wp\/v2\/pages\/115849\/revisions"}],"predecessor-version":[{"id":121751,"href":"https:\/\/www.sportingpedia.com\/de\/wp-json\/wp\/v2\/pages\/115849\/revisions\/121751"}],"wp:attachment":[{"href":"https:\/\/www.sportingpedia.com\/de\/wp-json\/wp\/v2\/media?parent=115849"}],"curies":[{"name":"wp","href":"https:\/\/api.w.org\/{rel}","templated":true}]}}