{"id":115877,"date":"2025-04-10T07:02:58","date_gmt":"2025-04-10T07:02:58","guid":{"rendered":"https:\/\/www.sportingpedia.com\/?page_id=115877"},"modified":"2025-05-19T13:55:25","modified_gmt":"2025-05-19T13:55:25","slug":"single-bet-calculator","status":"publish","type":"page","link":"https:\/\/www.sportingpedia.com\/de\/betting-calculators\/single-bet-calculator\/","title":{"rendered":"Einzelwett-Rechner"},"content":{"rendered":"<p>Eine Einzelwette ist die einfachste Art, eine Wette auf ein Ereignis zu platzieren, bei der Sie <strong>eine Wette auf eine Auswahl<\/strong> machen k\u00f6nnen. Eine Einzelwette kann auf eine Vielzahl von Ergebnissen platziert werden, wobei diese Wettoption h\u00e4ufig auf einen Sieg eines Teams, eines Spielers, einen Pferdesieg in einem Rennen usw. verf\u00fcgbar ist.<\/p>\n<p>Wenn Sie sich f\u00fcr eine Einzelwette mit Platzierung entscheiden, k\u00f6nnen Sie sogar einen Gewinn erzielen, wenn das von Ihnen unterst\u00fctzte Team\/der Spieler nicht gewinnt. Um zu sehen, wie hoch Ihre potenzielle Auszahlung sein k\u00f6nnte, k\u00f6nnen Sie <strong>unseren detaillierten Einzelwetten-Rechner<\/strong> verwenden. Unten haben wir auch Informationen dar\u00fcber bereitgestellt, wie unser Rechner funktioniert.<\/p>\n<h2 id=\"what\">Was ist eine Einzelwette?<\/h2>\n<p><img decoding=\"async\" src=\"https:\/\/www.sportingpedia.com\/wp-content\/uploads\/2021\/02\/football-betting-accumulators-vs-single_single-bets.svg\" alt=\"Was ist eine Einzelwette?\" width=\"300\" height=\"150\" class=\"alignleft \">Die Einzelwette ist die einfachste Form des Wettens, bei der Wettende Geld auf das Ergebnis eines Sportereignisses oder eines anderen Ereignistyps setzen k\u00f6nnen. Die Wettenden w\u00e4hlen ein einzelnes Ergebnis aus, wie zum Beispiel den direkten Sieger eines Spiels, daher auch der Name dieser Wettoption. Wenn Sie mehr \u00fcber diese und andere Wettarten erfahren m\u00f6chten, k\u00f6nnen Sie auch unseren <strong>Bereich Wettseiten<\/strong> besuchen und unsere detaillierten Bewertungen \u00fcber Sportwetten lesen.<\/p>\n<div class=\"clear\"><\/div>\n<h2 id=\"how\">Wie Funktioniert Unser Einzelwetten-Rechner?<\/h2>\n<p><img decoding=\"async\" src=\"https:\/\/www.sportingpedia.com\/wp-content\/uploads\/2021\/02\/nfl-betting-cashout_calculating.svg\" alt=\"Wie Funktioniert Unser Einzelwetten-Rechner?\" width=\"300\" height=\"150\" class=\"alignleft \">Immer wenn Sie Hilfe ben\u00f6tigen, um die potenzielle Rendite f\u00fcr Ihre Einzelwetten zu bestimmen, k\u00f6nnen Sie unseren Einzelwetten-Rechner nutzen. Die Einstellungen des Tools erm\u00f6glichen es Ihnen, <strong>zwischen den beliebtesten Quotenformaten zu w\u00e4hlen<\/strong>, sodass Sie die Quoten Ihrer Einzelwette auf eine Weise eingeben k\u00f6nnen, die am leichtesten zu verstehen ist.<\/p>\n<p>Werfen Sie einen Blick auf das Einstellungsmen\u00fc unseres Rechners, da es Ihnen erm\u00f6glichen kann, andere zus\u00e4tzliche Optionen zu nutzen, wie das Hinzuf\u00fcgen von Notizen zu einer Auswahl oder das Aktivieren zus\u00e4tzlicher Each-Way-Einstellungen. Was die Basisinformationen betrifft, die Sie f\u00fcr Ihre Einzelwetten-Berechnungen ausw\u00e4hlen m\u00fcssen, m\u00fcssen Sie <strong>w\u00e4hlen, ob Sie die Quoten einer Each-Way-Einzelwette berechnen oder nicht<\/strong>.<\/p>\n<p>Unser Rechner erm\u00f6glicht es Ihnen auch, die Rendite f\u00fcr mehrere Auswahlen zu sch\u00e4tzen, anstatt die Quoten jeder Ihrer Auswahlen separat einzugeben. Sie k\u00f6nnen unsere Tools verwenden, um die Rendite von bis zu 20 Auswahlen zu berechnen, aber beachten Sie, dass, wenn Sie eine Anzahl an Auswahlen w\u00e4hlen, die die erforderlichen Optionen f\u00fcr eine Einzel-, Doppel- oder Dreierwette \u00fcberschreiten, Ihr Einsatz als Perm (Kombination von Wetten) berechnet wird.<\/p>\n<p>Wenn Sie Ihre Einzelwette auf ein Pferderennen berechnen und <strong>Regel 4<\/strong> wirksam ist, k\u00f6nnen Sie auch w\u00e4hlen, die Rendite mit Regel 4 zu berechnen. Wenn Sie sich entscheiden, die potenzielle Rendite mit dieser Regel zu zeigen, m\u00fcssen Sie den abzuziehenden Wert ausw\u00e4hlen, der vom potenziellen Gewinn abgezogen wird.<\/p>\n<p>F\u00fcr jede Auswahl m\u00fcssen Sie das Ergebnis ausw\u00e4hlen, das Gewinner, Dead Heat, Verloren oder Ung\u00fcltig\/Nichtstarter sein kann. Der n\u00e4chste Schritt ist, <strong>die Quoten Ihrer Einzelwette einzugeben<\/strong>. Wenn Sie ein anderes Quotenformat bevorzugen, k\u00f6nnen Sie zu den Einstellungen gehen und das gew\u00fcnschte Format ausw\u00e4hlen.<\/p>\n<p>Wenn Sie sich entschieden haben, die Rendite f\u00fcr mehrere Auswahlen zu berechnen, m\u00fcssen Sie w\u00e4hlen, ob der Einsatz, den Sie platzieren m\u00f6chten, den Gesamteinsatz darstellt, den Sie auf die gew\u00e4hlten Auswahlen gesetzt haben, oder ob dies der Betrag ist, den Sie pro Auswahl setzen m\u00f6chten. Der n\u00e4chste Abschnitt des Rechners erfordert, dass Sie den Betrag Ihres Einsatzes eingeben.<\/p>\n<p>Sobald Sie alle Abschnitte ausgef\u00fcllt haben, zeigt unser Rechner Ihnen den Gesamteinsatz Ihrer Wetten, die Gesamtrendite, die Sie erwarten k\u00f6nnen, sowie den Gesamtgewinn, den Sie genie\u00dfen k\u00f6nnen, wenn Ihre Wettsitzung erfolgreich ist. Sie k\u00f6nnen w\u00e4hlen, diesen Wettschein zu speichern oder alle eingegebenen Details zu l\u00f6schen.<\/p>\n<h2 id=\"why\">Warum Sollten Sie Einen Einzelwett-Kalkulator Verwenden?<\/h2>\n<p><img decoding=\"async\" src=\"https:\/\/www.sportingpedia.com\/wp-content\/uploads\/2021\/02\/football-betting-how-to-calculate-arbitrage-bets_why-do-such-opportunities-appear.svg\" alt=\"Warum Sollten Sie Einen Einzelwett-Kalkulator Verwenden\" width=\"300\" height=\"150\" class=\"alignleft \">Obwohl Einzelwetten die einfachste M\u00f6glichkeit sind, um auf ein Ereignis zu setzen, <strong>k\u00f6nnen Sie erheblich profitieren, wenn Sie unseren Einzelwett-Kalkulator verwenden<\/strong>, bevor Sie Ihre Wette bei einem Wettanbieter platzieren. Wenn Sie unterschiedliche Quoten f\u00fcr dasselbe Ereignis bei verschiedenen Wettanbietern gefunden haben, k\u00f6nnen Sie unseren Kalkulator problemlos nutzen, um zu vergleichen, welcher Buchmacher eine bessere potenzielle Rendite bietet. Zudem k\u00f6nnen Sie leicht den Betrag Ihres Einsatzes berechnen, wenn Ihr Ziel darin besteht, einen bestimmten Gewinn zu erzielen.<\/p>\n<p>Einzelwett-Kalkulatoren sind auch <strong>\u00e4u\u00dferst n\u00fctzlich f\u00fcr Fans von Pferderennen<\/strong>, da dieses Tool es Wettenden erm\u00f6glicht, die Quoten f\u00fcr alle Teilnehmer einzugeben und zu bestimmen, welches Pferd m\u00f6glicherweise die beste Rendite bringen k\u00f6nnte, wenn es das Rennen gewinnt. Sie k\u00f6nnen dies tun, indem Sie die Quoten jedes Teilnehmers eingeben und die gleiche Einsatzh\u00f6he f\u00fcr alle Auswahlen w\u00e4hlen. Auf diese Weise k\u00f6nnen Sie leicht Wetten mit h\u00f6herem Wert erkennen.<\/p>\n<p>Wenn Sie anstatt mehrerer Einzelwetten lieber Doppel-, Dreifach- oder Mehrfachwetten platzieren m\u00f6chten, k\u00f6nnen Sie auch unsere Kalkulatoren f\u00fcr <strong>Doppelwetten, Dreifachwetten oder Kombiwetten<\/strong> verwenden.<\/p>\n","protected":false},"excerpt":{"rendered":"<p>Eine Einzelwette ist die einfachste Art, eine Wette auf ein Ereignis zu platzieren, bei der Sie eine Wette auf eine Auswahl machen k\u00f6nnen. Eine Einzelwette kann auf eine Vielzahl von Ergebnissen platziert werden, wobei diese Wettoption h\u00e4ufig auf einen Sieg eines Teams, eines Spielers, einen Pferdesieg in einem Rennen usw. verf\u00fcgbar ist. Wenn Sie sich [&hellip;]<\/p>\n","protected":false},"author":8,"featured_media":121876,"parent":115885,"menu_order":100,"comment_status":"closed","ping_status":"closed","template":"template-guide-page.php","meta":{"footnotes":""},"class_list":["post-115877","page","type-page","status-publish","has-post-thumbnail","hentry"],"yoast_head":"<!-- This site is optimized with the Yoast SEO plugin v26.6 - https:\/\/yoast.com\/wordpress\/plugins\/seo\/ -->\n<title>Einzelwett-Kalkulator: Berechnen Sie Ihre Sportwetten-Auszahlung<\/title>\n<meta name=\"description\" content=\"Verwenden Sie unseren Einzelwetten-Rechner, um die Rendite Ihrer Wette zu berechnen. Sehen Sie nach, was Sie mit Ihren Einzelwetten auf Sportereignisse verdienen k\u00f6nnen.\" \/>\n<meta name=\"robots\" content=\"index, follow, max-snippet:-1, max-image-preview:large, max-video-preview:-1\" \/>\n<link rel=\"canonical\" href=\"https:\/\/www.sportingpedia.com\/de\/betting-calculators\/single-bet-calculator\/\" \/>\n<meta property=\"og:locale\" content=\"de_DE\" \/>\n<meta property=\"og:type\" content=\"article\" \/>\n<meta property=\"og:title\" content=\"Einzelwett-Kalkulator: Berechnen Sie Ihre Sportwetten-Auszahlung\" \/>\n<meta property=\"og:description\" content=\"Verwenden Sie unseren Einzelwetten-Rechner, um die Rendite Ihrer Wette zu berechnen. Sehen Sie nach, was Sie mit Ihren Einzelwetten auf Sportereignisse verdienen k\u00f6nnen.\" \/>\n<meta property=\"og:url\" content=\"https:\/\/www.sportingpedia.com\/de\/betting-calculators\/single-bet-calculator\/\" \/>\n<meta property=\"og:site_name\" content=\"Sportingpedia - Latest Sports News From All Over the World\" \/>\n<meta property=\"article:modified_time\" content=\"2025-05-19T13:55:25+00:00\" \/>\n<meta name=\"twitter:card\" content=\"summary_large_image\" \/>\n<meta name=\"twitter:label1\" content=\"Gesch\u00e4tzte Lesezeit\" \/>\n\t<meta name=\"twitter:data1\" content=\"5\u00a0Minuten\" \/>\n<script type=\"application\/ld+json\" class=\"yoast-schema-graph\">{\"@context\":\"https:\/\/schema.org\",\"@graph\":[{\"@type\":\"WebPage\",\"@id\":\"https:\/\/www.sportingpedia.com\/de\/betting-calculators\/single-bet-calculator\/\",\"url\":\"https:\/\/www.sportingpedia.com\/de\/betting-calculators\/single-bet-calculator\/\",\"name\":\"Einzelwett-Kalkulator: Berechnen Sie Ihre Sportwetten-Auszahlung\",\"isPartOf\":{\"@id\":\"https:\/\/www.sportingpedia.com\/de\/#website\"},\"primaryImageOfPage\":{\"@id\":\"https:\/\/www.sportingpedia.com\/de\/betting-calculators\/single-bet-calculator\/#primaryimage\"},\"image\":{\"@id\":\"https:\/\/www.sportingpedia.com\/de\/betting-calculators\/single-bet-calculator\/#primaryimage\"},\"thumbnailUrl\":\"https:\/\/www.sportingpedia.com\/wp-content\/uploads\/2023\/03\/single-bet-calculator-featured.svg\",\"datePublished\":\"2025-04-10T07:02:58+00:00\",\"dateModified\":\"2025-05-19T13:55:25+00:00\",\"description\":\"Verwenden Sie unseren Einzelwetten-Rechner, um die Rendite Ihrer Wette zu berechnen. Sehen Sie nach, was Sie mit Ihren Einzelwetten auf Sportereignisse verdienen k\u00f6nnen.\",\"breadcrumb\":{\"@id\":\"https:\/\/www.sportingpedia.com\/de\/betting-calculators\/single-bet-calculator\/#breadcrumb\"},\"inLanguage\":\"de\",\"potentialAction\":[{\"@type\":\"ReadAction\",\"target\":[\"https:\/\/www.sportingpedia.com\/de\/betting-calculators\/single-bet-calculator\/\"]}]},{\"@type\":\"ImageObject\",\"inLanguage\":\"de\",\"@id\":\"https:\/\/www.sportingpedia.com\/de\/betting-calculators\/single-bet-calculator\/#primaryimage\",\"url\":\"https:\/\/www.sportingpedia.com\/wp-content\/uploads\/2023\/03\/single-bet-calculator-featured.svg\",\"contentUrl\":\"https:\/\/www.sportingpedia.com\/wp-content\/uploads\/2023\/03\/single-bet-calculator-featured.svg\"},{\"@type\":\"BreadcrumbList\",\"@id\":\"https:\/\/www.sportingpedia.com\/de\/betting-calculators\/single-bet-calculator\/#breadcrumb\",\"itemListElement\":[{\"@type\":\"ListItem\",\"position\":1,\"name\":\"Startseite\",\"item\":\"https:\/\/www.sportingpedia.com\/de\/home-de\/\"},{\"@type\":\"ListItem\",\"position\":2,\"name\":\"Sportwettenrechner\",\"item\":\"https:\/\/www.sportingpedia.com\/de\/betting-calculators\/\"},{\"@type\":\"ListItem\",\"position\":3,\"name\":\"Einzelwett-Rechner\"}]},{\"@type\":\"WebSite\",\"@id\":\"https:\/\/www.sportingpedia.com\/de\/#website\",\"url\":\"https:\/\/www.sportingpedia.com\/de\/\",\"name\":\"Sportingpedia - Latest Sports News From All Over the World\",\"description\":\"\",\"publisher\":{\"@id\":\"https:\/\/www.sportingpedia.com\/de\/#organization\"},\"potentialAction\":[{\"@type\":\"SearchAction\",\"target\":{\"@type\":\"EntryPoint\",\"urlTemplate\":\"https:\/\/www.sportingpedia.com\/de\/?s={search_term_string}\"},\"query-input\":{\"@type\":\"PropertyValueSpecification\",\"valueRequired\":true,\"valueName\":\"search_term_string\"}}],\"inLanguage\":\"de\"},{\"@type\":\"Organization\",\"@id\":\"https:\/\/www.sportingpedia.com\/de\/#organization\",\"name\":\"SportingPedia\",\"url\":\"https:\/\/www.sportingpedia.com\/de\/\",\"logo\":{\"@type\":\"ImageObject\",\"inLanguage\":\"de\",\"@id\":\"https:\/\/www.sportingpedia.com\/de\/#\/schema\/logo\/image\/\",\"url\":\"https:\/\/www.sportingpedia.com\/wp-content\/uploads\/2019\/10\/SportingPedia_logo.png\",\"contentUrl\":\"https:\/\/www.sportingpedia.com\/wp-content\/uploads\/2019\/10\/SportingPedia_logo.png\",\"width\":600,\"height\":101,\"caption\":\"SportingPedia\"},\"image\":{\"@id\":\"https:\/\/www.sportingpedia.com\/de\/#\/schema\/logo\/image\/\"}}]}<\/script>\n<!-- \/ Yoast SEO plugin. -->","yoast_head_json":{"title":"Einzelwett-Kalkulator: Berechnen Sie Ihre Sportwetten-Auszahlung","description":"Verwenden Sie unseren Einzelwetten-Rechner, um die Rendite Ihrer Wette zu berechnen. Sehen Sie nach, was Sie mit Ihren Einzelwetten auf Sportereignisse verdienen k\u00f6nnen.","robots":{"index":"index","follow":"follow","max-snippet":"max-snippet:-1","max-image-preview":"max-image-preview:large","max-video-preview":"max-video-preview:-1"},"canonical":"https:\/\/www.sportingpedia.com\/de\/betting-calculators\/single-bet-calculator\/","og_locale":"de_DE","og_type":"article","og_title":"Einzelwett-Kalkulator: Berechnen Sie Ihre Sportwetten-Auszahlung","og_description":"Verwenden Sie unseren Einzelwetten-Rechner, um die Rendite Ihrer Wette zu berechnen. Sehen Sie nach, was Sie mit Ihren Einzelwetten auf Sportereignisse verdienen k\u00f6nnen.","og_url":"https:\/\/www.sportingpedia.com\/de\/betting-calculators\/single-bet-calculator\/","og_site_name":"Sportingpedia - Latest Sports News From All Over the World","article_modified_time":"2025-05-19T13:55:25+00:00","twitter_card":"summary_large_image","twitter_misc":{"Gesch\u00e4tzte Lesezeit":"5\u00a0Minuten"},"schema":{"@context":"https:\/\/schema.org","@graph":[{"@type":"WebPage","@id":"https:\/\/www.sportingpedia.com\/de\/betting-calculators\/single-bet-calculator\/","url":"https:\/\/www.sportingpedia.com\/de\/betting-calculators\/single-bet-calculator\/","name":"Einzelwett-Kalkulator: Berechnen Sie Ihre Sportwetten-Auszahlung","isPartOf":{"@id":"https:\/\/www.sportingpedia.com\/de\/#website"},"primaryImageOfPage":{"@id":"https:\/\/www.sportingpedia.com\/de\/betting-calculators\/single-bet-calculator\/#primaryimage"},"image":{"@id":"https:\/\/www.sportingpedia.com\/de\/betting-calculators\/single-bet-calculator\/#primaryimage"},"thumbnailUrl":"https:\/\/www.sportingpedia.com\/wp-content\/uploads\/2023\/03\/single-bet-calculator-featured.svg","datePublished":"2025-04-10T07:02:58+00:00","dateModified":"2025-05-19T13:55:25+00:00","description":"Verwenden Sie unseren Einzelwetten-Rechner, um die Rendite Ihrer Wette zu berechnen. Sehen Sie nach, was Sie mit Ihren Einzelwetten auf Sportereignisse verdienen k\u00f6nnen.","breadcrumb":{"@id":"https:\/\/www.sportingpedia.com\/de\/betting-calculators\/single-bet-calculator\/#breadcrumb"},"inLanguage":"de","potentialAction":[{"@type":"ReadAction","target":["https:\/\/www.sportingpedia.com\/de\/betting-calculators\/single-bet-calculator\/"]}]},{"@type":"ImageObject","inLanguage":"de","@id":"https:\/\/www.sportingpedia.com\/de\/betting-calculators\/single-bet-calculator\/#primaryimage","url":"https:\/\/www.sportingpedia.com\/wp-content\/uploads\/2023\/03\/single-bet-calculator-featured.svg","contentUrl":"https:\/\/www.sportingpedia.com\/wp-content\/uploads\/2023\/03\/single-bet-calculator-featured.svg"},{"@type":"BreadcrumbList","@id":"https:\/\/www.sportingpedia.com\/de\/betting-calculators\/single-bet-calculator\/#breadcrumb","itemListElement":[{"@type":"ListItem","position":1,"name":"Startseite","item":"https:\/\/www.sportingpedia.com\/de\/home-de\/"},{"@type":"ListItem","position":2,"name":"Sportwettenrechner","item":"https:\/\/www.sportingpedia.com\/de\/betting-calculators\/"},{"@type":"ListItem","position":3,"name":"Einzelwett-Rechner"}]},{"@type":"WebSite","@id":"https:\/\/www.sportingpedia.com\/de\/#website","url":"https:\/\/www.sportingpedia.com\/de\/","name":"Sportingpedia - Latest Sports News From All Over the World","description":"","publisher":{"@id":"https:\/\/www.sportingpedia.com\/de\/#organization"},"potentialAction":[{"@type":"SearchAction","target":{"@type":"EntryPoint","urlTemplate":"https:\/\/www.sportingpedia.com\/de\/?s={search_term_string}"},"query-input":{"@type":"PropertyValueSpecification","valueRequired":true,"valueName":"search_term_string"}}],"inLanguage":"de"},{"@type":"Organization","@id":"https:\/\/www.sportingpedia.com\/de\/#organization","name":"SportingPedia","url":"https:\/\/www.sportingpedia.com\/de\/","logo":{"@type":"ImageObject","inLanguage":"de","@id":"https:\/\/www.sportingpedia.com\/de\/#\/schema\/logo\/image\/","url":"https:\/\/www.sportingpedia.com\/wp-content\/uploads\/2019\/10\/SportingPedia_logo.png","contentUrl":"https:\/\/www.sportingpedia.com\/wp-content\/uploads\/2019\/10\/SportingPedia_logo.png","width":600,"height":101,"caption":"SportingPedia"},"image":{"@id":"https:\/\/www.sportingpedia.com\/de\/#\/schema\/logo\/image\/"}}]}},"_links":{"self":[{"href":"https:\/\/www.sportingpedia.com\/de\/wp-json\/wp\/v2\/pages\/115877","targetHints":{"allow":["GET"]}}],"collection":[{"href":"https:\/\/www.sportingpedia.com\/de\/wp-json\/wp\/v2\/pages"}],"about":[{"href":"https:\/\/www.sportingpedia.com\/de\/wp-json\/wp\/v2\/types\/page"}],"author":[{"embeddable":true,"href":"https:\/\/www.sportingpedia.com\/de\/wp-json\/wp\/v2\/users\/8"}],"replies":[{"embeddable":true,"href":"https:\/\/www.sportingpedia.com\/de\/wp-json\/wp\/v2\/comments?post=115877"}],"version-history":[{"count":1,"href":"https:\/\/www.sportingpedia.com\/de\/wp-json\/wp\/v2\/pages\/115877\/revisions"}],"predecessor-version":[{"id":121877,"href":"https:\/\/www.sportingpedia.com\/de\/wp-json\/wp\/v2\/pages\/115877\/revisions\/121877"}],"up":[{"embeddable":true,"href":"https:\/\/www.sportingpedia.com\/de\/wp-json\/wp\/v2\/pages\/115885"}],"wp:featuredmedia":[{"embeddable":true,"href":"https:\/\/www.sportingpedia.com\/de\/wp-json\/wp\/v2\/media\/121876"}],"wp:attachment":[{"href":"https:\/\/www.sportingpedia.com\/de\/wp-json\/wp\/v2\/media?parent=115877"}],"curies":[{"name":"wp","href":"https:\/\/api.w.org\/{rel}","templated":true}]}}