{"id":115878,"date":"2025-04-10T07:02:59","date_gmt":"2025-04-10T07:02:59","guid":{"rendered":"https:\/\/www.sportingpedia.com\/?page_id=115878"},"modified":"2025-05-19T13:55:28","modified_gmt":"2025-05-19T13:55:28","slug":"double-bet-calculator","status":"publish","type":"page","link":"https:\/\/www.sportingpedia.com\/de\/betting-calculators\/double-bet-calculator\/","title":{"rendered":"Doppelwetten-Rechner"},"content":{"rendered":"<p>Doppelwette ist eine weitere einfache Wettart, die Tipper auf verschiedene Sport- und Nicht-Sportveranstaltungen platzieren k\u00f6nnen. Dies ist eine <strong>Mehrfach-Wettoption<\/strong>, die aus zwei Auswahlen besteht, wobei die Wette nur ausgezahlt wird, wenn beide Auswahlen gewinnen. Um die Auszahlung bei dieser Art von Wette zu berechnen, k\u00f6nnen Sie unser Doppelwetten-Rechner-Tool unten verwenden.<\/p>\n\n\t\t<div class=\"container p-3 widget-betting-calculator\">\n\t\t\t<div class=\"row\">\n\t\t\t\t<div class=\"col-12 col-md-6 form-group\">\n\t\t\t\t\t<label for=\"format\">Quotenformat:<\/label>\n\t\t\t\t\t<select class=\"form-control\" id=\"format\">\n\t\t\t\t\t\t<option value=\"decimal\">Dezimal<\/option>\n\t\t\t\t\t\t<option value=\"american\">Amerikanisch<\/option>\n\t\t\t\t\t\t<option value=\"fractional\">Bruch<\/option>\n\t\t\t\t\t<\/select>\n\t\t\t\t<\/div>\n\t\t\t\t\n\t\t\t\t<div class=\"col-12 col-md-6 form-group\">\n\t\t\t\t\t<label for=\"stake\">Einsatz:<\/label>\n\t\t\t\t\t<input type=\"text\" class=\"form-control\" id=\"stake\" placeholder=\"Einsatz eingeben\">\n\t\t\t\t<\/div>\n\n\t\t\t\t<div class=\"col-12 col-md-6 form-group\">\n\t\t\t\t\t<label for=\"odds\">Quoten:<\/label>\n\t\t\t\t\t<input type=\"text\" class=\"form-control\" id=\"odds\" placeholder=\"Quote eingeben\">\n\t\t\t\t<\/div>\n\n\t\t\t\t<div class=\"col-12 col-md-6 form-group\">\n\t\t\t\t\t<label for=\"odds2\">Quote 2:<\/label>\n\t\t\t\t\t<input type=\"text\" class=\"form-control\" id=\"odds2\" placeholder=\"Quote eingeben\">\n\t\t\t\t<\/div>\n\t\t\t<\/div>\n\n\t\t\t\t<div id=\"result\"><\/div>\n\n\t\t\t\t<button type=\"button\" class=\"btn btn-primary\" id=\"calculate\">Berechnen<\/button>\n\t\t\t\t<button type=\"button\" class=\"btn btn-warning\" id=\"reset\">Zur\u00fccksetzen<\/button>\n\t\t\t\t\n\t\t<\/div>\n\n\t\t<script>\n\t\t\tjQuery(document).ready(function($) {\n\t\t\t\t$(\"#calculate\").click(function() {\n\t\t\t    var format = $(\"#format\").val();\n\t\t\t    var odds = $(\"#odds\").val();\n\t\t\t    var odds2 = $(\"#odds2\").val();\n\t\t\t    var stake = $(\"#stake\").val();\n\t\t\t    if (format == \"decimal\") {\n\t\t\t      \tif ($.isNumeric(odds) && odds > 1 && $.isNumeric(odds2) && odds2 > 1) {\n\t\t\t        \tvar payout = (stake * (parseFloat(odds) * parseFloat(odds2))).toFixed(2);\n\t\t\t        \tvar profit = (payout - stake).toFixed(2);\n\t\t\t        \t$(\"#result\").html(\"Auszahlung: $\" + payout + \"<br>Gewinn: $\" + profit).addClass(\"success\");\n\t\t\t      \t} else {\n\t\t\t        \t$(\"#result\").html(\"Bitte geben Sie g\u00fcltige Dezimalquoten gr\u00f6\u00dfer als 1 ein.\").addClass(\"error\");\n\t\t\t      \t}\n\t\t\t    } else if (format == \"american\") {\n\t\t\t      \tif ($.isNumeric(odds) && $.isNumeric(odds2)) {\n\t\t\t\t        var decimalOdds, decimalOdds2;\n\t\t\t\t        if (odds > 0) {\n\t\t\t\t          decimalOdds = (odds \/ 100 + 1).toFixed(2);\n\t\t\t\t        } else {\n\t\t\t\t          decimalOdds = (100 \/ -odds + 1).toFixed(2);\n\t\t\t\t        }\n\t\t\t\t        if (odds2 > 0) {\n\t\t\t\t          decimalOdds2 = (odds2 \/ 100 + 1).toFixed(2);\n\t\t\t\t        } else {\n\t\t\t\t          decimalOdds2 = (100 \/ -odds2 + 1).toFixed(2);\n\t\t\t\t        }\n\t\t\t\t        var payout = (stake * (parseFloat(decimalOdds) * parseFloat(decimalOdds2))).toFixed(2);\n\t\t\t\t        var profit = (payout - stake).toFixed(2);\n\t\t\t\t        $(\"#result\").html(\"Auszahlung: $\" + payout + \"<br>Gewinn: $\" + profit).addClass(\"success\");\n\t\t\t      \t} else {\n\t\t\t        \t$(\"#result\").html(\"Bitte geben Sie g\u00fcltige amerikanische Quoten ein.\").addClass(\"error\");\n\t\t\t      \t}\n\t\t\t    } else if (format == \"fractional\") {\n\t\t\t      \tif (\/^\\d+\\\/\\d+$\/.test(odds) && \/^\\d+\\\/\\d+$\/.test(odds2)) {\n\t\t\t\t        var parts = odds.split(\"\/\");\n\t\t\t\t        var numerator = parseInt(parts[0]);\n\t\t\t\t        var denominator = parseInt(parts[1]);\n\t\t\t\t        var decimalOdds = (numerator \/ denominator + 1).toFixed(2);\n\t\t\t\t        var parts2 = odds2.split(\"\/\");\n\t\t\t\t        var numerator2 = parseInt(parts2[0]);\n\t\t\t\t        var denominator2 = parseInt(parts2[1]);\n\t\t\t\t        var decimalOdds2 = (numerator2 \/ denominator2 + 1).toFixed(2);\n\t\t\t\t        var payout = (stake * (parseFloat(decimalOdds) * parseFloat(decimalOdds2))).toFixed(2);\n\t\t\t\t        var profit = (payout - stake).toFixed(2);\n\t\t\t\t        $(\"#result\").html(\"Auszahlung: $\" + payout + \"<br>Gewinn: $\" + profit).addClass(\"success\");\n\t\t\t      \t} else {\n\t\t\t        \t$(\"#result\").html(\"Bitte geben Sie g\u00fcltige Bruchquoten im Format X\/Y ein.\").addClass(\"error\");\n\t\t\t      \t}\n\t\t\t    }\n\n\t\t\t  });\n\t\t\t  $(\"#reset\").click(function() {\n\t\t\t    $(\"#odds\").val(\"\");\n\t\t\t    $(\"#odds2\").val(\"\");\n\t\t\t    $(\"#stake\").val(\"\");\n\t\t\t    $(\"#result\").html(\"\").removeClass();\n\t\t\t  });\n\t\t\t});\n\t\t<\/script>\n\t\n<div class=\"mb-3\">&nbsp;<\/div>\n\n<h2 id=\"what\">Was ist eine Doppelwette?<\/h2>\n<p><img decoding=\"async\" src=\"https:\/\/www.sportingpedia.com\/wp-content\/uploads\/2021\/02\/football-betting-accumulators-vs-single_single-bets.svg\" alt=\"Was ist eine Doppelwette?\" width=\"300\" height=\"150\" class=\"alignleft \">Im Gegensatz zu Einzelwetten, bei denen Sie zwei separate Auswahlen treffen und unabh\u00e4ngig voneinander auf jede davon gewinnen k\u00f6nnen, bieten Doppelwetten Ertr\u00e4ge auf eine andere Weise. Wann immer Sie sich f\u00fcr zwei Teile f\u00fcr Ihre Doppelwette entscheiden, wird der Ertrag aus dem ersten Ereignis, vorausgesetzt es gewinnt, weitergetragen, um den Einsatz f\u00fcr den zweiten Teil der Wette sicherzustellen. <strong>Deshalb m\u00fcssen Sie beide Auswahlen gewinnen, um eine Auszahlung zu erhalten<\/strong>.<\/p>\n<p>Wenn Sie noch ein Anf\u00e4nger im Sportwettenbereich sind, sehen Sie m\u00f6glicherweise nicht die Vorteile, eine Doppelwette anstelle von zwei Einzelwetten auf Ereignisse zu setzen, auf die Sie etwas Geld setzen m\u00f6chten. Einfach ausgedr\u00fcckt, <strong>sind die Quoten einer Doppelwette h\u00f6her als die auf zwei separate Auswahlen angebotenen Quoten<\/strong>. Wenn Sie unsere Einzelwette- und Doppelwette-Rechner verwenden, k\u00f6nnen Sie den Unterschied im potenziellen Ertrag leicht erkennen.<\/p>\n<p>Doppelwetten sind bei Fans von Fu\u00dfball, Tennis, Pferderennen sowie vielen anderen Sportarten beliebt. W\u00e4hrend der knifflige Teil beim Gewinnen einer solchen Wette darin besteht, bei beiden Teilen, aus denen die Wette besteht, erfolgreich zu sein, k\u00f6nnen Sie leicht sehen, dass der potenzielle Ertrag bei Doppelwetten erheblich besser ist. <strong>Die Quoten bei dieser Art von Wette werden berechnet, indem die Quoten jeder Auswahl multipliziert werden<\/strong>. Das Ergebnis wird die kombinierten Quoten Ihrer Doppelwette darstellen, wobei dieser Wettetyp nur dann den erwarteten Ertrag bietet, wenn beide Teile der Wette gewinnen.<\/p>\n<p>Es ist auch m\u00f6glich, eine Each-Way-Doppelwette abzuschlie\u00dfen, die einer einfachen Each-Way-Wette \u00e4hnelt, was bedeutet, dass Sie zwei identische Wetten auf zwei Auswahlen platzieren, wobei die Regel, dass beide Each-Way-Wetten gewinnen m\u00fcssen, um eine Ertrag aus Ihrer Doppelwette zu erhalten, weiterhin gilt.<\/p>\n<h2 id=\"work\">Wie Funktioniert Unser Doppelwetten-Rechner?<\/h2>\n<p>Um den potenziellen Gewinn Ihrer Doppelwetten zu berechnen, k\u00f6nnen Sie unser Rechentool verwenden, das \u00e4u\u00dferst benutzerfreundlich ist und Ihnen sofort den zu erwartenden Gewinn anzeigt. Um <strong>das Quotenformat des Rechners anzupassen<\/strong>, k\u00f6nnen Sie zu den Einstellungen des Tools gehen, wo Sie aus gebr\u00e4uchlichen Quotenformaten ausw\u00e4hlen k\u00f6nnen. Sie k\u00f6nnen auch Notizen zu Ihren Auswahlen hinzuf\u00fcgen oder spezielle Each-Way-Einstellungen aktivieren.<\/p>\n<p>Sobald Sie mit den Einstellungen des Tools fertig sind, k\u00f6nnen Sie entscheiden, ob Sie sich f\u00fcr <strong>Each-Way-Wetten<\/strong> entschieden haben oder nicht. Sie sollten auch die Anzahl der Auswahlen w\u00e4hlen, auf die Sie wetten m\u00f6chten. Da Sie eine Doppelwette platzieren, ist die minimale erforderliche Anzahl an Auswahlen zwei, aber Sie k\u00f6nnen w\u00e4hlen, den Gewinn f\u00fcr bis zu 20 Auswahlen anzuzeigen. Beachten Sie, dass Ihre Wetten als Kombinationen (Permutationen) betrachtet werden, wenn Sie mehr als die erforderlichen Auswahlen f\u00fcr eine Doppelwette w\u00e4hlen.<\/p>\n<p>Wenn Sie auf einen Teilnehmer bei einem Pferderennen wetten und <strong>Regel 4<\/strong> angewendet wird, k\u00f6nnen Sie auch die Einstellungen unseres Rechners anpassen, um diese Regel in die Sch\u00e4tzungen des potenziellen Gewinns einzubeziehen. Der n\u00e4chste Schritt ist, das Ergebnis jeder Auswahl zu w\u00e4hlen, wobei die verf\u00fcgbaren Optionen Sieger, Totes Rennen, Verlust und Ung\u00fcltig\/Nicht-Starter sind.<\/p>\n<p>Sie m\u00fcssen die Quoten f\u00fcr jede Auswahl Ihrer Doppelwette eingeben und haben die Freiheit, die Quoten in dem Format einzugeben, das Sie am bequemsten finden. <strong>Der n\u00e4chste Schritt ist, den Betrag einzugeben, den Sie wetten m\u00f6chten<\/strong>, wobei unser Rechner es Ihnen erm\u00f6glicht, entweder diesen Betrag als Gesamteinsatz anzuwenden oder den Gewinn zu berechnen, indem dieser Betrag der Einsatz pro Wette ist.<\/p>\n<p>Nachdem Sie die erforderlichen Informationen eingegeben haben, sehen Sie den Gesamtbetrag, den Sie wetten w\u00fcrden, wobei auch der Einzelwettbetrag berechnet wird, die Gesamtrendite und <strong>der Gesamtertrag, den Sie von Ihren Doppelwetten erwarten k\u00f6nnen<\/strong>. Sie k\u00f6nnen den generierten Wettschein speichern oder alle eingegebenen Details im Rechentool l\u00f6schen.<\/p>\n<h2 id=\"why\">Warum Sollten Sie Einen Doppelwett-Rechner Verwenden?<\/h2>\n<p><img decoding=\"async\" src=\"https:\/\/www.sportingpedia.com\/wp-content\/uploads\/2021\/02\/football-betting-how-to-calculate-arbitrage-bets_why-do-such-opportunities-appear.svg\" alt=\"Why Should You Use a Double Bet Calculator?\" width=\"300\" height=\"150\" class=\"alignleft \">W\u00e4hrend Doppelwetten die einfachste Form von Mehrfachwetten sind, ist es dennoch viel einfacher, Ihre Gewinne mit einem Taschenrechner-Tool zu berechnen. Dank dieses Tools <strong>k\u00f6nnen Sie auch den Unterschied deutlich erkennen, ob Sie zwei Einzelwetten abschlie\u00dfen oder sich f\u00fcr eine Doppelwette entscheiden<\/strong>. Mit Hilfe unseres Doppelwett-Rechners k\u00f6nnen Sie sehen, wie sich die Erh\u00f6hung der Anzahl der Auswahlen auf die Gesamtsumme Ihrer Wette und Ihre potenzielle Rendite auswirken wird.<\/p>\n<p>Einfach ausgedr\u00fcckt, <strong>kann die Verwendung eines Doppelwett-Rechners<\/strong> Ihnen helfen, die potenzielle Rendite Ihrer Wett-Session zu bestimmen, bevor Sie \u00fcberhaupt Wetten bei einem Wettanbieter platzieren. Wenn Sie an Mehrfachwetten interessiert sind, k\u00f6nnen Sie auch unseren Dreierwett-Rechner und Akkumulatorwett-Rechner pr\u00fcfen.<\/p>\n","protected":false},"excerpt":{"rendered":"<p>Doppelwette ist eine weitere einfache Wettart, die Tipper auf verschiedene Sport- und Nicht-Sportveranstaltungen platzieren k\u00f6nnen. Dies ist eine Mehrfach-Wettoption, die aus zwei Auswahlen besteht, wobei die Wette nur ausgezahlt wird, wenn beide Auswahlen gewinnen. Um die Auszahlung bei dieser Art von Wette zu berechnen, k\u00f6nnen Sie unser Doppelwetten-Rechner-Tool unten verwenden. &nbsp; Was ist eine Doppelwette? [&hellip;]<\/p>\n","protected":false},"author":8,"featured_media":121878,"parent":115885,"menu_order":200,"comment_status":"closed","ping_status":"closed","template":"template-guide-page.php","meta":{"footnotes":""},"class_list":["post-115878","page","type-page","status-publish","has-post-thumbnail","hentry"],"yoast_head":"<!-- This site is optimized with the Yoast SEO plugin v26.6 - https:\/\/yoast.com\/wordpress\/plugins\/seo\/ -->\n<title>Doppelwetten-Rechner: Berechnen Sie Ihre Sportwett-Auszahlung<\/title>\n<meta name=\"description\" content=\"Verwenden Sie unseren Double Bet Wettrechner, um die Auszahlung Ihrer Wette zu berechnen. Sehen Sie nach, was Sie mit Ihren Wetten auf Sportereignisse verdienen k\u00f6nnten.\" \/>\n<meta name=\"robots\" content=\"index, follow, max-snippet:-1, max-image-preview:large, max-video-preview:-1\" \/>\n<link rel=\"canonical\" href=\"https:\/\/www.sportingpedia.com\/de\/betting-calculators\/double-bet-calculator\/\" \/>\n<meta property=\"og:locale\" content=\"de_DE\" \/>\n<meta property=\"og:type\" content=\"article\" \/>\n<meta property=\"og:title\" content=\"Doppelwetten-Rechner: Berechnen Sie Ihre Sportwett-Auszahlung\" \/>\n<meta property=\"og:description\" content=\"Verwenden Sie unseren Double Bet Wettrechner, um die Auszahlung Ihrer Wette zu berechnen. Sehen Sie nach, was Sie mit Ihren Wetten auf Sportereignisse verdienen k\u00f6nnten.\" \/>\n<meta property=\"og:url\" content=\"https:\/\/www.sportingpedia.com\/de\/betting-calculators\/double-bet-calculator\/\" \/>\n<meta property=\"og:site_name\" content=\"Sportingpedia - Latest Sports News From All Over the World\" \/>\n<meta property=\"article:modified_time\" content=\"2025-05-19T13:55:28+00:00\" \/>\n<meta name=\"twitter:card\" content=\"summary_large_image\" \/>\n<meta name=\"twitter:label1\" content=\"Gesch\u00e4tzte Lesezeit\" \/>\n\t<meta name=\"twitter:data1\" content=\"5\u00a0Minuten\" \/>\n<script type=\"application\/ld+json\" class=\"yoast-schema-graph\">{\"@context\":\"https:\/\/schema.org\",\"@graph\":[{\"@type\":\"WebPage\",\"@id\":\"https:\/\/www.sportingpedia.com\/de\/betting-calculators\/double-bet-calculator\/\",\"url\":\"https:\/\/www.sportingpedia.com\/de\/betting-calculators\/double-bet-calculator\/\",\"name\":\"Doppelwetten-Rechner: Berechnen Sie Ihre Sportwett-Auszahlung\",\"isPartOf\":{\"@id\":\"https:\/\/www.sportingpedia.com\/de\/#website\"},\"primaryImageOfPage\":{\"@id\":\"https:\/\/www.sportingpedia.com\/de\/betting-calculators\/double-bet-calculator\/#primaryimage\"},\"image\":{\"@id\":\"https:\/\/www.sportingpedia.com\/de\/betting-calculators\/double-bet-calculator\/#primaryimage\"},\"thumbnailUrl\":\"https:\/\/www.sportingpedia.com\/wp-content\/uploads\/2023\/03\/double-bet-calculator-featured.svg\",\"datePublished\":\"2025-04-10T07:02:59+00:00\",\"dateModified\":\"2025-05-19T13:55:28+00:00\",\"description\":\"Verwenden Sie unseren Double Bet Wettrechner, um die Auszahlung Ihrer Wette zu berechnen. Sehen Sie nach, was Sie mit Ihren Wetten auf Sportereignisse verdienen k\u00f6nnten.\",\"breadcrumb\":{\"@id\":\"https:\/\/www.sportingpedia.com\/de\/betting-calculators\/double-bet-calculator\/#breadcrumb\"},\"inLanguage\":\"de\",\"potentialAction\":[{\"@type\":\"ReadAction\",\"target\":[\"https:\/\/www.sportingpedia.com\/de\/betting-calculators\/double-bet-calculator\/\"]}]},{\"@type\":\"ImageObject\",\"inLanguage\":\"de\",\"@id\":\"https:\/\/www.sportingpedia.com\/de\/betting-calculators\/double-bet-calculator\/#primaryimage\",\"url\":\"https:\/\/www.sportingpedia.com\/wp-content\/uploads\/2023\/03\/double-bet-calculator-featured.svg\",\"contentUrl\":\"https:\/\/www.sportingpedia.com\/wp-content\/uploads\/2023\/03\/double-bet-calculator-featured.svg\"},{\"@type\":\"BreadcrumbList\",\"@id\":\"https:\/\/www.sportingpedia.com\/de\/betting-calculators\/double-bet-calculator\/#breadcrumb\",\"itemListElement\":[{\"@type\":\"ListItem\",\"position\":1,\"name\":\"Startseite\",\"item\":\"https:\/\/www.sportingpedia.com\/de\/home-de\/\"},{\"@type\":\"ListItem\",\"position\":2,\"name\":\"Sportwettenrechner\",\"item\":\"https:\/\/www.sportingpedia.com\/de\/betting-calculators\/\"},{\"@type\":\"ListItem\",\"position\":3,\"name\":\"Doppelwetten-Rechner\"}]},{\"@type\":\"WebSite\",\"@id\":\"https:\/\/www.sportingpedia.com\/de\/#website\",\"url\":\"https:\/\/www.sportingpedia.com\/de\/\",\"name\":\"Sportingpedia - Latest Sports News From All Over the World\",\"description\":\"\",\"publisher\":{\"@id\":\"https:\/\/www.sportingpedia.com\/de\/#organization\"},\"potentialAction\":[{\"@type\":\"SearchAction\",\"target\":{\"@type\":\"EntryPoint\",\"urlTemplate\":\"https:\/\/www.sportingpedia.com\/de\/?s={search_term_string}\"},\"query-input\":{\"@type\":\"PropertyValueSpecification\",\"valueRequired\":true,\"valueName\":\"search_term_string\"}}],\"inLanguage\":\"de\"},{\"@type\":\"Organization\",\"@id\":\"https:\/\/www.sportingpedia.com\/de\/#organization\",\"name\":\"SportingPedia\",\"url\":\"https:\/\/www.sportingpedia.com\/de\/\",\"logo\":{\"@type\":\"ImageObject\",\"inLanguage\":\"de\",\"@id\":\"https:\/\/www.sportingpedia.com\/de\/#\/schema\/logo\/image\/\",\"url\":\"https:\/\/www.sportingpedia.com\/wp-content\/uploads\/2019\/10\/SportingPedia_logo.png\",\"contentUrl\":\"https:\/\/www.sportingpedia.com\/wp-content\/uploads\/2019\/10\/SportingPedia_logo.png\",\"width\":600,\"height\":101,\"caption\":\"SportingPedia\"},\"image\":{\"@id\":\"https:\/\/www.sportingpedia.com\/de\/#\/schema\/logo\/image\/\"}}]}<\/script>\n<!-- \/ Yoast SEO plugin. -->","yoast_head_json":{"title":"Doppelwetten-Rechner: Berechnen Sie Ihre Sportwett-Auszahlung","description":"Verwenden Sie unseren Double Bet Wettrechner, um die Auszahlung Ihrer Wette zu berechnen. Sehen Sie nach, was Sie mit Ihren Wetten auf Sportereignisse verdienen k\u00f6nnten.","robots":{"index":"index","follow":"follow","max-snippet":"max-snippet:-1","max-image-preview":"max-image-preview:large","max-video-preview":"max-video-preview:-1"},"canonical":"https:\/\/www.sportingpedia.com\/de\/betting-calculators\/double-bet-calculator\/","og_locale":"de_DE","og_type":"article","og_title":"Doppelwetten-Rechner: Berechnen Sie Ihre Sportwett-Auszahlung","og_description":"Verwenden Sie unseren Double Bet Wettrechner, um die Auszahlung Ihrer Wette zu berechnen. Sehen Sie nach, was Sie mit Ihren Wetten auf Sportereignisse verdienen k\u00f6nnten.","og_url":"https:\/\/www.sportingpedia.com\/de\/betting-calculators\/double-bet-calculator\/","og_site_name":"Sportingpedia - Latest Sports News From All Over the World","article_modified_time":"2025-05-19T13:55:28+00:00","twitter_card":"summary_large_image","twitter_misc":{"Gesch\u00e4tzte Lesezeit":"5\u00a0Minuten"},"schema":{"@context":"https:\/\/schema.org","@graph":[{"@type":"WebPage","@id":"https:\/\/www.sportingpedia.com\/de\/betting-calculators\/double-bet-calculator\/","url":"https:\/\/www.sportingpedia.com\/de\/betting-calculators\/double-bet-calculator\/","name":"Doppelwetten-Rechner: Berechnen Sie Ihre Sportwett-Auszahlung","isPartOf":{"@id":"https:\/\/www.sportingpedia.com\/de\/#website"},"primaryImageOfPage":{"@id":"https:\/\/www.sportingpedia.com\/de\/betting-calculators\/double-bet-calculator\/#primaryimage"},"image":{"@id":"https:\/\/www.sportingpedia.com\/de\/betting-calculators\/double-bet-calculator\/#primaryimage"},"thumbnailUrl":"https:\/\/www.sportingpedia.com\/wp-content\/uploads\/2023\/03\/double-bet-calculator-featured.svg","datePublished":"2025-04-10T07:02:59+00:00","dateModified":"2025-05-19T13:55:28+00:00","description":"Verwenden Sie unseren Double Bet Wettrechner, um die Auszahlung Ihrer Wette zu berechnen. Sehen Sie nach, was Sie mit Ihren Wetten auf Sportereignisse verdienen k\u00f6nnten.","breadcrumb":{"@id":"https:\/\/www.sportingpedia.com\/de\/betting-calculators\/double-bet-calculator\/#breadcrumb"},"inLanguage":"de","potentialAction":[{"@type":"ReadAction","target":["https:\/\/www.sportingpedia.com\/de\/betting-calculators\/double-bet-calculator\/"]}]},{"@type":"ImageObject","inLanguage":"de","@id":"https:\/\/www.sportingpedia.com\/de\/betting-calculators\/double-bet-calculator\/#primaryimage","url":"https:\/\/www.sportingpedia.com\/wp-content\/uploads\/2023\/03\/double-bet-calculator-featured.svg","contentUrl":"https:\/\/www.sportingpedia.com\/wp-content\/uploads\/2023\/03\/double-bet-calculator-featured.svg"},{"@type":"BreadcrumbList","@id":"https:\/\/www.sportingpedia.com\/de\/betting-calculators\/double-bet-calculator\/#breadcrumb","itemListElement":[{"@type":"ListItem","position":1,"name":"Startseite","item":"https:\/\/www.sportingpedia.com\/de\/home-de\/"},{"@type":"ListItem","position":2,"name":"Sportwettenrechner","item":"https:\/\/www.sportingpedia.com\/de\/betting-calculators\/"},{"@type":"ListItem","position":3,"name":"Doppelwetten-Rechner"}]},{"@type":"WebSite","@id":"https:\/\/www.sportingpedia.com\/de\/#website","url":"https:\/\/www.sportingpedia.com\/de\/","name":"Sportingpedia - Latest Sports News From All Over the World","description":"","publisher":{"@id":"https:\/\/www.sportingpedia.com\/de\/#organization"},"potentialAction":[{"@type":"SearchAction","target":{"@type":"EntryPoint","urlTemplate":"https:\/\/www.sportingpedia.com\/de\/?s={search_term_string}"},"query-input":{"@type":"PropertyValueSpecification","valueRequired":true,"valueName":"search_term_string"}}],"inLanguage":"de"},{"@type":"Organization","@id":"https:\/\/www.sportingpedia.com\/de\/#organization","name":"SportingPedia","url":"https:\/\/www.sportingpedia.com\/de\/","logo":{"@type":"ImageObject","inLanguage":"de","@id":"https:\/\/www.sportingpedia.com\/de\/#\/schema\/logo\/image\/","url":"https:\/\/www.sportingpedia.com\/wp-content\/uploads\/2019\/10\/SportingPedia_logo.png","contentUrl":"https:\/\/www.sportingpedia.com\/wp-content\/uploads\/2019\/10\/SportingPedia_logo.png","width":600,"height":101,"caption":"SportingPedia"},"image":{"@id":"https:\/\/www.sportingpedia.com\/de\/#\/schema\/logo\/image\/"}}]}},"_links":{"self":[{"href":"https:\/\/www.sportingpedia.com\/de\/wp-json\/wp\/v2\/pages\/115878","targetHints":{"allow":["GET"]}}],"collection":[{"href":"https:\/\/www.sportingpedia.com\/de\/wp-json\/wp\/v2\/pages"}],"about":[{"href":"https:\/\/www.sportingpedia.com\/de\/wp-json\/wp\/v2\/types\/page"}],"author":[{"embeddable":true,"href":"https:\/\/www.sportingpedia.com\/de\/wp-json\/wp\/v2\/users\/8"}],"replies":[{"embeddable":true,"href":"https:\/\/www.sportingpedia.com\/de\/wp-json\/wp\/v2\/comments?post=115878"}],"version-history":[{"count":1,"href":"https:\/\/www.sportingpedia.com\/de\/wp-json\/wp\/v2\/pages\/115878\/revisions"}],"predecessor-version":[{"id":121879,"href":"https:\/\/www.sportingpedia.com\/de\/wp-json\/wp\/v2\/pages\/115878\/revisions\/121879"}],"up":[{"embeddable":true,"href":"https:\/\/www.sportingpedia.com\/de\/wp-json\/wp\/v2\/pages\/115885"}],"wp:featuredmedia":[{"embeddable":true,"href":"https:\/\/www.sportingpedia.com\/de\/wp-json\/wp\/v2\/media\/121878"}],"wp:attachment":[{"href":"https:\/\/www.sportingpedia.com\/de\/wp-json\/wp\/v2\/media?parent=115878"}],"curies":[{"name":"wp","href":"https:\/\/api.w.org\/{rel}","templated":true}]}}