{"id":115879,"date":"2025-04-10T07:02:59","date_gmt":"2025-04-10T07:02:59","guid":{"rendered":"https:\/\/www.sportingpedia.com\/?page_id=115879"},"modified":"2025-05-19T13:55:30","modified_gmt":"2025-05-19T13:55:30","slug":"treble-bet-calculator","status":"publish","type":"page","link":"https:\/\/www.sportingpedia.com\/de\/betting-calculators\/treble-bet-calculator\/","title":{"rendered":"Treble-Wetten Rechner"},"content":{"rendered":"<p>\u00c4hnlich wie bei Doppelwetten kombinieren Dreierwetten drei einzelne Direktwetten. Diese Art von Wette bietet nur dann eine Auszahlung, wenn alle drei Teile gewinnen. Wenn Sie neugierig auf die Auszahlung Ihrer Dreierwetten sind, k\u00f6nnen Sie <strong>unseren einfach zu bedienenden Rechner<\/strong> nutzen, der Ihnen sofort den potenziellen Gewinn zeigt, den Sie erwarten k\u00f6nnen.<\/p>\n\n\t\t<div class=\"container p-3 widget-betting-calculator\">\n\t\t\t<div class=\"row\">\n\t\t\t\t<div class=\"col-12 col-md-6 form-group\">\n\t\t\t\t\t<label for=\"format\">Quotenformat:<\/label>\n\t\t\t\t\t<select class=\"form-control\" id=\"format\">\n\t\t\t\t\t\t<option value=\"decimal\">Dezimal<\/option>\n\t\t\t\t\t\t<option value=\"american\">Amerikanisch<\/option>\n\t\t\t\t\t\t<option value=\"fractional\">Bruch<\/option>\n\t\t\t\t\t<\/select>\n\t\t\t\t<\/div>\n\t\t\t\t\n\t\t\t\t<div class=\"col-12 col-md-6 form-group\">\n\t\t\t\t\t<label for=\"stake\">Einsatz:<\/label>\n\t\t\t\t\t<input type=\"text\" class=\"form-control\" id=\"stake\" placeholder=\"Einsatz eingeben\">\n\t\t\t\t<\/div>\n\n\t\t\t\t<div class=\"col-12 col-md-4 form-group\">\n\t\t\t\t\t<label for=\"odds\">Quoten:<\/label>\n\t\t\t\t\t<input type=\"text\" class=\"form-control\" id=\"odds\" placeholder=\"Quote eingeben\">\n\t\t\t\t<\/div>\n\n\t\t\t\t<div class=\"col-12 col-md-4 form-group\">\n\t\t\t\t\t<label for=\"odds2\">Quote 2:<\/label>\n\t\t\t\t\t<input type=\"text\" class=\"form-control\" id=\"odds2\" placeholder=\"Quote eingeben\">\n\t\t\t\t<\/div>\n\n\t\t\t\t<div class=\"col-12 col-md-4 form-group\">\n\t\t\t\t\t<label for=\"odds2\">Quote 3:<\/label>\n\t\t\t\t\t<input type=\"text\" class=\"form-control\" id=\"odds3\" placeholder=\"Quote eingeben\">\n\t\t\t\t<\/div>\n\t\t\t<\/div>\n\n\t\t\t\t<div id=\"result\"><\/div>\n\n\t\t\t\t<button type=\"button\" class=\"btn btn-primary\" id=\"calculate\">Berechnen<\/button>\n\t\t\t\t<button type=\"button\" class=\"btn btn-warning\" id=\"reset\">Zur\u00fccksetzen<\/button>\n\t\t\t\t\n\t\t<\/div>\n\n\t\t<script>\n\t\t\tjQuery(document).ready(function($) {\n\t\t\t\t$(\"#calculate\").click(function() {\n\t\t\t\t    var format = $(\"#format\").val();\n\t\t\t\t    var odds = $(\"#odds\").val();\n\t\t\t\t    var odds2 = $(\"#odds2\").val();\n\t\t\t\t    var odds3 = $(\"#odds3\").val();\n\t\t\t\t    var stake = $(\"#stake\").val();\n\t\t\t\t    if (format == \"decimal\") {\n\t\t\t\t      \tif ($.isNumeric(odds) && odds > 1 && $.isNumeric(odds2) && odds2 > 1 && $.isNumeric(odds3) && odds3 > 1) {\n\t\t\t\t        \tvar payout = (stake * (parseFloat(odds) * parseFloat(odds2) * parseFloat(odds3))).toFixed(2);\n\t\t\t\t        \tvar profit = (payout - stake).toFixed(2);\n\t\t\t\t        \t$(\"#result\").html(\"Auszahlung: $\" + payout + \"<br>Gewinn: $\" + profit).addClass(\"success\");;\n\t\t\t\t      \t} else {\n\t\t\t\t        \t$(\"#result\").html(\"Bitte geben Sie g\u00fcltige Dezimalquoten gr\u00f6\u00dfer als 1 ein.\").addClass(\"error\");\n\t\t\t\t      \t}\n\t\t\t\t    } else if (format == \"american\") {\n\t\t\t\t      \tif ($.isNumeric(odds) && $.isNumeric(odds2) && $.isNumeric(odds3)) {\n\t\t\t\t\t        var decimalOdds, decimalOdds2, decimalOdds3;\n\t\t\t\t\t        if (odds > 0) {\n\t\t\t\t\t          decimalOdds = (odds \/ 100 + 1).toFixed(2);\n\t\t\t\t\t        } else {\n\t\t\t\t\t          decimalOdds = (100 \/ -odds + 1).toFixed(2);\n\t\t\t\t\t        }\n\t\t\t\t\t        if (odds2 > 0) {\n\t\t\t\t\t          decimalOdds2 = (odds2 \/ 100 + 1).toFixed(2);\n\t\t\t\t\t        } else {\n\t\t\t\t\t          decimalOdds2 = (100 \/ -odds2 + 1).toFixed(2);\n\t\t\t\t\t        }\n\t\t\t\t\t        if (odds3 > 0) {\n\t\t\t\t\t          decimalOdds3 = (odds3 \/ 100 + 1).toFixed(2);\n\t\t\t\t\t        } else {\n\t\t\t\t\t          decimalOdds3 = (100 \/ -odds3 + 1).toFixed(2);\n\t\t\t\t\t        }\n\t\t\t\t\t        var payout = (stake * (parseFloat(decimalOdds) * parseFloat(decimalOdds2) * parseFloat(decimalOdds3))).toFixed(2);\n\t\t\t\t\t        var profit = (payout - stake).toFixed(2);\n\t\t\t\t\t        $(\"#result\").html(\"Auszahlung: $\" + payout + \"<br>Gewinn: $\" + profit).addClass(\"success\");;\n\t\t\t\t      \t} else {\n\t\t\t\t        \t$(\"#result\").html(\"Bitte geben Sie g\u00fcltige amerikanische Quoten ein.\").addClass(\"error\");\n\t\t\t\t      \t}\n\t\t\t\t    } else if (format == \"fractional\") {\n\t\t\t\t      \tif (\/^\\d+\\\/\\d+$\/.test(odds) && \/^\\d+\\\/\\d+$\/.test(odds2) && \/^\\d+\\\/\\d+$\/.test(odds3)) {\n\t\t\t\t\t        var parts = odds.split(\"\/\");\n\t\t\t\t\t        var numerator = parseInt(parts[0]);\n\t\t\t\t\t        var denominator = parseInt(parts[1]);\n\t\t\t\t\t        var decimalOdds = (numerator \/ denominator + 1).toFixed(2);\n\t\t\t\t\t        var parts2 = odds2.split(\"\/\");\n\t\t\t\t\t        var numerator2 = parseInt(parts2[0]);\n\t\t\t\t\t        var denominator2 = parseInt(parts2[1]);\n\t\t\t\t\t        var decimalOdds2 = (numerator2 \/ denominator2 + 1).toFixed(2);\n\t\t\t\t\t        var parts3 = odds3.split(\"\/\");\n\t\t\t\t\t        var numerator3 = parseInt(parts3[0]);\n\t\t\t\t\t        var denominator3 = parseInt(parts3[1]);\n\t\t\t\t\t        var decimalOdds3 = (numerator3 \/ denominator3 + 1).toFixed(2);\n\t\t\t\t\t        var payout = (stake * (parseFloat(decimalOdds) * parseFloat(decimalOdds2) * parseFloat(decimalOdds3))).toFixed(2);\n\t\t\t\t\t        var profit = (payout - stake).toFixed(2);\n\t\t\t\t\t        $(\"#result\").html(\"Auszahlung: $\" + payout + \"<br>Gewinn: $\" + profit).addClass(\"success\");;\n\t\t\t\t      \t} else {\n\t\t\t\t        \t$(\"#result\").html(\"Bitte geben Sie g\u00fcltige Bruchquoten im Format X\/Y ein.\").addClass(\"error\");\n\t\t\t\t      \t}\n\t\t\t\t    }\n\t\t\t\t});\n\n\t\t\t\t$(\"#reset\").click(function() {\n\t\t\t\t    $(\"#odds\").val(\"\");\n\t\t\t\t    $(\"#odds2\").val(\"\");\n\t\t\t\t    $(\"#odds3\").val(\"\");\n\t\t\t\t    $(\"#stake\").val(\"\");\n\t\t\t\t    $(\"#result\").html(\"\").removeClass();\n\t\t\t\t});\n\t\t\t});\n\t\t<\/script>\n\t\n<div class=\"mb-3\">&nbsp;<\/div>\n\n<h2 id=\"what\">Was ist eine Dreierwette?<\/h2>\n<p><img decoding=\"async\" src=\"https:\/\/www.sportingpedia.com\/wp-content\/uploads\/2021\/02\/football-betting-accumulators-vs-single_single-bets.svg\" alt=\"Was ist eine Dreierwette?\" width=\"300\" height=\"150\" class=\"alignleft \">Wenn Sie sich fragen, was der Unterschied ist zwischen Einzelwetten auf drei verschiedene Auswahlm\u00f6glichkeiten und einer Dreierwette auf die gleichen Auswahlm\u00f6glichkeiten, liegt die einfache Antwort in den angebotenen Quoten f\u00fcr Ihre Wette. Anstatt f\u00fcr jede Auswahl den jeweiligen Ertrag zu erhalten, <strong>werden die Quoten aller drei Wetten multipliziert<\/strong> und auf Ihre Wette angewendet, wenn alle drei Auswahlm\u00f6glichkeiten gewinnen. <\/p>\n<p>Immer wenn Sie eine Dreierwette auf drei verschiedene Ereignisse platzieren, wird der Gewinn aus dem ersten Teil auf den n\u00e4chsten als Einsatz angewendet. Dann wird der Gewinn aus dem zweiten Teil als Einsatz auf den dritten Teil gelegt, und Sie erhalten eine <strong>deutlich h\u00f6here Auszahlung<\/strong>, wenn alle drei Wetten gewinnen. <\/p>\n<p>Tipper k\u00f6nnen auch Platzwetten als Dreierwetten platzieren, was bedeutet, dass Wettende eine Sieg-Dreierwette und eine Platz-Dreierwette auf drei verschiedene Auswahlm\u00f6glichkeiten platzieren. Da Sie tats\u00e4chlich zwei Arten von Dreierwetten abgeben, wird Ihr Einsatz nat\u00fcrlich verdoppelt. Wenn Sie den potenziellen Ertrag von Platz-Dreierwetten berechnen m\u00f6chten, k\u00f6nnen Sie einfach einen Dreierwetten-Rechner verwenden.<\/p>\n<h2 id=\"how\">Wie Funktioniert Unser Treble-Wettrechner?<\/h2>\n<p><img decoding=\"async\" src=\"https:\/\/www.sportingpedia.com\/wp-content\/uploads\/2021\/02\/nfl-betting-cashout_calculating.svg\" alt=\"Wie Funktioniert Unser Treble-Wettrechner?\" width=\"300\" height=\"150\" class=\"alignleft \">Unser Rechner zeigt Ihnen sofort die potenzielle Auszahlung Ihrer Treble-Wette an, wobei das Tool extrem einfach von jedem Wettkunden zu bedienen ist. Unabh\u00e4ngig von Ihren Pr\u00e4ferenzen im Quotenformat <strong>k\u00f6nnen Sie das Einstellungsmen\u00fc unseres Rechners verwenden, um aus den am h\u00e4ufigsten verwendeten Quotenformaten auszuw\u00e4hlen<\/strong>. Sie k\u00f6nnen auch Notizen zu Ihren Auswahlen hinzuf\u00fcgen oder erweiterte Einstellungen f\u00fcr Each-Way-Wetten nutzen.<\/p>\n<p>Wenn Sie mit den Einstellungen Ihres Wettscheins fertig sind, k\u00f6nnen Sie ausw\u00e4hlen, ob Sie eine einfache Treble-Wette oder eine Each-Way-Treble-Wette platzieren m\u00f6chten. Der n\u00e4chste Schritt ist die Auswahl der Anzahl der Auswahlen, auf die Sie wetten m\u00f6chten. W\u00e4hrend ein Treble drei Auswahlen erfordert, k\u00f6nnen Sie sich auch die Auszahlung von bis zu 20 Auswahlen anzeigen lassen. Beachten Sie jedoch, dass Berechnungen von mehr als drei Auswahlen in diesem Fall als Sch\u00e4tzungen der Auszahlung von Kombiwetten (<strong>Kombination von Wetten<\/strong>) angesehen werden.<\/p>\n<p>Wenn Sie Ihre Trebles auf Pferderennen platzieren, k\u00f6nnen Sie auch w\u00e4hlen, ob Sie Regel 4 in die Berechnungen Ihrer potenziellen Auszahlung einbeziehen m\u00f6chten. Der n\u00e4chste Schritt ist die Auswahl des Ergebnisses, auf das Sie wetten, und die Eingabe der Quoten f\u00fcr jedes Bein der Treble-Wette. Das Ergebnis, das Sie f\u00fcr jedes Bein ausw\u00e4hlen k\u00f6nnen, kann Sieger, Dead Heat, Verloren und Ung\u00fcltig\/ Nicht-Starter sein.<\/p>\n<p>Das Letzte, was Sie ausw\u00e4hlen m\u00fcssen, ist Ihr Einsatz und ob dies der gesamte Betrag ist, den Sie auf Ihre Treble-Wette setzen werden oder ob dies der Betrag ist, den Sie pro Wette setzen werden. Sobald Sie dies getan haben, sehen Sie den gesamten geleisteten Einsatz, <strong>die gesamte Auszahlung und den gesamten Gewinn, den Sie von Ihrer erfolgreichen Treble-Wette erwarten k\u00f6nnen<\/strong>. Sie k\u00f6nnen den gerade generierten Wettschein \u00fcber den Rechner speichern oder Sie k\u00f6nnen alle eingegebenen Details l\u00f6schen.<\/p>\n<h2 id=\"why\">Warum Sollten Sie Einen Treble-Wett-Rechner Verwenden?<\/h2>\n<p><img decoding=\"async\" src=\"https:\/\/www.sportingpedia.com\/wp-content\/uploads\/2021\/02\/football-betting-how-to-calculate-arbitrage-bets_why-do-such-opportunities-appear.svg\" alt=\"Warum Sollten Sie Einen Treble-Wett-Rechner Verwenden?\" width=\"300\" height=\"150\" class=\"alignleft \">Die Verwendung eines Treble-Wett-Rechners bietet eine bequeme M\u00f6glichkeit, kombinierte Quoten zu berechnen und den Gewinn zu vergleichen, den Sie erzielen w\u00fcrden, wenn Sie sich f\u00fcr diese Art von Wette anstelle von drei Einzelwetten entscheiden. Mit der Hilfe unseres Rechner-Tools <strong>k\u00f6nnen Sie leicht die potenzielle Rendite und den Gewinn sehen<\/strong>, wodurch Sie bestimmen k\u00f6nnen, welche Wettoption am besten geeignet ist, bevor Sie Eins\u00e4tze bei einem Wettanbieter platzieren.<\/p>\n<p>Da einige Wettende gerne Each-Way-Wetten abschlie\u00dfen, kann unser Rechner auch die potenzielle Rendite bei Each-Way-Treble-Wetten darstellen. Die Anzeige von Ergebnissen mit Regel 4 und anderen spezifischen Einstellungen ist ebenfalls in unserem Treble-Wett-Rechner verf\u00fcgbar, sodass Wettende so detailliert wie m\u00f6glich mit dem Wettschein sein k\u00f6nnen, den sie durch unser Rechner-Tool erstellen.<\/p>\n<p>Da wir auch einen <strong>Einzel-Wett-Rechner<\/strong> anbieten, k\u00f6nnen Wettende leicht die potenzielle Rendite von drei Einzelwetten und einer Treble-Wette auf dieselben drei Auswahlm\u00f6glichkeiten vergleichen. Dar\u00fcber hinaus k\u00f6nnen diejenigen, die an Mehrfachwetten interessiert sind, auch unsere Double-Wett- und Akkumulator-Wett-Rechner verwenden, um die besten Wettoptionen f\u00fcr ihre Wett-Sessions zu bestimmen.<\/p>\n","protected":false},"excerpt":{"rendered":"<p>\u00c4hnlich wie bei Doppelwetten kombinieren Dreierwetten drei einzelne Direktwetten. Diese Art von Wette bietet nur dann eine Auszahlung, wenn alle drei Teile gewinnen. Wenn Sie neugierig auf die Auszahlung Ihrer Dreierwetten sind, k\u00f6nnen Sie unseren einfach zu bedienenden Rechner nutzen, der Ihnen sofort den potenziellen Gewinn zeigt, den Sie erwarten k\u00f6nnen. &nbsp; Was ist eine [&hellip;]<\/p>\n","protected":false},"author":8,"featured_media":121880,"parent":115885,"menu_order":300,"comment_status":"closed","ping_status":"closed","template":"template-guide-page.php","meta":{"footnotes":""},"class_list":["post-115879","page","type-page","status-publish","has-post-thumbnail","hentry"],"yoast_head":"<!-- This site is optimized with the Yoast SEO plugin v26.6 - https:\/\/yoast.com\/wordpress\/plugins\/seo\/ -->\n<title>Treble-Wetten-Rechner: Berechnen Sie Ihre Sportwetten-Auszahlung<\/title>\n<meta name=\"description\" content=\"Verwenden Sie unseren Treble Bet Wett-Rechner, um die Auszahlung Ihrer Wette zu berechnen. Schauen Sie sich an, was Sie mit Ihren Wetten auf Sportereignisse verdienen k\u00f6nnen.\" \/>\n<meta name=\"robots\" content=\"index, follow, max-snippet:-1, max-image-preview:large, max-video-preview:-1\" \/>\n<link rel=\"canonical\" href=\"https:\/\/www.sportingpedia.com\/de\/betting-calculators\/treble-bet-calculator\/\" \/>\n<meta property=\"og:locale\" content=\"de_DE\" \/>\n<meta property=\"og:type\" content=\"article\" \/>\n<meta property=\"og:title\" content=\"Treble-Wetten-Rechner: Berechnen Sie Ihre Sportwetten-Auszahlung\" \/>\n<meta property=\"og:description\" content=\"Verwenden Sie unseren Treble Bet Wett-Rechner, um die Auszahlung Ihrer Wette zu berechnen. Schauen Sie sich an, was Sie mit Ihren Wetten auf Sportereignisse verdienen k\u00f6nnen.\" \/>\n<meta property=\"og:url\" content=\"https:\/\/www.sportingpedia.com\/de\/betting-calculators\/treble-bet-calculator\/\" \/>\n<meta property=\"og:site_name\" content=\"Sportingpedia - Latest Sports News From All Over the World\" \/>\n<meta property=\"article:modified_time\" content=\"2025-05-19T13:55:30+00:00\" \/>\n<meta name=\"twitter:card\" content=\"summary_large_image\" \/>\n<meta name=\"twitter:label1\" content=\"Gesch\u00e4tzte Lesezeit\" \/>\n\t<meta name=\"twitter:data1\" content=\"5\u00a0Minuten\" \/>\n<script type=\"application\/ld+json\" class=\"yoast-schema-graph\">{\"@context\":\"https:\/\/schema.org\",\"@graph\":[{\"@type\":\"WebPage\",\"@id\":\"https:\/\/www.sportingpedia.com\/de\/betting-calculators\/treble-bet-calculator\/\",\"url\":\"https:\/\/www.sportingpedia.com\/de\/betting-calculators\/treble-bet-calculator\/\",\"name\":\"Treble-Wetten-Rechner: Berechnen Sie Ihre Sportwetten-Auszahlung\",\"isPartOf\":{\"@id\":\"https:\/\/www.sportingpedia.com\/de\/#website\"},\"primaryImageOfPage\":{\"@id\":\"https:\/\/www.sportingpedia.com\/de\/betting-calculators\/treble-bet-calculator\/#primaryimage\"},\"image\":{\"@id\":\"https:\/\/www.sportingpedia.com\/de\/betting-calculators\/treble-bet-calculator\/#primaryimage\"},\"thumbnailUrl\":\"https:\/\/www.sportingpedia.com\/wp-content\/uploads\/2023\/03\/triple-bet-calculator-featured.svg\",\"datePublished\":\"2025-04-10T07:02:59+00:00\",\"dateModified\":\"2025-05-19T13:55:30+00:00\",\"description\":\"Verwenden Sie unseren Treble Bet Wett-Rechner, um die Auszahlung Ihrer Wette zu berechnen. Schauen Sie sich an, was Sie mit Ihren Wetten auf Sportereignisse verdienen k\u00f6nnen.\",\"breadcrumb\":{\"@id\":\"https:\/\/www.sportingpedia.com\/de\/betting-calculators\/treble-bet-calculator\/#breadcrumb\"},\"inLanguage\":\"de\",\"potentialAction\":[{\"@type\":\"ReadAction\",\"target\":[\"https:\/\/www.sportingpedia.com\/de\/betting-calculators\/treble-bet-calculator\/\"]}]},{\"@type\":\"ImageObject\",\"inLanguage\":\"de\",\"@id\":\"https:\/\/www.sportingpedia.com\/de\/betting-calculators\/treble-bet-calculator\/#primaryimage\",\"url\":\"https:\/\/www.sportingpedia.com\/wp-content\/uploads\/2023\/03\/triple-bet-calculator-featured.svg\",\"contentUrl\":\"https:\/\/www.sportingpedia.com\/wp-content\/uploads\/2023\/03\/triple-bet-calculator-featured.svg\"},{\"@type\":\"BreadcrumbList\",\"@id\":\"https:\/\/www.sportingpedia.com\/de\/betting-calculators\/treble-bet-calculator\/#breadcrumb\",\"itemListElement\":[{\"@type\":\"ListItem\",\"position\":1,\"name\":\"Startseite\",\"item\":\"https:\/\/www.sportingpedia.com\/de\/home-de\/\"},{\"@type\":\"ListItem\",\"position\":2,\"name\":\"Sportwettenrechner\",\"item\":\"https:\/\/www.sportingpedia.com\/de\/betting-calculators\/\"},{\"@type\":\"ListItem\",\"position\":3,\"name\":\"Treble-Wetten Rechner\"}]},{\"@type\":\"WebSite\",\"@id\":\"https:\/\/www.sportingpedia.com\/de\/#website\",\"url\":\"https:\/\/www.sportingpedia.com\/de\/\",\"name\":\"Sportingpedia - Latest Sports News From All Over the World\",\"description\":\"\",\"publisher\":{\"@id\":\"https:\/\/www.sportingpedia.com\/de\/#organization\"},\"potentialAction\":[{\"@type\":\"SearchAction\",\"target\":{\"@type\":\"EntryPoint\",\"urlTemplate\":\"https:\/\/www.sportingpedia.com\/de\/?s={search_term_string}\"},\"query-input\":{\"@type\":\"PropertyValueSpecification\",\"valueRequired\":true,\"valueName\":\"search_term_string\"}}],\"inLanguage\":\"de\"},{\"@type\":\"Organization\",\"@id\":\"https:\/\/www.sportingpedia.com\/de\/#organization\",\"name\":\"SportingPedia\",\"url\":\"https:\/\/www.sportingpedia.com\/de\/\",\"logo\":{\"@type\":\"ImageObject\",\"inLanguage\":\"de\",\"@id\":\"https:\/\/www.sportingpedia.com\/de\/#\/schema\/logo\/image\/\",\"url\":\"https:\/\/www.sportingpedia.com\/wp-content\/uploads\/2019\/10\/SportingPedia_logo.png\",\"contentUrl\":\"https:\/\/www.sportingpedia.com\/wp-content\/uploads\/2019\/10\/SportingPedia_logo.png\",\"width\":600,\"height\":101,\"caption\":\"SportingPedia\"},\"image\":{\"@id\":\"https:\/\/www.sportingpedia.com\/de\/#\/schema\/logo\/image\/\"}}]}<\/script>\n<!-- \/ Yoast SEO plugin. -->","yoast_head_json":{"title":"Treble-Wetten-Rechner: Berechnen Sie Ihre Sportwetten-Auszahlung","description":"Verwenden Sie unseren Treble Bet Wett-Rechner, um die Auszahlung Ihrer Wette zu berechnen. Schauen Sie sich an, was Sie mit Ihren Wetten auf Sportereignisse verdienen k\u00f6nnen.","robots":{"index":"index","follow":"follow","max-snippet":"max-snippet:-1","max-image-preview":"max-image-preview:large","max-video-preview":"max-video-preview:-1"},"canonical":"https:\/\/www.sportingpedia.com\/de\/betting-calculators\/treble-bet-calculator\/","og_locale":"de_DE","og_type":"article","og_title":"Treble-Wetten-Rechner: Berechnen Sie Ihre Sportwetten-Auszahlung","og_description":"Verwenden Sie unseren Treble Bet Wett-Rechner, um die Auszahlung Ihrer Wette zu berechnen. Schauen Sie sich an, was Sie mit Ihren Wetten auf Sportereignisse verdienen k\u00f6nnen.","og_url":"https:\/\/www.sportingpedia.com\/de\/betting-calculators\/treble-bet-calculator\/","og_site_name":"Sportingpedia - Latest Sports News From All Over the World","article_modified_time":"2025-05-19T13:55:30+00:00","twitter_card":"summary_large_image","twitter_misc":{"Gesch\u00e4tzte Lesezeit":"5\u00a0Minuten"},"schema":{"@context":"https:\/\/schema.org","@graph":[{"@type":"WebPage","@id":"https:\/\/www.sportingpedia.com\/de\/betting-calculators\/treble-bet-calculator\/","url":"https:\/\/www.sportingpedia.com\/de\/betting-calculators\/treble-bet-calculator\/","name":"Treble-Wetten-Rechner: Berechnen Sie Ihre Sportwetten-Auszahlung","isPartOf":{"@id":"https:\/\/www.sportingpedia.com\/de\/#website"},"primaryImageOfPage":{"@id":"https:\/\/www.sportingpedia.com\/de\/betting-calculators\/treble-bet-calculator\/#primaryimage"},"image":{"@id":"https:\/\/www.sportingpedia.com\/de\/betting-calculators\/treble-bet-calculator\/#primaryimage"},"thumbnailUrl":"https:\/\/www.sportingpedia.com\/wp-content\/uploads\/2023\/03\/triple-bet-calculator-featured.svg","datePublished":"2025-04-10T07:02:59+00:00","dateModified":"2025-05-19T13:55:30+00:00","description":"Verwenden Sie unseren Treble Bet Wett-Rechner, um die Auszahlung Ihrer Wette zu berechnen. Schauen Sie sich an, was Sie mit Ihren Wetten auf Sportereignisse verdienen k\u00f6nnen.","breadcrumb":{"@id":"https:\/\/www.sportingpedia.com\/de\/betting-calculators\/treble-bet-calculator\/#breadcrumb"},"inLanguage":"de","potentialAction":[{"@type":"ReadAction","target":["https:\/\/www.sportingpedia.com\/de\/betting-calculators\/treble-bet-calculator\/"]}]},{"@type":"ImageObject","inLanguage":"de","@id":"https:\/\/www.sportingpedia.com\/de\/betting-calculators\/treble-bet-calculator\/#primaryimage","url":"https:\/\/www.sportingpedia.com\/wp-content\/uploads\/2023\/03\/triple-bet-calculator-featured.svg","contentUrl":"https:\/\/www.sportingpedia.com\/wp-content\/uploads\/2023\/03\/triple-bet-calculator-featured.svg"},{"@type":"BreadcrumbList","@id":"https:\/\/www.sportingpedia.com\/de\/betting-calculators\/treble-bet-calculator\/#breadcrumb","itemListElement":[{"@type":"ListItem","position":1,"name":"Startseite","item":"https:\/\/www.sportingpedia.com\/de\/home-de\/"},{"@type":"ListItem","position":2,"name":"Sportwettenrechner","item":"https:\/\/www.sportingpedia.com\/de\/betting-calculators\/"},{"@type":"ListItem","position":3,"name":"Treble-Wetten Rechner"}]},{"@type":"WebSite","@id":"https:\/\/www.sportingpedia.com\/de\/#website","url":"https:\/\/www.sportingpedia.com\/de\/","name":"Sportingpedia - Latest Sports News From All Over the World","description":"","publisher":{"@id":"https:\/\/www.sportingpedia.com\/de\/#organization"},"potentialAction":[{"@type":"SearchAction","target":{"@type":"EntryPoint","urlTemplate":"https:\/\/www.sportingpedia.com\/de\/?s={search_term_string}"},"query-input":{"@type":"PropertyValueSpecification","valueRequired":true,"valueName":"search_term_string"}}],"inLanguage":"de"},{"@type":"Organization","@id":"https:\/\/www.sportingpedia.com\/de\/#organization","name":"SportingPedia","url":"https:\/\/www.sportingpedia.com\/de\/","logo":{"@type":"ImageObject","inLanguage":"de","@id":"https:\/\/www.sportingpedia.com\/de\/#\/schema\/logo\/image\/","url":"https:\/\/www.sportingpedia.com\/wp-content\/uploads\/2019\/10\/SportingPedia_logo.png","contentUrl":"https:\/\/www.sportingpedia.com\/wp-content\/uploads\/2019\/10\/SportingPedia_logo.png","width":600,"height":101,"caption":"SportingPedia"},"image":{"@id":"https:\/\/www.sportingpedia.com\/de\/#\/schema\/logo\/image\/"}}]}},"_links":{"self":[{"href":"https:\/\/www.sportingpedia.com\/de\/wp-json\/wp\/v2\/pages\/115879","targetHints":{"allow":["GET"]}}],"collection":[{"href":"https:\/\/www.sportingpedia.com\/de\/wp-json\/wp\/v2\/pages"}],"about":[{"href":"https:\/\/www.sportingpedia.com\/de\/wp-json\/wp\/v2\/types\/page"}],"author":[{"embeddable":true,"href":"https:\/\/www.sportingpedia.com\/de\/wp-json\/wp\/v2\/users\/8"}],"replies":[{"embeddable":true,"href":"https:\/\/www.sportingpedia.com\/de\/wp-json\/wp\/v2\/comments?post=115879"}],"version-history":[{"count":1,"href":"https:\/\/www.sportingpedia.com\/de\/wp-json\/wp\/v2\/pages\/115879\/revisions"}],"predecessor-version":[{"id":121881,"href":"https:\/\/www.sportingpedia.com\/de\/wp-json\/wp\/v2\/pages\/115879\/revisions\/121881"}],"up":[{"embeddable":true,"href":"https:\/\/www.sportingpedia.com\/de\/wp-json\/wp\/v2\/pages\/115885"}],"wp:featuredmedia":[{"embeddable":true,"href":"https:\/\/www.sportingpedia.com\/de\/wp-json\/wp\/v2\/media\/121880"}],"wp:attachment":[{"href":"https:\/\/www.sportingpedia.com\/de\/wp-json\/wp\/v2\/media?parent=115879"}],"curies":[{"name":"wp","href":"https:\/\/api.w.org\/{rel}","templated":true}]}}