{"id":115881,"date":"2025-04-10T07:02:59","date_gmt":"2025-04-10T07:02:59","guid":{"rendered":"https:\/\/www.sportingpedia.com\/?page_id=115881"},"modified":"2025-05-19T13:55:31","modified_gmt":"2025-05-19T13:55:31","slug":"odds-calculator","status":"publish","type":"page","link":"https:\/\/www.sportingpedia.com\/de\/betting-calculators\/odds-calculator\/","title":{"rendered":"Quoten Wett-Rechner"},"content":{"rendered":"<p>Eine der einfachsten M\u00f6glichkeiten, um zu ermitteln, wie hoch die potenzielle Auszahlung Ihrer Wette sein k\u00f6nnte, ist die <strong>Verwendung eines Quotenrechners<\/strong>. Unabh\u00e4ngig vom bevorzugten Quotenformat k\u00f6nnen Sie unser Rechner-Tool nutzen, um schnell zu sch\u00e4tzen, wie hoch die potenzielle Auszahlung Ihrer Wetten sein k\u00f6nnte. Mit unserem Wettquotenrechner k\u00f6nnen Sie Ihren Einsatz und die Quoten in amerikanischen, dezimalen oder gebrochenen Formaten eingeben, um die Auszahlung Ihrer Wetten zu berechnen.<\/p>\n<h2 id=\"purpose\">Was ist der Zweck von Wettquoten?<\/h2>\n<p><img decoding=\"async\" src=\"https:\/\/www.sportingpedia.com\/wp-content\/uploads\/2021\/01\/betting-sites_fractional-odds.svg\" alt=\"Was ist der Zweck von Wettquoten?\" width=\"300\" height=\"150\" class=\"alignleft \">Wann immer Sie \u00fcberlegen, ob Sie eine Wette platzieren sollten oder nicht, ist es wichtig zu wissen, wie die potenzielle Auszahlung aussehen k\u00f6nnte. Die Quoten, die Sie bei dem von Ihnen gew\u00e4hlten Wettanbieter sehen, korrelieren mit der impliziten Wahrscheinlichkeit, dass das jeweilige Ergebnis eintritt. Wenn ein Wettanbieter eine Wette mit einer impliziten Wahrscheinlichkeit anbietet, die niedriger ist als die tats\u00e4chliche Wahrscheinlichkeit, dass dieses Ergebnis eintritt, haben Sie eine sehr gute Wettoption gefunden.<\/p>\n<p>Mit einem Quotenrechner k\u00f6nnen Sie ganz einfach die <strong>wahren und implizierten Quoten<\/strong> berechnen und feststellen, ob Sie auf eine sehr gro\u00dfz\u00fcgige Wettoption gesto\u00dfen sind. Um den Wert einer Wette zu berechnen, m\u00fcssen Sie in der Regel nur die vom Wettanbieter angebotenen Quoten und den Betrag, den Sie wetten m\u00f6chten, eingeben. Die restlichen Berechnungen werden sofort vom Quotenrechner durchgef\u00fchrt, der Ihnen sofort die richtige Antwort gibt.<\/p>\n<h2 id=\"difference\">Was ist der Unterschied zwischen echten Quoten und implizierten Quoten?<\/h2>\n<p><img decoding=\"async\" src=\"https:\/\/www.sportingpedia.com\/wp-content\/uploads\/2021\/02\/football-betting-introduction_football-betting-odds-explained.svg\" alt=\"Was ist der Unterschied zwischen echten Quoten und implizierten Quoten?\" width=\"300\" height=\"150\" class=\"alignleft \">Einfach ausgedr\u00fcckt stellen implizierte Quoten die Umwandlung der Quoten durch den Wettanbieter in eine implizierte Gewinnwahrscheinlichkeit dar. Solange Sie die Quoten kennen, die ein Wettanbieter f\u00fcr eine Wette anbietet, k\u00f6nnen Sie <strong>unseren Quotenrechner verwenden, um die implizierten Quoten einer Wette zu sehen<\/strong>. Nehmen wir zum Beispiel eine Spread-Wette im Fu\u00dfball, die typischerweise Quoten von -110 auf jeder Seite hat. Daraus ergibt sich eine Gewinnwahrscheinlichkeit von 52,38 % auf jeder Seite, die ebenfalls die implizierten Quoten f\u00fcr diese Art von Wette repr\u00e4sentiert.<\/p>\n<p>Echte Quoten werden haupts\u00e4chlich vom Wettenden und seinen Vorhersagen \u00fcber die Wahrscheinlichkeit eines Ereigniseintritts bestimmt. <strong>Es ist schwierig, die genauen echten Quoten f\u00fcr ein Ereignis zu bestimmen, da sie subjektiv sind<\/strong>. Dennoch ist es m\u00f6glich, den echten Quoten eines Ereignisses nahe zu kommen, indem man pr\u00e4diktive Modelle verwendet. Sie k\u00f6nnen Handicapping nutzen, um zu bestimmen, wie hoch die echte Wahrscheinlichkeit des Eintritts eines Ereignisses sein wird. Wenn der prozentuale echte Wahrscheinlichkeitswert die implizierte Wahrscheinlichkeit \u00fcbersteigt, k\u00f6nnen Sie dies als eine gute Wette betrachten.<\/p>\n<h2 id=\"work\">Wie Funktioniert Unser Quotenrechner?<\/h2>\n<p><img decoding=\"async\" src=\"https:\/\/www.sportingpedia.com\/wp-content\/uploads\/2021\/02\/nfl-betting-cashout_calculating.svg\" alt=\"Wie Funktioniert Unser Quotenrechner?\" width=\"300\" height=\"150\" class=\"alignleft \">Wenn Sie unser Quotenrechner-Tool verwenden, k\u00f6nnen Sie sofort die potenzielle Rendite sehen, die Sie von Ihrer Wettsitzung mit Ihrem bevorzugten Buchmacher erwarten k\u00f6nnen. Um die ben\u00f6tigten Informationen anzuzeigen, m\u00fcssen Sie einfach einige Details zu Ihrer Wette eingeben. Sie k\u00f6nnen damit beginnen, auszuw\u00e4hlen, welche Art von Wette Sie platzieren m\u00f6chten, wobei unser Rechner verschiedene Wettoptionen unterst\u00fctzt.<\/p>\n<p>Sie m\u00fcssen auch die Quoten in dem von Ihnen bevorzugten Format eingeben. <strong>Unser Quotenrechner unterst\u00fctzt einige der beliebtesten Formate<\/strong>, was es Ihnen erm\u00f6glicht, diese Art von Informationen auf die bequemste Weise f\u00fcr Sie auszuf\u00fcllen. Sobald Sie die Quoten eingegeben haben, die Sie beim Wettanbieter sehen, werden die implizierten Quoten in Prozent dargestellt. Der n\u00e4chste Schritt besteht einfach darin, den Betrag einzugeben, den Sie setzen m\u00f6chten, und der Rechner zeigt die potenzielle Gesamtrendite sowie den Gesamtertrag, den Sie erwarten k\u00f6nnen, wenn Sie eine erfolgreiche Wettsitzung haben, an.<\/p>\n<p>Der generierte Wettschein kann gespeichert oder <strong>zur\u00fcckgesetzt werden, wodurch alle zuvor eingegebenen Details gel\u00f6scht werden<\/strong>. Sie k\u00f6nnen Ihre Wettinformationen \u00e4ndern, bis Sie Berechnungen sehen, die eine wertvolle Wette mit gro\u00dfem Potenzial f\u00fcr gro\u00dfz\u00fcgige Rendite offenbaren w\u00fcrden.<\/p>\n<h2 id=\"why\">Warum Sollten Sie Einen Quotenrechner Verwenden?<\/h2>\n<p><img decoding=\"async\" src=\"https:\/\/www.sportingpedia.com\/wp-content\/uploads\/2021\/02\/football-betting-how-to-calculate-arbitrage-bets_why-do-such-opportunities-appear.svg\" alt=\"Warum Sollten Sie Einen Quotenrechner Verwenden?\" width=\"300\" height=\"150\" class=\"alignleft \">Der einfachste Weg, den Wert einer Wette zu bestimmen, ist die Verwendung eines Quotenrechners. Solange Sie die Quoten Ihrer Wette und den Betrag, den Sie einsetzen m\u00f6chten, kennen, <strong>k\u00f6nnen Sie sofort die implizierten Quoten einer Wette und Ihren potenziellen Gewinn sehen<\/strong>. Da Quotenrechner sofortige Ergebnisse liefern, dauert es nur einen Moment, ein paar einfache Berechnungen anzustellen und zu bestimmen, ob eine Wette Ihre Zeit und Ihr Geld wert ist.<\/p>\n<p><strong>Unser Quotenrechner ist \u00e4u\u00dferst benutzerfreundlich<\/strong> und erm\u00f6glicht Ihnen die Verwendung jedes Quotenformats, das Sie als praktisch empfinden. Dar\u00fcber hinaus k\u00f6nnen Sie dieses Tool f\u00fcr verschiedene Arten von Wetten verwenden, sodass Sie ermitteln k\u00f6nnen, welche Option Ihnen die beste potenzielle Rendite bieten k\u00f6nnte. Mit einem Quotenrechner k\u00f6nnen Sie viel schneller Wettentscheidungen treffen und Ihre Chancen erh\u00f6hen, lohnende Wett-Sitzungen online zu genie\u00dfen.<\/p>\n","protected":false},"excerpt":{"rendered":"<p>Eine der einfachsten M\u00f6glichkeiten, um zu ermitteln, wie hoch die potenzielle Auszahlung Ihrer Wette sein k\u00f6nnte, ist die Verwendung eines Quotenrechners. Unabh\u00e4ngig vom bevorzugten Quotenformat k\u00f6nnen Sie unser Rechner-Tool nutzen, um schnell zu sch\u00e4tzen, wie hoch die potenzielle Auszahlung Ihrer Wetten sein k\u00f6nnte. Mit unserem Wettquotenrechner k\u00f6nnen Sie Ihren Einsatz und die Quoten in amerikanischen, [&hellip;]<\/p>\n","protected":false},"author":8,"featured_media":121884,"parent":115885,"menu_order":400,"comment_status":"closed","ping_status":"closed","template":"template-guide-page.php","meta":{"footnotes":""},"class_list":["post-115881","page","type-page","status-publish","has-post-thumbnail","hentry"],"yoast_head":"<!-- This site is optimized with the Yoast SEO plugin v26.6 - https:\/\/yoast.com\/wordpress\/plugins\/seo\/ -->\n<title>Quoten Wett-Rechner<\/title>\n<meta name=\"description\" content=\"Verwenden Sie unseren Quoten-Wettkalkulator, um die Rendite Ihrer Sportwetten zu berechnen. Schauen Sie, was Sie bei Ihren Wetten auf Sportveranstaltungen verdienen k\u00f6nnen.\" \/>\n<meta name=\"robots\" content=\"index, follow, max-snippet:-1, max-image-preview:large, max-video-preview:-1\" \/>\n<link rel=\"canonical\" href=\"https:\/\/www.sportingpedia.com\/de\/betting-calculators\/odds-calculator\/\" \/>\n<meta property=\"og:locale\" content=\"de_DE\" \/>\n<meta property=\"og:type\" content=\"article\" \/>\n<meta property=\"og:title\" content=\"Quoten Wett-Rechner\" \/>\n<meta property=\"og:description\" content=\"Verwenden Sie unseren Quoten-Wettkalkulator, um die Rendite Ihrer Sportwetten zu berechnen. Schauen Sie, was Sie bei Ihren Wetten auf Sportveranstaltungen verdienen k\u00f6nnen.\" \/>\n<meta property=\"og:url\" content=\"https:\/\/www.sportingpedia.com\/de\/betting-calculators\/odds-calculator\/\" \/>\n<meta property=\"og:site_name\" content=\"Sportingpedia - Latest Sports News From All Over the World\" \/>\n<meta property=\"article:modified_time\" content=\"2025-05-19T13:55:31+00:00\" \/>\n<meta name=\"twitter:card\" content=\"summary_large_image\" \/>\n<meta name=\"twitter:label1\" content=\"Gesch\u00e4tzte Lesezeit\" \/>\n\t<meta name=\"twitter:data1\" content=\"5\u00a0Minuten\" \/>\n<script type=\"application\/ld+json\" class=\"yoast-schema-graph\">{\"@context\":\"https:\/\/schema.org\",\"@graph\":[{\"@type\":\"WebPage\",\"@id\":\"https:\/\/www.sportingpedia.com\/de\/betting-calculators\/odds-calculator\/\",\"url\":\"https:\/\/www.sportingpedia.com\/de\/betting-calculators\/odds-calculator\/\",\"name\":\"Quoten Wett-Rechner\",\"isPartOf\":{\"@id\":\"https:\/\/www.sportingpedia.com\/de\/#website\"},\"primaryImageOfPage\":{\"@id\":\"https:\/\/www.sportingpedia.com\/de\/betting-calculators\/odds-calculator\/#primaryimage\"},\"image\":{\"@id\":\"https:\/\/www.sportingpedia.com\/de\/betting-calculators\/odds-calculator\/#primaryimage\"},\"thumbnailUrl\":\"https:\/\/www.sportingpedia.com\/wp-content\/uploads\/2023\/03\/odds-calculator-featured.svg\",\"datePublished\":\"2025-04-10T07:02:59+00:00\",\"dateModified\":\"2025-05-19T13:55:31+00:00\",\"description\":\"Verwenden Sie unseren Quoten-Wettkalkulator, um die Rendite Ihrer Sportwetten zu berechnen. Schauen Sie, was Sie bei Ihren Wetten auf Sportveranstaltungen verdienen k\u00f6nnen.\",\"breadcrumb\":{\"@id\":\"https:\/\/www.sportingpedia.com\/de\/betting-calculators\/odds-calculator\/#breadcrumb\"},\"inLanguage\":\"de\",\"potentialAction\":[{\"@type\":\"ReadAction\",\"target\":[\"https:\/\/www.sportingpedia.com\/de\/betting-calculators\/odds-calculator\/\"]}]},{\"@type\":\"ImageObject\",\"inLanguage\":\"de\",\"@id\":\"https:\/\/www.sportingpedia.com\/de\/betting-calculators\/odds-calculator\/#primaryimage\",\"url\":\"https:\/\/www.sportingpedia.com\/wp-content\/uploads\/2023\/03\/odds-calculator-featured.svg\",\"contentUrl\":\"https:\/\/www.sportingpedia.com\/wp-content\/uploads\/2023\/03\/odds-calculator-featured.svg\"},{\"@type\":\"BreadcrumbList\",\"@id\":\"https:\/\/www.sportingpedia.com\/de\/betting-calculators\/odds-calculator\/#breadcrumb\",\"itemListElement\":[{\"@type\":\"ListItem\",\"position\":1,\"name\":\"Startseite\",\"item\":\"https:\/\/www.sportingpedia.com\/de\/home-de\/\"},{\"@type\":\"ListItem\",\"position\":2,\"name\":\"Sportwettenrechner\",\"item\":\"https:\/\/www.sportingpedia.com\/de\/betting-calculators\/\"},{\"@type\":\"ListItem\",\"position\":3,\"name\":\"Quoten Wett-Rechner\"}]},{\"@type\":\"WebSite\",\"@id\":\"https:\/\/www.sportingpedia.com\/de\/#website\",\"url\":\"https:\/\/www.sportingpedia.com\/de\/\",\"name\":\"Sportingpedia - Latest Sports News From All Over the World\",\"description\":\"\",\"publisher\":{\"@id\":\"https:\/\/www.sportingpedia.com\/de\/#organization\"},\"potentialAction\":[{\"@type\":\"SearchAction\",\"target\":{\"@type\":\"EntryPoint\",\"urlTemplate\":\"https:\/\/www.sportingpedia.com\/de\/?s={search_term_string}\"},\"query-input\":{\"@type\":\"PropertyValueSpecification\",\"valueRequired\":true,\"valueName\":\"search_term_string\"}}],\"inLanguage\":\"de\"},{\"@type\":\"Organization\",\"@id\":\"https:\/\/www.sportingpedia.com\/de\/#organization\",\"name\":\"SportingPedia\",\"url\":\"https:\/\/www.sportingpedia.com\/de\/\",\"logo\":{\"@type\":\"ImageObject\",\"inLanguage\":\"de\",\"@id\":\"https:\/\/www.sportingpedia.com\/de\/#\/schema\/logo\/image\/\",\"url\":\"https:\/\/www.sportingpedia.com\/wp-content\/uploads\/2019\/10\/SportingPedia_logo.png\",\"contentUrl\":\"https:\/\/www.sportingpedia.com\/wp-content\/uploads\/2019\/10\/SportingPedia_logo.png\",\"width\":600,\"height\":101,\"caption\":\"SportingPedia\"},\"image\":{\"@id\":\"https:\/\/www.sportingpedia.com\/de\/#\/schema\/logo\/image\/\"}}]}<\/script>\n<!-- \/ Yoast SEO plugin. -->","yoast_head_json":{"title":"Quoten Wett-Rechner","description":"Verwenden Sie unseren Quoten-Wettkalkulator, um die Rendite Ihrer Sportwetten zu berechnen. Schauen Sie, was Sie bei Ihren Wetten auf Sportveranstaltungen verdienen k\u00f6nnen.","robots":{"index":"index","follow":"follow","max-snippet":"max-snippet:-1","max-image-preview":"max-image-preview:large","max-video-preview":"max-video-preview:-1"},"canonical":"https:\/\/www.sportingpedia.com\/de\/betting-calculators\/odds-calculator\/","og_locale":"de_DE","og_type":"article","og_title":"Quoten Wett-Rechner","og_description":"Verwenden Sie unseren Quoten-Wettkalkulator, um die Rendite Ihrer Sportwetten zu berechnen. Schauen Sie, was Sie bei Ihren Wetten auf Sportveranstaltungen verdienen k\u00f6nnen.","og_url":"https:\/\/www.sportingpedia.com\/de\/betting-calculators\/odds-calculator\/","og_site_name":"Sportingpedia - Latest Sports News From All Over the World","article_modified_time":"2025-05-19T13:55:31+00:00","twitter_card":"summary_large_image","twitter_misc":{"Gesch\u00e4tzte Lesezeit":"5\u00a0Minuten"},"schema":{"@context":"https:\/\/schema.org","@graph":[{"@type":"WebPage","@id":"https:\/\/www.sportingpedia.com\/de\/betting-calculators\/odds-calculator\/","url":"https:\/\/www.sportingpedia.com\/de\/betting-calculators\/odds-calculator\/","name":"Quoten Wett-Rechner","isPartOf":{"@id":"https:\/\/www.sportingpedia.com\/de\/#website"},"primaryImageOfPage":{"@id":"https:\/\/www.sportingpedia.com\/de\/betting-calculators\/odds-calculator\/#primaryimage"},"image":{"@id":"https:\/\/www.sportingpedia.com\/de\/betting-calculators\/odds-calculator\/#primaryimage"},"thumbnailUrl":"https:\/\/www.sportingpedia.com\/wp-content\/uploads\/2023\/03\/odds-calculator-featured.svg","datePublished":"2025-04-10T07:02:59+00:00","dateModified":"2025-05-19T13:55:31+00:00","description":"Verwenden Sie unseren Quoten-Wettkalkulator, um die Rendite Ihrer Sportwetten zu berechnen. Schauen Sie, was Sie bei Ihren Wetten auf Sportveranstaltungen verdienen k\u00f6nnen.","breadcrumb":{"@id":"https:\/\/www.sportingpedia.com\/de\/betting-calculators\/odds-calculator\/#breadcrumb"},"inLanguage":"de","potentialAction":[{"@type":"ReadAction","target":["https:\/\/www.sportingpedia.com\/de\/betting-calculators\/odds-calculator\/"]}]},{"@type":"ImageObject","inLanguage":"de","@id":"https:\/\/www.sportingpedia.com\/de\/betting-calculators\/odds-calculator\/#primaryimage","url":"https:\/\/www.sportingpedia.com\/wp-content\/uploads\/2023\/03\/odds-calculator-featured.svg","contentUrl":"https:\/\/www.sportingpedia.com\/wp-content\/uploads\/2023\/03\/odds-calculator-featured.svg"},{"@type":"BreadcrumbList","@id":"https:\/\/www.sportingpedia.com\/de\/betting-calculators\/odds-calculator\/#breadcrumb","itemListElement":[{"@type":"ListItem","position":1,"name":"Startseite","item":"https:\/\/www.sportingpedia.com\/de\/home-de\/"},{"@type":"ListItem","position":2,"name":"Sportwettenrechner","item":"https:\/\/www.sportingpedia.com\/de\/betting-calculators\/"},{"@type":"ListItem","position":3,"name":"Quoten Wett-Rechner"}]},{"@type":"WebSite","@id":"https:\/\/www.sportingpedia.com\/de\/#website","url":"https:\/\/www.sportingpedia.com\/de\/","name":"Sportingpedia - Latest Sports News From All Over the World","description":"","publisher":{"@id":"https:\/\/www.sportingpedia.com\/de\/#organization"},"potentialAction":[{"@type":"SearchAction","target":{"@type":"EntryPoint","urlTemplate":"https:\/\/www.sportingpedia.com\/de\/?s={search_term_string}"},"query-input":{"@type":"PropertyValueSpecification","valueRequired":true,"valueName":"search_term_string"}}],"inLanguage":"de"},{"@type":"Organization","@id":"https:\/\/www.sportingpedia.com\/de\/#organization","name":"SportingPedia","url":"https:\/\/www.sportingpedia.com\/de\/","logo":{"@type":"ImageObject","inLanguage":"de","@id":"https:\/\/www.sportingpedia.com\/de\/#\/schema\/logo\/image\/","url":"https:\/\/www.sportingpedia.com\/wp-content\/uploads\/2019\/10\/SportingPedia_logo.png","contentUrl":"https:\/\/www.sportingpedia.com\/wp-content\/uploads\/2019\/10\/SportingPedia_logo.png","width":600,"height":101,"caption":"SportingPedia"},"image":{"@id":"https:\/\/www.sportingpedia.com\/de\/#\/schema\/logo\/image\/"}}]}},"_links":{"self":[{"href":"https:\/\/www.sportingpedia.com\/de\/wp-json\/wp\/v2\/pages\/115881","targetHints":{"allow":["GET"]}}],"collection":[{"href":"https:\/\/www.sportingpedia.com\/de\/wp-json\/wp\/v2\/pages"}],"about":[{"href":"https:\/\/www.sportingpedia.com\/de\/wp-json\/wp\/v2\/types\/page"}],"author":[{"embeddable":true,"href":"https:\/\/www.sportingpedia.com\/de\/wp-json\/wp\/v2\/users\/8"}],"replies":[{"embeddable":true,"href":"https:\/\/www.sportingpedia.com\/de\/wp-json\/wp\/v2\/comments?post=115881"}],"version-history":[{"count":1,"href":"https:\/\/www.sportingpedia.com\/de\/wp-json\/wp\/v2\/pages\/115881\/revisions"}],"predecessor-version":[{"id":121885,"href":"https:\/\/www.sportingpedia.com\/de\/wp-json\/wp\/v2\/pages\/115881\/revisions\/121885"}],"up":[{"embeddable":true,"href":"https:\/\/www.sportingpedia.com\/de\/wp-json\/wp\/v2\/pages\/115885"}],"wp:featuredmedia":[{"embeddable":true,"href":"https:\/\/www.sportingpedia.com\/de\/wp-json\/wp\/v2\/media\/121884"}],"wp:attachment":[{"href":"https:\/\/www.sportingpedia.com\/de\/wp-json\/wp\/v2\/media?parent=115881"}],"curies":[{"name":"wp","href":"https:\/\/api.w.org\/{rel}","templated":true}]}}