{"id":115883,"date":"2025-04-10T07:03:00","date_gmt":"2025-04-10T07:03:00","guid":{"rendered":"https:\/\/www.sportingpedia.com\/?page_id=115883"},"modified":"2025-05-19T13:55:33","modified_gmt":"2025-05-19T13:55:33","slug":"hedge-betting-calculator","status":"publish","type":"page","link":"https:\/\/www.sportingpedia.com\/de\/betting-calculators\/hedge-betting-calculator\/","title":{"rendered":"Rechner f\u00fcr Hedge-Wetten"},"content":{"rendered":"<p>Absicherung ist eine Methode, die von Sportwettern verwendet wird, die bei einer bestimmten Wette einen Gewinn sicherstellen m\u00f6chten. Dies kann durch <strong>Setzen eines Einsatzes auf die gegenteilige Seite der spezifischen Wette<\/strong> erreicht werden. Auf diese Weise k\u00f6nnen Wettende die Gewinnchancen ausgleichen oder ihre Verluste aus dem urspr\u00fcnglichen Einsatz reduzieren. Um zu berechnen, welchen Betrag Sie setzen m\u00fcssen, um Ihre urspr\u00fcngliche Wette abzusichern, k\u00f6nnen Sie unseren Hedging-Rechner verwenden.<\/p>\n\n        <section class=\"section-arb-calculator my-3\">\n            <div class=\"row\">\n                <div class=\"col-md-6\">\n                    <div class=\"form-col\">\n                        <div class=\"col-inner\">\n                            <span class=\"odds-title pl\">Quote &amp; Einsatz eingeben<\/span>\n \n                            <div class=\"bet-row\">\n                                <div class=\"col-input-block row-arb-bet\" data-id=\"1\">\n                                    <label>Wette 1<\/label>\n\n                                    <div class=\"input-odds\"><input maxlength=\"10\" class=\"form-input\" type=\"text\" id=\"odds_1\" placeholder=\"Bitte geben Sie die Quote f\u00fcr Wette 1 ein\">\n                                    <\/div>\n                                <\/div>\n\n                                <div class=\"col-input-block row-arb-bet\" data-id=\"2\">\n                                    <label>Wette 2<\/label>\n\n                                    <div class=\"input-odds\"><input maxlength=\"10\" class=\"form-input\" type=\"text\" id=\"odds_2\" placeholder=\"Bitte geben Sie die Quote f\u00fcr Wette 2 ein\">\n                                    <\/div>\n                                <\/div>\n                            <\/div>\n\n                            <div class=\"col-input-block\">\n                                <label>Einsatz<\/label>\n\n                                <div class=\"input-odds\"><input class=\"form-input\" type=\"text\" id=\"stake_total\" placeholder=\"Please Enter Stake\">\n                                <\/div>\n                            <\/div>\n                        <\/div>\n                    <\/div>\n\n                    <div class=\"btn-odds\"> \n                        <a href=\"javascript:void(0);\" class=\"btn btn-reset\" id=\"more_bets\">\n                            <i class=\"ico ico--more\"><\/i> Weitere Wetten\n                        <\/a>    \n\n                        <a href=\"javascript:void(0);\" class=\"btn btn-reset\" id=\"reset\">\n                            <i class=\"ico ico--reset\"><\/i> Zur\u00fccksetzen\n                        <\/a>\n\n                        <a href=\"javascript:void(0);\" class=\"btn btn-submit\" id=\"submit_arbitrage\">\n                            <i class=\"ico ico--calc\"><\/i> Berechnen<\/a>\n                    <\/div>\n                <\/div>\n\n                <div class=\"col-md-6\">\n                    <div class=\"form-col\">\n                        <div class=\"col\">\n                            <span class=\"odds-title\">Stake<\/span>\n\n                            <div class=\"stake-row\">\n                                <span class=\"odds-title title-mob\" id=\"stake_title_1\">Einsatz Wette 1<\/span>\n\n                                <div class=\"input-text\"> <span class=\"text-input\" id=\"stake_1\">$0.00 <\/span> <\/div>\n\n                                <span class=\"odds-title title-mob\" id=\"stake_title_2\">Einsatz Wette 2<\/span>\n\n                                <div class=\"input-text\"> <span class=\"text-input\" id=\"stake_2\">$0.00 <\/span> <\/div>\n\n                            <\/div>                                                              \n                        <\/div>\n\n                        <div class=\"col\">\n                            <span class=\"odds-title\">Auszahlung<\/span>\n\n                            <div class=\"payout-row\">\n                                <span class=\"odds-title title-mob\" id=\"payout_title_1\">Auszahlung Wette 1<\/span>\n\n                                <div class=\"input-text\"> <span class=\"text-input\" id=\"payout_1\">$0.00 <\/span> <\/div>\n\n                                <span class=\"odds-title title-mob\" id=\"payout_title_2\">Auszahlung Wette 2<\/span>\n\n                                <div class=\"input-text\"> <span class=\"text-input\" id=\"payout_2\">$0.00 <\/span> <\/div>\n                            <\/div>                                                              \n                        <\/div>\n                    <\/div>\n\n                    <div class=\"odds-output\">\n                        <ul>\n                            <li>\n                                <span class=\"result-label\">Gesamtauszahlung:<\/span>\n\n                                <span class=\"result-input\" id=\"total_payout\">$0.00 <\/span>\n                            <\/li>\n\n                            <li>\n                                <span class=\"result-label\">Gesamtgewinn:<\/span>\n\n                                <span class=\"result-input\" id=\"total_profit\">$0.00 <\/span> \n                            <\/li>\n\n                            <li>\n                                <span class=\"result-label\">ROI:<\/span>\n\n                                <span class=\"result-input\" id=\"roi\">0.00 <\/span>\n                            <\/li>                       \n                        <\/ul>\n                    <\/div>\n                <\/div>\n            <\/div>\n        <\/section>\n    \n\n<h2 id=\"what\">Was ist Hedging im Sportwetten?<\/h2>\n<p><img decoding=\"async\" src=\"https:\/\/www.sportingpedia.com\/wp-content\/uploads\/2021\/02\/football-betting-accumulators-vs-single_single-bets.svg\" alt=\"Was ist Hedging im Sportwetten?\" width=\"300\" height=\"150\" class=\"alignleft \">Hedging wird am h\u00e4ufigsten bei <strong>Zukunftswetten<\/strong> angewendet, bei denen Sie Quoten auf Teams haben, die lange vor dem Ereignis Turniere gewinnen. Wenn sich die Saison dem Ende n\u00e4hert, k\u00f6nnen sich die Gewinnchancen des Teams erheblich verringern, und viele Wettende nutzen die Gelegenheit, ihre urspr\u00fcnglichen Eins\u00e4tze abzusichern und einen Gewinn zu erzielen, selbst wenn das Team, das sie urspr\u00fcnglich unterst\u00fctzt haben, verliert.<\/p>\n<p><strong>Der einfachste Weg, Hedging zu verstehen, ist einen Blick auf ein konkretes Beispiel zu werfen<\/strong>. Angenommen, Sie haben sich entschieden, Team A mit einer Zukunftswette von 100 $ zu Quoten von +2500 zu unterst\u00fctzen, was bei einem Sieg von Team A eine Auszahlung von 2.600 $ garantiert. Der gesamte Gewinn auf diesem Einsatz wird auf 2.500 $ gesch\u00e4tzt. Um Ihren urspr\u00fcnglichen Einsatz abzusichern, k\u00f6nnen Sie 1.000 $ auf Team B bei Quoten von -150 setzen, wobei die erwartete Auszahlung f\u00fcr diese Wette 1.667 \u20ac betr\u00e4gt, was den potenziellen Gewinn auf 667 \u20ac macht.<\/p>\n<p>Wenn Sie das Hedging in Ihre Berechnungen einbeziehen, erhalten Sie folgende Ergebnisse. Wenn Team A, das Sie urspr\u00fcnglich unterst\u00fctzt haben, das Turnier gewinnt, genie\u00dfen Sie die Auszahlung von 2.600 $, m\u00fcssen jedoch 100 $ (den urspr\u00fcnglichen Einsatz) und weitere 1.000 $ (Hedge-Wette) von dieser Summe abziehen, was den gesamten Gewinn auf 1.500 \u20ac sinken l\u00e4sst. Wenn hingegen die abgesicherte Wette gewinnt, erhalten Sie eine Auszahlung von 1.667 \u20ac, minus 1.100 \u20ac, was die Summe der beiden Eins\u00e4tze ist, sodass der Gesamtgewinn 567 \u20ac betr\u00e4gt. <strong>W\u00e4hrend der Gewinn der Hedge-Wette einen deutlich geringeren Gewinn bietet, k\u00f6nnen Wettende dennoch eine einigerma\u00dfen anst\u00e4ndige Rendite erzielen<\/strong>.<\/p>\n<h2 id=\"how\">Wie funktioniert unser Hedge-Rechner?<\/h2>\n<p><img decoding=\"async\" src=\"https:\/\/www.sportingpedia.com\/wp-content\/uploads\/2021\/02\/nfl-betting-cashout_calculating.svg\" alt=\"How Does Our Hedge Calculator Work?\" width=\"300\" height=\"150\" class=\"alignleft \">Wenn Sie sich fragen, wie Sie den Betrag sch\u00e4tzen k\u00f6nnen, den Sie als Hedge-Einsatz wetten sollten, um einen bestimmten Betrag zu genie\u00dfen, oder wenn Sie einfach sehen m\u00f6chten, wie hoch der potenzielle Ertrag des Hedgings sein kann, k\u00f6nnen Sie unseren Hedge-Rechner verwenden. <strong>Das Tool ist extrem einfach zu bedienen<\/strong> und liefert sofortige Ergebnisse, nachdem Sie die erforderlichen Informationen eingegeben haben.<\/p>\n<p>Sie k\u00f6nnen beginnen, indem Sie das Quotenformat ausw\u00e4hlen, das Sie am bequemsten finden, <strong>da unser Rechner alle g\u00e4ngigen Quotenformate unterst\u00fctzt<\/strong>. Danach m\u00fcssen Sie die Quoten Ihres urspr\u00fcnglichen Einsatzes und den Betrag, den Sie auf das Team gesetzt haben, eingeben. Da Sie sich entschieden haben, eine Hedge-Wette zu platzieren, m\u00fcssen Sie auch die Hedge-Quoten eingeben. Sobald Sie diese Abschnitte ausgef\u00fcllt haben, zeigt der Rechner sofort, wie viel Sie auf die Hedge-Wette setzen sollten, um einen Gewinn zu garantieren.<\/p>\n<p>Mit dem Rechner, der berechnet, wie hoch Ihr Hedge-Einsatz sein sollte, sehen Sie auch den Gesamtbetrag Ihrer Wetten, die Gesamtauszahlung und den Gewinn, den Sie vom Hedge erwarten k\u00f6nnen. Sie k\u00f6nnen den Wettschein, den Sie durch den Rechner erstellt haben, speichern oder Sie k\u00f6nnen alle Details l\u00f6schen und zur\u00fcckgehen, um die eingegebenen Informationen zu \u00e4ndern.<\/p>\n<h2 id=\"why\">Warum Sollten Sie Einen Hedge-Rechner Verwenden?<\/h2>\n<p><img decoding=\"async\" src=\"https:\/\/www.sportingpedia.com\/wp-content\/uploads\/2021\/02\/football-betting-how-to-calculate-arbitrage-bets_why-do-such-opportunities-appear.svg\" alt=\"Warum Sollten Sie Einen Hedge-Rechner Verwenden?\" width=\"300\" height=\"150\" class=\"alignleft \">Dank unseres Hedge-Rechners k\u00f6nnen Sie leicht feststellen, wie viel Sie setzen m\u00fcssen, um unter verschiedenen Umst\u00e4nden einen ordentlichen Gewinn zu garantieren. W\u00e4hrend das Hedging ein gewisses Risiko birgt, den Gewinn Ihres urspr\u00fcnglichen Einsatzes zu verringern, <strong>bietet Ihnen diese Art von Wetten eine gewisse Sicherheit<\/strong>, dass Sie immer noch eine anst\u00e4ndige Rendite erzielen k\u00f6nnen, selbst wenn Ihre urspr\u00fcngliche Wette verliert.<\/p>\n<p>Es ist besonders hilfreich, einen Hedge-Rechner zu verwenden, wenn Sie ein Fan von Langzeitwetten sind. Wenn Sie bereits auf ein Team gesetzt haben, um ein Turnier zu gewinnen, kann der Hedge-Rechner Ihnen schnell helfen, zu sch\u00e4tzen, was Sie <strong>als Backup-Wette setzen m\u00fcssen<\/strong>, um sicherzustellen, dass Sie immer noch einen Gewinn aus Ihrer Langzeitwett-Sitzung erzielen k\u00f6nnen.<\/p>\n<p>Die genaue Summe f\u00fcr Ihre Hedge-Wette zu berechnen, kann m\u00fchsam sein, es sei denn, Sie greifen auf <strong>einen Hedge-Rechner zur\u00fcck<\/strong>. Diese Art von Werkzeug ist einfach zu verwenden und ben\u00f6tigt nur ein paar Sekunden, um zu sch\u00e4tzen, wie Ihre Hedge-Wette aussehen sollte, um Ihnen einen Gewinn zu garantieren, unabh\u00e4ngig vom Ausgang des Ereignisses.<\/p>\n","protected":false},"excerpt":{"rendered":"<p>Absicherung ist eine Methode, die von Sportwettern verwendet wird, die bei einer bestimmten Wette einen Gewinn sicherstellen m\u00f6chten. Dies kann durch Setzen eines Einsatzes auf die gegenteilige Seite der spezifischen Wette erreicht werden. Auf diese Weise k\u00f6nnen Wettende die Gewinnchancen ausgleichen oder ihre Verluste aus dem urspr\u00fcnglichen Einsatz reduzieren. Um zu berechnen, welchen Betrag Sie [&hellip;]<\/p>\n","protected":false},"author":8,"featured_media":121888,"parent":115885,"menu_order":500,"comment_status":"closed","ping_status":"closed","template":"template-guide-page.php","meta":{"footnotes":""},"class_list":["post-115883","page","type-page","status-publish","has-post-thumbnail","hentry"],"yoast_head":"<!-- This site is optimized with the Yoast SEO plugin v26.6 - https:\/\/yoast.com\/wordpress\/plugins\/seo\/ -->\n<title>Hedge-Wettrechner - Rendite aus Hedging berechnen<\/title>\n<meta name=\"description\" content=\"Verwenden Sie unseren Hedge-Wetten Rechner, um den Ertrag aus Absicherungsgesch\u00e4ften zu berechnen. Sehen Sie nach, was Sie durch Ihre Hedge-Wette auf Sportveranstaltungen verdienen k\u00f6nnen.\" \/>\n<meta name=\"robots\" content=\"index, follow, max-snippet:-1, max-image-preview:large, max-video-preview:-1\" \/>\n<link rel=\"canonical\" href=\"https:\/\/www.sportingpedia.com\/de\/betting-calculators\/hedge-betting-calculator\/\" \/>\n<meta property=\"og:locale\" content=\"de_DE\" \/>\n<meta property=\"og:type\" content=\"article\" \/>\n<meta property=\"og:title\" content=\"Hedge-Wettrechner - Rendite aus Hedging berechnen\" \/>\n<meta property=\"og:description\" content=\"Verwenden Sie unseren Hedge-Wetten Rechner, um den Ertrag aus Absicherungsgesch\u00e4ften zu berechnen. Sehen Sie nach, was Sie durch Ihre Hedge-Wette auf Sportveranstaltungen verdienen k\u00f6nnen.\" \/>\n<meta property=\"og:url\" content=\"https:\/\/www.sportingpedia.com\/de\/betting-calculators\/hedge-betting-calculator\/\" \/>\n<meta property=\"og:site_name\" content=\"Sportingpedia - Latest Sports News From All Over the World\" \/>\n<meta property=\"article:modified_time\" content=\"2025-05-19T13:55:33+00:00\" \/>\n<meta name=\"twitter:card\" content=\"summary_large_image\" \/>\n<meta name=\"twitter:label1\" content=\"Gesch\u00e4tzte Lesezeit\" \/>\n\t<meta name=\"twitter:data1\" content=\"4\u00a0Minuten\" \/>\n<script type=\"application\/ld+json\" class=\"yoast-schema-graph\">{\"@context\":\"https:\/\/schema.org\",\"@graph\":[{\"@type\":\"WebPage\",\"@id\":\"https:\/\/www.sportingpedia.com\/de\/betting-calculators\/hedge-betting-calculator\/\",\"url\":\"https:\/\/www.sportingpedia.com\/de\/betting-calculators\/hedge-betting-calculator\/\",\"name\":\"Hedge-Wettrechner - Rendite aus Hedging berechnen\",\"isPartOf\":{\"@id\":\"https:\/\/www.sportingpedia.com\/de\/#website\"},\"primaryImageOfPage\":{\"@id\":\"https:\/\/www.sportingpedia.com\/de\/betting-calculators\/hedge-betting-calculator\/#primaryimage\"},\"image\":{\"@id\":\"https:\/\/www.sportingpedia.com\/de\/betting-calculators\/hedge-betting-calculator\/#primaryimage\"},\"thumbnailUrl\":\"https:\/\/www.sportingpedia.com\/wp-content\/uploads\/2023\/03\/hedge-calculator-featured.svg\",\"datePublished\":\"2025-04-10T07:03:00+00:00\",\"dateModified\":\"2025-05-19T13:55:33+00:00\",\"description\":\"Verwenden Sie unseren Hedge-Wetten Rechner, um den Ertrag aus Absicherungsgesch\u00e4ften zu berechnen. Sehen Sie nach, was Sie durch Ihre Hedge-Wette auf Sportveranstaltungen verdienen k\u00f6nnen.\",\"breadcrumb\":{\"@id\":\"https:\/\/www.sportingpedia.com\/de\/betting-calculators\/hedge-betting-calculator\/#breadcrumb\"},\"inLanguage\":\"de\",\"potentialAction\":[{\"@type\":\"ReadAction\",\"target\":[\"https:\/\/www.sportingpedia.com\/de\/betting-calculators\/hedge-betting-calculator\/\"]}]},{\"@type\":\"ImageObject\",\"inLanguage\":\"de\",\"@id\":\"https:\/\/www.sportingpedia.com\/de\/betting-calculators\/hedge-betting-calculator\/#primaryimage\",\"url\":\"https:\/\/www.sportingpedia.com\/wp-content\/uploads\/2023\/03\/hedge-calculator-featured.svg\",\"contentUrl\":\"https:\/\/www.sportingpedia.com\/wp-content\/uploads\/2023\/03\/hedge-calculator-featured.svg\"},{\"@type\":\"BreadcrumbList\",\"@id\":\"https:\/\/www.sportingpedia.com\/de\/betting-calculators\/hedge-betting-calculator\/#breadcrumb\",\"itemListElement\":[{\"@type\":\"ListItem\",\"position\":1,\"name\":\"Startseite\",\"item\":\"https:\/\/www.sportingpedia.com\/de\/home-de\/\"},{\"@type\":\"ListItem\",\"position\":2,\"name\":\"Sportwettenrechner\",\"item\":\"https:\/\/www.sportingpedia.com\/de\/betting-calculators\/\"},{\"@type\":\"ListItem\",\"position\":3,\"name\":\"Rechner f\u00fcr Hedge-Wetten\"}]},{\"@type\":\"WebSite\",\"@id\":\"https:\/\/www.sportingpedia.com\/de\/#website\",\"url\":\"https:\/\/www.sportingpedia.com\/de\/\",\"name\":\"Sportingpedia - Latest Sports News From All Over the World\",\"description\":\"\",\"publisher\":{\"@id\":\"https:\/\/www.sportingpedia.com\/de\/#organization\"},\"potentialAction\":[{\"@type\":\"SearchAction\",\"target\":{\"@type\":\"EntryPoint\",\"urlTemplate\":\"https:\/\/www.sportingpedia.com\/de\/?s={search_term_string}\"},\"query-input\":{\"@type\":\"PropertyValueSpecification\",\"valueRequired\":true,\"valueName\":\"search_term_string\"}}],\"inLanguage\":\"de\"},{\"@type\":\"Organization\",\"@id\":\"https:\/\/www.sportingpedia.com\/de\/#organization\",\"name\":\"SportingPedia\",\"url\":\"https:\/\/www.sportingpedia.com\/de\/\",\"logo\":{\"@type\":\"ImageObject\",\"inLanguage\":\"de\",\"@id\":\"https:\/\/www.sportingpedia.com\/de\/#\/schema\/logo\/image\/\",\"url\":\"https:\/\/www.sportingpedia.com\/wp-content\/uploads\/2019\/10\/SportingPedia_logo.png\",\"contentUrl\":\"https:\/\/www.sportingpedia.com\/wp-content\/uploads\/2019\/10\/SportingPedia_logo.png\",\"width\":600,\"height\":101,\"caption\":\"SportingPedia\"},\"image\":{\"@id\":\"https:\/\/www.sportingpedia.com\/de\/#\/schema\/logo\/image\/\"}}]}<\/script>\n<!-- \/ Yoast SEO plugin. -->","yoast_head_json":{"title":"Hedge-Wettrechner - Rendite aus Hedging berechnen","description":"Verwenden Sie unseren Hedge-Wetten Rechner, um den Ertrag aus Absicherungsgesch\u00e4ften zu berechnen. Sehen Sie nach, was Sie durch Ihre Hedge-Wette auf Sportveranstaltungen verdienen k\u00f6nnen.","robots":{"index":"index","follow":"follow","max-snippet":"max-snippet:-1","max-image-preview":"max-image-preview:large","max-video-preview":"max-video-preview:-1"},"canonical":"https:\/\/www.sportingpedia.com\/de\/betting-calculators\/hedge-betting-calculator\/","og_locale":"de_DE","og_type":"article","og_title":"Hedge-Wettrechner - Rendite aus Hedging berechnen","og_description":"Verwenden Sie unseren Hedge-Wetten Rechner, um den Ertrag aus Absicherungsgesch\u00e4ften zu berechnen. Sehen Sie nach, was Sie durch Ihre Hedge-Wette auf Sportveranstaltungen verdienen k\u00f6nnen.","og_url":"https:\/\/www.sportingpedia.com\/de\/betting-calculators\/hedge-betting-calculator\/","og_site_name":"Sportingpedia - Latest Sports News From All Over the World","article_modified_time":"2025-05-19T13:55:33+00:00","twitter_card":"summary_large_image","twitter_misc":{"Gesch\u00e4tzte Lesezeit":"4\u00a0Minuten"},"schema":{"@context":"https:\/\/schema.org","@graph":[{"@type":"WebPage","@id":"https:\/\/www.sportingpedia.com\/de\/betting-calculators\/hedge-betting-calculator\/","url":"https:\/\/www.sportingpedia.com\/de\/betting-calculators\/hedge-betting-calculator\/","name":"Hedge-Wettrechner - Rendite aus Hedging berechnen","isPartOf":{"@id":"https:\/\/www.sportingpedia.com\/de\/#website"},"primaryImageOfPage":{"@id":"https:\/\/www.sportingpedia.com\/de\/betting-calculators\/hedge-betting-calculator\/#primaryimage"},"image":{"@id":"https:\/\/www.sportingpedia.com\/de\/betting-calculators\/hedge-betting-calculator\/#primaryimage"},"thumbnailUrl":"https:\/\/www.sportingpedia.com\/wp-content\/uploads\/2023\/03\/hedge-calculator-featured.svg","datePublished":"2025-04-10T07:03:00+00:00","dateModified":"2025-05-19T13:55:33+00:00","description":"Verwenden Sie unseren Hedge-Wetten Rechner, um den Ertrag aus Absicherungsgesch\u00e4ften zu berechnen. Sehen Sie nach, was Sie durch Ihre Hedge-Wette auf Sportveranstaltungen verdienen k\u00f6nnen.","breadcrumb":{"@id":"https:\/\/www.sportingpedia.com\/de\/betting-calculators\/hedge-betting-calculator\/#breadcrumb"},"inLanguage":"de","potentialAction":[{"@type":"ReadAction","target":["https:\/\/www.sportingpedia.com\/de\/betting-calculators\/hedge-betting-calculator\/"]}]},{"@type":"ImageObject","inLanguage":"de","@id":"https:\/\/www.sportingpedia.com\/de\/betting-calculators\/hedge-betting-calculator\/#primaryimage","url":"https:\/\/www.sportingpedia.com\/wp-content\/uploads\/2023\/03\/hedge-calculator-featured.svg","contentUrl":"https:\/\/www.sportingpedia.com\/wp-content\/uploads\/2023\/03\/hedge-calculator-featured.svg"},{"@type":"BreadcrumbList","@id":"https:\/\/www.sportingpedia.com\/de\/betting-calculators\/hedge-betting-calculator\/#breadcrumb","itemListElement":[{"@type":"ListItem","position":1,"name":"Startseite","item":"https:\/\/www.sportingpedia.com\/de\/home-de\/"},{"@type":"ListItem","position":2,"name":"Sportwettenrechner","item":"https:\/\/www.sportingpedia.com\/de\/betting-calculators\/"},{"@type":"ListItem","position":3,"name":"Rechner f\u00fcr Hedge-Wetten"}]},{"@type":"WebSite","@id":"https:\/\/www.sportingpedia.com\/de\/#website","url":"https:\/\/www.sportingpedia.com\/de\/","name":"Sportingpedia - Latest Sports News From All Over the World","description":"","publisher":{"@id":"https:\/\/www.sportingpedia.com\/de\/#organization"},"potentialAction":[{"@type":"SearchAction","target":{"@type":"EntryPoint","urlTemplate":"https:\/\/www.sportingpedia.com\/de\/?s={search_term_string}"},"query-input":{"@type":"PropertyValueSpecification","valueRequired":true,"valueName":"search_term_string"}}],"inLanguage":"de"},{"@type":"Organization","@id":"https:\/\/www.sportingpedia.com\/de\/#organization","name":"SportingPedia","url":"https:\/\/www.sportingpedia.com\/de\/","logo":{"@type":"ImageObject","inLanguage":"de","@id":"https:\/\/www.sportingpedia.com\/de\/#\/schema\/logo\/image\/","url":"https:\/\/www.sportingpedia.com\/wp-content\/uploads\/2019\/10\/SportingPedia_logo.png","contentUrl":"https:\/\/www.sportingpedia.com\/wp-content\/uploads\/2019\/10\/SportingPedia_logo.png","width":600,"height":101,"caption":"SportingPedia"},"image":{"@id":"https:\/\/www.sportingpedia.com\/de\/#\/schema\/logo\/image\/"}}]}},"_links":{"self":[{"href":"https:\/\/www.sportingpedia.com\/de\/wp-json\/wp\/v2\/pages\/115883","targetHints":{"allow":["GET"]}}],"collection":[{"href":"https:\/\/www.sportingpedia.com\/de\/wp-json\/wp\/v2\/pages"}],"about":[{"href":"https:\/\/www.sportingpedia.com\/de\/wp-json\/wp\/v2\/types\/page"}],"author":[{"embeddable":true,"href":"https:\/\/www.sportingpedia.com\/de\/wp-json\/wp\/v2\/users\/8"}],"replies":[{"embeddable":true,"href":"https:\/\/www.sportingpedia.com\/de\/wp-json\/wp\/v2\/comments?post=115883"}],"version-history":[{"count":1,"href":"https:\/\/www.sportingpedia.com\/de\/wp-json\/wp\/v2\/pages\/115883\/revisions"}],"predecessor-version":[{"id":121889,"href":"https:\/\/www.sportingpedia.com\/de\/wp-json\/wp\/v2\/pages\/115883\/revisions\/121889"}],"up":[{"embeddable":true,"href":"https:\/\/www.sportingpedia.com\/de\/wp-json\/wp\/v2\/pages\/115885"}],"wp:featuredmedia":[{"embeddable":true,"href":"https:\/\/www.sportingpedia.com\/de\/wp-json\/wp\/v2\/media\/121888"}],"wp:attachment":[{"href":"https:\/\/www.sportingpedia.com\/de\/wp-json\/wp\/v2\/media?parent=115883"}],"curies":[{"name":"wp","href":"https:\/\/api.w.org\/{rel}","templated":true}]}}