{"id":115893,"date":"2025-04-10T07:03:01","date_gmt":"2025-04-10T07:03:01","guid":{"rendered":"https:\/\/www.sportingpedia.com\/?page_id=115893"},"modified":"2025-05-19T14:05:53","modified_gmt":"2025-05-19T14:05:53","slug":"pavel-kateliev","status":"publish","type":"page","link":"https:\/\/www.sportingpedia.com\/de\/meet-the-team\/pavel-kateliev\/","title":{"rendered":"Pavel Kateliev"},"content":{"rendered":"<p><img decoding=\"async\" src=\"https:\/\/www.sportingpedia.com\/wp-content\/uploads\/2024\/09\/pavel-kateliev.jpeg\" style=\"border-radius: 50%\" alt=\"Pavel Kateliev\" width=\"150\" height=\"150\" class=\"alignleft\" \/>Pavel Kateliev ist ein bekannter Sportjournalist, insbesondere in den Bereichen Fu\u00dfball, Basketball, Tennis und Hockey. Er schreibt t\u00e4glich f\u00fcr Sportingpedia und seine Arbeiten wurden in mindestens 20 Sprachen \u00fcbersetzt und auf renommierten Plattformen wie BBC, Yahoo, MCN, Sun und Evening News in Italienisch, Englisch, Spanisch und Portugiesisch ver\u00f6ffentlicht.<\/p>\n<p><a target=\"_blank\" href=\"https:\/\/www.linkedin.com\/in\/pavelkateliev\/\" rel=\"noopener nofollow\"><img decoding=\"async\" width=\"25\" src=\"https:\/\/www.sportingpedia.com\/wp-content\/uploads\/2024\/09\/icon-linkedin.svg\" alt=\"Pavel Kateliev - Linkedin Profil\" \/><\/a><\/p>\n<div class=\"clear\"><\/div>\n","protected":false},"excerpt":{"rendered":"<p>Pavel Kateliev ist ein bekannter Sportjournalist, insbesondere in den Bereichen Fu\u00dfball, Basketball, Tennis und Hockey. Er schreibt t\u00e4glich f\u00fcr Sportingpedia und seine Arbeiten wurden in mindestens 20 Sprachen \u00fcbersetzt und auf renommierten Plattformen wie BBC, Yahoo, MCN, Sun und Evening News in Italienisch, Englisch, Spanisch und Portugiesisch ver\u00f6ffentlicht.<\/p>\n","protected":false},"author":8,"featured_media":0,"parent":115598,"menu_order":0,"comment_status":"closed","ping_status":"closed","template":"page-nosidebar.php","meta":{"footnotes":""},"class_list":["post-115893","page","type-page","status-publish","hentry"],"yoast_head":"<!-- This site is optimized with the Yoast SEO plugin v26.6 - https:\/\/yoast.com\/wordpress\/plugins\/seo\/ -->\n<title>Pavel Kateliev - Sportingpedia - Latest Sports News From All Over the World<\/title>\n<meta name=\"robots\" content=\"index, follow, max-snippet:-1, max-image-preview:large, max-video-preview:-1\" \/>\n<link rel=\"canonical\" href=\"https:\/\/www.sportingpedia.com\/de\/meet-the-team\/pavel-kateliev\/\" \/>\n<meta property=\"og:locale\" content=\"de_DE\" \/>\n<meta property=\"og:type\" content=\"article\" \/>\n<meta property=\"og:title\" content=\"Pavel Kateliev - Sportingpedia - Latest Sports News From All Over the World\" \/>\n<meta property=\"og:description\" content=\"Pavel Kateliev ist ein bekannter Sportjournalist, insbesondere in den Bereichen Fu\u00dfball, Basketball, Tennis und Hockey. Er schreibt t\u00e4glich f\u00fcr Sportingpedia und seine Arbeiten wurden in mindestens 20 Sprachen \u00fcbersetzt und auf renommierten Plattformen wie BBC, Yahoo, MCN, Sun und Evening News in Italienisch, Englisch, Spanisch und Portugiesisch ver\u00f6ffentlicht.\" \/>\n<meta property=\"og:url\" content=\"https:\/\/www.sportingpedia.com\/de\/meet-the-team\/pavel-kateliev\/\" \/>\n<meta property=\"og:site_name\" content=\"Sportingpedia - Latest Sports News From All Over the World\" \/>\n<meta property=\"article:modified_time\" content=\"2025-05-19T14:05:53+00:00\" \/>\n<meta property=\"og:image\" content=\"https:\/\/www.sportingpedia.com\/wp-content\/uploads\/2024\/09\/pavel-kateliev.jpeg\" \/>\n<meta name=\"twitter:card\" content=\"summary_large_image\" \/>\n<meta name=\"twitter:label1\" content=\"Gesch\u00e4tzte Lesezeit\" \/>\n\t<meta name=\"twitter:data1\" content=\"1\u00a0Minute\" \/>\n<script type=\"application\/ld+json\" class=\"yoast-schema-graph\">{\"@context\":\"https:\/\/schema.org\",\"@graph\":[{\"@type\":\"WebPage\",\"@id\":\"https:\/\/www.sportingpedia.com\/de\/meet-the-team\/pavel-kateliev\/\",\"url\":\"https:\/\/www.sportingpedia.com\/de\/meet-the-team\/pavel-kateliev\/\",\"name\":\"Pavel Kateliev - Sportingpedia - Latest Sports News From All Over the World\",\"isPartOf\":{\"@id\":\"https:\/\/www.sportingpedia.com\/de\/#website\"},\"primaryImageOfPage\":{\"@id\":\"https:\/\/www.sportingpedia.com\/de\/meet-the-team\/pavel-kateliev\/#primaryimage\"},\"image\":{\"@id\":\"https:\/\/www.sportingpedia.com\/de\/meet-the-team\/pavel-kateliev\/#primaryimage\"},\"thumbnailUrl\":\"https:\/\/www.sportingpedia.com\/wp-content\/uploads\/2024\/09\/pavel-kateliev.jpeg\",\"datePublished\":\"2025-04-10T07:03:01+00:00\",\"dateModified\":\"2025-05-19T14:05:53+00:00\",\"breadcrumb\":{\"@id\":\"https:\/\/www.sportingpedia.com\/de\/meet-the-team\/pavel-kateliev\/#breadcrumb\"},\"inLanguage\":\"de\",\"potentialAction\":[{\"@type\":\"ReadAction\",\"target\":[\"https:\/\/www.sportingpedia.com\/de\/meet-the-team\/pavel-kateliev\/\"]}]},{\"@type\":\"ImageObject\",\"inLanguage\":\"de\",\"@id\":\"https:\/\/www.sportingpedia.com\/de\/meet-the-team\/pavel-kateliev\/#primaryimage\",\"url\":\"https:\/\/www.sportingpedia.com\/wp-content\/uploads\/2024\/09\/pavel-kateliev.jpeg\",\"contentUrl\":\"https:\/\/www.sportingpedia.com\/wp-content\/uploads\/2024\/09\/pavel-kateliev.jpeg\"},{\"@type\":\"BreadcrumbList\",\"@id\":\"https:\/\/www.sportingpedia.com\/de\/meet-the-team\/pavel-kateliev\/#breadcrumb\",\"itemListElement\":[{\"@type\":\"ListItem\",\"position\":1,\"name\":\"Startseite\",\"item\":\"https:\/\/www.sportingpedia.com\/de\/home-de\/\"},{\"@type\":\"ListItem\",\"position\":2,\"name\":\"Lernen Sie das Team kennen\",\"item\":\"https:\/\/www.sportingpedia.com\/de\/meet-the-team\/\"},{\"@type\":\"ListItem\",\"position\":3,\"name\":\"Pavel Kateliev\"}]},{\"@type\":\"WebSite\",\"@id\":\"https:\/\/www.sportingpedia.com\/de\/#website\",\"url\":\"https:\/\/www.sportingpedia.com\/de\/\",\"name\":\"Sportingpedia - Latest Sports News From All Over the World\",\"description\":\"\",\"publisher\":{\"@id\":\"https:\/\/www.sportingpedia.com\/de\/#organization\"},\"potentialAction\":[{\"@type\":\"SearchAction\",\"target\":{\"@type\":\"EntryPoint\",\"urlTemplate\":\"https:\/\/www.sportingpedia.com\/de\/?s={search_term_string}\"},\"query-input\":{\"@type\":\"PropertyValueSpecification\",\"valueRequired\":true,\"valueName\":\"search_term_string\"}}],\"inLanguage\":\"de\"},{\"@type\":\"Organization\",\"@id\":\"https:\/\/www.sportingpedia.com\/de\/#organization\",\"name\":\"SportingPedia\",\"url\":\"https:\/\/www.sportingpedia.com\/de\/\",\"logo\":{\"@type\":\"ImageObject\",\"inLanguage\":\"de\",\"@id\":\"https:\/\/www.sportingpedia.com\/de\/#\/schema\/logo\/image\/\",\"url\":\"https:\/\/www.sportingpedia.com\/wp-content\/uploads\/2019\/10\/SportingPedia_logo.png\",\"contentUrl\":\"https:\/\/www.sportingpedia.com\/wp-content\/uploads\/2019\/10\/SportingPedia_logo.png\",\"width\":600,\"height\":101,\"caption\":\"SportingPedia\"},\"image\":{\"@id\":\"https:\/\/www.sportingpedia.com\/de\/#\/schema\/logo\/image\/\"}}]}<\/script>\n<!-- \/ Yoast SEO plugin. -->","yoast_head_json":{"title":"Pavel Kateliev - Sportingpedia - Latest Sports News From All Over the World","robots":{"index":"index","follow":"follow","max-snippet":"max-snippet:-1","max-image-preview":"max-image-preview:large","max-video-preview":"max-video-preview:-1"},"canonical":"https:\/\/www.sportingpedia.com\/de\/meet-the-team\/pavel-kateliev\/","og_locale":"de_DE","og_type":"article","og_title":"Pavel Kateliev - Sportingpedia - Latest Sports News From All Over the World","og_description":"Pavel Kateliev ist ein bekannter Sportjournalist, insbesondere in den Bereichen Fu\u00dfball, Basketball, Tennis und Hockey. Er schreibt t\u00e4glich f\u00fcr Sportingpedia und seine Arbeiten wurden in mindestens 20 Sprachen \u00fcbersetzt und auf renommierten Plattformen wie BBC, Yahoo, MCN, Sun und Evening News in Italienisch, Englisch, Spanisch und Portugiesisch ver\u00f6ffentlicht.","og_url":"https:\/\/www.sportingpedia.com\/de\/meet-the-team\/pavel-kateliev\/","og_site_name":"Sportingpedia - Latest Sports News From All Over the World","article_modified_time":"2025-05-19T14:05:53+00:00","og_image":[{"url":"https:\/\/www.sportingpedia.com\/wp-content\/uploads\/2024\/09\/pavel-kateliev.jpeg","type":"","width":"","height":""}],"twitter_card":"summary_large_image","twitter_misc":{"Gesch\u00e4tzte Lesezeit":"1\u00a0Minute"},"schema":{"@context":"https:\/\/schema.org","@graph":[{"@type":"WebPage","@id":"https:\/\/www.sportingpedia.com\/de\/meet-the-team\/pavel-kateliev\/","url":"https:\/\/www.sportingpedia.com\/de\/meet-the-team\/pavel-kateliev\/","name":"Pavel Kateliev - Sportingpedia - Latest Sports News From All Over the World","isPartOf":{"@id":"https:\/\/www.sportingpedia.com\/de\/#website"},"primaryImageOfPage":{"@id":"https:\/\/www.sportingpedia.com\/de\/meet-the-team\/pavel-kateliev\/#primaryimage"},"image":{"@id":"https:\/\/www.sportingpedia.com\/de\/meet-the-team\/pavel-kateliev\/#primaryimage"},"thumbnailUrl":"https:\/\/www.sportingpedia.com\/wp-content\/uploads\/2024\/09\/pavel-kateliev.jpeg","datePublished":"2025-04-10T07:03:01+00:00","dateModified":"2025-05-19T14:05:53+00:00","breadcrumb":{"@id":"https:\/\/www.sportingpedia.com\/de\/meet-the-team\/pavel-kateliev\/#breadcrumb"},"inLanguage":"de","potentialAction":[{"@type":"ReadAction","target":["https:\/\/www.sportingpedia.com\/de\/meet-the-team\/pavel-kateliev\/"]}]},{"@type":"ImageObject","inLanguage":"de","@id":"https:\/\/www.sportingpedia.com\/de\/meet-the-team\/pavel-kateliev\/#primaryimage","url":"https:\/\/www.sportingpedia.com\/wp-content\/uploads\/2024\/09\/pavel-kateliev.jpeg","contentUrl":"https:\/\/www.sportingpedia.com\/wp-content\/uploads\/2024\/09\/pavel-kateliev.jpeg"},{"@type":"BreadcrumbList","@id":"https:\/\/www.sportingpedia.com\/de\/meet-the-team\/pavel-kateliev\/#breadcrumb","itemListElement":[{"@type":"ListItem","position":1,"name":"Startseite","item":"https:\/\/www.sportingpedia.com\/de\/home-de\/"},{"@type":"ListItem","position":2,"name":"Lernen Sie das Team kennen","item":"https:\/\/www.sportingpedia.com\/de\/meet-the-team\/"},{"@type":"ListItem","position":3,"name":"Pavel Kateliev"}]},{"@type":"WebSite","@id":"https:\/\/www.sportingpedia.com\/de\/#website","url":"https:\/\/www.sportingpedia.com\/de\/","name":"Sportingpedia - Latest Sports News From All Over the World","description":"","publisher":{"@id":"https:\/\/www.sportingpedia.com\/de\/#organization"},"potentialAction":[{"@type":"SearchAction","target":{"@type":"EntryPoint","urlTemplate":"https:\/\/www.sportingpedia.com\/de\/?s={search_term_string}"},"query-input":{"@type":"PropertyValueSpecification","valueRequired":true,"valueName":"search_term_string"}}],"inLanguage":"de"},{"@type":"Organization","@id":"https:\/\/www.sportingpedia.com\/de\/#organization","name":"SportingPedia","url":"https:\/\/www.sportingpedia.com\/de\/","logo":{"@type":"ImageObject","inLanguage":"de","@id":"https:\/\/www.sportingpedia.com\/de\/#\/schema\/logo\/image\/","url":"https:\/\/www.sportingpedia.com\/wp-content\/uploads\/2019\/10\/SportingPedia_logo.png","contentUrl":"https:\/\/www.sportingpedia.com\/wp-content\/uploads\/2019\/10\/SportingPedia_logo.png","width":600,"height":101,"caption":"SportingPedia"},"image":{"@id":"https:\/\/www.sportingpedia.com\/de\/#\/schema\/logo\/image\/"}}]}},"_links":{"self":[{"href":"https:\/\/www.sportingpedia.com\/de\/wp-json\/wp\/v2\/pages\/115893","targetHints":{"allow":["GET"]}}],"collection":[{"href":"https:\/\/www.sportingpedia.com\/de\/wp-json\/wp\/v2\/pages"}],"about":[{"href":"https:\/\/www.sportingpedia.com\/de\/wp-json\/wp\/v2\/types\/page"}],"author":[{"embeddable":true,"href":"https:\/\/www.sportingpedia.com\/de\/wp-json\/wp\/v2\/users\/8"}],"replies":[{"embeddable":true,"href":"https:\/\/www.sportingpedia.com\/de\/wp-json\/wp\/v2\/comments?post=115893"}],"version-history":[{"count":2,"href":"https:\/\/www.sportingpedia.com\/de\/wp-json\/wp\/v2\/pages\/115893\/revisions"}],"predecessor-version":[{"id":128497,"href":"https:\/\/www.sportingpedia.com\/de\/wp-json\/wp\/v2\/pages\/115893\/revisions\/128497"}],"up":[{"embeddable":true,"href":"https:\/\/www.sportingpedia.com\/de\/wp-json\/wp\/v2\/pages\/115598"}],"wp:attachment":[{"href":"https:\/\/www.sportingpedia.com\/de\/wp-json\/wp\/v2\/media?parent=115893"}],"curies":[{"name":"wp","href":"https:\/\/api.w.org\/{rel}","templated":true}]}}