{"id":115897,"date":"2025-04-10T07:03:02","date_gmt":"2025-04-10T07:03:02","guid":{"rendered":"https:\/\/www.sportingpedia.com\/?page_id=115897"},"modified":"2025-05-19T14:03:07","modified_gmt":"2025-05-19T14:03:07","slug":"evan-andrews","status":"publish","type":"page","link":"https:\/\/www.sportingpedia.com\/de\/meet-the-team\/evan-andrews\/","title":{"rendered":"Evan Andrews"},"content":{"rendered":"<p><img decoding=\"async\" src=\"https:\/\/www.sportingpedia.com\/wp-content\/uploads\/2024\/09\/evan-andrews.jpeg\" alt=\"Evan Andrews\" style=\"border-radius: 50%\" width=\"150\" height=\"150\" class=\"alignleft\" \/>Evan Andrews liebt es, \u00fcber Fu\u00dfball zu schreiben und \u00fcber die Premier League, Primera Division und Serie A zu berichten. Seit seiner Kindheit spielt er Fu\u00dfball und konzentriert sich jetzt darauf, in diesem Bereich zu forschen und Inhalte zu erstellen.<\/p>\n<p><a target=\"_blank\" href=\"https:\/\/www.linkedin.com\/in\/evan-andrews-1a38b36\/\" rel=\"noopener nofollow\"><img decoding=\"async\" width=\"25\" src=\"https:\/\/www.sportingpedia.com\/wp-content\/uploads\/2024\/09\/icon-linkedin.svg\" alt=\"Evan Andrews - Linkedin Profil\" \/><\/a><\/p>\n<div class=\"clear\"><\/div>\n","protected":false},"excerpt":{"rendered":"<p>Evan Andrews liebt es, \u00fcber Fu\u00dfball zu schreiben und \u00fcber die Premier League, Primera Division und Serie A zu berichten. Seit seiner Kindheit spielt er Fu\u00dfball und konzentriert sich jetzt darauf, in diesem Bereich zu forschen und Inhalte zu erstellen.<\/p>\n","protected":false},"author":8,"featured_media":0,"parent":115598,"menu_order":0,"comment_status":"closed","ping_status":"closed","template":"page-nosidebar.php","meta":{"footnotes":""},"class_list":["post-115897","page","type-page","status-publish","hentry"],"yoast_head":"<!-- This site is optimized with the Yoast SEO plugin v26.6 - https:\/\/yoast.com\/wordpress\/plugins\/seo\/ -->\n<title>Evan Andrews - Sportingpedia - Latest Sports News From All Over the World<\/title>\n<meta name=\"robots\" content=\"index, follow, max-snippet:-1, max-image-preview:large, max-video-preview:-1\" \/>\n<link rel=\"canonical\" href=\"https:\/\/www.sportingpedia.com\/de\/meet-the-team\/evan-andrews\/\" \/>\n<meta property=\"og:locale\" content=\"de_DE\" \/>\n<meta property=\"og:type\" content=\"article\" \/>\n<meta property=\"og:title\" content=\"Evan Andrews - Sportingpedia - Latest Sports News From All Over the World\" \/>\n<meta property=\"og:description\" content=\"Evan Andrews liebt es, \u00fcber Fu\u00dfball zu schreiben und \u00fcber die Premier League, Primera Division und Serie A zu berichten. Seit seiner Kindheit spielt er Fu\u00dfball und konzentriert sich jetzt darauf, in diesem Bereich zu forschen und Inhalte zu erstellen.\" \/>\n<meta property=\"og:url\" content=\"https:\/\/www.sportingpedia.com\/de\/meet-the-team\/evan-andrews\/\" \/>\n<meta property=\"og:site_name\" content=\"Sportingpedia - Latest Sports News From All Over the World\" \/>\n<meta property=\"article:modified_time\" content=\"2025-05-19T14:03:07+00:00\" \/>\n<meta property=\"og:image\" content=\"https:\/\/www.sportingpedia.com\/wp-content\/uploads\/2024\/09\/evan-andrews.jpeg\" \/>\n<meta name=\"twitter:card\" content=\"summary_large_image\" \/>\n<meta name=\"twitter:label1\" content=\"Gesch\u00e4tzte Lesezeit\" \/>\n\t<meta name=\"twitter:data1\" content=\"1\u00a0Minute\" \/>\n<script type=\"application\/ld+json\" class=\"yoast-schema-graph\">{\"@context\":\"https:\/\/schema.org\",\"@graph\":[{\"@type\":\"WebPage\",\"@id\":\"https:\/\/www.sportingpedia.com\/de\/meet-the-team\/evan-andrews\/\",\"url\":\"https:\/\/www.sportingpedia.com\/de\/meet-the-team\/evan-andrews\/\",\"name\":\"Evan Andrews - Sportingpedia - Latest Sports News From All Over the World\",\"isPartOf\":{\"@id\":\"https:\/\/www.sportingpedia.com\/de\/#website\"},\"primaryImageOfPage\":{\"@id\":\"https:\/\/www.sportingpedia.com\/de\/meet-the-team\/evan-andrews\/#primaryimage\"},\"image\":{\"@id\":\"https:\/\/www.sportingpedia.com\/de\/meet-the-team\/evan-andrews\/#primaryimage\"},\"thumbnailUrl\":\"https:\/\/www.sportingpedia.com\/wp-content\/uploads\/2024\/09\/evan-andrews.jpeg\",\"datePublished\":\"2025-04-10T07:03:02+00:00\",\"dateModified\":\"2025-05-19T14:03:07+00:00\",\"breadcrumb\":{\"@id\":\"https:\/\/www.sportingpedia.com\/de\/meet-the-team\/evan-andrews\/#breadcrumb\"},\"inLanguage\":\"de\",\"potentialAction\":[{\"@type\":\"ReadAction\",\"target\":[\"https:\/\/www.sportingpedia.com\/de\/meet-the-team\/evan-andrews\/\"]}]},{\"@type\":\"ImageObject\",\"inLanguage\":\"de\",\"@id\":\"https:\/\/www.sportingpedia.com\/de\/meet-the-team\/evan-andrews\/#primaryimage\",\"url\":\"https:\/\/www.sportingpedia.com\/wp-content\/uploads\/2024\/09\/evan-andrews.jpeg\",\"contentUrl\":\"https:\/\/www.sportingpedia.com\/wp-content\/uploads\/2024\/09\/evan-andrews.jpeg\"},{\"@type\":\"BreadcrumbList\",\"@id\":\"https:\/\/www.sportingpedia.com\/de\/meet-the-team\/evan-andrews\/#breadcrumb\",\"itemListElement\":[{\"@type\":\"ListItem\",\"position\":1,\"name\":\"Startseite\",\"item\":\"https:\/\/www.sportingpedia.com\/de\/home-de\/\"},{\"@type\":\"ListItem\",\"position\":2,\"name\":\"Lernen Sie das Team kennen\",\"item\":\"https:\/\/www.sportingpedia.com\/de\/meet-the-team\/\"},{\"@type\":\"ListItem\",\"position\":3,\"name\":\"Evan Andrews\"}]},{\"@type\":\"WebSite\",\"@id\":\"https:\/\/www.sportingpedia.com\/de\/#website\",\"url\":\"https:\/\/www.sportingpedia.com\/de\/\",\"name\":\"Sportingpedia - Latest Sports News From All Over the World\",\"description\":\"\",\"publisher\":{\"@id\":\"https:\/\/www.sportingpedia.com\/de\/#organization\"},\"potentialAction\":[{\"@type\":\"SearchAction\",\"target\":{\"@type\":\"EntryPoint\",\"urlTemplate\":\"https:\/\/www.sportingpedia.com\/de\/?s={search_term_string}\"},\"query-input\":{\"@type\":\"PropertyValueSpecification\",\"valueRequired\":true,\"valueName\":\"search_term_string\"}}],\"inLanguage\":\"de\"},{\"@type\":\"Organization\",\"@id\":\"https:\/\/www.sportingpedia.com\/de\/#organization\",\"name\":\"SportingPedia\",\"url\":\"https:\/\/www.sportingpedia.com\/de\/\",\"logo\":{\"@type\":\"ImageObject\",\"inLanguage\":\"de\",\"@id\":\"https:\/\/www.sportingpedia.com\/de\/#\/schema\/logo\/image\/\",\"url\":\"https:\/\/www.sportingpedia.com\/wp-content\/uploads\/2019\/10\/SportingPedia_logo.png\",\"contentUrl\":\"https:\/\/www.sportingpedia.com\/wp-content\/uploads\/2019\/10\/SportingPedia_logo.png\",\"width\":600,\"height\":101,\"caption\":\"SportingPedia\"},\"image\":{\"@id\":\"https:\/\/www.sportingpedia.com\/de\/#\/schema\/logo\/image\/\"}}]}<\/script>\n<!-- \/ Yoast SEO plugin. -->","yoast_head_json":{"title":"Evan Andrews - Sportingpedia - Latest Sports News From All Over the World","robots":{"index":"index","follow":"follow","max-snippet":"max-snippet:-1","max-image-preview":"max-image-preview:large","max-video-preview":"max-video-preview:-1"},"canonical":"https:\/\/www.sportingpedia.com\/de\/meet-the-team\/evan-andrews\/","og_locale":"de_DE","og_type":"article","og_title":"Evan Andrews - Sportingpedia - Latest Sports News From All Over the World","og_description":"Evan Andrews liebt es, \u00fcber Fu\u00dfball zu schreiben und \u00fcber die Premier League, Primera Division und Serie A zu berichten. Seit seiner Kindheit spielt er Fu\u00dfball und konzentriert sich jetzt darauf, in diesem Bereich zu forschen und Inhalte zu erstellen.","og_url":"https:\/\/www.sportingpedia.com\/de\/meet-the-team\/evan-andrews\/","og_site_name":"Sportingpedia - Latest Sports News From All Over the World","article_modified_time":"2025-05-19T14:03:07+00:00","og_image":[{"url":"https:\/\/www.sportingpedia.com\/wp-content\/uploads\/2024\/09\/evan-andrews.jpeg","type":"","width":"","height":""}],"twitter_card":"summary_large_image","twitter_misc":{"Gesch\u00e4tzte Lesezeit":"1\u00a0Minute"},"schema":{"@context":"https:\/\/schema.org","@graph":[{"@type":"WebPage","@id":"https:\/\/www.sportingpedia.com\/de\/meet-the-team\/evan-andrews\/","url":"https:\/\/www.sportingpedia.com\/de\/meet-the-team\/evan-andrews\/","name":"Evan Andrews - Sportingpedia - Latest Sports News From All Over the World","isPartOf":{"@id":"https:\/\/www.sportingpedia.com\/de\/#website"},"primaryImageOfPage":{"@id":"https:\/\/www.sportingpedia.com\/de\/meet-the-team\/evan-andrews\/#primaryimage"},"image":{"@id":"https:\/\/www.sportingpedia.com\/de\/meet-the-team\/evan-andrews\/#primaryimage"},"thumbnailUrl":"https:\/\/www.sportingpedia.com\/wp-content\/uploads\/2024\/09\/evan-andrews.jpeg","datePublished":"2025-04-10T07:03:02+00:00","dateModified":"2025-05-19T14:03:07+00:00","breadcrumb":{"@id":"https:\/\/www.sportingpedia.com\/de\/meet-the-team\/evan-andrews\/#breadcrumb"},"inLanguage":"de","potentialAction":[{"@type":"ReadAction","target":["https:\/\/www.sportingpedia.com\/de\/meet-the-team\/evan-andrews\/"]}]},{"@type":"ImageObject","inLanguage":"de","@id":"https:\/\/www.sportingpedia.com\/de\/meet-the-team\/evan-andrews\/#primaryimage","url":"https:\/\/www.sportingpedia.com\/wp-content\/uploads\/2024\/09\/evan-andrews.jpeg","contentUrl":"https:\/\/www.sportingpedia.com\/wp-content\/uploads\/2024\/09\/evan-andrews.jpeg"},{"@type":"BreadcrumbList","@id":"https:\/\/www.sportingpedia.com\/de\/meet-the-team\/evan-andrews\/#breadcrumb","itemListElement":[{"@type":"ListItem","position":1,"name":"Startseite","item":"https:\/\/www.sportingpedia.com\/de\/home-de\/"},{"@type":"ListItem","position":2,"name":"Lernen Sie das Team kennen","item":"https:\/\/www.sportingpedia.com\/de\/meet-the-team\/"},{"@type":"ListItem","position":3,"name":"Evan Andrews"}]},{"@type":"WebSite","@id":"https:\/\/www.sportingpedia.com\/de\/#website","url":"https:\/\/www.sportingpedia.com\/de\/","name":"Sportingpedia - Latest Sports News From All Over the World","description":"","publisher":{"@id":"https:\/\/www.sportingpedia.com\/de\/#organization"},"potentialAction":[{"@type":"SearchAction","target":{"@type":"EntryPoint","urlTemplate":"https:\/\/www.sportingpedia.com\/de\/?s={search_term_string}"},"query-input":{"@type":"PropertyValueSpecification","valueRequired":true,"valueName":"search_term_string"}}],"inLanguage":"de"},{"@type":"Organization","@id":"https:\/\/www.sportingpedia.com\/de\/#organization","name":"SportingPedia","url":"https:\/\/www.sportingpedia.com\/de\/","logo":{"@type":"ImageObject","inLanguage":"de","@id":"https:\/\/www.sportingpedia.com\/de\/#\/schema\/logo\/image\/","url":"https:\/\/www.sportingpedia.com\/wp-content\/uploads\/2019\/10\/SportingPedia_logo.png","contentUrl":"https:\/\/www.sportingpedia.com\/wp-content\/uploads\/2019\/10\/SportingPedia_logo.png","width":600,"height":101,"caption":"SportingPedia"},"image":{"@id":"https:\/\/www.sportingpedia.com\/de\/#\/schema\/logo\/image\/"}}]}},"_links":{"self":[{"href":"https:\/\/www.sportingpedia.com\/de\/wp-json\/wp\/v2\/pages\/115897","targetHints":{"allow":["GET"]}}],"collection":[{"href":"https:\/\/www.sportingpedia.com\/de\/wp-json\/wp\/v2\/pages"}],"about":[{"href":"https:\/\/www.sportingpedia.com\/de\/wp-json\/wp\/v2\/types\/page"}],"author":[{"embeddable":true,"href":"https:\/\/www.sportingpedia.com\/de\/wp-json\/wp\/v2\/users\/8"}],"replies":[{"embeddable":true,"href":"https:\/\/www.sportingpedia.com\/de\/wp-json\/wp\/v2\/comments?post=115897"}],"version-history":[{"count":1,"href":"https:\/\/www.sportingpedia.com\/de\/wp-json\/wp\/v2\/pages\/115897\/revisions"}],"predecessor-version":[{"id":121907,"href":"https:\/\/www.sportingpedia.com\/de\/wp-json\/wp\/v2\/pages\/115897\/revisions\/121907"}],"up":[{"embeddable":true,"href":"https:\/\/www.sportingpedia.com\/de\/wp-json\/wp\/v2\/pages\/115598"}],"wp:attachment":[{"href":"https:\/\/www.sportingpedia.com\/de\/wp-json\/wp\/v2\/media?parent=115897"}],"curies":[{"name":"wp","href":"https:\/\/api.w.org\/{rel}","templated":true}]}}