{"id":115898,"date":"2025-04-10T07:03:02","date_gmt":"2025-04-10T07:03:02","guid":{"rendered":"https:\/\/www.sportingpedia.com\/?page_id=115898"},"modified":"2025-05-19T14:02:27","modified_gmt":"2025-05-19T14:02:27","slug":"earl-campbell","status":"publish","type":"page","link":"https:\/\/www.sportingpedia.com\/de\/meet-the-team\/earl-campbell\/","title":{"rendered":"Earl Campbell"},"content":{"rendered":"<p><img decoding=\"async\" src=\"https:\/\/www.sportingpedia.com\/wp-content\/uploads\/2018\/07\/earl.png\" alt=\"Earl Campbell\" style=\"border-radius: 50%\" width=\"150\" height=\"150\" class=\"alignleft\" \/>Earl Campbell ist ein bekannter Sportjournalist, der sich auf Fu\u00dfball, NBA, Tennis und Hockey spezialisiert hat. Er schreibt t\u00e4glich f\u00fcr Sportingpedia, und viele seiner Artikel erscheinen in gro\u00dfen Publikationen wie BBC, Yahoo, MCN, Sun und Evening News, in Italienisch, Englisch, Spanisch und Portugiesisch.<\/p>\n<p><a target=\"_blank\" href=\"https:\/\/www.linkedin.com\/in\/earl-campbell-57545417\/\" rel=\"noopener nofollow\"><img decoding=\"async\" width=\"25\" src=\"https:\/\/www.sportingpedia.com\/wp-content\/uploads\/2024\/09\/icon-linkedin.svg\" alt=\"Earl Campbell - Linkedin Profil\" \/><\/a><\/p>\n<div class=\"clear\"><\/div>\n","protected":false},"excerpt":{"rendered":"<p>Earl Campbell ist ein bekannter Sportjournalist, der sich auf Fu\u00dfball, NBA, Tennis und Hockey spezialisiert hat. Er schreibt t\u00e4glich f\u00fcr Sportingpedia, und viele seiner Artikel erscheinen in gro\u00dfen Publikationen wie BBC, Yahoo, MCN, Sun und Evening News, in Italienisch, Englisch, Spanisch und Portugiesisch.<\/p>\n","protected":false},"author":8,"featured_media":0,"parent":115598,"menu_order":0,"comment_status":"closed","ping_status":"closed","template":"page-nosidebar.php","meta":{"footnotes":""},"class_list":["post-115898","page","type-page","status-publish","hentry"],"yoast_head":"<!-- This site is optimized with the Yoast SEO plugin v26.6 - https:\/\/yoast.com\/wordpress\/plugins\/seo\/ -->\n<title>Earl Campbell - Sportingpedia - Latest Sports News From All Over the World<\/title>\n<meta name=\"robots\" content=\"index, follow, max-snippet:-1, max-image-preview:large, max-video-preview:-1\" \/>\n<link rel=\"canonical\" href=\"https:\/\/www.sportingpedia.com\/de\/meet-the-team\/earl-campbell\/\" \/>\n<meta property=\"og:locale\" content=\"de_DE\" \/>\n<meta property=\"og:type\" content=\"article\" \/>\n<meta property=\"og:title\" content=\"Earl Campbell - Sportingpedia - Latest Sports News From All Over the World\" \/>\n<meta property=\"og:description\" content=\"Earl Campbell ist ein bekannter Sportjournalist, der sich auf Fu\u00dfball, NBA, Tennis und Hockey spezialisiert hat. Er schreibt t\u00e4glich f\u00fcr Sportingpedia, und viele seiner Artikel erscheinen in gro\u00dfen Publikationen wie BBC, Yahoo, MCN, Sun und Evening News, in Italienisch, Englisch, Spanisch und Portugiesisch.\" \/>\n<meta property=\"og:url\" content=\"https:\/\/www.sportingpedia.com\/de\/meet-the-team\/earl-campbell\/\" \/>\n<meta property=\"og:site_name\" content=\"Sportingpedia - Latest Sports News From All Over the World\" \/>\n<meta property=\"article:modified_time\" content=\"2025-05-19T14:02:27+00:00\" \/>\n<meta property=\"og:image\" content=\"https:\/\/www.sportingpedia.com\/wp-content\/uploads\/2018\/07\/earl.png\" \/>\n<meta name=\"twitter:card\" content=\"summary_large_image\" \/>\n<meta name=\"twitter:label1\" content=\"Gesch\u00e4tzte Lesezeit\" \/>\n\t<meta name=\"twitter:data1\" content=\"1\u00a0Minute\" \/>\n<script type=\"application\/ld+json\" class=\"yoast-schema-graph\">{\"@context\":\"https:\/\/schema.org\",\"@graph\":[{\"@type\":\"WebPage\",\"@id\":\"https:\/\/www.sportingpedia.com\/de\/meet-the-team\/earl-campbell\/\",\"url\":\"https:\/\/www.sportingpedia.com\/de\/meet-the-team\/earl-campbell\/\",\"name\":\"Earl Campbell - Sportingpedia - Latest Sports News From All Over the World\",\"isPartOf\":{\"@id\":\"https:\/\/www.sportingpedia.com\/de\/#website\"},\"primaryImageOfPage\":{\"@id\":\"https:\/\/www.sportingpedia.com\/de\/meet-the-team\/earl-campbell\/#primaryimage\"},\"image\":{\"@id\":\"https:\/\/www.sportingpedia.com\/de\/meet-the-team\/earl-campbell\/#primaryimage\"},\"thumbnailUrl\":\"https:\/\/www.sportingpedia.com\/wp-content\/uploads\/2018\/07\/earl.png\",\"datePublished\":\"2025-04-10T07:03:02+00:00\",\"dateModified\":\"2025-05-19T14:02:27+00:00\",\"breadcrumb\":{\"@id\":\"https:\/\/www.sportingpedia.com\/de\/meet-the-team\/earl-campbell\/#breadcrumb\"},\"inLanguage\":\"de\",\"potentialAction\":[{\"@type\":\"ReadAction\",\"target\":[\"https:\/\/www.sportingpedia.com\/de\/meet-the-team\/earl-campbell\/\"]}]},{\"@type\":\"ImageObject\",\"inLanguage\":\"de\",\"@id\":\"https:\/\/www.sportingpedia.com\/de\/meet-the-team\/earl-campbell\/#primaryimage\",\"url\":\"https:\/\/www.sportingpedia.com\/wp-content\/uploads\/2018\/07\/earl.png\",\"contentUrl\":\"https:\/\/www.sportingpedia.com\/wp-content\/uploads\/2018\/07\/earl.png\"},{\"@type\":\"BreadcrumbList\",\"@id\":\"https:\/\/www.sportingpedia.com\/de\/meet-the-team\/earl-campbell\/#breadcrumb\",\"itemListElement\":[{\"@type\":\"ListItem\",\"position\":1,\"name\":\"Startseite\",\"item\":\"https:\/\/www.sportingpedia.com\/de\/home-de\/\"},{\"@type\":\"ListItem\",\"position\":2,\"name\":\"Lernen Sie das Team kennen\",\"item\":\"https:\/\/www.sportingpedia.com\/de\/meet-the-team\/\"},{\"@type\":\"ListItem\",\"position\":3,\"name\":\"Earl Campbell\"}]},{\"@type\":\"WebSite\",\"@id\":\"https:\/\/www.sportingpedia.com\/de\/#website\",\"url\":\"https:\/\/www.sportingpedia.com\/de\/\",\"name\":\"Sportingpedia - Latest Sports News From All Over the World\",\"description\":\"\",\"publisher\":{\"@id\":\"https:\/\/www.sportingpedia.com\/de\/#organization\"},\"potentialAction\":[{\"@type\":\"SearchAction\",\"target\":{\"@type\":\"EntryPoint\",\"urlTemplate\":\"https:\/\/www.sportingpedia.com\/de\/?s={search_term_string}\"},\"query-input\":{\"@type\":\"PropertyValueSpecification\",\"valueRequired\":true,\"valueName\":\"search_term_string\"}}],\"inLanguage\":\"de\"},{\"@type\":\"Organization\",\"@id\":\"https:\/\/www.sportingpedia.com\/de\/#organization\",\"name\":\"SportingPedia\",\"url\":\"https:\/\/www.sportingpedia.com\/de\/\",\"logo\":{\"@type\":\"ImageObject\",\"inLanguage\":\"de\",\"@id\":\"https:\/\/www.sportingpedia.com\/de\/#\/schema\/logo\/image\/\",\"url\":\"https:\/\/www.sportingpedia.com\/wp-content\/uploads\/2019\/10\/SportingPedia_logo.png\",\"contentUrl\":\"https:\/\/www.sportingpedia.com\/wp-content\/uploads\/2019\/10\/SportingPedia_logo.png\",\"width\":600,\"height\":101,\"caption\":\"SportingPedia\"},\"image\":{\"@id\":\"https:\/\/www.sportingpedia.com\/de\/#\/schema\/logo\/image\/\"}}]}<\/script>\n<!-- \/ Yoast SEO plugin. -->","yoast_head_json":{"title":"Earl Campbell - Sportingpedia - Latest Sports News From All Over the World","robots":{"index":"index","follow":"follow","max-snippet":"max-snippet:-1","max-image-preview":"max-image-preview:large","max-video-preview":"max-video-preview:-1"},"canonical":"https:\/\/www.sportingpedia.com\/de\/meet-the-team\/earl-campbell\/","og_locale":"de_DE","og_type":"article","og_title":"Earl Campbell - Sportingpedia - Latest Sports News From All Over the World","og_description":"Earl Campbell ist ein bekannter Sportjournalist, der sich auf Fu\u00dfball, NBA, Tennis und Hockey spezialisiert hat. Er schreibt t\u00e4glich f\u00fcr Sportingpedia, und viele seiner Artikel erscheinen in gro\u00dfen Publikationen wie BBC, Yahoo, MCN, Sun und Evening News, in Italienisch, Englisch, Spanisch und Portugiesisch.","og_url":"https:\/\/www.sportingpedia.com\/de\/meet-the-team\/earl-campbell\/","og_site_name":"Sportingpedia - Latest Sports News From All Over the World","article_modified_time":"2025-05-19T14:02:27+00:00","og_image":[{"url":"https:\/\/www.sportingpedia.com\/wp-content\/uploads\/2018\/07\/earl.png","type":"","width":"","height":""}],"twitter_card":"summary_large_image","twitter_misc":{"Gesch\u00e4tzte Lesezeit":"1\u00a0Minute"},"schema":{"@context":"https:\/\/schema.org","@graph":[{"@type":"WebPage","@id":"https:\/\/www.sportingpedia.com\/de\/meet-the-team\/earl-campbell\/","url":"https:\/\/www.sportingpedia.com\/de\/meet-the-team\/earl-campbell\/","name":"Earl Campbell - Sportingpedia - Latest Sports News From All Over the World","isPartOf":{"@id":"https:\/\/www.sportingpedia.com\/de\/#website"},"primaryImageOfPage":{"@id":"https:\/\/www.sportingpedia.com\/de\/meet-the-team\/earl-campbell\/#primaryimage"},"image":{"@id":"https:\/\/www.sportingpedia.com\/de\/meet-the-team\/earl-campbell\/#primaryimage"},"thumbnailUrl":"https:\/\/www.sportingpedia.com\/wp-content\/uploads\/2018\/07\/earl.png","datePublished":"2025-04-10T07:03:02+00:00","dateModified":"2025-05-19T14:02:27+00:00","breadcrumb":{"@id":"https:\/\/www.sportingpedia.com\/de\/meet-the-team\/earl-campbell\/#breadcrumb"},"inLanguage":"de","potentialAction":[{"@type":"ReadAction","target":["https:\/\/www.sportingpedia.com\/de\/meet-the-team\/earl-campbell\/"]}]},{"@type":"ImageObject","inLanguage":"de","@id":"https:\/\/www.sportingpedia.com\/de\/meet-the-team\/earl-campbell\/#primaryimage","url":"https:\/\/www.sportingpedia.com\/wp-content\/uploads\/2018\/07\/earl.png","contentUrl":"https:\/\/www.sportingpedia.com\/wp-content\/uploads\/2018\/07\/earl.png"},{"@type":"BreadcrumbList","@id":"https:\/\/www.sportingpedia.com\/de\/meet-the-team\/earl-campbell\/#breadcrumb","itemListElement":[{"@type":"ListItem","position":1,"name":"Startseite","item":"https:\/\/www.sportingpedia.com\/de\/home-de\/"},{"@type":"ListItem","position":2,"name":"Lernen Sie das Team kennen","item":"https:\/\/www.sportingpedia.com\/de\/meet-the-team\/"},{"@type":"ListItem","position":3,"name":"Earl Campbell"}]},{"@type":"WebSite","@id":"https:\/\/www.sportingpedia.com\/de\/#website","url":"https:\/\/www.sportingpedia.com\/de\/","name":"Sportingpedia - Latest Sports News From All Over the World","description":"","publisher":{"@id":"https:\/\/www.sportingpedia.com\/de\/#organization"},"potentialAction":[{"@type":"SearchAction","target":{"@type":"EntryPoint","urlTemplate":"https:\/\/www.sportingpedia.com\/de\/?s={search_term_string}"},"query-input":{"@type":"PropertyValueSpecification","valueRequired":true,"valueName":"search_term_string"}}],"inLanguage":"de"},{"@type":"Organization","@id":"https:\/\/www.sportingpedia.com\/de\/#organization","name":"SportingPedia","url":"https:\/\/www.sportingpedia.com\/de\/","logo":{"@type":"ImageObject","inLanguage":"de","@id":"https:\/\/www.sportingpedia.com\/de\/#\/schema\/logo\/image\/","url":"https:\/\/www.sportingpedia.com\/wp-content\/uploads\/2019\/10\/SportingPedia_logo.png","contentUrl":"https:\/\/www.sportingpedia.com\/wp-content\/uploads\/2019\/10\/SportingPedia_logo.png","width":600,"height":101,"caption":"SportingPedia"},"image":{"@id":"https:\/\/www.sportingpedia.com\/de\/#\/schema\/logo\/image\/"}}]}},"_links":{"self":[{"href":"https:\/\/www.sportingpedia.com\/de\/wp-json\/wp\/v2\/pages\/115898","targetHints":{"allow":["GET"]}}],"collection":[{"href":"https:\/\/www.sportingpedia.com\/de\/wp-json\/wp\/v2\/pages"}],"about":[{"href":"https:\/\/www.sportingpedia.com\/de\/wp-json\/wp\/v2\/types\/page"}],"author":[{"embeddable":true,"href":"https:\/\/www.sportingpedia.com\/de\/wp-json\/wp\/v2\/users\/8"}],"replies":[{"embeddable":true,"href":"https:\/\/www.sportingpedia.com\/de\/wp-json\/wp\/v2\/comments?post=115898"}],"version-history":[{"count":1,"href":"https:\/\/www.sportingpedia.com\/de\/wp-json\/wp\/v2\/pages\/115898\/revisions"}],"predecessor-version":[{"id":121908,"href":"https:\/\/www.sportingpedia.com\/de\/wp-json\/wp\/v2\/pages\/115898\/revisions\/121908"}],"up":[{"embeddable":true,"href":"https:\/\/www.sportingpedia.com\/de\/wp-json\/wp\/v2\/pages\/115598"}],"wp:attachment":[{"href":"https:\/\/www.sportingpedia.com\/de\/wp-json\/wp\/v2\/media?parent=115898"}],"curies":[{"name":"wp","href":"https:\/\/api.w.org\/{rel}","templated":true}]}}