{"id":115899,"date":"2025-04-10T07:03:03","date_gmt":"2025-04-10T07:03:03","guid":{"rendered":"https:\/\/www.sportingpedia.com\/?page_id=115899"},"modified":"2025-05-19T14:01:10","modified_gmt":"2025-05-19T14:01:10","slug":"boris-george","status":"publish","type":"page","link":"https:\/\/www.sportingpedia.com\/de\/meet-the-team\/boris-george\/","title":{"rendered":"Boris George"},"content":{"rendered":"<p>Boris George berichtet \u00fcber Sportereignisse aus der ganzen Welt. Er besucht oft Sportveranstaltungen und bietet Echtzeit-Berichterstattung \u00fcber Premier-League-Fu\u00dfballspiele.<\/p>\n","protected":false},"excerpt":{"rendered":"<p>Boris George berichtet \u00fcber Sportereignisse aus der ganzen Welt. Er besucht oft Sportveranstaltungen und bietet Echtzeit-Berichterstattung \u00fcber Premier-League-Fu\u00dfballspiele.<\/p>\n","protected":false},"author":8,"featured_media":0,"parent":115598,"menu_order":0,"comment_status":"closed","ping_status":"closed","template":"page-nosidebar.php","meta":{"footnotes":""},"class_list":["post-115899","page","type-page","status-publish","hentry"],"yoast_head":"<!-- This site is optimized with the Yoast SEO plugin v26.6 - https:\/\/yoast.com\/wordpress\/plugins\/seo\/ -->\n<title>Boris George - Sportingpedia - Latest Sports News From All Over the World<\/title>\n<meta name=\"robots\" content=\"index, follow, max-snippet:-1, max-image-preview:large, max-video-preview:-1\" \/>\n<link rel=\"canonical\" href=\"https:\/\/www.sportingpedia.com\/de\/meet-the-team\/boris-george\/\" \/>\n<meta property=\"og:locale\" content=\"de_DE\" \/>\n<meta property=\"og:type\" content=\"article\" \/>\n<meta property=\"og:title\" content=\"Boris George - Sportingpedia - Latest Sports News From All Over the World\" \/>\n<meta property=\"og:description\" content=\"Boris George berichtet \u00fcber Sportereignisse aus der ganzen Welt. Er besucht oft Sportveranstaltungen und bietet Echtzeit-Berichterstattung \u00fcber Premier-League-Fu\u00dfballspiele.\" \/>\n<meta property=\"og:url\" content=\"https:\/\/www.sportingpedia.com\/de\/meet-the-team\/boris-george\/\" \/>\n<meta property=\"og:site_name\" content=\"Sportingpedia - Latest Sports News From All Over the World\" \/>\n<meta property=\"article:modified_time\" content=\"2025-05-19T14:01:10+00:00\" \/>\n<meta name=\"twitter:card\" content=\"summary_large_image\" \/>\n<meta name=\"twitter:label1\" content=\"Gesch\u00e4tzte Lesezeit\" \/>\n\t<meta name=\"twitter:data1\" content=\"1\u00a0Minute\" \/>\n<script type=\"application\/ld+json\" class=\"yoast-schema-graph\">{\"@context\":\"https:\/\/schema.org\",\"@graph\":[{\"@type\":\"WebPage\",\"@id\":\"https:\/\/www.sportingpedia.com\/de\/meet-the-team\/boris-george\/\",\"url\":\"https:\/\/www.sportingpedia.com\/de\/meet-the-team\/boris-george\/\",\"name\":\"Boris George - Sportingpedia - Latest Sports News From All Over the World\",\"isPartOf\":{\"@id\":\"https:\/\/www.sportingpedia.com\/de\/#website\"},\"datePublished\":\"2025-04-10T07:03:03+00:00\",\"dateModified\":\"2025-05-19T14:01:10+00:00\",\"breadcrumb\":{\"@id\":\"https:\/\/www.sportingpedia.com\/de\/meet-the-team\/boris-george\/#breadcrumb\"},\"inLanguage\":\"de\",\"potentialAction\":[{\"@type\":\"ReadAction\",\"target\":[\"https:\/\/www.sportingpedia.com\/de\/meet-the-team\/boris-george\/\"]}]},{\"@type\":\"BreadcrumbList\",\"@id\":\"https:\/\/www.sportingpedia.com\/de\/meet-the-team\/boris-george\/#breadcrumb\",\"itemListElement\":[{\"@type\":\"ListItem\",\"position\":1,\"name\":\"Startseite\",\"item\":\"https:\/\/www.sportingpedia.com\/de\/home-de\/\"},{\"@type\":\"ListItem\",\"position\":2,\"name\":\"Lernen Sie das Team kennen\",\"item\":\"https:\/\/www.sportingpedia.com\/de\/meet-the-team\/\"},{\"@type\":\"ListItem\",\"position\":3,\"name\":\"Boris George\"}]},{\"@type\":\"WebSite\",\"@id\":\"https:\/\/www.sportingpedia.com\/de\/#website\",\"url\":\"https:\/\/www.sportingpedia.com\/de\/\",\"name\":\"Sportingpedia - Latest Sports News From All Over the World\",\"description\":\"\",\"publisher\":{\"@id\":\"https:\/\/www.sportingpedia.com\/de\/#organization\"},\"potentialAction\":[{\"@type\":\"SearchAction\",\"target\":{\"@type\":\"EntryPoint\",\"urlTemplate\":\"https:\/\/www.sportingpedia.com\/de\/?s={search_term_string}\"},\"query-input\":{\"@type\":\"PropertyValueSpecification\",\"valueRequired\":true,\"valueName\":\"search_term_string\"}}],\"inLanguage\":\"de\"},{\"@type\":\"Organization\",\"@id\":\"https:\/\/www.sportingpedia.com\/de\/#organization\",\"name\":\"SportingPedia\",\"url\":\"https:\/\/www.sportingpedia.com\/de\/\",\"logo\":{\"@type\":\"ImageObject\",\"inLanguage\":\"de\",\"@id\":\"https:\/\/www.sportingpedia.com\/de\/#\/schema\/logo\/image\/\",\"url\":\"https:\/\/www.sportingpedia.com\/wp-content\/uploads\/2019\/10\/SportingPedia_logo.png\",\"contentUrl\":\"https:\/\/www.sportingpedia.com\/wp-content\/uploads\/2019\/10\/SportingPedia_logo.png\",\"width\":600,\"height\":101,\"caption\":\"SportingPedia\"},\"image\":{\"@id\":\"https:\/\/www.sportingpedia.com\/de\/#\/schema\/logo\/image\/\"}}]}<\/script>\n<!-- \/ Yoast SEO plugin. -->","yoast_head_json":{"title":"Boris George - Sportingpedia - Latest Sports News From All Over the World","robots":{"index":"index","follow":"follow","max-snippet":"max-snippet:-1","max-image-preview":"max-image-preview:large","max-video-preview":"max-video-preview:-1"},"canonical":"https:\/\/www.sportingpedia.com\/de\/meet-the-team\/boris-george\/","og_locale":"de_DE","og_type":"article","og_title":"Boris George - Sportingpedia - Latest Sports News From All Over the World","og_description":"Boris George berichtet \u00fcber Sportereignisse aus der ganzen Welt. Er besucht oft Sportveranstaltungen und bietet Echtzeit-Berichterstattung \u00fcber Premier-League-Fu\u00dfballspiele.","og_url":"https:\/\/www.sportingpedia.com\/de\/meet-the-team\/boris-george\/","og_site_name":"Sportingpedia - Latest Sports News From All Over the World","article_modified_time":"2025-05-19T14:01:10+00:00","twitter_card":"summary_large_image","twitter_misc":{"Gesch\u00e4tzte Lesezeit":"1\u00a0Minute"},"schema":{"@context":"https:\/\/schema.org","@graph":[{"@type":"WebPage","@id":"https:\/\/www.sportingpedia.com\/de\/meet-the-team\/boris-george\/","url":"https:\/\/www.sportingpedia.com\/de\/meet-the-team\/boris-george\/","name":"Boris George - Sportingpedia - Latest Sports News From All Over the World","isPartOf":{"@id":"https:\/\/www.sportingpedia.com\/de\/#website"},"datePublished":"2025-04-10T07:03:03+00:00","dateModified":"2025-05-19T14:01:10+00:00","breadcrumb":{"@id":"https:\/\/www.sportingpedia.com\/de\/meet-the-team\/boris-george\/#breadcrumb"},"inLanguage":"de","potentialAction":[{"@type":"ReadAction","target":["https:\/\/www.sportingpedia.com\/de\/meet-the-team\/boris-george\/"]}]},{"@type":"BreadcrumbList","@id":"https:\/\/www.sportingpedia.com\/de\/meet-the-team\/boris-george\/#breadcrumb","itemListElement":[{"@type":"ListItem","position":1,"name":"Startseite","item":"https:\/\/www.sportingpedia.com\/de\/home-de\/"},{"@type":"ListItem","position":2,"name":"Lernen Sie das Team kennen","item":"https:\/\/www.sportingpedia.com\/de\/meet-the-team\/"},{"@type":"ListItem","position":3,"name":"Boris George"}]},{"@type":"WebSite","@id":"https:\/\/www.sportingpedia.com\/de\/#website","url":"https:\/\/www.sportingpedia.com\/de\/","name":"Sportingpedia - Latest Sports News From All Over the World","description":"","publisher":{"@id":"https:\/\/www.sportingpedia.com\/de\/#organization"},"potentialAction":[{"@type":"SearchAction","target":{"@type":"EntryPoint","urlTemplate":"https:\/\/www.sportingpedia.com\/de\/?s={search_term_string}"},"query-input":{"@type":"PropertyValueSpecification","valueRequired":true,"valueName":"search_term_string"}}],"inLanguage":"de"},{"@type":"Organization","@id":"https:\/\/www.sportingpedia.com\/de\/#organization","name":"SportingPedia","url":"https:\/\/www.sportingpedia.com\/de\/","logo":{"@type":"ImageObject","inLanguage":"de","@id":"https:\/\/www.sportingpedia.com\/de\/#\/schema\/logo\/image\/","url":"https:\/\/www.sportingpedia.com\/wp-content\/uploads\/2019\/10\/SportingPedia_logo.png","contentUrl":"https:\/\/www.sportingpedia.com\/wp-content\/uploads\/2019\/10\/SportingPedia_logo.png","width":600,"height":101,"caption":"SportingPedia"},"image":{"@id":"https:\/\/www.sportingpedia.com\/de\/#\/schema\/logo\/image\/"}}]}},"_links":{"self":[{"href":"https:\/\/www.sportingpedia.com\/de\/wp-json\/wp\/v2\/pages\/115899","targetHints":{"allow":["GET"]}}],"collection":[{"href":"https:\/\/www.sportingpedia.com\/de\/wp-json\/wp\/v2\/pages"}],"about":[{"href":"https:\/\/www.sportingpedia.com\/de\/wp-json\/wp\/v2\/types\/page"}],"author":[{"embeddable":true,"href":"https:\/\/www.sportingpedia.com\/de\/wp-json\/wp\/v2\/users\/8"}],"replies":[{"embeddable":true,"href":"https:\/\/www.sportingpedia.com\/de\/wp-json\/wp\/v2\/comments?post=115899"}],"version-history":[{"count":1,"href":"https:\/\/www.sportingpedia.com\/de\/wp-json\/wp\/v2\/pages\/115899\/revisions"}],"predecessor-version":[{"id":121909,"href":"https:\/\/www.sportingpedia.com\/de\/wp-json\/wp\/v2\/pages\/115899\/revisions\/121909"}],"up":[{"embeddable":true,"href":"https:\/\/www.sportingpedia.com\/de\/wp-json\/wp\/v2\/pages\/115598"}],"wp:attachment":[{"href":"https:\/\/www.sportingpedia.com\/de\/wp-json\/wp\/v2\/media?parent=115899"}],"curies":[{"name":"wp","href":"https:\/\/api.w.org\/{rel}","templated":true}]}}