{"id":118649,"date":"2025-04-10T07:59:17","date_gmt":"2025-04-10T07:59:17","guid":{"rendered":"https:\/\/www.sportingpedia.com\/?page_id=118649"},"modified":"2025-05-14T13:26:18","modified_gmt":"2025-05-14T13:26:18","slug":"privacy-policy","status":"publish","type":"page","link":"https:\/\/www.sportingpedia.com\/es\/privacy-policy\/","title":{"rendered":"Pol\u00edtica de privacidad"},"content":{"rendered":"<p>En Sportingpedia nos tomamos muy en serio su privacidad y estamos comprometidos a mantener seguros y bien protegidos los datos personales de nuestros clientes. Esta Pol\u00edtica de Privacidad tiene como objetivo explicar c\u00f3mo recopilamos, usamos, transferimos y divulgamos su informaci\u00f3n personal, por lo que antes de usar nuestro sitio web, le recomendamos que tome un momento para leer la siguiente pol\u00edtica.<\/p>\n<p>Le informa sobre qu\u00e9 datos recopilamos y por qu\u00e9, as\u00ed como cu\u00e1les son sus derechos y c\u00f3mo pueden ejercerse. La informaci\u00f3n personal significa cualquier informaci\u00f3n que se pueda usar para identificarle directa o indirectamente. No est\u00e1 obligado a compartir ninguna de ella a nuestro requerimiento, pero debe saber que si decide no hacerlo, es posible que no podamos brindarle todos nuestros servicios.<\/p>\n<p>Tenga en cuenta que esta p\u00e1gina se actualizar\u00e1 cuando sea necesario para reflejar cualquier cambio en nuestros servicios y comentarios de los clientes. Para mantenerse al d\u00eda con nuestra Pol\u00edtica de Privacidad, debe verificar la p\u00e1gina para cualquier modificaci\u00f3n que pueda sufrir.<\/p>\n<h2>Qu\u00e9 Informaci\u00f3n Recopilamos<\/h2>\n<ul>\n<li>Estad\u00edsticas sobre la demograf\u00eda como edad, g\u00e9nero, y preferencias e intereses de los usuarios de nuestro sitio web<\/li>\n<li>Cualquier otro dato que podamos considerar relevante \u2013 cookies y datos recopilados autom\u00e1ticamente como la direcci\u00f3n IP, identificadores \u00fanicos de dispositivo, tipo de navegador e informaci\u00f3n de seguimiento<\/li>\n<h2>Por Qu\u00e9 Recopilamos Su Informaci\u00f3n Personal<\/h2>\n<p>Recopilamos informaci\u00f3n personal de nuestros clientes para comprender mejor sus necesidades e intereses. Al reunir estos datos, intentamos mejorar nuestros servicios y la experiencia general de usuario en este sitio web. Con esta informaci\u00f3n, podemos ofrecer un servicio localizado y m\u00e1s personalizado a usuarios de diferentes partes del mundo.<\/p>\n<p>Tambi\u00e9n almacenamos estos datos para el mantenimiento de registros internos. Los usamos responsablemente para prop\u00f3sitos limitados y no los vendemos a terceros. Los usos espec\u00edficos incluyen:<\/p>\n<ul>\n<li>Prevenci\u00f3n de actividades ilegales y asistencia a las fuerzas del orden seg\u00fan lo requiera la ley<\/li>\n<li>Provisi\u00f3n de nuestros servicios: los detalles personales pueden usarse para manejar quejas, crear cuentas de usuario, mejorar nuestros productos y ofrecer experiencias personalizadas, etc.<\/li>\n<li>Comunicaci\u00f3n con nuestros clientes: almacenar informaci\u00f3n personal es necesario para mantener una comunicaci\u00f3n con usted, enviarle notificaciones por correo electr\u00f3nico, entre otros.<\/li>\n<\/ul>\n<h2>Seguridad<\/h2>\n<p>Mientras recopilamos tu informaci\u00f3n personal, tu privacidad y seguridad contin\u00faan siendo nuestra principal prioridad y hemos tomado varias medidas para proteger cualquier dato sensible. Se comparte solo con terceros seleccionados y solo para fines limitados. Para prevenir el mal uso, p\u00e9rdida, divulgaci\u00f3n o acceso no autorizado a tus datos, implementamos protocolos de seguridad, incluidos los f\u00edsicos y digitales.<\/p>\n<p>Ten en cuenta que ning\u00fan m\u00e9todo de comunicaci\u00f3n a trav\u00e9s de Internet puede ser totalmente seguro.<\/p>\n<h2>Uso de Cookies<\/h2>\n<p>Las cookies de Internet o del navegador son peque\u00f1os fragmentos de datos recopilados de sitios web y almacenados en la computadora del usuario por el navegador web. Las cookies identifican a los usuarios y les ayudan a ofrecer p\u00e1ginas web personalizadas. Cuando visitas un sitio, se env\u00eda una cookie a tu navegador, que lo guarda para su uso posterior y, cada vez que abres el mismo sitio web nuevamente, la cookie se env\u00eda de vuelta al servidor. Incluye informaci\u00f3n como tus preferencias, as\u00ed como cualquier nombre de usuario y contrase\u00f1a que hayas creado. De esta manera, el sitio web puede proporcionarte una experiencia personalizada: recuerda tu nombre de usuario, las p\u00e1ginas visitadas anteriormente, etc.<\/p>\n<p>En Sportingpedia, utilizamos cookies de registro de tr\u00e1fico para rastrear las p\u00e1ginas m\u00e1s visitadas en nuestro sitio web. Las cookies se almacenan solo por un tiempo limitado y luego se eliminan. Las utilizamos con fines estad\u00edsticos y, aunque son temporales, nos ayudan a mejorar nuestros servicios y ofrecer a los usuarios una experiencia m\u00e1s fluida y personalizada.<\/p>\n<h2>Enlaces a Otras P\u00e1ginas Web<\/h2>\n<p>No somos responsables de la recopilaci\u00f3n de datos por parte de otras p\u00e1ginas, pero podemos incluir enlaces a sitios web de terceros que no est\u00e1n regidos de ninguna manera por esta Pol\u00edtica de Privacidad. Tenga en cuenta que estos sitios tienen sus propias pol\u00edticas en relaci\u00f3n con la privacidad y la seguridad en l\u00ednea, y no tenemos control sobre qu\u00e9 datos recogen, almacenan o comparten sobre usted. Tenga presente que si decide proporcionarles cualquier informaci\u00f3n personal, no podemos ser responsables de su protecci\u00f3n.<\/p>\n","protected":false},"excerpt":{"rendered":"<p>En Sportingpedia nos tomamos muy en serio su privacidad y estamos comprometidos a mantener seguros y bien protegidos los datos personales de nuestros clientes. Esta Pol\u00edtica de Privacidad tiene como objetivo explicar c\u00f3mo recopilamos, usamos, transferimos y divulgamos su informaci\u00f3n personal, por lo que antes de usar nuestro sitio web, le recomendamos que tome un [&hellip;]<\/p>\n","protected":false},"author":1,"featured_media":0,"parent":0,"menu_order":0,"comment_status":"closed","ping_status":"open","template":"page-nosidebar.php","meta":{"footnotes":""},"class_list":["post-118649","page","type-page","status-publish","hentry"],"yoast_head":"<!-- This site is optimized with the Yoast SEO plugin v26.6 - https:\/\/yoast.com\/wordpress\/plugins\/seo\/ -->\n<title>Pol\u00edtica de privacidad - Sportingpedia - Latest Sports News From All Over the World<\/title>\n<meta name=\"robots\" content=\"noindex, follow\" \/>\n<meta property=\"og:locale\" content=\"es_ES\" \/>\n<meta property=\"og:type\" content=\"article\" \/>\n<meta property=\"og:title\" content=\"Pol\u00edtica de privacidad - Sportingpedia - Latest Sports News From All Over the World\" \/>\n<meta property=\"og:description\" content=\"En Sportingpedia nos tomamos muy en serio su privacidad y estamos comprometidos a mantener seguros y bien protegidos los datos personales de nuestros clientes. Esta Pol\u00edtica de Privacidad tiene como objetivo explicar c\u00f3mo recopilamos, usamos, transferimos y divulgamos su informaci\u00f3n personal, por lo que antes de usar nuestro sitio web, le recomendamos que tome un [&hellip;]\" \/>\n<meta property=\"og:url\" content=\"https:\/\/www.sportingpedia.com\/es\/privacy-policy\/\" \/>\n<meta property=\"og:site_name\" content=\"Sportingpedia - Latest Sports News From All Over the World\" \/>\n<meta property=\"article:modified_time\" content=\"2025-05-14T13:26:18+00:00\" \/>\n<meta name=\"twitter:card\" content=\"summary_large_image\" \/>\n<meta name=\"twitter:label1\" content=\"Tiempo de lectura\" \/>\n\t<meta name=\"twitter:data1\" content=\"3 minutos\" \/>\n<script type=\"application\/ld+json\" class=\"yoast-schema-graph\">{\"@context\":\"https:\/\/schema.org\",\"@graph\":[{\"@type\":\"WebPage\",\"@id\":\"https:\/\/www.sportingpedia.com\/es\/privacy-policy\/\",\"url\":\"https:\/\/www.sportingpedia.com\/es\/privacy-policy\/\",\"name\":\"Pol\u00edtica de privacidad - Sportingpedia - Latest Sports News From All Over the World\",\"isPartOf\":{\"@id\":\"https:\/\/www.sportingpedia.com\/es\/#website\"},\"datePublished\":\"2025-04-10T07:59:17+00:00\",\"dateModified\":\"2025-05-14T13:26:18+00:00\",\"breadcrumb\":{\"@id\":\"https:\/\/www.sportingpedia.com\/es\/privacy-policy\/#breadcrumb\"},\"inLanguage\":\"es\",\"potentialAction\":[{\"@type\":\"ReadAction\",\"target\":[\"https:\/\/www.sportingpedia.com\/es\/privacy-policy\/\"]}]},{\"@type\":\"BreadcrumbList\",\"@id\":\"https:\/\/www.sportingpedia.com\/es\/privacy-policy\/#breadcrumb\",\"itemListElement\":[{\"@type\":\"ListItem\",\"position\":1,\"name\":\"Inicio\",\"item\":\"https:\/\/www.sportingpedia.com\/es\/home-2\/\"},{\"@type\":\"ListItem\",\"position\":2,\"name\":\"Pol\u00edtica de privacidad\"}]},{\"@type\":\"WebSite\",\"@id\":\"https:\/\/www.sportingpedia.com\/es\/#website\",\"url\":\"https:\/\/www.sportingpedia.com\/es\/\",\"name\":\"Sportingpedia - Latest Sports News From All Over the World\",\"description\":\"\",\"publisher\":{\"@id\":\"https:\/\/www.sportingpedia.com\/es\/#organization\"},\"potentialAction\":[{\"@type\":\"SearchAction\",\"target\":{\"@type\":\"EntryPoint\",\"urlTemplate\":\"https:\/\/www.sportingpedia.com\/es\/?s={search_term_string}\"},\"query-input\":{\"@type\":\"PropertyValueSpecification\",\"valueRequired\":true,\"valueName\":\"search_term_string\"}}],\"inLanguage\":\"es\"},{\"@type\":\"Organization\",\"@id\":\"https:\/\/www.sportingpedia.com\/es\/#organization\",\"name\":\"SportingPedia\",\"url\":\"https:\/\/www.sportingpedia.com\/es\/\",\"logo\":{\"@type\":\"ImageObject\",\"inLanguage\":\"es\",\"@id\":\"https:\/\/www.sportingpedia.com\/es\/#\/schema\/logo\/image\/\",\"url\":\"https:\/\/www.sportingpedia.com\/wp-content\/uploads\/2019\/10\/SportingPedia_logo.png\",\"contentUrl\":\"https:\/\/www.sportingpedia.com\/wp-content\/uploads\/2019\/10\/SportingPedia_logo.png\",\"width\":600,\"height\":101,\"caption\":\"SportingPedia\"},\"image\":{\"@id\":\"https:\/\/www.sportingpedia.com\/es\/#\/schema\/logo\/image\/\"}}]}<\/script>\n<!-- \/ Yoast SEO plugin. -->","yoast_head_json":{"title":"Pol\u00edtica de privacidad - Sportingpedia - Latest Sports News From All Over the World","robots":{"index":"noindex","follow":"follow"},"og_locale":"es_ES","og_type":"article","og_title":"Pol\u00edtica de privacidad - Sportingpedia - Latest Sports News From All Over the World","og_description":"En Sportingpedia nos tomamos muy en serio su privacidad y estamos comprometidos a mantener seguros y bien protegidos los datos personales de nuestros clientes. Esta Pol\u00edtica de Privacidad tiene como objetivo explicar c\u00f3mo recopilamos, usamos, transferimos y divulgamos su informaci\u00f3n personal, por lo que antes de usar nuestro sitio web, le recomendamos que tome un [&hellip;]","og_url":"https:\/\/www.sportingpedia.com\/es\/privacy-policy\/","og_site_name":"Sportingpedia - Latest Sports News From All Over the World","article_modified_time":"2025-05-14T13:26:18+00:00","twitter_card":"summary_large_image","twitter_misc":{"Tiempo de lectura":"3 minutos"},"schema":{"@context":"https:\/\/schema.org","@graph":[{"@type":"WebPage","@id":"https:\/\/www.sportingpedia.com\/es\/privacy-policy\/","url":"https:\/\/www.sportingpedia.com\/es\/privacy-policy\/","name":"Pol\u00edtica de privacidad - Sportingpedia - Latest Sports News From All Over the World","isPartOf":{"@id":"https:\/\/www.sportingpedia.com\/es\/#website"},"datePublished":"2025-04-10T07:59:17+00:00","dateModified":"2025-05-14T13:26:18+00:00","breadcrumb":{"@id":"https:\/\/www.sportingpedia.com\/es\/privacy-policy\/#breadcrumb"},"inLanguage":"es","potentialAction":[{"@type":"ReadAction","target":["https:\/\/www.sportingpedia.com\/es\/privacy-policy\/"]}]},{"@type":"BreadcrumbList","@id":"https:\/\/www.sportingpedia.com\/es\/privacy-policy\/#breadcrumb","itemListElement":[{"@type":"ListItem","position":1,"name":"Inicio","item":"https:\/\/www.sportingpedia.com\/es\/home-2\/"},{"@type":"ListItem","position":2,"name":"Pol\u00edtica de privacidad"}]},{"@type":"WebSite","@id":"https:\/\/www.sportingpedia.com\/es\/#website","url":"https:\/\/www.sportingpedia.com\/es\/","name":"Sportingpedia - Latest Sports News From All Over the World","description":"","publisher":{"@id":"https:\/\/www.sportingpedia.com\/es\/#organization"},"potentialAction":[{"@type":"SearchAction","target":{"@type":"EntryPoint","urlTemplate":"https:\/\/www.sportingpedia.com\/es\/?s={search_term_string}"},"query-input":{"@type":"PropertyValueSpecification","valueRequired":true,"valueName":"search_term_string"}}],"inLanguage":"es"},{"@type":"Organization","@id":"https:\/\/www.sportingpedia.com\/es\/#organization","name":"SportingPedia","url":"https:\/\/www.sportingpedia.com\/es\/","logo":{"@type":"ImageObject","inLanguage":"es","@id":"https:\/\/www.sportingpedia.com\/es\/#\/schema\/logo\/image\/","url":"https:\/\/www.sportingpedia.com\/wp-content\/uploads\/2019\/10\/SportingPedia_logo.png","contentUrl":"https:\/\/www.sportingpedia.com\/wp-content\/uploads\/2019\/10\/SportingPedia_logo.png","width":600,"height":101,"caption":"SportingPedia"},"image":{"@id":"https:\/\/www.sportingpedia.com\/es\/#\/schema\/logo\/image\/"}}]}},"_links":{"self":[{"href":"https:\/\/www.sportingpedia.com\/es\/wp-json\/wp\/v2\/pages\/118649","targetHints":{"allow":["GET"]}}],"collection":[{"href":"https:\/\/www.sportingpedia.com\/es\/wp-json\/wp\/v2\/pages"}],"about":[{"href":"https:\/\/www.sportingpedia.com\/es\/wp-json\/wp\/v2\/types\/page"}],"author":[{"embeddable":true,"href":"https:\/\/www.sportingpedia.com\/es\/wp-json\/wp\/v2\/users\/1"}],"replies":[{"embeddable":true,"href":"https:\/\/www.sportingpedia.com\/es\/wp-json\/wp\/v2\/comments?post=118649"}],"version-history":[{"count":1,"href":"https:\/\/www.sportingpedia.com\/es\/wp-json\/wp\/v2\/pages\/118649\/revisions"}],"predecessor-version":[{"id":124221,"href":"https:\/\/www.sportingpedia.com\/es\/wp-json\/wp\/v2\/pages\/118649\/revisions\/124221"}],"wp:attachment":[{"href":"https:\/\/www.sportingpedia.com\/es\/wp-json\/wp\/v2\/media?parent=118649"}],"curies":[{"name":"wp","href":"https:\/\/api.w.org\/{rel}","templated":true}]}}