{"id":118650,"date":"2025-04-10T07:59:17","date_gmt":"2025-04-10T07:59:17","guid":{"rendered":"https:\/\/www.sportingpedia.com\/?page_id=118650"},"modified":"2025-11-17T12:35:27","modified_gmt":"2025-11-17T12:35:27","slug":"about-us","status":"publish","type":"page","link":"https:\/\/www.sportingpedia.com\/es\/about-us\/","title":{"rendered":"Acerca de nosotros"},"content":{"rendered":"<p>SportingPedia.com es un ambicioso proyecto lanzado a finales de 2017, cuyo objetivo es ofrecer cobertura diaria de los acontecimientos y novedades de las principales ligas deportivas. Nuestro equipo de periodistas suma d\u00e9cadas de experiencia en el seguimiento y la cobertura del mundo del deporte.<\/p>\n<p>Los lectores de SportingPedia.com pueden encontrar art\u00edculos de noticias diarios centrados en las historias m\u00e1s relevantes de distintos deportes, as\u00ed como reportajes destacados y editoriales, los cuales ofrecen informaci\u00f3n detallada sobre disciplinas y temas de inter\u00e9s para cualquier aficionado. Adem\u00e1s, los seguidores del deporte pueden consultar los resultados m\u00e1s recientes y las clasificaciones de las principales ligas.<\/p>\n<div class=\"meet-team-title\">Conoce al equipo<\/div>\n<div class=\"author-box\">\n<div class=\"author-img\"><img decoding=\"async\" src=\"https:\/\/www.sportingpedia.com\/wp-content\/uploads\/2024\/09\/pavel-kateliev.jpeg\" style=\"border-radius: 50%\" alt=\"Pavel Kateliev - Autor Deportes Europeos\" width=\"166\" height=\"167\" class=\"aligncenter\" \/><\/div>\n<p><span class=\"author-name\"><a href=\"https:\/\/www.sportingpedia.com\/es\/meet-the-team\/pavel-kateliev\/\">Pavel Kateliev<\/a><\/span> <span>Autor Deportes Europeos <a target=\"_blank\" href=\"https:\/\/www.linkedin.com\/in\/pavelkateliev\/\" rel=\"noopener nofollow\"><img decoding=\"async\" width=\"25\" src=\"https:\/\/www.sportingpedia.com\/wp-content\/uploads\/2024\/09\/icon-linkedin.svg\" alt=\"Pavel Kateliev - Perfil de Linkedin\" \/><\/a><\/span><\/p>\n<p>Pavel Kateliev es un periodista deportivo muy conocido, especializado en f\u00fatbol, baloncesto, tenis y hockey. Escribe a diario para SportingPedia y su trabajo ha sido traducido a m\u00e1s de 20 idiomas y publicado en medios de referencia como BBC, Yahoo, MCN, The Sun y Evening News, en italiano, ingl\u00e9s, espa\u00f1ol y portugu\u00e9s.<\/p>\n<\/div>\n<div class=\"author-box\">\n<div class=\"author-img\"><img decoding=\"async\" src=\"https:\/\/www.sportingpedia.com\/wp-content\/uploads\/2018\/07\/earl.png\" alt=\"Earl Campbell - Autor Deportes Americanos\" width=\"166\" height=\"167\" class=\"aligncenter\" \/><\/div>\n<p><span class=\"author-name\"><a href=\"https:\/\/www.sportingpedia.com\/es\/meet-the-team\/earl-campbell\/\">Earl Campbell<\/a><\/span> <span>Autor Deportes Americanos <a target=\"_blank\" href=\"https:\/\/www.linkedin.com\/in\/earl-campbell-57545417\/\" rel=\"noopener nofollow\"><img decoding=\"async\" width=\"25\" src=\"https:\/\/www.sportingpedia.com\/wp-content\/uploads\/2024\/09\/icon-linkedin.svg\" alt=\"Earl Campbell - Perfil de Linkedin\" \/><\/a><\/span><\/p>\n<p>Earl Campbell es un reconocido periodista deportivo especializado en f\u00fatbol americano, la NBA, tenis y hockey. Colabora a diario con SportingPedia y numerosos art\u00edculos suyos se han publicado en medios destacados como BBC, Yahoo, MCN, The Sun y Evening News, en italiano, ingl\u00e9s, espa\u00f1ol y portugu\u00e9s.<\/p>\n<\/div>\n<div class=\"author-box\">\n<div class=\"author-img\"><img decoding=\"async\" src=\"https:\/\/www.sportingpedia.com\/wp-content\/uploads\/2018\/07\/rodney.png\" alt=\"Rodney Knuppel - Autor Deportes Americanos\" width=\"166\" height=\"167\" class=\"aligncenter\" \/><\/div>\n<p><span class=\"author-name\"><a href=\"https:\/\/www.sportingpedia.com\/es\/meet-the-team\/rodney-knuppel\/\">Rodney Knuppel<\/a><\/span> <span>Autor Deportes Americanos <a target=\"_blank\" href=\"https:\/\/www.linkedin.com\/in\/rodney-knuppel-ab7074182\/\" rel=\"noopener nofollow\"><img decoding=\"async\" width=\"25\" src=\"https:\/\/www.sportingpedia.com\/wp-content\/uploads\/2024\/09\/icon-linkedin.svg\" alt=\"Rodney Knuppel - Perfil de Linkedin\" \/><\/a><\/span><\/p>\n<p>Rodney Knuppel escribe sobre f\u00fatbol americano, b\u00e9isbol y la NBA. Practic\u00f3 baloncesto desde muy joven y ahora se dedica a la investigaci\u00f3n y la redacci\u00f3n. Es un gran aficionado al baloncesto de los Kansas Jayhawks.<\/p>\n<\/div>\n<div class=\"author-box\">\n<div class=\"author-img\"><img decoding=\"async\" src=\"https:\/\/www.sportingpedia.com\/wp-content\/uploads\/2024\/09\/aiden-beswick.jpg\" style=\"border-radius: 50%\" alt=\"Aiden Beswick - Autor F\u00fatbol y EPL\" width=\"166\" height=\"167\" class=\"aligncenter\" \/><\/div>\n<p><span class=\"author-name\"><a href=\"https:\/\/www.sportingpedia.com\/es\/meet-the-team\/aiden-beswick\/\">Aiden Beswick<\/a><\/span> <span>Autor F\u00fatbol y EPL <a target=\"_blank\" href=\"https:\/\/www.linkedin.com\/in\/aiden-beswick-78b4bb13b\/\" rel=\"noopener nofollow\"><img decoding=\"async\" width=\"25\" src=\"https:\/\/www.sportingpedia.com\/wp-content\/uploads\/2024\/09\/icon-linkedin.svg\" alt=\"Aiden Beswick - Perfil de Linkedin\" \/><\/a><\/span><\/p>\n<p>Aiden Beswick es un periodista deportivo que cubre principalmente la Premier League. Es un gran seguidor del Manchester United, la WWE y la AEW. Actualmente trabaja como oficial de soporte de medios en la Polic\u00eda de Greater Manchester y como oficial de medios en Wythenshawe FC.<\/p>\n<\/div>\n<div class=\"author-box\">\n<div class=\"author-img\"><img decoding=\"async\" src=\"https:\/\/www.sportingpedia.com\/wp-content\/uploads\/2018\/07\/ryan.png\" alt=\"Ryan Knuppel - Autor MLB\" width=\"166\" height=\"167\" class=\"aligncenter\" \/><\/div>\n<p><span class=\"author-name\" style=\"color: #ff624a\">Ryan Knuppel<\/span> <span>Autor MLB <a target=\"_blank\" href=\"https:\/\/www.linkedin.com\/in\/ryanknuppel\" rel=\"noopener nofollow\"><img decoding=\"async\" width=\"25\" src=\"https:\/\/www.sportingpedia.com\/wp-content\/uploads\/2024\/09\/icon-linkedin.svg\" alt=\"Ryan Knuppel - Perfil de Linkedin\" \/><\/a><\/span><\/p>\n<p>Ryan es aficionado al b\u00e9isbol desde peque\u00f1o. En los \u00faltimos a\u00f1os ha escrito miles de art\u00edculos sobre casi todos los aspectos de este deporte. Es un apasionado seguidor de los St. Louis Cardinals y \u00a1proporcionar\u00e1 noticias diarias de la MLB aqu\u00ed en SportingPedia.com!<\/p>\n<\/div>\n","protected":false},"excerpt":{"rendered":"<p>SportingPedia.com es un ambicioso proyecto lanzado a finales de 2017, cuyo objetivo es ofrecer cobertura diaria de los acontecimientos y novedades de las principales ligas deportivas. Nuestro equipo de periodistas suma d\u00e9cadas de experiencia en el seguimiento y la cobertura del mundo del deporte. Los lectores de SportingPedia.com pueden encontrar art\u00edculos de noticias diarios centrados [&hellip;]<\/p>\n","protected":false},"author":1,"featured_media":0,"parent":0,"menu_order":0,"comment_status":"closed","ping_status":"closed","template":"page-nosidebar.php","meta":{"footnotes":""},"class_list":["post-118650","page","type-page","status-publish","hentry"],"yoast_head":"<!-- This site is optimized with the Yoast SEO plugin v26.6 - https:\/\/yoast.com\/wordpress\/plugins\/seo\/ -->\n<title>Acerca de nosotros - Sportingpedia - Latest Sports News From All Over the World<\/title>\n<meta name=\"robots\" content=\"noindex, follow\" \/>\n<meta property=\"og:locale\" content=\"es_ES\" \/>\n<meta property=\"og:type\" content=\"article\" \/>\n<meta property=\"og:title\" content=\"Acerca de nosotros - Sportingpedia - Latest Sports News From All Over the World\" \/>\n<meta property=\"og:description\" content=\"SportingPedia.com es un ambicioso proyecto lanzado a finales de 2017, cuyo objetivo es ofrecer cobertura diaria de los acontecimientos y novedades de las principales ligas deportivas. Nuestro equipo de periodistas suma d\u00e9cadas de experiencia en el seguimiento y la cobertura del mundo del deporte. Los lectores de SportingPedia.com pueden encontrar art\u00edculos de noticias diarios centrados [&hellip;]\" \/>\n<meta property=\"og:url\" content=\"https:\/\/www.sportingpedia.com\/es\/about-us\/\" \/>\n<meta property=\"og:site_name\" content=\"Sportingpedia - Latest Sports News From All Over the World\" \/>\n<meta property=\"article:modified_time\" content=\"2025-11-17T12:35:27+00:00\" \/>\n<meta property=\"og:image\" content=\"https:\/\/www.sportingpedia.com\/wp-content\/uploads\/2024\/09\/pavel-kateliev.jpeg\" \/>\n<meta name=\"twitter:card\" content=\"summary_large_image\" \/>\n<meta name=\"twitter:label1\" content=\"Tiempo de lectura\" \/>\n\t<meta name=\"twitter:data1\" content=\"4 minutos\" \/>\n<script type=\"application\/ld+json\" class=\"yoast-schema-graph\">{\"@context\":\"https:\/\/schema.org\",\"@graph\":[{\"@type\":\"WebPage\",\"@id\":\"https:\/\/www.sportingpedia.com\/es\/about-us\/\",\"url\":\"https:\/\/www.sportingpedia.com\/es\/about-us\/\",\"name\":\"Acerca de nosotros - Sportingpedia - Latest Sports News From All Over the World\",\"isPartOf\":{\"@id\":\"https:\/\/www.sportingpedia.com\/es\/#website\"},\"primaryImageOfPage\":{\"@id\":\"https:\/\/www.sportingpedia.com\/es\/about-us\/#primaryimage\"},\"image\":{\"@id\":\"https:\/\/www.sportingpedia.com\/es\/about-us\/#primaryimage\"},\"thumbnailUrl\":\"https:\/\/www.sportingpedia.com\/wp-content\/uploads\/2024\/09\/pavel-kateliev.jpeg\",\"datePublished\":\"2025-04-10T07:59:17+00:00\",\"dateModified\":\"2025-11-17T12:35:27+00:00\",\"breadcrumb\":{\"@id\":\"https:\/\/www.sportingpedia.com\/es\/about-us\/#breadcrumb\"},\"inLanguage\":\"es\",\"potentialAction\":[{\"@type\":\"ReadAction\",\"target\":[\"https:\/\/www.sportingpedia.com\/es\/about-us\/\"]}]},{\"@type\":\"ImageObject\",\"inLanguage\":\"es\",\"@id\":\"https:\/\/www.sportingpedia.com\/es\/about-us\/#primaryimage\",\"url\":\"https:\/\/www.sportingpedia.com\/wp-content\/uploads\/2024\/09\/pavel-kateliev.jpeg\",\"contentUrl\":\"https:\/\/www.sportingpedia.com\/wp-content\/uploads\/2024\/09\/pavel-kateliev.jpeg\"},{\"@type\":\"BreadcrumbList\",\"@id\":\"https:\/\/www.sportingpedia.com\/es\/about-us\/#breadcrumb\",\"itemListElement\":[{\"@type\":\"ListItem\",\"position\":1,\"name\":\"Inicio\",\"item\":\"https:\/\/www.sportingpedia.com\/es\/home-2\/\"},{\"@type\":\"ListItem\",\"position\":2,\"name\":\"Acerca de nosotros\"}]},{\"@type\":\"WebSite\",\"@id\":\"https:\/\/www.sportingpedia.com\/es\/#website\",\"url\":\"https:\/\/www.sportingpedia.com\/es\/\",\"name\":\"Sportingpedia - Latest Sports News From All Over the World\",\"description\":\"\",\"publisher\":{\"@id\":\"https:\/\/www.sportingpedia.com\/es\/#organization\"},\"potentialAction\":[{\"@type\":\"SearchAction\",\"target\":{\"@type\":\"EntryPoint\",\"urlTemplate\":\"https:\/\/www.sportingpedia.com\/es\/?s={search_term_string}\"},\"query-input\":{\"@type\":\"PropertyValueSpecification\",\"valueRequired\":true,\"valueName\":\"search_term_string\"}}],\"inLanguage\":\"es\"},{\"@type\":\"Organization\",\"@id\":\"https:\/\/www.sportingpedia.com\/es\/#organization\",\"name\":\"SportingPedia\",\"url\":\"https:\/\/www.sportingpedia.com\/es\/\",\"logo\":{\"@type\":\"ImageObject\",\"inLanguage\":\"es\",\"@id\":\"https:\/\/www.sportingpedia.com\/es\/#\/schema\/logo\/image\/\",\"url\":\"https:\/\/www.sportingpedia.com\/wp-content\/uploads\/2019\/10\/SportingPedia_logo.png\",\"contentUrl\":\"https:\/\/www.sportingpedia.com\/wp-content\/uploads\/2019\/10\/SportingPedia_logo.png\",\"width\":600,\"height\":101,\"caption\":\"SportingPedia\"},\"image\":{\"@id\":\"https:\/\/www.sportingpedia.com\/es\/#\/schema\/logo\/image\/\"}}]}<\/script>\n<!-- \/ Yoast SEO plugin. -->","yoast_head_json":{"title":"Acerca de nosotros - Sportingpedia - Latest Sports News From All Over the World","robots":{"index":"noindex","follow":"follow"},"og_locale":"es_ES","og_type":"article","og_title":"Acerca de nosotros - Sportingpedia - Latest Sports News From All Over the World","og_description":"SportingPedia.com es un ambicioso proyecto lanzado a finales de 2017, cuyo objetivo es ofrecer cobertura diaria de los acontecimientos y novedades de las principales ligas deportivas. Nuestro equipo de periodistas suma d\u00e9cadas de experiencia en el seguimiento y la cobertura del mundo del deporte. Los lectores de SportingPedia.com pueden encontrar art\u00edculos de noticias diarios centrados [&hellip;]","og_url":"https:\/\/www.sportingpedia.com\/es\/about-us\/","og_site_name":"Sportingpedia - Latest Sports News From All Over the World","article_modified_time":"2025-11-17T12:35:27+00:00","og_image":[{"url":"https:\/\/www.sportingpedia.com\/wp-content\/uploads\/2024\/09\/pavel-kateliev.jpeg","type":"","width":"","height":""}],"twitter_card":"summary_large_image","twitter_misc":{"Tiempo de lectura":"4 minutos"},"schema":{"@context":"https:\/\/schema.org","@graph":[{"@type":"WebPage","@id":"https:\/\/www.sportingpedia.com\/es\/about-us\/","url":"https:\/\/www.sportingpedia.com\/es\/about-us\/","name":"Acerca de nosotros - Sportingpedia - Latest Sports News From All Over the World","isPartOf":{"@id":"https:\/\/www.sportingpedia.com\/es\/#website"},"primaryImageOfPage":{"@id":"https:\/\/www.sportingpedia.com\/es\/about-us\/#primaryimage"},"image":{"@id":"https:\/\/www.sportingpedia.com\/es\/about-us\/#primaryimage"},"thumbnailUrl":"https:\/\/www.sportingpedia.com\/wp-content\/uploads\/2024\/09\/pavel-kateliev.jpeg","datePublished":"2025-04-10T07:59:17+00:00","dateModified":"2025-11-17T12:35:27+00:00","breadcrumb":{"@id":"https:\/\/www.sportingpedia.com\/es\/about-us\/#breadcrumb"},"inLanguage":"es","potentialAction":[{"@type":"ReadAction","target":["https:\/\/www.sportingpedia.com\/es\/about-us\/"]}]},{"@type":"ImageObject","inLanguage":"es","@id":"https:\/\/www.sportingpedia.com\/es\/about-us\/#primaryimage","url":"https:\/\/www.sportingpedia.com\/wp-content\/uploads\/2024\/09\/pavel-kateliev.jpeg","contentUrl":"https:\/\/www.sportingpedia.com\/wp-content\/uploads\/2024\/09\/pavel-kateliev.jpeg"},{"@type":"BreadcrumbList","@id":"https:\/\/www.sportingpedia.com\/es\/about-us\/#breadcrumb","itemListElement":[{"@type":"ListItem","position":1,"name":"Inicio","item":"https:\/\/www.sportingpedia.com\/es\/home-2\/"},{"@type":"ListItem","position":2,"name":"Acerca de nosotros"}]},{"@type":"WebSite","@id":"https:\/\/www.sportingpedia.com\/es\/#website","url":"https:\/\/www.sportingpedia.com\/es\/","name":"Sportingpedia - Latest Sports News From All Over the World","description":"","publisher":{"@id":"https:\/\/www.sportingpedia.com\/es\/#organization"},"potentialAction":[{"@type":"SearchAction","target":{"@type":"EntryPoint","urlTemplate":"https:\/\/www.sportingpedia.com\/es\/?s={search_term_string}"},"query-input":{"@type":"PropertyValueSpecification","valueRequired":true,"valueName":"search_term_string"}}],"inLanguage":"es"},{"@type":"Organization","@id":"https:\/\/www.sportingpedia.com\/es\/#organization","name":"SportingPedia","url":"https:\/\/www.sportingpedia.com\/es\/","logo":{"@type":"ImageObject","inLanguage":"es","@id":"https:\/\/www.sportingpedia.com\/es\/#\/schema\/logo\/image\/","url":"https:\/\/www.sportingpedia.com\/wp-content\/uploads\/2019\/10\/SportingPedia_logo.png","contentUrl":"https:\/\/www.sportingpedia.com\/wp-content\/uploads\/2019\/10\/SportingPedia_logo.png","width":600,"height":101,"caption":"SportingPedia"},"image":{"@id":"https:\/\/www.sportingpedia.com\/es\/#\/schema\/logo\/image\/"}}]}},"_links":{"self":[{"href":"https:\/\/www.sportingpedia.com\/es\/wp-json\/wp\/v2\/pages\/118650","targetHints":{"allow":["GET"]}}],"collection":[{"href":"https:\/\/www.sportingpedia.com\/es\/wp-json\/wp\/v2\/pages"}],"about":[{"href":"https:\/\/www.sportingpedia.com\/es\/wp-json\/wp\/v2\/types\/page"}],"author":[{"embeddable":true,"href":"https:\/\/www.sportingpedia.com\/es\/wp-json\/wp\/v2\/users\/1"}],"replies":[{"embeddable":true,"href":"https:\/\/www.sportingpedia.com\/es\/wp-json\/wp\/v2\/comments?post=118650"}],"version-history":[{"count":3,"href":"https:\/\/www.sportingpedia.com\/es\/wp-json\/wp\/v2\/pages\/118650\/revisions"}],"predecessor-version":[{"id":146391,"href":"https:\/\/www.sportingpedia.com\/es\/wp-json\/wp\/v2\/pages\/118650\/revisions\/146391"}],"wp:attachment":[{"href":"https:\/\/www.sportingpedia.com\/es\/wp-json\/wp\/v2\/media?parent=118650"}],"curies":[{"name":"wp","href":"https:\/\/api.w.org\/{rel}","templated":true}]}}