{"id":118651,"date":"2025-04-10T07:59:17","date_gmt":"2025-04-10T07:59:17","guid":{"rendered":"https:\/\/www.sportingpedia.com\/?page_id=118651"},"modified":"2025-05-14T13:27:29","modified_gmt":"2025-05-14T13:27:29","slug":"terms-and-conditions","status":"publish","type":"page","link":"https:\/\/www.sportingpedia.com\/es\/terms-and-conditions\/","title":{"rendered":"T\u00e9rminos y Condiciones"},"content":{"rendered":"<p>Al acceder al sitio web de www.sportingpedia.com, aceptas autom\u00e1ticamente los siguientes T\u00e9rminos y Condiciones. Por favor, l\u00e9elos detenidamente, ya que esto te ayudar\u00e1 a obtener informaci\u00f3n detallada sobre el sitio web.<\/p>\n<h2>Accediendo al Sitio Web<\/h2>\n<p>Al acceder al sitio web, aceptas autom\u00e1ticamente que Sportingpedia no puede ser considerado responsable por cualquier error potencial, omisiones, da\u00f1os, etc. que puedan ocurrir despu\u00e9s de usar el contenido disponible en este sitio web. Tambi\u00e9n aceptas que tomar\u00e1s en consideraci\u00f3n el posible riesgo relacionado con el contenido publicado en el sitio web. Ser\u00e1s el \u00fanico responsable de cualquier riesgo relacionado con la integridad, utilidad y precisi\u00f3n de la informaci\u00f3n disponible en el sitio web.<\/p>\n<p>Es tu obligaci\u00f3n verificar si el juego en l\u00ednea es legal dentro de la jurisdicci\u00f3n de tu pa\u00eds de residencia actual.<\/p>\n<h2>Restricci\u00f3n de Edad<\/h2>\n<p>Debes tener en cuenta que el sitio web de Sportingpedia no debe ser accesado por personas menores de edad. Debes tener al menos 18 a\u00f1os de edad para leer el contenido del sitio web. La restricci\u00f3n de edad puede ser mayor, seg\u00fan la jurisdicci\u00f3n en la que residas y debes cumplir con ella.<\/p>\n<h2>Pol\u00edtica de Privacidad<\/h2>\n<p>Aseg\u00farese de familiarizarse con la Pol\u00edtica de Privacidad del sitio web que se puede encontrar en <a href=\"https:\/\/www.sportingpedia.com\/es\/privacy-policy\/\">www.sportingpedia.com\/es\/privacy-policy\/<\/a><\/p>\n<h2>Descargo de responsabilidad de garant\u00edas y limitaci\u00f3n de responsabilidad<\/h2>\n<p>Sportingpedia no se hace responsable de ninguna garant\u00eda, ya sea expresada o impl\u00edcita, que cubra el contenido, los datos y el material que se publican en el sitio web. Por lo tanto, Sportingpedia rechaza todas las garant\u00edas impl\u00edcitas y expresadas en la medida en que lo permita la ley aplicable.<\/p>\n<p>Adem\u00e1s de eso, Sportingpedia no se hace responsable de ning\u00fan problema que pueda surgir debido al uso o a la imposibilidad de usar el sitio web. De este modo, los usuarios aceptan que est\u00e1n accediendo al sitio web bajo su propio riesgo.<\/p>\n<h2>Cambios en los T\u00e9rminos y Condiciones<\/h2>\n<p>Sportingpedia se reserva el derecho exclusivo de alterar o modificar sus T\u00e9rminos y Condiciones en cualquier momento sin previo aviso. Por esta raz\u00f3n, se recomienda a los usuarios que revisen regularmente la p\u00e1gina de T\u00e9rminos y Condiciones del sitio web para ver si hay cambios. Si se producen alteraciones y usted contin\u00faa usando el sitio web, esto se considerar\u00e1 como un acuerdo con los nuevos y revisados T\u00e9rminos y Condiciones de Sportingpedia.<\/p>\n<h2>Cont\u00e1ctanos<\/h2>\n<p>Siempre puedes contactarnos si tienes alguna pregunta sobre nuestros T\u00e9rminos y Condiciones o si deseas darnos alguna opini\u00f3n. Puedes hacerlo visitando nuestra <a href=\"https:\/\/www.sportingpedia.com\/es\/contact-us\/\">p\u00e1gina de contacto<\/a>.<\/p>\n","protected":false},"excerpt":{"rendered":"<p>Al acceder al sitio web de www.sportingpedia.com, aceptas autom\u00e1ticamente los siguientes T\u00e9rminos y Condiciones. Por favor, l\u00e9elos detenidamente, ya que esto te ayudar\u00e1 a obtener informaci\u00f3n detallada sobre el sitio web. Accediendo al Sitio Web Al acceder al sitio web, aceptas autom\u00e1ticamente que Sportingpedia no puede ser considerado responsable por cualquier error potencial, omisiones, da\u00f1os, [&hellip;]<\/p>\n","protected":false},"author":1,"featured_media":0,"parent":0,"menu_order":0,"comment_status":"closed","ping_status":"closed","template":"page-nosidebar.php","meta":{"footnotes":""},"class_list":["post-118651","page","type-page","status-publish","hentry"],"yoast_head":"<!-- This site is optimized with the Yoast SEO plugin v26.6 - https:\/\/yoast.com\/wordpress\/plugins\/seo\/ -->\n<title>T\u00e9rminos y Condiciones - Sportingpedia - Latest Sports News From All Over the World<\/title>\n<meta name=\"robots\" content=\"noindex, follow\" \/>\n<meta property=\"og:locale\" content=\"es_ES\" \/>\n<meta property=\"og:type\" content=\"article\" \/>\n<meta property=\"og:title\" content=\"T\u00e9rminos y Condiciones - Sportingpedia - Latest Sports News From All Over the World\" \/>\n<meta property=\"og:description\" content=\"Al acceder al sitio web de www.sportingpedia.com, aceptas autom\u00e1ticamente los siguientes T\u00e9rminos y Condiciones. Por favor, l\u00e9elos detenidamente, ya que esto te ayudar\u00e1 a obtener informaci\u00f3n detallada sobre el sitio web. Accediendo al Sitio Web Al acceder al sitio web, aceptas autom\u00e1ticamente que Sportingpedia no puede ser considerado responsable por cualquier error potencial, omisiones, da\u00f1os, [&hellip;]\" \/>\n<meta property=\"og:url\" content=\"https:\/\/www.sportingpedia.com\/es\/terms-and-conditions\/\" \/>\n<meta property=\"og:site_name\" content=\"Sportingpedia - Latest Sports News From All Over the World\" \/>\n<meta property=\"article:modified_time\" content=\"2025-05-14T13:27:29+00:00\" \/>\n<meta name=\"twitter:card\" content=\"summary_large_image\" \/>\n<meta name=\"twitter:label1\" content=\"Tiempo de lectura\" \/>\n\t<meta name=\"twitter:data1\" content=\"2 minutos\" \/>\n<script type=\"application\/ld+json\" class=\"yoast-schema-graph\">{\"@context\":\"https:\/\/schema.org\",\"@graph\":[{\"@type\":\"WebPage\",\"@id\":\"https:\/\/www.sportingpedia.com\/es\/terms-and-conditions\/\",\"url\":\"https:\/\/www.sportingpedia.com\/es\/terms-and-conditions\/\",\"name\":\"T\u00e9rminos y Condiciones - Sportingpedia - Latest Sports News From All Over the World\",\"isPartOf\":{\"@id\":\"https:\/\/www.sportingpedia.com\/es\/#website\"},\"datePublished\":\"2025-04-10T07:59:17+00:00\",\"dateModified\":\"2025-05-14T13:27:29+00:00\",\"breadcrumb\":{\"@id\":\"https:\/\/www.sportingpedia.com\/es\/terms-and-conditions\/#breadcrumb\"},\"inLanguage\":\"es\",\"potentialAction\":[{\"@type\":\"ReadAction\",\"target\":[\"https:\/\/www.sportingpedia.com\/es\/terms-and-conditions\/\"]}]},{\"@type\":\"BreadcrumbList\",\"@id\":\"https:\/\/www.sportingpedia.com\/es\/terms-and-conditions\/#breadcrumb\",\"itemListElement\":[{\"@type\":\"ListItem\",\"position\":1,\"name\":\"Inicio\",\"item\":\"https:\/\/www.sportingpedia.com\/es\/home-2\/\"},{\"@type\":\"ListItem\",\"position\":2,\"name\":\"T\u00e9rminos y Condiciones\"}]},{\"@type\":\"WebSite\",\"@id\":\"https:\/\/www.sportingpedia.com\/es\/#website\",\"url\":\"https:\/\/www.sportingpedia.com\/es\/\",\"name\":\"Sportingpedia - Latest Sports News From All Over the World\",\"description\":\"\",\"publisher\":{\"@id\":\"https:\/\/www.sportingpedia.com\/es\/#organization\"},\"potentialAction\":[{\"@type\":\"SearchAction\",\"target\":{\"@type\":\"EntryPoint\",\"urlTemplate\":\"https:\/\/www.sportingpedia.com\/es\/?s={search_term_string}\"},\"query-input\":{\"@type\":\"PropertyValueSpecification\",\"valueRequired\":true,\"valueName\":\"search_term_string\"}}],\"inLanguage\":\"es\"},{\"@type\":\"Organization\",\"@id\":\"https:\/\/www.sportingpedia.com\/es\/#organization\",\"name\":\"SportingPedia\",\"url\":\"https:\/\/www.sportingpedia.com\/es\/\",\"logo\":{\"@type\":\"ImageObject\",\"inLanguage\":\"es\",\"@id\":\"https:\/\/www.sportingpedia.com\/es\/#\/schema\/logo\/image\/\",\"url\":\"https:\/\/www.sportingpedia.com\/wp-content\/uploads\/2019\/10\/SportingPedia_logo.png\",\"contentUrl\":\"https:\/\/www.sportingpedia.com\/wp-content\/uploads\/2019\/10\/SportingPedia_logo.png\",\"width\":600,\"height\":101,\"caption\":\"SportingPedia\"},\"image\":{\"@id\":\"https:\/\/www.sportingpedia.com\/es\/#\/schema\/logo\/image\/\"}}]}<\/script>\n<!-- \/ Yoast SEO plugin. -->","yoast_head_json":{"title":"T\u00e9rminos y Condiciones - Sportingpedia - Latest Sports News From All Over the World","robots":{"index":"noindex","follow":"follow"},"og_locale":"es_ES","og_type":"article","og_title":"T\u00e9rminos y Condiciones - Sportingpedia - Latest Sports News From All Over the World","og_description":"Al acceder al sitio web de www.sportingpedia.com, aceptas autom\u00e1ticamente los siguientes T\u00e9rminos y Condiciones. Por favor, l\u00e9elos detenidamente, ya que esto te ayudar\u00e1 a obtener informaci\u00f3n detallada sobre el sitio web. Accediendo al Sitio Web Al acceder al sitio web, aceptas autom\u00e1ticamente que Sportingpedia no puede ser considerado responsable por cualquier error potencial, omisiones, da\u00f1os, [&hellip;]","og_url":"https:\/\/www.sportingpedia.com\/es\/terms-and-conditions\/","og_site_name":"Sportingpedia - Latest Sports News From All Over the World","article_modified_time":"2025-05-14T13:27:29+00:00","twitter_card":"summary_large_image","twitter_misc":{"Tiempo de lectura":"2 minutos"},"schema":{"@context":"https:\/\/schema.org","@graph":[{"@type":"WebPage","@id":"https:\/\/www.sportingpedia.com\/es\/terms-and-conditions\/","url":"https:\/\/www.sportingpedia.com\/es\/terms-and-conditions\/","name":"T\u00e9rminos y Condiciones - Sportingpedia - Latest Sports News From All Over the World","isPartOf":{"@id":"https:\/\/www.sportingpedia.com\/es\/#website"},"datePublished":"2025-04-10T07:59:17+00:00","dateModified":"2025-05-14T13:27:29+00:00","breadcrumb":{"@id":"https:\/\/www.sportingpedia.com\/es\/terms-and-conditions\/#breadcrumb"},"inLanguage":"es","potentialAction":[{"@type":"ReadAction","target":["https:\/\/www.sportingpedia.com\/es\/terms-and-conditions\/"]}]},{"@type":"BreadcrumbList","@id":"https:\/\/www.sportingpedia.com\/es\/terms-and-conditions\/#breadcrumb","itemListElement":[{"@type":"ListItem","position":1,"name":"Inicio","item":"https:\/\/www.sportingpedia.com\/es\/home-2\/"},{"@type":"ListItem","position":2,"name":"T\u00e9rminos y Condiciones"}]},{"@type":"WebSite","@id":"https:\/\/www.sportingpedia.com\/es\/#website","url":"https:\/\/www.sportingpedia.com\/es\/","name":"Sportingpedia - Latest Sports News From All Over the World","description":"","publisher":{"@id":"https:\/\/www.sportingpedia.com\/es\/#organization"},"potentialAction":[{"@type":"SearchAction","target":{"@type":"EntryPoint","urlTemplate":"https:\/\/www.sportingpedia.com\/es\/?s={search_term_string}"},"query-input":{"@type":"PropertyValueSpecification","valueRequired":true,"valueName":"search_term_string"}}],"inLanguage":"es"},{"@type":"Organization","@id":"https:\/\/www.sportingpedia.com\/es\/#organization","name":"SportingPedia","url":"https:\/\/www.sportingpedia.com\/es\/","logo":{"@type":"ImageObject","inLanguage":"es","@id":"https:\/\/www.sportingpedia.com\/es\/#\/schema\/logo\/image\/","url":"https:\/\/www.sportingpedia.com\/wp-content\/uploads\/2019\/10\/SportingPedia_logo.png","contentUrl":"https:\/\/www.sportingpedia.com\/wp-content\/uploads\/2019\/10\/SportingPedia_logo.png","width":600,"height":101,"caption":"SportingPedia"},"image":{"@id":"https:\/\/www.sportingpedia.com\/es\/#\/schema\/logo\/image\/"}}]}},"_links":{"self":[{"href":"https:\/\/www.sportingpedia.com\/es\/wp-json\/wp\/v2\/pages\/118651","targetHints":{"allow":["GET"]}}],"collection":[{"href":"https:\/\/www.sportingpedia.com\/es\/wp-json\/wp\/v2\/pages"}],"about":[{"href":"https:\/\/www.sportingpedia.com\/es\/wp-json\/wp\/v2\/types\/page"}],"author":[{"embeddable":true,"href":"https:\/\/www.sportingpedia.com\/es\/wp-json\/wp\/v2\/users\/1"}],"replies":[{"embeddable":true,"href":"https:\/\/www.sportingpedia.com\/es\/wp-json\/wp\/v2\/comments?post=118651"}],"version-history":[{"count":2,"href":"https:\/\/www.sportingpedia.com\/es\/wp-json\/wp\/v2\/pages\/118651\/revisions"}],"predecessor-version":[{"id":128021,"href":"https:\/\/www.sportingpedia.com\/es\/wp-json\/wp\/v2\/pages\/118651\/revisions\/128021"}],"wp:attachment":[{"href":"https:\/\/www.sportingpedia.com\/es\/wp-json\/wp\/v2\/media?parent=118651"}],"curies":[{"name":"wp","href":"https:\/\/api.w.org\/{rel}","templated":true}]}}