{"id":118652,"date":"2025-04-10T07:59:17","date_gmt":"2025-04-10T07:59:17","guid":{"rendered":"https:\/\/www.sportingpedia.com\/?page_id=118652"},"modified":"2025-11-17T12:36:22","modified_gmt":"2025-11-17T12:36:22","slug":"contact-us","status":"publish","type":"page","link":"https:\/\/www.sportingpedia.com\/es\/contact-us\/","title":{"rendered":"Cont\u00e1ctanos"},"content":{"rendered":"<p>Quedamos a disposici\u00f3n de cualquier persona interesada en recibir asistencia adicional o que simplemente busque m\u00e1s informaci\u00f3n. No dude en ponerse en contacto con nosotros para cualquier consulta que pueda tener, utilizando el formulario de contacto que encontrar\u00e1 a continuaci\u00f3n.<\/p>\n<h2>Contacto general<\/h2>\n<p><strong>Correo electr\u00f3nico:<\/strong> contact@sportingpedia.com<\/p>\n<h2>Autores<\/h2>\n<p>Para contactar con nuestros autores, consulte los siguientes datos.<\/p>\n<div class=\"contact-authors\">\n<div class=\"author-box\">\n<div class=\"author-img\"><img decoding=\"async\" src=\"https:\/\/www.sportingpedia.com\/wp-content\/uploads\/2024\/09\/pavel-kateliev.jpeg\" style=\"border-radius: 50%\" alt=\"Pavel Kateliev - Autor Deportes Europeos\" width=\"166\" height=\"167\" class=\"aligncenter\" \/><\/div>\n<p><span class=\"author-name\"><a href=\"https:\/\/www.sportingpedia.com\/es\/meet-the-team\/pavel-kateliev\/\">Pavel Kateliev<\/a><\/span> <span>Autor de deportes europeos<\/span><\/p>\n<p>pkateliev@sportingpedia.com<\/p>\n<p><a target=\"_blank\" href=\"https:\/\/www.linkedin.com\/in\/pavelkateliev\/\" rel=\"noopener nofollow\"><img decoding=\"async\" width=\"25\" src=\"https:\/\/www.sportingpedia.com\/wp-content\/uploads\/2024\/09\/icon-linkedin.svg\" alt=\"Pavel Kateliev - Perfil de Linkedin\" \/><\/a><\/p>\n<\/div>\n<div class=\"author-box\">\n<div class=\"author-img\"><img decoding=\"async\" src=\"https:\/\/www.sportingpedia.com\/wp-content\/uploads\/2018\/07\/earl.png\" alt=\"Earl Campbell - Autor Deportes Americanos\" width=\"166\" height=\"167\" class=\"aligncenter\" \/><\/div>\n<p><span class=\"author-name\"><a href=\"https:\/\/www.sportingpedia.com\/es\/meet-the-team\/earl-campbell\/\">Earl Campbell<\/a><\/span> <span>Autor de deportes americanos<\/span><\/p>\n<p>ecampbell@sportingpedia.com<\/p>\n<p><a target=\"_blank\" href=\"https:\/\/www.linkedin.com\/in\/earl-campbell-57545417\/\" rel=\"noopener nofollow\"><img decoding=\"async\" width=\"25\" src=\"https:\/\/www.sportingpedia.com\/wp-content\/uploads\/2024\/09\/icon-linkedin.svg\" alt=\"Earl Campbell - Perfil de Linkedin\" \/><\/a><\/p>\n<\/div>\n<div class=\"author-box\">\n<div class=\"author-img\"><img decoding=\"async\" src=\"https:\/\/www.sportingpedia.com\/wp-content\/uploads\/2018\/07\/rodney.png\" alt=\"Rodney Knuppel - Autor Deportes Americanos\" width=\"166\" height=\"167\" class=\"aligncenter\" \/><\/div>\n<p><span class=\"author-name\"><a href=\"https:\/\/www.sportingpedia.com\/es\/meet-the-team\/rodney-knuppel\/\">Rodney Knuppel<\/a><\/span> <span>Autor de deportes americanos<\/span><\/p>\n<p>rodknuppel@sportingpedia.com<\/p>\n<p><a target=\"_blank\" href=\"https:\/\/www.linkedin.com\/in\/rodney-knuppel-ab7074182\/\" rel=\"noopener nofollow\"><img decoding=\"async\" width=\"25\" src=\"https:\/\/www.sportingpedia.com\/wp-content\/uploads\/2024\/09\/icon-linkedin.svg\" alt=\"Rodney Knuppel - Perfil de Linkedin\" \/><\/a><\/p>\n<\/div>\n<div class=\"author-box\">\n<div class=\"author-img\"><img decoding=\"async\" src=\"https:\/\/www.sportingpedia.com\/wp-content\/uploads\/2024\/09\/aiden-beswick.jpg\" style=\"border-radius: 50%\" alt=\"Aiden Beswick - Autor F\u00fatbol y EPL\" width=\"166\" height=\"167\" class=\"aligncenter\" \/><\/div>\n<p><span class=\"author-name\"><a href=\"https:\/\/www.sportingpedia.com\/es\/meet-the-team\/aiden-beswick\/\">Aiden Beswick<\/a><\/span> <span>Autor de f\u00fatbol y EPL<\/span><\/p>\n<p>abeswick@sportingpedia.com<\/p>\n<p><a target=\"_blank\" href=\"https:\/\/www.linkedin.com\/in\/aiden-beswick-78b4bb13b\/\" rel=\"noopener nofollow\"><img decoding=\"async\" width=\"25\" src=\"https:\/\/www.sportingpedia.com\/wp-content\/uploads\/2024\/09\/icon-linkedin.svg\" alt=\"Aiden Beswick - Perfil de Linkedin\" \/><\/a><\/p>\n<\/div>\n<div class=\"author-box\">\n<div class=\"author-img\"><img decoding=\"async\" src=\"https:\/\/www.sportingpedia.com\/wp-content\/uploads\/2018\/07\/ryan.png\" alt=\"autor\" width=\"166\" height=\"167\" class=\"aligncenter\"><\/div>\n<p><span class=\"author-name\">Ryan Knuppel<\/span> <span>Autor de MLB<\/span><\/p>\n<p>rknuppel@sportingpedia.com<\/p>\n<p><a target=\"_blank\" href=\"https:\/\/www.linkedin.com\/in\/ryanknuppel\" rel=\"noopener nofollow\"><img decoding=\"async\" width=\"25\" src=\"https:\/\/www.sportingpedia.com\/wp-content\/uploads\/2024\/09\/icon-linkedin.svg\" alt=\"Ryan Knuppel - Perfil de Linkedin\" \/><\/a><\/p>\n<\/div>\n<\/div>\n<p><strong>Direcci\u00f3n:<\/strong> 1599 E 30th St, Austin, TX 78744, EE.UU.<\/p>\n","protected":false},"excerpt":{"rendered":"<p>Quedamos a disposici\u00f3n de cualquier persona interesada en recibir asistencia adicional o que simplemente busque m\u00e1s informaci\u00f3n. No dude en ponerse en contacto con nosotros para cualquier consulta que pueda tener, utilizando el formulario de contacto que encontrar\u00e1 a continuaci\u00f3n. Contacto general Correo electr\u00f3nico: contact@sportingpedia.com Autores Para contactar con nuestros autores, consulte los siguientes datos. [&hellip;]<\/p>\n","protected":false},"author":1,"featured_media":0,"parent":0,"menu_order":0,"comment_status":"closed","ping_status":"closed","template":"page-nosidebar.php","meta":{"footnotes":""},"class_list":["post-118652","page","type-page","status-publish","hentry"],"yoast_head":"<!-- This site is optimized with the Yoast SEO plugin v26.6 - https:\/\/yoast.com\/wordpress\/plugins\/seo\/ -->\n<title>Cont\u00e1ctanos - Sportingpedia - Latest Sports News From All Over the World<\/title>\n<meta name=\"robots\" content=\"noindex, follow\" \/>\n<meta property=\"og:locale\" content=\"es_ES\" \/>\n<meta property=\"og:type\" content=\"article\" \/>\n<meta property=\"og:title\" content=\"Cont\u00e1ctanos - Sportingpedia - Latest Sports News From All Over the World\" \/>\n<meta property=\"og:description\" content=\"Quedamos a disposici\u00f3n de cualquier persona interesada en recibir asistencia adicional o que simplemente busque m\u00e1s informaci\u00f3n. No dude en ponerse en contacto con nosotros para cualquier consulta que pueda tener, utilizando el formulario de contacto que encontrar\u00e1 a continuaci\u00f3n. Contacto general Correo electr\u00f3nico: contact@sportingpedia.com Autores Para contactar con nuestros autores, consulte los siguientes datos. [&hellip;]\" \/>\n<meta property=\"og:url\" content=\"https:\/\/www.sportingpedia.com\/es\/contact-us\/\" \/>\n<meta property=\"og:site_name\" content=\"Sportingpedia - Latest Sports News From All Over the World\" \/>\n<meta property=\"article:modified_time\" content=\"2025-11-17T12:36:22+00:00\" \/>\n<meta property=\"og:image\" content=\"https:\/\/www.sportingpedia.com\/wp-content\/uploads\/2024\/09\/pavel-kateliev.jpeg\" \/>\n<meta name=\"twitter:card\" content=\"summary_large_image\" \/>\n<meta name=\"twitter:label1\" content=\"Tiempo de lectura\" \/>\n\t<meta name=\"twitter:data1\" content=\"3 minutos\" \/>\n<script type=\"application\/ld+json\" class=\"yoast-schema-graph\">{\"@context\":\"https:\/\/schema.org\",\"@graph\":[{\"@type\":\"WebPage\",\"@id\":\"https:\/\/www.sportingpedia.com\/es\/contact-us\/\",\"url\":\"https:\/\/www.sportingpedia.com\/es\/contact-us\/\",\"name\":\"Cont\u00e1ctanos - Sportingpedia - Latest Sports News From All Over the World\",\"isPartOf\":{\"@id\":\"https:\/\/www.sportingpedia.com\/es\/#website\"},\"primaryImageOfPage\":{\"@id\":\"https:\/\/www.sportingpedia.com\/es\/contact-us\/#primaryimage\"},\"image\":{\"@id\":\"https:\/\/www.sportingpedia.com\/es\/contact-us\/#primaryimage\"},\"thumbnailUrl\":\"https:\/\/www.sportingpedia.com\/wp-content\/uploads\/2024\/09\/pavel-kateliev.jpeg\",\"datePublished\":\"2025-04-10T07:59:17+00:00\",\"dateModified\":\"2025-11-17T12:36:22+00:00\",\"breadcrumb\":{\"@id\":\"https:\/\/www.sportingpedia.com\/es\/contact-us\/#breadcrumb\"},\"inLanguage\":\"es\",\"potentialAction\":[{\"@type\":\"ReadAction\",\"target\":[\"https:\/\/www.sportingpedia.com\/es\/contact-us\/\"]}]},{\"@type\":\"ImageObject\",\"inLanguage\":\"es\",\"@id\":\"https:\/\/www.sportingpedia.com\/es\/contact-us\/#primaryimage\",\"url\":\"https:\/\/www.sportingpedia.com\/wp-content\/uploads\/2024\/09\/pavel-kateliev.jpeg\",\"contentUrl\":\"https:\/\/www.sportingpedia.com\/wp-content\/uploads\/2024\/09\/pavel-kateliev.jpeg\"},{\"@type\":\"BreadcrumbList\",\"@id\":\"https:\/\/www.sportingpedia.com\/es\/contact-us\/#breadcrumb\",\"itemListElement\":[{\"@type\":\"ListItem\",\"position\":1,\"name\":\"Inicio\",\"item\":\"https:\/\/www.sportingpedia.com\/es\/home-2\/\"},{\"@type\":\"ListItem\",\"position\":2,\"name\":\"Cont\u00e1ctanos\"}]},{\"@type\":\"WebSite\",\"@id\":\"https:\/\/www.sportingpedia.com\/es\/#website\",\"url\":\"https:\/\/www.sportingpedia.com\/es\/\",\"name\":\"Sportingpedia - Latest Sports News From All Over the World\",\"description\":\"\",\"publisher\":{\"@id\":\"https:\/\/www.sportingpedia.com\/es\/#organization\"},\"potentialAction\":[{\"@type\":\"SearchAction\",\"target\":{\"@type\":\"EntryPoint\",\"urlTemplate\":\"https:\/\/www.sportingpedia.com\/es\/?s={search_term_string}\"},\"query-input\":{\"@type\":\"PropertyValueSpecification\",\"valueRequired\":true,\"valueName\":\"search_term_string\"}}],\"inLanguage\":\"es\"},{\"@type\":\"Organization\",\"@id\":\"https:\/\/www.sportingpedia.com\/es\/#organization\",\"name\":\"SportingPedia\",\"url\":\"https:\/\/www.sportingpedia.com\/es\/\",\"logo\":{\"@type\":\"ImageObject\",\"inLanguage\":\"es\",\"@id\":\"https:\/\/www.sportingpedia.com\/es\/#\/schema\/logo\/image\/\",\"url\":\"https:\/\/www.sportingpedia.com\/wp-content\/uploads\/2019\/10\/SportingPedia_logo.png\",\"contentUrl\":\"https:\/\/www.sportingpedia.com\/wp-content\/uploads\/2019\/10\/SportingPedia_logo.png\",\"width\":600,\"height\":101,\"caption\":\"SportingPedia\"},\"image\":{\"@id\":\"https:\/\/www.sportingpedia.com\/es\/#\/schema\/logo\/image\/\"}}]}<\/script>\n<!-- \/ Yoast SEO plugin. -->","yoast_head_json":{"title":"Cont\u00e1ctanos - Sportingpedia - Latest Sports News From All Over the World","robots":{"index":"noindex","follow":"follow"},"og_locale":"es_ES","og_type":"article","og_title":"Cont\u00e1ctanos - Sportingpedia - Latest Sports News From All Over the World","og_description":"Quedamos a disposici\u00f3n de cualquier persona interesada en recibir asistencia adicional o que simplemente busque m\u00e1s informaci\u00f3n. No dude en ponerse en contacto con nosotros para cualquier consulta que pueda tener, utilizando el formulario de contacto que encontrar\u00e1 a continuaci\u00f3n. Contacto general Correo electr\u00f3nico: contact@sportingpedia.com Autores Para contactar con nuestros autores, consulte los siguientes datos. [&hellip;]","og_url":"https:\/\/www.sportingpedia.com\/es\/contact-us\/","og_site_name":"Sportingpedia - Latest Sports News From All Over the World","article_modified_time":"2025-11-17T12:36:22+00:00","og_image":[{"url":"https:\/\/www.sportingpedia.com\/wp-content\/uploads\/2024\/09\/pavel-kateliev.jpeg","type":"","width":"","height":""}],"twitter_card":"summary_large_image","twitter_misc":{"Tiempo de lectura":"3 minutos"},"schema":{"@context":"https:\/\/schema.org","@graph":[{"@type":"WebPage","@id":"https:\/\/www.sportingpedia.com\/es\/contact-us\/","url":"https:\/\/www.sportingpedia.com\/es\/contact-us\/","name":"Cont\u00e1ctanos - Sportingpedia - Latest Sports News From All Over the World","isPartOf":{"@id":"https:\/\/www.sportingpedia.com\/es\/#website"},"primaryImageOfPage":{"@id":"https:\/\/www.sportingpedia.com\/es\/contact-us\/#primaryimage"},"image":{"@id":"https:\/\/www.sportingpedia.com\/es\/contact-us\/#primaryimage"},"thumbnailUrl":"https:\/\/www.sportingpedia.com\/wp-content\/uploads\/2024\/09\/pavel-kateliev.jpeg","datePublished":"2025-04-10T07:59:17+00:00","dateModified":"2025-11-17T12:36:22+00:00","breadcrumb":{"@id":"https:\/\/www.sportingpedia.com\/es\/contact-us\/#breadcrumb"},"inLanguage":"es","potentialAction":[{"@type":"ReadAction","target":["https:\/\/www.sportingpedia.com\/es\/contact-us\/"]}]},{"@type":"ImageObject","inLanguage":"es","@id":"https:\/\/www.sportingpedia.com\/es\/contact-us\/#primaryimage","url":"https:\/\/www.sportingpedia.com\/wp-content\/uploads\/2024\/09\/pavel-kateliev.jpeg","contentUrl":"https:\/\/www.sportingpedia.com\/wp-content\/uploads\/2024\/09\/pavel-kateliev.jpeg"},{"@type":"BreadcrumbList","@id":"https:\/\/www.sportingpedia.com\/es\/contact-us\/#breadcrumb","itemListElement":[{"@type":"ListItem","position":1,"name":"Inicio","item":"https:\/\/www.sportingpedia.com\/es\/home-2\/"},{"@type":"ListItem","position":2,"name":"Cont\u00e1ctanos"}]},{"@type":"WebSite","@id":"https:\/\/www.sportingpedia.com\/es\/#website","url":"https:\/\/www.sportingpedia.com\/es\/","name":"Sportingpedia - Latest Sports News From All Over the World","description":"","publisher":{"@id":"https:\/\/www.sportingpedia.com\/es\/#organization"},"potentialAction":[{"@type":"SearchAction","target":{"@type":"EntryPoint","urlTemplate":"https:\/\/www.sportingpedia.com\/es\/?s={search_term_string}"},"query-input":{"@type":"PropertyValueSpecification","valueRequired":true,"valueName":"search_term_string"}}],"inLanguage":"es"},{"@type":"Organization","@id":"https:\/\/www.sportingpedia.com\/es\/#organization","name":"SportingPedia","url":"https:\/\/www.sportingpedia.com\/es\/","logo":{"@type":"ImageObject","inLanguage":"es","@id":"https:\/\/www.sportingpedia.com\/es\/#\/schema\/logo\/image\/","url":"https:\/\/www.sportingpedia.com\/wp-content\/uploads\/2019\/10\/SportingPedia_logo.png","contentUrl":"https:\/\/www.sportingpedia.com\/wp-content\/uploads\/2019\/10\/SportingPedia_logo.png","width":600,"height":101,"caption":"SportingPedia"},"image":{"@id":"https:\/\/www.sportingpedia.com\/es\/#\/schema\/logo\/image\/"}}]}},"_links":{"self":[{"href":"https:\/\/www.sportingpedia.com\/es\/wp-json\/wp\/v2\/pages\/118652","targetHints":{"allow":["GET"]}}],"collection":[{"href":"https:\/\/www.sportingpedia.com\/es\/wp-json\/wp\/v2\/pages"}],"about":[{"href":"https:\/\/www.sportingpedia.com\/es\/wp-json\/wp\/v2\/types\/page"}],"author":[{"embeddable":true,"href":"https:\/\/www.sportingpedia.com\/es\/wp-json\/wp\/v2\/users\/1"}],"replies":[{"embeddable":true,"href":"https:\/\/www.sportingpedia.com\/es\/wp-json\/wp\/v2\/comments?post=118652"}],"version-history":[{"count":2,"href":"https:\/\/www.sportingpedia.com\/es\/wp-json\/wp\/v2\/pages\/118652\/revisions"}],"predecessor-version":[{"id":146392,"href":"https:\/\/www.sportingpedia.com\/es\/wp-json\/wp\/v2\/pages\/118652\/revisions\/146392"}],"wp:attachment":[{"href":"https:\/\/www.sportingpedia.com\/es\/wp-json\/wp\/v2\/media?parent=118652"}],"curies":[{"name":"wp","href":"https:\/\/api.w.org\/{rel}","templated":true}]}}