{"id":118692,"date":"2025-04-10T07:59:26","date_gmt":"2025-04-10T07:59:26","guid":{"rendered":"https:\/\/www.sportingpedia.com\/?page_id=118692"},"modified":"2025-11-25T09:14:33","modified_gmt":"2025-11-25T09:14:33","slug":"deposit","status":"publish","type":"page","link":"https:\/\/www.sportingpedia.com\/es\/deposit\/","title":{"rendered":"Opciones de Pago en Casas de Apuestas"},"content":{"rendered":"<p>Las apuestas deportivas en l\u00ednea permiten a los apostadores de todo el mundo apostar dinero en distintos eventos deportivos, aprovechar abundantes promociones y disfrutar de una experiencia gratificante. Los apostadores pueden deleitarse con apuestas rentables desde la comodidad de sus hogares y encontrar algunas de las mejores cuotas para deportes importantes, carreras de caballos y eventos no deportivos. Al elegir la casa de apuestas virtual adecuada, debes asegurarte de que existan m\u00e9todos pr\u00e1cticos para recargar tu saldo. Si deseas conocer la soluci\u00f3n de pago m\u00e1s r\u00e1pida, segura y sin complicaciones para realizar un dep\u00f3sito en una casa de apuestas, puedes echar un vistazo a las opciones de pago que hemos revisado. Podemos ayudarte a decidir cu\u00e1l es el sitio de apuestas que mejor se adapta a ti y cu\u00e1l es el m\u00e9todo m\u00e1s adecuado para gestionar tus fondos.<\/p>\n<div class=\"grid-fixed-thumbnails\">    <div class=\"row\">\n            <a class=\"col-12 col-sm-6 col-md-4 child-page-thumbnail-wrapper\" href=\"https:\/\/www.sportingpedia.com\/es\/deposit\/apple-pay-betting-sites\/\">\n            <div class=\"col-12 text-center child-page-thumbnail\">\n                <img decoding=\"async\" src=\"https:\/\/www.sportingpedia.com\/wp-content\/uploads\/2022\/01\/apple-pay.webp\" \/>\n                Casas de Apuestas con Apple Pay            <\/div>\n        <\/a>\n                    <a class=\"col-12 col-sm-6 col-md-4 child-page-thumbnail-wrapper\" href=\"https:\/\/www.sportingpedia.com\/es\/deposit\/bitcoin-betting-sites\/\">\n            <div class=\"col-12 text-center child-page-thumbnail\">\n                <img decoding=\"async\" src=\"https:\/\/www.sportingpedia.com\/wp-content\/uploads\/2022\/01\/bitcoin.webp\" \/>\n                Casas de Apuestas con Bitcoin            <\/div>\n        <\/a>\n                    <a class=\"col-12 col-sm-6 col-md-4 child-page-thumbnail-wrapper\" href=\"https:\/\/www.sportingpedia.com\/es\/deposit\/echeck-betting-sites\/\">\n            <div class=\"col-12 text-center child-page-thumbnail\">\n                <img decoding=\"async\" src=\"https:\/\/www.sportingpedia.com\/wp-content\/uploads\/2022\/01\/e-check.webp\" \/>\n                Casas de Apuestas con eCheck            <\/div>\n        <\/a>\n                    <a class=\"col-12 col-sm-6 col-md-4 child-page-thumbnail-wrapper\" href=\"https:\/\/www.sportingpedia.com\/es\/deposit\/ecopayz-betting-sites\/\">\n            <div class=\"col-12 text-center child-page-thumbnail\">\n                <img decoding=\"async\" src=\"https:\/\/www.sportingpedia.com\/wp-content\/uploads\/2022\/02\/ecopayz-featured.svg\" \/>\n                Casas de Apuestas con ecoPayz            <\/div>\n        <\/a>\n                    <a class=\"col-12 col-sm-6 col-md-4 child-page-thumbnail-wrapper\" href=\"https:\/\/www.sportingpedia.com\/es\/deposit\/jeton-betting-sites\/\">\n            <div class=\"col-12 text-center child-page-thumbnail\">\n                <img decoding=\"async\" src=\"https:\/\/www.sportingpedia.com\/wp-content\/uploads\/2022\/01\/jeton-featured.svg\" \/>\n                Casas de Apuestas con Jeton            <\/div>\n        <\/a>\n                    <a class=\"col-12 col-sm-6 col-md-4 child-page-thumbnail-wrapper\" href=\"https:\/\/www.sportingpedia.com\/es\/deposit\/mifinity-betting-sites\/\">\n            <div class=\"col-12 text-center child-page-thumbnail\">\n                <img decoding=\"async\" src=\"https:\/\/www.sportingpedia.com\/wp-content\/uploads\/2022\/01\/mifinity-featured.svg\" \/>\n                Casas de Apuestas con MiFinity            <\/div>\n        <\/a>\n                    <a class=\"col-12 col-sm-6 col-md-4 child-page-thumbnail-wrapper\" href=\"https:\/\/www.sportingpedia.com\/es\/deposit\/muchbetter-betting-sites\/\">\n            <div class=\"col-12 text-center child-page-thumbnail\">\n                <img decoding=\"async\" src=\"https:\/\/www.sportingpedia.com\/wp-content\/uploads\/2022\/01\/much-better.webp\" \/>\n                Casas de Apuestas con MuchBetter            <\/div>\n        <\/a>\n                    <a class=\"col-12 col-sm-6 col-md-4 child-page-thumbnail-wrapper\" href=\"https:\/\/www.sportingpedia.com\/es\/deposit\/neosurf-betting-sites\/\">\n            <div class=\"col-12 text-center child-page-thumbnail\">\n                <img decoding=\"async\" src=\"https:\/\/www.sportingpedia.com\/wp-content\/uploads\/2022\/01\/neosurf.webp\" \/>\n                Casas de Apuestas con NeoSurf            <\/div>\n        <\/a>\n                    <a class=\"col-12 col-sm-6 col-md-4 child-page-thumbnail-wrapper\" href=\"https:\/\/www.sportingpedia.com\/es\/deposit\/neteller-betting-sites\/\">\n            <div class=\"col-12 text-center child-page-thumbnail\">\n                <img decoding=\"async\" src=\"https:\/\/www.sportingpedia.com\/wp-content\/uploads\/2022\/01\/neteller.webp\" \/>\n                Casas de Apuestas con Neteller            <\/div>\n        <\/a>\n                    <a class=\"col-12 col-sm-6 col-md-4 child-page-thumbnail-wrapper\" href=\"https:\/\/www.sportingpedia.com\/es\/deposit\/paypal-betting-sites\/\">\n            <div class=\"col-12 text-center child-page-thumbnail\">\n                <img decoding=\"async\" src=\"https:\/\/www.sportingpedia.com\/wp-content\/uploads\/2022\/01\/paypal.webp\" \/>\n                Casas de Apuestas con PayPal            <\/div>\n        <\/a>\n                    <a class=\"col-12 col-sm-6 col-md-4 child-page-thumbnail-wrapper\" href=\"https:\/\/www.sportingpedia.com\/es\/deposit\/paysafecard-betting-sites\/\">\n            <div class=\"col-12 text-center child-page-thumbnail\">\n                <img decoding=\"async\" src=\"https:\/\/www.sportingpedia.com\/wp-content\/uploads\/2022\/01\/paysafe-card.webp\" \/>\n                Casas de Apuestas con Paysafecard            <\/div>\n        <\/a>\n                    <a class=\"col-12 col-sm-6 col-md-4 child-page-thumbnail-wrapper\" href=\"https:\/\/www.sportingpedia.com\/es\/deposit\/skrill-betting-sites\/\">\n            <div class=\"col-12 text-center child-page-thumbnail\">\n                <img decoding=\"async\" src=\"https:\/\/www.sportingpedia.com\/wp-content\/uploads\/2022\/01\/skrill.webp\" \/>\n                Casas de Apuestas con Skrill            <\/div>\n        <\/a>\n                    <a class=\"col-12 col-sm-6 col-md-4 child-page-thumbnail-wrapper\" href=\"https:\/\/www.sportingpedia.com\/es\/deposit\/sticpay-betting-sites\/\">\n            <div class=\"col-12 text-center child-page-thumbnail\">\n                <img decoding=\"async\" src=\"https:\/\/www.sportingpedia.com\/wp-content\/uploads\/2022\/01\/sticpay-featured.svg\" \/>\n                Casas de Apuestas con Sticpay            <\/div>\n        <\/a>\n                    <a class=\"col-12 col-sm-6 col-md-4 child-page-thumbnail-wrapper\" href=\"https:\/\/www.sportingpedia.com\/es\/deposit\/prepaid-cards-betting-sites\/\">\n            <div class=\"col-12 text-center child-page-thumbnail\">\n                <img decoding=\"async\" src=\"https:\/\/www.sportingpedia.com\/wp-content\/uploads\/2022\/01\/prepaid-featured.svg\" \/>\n                Casas de Apuestas con Tarjetas Prepagadas            <\/div>\n        <\/a>\n                    <a class=\"col-12 col-sm-6 col-md-4 child-page-thumbnail-wrapper\" href=\"https:\/\/www.sportingpedia.com\/es\/deposit\/bank-wires-betting-sites\/\">\n            <div class=\"col-12 text-center child-page-thumbnail\">\n                <img decoding=\"async\" src=\"https:\/\/www.sportingpedia.com\/wp-content\/uploads\/2022\/01\/bank-transfer-featured.svg\" \/>\n                Casas de Apuestas con Transferencia Bancaria            <\/div>\n        <\/a>\n                    <a class=\"col-12 col-sm-6 col-md-4 child-page-thumbnail-wrapper\" href=\"https:\/\/www.sportingpedia.com\/es\/deposit\/trustly-betting-sites\/\">\n            <div class=\"col-12 text-center child-page-thumbnail\">\n                <img decoding=\"async\" src=\"https:\/\/www.sportingpedia.com\/wp-content\/uploads\/2022\/01\/trustly-featured.svg\" \/>\n                Casas de Apuestas con Trustly            <\/div>\n        <\/a>\n                            <\/div>\n            <\/div>\n","protected":false},"excerpt":{"rendered":"<p>Las apuestas deportivas en l\u00ednea permiten a los apostadores de todo el mundo apostar dinero en distintos eventos deportivos, aprovechar abundantes promociones y disfrutar de una experiencia gratificante. Los apostadores pueden deleitarse con apuestas rentables desde la comodidad de sus hogares y encontrar algunas de las mejores cuotas para deportes importantes, carreras de caballos y [&hellip;]<\/p>\n","protected":false},"author":1,"featured_media":0,"parent":0,"menu_order":0,"comment_status":"closed","ping_status":"closed","template":"template-payment-method.php","meta":{"footnotes":""},"class_list":["post-118692","page","type-page","status-publish","hentry"],"yoast_head":"<!-- This site is optimized with the Yoast SEO plugin v26.6 - https:\/\/yoast.com\/wordpress\/plugins\/seo\/ -->\n<title>Opciones de Dep\u00f3sito y Retiro Confiables para Casa de Apuestas<\/title>\n<meta name=\"description\" content=\"Depositar y retirar de tu cuenta de apuestas deportivas es esencial para cualquier apostador. Aqu\u00ed hay una lista de los m\u00e9todos bancarios m\u00e1s confiables utilizados para apostar en l\u00ednea.\" \/>\n<meta name=\"robots\" content=\"index, follow, max-snippet:-1, max-image-preview:large, max-video-preview:-1\" \/>\n<link rel=\"canonical\" href=\"https:\/\/www.sportingpedia.com\/es\/deposit\/\" \/>\n<meta property=\"og:locale\" content=\"es_ES\" \/>\n<meta property=\"og:type\" content=\"article\" \/>\n<meta property=\"og:title\" content=\"Opciones de Dep\u00f3sito y Retiro Confiables para Casa de Apuestas\" \/>\n<meta property=\"og:description\" content=\"Depositar y retirar de tu cuenta de apuestas deportivas es esencial para cualquier apostador. Aqu\u00ed hay una lista de los m\u00e9todos bancarios m\u00e1s confiables utilizados para apostar en l\u00ednea.\" \/>\n<meta property=\"og:url\" content=\"https:\/\/www.sportingpedia.com\/es\/deposit\/\" \/>\n<meta property=\"og:site_name\" content=\"Sportingpedia - Latest Sports News From All Over the World\" \/>\n<meta property=\"article:modified_time\" content=\"2025-11-25T09:14:33+00:00\" \/>\n<meta name=\"twitter:card\" content=\"summary_large_image\" \/>\n<meta name=\"twitter:label1\" content=\"Tiempo de lectura\" \/>\n\t<meta name=\"twitter:data1\" content=\"1 minuto\" \/>\n<script type=\"application\/ld+json\" class=\"yoast-schema-graph\">{\"@context\":\"https:\/\/schema.org\",\"@graph\":[{\"@type\":\"WebPage\",\"@id\":\"https:\/\/www.sportingpedia.com\/es\/deposit\/\",\"url\":\"https:\/\/www.sportingpedia.com\/es\/deposit\/\",\"name\":\"Opciones de Dep\u00f3sito y Retiro Confiables para Casa de Apuestas\",\"isPartOf\":{\"@id\":\"https:\/\/www.sportingpedia.com\/es\/#website\"},\"datePublished\":\"2025-04-10T07:59:26+00:00\",\"dateModified\":\"2025-11-25T09:14:33+00:00\",\"description\":\"Depositar y retirar de tu cuenta de apuestas deportivas es esencial para cualquier apostador. Aqu\u00ed hay una lista de los m\u00e9todos bancarios m\u00e1s confiables utilizados para apostar en l\u00ednea.\",\"breadcrumb\":{\"@id\":\"https:\/\/www.sportingpedia.com\/es\/deposit\/#breadcrumb\"},\"inLanguage\":\"es\",\"potentialAction\":[{\"@type\":\"ReadAction\",\"target\":[\"https:\/\/www.sportingpedia.com\/es\/deposit\/\"]}]},{\"@type\":\"BreadcrumbList\",\"@id\":\"https:\/\/www.sportingpedia.com\/es\/deposit\/#breadcrumb\",\"itemListElement\":[{\"@type\":\"ListItem\",\"position\":1,\"name\":\"Inicio\",\"item\":\"https:\/\/www.sportingpedia.com\/es\/home-2\/\"},{\"@type\":\"ListItem\",\"position\":2,\"name\":\"Opciones de Pago en Casas de Apuestas\"}]},{\"@type\":\"WebSite\",\"@id\":\"https:\/\/www.sportingpedia.com\/es\/#website\",\"url\":\"https:\/\/www.sportingpedia.com\/es\/\",\"name\":\"Sportingpedia - Latest Sports News From All Over the World\",\"description\":\"\",\"publisher\":{\"@id\":\"https:\/\/www.sportingpedia.com\/es\/#organization\"},\"potentialAction\":[{\"@type\":\"SearchAction\",\"target\":{\"@type\":\"EntryPoint\",\"urlTemplate\":\"https:\/\/www.sportingpedia.com\/es\/?s={search_term_string}\"},\"query-input\":{\"@type\":\"PropertyValueSpecification\",\"valueRequired\":true,\"valueName\":\"search_term_string\"}}],\"inLanguage\":\"es\"},{\"@type\":\"Organization\",\"@id\":\"https:\/\/www.sportingpedia.com\/es\/#organization\",\"name\":\"SportingPedia\",\"url\":\"https:\/\/www.sportingpedia.com\/es\/\",\"logo\":{\"@type\":\"ImageObject\",\"inLanguage\":\"es\",\"@id\":\"https:\/\/www.sportingpedia.com\/es\/#\/schema\/logo\/image\/\",\"url\":\"https:\/\/www.sportingpedia.com\/wp-content\/uploads\/2019\/10\/SportingPedia_logo.png\",\"contentUrl\":\"https:\/\/www.sportingpedia.com\/wp-content\/uploads\/2019\/10\/SportingPedia_logo.png\",\"width\":600,\"height\":101,\"caption\":\"SportingPedia\"},\"image\":{\"@id\":\"https:\/\/www.sportingpedia.com\/es\/#\/schema\/logo\/image\/\"}}]}<\/script>\n<!-- \/ Yoast SEO plugin. -->","yoast_head_json":{"title":"Opciones de Dep\u00f3sito y Retiro Confiables para Casa de Apuestas","description":"Depositar y retirar de tu cuenta de apuestas deportivas es esencial para cualquier apostador. Aqu\u00ed hay una lista de los m\u00e9todos bancarios m\u00e1s confiables utilizados para apostar en l\u00ednea.","robots":{"index":"index","follow":"follow","max-snippet":"max-snippet:-1","max-image-preview":"max-image-preview:large","max-video-preview":"max-video-preview:-1"},"canonical":"https:\/\/www.sportingpedia.com\/es\/deposit\/","og_locale":"es_ES","og_type":"article","og_title":"Opciones de Dep\u00f3sito y Retiro Confiables para Casa de Apuestas","og_description":"Depositar y retirar de tu cuenta de apuestas deportivas es esencial para cualquier apostador. Aqu\u00ed hay una lista de los m\u00e9todos bancarios m\u00e1s confiables utilizados para apostar en l\u00ednea.","og_url":"https:\/\/www.sportingpedia.com\/es\/deposit\/","og_site_name":"Sportingpedia - Latest Sports News From All Over the World","article_modified_time":"2025-11-25T09:14:33+00:00","twitter_card":"summary_large_image","twitter_misc":{"Tiempo de lectura":"1 minuto"},"schema":{"@context":"https:\/\/schema.org","@graph":[{"@type":"WebPage","@id":"https:\/\/www.sportingpedia.com\/es\/deposit\/","url":"https:\/\/www.sportingpedia.com\/es\/deposit\/","name":"Opciones de Dep\u00f3sito y Retiro Confiables para Casa de Apuestas","isPartOf":{"@id":"https:\/\/www.sportingpedia.com\/es\/#website"},"datePublished":"2025-04-10T07:59:26+00:00","dateModified":"2025-11-25T09:14:33+00:00","description":"Depositar y retirar de tu cuenta de apuestas deportivas es esencial para cualquier apostador. Aqu\u00ed hay una lista de los m\u00e9todos bancarios m\u00e1s confiables utilizados para apostar en l\u00ednea.","breadcrumb":{"@id":"https:\/\/www.sportingpedia.com\/es\/deposit\/#breadcrumb"},"inLanguage":"es","potentialAction":[{"@type":"ReadAction","target":["https:\/\/www.sportingpedia.com\/es\/deposit\/"]}]},{"@type":"BreadcrumbList","@id":"https:\/\/www.sportingpedia.com\/es\/deposit\/#breadcrumb","itemListElement":[{"@type":"ListItem","position":1,"name":"Inicio","item":"https:\/\/www.sportingpedia.com\/es\/home-2\/"},{"@type":"ListItem","position":2,"name":"Opciones de Pago en Casas de Apuestas"}]},{"@type":"WebSite","@id":"https:\/\/www.sportingpedia.com\/es\/#website","url":"https:\/\/www.sportingpedia.com\/es\/","name":"Sportingpedia - Latest Sports News From All Over the World","description":"","publisher":{"@id":"https:\/\/www.sportingpedia.com\/es\/#organization"},"potentialAction":[{"@type":"SearchAction","target":{"@type":"EntryPoint","urlTemplate":"https:\/\/www.sportingpedia.com\/es\/?s={search_term_string}"},"query-input":{"@type":"PropertyValueSpecification","valueRequired":true,"valueName":"search_term_string"}}],"inLanguage":"es"},{"@type":"Organization","@id":"https:\/\/www.sportingpedia.com\/es\/#organization","name":"SportingPedia","url":"https:\/\/www.sportingpedia.com\/es\/","logo":{"@type":"ImageObject","inLanguage":"es","@id":"https:\/\/www.sportingpedia.com\/es\/#\/schema\/logo\/image\/","url":"https:\/\/www.sportingpedia.com\/wp-content\/uploads\/2019\/10\/SportingPedia_logo.png","contentUrl":"https:\/\/www.sportingpedia.com\/wp-content\/uploads\/2019\/10\/SportingPedia_logo.png","width":600,"height":101,"caption":"SportingPedia"},"image":{"@id":"https:\/\/www.sportingpedia.com\/es\/#\/schema\/logo\/image\/"}}]}},"_links":{"self":[{"href":"https:\/\/www.sportingpedia.com\/es\/wp-json\/wp\/v2\/pages\/118692","targetHints":{"allow":["GET"]}}],"collection":[{"href":"https:\/\/www.sportingpedia.com\/es\/wp-json\/wp\/v2\/pages"}],"about":[{"href":"https:\/\/www.sportingpedia.com\/es\/wp-json\/wp\/v2\/types\/page"}],"author":[{"embeddable":true,"href":"https:\/\/www.sportingpedia.com\/es\/wp-json\/wp\/v2\/users\/1"}],"replies":[{"embeddable":true,"href":"https:\/\/www.sportingpedia.com\/es\/wp-json\/wp\/v2\/comments?post=118692"}],"version-history":[{"count":3,"href":"https:\/\/www.sportingpedia.com\/es\/wp-json\/wp\/v2\/pages\/118692\/revisions"}],"predecessor-version":[{"id":147207,"href":"https:\/\/www.sportingpedia.com\/es\/wp-json\/wp\/v2\/pages\/118692\/revisions\/147207"}],"wp:attachment":[{"href":"https:\/\/www.sportingpedia.com\/es\/wp-json\/wp\/v2\/media?parent=118692"}],"curies":[{"name":"wp","href":"https:\/\/api.w.org\/{rel}","templated":true}]}}