{"id":118702,"date":"2025-04-10T07:59:28","date_gmt":"2025-04-10T07:59:28","guid":{"rendered":"https:\/\/www.sportingpedia.com\/?page_id=118702"},"modified":"2025-11-25T10:58:51","modified_gmt":"2025-11-25T10:58:51","slug":"how-to-place-a-bet-in-a-betting-shop","status":"publish","type":"page","link":"https:\/\/www.sportingpedia.com\/es\/football-betting\/how-to-place-a-bet-in-a-betting-shop\/","title":{"rendered":"C\u00f3mo Apostar en una Casa de Apuestas"},"content":{"rendered":"<p><img decoding=\"async\" src=\"https:\/\/www.sportingpedia.com\/wp-content\/uploads\/2021\/02\/football-betting-how-to-place-a-bet.svg\" alt=\"C\u00f3mo Realizar una Apuesta en una Casa de Apuestas\" class=\"alignleft\" \/>Es justo decir que, actualmente, muchos apostadores de f\u00fatbol optan por casas de apuestas interactivas, principalmente porque les brindan mayor comodidad y flexibilidad. De hecho, <strong>los apostadores habr\u00e1n comprobado que encontrar una casa de apuestas adecuada puede requerir mucho esfuerzo<\/strong>.<\/p>\n\n<div class=\"clear\"><\/div>\n<ol class=\"bookies-grid\">\r\n\t<li>\r\n\t\t<a rel=\"nofollow\" target=\"_blank\" href=\"\/out\/mybookie?au&#x3D;138&amp;bp&#x3D;1\"<\/a>\r\n\t\t\t<figure>\r\n\t\t\t  \t<img decoding=\"async\" src=\"https:\/\/www.sportingpedia.com\/wp-content\/uploads\/logos\/lg-mybookie-logo.jpg\" width=\"110\" height=\"55\">\r\n\t\t\t<\/figure>\r\n\r\n\t\t\t<div>\r\n\t\t\t  \t<span class=\"bookie-name\">MyBookie<\/span>\r\n\r\n\t\t\t  \t<span class=\"bookie-rating\">Rating: 4.9 <b>&starf;<\/b><\/span>\r\n\t\t\t<\/div>\r\n\t\t<\/a>\r\n\t<\/li>\r\n\t<li>\r\n\t\t<a rel=\"nofollow\" target=\"_blank\" href=\"\/out\/bovada?au&#x3D;138&amp;bp&#x3D;2\"<\/a>\r\n\t\t\t<figure>\r\n\t\t\t  \t<img decoding=\"async\" src=\"https:\/\/www.sportingpedia.com\/wp-content\/uploads\/logos\/lg-bovada-logo.jpg\" width=\"110\" height=\"55\">\r\n\t\t\t<\/figure>\r\n\r\n\t\t\t<div>\r\n\t\t\t  \t<span class=\"bookie-name\">Bovada<\/span>\r\n\r\n\t\t\t  \t<span class=\"bookie-rating\">Rating: 4.8 <b>&starf;<\/b><\/span>\r\n\t\t\t<\/div>\r\n\t\t<\/a>\r\n\t<\/li>\r\n\t<li>\r\n\t\t<a rel=\"nofollow\" target=\"_blank\" href=\"\/out\/xbet?au&#x3D;138&amp;bp&#x3D;3\"<\/a>\r\n\t\t\t<figure>\r\n\t\t\t  \t<img decoding=\"async\" src=\"https:\/\/www.sportingpedia.com\/wp-content\/uploads\/logos\/lg-xbet-logo.jpg\" width=\"110\" height=\"55\">\r\n\t\t\t<\/figure>\r\n\r\n\t\t\t<div>\r\n\t\t\t  \t<span class=\"bookie-name\">XBet<\/span>\r\n\r\n\t\t\t  \t<span class=\"bookie-rating\">Rating: 4.7 <b>&starf;<\/b><\/span>\r\n\t\t\t<\/div>\r\n\t\t<\/a>\r\n\t<\/li>\r\n\t<li>\r\n\t\t<a rel=\"nofollow\" target=\"_blank\" href=\"\/out\/intertops?au&#x3D;138&amp;bp&#x3D;4\"<\/a>\r\n\t\t\t<figure>\r\n\t\t\t  \t<img decoding=\"async\" src=\"https:\/\/www.sportingpedia.com\/wp-content\/uploads\/logos\/lg-everygame-logo.webp\" width=\"110\" height=\"55\">\r\n\t\t\t<\/figure>\r\n\r\n\t\t\t<div>\r\n\t\t\t  \t<span class=\"bookie-name\">Everygame<\/span>\r\n\r\n\t\t\t  \t<span class=\"bookie-rating\">Rating: 4.6 <b>&starf;<\/b><\/span>\r\n\t\t\t<\/div>\r\n\t\t<\/a>\r\n\t<\/li>\r\n\t<li>\r\n\t\t<a rel=\"nofollow\" target=\"_blank\" href=\"\/out\/betusr?au&#x3D;138&amp;bp&#x3D;5\"<\/a>\r\n\t\t\t<figure>\r\n\t\t\t  \t<img decoding=\"async\" src=\"https:\/\/www.sportingpedia.com\/wp-content\/uploads\/logos\/lg-betusr-logo.jpg\" width=\"110\" height=\"55\">\r\n\t\t\t<\/figure>\r\n\r\n\t\t\t<div>\r\n\t\t\t  \t<span class=\"bookie-name\">BetUSR<\/span>\r\n\r\n\t\t\t  \t<span class=\"bookie-rating\">Rating: 4.5 <b>&starf;<\/b><\/span>\r\n\t\t\t<\/div>\r\n\t\t<\/a>\r\n\t<\/li>\r\n\t<li>\r\n\t\t<a rel=\"nofollow\" target=\"_blank\" href=\"\/out\/vave?au&#x3D;138&amp;bp&#x3D;6\"<\/a>\r\n\t\t\t<figure>\r\n\t\t\t  \t<img decoding=\"async\" src=\"https:\/\/www.sportingpedia.com\/wp-content\/uploads\/logos\/lg-vave-logo.webp\" width=\"110\" height=\"55\">\r\n\t\t\t<\/figure>\r\n\r\n\t\t\t<div>\r\n\t\t\t  \t<span class=\"bookie-name\">Vave<\/span>\r\n\r\n\t\t\t  \t<span class=\"bookie-rating\">Rating: 4.4 <b>&starf;<\/b><\/span>\r\n\t\t\t<\/div>\r\n\t\t<\/a>\r\n\t<\/li>\r\n<\/ol><script>\n  setTimeout(function(){\n    if(!document.getElementById('JasHAAffsaMosaAdsANa2i')) {\n      jQuery('a[target=\"_blank\"]').removeAttr('target');\n    }\n  }, 1000);\n<\/script>\n\n<p>Independientemente del ritmo de vida acelerado que la mayor\u00eda de nosotros llevamos, <strong>muchos entusiastas de las apuestas prefieren seguir haciendo apuestas con dinero real en las llamadas casas de apuestas<\/strong>. Aunque esto pueda parecerte una manera bastante anticuada de realizar apuestas en f\u00fatbol, muchos apostadores todav\u00eda prefieren ir a una casa de apuestas y rellenar su boleto de apuestas por s\u00ed mismos. Si este tambi\u00e9n es tu caso, pero a\u00fan te falta la experiencia y el conocimiento necesarios, simplemente contin\u00faa leyendo a continuaci\u00f3n y obtendr\u00e1s una gu\u00eda sobre c\u00f3mo apostar en casas de apuestas.<\/p>\n<h2 id=\"shops\">Qu\u00e9 son las casas de apuestas deportivas<\/h2>\n<p><img decoding=\"async\" src=\"https:\/\/www.sportingpedia.com\/wp-content\/uploads\/2021\/02\/football-betting-how-to-place-a-bet_what-are-betting-slips.svg\" alt=\"Qu\u00e9 son las Casas de Apuestas Deportivas\" width=\"300\" class=\"alignleft \" \/>Incluso si no tienes mucha experiencia apostando en deportes, quiz\u00e1s hayas notado que las casas de apuestas se han convertido en un elemento fijo en ciertas partes del mundo, como el Reino Unido. De hecho, <strong>las casas de apuestas son lugares donde los entusiastas del juego pueden hacer apuestas en sus deportes preferidos<\/strong>, incluido el f\u00fatbol, en persona. Estos lugares se encuentran alejados de los hip\u00f3dromos, raz\u00f3n por la cual esta forma de juego tambi\u00e9n se conoce como apuestas fuera del hip\u00f3dromo.<\/p>\n<p>En esencia, <strong>todo comenz\u00f3 durante el siglo XIX cuando las carreras de caballos empezaron a atraer grandes audiencias y una actividad de apuestas abrumadora<\/strong>. Poco a poco, esta pr\u00e1ctica se extendi\u00f3 al resto de pa\u00edses, incluidos los Estados Unidos, donde apostar en deportes se convirti\u00f3 en una fuente de entretenimiento muy apreciada. De esta manera, las apuestas deportivas han seguido ganando impulso y se han convertido en una forma cada vez m\u00e1s popular de diversi\u00f3n.<\/p>\n<p>Es importante se\u00f1alar que, en algunos pa\u00edses como el Reino Unido, las apuestas fuera del hip\u00f3dromo eran inicialmente ilegales, y <strong>los apostadores solo pod\u00edan realizar sus apuestas en los hip\u00f3dromos<\/strong>. Actualmente, la situaci\u00f3n ha mejorado mucho, ya que los apostadores de f\u00fatbol tienen la oportunidad de realizar apuestas por dinero real en un gran n\u00famero de casas de apuestas con licencia.<\/p>\n<p>Muchos aficionados al juego encuentran que apostar en una casa de apuestas es mucho m\u00e1s atractivo que apostar por Internet, principalmente debido a la sensaci\u00f3n inigualable que experimentan. Una de las mejores cosas de las casas de apuestas sigue siendo que ofrecen a los apostadores la oportunidad de ver en vivo el partido de f\u00fatbol en el que han apostado, adem\u00e1s de utilizar informaci\u00f3n en tiempo real.<\/p>\n<h2 id=\"placing\">C\u00f3mo colocar una apuesta de f\u00fatbol en una casa de apuestas<\/h2>\n<p><img decoding=\"async\" src=\"https:\/\/www.sportingpedia.com\/wp-content\/uploads\/2021\/02\/football-betting-how-to-place-a-bet_placing-football-bet.svg\" alt=\"Colocando una Apuesta de F\u00fatbol en una Casa de Apuestas\" width=\"300\" class=\"alignleft\" \/>Incluso si nunca has colocado una apuesta de f\u00fatbol en una casa de apuestas antes, no deber\u00edas preocuparte por esto, ya que no hay nada confuso o complicado al respecto. Por supuesto, <strong>antes de comenzar con las apuestas de f\u00fatbol<\/strong>, debes asegurarte de haberte familiarizado con los distintos tipos de apuestas que puedes seleccionar al apostar en f\u00fatbol.<\/p>\n<p>Es cierto que el marcador exacto sigue siendo una de las formas m\u00e1s populares de apostar en f\u00fatbol. Como su nombre indica, los amantes del f\u00fatbol apuestan por el marcador exacto con el que terminar\u00e1 el partido. Aparte de eso, <strong>los aficionados al f\u00fatbol tambi\u00e9n pueden apostar a que el partido terminar\u00e1 en empate<\/strong> o realizar una apuesta por el equipo que creen que ser\u00e1 el vencedor.<\/p>\n<p>Las apuestas de h\u00e1ndicap son otra forma com\u00fan de hacer apuestas en f\u00fatbol que al principio pueden parecer un poco confusas, debido a que a los equipos se les pueden dar goles extra o, por el contrario, restarles goles. <strong>Las apuestas combinadas tambi\u00e9n son una forma muy apreciada de apostar en f\u00fatbol en las casas de apuestas<\/strong>. Sin embargo, los apostadores deben recordar que dichas apuestas comprenden varias selecciones y todas deben resultar ganadoras. Los amantes del f\u00fatbol tambi\u00e9n pueden apostar a si ambos equipos marcar\u00e1n o si ninguno lo har\u00e1. Tambi\u00e9n pueden apostar por el jugador que, se supone, marcar\u00e1 primero, y as\u00ed sucesivamente.<\/p>\n<p>Una vez que hayas adquirido algunos conocimientos b\u00e1sicos sobre los principales tipos de apuestas que puedes seleccionar al apostar en f\u00fatbol, puedes proceder a hacer tu apuesta en tu evento preferido. Para hacerlo, <strong>tambi\u00e9n debes asegurarte de saber qu\u00e9 son los resguardos de apuestas<\/strong>, y c\u00f3mo llenarlos correctamente.<\/p>\n<h2 id=\"slips\">Qu\u00e9 son los resguardos de apuestas y c\u00f3mo completarlos<\/h2>\n<p><img decoding=\"async\" src=\"https:\/\/www.sportingpedia.com\/wp-content\/uploads\/2021\/02\/football-betting-how-to-place-a-bet_what-are-sports-betting-shops.svg\" alt=\"Qu\u00e9 Son los Resguardos de Apuestas y C\u00f3mo Completarlos\" class=\"alignleft\" \/>Quiz\u00e1s los entusiastas de las apuestas se alegren de descubrir que <strong>escribir una apuesta deportiva es extremadamente sencillo y no requiere grandes conocimientos<\/strong>. Para hacer una apuesta de f\u00fatbol en una casa de apuestas, primero necesitar\u00e1s un resguardo de apuesta.<\/p>\n<p>La buena noticia es que actualmente <strong>la mayor\u00eda de las casas de apuestas ofrecen resguardos de apuestas preimpresos<\/strong>. Lo mejor de todo es que dichos resguardos contienen instrucciones que te ayudar\u00e1n a completar tu resguardo de apuesta correctamente. As\u00ed, podr\u00e1s averiguar d\u00f3nde debes poner una cruz para seleccionar tu tipo de apuesta preferido, por ejemplo. Adem\u00e1s, algunos resguardos de apuestas tambi\u00e9n tienen casillas que contienen las diferentes cantidades de dinero que los apostadores pueden apostar.<\/p>\n<p><strong>Los apostadores de f\u00fatbol tambi\u00e9n deben ser conscientes de que hay resguardos de apuestas en blanco<\/strong>. Lo que necesitas hacer es escribir el resultado que consideras m\u00e1s probable, como por ejemplo, que Chelsea gane contra Arsenal 2-1. Una vez que has verificado las cuotas y las has anotado, simplemente necesitas escribir una \u00abC\u00bb alrededor de ellas. El siguiente paso es especificar la cantidad que deseas apostar. Una vez hecho esto, solo necesitas entregar tu resguardo de apuesta al cajero. Los entusiastas de las apuestas deben asegurarse de no perder su recibo, ya que de lo contrario no podr\u00e1n cobrar sus ganancias.<\/p>\n<h2 id=\"online\">Apuestas de f\u00fatbol en l\u00ednea o presenciales<\/h2>\n<p><img decoding=\"async\" src=\"https:\/\/www.sportingpedia.com\/wp-content\/uploads\/2021\/02\/football-betting-how-to-place-a-bet_online-or-offline.svg\" alt=\"Apuestas de F\u00fatbol en L\u00ednea o Presenciales\" class=\"alignleft \" \/>Ahora que ya conoces todo el procedimiento que debes seguir para realizar una apuesta de f\u00fatbol en una casa de apuestas, te ser\u00e1 mucho m\u00e1s f\u00e1cil evaluar las <strong>ventajas y desventajas que tiene cada forma de apostar<\/strong>.<\/p>\n<p>Quiz\u00e1s ya te hayas dado cuenta de que apostar en una casa de apuestas requiere cierto esfuerzo, mientras que <strong>apostar por Internet es mucho m\u00e1s f\u00e1cil<\/strong>. Es cierto que uno de los mayores beneficios de apostar al f\u00fatbol por Internet es que ofrece a los apostadores un nivel de comodidad sin precedentes. Adem\u00e1s, es muy poco probable que encuentren problemas al realizar sus apuestas, ya que todo el procedimiento est\u00e1 extremadamente simplificado.<\/p>\n<p>Otra gran ventaja de las apuestas de f\u00fatbol en l\u00ednea es que, en la mayor\u00eda de los casos, <strong>los apostadores pueden elegir entre una amplia variedad de bonificaciones y promociones<\/strong>, una oportunidad que a menudo no est\u00e1 disponible en las casas de apuestas.<\/p>\n<p>Las apuestas presenciales tambi\u00e9n tienen varios beneficios indudables. Quiz\u00e1s la raz\u00f3n principal por la que un gran n\u00famero de amantes del f\u00fatbol prefieren las casas de apuestas sobre sus equivalentes interactivas es la sensaci\u00f3n inigualable que obtienen. Como resultado, los entusiastas del juego est\u00e1n muy entusiasmados mientras est\u00e1n en estos lugares, lo que explica que sigan siendo firmes partidarios de apostar en casas de apuestas.<\/p>\n<p>Aparte de la incre\u00edble atm\u00f3sfera, muchos jugadores consideran que las cuotas que se les ofrecen en las casas de apuestas son mucho m\u00e1s ventajosas en comparaci\u00f3n con las cuotas que se pueden encontrar en la mayor\u00eda de los sitios de apuestas de f\u00fatbol en l\u00ednea.<\/p>\n<p>Al final, <strong>lo que los amantes del f\u00fatbol podr\u00edan desear hacer es probar tanto el juego presencial como en l\u00ednea<\/strong>, para que puedan averiguar qu\u00e9 opci\u00f3n se adapta mejor a sus preferencias y estilo de juego.<\/p>\n","protected":false},"excerpt":{"rendered":"<p>Es justo decir que, actualmente, muchos apostadores de f\u00fatbol optan por casas de apuestas interactivas, principalmente porque les brindan mayor comodidad y flexibilidad. De hecho, los apostadores habr\u00e1n comprobado que encontrar una casa de apuestas adecuada puede requerir mucho esfuerzo. Independientemente del ritmo de vida acelerado que la mayor\u00eda de nosotros llevamos, muchos entusiastas de [&hellip;]<\/p>\n","protected":false},"author":8,"featured_media":0,"parent":118693,"menu_order":0,"comment_status":"closed","ping_status":"closed","template":"template-guide-page.php","meta":{"footnotes":""},"class_list":["post-118702","page","type-page","status-publish","hentry"],"yoast_head":"<!-- This site is optimized with the Yoast SEO plugin v26.6 - https:\/\/yoast.com\/wordpress\/plugins\/seo\/ -->\n<title>C\u00f3mo Hacer una Apuesta de F\u00fatbol en una Casa de Apuestas<\/title>\n<meta name=\"description\" content=\"Quiz\u00e1s, ya te hayas dado cuenta de que apostar al f\u00fatbol en una casa de apuestas requiere ciertos esfuerzos, mientras que, al mismo tiempo, apostar por Internet es mucho m\u00e1s f\u00e1cil.\" \/>\n<meta name=\"robots\" content=\"index, follow, max-snippet:-1, max-image-preview:large, max-video-preview:-1\" \/>\n<link rel=\"canonical\" href=\"https:\/\/www.sportingpedia.com\/es\/football-betting\/how-to-place-a-bet-in-a-betting-shop\/\" \/>\n<meta property=\"og:locale\" content=\"es_ES\" \/>\n<meta property=\"og:type\" content=\"article\" \/>\n<meta property=\"og:title\" content=\"C\u00f3mo Hacer una Apuesta de F\u00fatbol en una Casa de Apuestas\" \/>\n<meta property=\"og:description\" content=\"Quiz\u00e1s, ya te hayas dado cuenta de que apostar al f\u00fatbol en una casa de apuestas requiere ciertos esfuerzos, mientras que, al mismo tiempo, apostar por Internet es mucho m\u00e1s f\u00e1cil.\" \/>\n<meta property=\"og:url\" content=\"https:\/\/www.sportingpedia.com\/es\/football-betting\/how-to-place-a-bet-in-a-betting-shop\/\" \/>\n<meta property=\"og:site_name\" content=\"Sportingpedia - Latest Sports News From All Over the World\" \/>\n<meta property=\"article:modified_time\" content=\"2025-11-25T10:58:51+00:00\" \/>\n<meta property=\"og:image\" content=\"https:\/\/www.sportingpedia.com\/wp-content\/uploads\/2021\/02\/football-betting-how-to-place-a-bet.svg\" \/>\n<meta name=\"twitter:card\" content=\"summary_large_image\" \/>\n<meta name=\"twitter:label1\" content=\"Tiempo de lectura\" \/>\n\t<meta name=\"twitter:data1\" content=\"7 minutos\" \/>\n<script type=\"application\/ld+json\" class=\"yoast-schema-graph\">{\"@context\":\"https:\/\/schema.org\",\"@graph\":[{\"@type\":\"WebPage\",\"@id\":\"https:\/\/www.sportingpedia.com\/es\/football-betting\/how-to-place-a-bet-in-a-betting-shop\/\",\"url\":\"https:\/\/www.sportingpedia.com\/es\/football-betting\/how-to-place-a-bet-in-a-betting-shop\/\",\"name\":\"C\u00f3mo Hacer una Apuesta de F\u00fatbol en una Casa de Apuestas\",\"isPartOf\":{\"@id\":\"https:\/\/www.sportingpedia.com\/es\/#website\"},\"primaryImageOfPage\":{\"@id\":\"https:\/\/www.sportingpedia.com\/es\/football-betting\/how-to-place-a-bet-in-a-betting-shop\/#primaryimage\"},\"image\":{\"@id\":\"https:\/\/www.sportingpedia.com\/es\/football-betting\/how-to-place-a-bet-in-a-betting-shop\/#primaryimage\"},\"thumbnailUrl\":\"https:\/\/www.sportingpedia.com\/wp-content\/uploads\/2021\/02\/football-betting-how-to-place-a-bet.svg\",\"datePublished\":\"2025-04-10T07:59:28+00:00\",\"dateModified\":\"2025-11-25T10:58:51+00:00\",\"description\":\"Quiz\u00e1s, ya te hayas dado cuenta de que apostar al f\u00fatbol en una casa de apuestas requiere ciertos esfuerzos, mientras que, al mismo tiempo, apostar por Internet es mucho m\u00e1s f\u00e1cil.\",\"breadcrumb\":{\"@id\":\"https:\/\/www.sportingpedia.com\/es\/football-betting\/how-to-place-a-bet-in-a-betting-shop\/#breadcrumb\"},\"inLanguage\":\"es\",\"potentialAction\":[{\"@type\":\"ReadAction\",\"target\":[\"https:\/\/www.sportingpedia.com\/es\/football-betting\/how-to-place-a-bet-in-a-betting-shop\/\"]}]},{\"@type\":\"ImageObject\",\"inLanguage\":\"es\",\"@id\":\"https:\/\/www.sportingpedia.com\/es\/football-betting\/how-to-place-a-bet-in-a-betting-shop\/#primaryimage\",\"url\":\"https:\/\/www.sportingpedia.com\/wp-content\/uploads\/2021\/02\/football-betting-how-to-place-a-bet.svg\",\"contentUrl\":\"https:\/\/www.sportingpedia.com\/wp-content\/uploads\/2021\/02\/football-betting-how-to-place-a-bet.svg\"},{\"@type\":\"BreadcrumbList\",\"@id\":\"https:\/\/www.sportingpedia.com\/es\/football-betting\/how-to-place-a-bet-in-a-betting-shop\/#breadcrumb\",\"itemListElement\":[{\"@type\":\"ListItem\",\"position\":1,\"name\":\"Inicio\",\"item\":\"https:\/\/www.sportingpedia.com\/es\/home-2\/\"},{\"@type\":\"ListItem\",\"position\":2,\"name\":\"Apuestas de F\u00fatbol\",\"item\":\"https:\/\/www.sportingpedia.com\/es\/football-betting\/\"},{\"@type\":\"ListItem\",\"position\":3,\"name\":\"C\u00f3mo Apostar en una Casa de Apuestas\"}]},{\"@type\":\"WebSite\",\"@id\":\"https:\/\/www.sportingpedia.com\/es\/#website\",\"url\":\"https:\/\/www.sportingpedia.com\/es\/\",\"name\":\"Sportingpedia - Latest Sports News From All Over the World\",\"description\":\"\",\"publisher\":{\"@id\":\"https:\/\/www.sportingpedia.com\/es\/#organization\"},\"potentialAction\":[{\"@type\":\"SearchAction\",\"target\":{\"@type\":\"EntryPoint\",\"urlTemplate\":\"https:\/\/www.sportingpedia.com\/es\/?s={search_term_string}\"},\"query-input\":{\"@type\":\"PropertyValueSpecification\",\"valueRequired\":true,\"valueName\":\"search_term_string\"}}],\"inLanguage\":\"es\"},{\"@type\":\"Organization\",\"@id\":\"https:\/\/www.sportingpedia.com\/es\/#organization\",\"name\":\"SportingPedia\",\"url\":\"https:\/\/www.sportingpedia.com\/es\/\",\"logo\":{\"@type\":\"ImageObject\",\"inLanguage\":\"es\",\"@id\":\"https:\/\/www.sportingpedia.com\/es\/#\/schema\/logo\/image\/\",\"url\":\"https:\/\/www.sportingpedia.com\/wp-content\/uploads\/2019\/10\/SportingPedia_logo.png\",\"contentUrl\":\"https:\/\/www.sportingpedia.com\/wp-content\/uploads\/2019\/10\/SportingPedia_logo.png\",\"width\":600,\"height\":101,\"caption\":\"SportingPedia\"},\"image\":{\"@id\":\"https:\/\/www.sportingpedia.com\/es\/#\/schema\/logo\/image\/\"}}]}<\/script>\n<!-- \/ Yoast SEO plugin. -->","yoast_head_json":{"title":"C\u00f3mo Hacer una Apuesta de F\u00fatbol en una Casa de Apuestas","description":"Quiz\u00e1s, ya te hayas dado cuenta de que apostar al f\u00fatbol en una casa de apuestas requiere ciertos esfuerzos, mientras que, al mismo tiempo, apostar por Internet es mucho m\u00e1s f\u00e1cil.","robots":{"index":"index","follow":"follow","max-snippet":"max-snippet:-1","max-image-preview":"max-image-preview:large","max-video-preview":"max-video-preview:-1"},"canonical":"https:\/\/www.sportingpedia.com\/es\/football-betting\/how-to-place-a-bet-in-a-betting-shop\/","og_locale":"es_ES","og_type":"article","og_title":"C\u00f3mo Hacer una Apuesta de F\u00fatbol en una Casa de Apuestas","og_description":"Quiz\u00e1s, ya te hayas dado cuenta de que apostar al f\u00fatbol en una casa de apuestas requiere ciertos esfuerzos, mientras que, al mismo tiempo, apostar por Internet es mucho m\u00e1s f\u00e1cil.","og_url":"https:\/\/www.sportingpedia.com\/es\/football-betting\/how-to-place-a-bet-in-a-betting-shop\/","og_site_name":"Sportingpedia - Latest Sports News From All Over the World","article_modified_time":"2025-11-25T10:58:51+00:00","og_image":[{"url":"https:\/\/www.sportingpedia.com\/wp-content\/uploads\/2021\/02\/football-betting-how-to-place-a-bet.svg","type":"","width":"","height":""}],"twitter_card":"summary_large_image","twitter_misc":{"Tiempo de lectura":"7 minutos"},"schema":{"@context":"https:\/\/schema.org","@graph":[{"@type":"WebPage","@id":"https:\/\/www.sportingpedia.com\/es\/football-betting\/how-to-place-a-bet-in-a-betting-shop\/","url":"https:\/\/www.sportingpedia.com\/es\/football-betting\/how-to-place-a-bet-in-a-betting-shop\/","name":"C\u00f3mo Hacer una Apuesta de F\u00fatbol en una Casa de Apuestas","isPartOf":{"@id":"https:\/\/www.sportingpedia.com\/es\/#website"},"primaryImageOfPage":{"@id":"https:\/\/www.sportingpedia.com\/es\/football-betting\/how-to-place-a-bet-in-a-betting-shop\/#primaryimage"},"image":{"@id":"https:\/\/www.sportingpedia.com\/es\/football-betting\/how-to-place-a-bet-in-a-betting-shop\/#primaryimage"},"thumbnailUrl":"https:\/\/www.sportingpedia.com\/wp-content\/uploads\/2021\/02\/football-betting-how-to-place-a-bet.svg","datePublished":"2025-04-10T07:59:28+00:00","dateModified":"2025-11-25T10:58:51+00:00","description":"Quiz\u00e1s, ya te hayas dado cuenta de que apostar al f\u00fatbol en una casa de apuestas requiere ciertos esfuerzos, mientras que, al mismo tiempo, apostar por Internet es mucho m\u00e1s f\u00e1cil.","breadcrumb":{"@id":"https:\/\/www.sportingpedia.com\/es\/football-betting\/how-to-place-a-bet-in-a-betting-shop\/#breadcrumb"},"inLanguage":"es","potentialAction":[{"@type":"ReadAction","target":["https:\/\/www.sportingpedia.com\/es\/football-betting\/how-to-place-a-bet-in-a-betting-shop\/"]}]},{"@type":"ImageObject","inLanguage":"es","@id":"https:\/\/www.sportingpedia.com\/es\/football-betting\/how-to-place-a-bet-in-a-betting-shop\/#primaryimage","url":"https:\/\/www.sportingpedia.com\/wp-content\/uploads\/2021\/02\/football-betting-how-to-place-a-bet.svg","contentUrl":"https:\/\/www.sportingpedia.com\/wp-content\/uploads\/2021\/02\/football-betting-how-to-place-a-bet.svg"},{"@type":"BreadcrumbList","@id":"https:\/\/www.sportingpedia.com\/es\/football-betting\/how-to-place-a-bet-in-a-betting-shop\/#breadcrumb","itemListElement":[{"@type":"ListItem","position":1,"name":"Inicio","item":"https:\/\/www.sportingpedia.com\/es\/home-2\/"},{"@type":"ListItem","position":2,"name":"Apuestas de F\u00fatbol","item":"https:\/\/www.sportingpedia.com\/es\/football-betting\/"},{"@type":"ListItem","position":3,"name":"C\u00f3mo Apostar en una Casa de Apuestas"}]},{"@type":"WebSite","@id":"https:\/\/www.sportingpedia.com\/es\/#website","url":"https:\/\/www.sportingpedia.com\/es\/","name":"Sportingpedia - Latest Sports News From All Over the World","description":"","publisher":{"@id":"https:\/\/www.sportingpedia.com\/es\/#organization"},"potentialAction":[{"@type":"SearchAction","target":{"@type":"EntryPoint","urlTemplate":"https:\/\/www.sportingpedia.com\/es\/?s={search_term_string}"},"query-input":{"@type":"PropertyValueSpecification","valueRequired":true,"valueName":"search_term_string"}}],"inLanguage":"es"},{"@type":"Organization","@id":"https:\/\/www.sportingpedia.com\/es\/#organization","name":"SportingPedia","url":"https:\/\/www.sportingpedia.com\/es\/","logo":{"@type":"ImageObject","inLanguage":"es","@id":"https:\/\/www.sportingpedia.com\/es\/#\/schema\/logo\/image\/","url":"https:\/\/www.sportingpedia.com\/wp-content\/uploads\/2019\/10\/SportingPedia_logo.png","contentUrl":"https:\/\/www.sportingpedia.com\/wp-content\/uploads\/2019\/10\/SportingPedia_logo.png","width":600,"height":101,"caption":"SportingPedia"},"image":{"@id":"https:\/\/www.sportingpedia.com\/es\/#\/schema\/logo\/image\/"}}]}},"_links":{"self":[{"href":"https:\/\/www.sportingpedia.com\/es\/wp-json\/wp\/v2\/pages\/118702","targetHints":{"allow":["GET"]}}],"collection":[{"href":"https:\/\/www.sportingpedia.com\/es\/wp-json\/wp\/v2\/pages"}],"about":[{"href":"https:\/\/www.sportingpedia.com\/es\/wp-json\/wp\/v2\/types\/page"}],"author":[{"embeddable":true,"href":"https:\/\/www.sportingpedia.com\/es\/wp-json\/wp\/v2\/users\/8"}],"replies":[{"embeddable":true,"href":"https:\/\/www.sportingpedia.com\/es\/wp-json\/wp\/v2\/comments?post=118702"}],"version-history":[{"count":4,"href":"https:\/\/www.sportingpedia.com\/es\/wp-json\/wp\/v2\/pages\/118702\/revisions"}],"predecessor-version":[{"id":147298,"href":"https:\/\/www.sportingpedia.com\/es\/wp-json\/wp\/v2\/pages\/118702\/revisions\/147298"}],"up":[{"embeddable":true,"href":"https:\/\/www.sportingpedia.com\/es\/wp-json\/wp\/v2\/pages\/118693"}],"wp:attachment":[{"href":"https:\/\/www.sportingpedia.com\/es\/wp-json\/wp\/v2\/media?parent=118702"}],"curies":[{"name":"wp","href":"https:\/\/api.w.org\/{rel}","templated":true}]}}