{"id":118704,"date":"2025-04-10T07:59:28","date_gmt":"2025-04-10T07:59:28","guid":{"rendered":"https:\/\/www.sportingpedia.com\/?page_id=118704"},"modified":"2025-11-25T12:23:26","modified_gmt":"2025-11-25T12:23:26","slug":"accumulators-explained","status":"publish","type":"page","link":"https:\/\/www.sportingpedia.com\/es\/football-betting\/accumulators-explained\/","title":{"rendered":"Explicaci\u00f3n de las Acumuladoras de F\u00fatbol"},"content":{"rendered":"<p><img decoding=\"async\" src=\"https:\/\/www.sportingpedia.com\/wp-content\/uploads\/2021\/02\/football-betting-accumulators-explained.svg\" alt=\"Football Accumulators Explained\" width=\"300\" class=\"alignleft \" \/>Las apuestas acumuladoras, o combinadas como tambi\u00e9n se las conoce, pertenecen a la categor\u00eda de <strong>uno de los m\u00e9todos de apuesta m\u00e1s populares en el f\u00fatbol<\/strong>. En esencia, cualquier apostador de f\u00fatbol con experiencia te dir\u00e1 que conviene familiarizarte con los pormenores de este tipo de apuestas, y la raz\u00f3n m\u00e1s obvia son los pagos que podr\u00edan otorgar.<\/p>\n\n<p>Aun as\u00ed, los aficionados al f\u00fatbol deben tener en cuenta que acertar cuando <strong>se realizan este tipo de apuestas puede resultar una tarea bastante ardua<\/strong>. Por supuesto, esto no significa que los fan\u00e1ticos del f\u00fatbol deban evitarlas solo porque requieran m\u00e1s experiencia y suerte.<\/p>\n<div class=\"clear\"><\/div>\n<ol class=\"bookies-grid\">\r\n\t<li>\r\n\t\t<a rel=\"nofollow\" target=\"_blank\" href=\"\/out\/mybookie?au&#x3D;138&amp;bp&#x3D;1\"<\/a>\r\n\t\t\t<figure>\r\n\t\t\t  \t<img decoding=\"async\" src=\"https:\/\/www.sportingpedia.com\/wp-content\/uploads\/logos\/lg-mybookie-logo.jpg\" width=\"110\" height=\"55\">\r\n\t\t\t<\/figure>\r\n\r\n\t\t\t<div>\r\n\t\t\t  \t<span class=\"bookie-name\">MyBookie<\/span>\r\n\r\n\t\t\t  \t<span class=\"bookie-rating\">Rating: 4.9 <b>&starf;<\/b><\/span>\r\n\t\t\t<\/div>\r\n\t\t<\/a>\r\n\t<\/li>\r\n\t<li>\r\n\t\t<a rel=\"nofollow\" target=\"_blank\" href=\"\/out\/bovada?au&#x3D;138&amp;bp&#x3D;2\"<\/a>\r\n\t\t\t<figure>\r\n\t\t\t  \t<img decoding=\"async\" src=\"https:\/\/www.sportingpedia.com\/wp-content\/uploads\/logos\/lg-bovada-logo.jpg\" width=\"110\" height=\"55\">\r\n\t\t\t<\/figure>\r\n\r\n\t\t\t<div>\r\n\t\t\t  \t<span class=\"bookie-name\">Bovada<\/span>\r\n\r\n\t\t\t  \t<span class=\"bookie-rating\">Rating: 4.8 <b>&starf;<\/b><\/span>\r\n\t\t\t<\/div>\r\n\t\t<\/a>\r\n\t<\/li>\r\n\t<li>\r\n\t\t<a rel=\"nofollow\" target=\"_blank\" href=\"\/out\/xbet?au&#x3D;138&amp;bp&#x3D;3\"<\/a>\r\n\t\t\t<figure>\r\n\t\t\t  \t<img decoding=\"async\" src=\"https:\/\/www.sportingpedia.com\/wp-content\/uploads\/logos\/lg-xbet-logo.jpg\" width=\"110\" height=\"55\">\r\n\t\t\t<\/figure>\r\n\r\n\t\t\t<div>\r\n\t\t\t  \t<span class=\"bookie-name\">XBet<\/span>\r\n\r\n\t\t\t  \t<span class=\"bookie-rating\">Rating: 4.7 <b>&starf;<\/b><\/span>\r\n\t\t\t<\/div>\r\n\t\t<\/a>\r\n\t<\/li>\r\n\t<li>\r\n\t\t<a rel=\"nofollow\" target=\"_blank\" href=\"\/out\/intertops?au&#x3D;138&amp;bp&#x3D;4\"<\/a>\r\n\t\t\t<figure>\r\n\t\t\t  \t<img decoding=\"async\" src=\"https:\/\/www.sportingpedia.com\/wp-content\/uploads\/logos\/lg-everygame-logo.webp\" width=\"110\" height=\"55\">\r\n\t\t\t<\/figure>\r\n\r\n\t\t\t<div>\r\n\t\t\t  \t<span class=\"bookie-name\">Everygame<\/span>\r\n\r\n\t\t\t  \t<span class=\"bookie-rating\">Rating: 4.6 <b>&starf;<\/b><\/span>\r\n\t\t\t<\/div>\r\n\t\t<\/a>\r\n\t<\/li>\r\n\t<li>\r\n\t\t<a rel=\"nofollow\" target=\"_blank\" href=\"\/out\/betusr?au&#x3D;138&amp;bp&#x3D;5\"<\/a>\r\n\t\t\t<figure>\r\n\t\t\t  \t<img decoding=\"async\" src=\"https:\/\/www.sportingpedia.com\/wp-content\/uploads\/logos\/lg-betusr-logo.jpg\" width=\"110\" height=\"55\">\r\n\t\t\t<\/figure>\r\n\r\n\t\t\t<div>\r\n\t\t\t  \t<span class=\"bookie-name\">BetUSR<\/span>\r\n\r\n\t\t\t  \t<span class=\"bookie-rating\">Rating: 4.5 <b>&starf;<\/b><\/span>\r\n\t\t\t<\/div>\r\n\t\t<\/a>\r\n\t<\/li>\r\n\t<li>\r\n\t\t<a rel=\"nofollow\" target=\"_blank\" href=\"\/out\/vave?au&#x3D;138&amp;bp&#x3D;6\"<\/a>\r\n\t\t\t<figure>\r\n\t\t\t  \t<img decoding=\"async\" src=\"https:\/\/www.sportingpedia.com\/wp-content\/uploads\/logos\/lg-vave-logo.webp\" width=\"110\" height=\"55\">\r\n\t\t\t<\/figure>\r\n\r\n\t\t\t<div>\r\n\t\t\t  \t<span class=\"bookie-name\">Vave<\/span>\r\n\r\n\t\t\t  \t<span class=\"bookie-rating\">Rating: 4.4 <b>&starf;<\/b><\/span>\r\n\t\t\t<\/div>\r\n\t\t<\/a>\r\n\t<\/li>\r\n<\/ol><script>\n  setTimeout(function(){\n    if(!document.getElementById('JasHAAffsaMosaAdsANa2i')) {\n      jQuery('a[target=\"_blank\"]').removeAttr('target');\n    }\n  }, 1000);\n<\/script>\n\n<p>As\u00ed, siempre que busques a\u00f1adir un extra de emoci\u00f3n a tu sesi\u00f3n de apuestas, las apuestas acumuladoras pueden ser la mejor opci\u00f3n. Si deseas aprender lo b\u00e1sico de esta modalidad de apuestas m\u00faltiples en f\u00fatbol, simplemente <strong>sigue leyendo<\/strong>.<\/p>\n<h2 id=\"accumulators\">Qu\u00e9 son las apuestas acumuladas de f\u00fatbol<\/h2>\n<p><img decoding=\"async\" src=\"https:\/\/www.sportingpedia.com\/wp-content\/uploads\/2021\/02\/football-betting-accumulators-explained_what-are-football-accumulators.svg\" alt=\"Qu\u00e9 Son Las Apuestas Acumuladas de F\u00fatbol\" width=\"300\" class=\"alignleft\" \/>Es justo decir que las apuestas acumuladas se encuentran entre las favoritas de los aficionados no solo por el valor que pueden aportar, sino tambi\u00e9n porque funcionan de manera extremadamente sencilla. Una de las primeras cosas que los aficionados al f\u00fatbol deben recordar es que <strong>acumulador y parlay son t\u00e9rminos que se utilizan para referirse a la misma forma de apostar en f\u00fatbol<\/strong>. En cuanto al t\u00e9rmino \u00abapuestas acumuladas\u00bb, lo utilizan los entusiastas del juego de casi todas las partes del mundo, con la \u00fanica excepci\u00f3n de los Estados Unidos de Am\u00e9rica, donde se emplea el t\u00e9rmino \u00abparlay\u00bb.<\/p>\n<p>Una vez aclarado esto, lo siguiente que debes aprender es qu\u00e9 son las apuestas acumuladas. Aunque puedan parecer intimidantes al principio, no debes preocuparte, ya que en la pr\u00e1ctica son simplemente apuestas que re\u00fanen dos o m\u00e1s selecciones en un solo boleto. En otras palabras, <strong>los apostadores de f\u00fatbol est\u00e1n realizando varias predicciones al mismo tiempo<\/strong>. Al agrupar varias apuestas en una sola apuesta acumulada tambi\u00e9n unes las cuotas, por lo que tienes la oportunidad de obtener ganancias notables.<\/p>\n<p>Sin embargo, una de las mayores dificultades de estas apuestas es que solo cobrar\u00e1s si todas las selecciones que hayas hecho resultan correctas. Esta es una de las principales razones por las que se consideran una de las apuestas m\u00e1s arriesgadas en el f\u00fatbol. Aunque en la pr\u00e1ctica pueden abarcar casi cualquier tipo de mercado, <strong>al realizar apuestas acumuladas los entusiastas del juego suelen apostar al resultado final de varios partidos<\/strong>.<\/p>\n<p>Como se indic\u00f3 anteriormente, lo m\u00e1s desafiante de las apuestas acumuladas es acertar todas las selecciones. Incluso si incluyes solo dos pron\u00f3sticos, tus probabilidades de \u00e9xito ser\u00e1n menores que si hubieras hecho dos apuestas individuales en los mismos eventos. Por lo tanto, <strong>tus posibilidades de acertar disminuir\u00e1n con cada selecci\u00f3n adicional que decidas incluir<\/strong>.<\/p>\n<p>Quiz\u00e1s ahora te preguntes por qu\u00e9 los apostadores de f\u00fatbol utilizar\u00edan estas apuestas si pueden resultar tan complicadas. La explicaci\u00f3n es bastante simple: las apuestas acumuladas o parlays pueden generar pagos mucho m\u00e1s sustanciales que otras opciones disponibles para los amantes del f\u00fatbol.<\/p>\n<h2 id=\"creating\">Creaci\u00f3n de una apuesta acumulada de f\u00fatbol<\/h2>\n<p><img decoding=\"async\" src=\"https:\/\/www.sportingpedia.com\/wp-content\/uploads\/2021\/02\/football-betting-accumulators-explained_creating-acummulator-bet.svg\" alt=\"Creaci\u00f3n de una Apuesta Acumulada de F\u00fatbol\" width=\"300\" class=\"alignleft\" \/>Una vez que hayas aprendido m\u00e1s sobre las caracter\u00edsticas especiales de esta forma de apostar en f\u00fatbol, tal vez quieras <strong>saber c\u00f3mo se crean estas apuestas<\/strong>. La buena noticia es que los aficionados no deber\u00edan preocuparse, ya que crear una apuesta acumulada de f\u00fatbol no podr\u00eda ser m\u00e1s sencillo.<\/p>\n<p>Cuando hayas abierto una cuenta en la casa de apuestas virtual que cumpla con tus requisitos, inicia sesi\u00f3n y dir\u00edgete a la secci\u00f3n de f\u00fatbol. All\u00ed se te mostrar\u00e1n todos los eventos en los que puedes incluir tu apuesta acumulada. Los aficionados deben recordar que no est\u00e1n obligados a limitarse a un solo torneo o liga, ya que <strong>pueden distribuir sus pron\u00f3sticos en varias competiciones<\/strong>. Adem\u00e1s, los eventos elegidos no tienen por qu\u00e9 celebrarse el mismo d\u00eda.<\/p>\n<p>Supongamos que decides apostar en un enfrentamiento entre Liverpool y Crystal Palace, en el que la victoria de Liverpool paga 1,85. Luego eliges el duelo entre Manchester United y Arsenal, con una cuota de 2,10 a favor del Manchester United. Por \u00faltimo, seleccionas el partido entre Stoke City y Manchester City, en el que la victoria de Stoke City paga 2,30. <\/p>\n<p>Aparte de las opciones tradicionales, como apostar a un empate, una victoria o una derrota, los apostadores tambi\u00e9n pueden hacer predicciones relacionadas con el <strong>primer y \u00faltimo goleador, el n\u00famero total de goles anotados<\/strong>, y mucho m\u00e1s. Es importante se\u00f1alar que, cuando mires tu boleto, las selecciones aparecer\u00e1n como apuestas simples. Lo que debes hacer es localizar la opci\u00f3n de apuesta acumulada e introducir la cantidad que deseas apostar.<\/p>\n<h2 id=\"estimating\">Estimando tus ganancias potenciales<\/h2>\n<p><img decoding=\"async\" src=\"https:\/\/www.sportingpedia.com\/wp-content\/uploads\/2021\/02\/football-betting-accumulators-explained_estimating-your-potential-returns.svg\" alt=\"Estimando Tus Potenciales Ganancias\" width=\"300\" class=\"alignleft \" \/>Prestemos ahora m\u00e1s atenci\u00f3n a los ejemplos anteriores. Tu apuesta acumulada ser\u00e1 ganadora siempre y cuando Liverpool, Manchester United y Stoke City resulten victoriosos. En cuanto al menos uno de los enfrentamientos termine en empate o gane el rival, tu apuesta acumulada se convertir\u00e1 de inmediato en perdedora. Por ello, <strong>tus probabilidades de acertar las tres selecciones son mucho menores<\/strong> que al hacer esos pron\u00f3sticos de forma individual.<\/p>\n<p>Quiz\u00e1s surja entonces la pregunta de por qu\u00e9 arriesgar tu dinero cuando podr\u00edas jugar sobre seguro y realizar tres apuestas individuales. Aunque al principio parezca una elecci\u00f3n obvia, descubrir\u00e1s que la forma en que se calculan las cuotas en cada caso afecta significativamente tu ganancia total.<\/p>\n<p>Supongamos que optas por la v\u00eda conservadora y realizas tres apuestas individuales de $10. En el primer caso, una apuesta ganadora a Liverpool te reportar\u00e1 $18,50, lo que supone una ganancia de $8,50. Si has apostado por Manchester United y el equipo vence, <strong>cobrar\u00e1s $21<\/strong>, es decir, obtendr\u00e1s una ganancia de $11. Si tu apuesta a Stoke City resulta ganadora, recibir\u00e1s $23 y tu ganancia ser\u00e1 de $13. As\u00ed, estar\u00e1s arriesgando $30 para conseguir un beneficio total de $32,50.<\/p>\n<p>Ahora, imaginemos que decides adoptar otro enfoque y haces una apuesta acumulada. Esta vez, <strong>debes multiplicar las cuotas ofrecidas en cada uno de los enfrentamientos<\/strong>. La ecuaci\u00f3n ser\u00eda la siguiente: 2,30 \u00d7 2,10 \u00d7 1,85 = 8,94. A continuaci\u00f3n, multiplica este valor por el importe apostado, que en nuestro caso es $30. De este modo, el retorno potencial ser\u00e1 de $268,20, lo que significa que una apuesta acumulada ganadora te brindar\u00e1 un beneficio de $238,20.<\/p>\n<p>Como puedes ver, <strong>la diferencia entre ambos escenarios es considerable<\/strong>, y esa es precisamente la raz\u00f3n por la que muchos aficionados al f\u00fatbol se decantan por las apuestas acumuladas. Por el contrario, algunos consideran que no valen la pena porque es dif\u00edcil acertar todas las predicciones. Sin embargo, el riesgo puede merecer la pena, sobre todo cuando el posible beneficio es tan atractivo.<\/p>\n<p>Aunque esto sea cierto, los apostadores de f\u00fatbol deber\u00edan esforzarse por encontrar un punto medio con las apuestas acumuladas, pues con bastante frecuencia pueden sentirse tentados a a\u00f1adir m\u00e1s y m\u00e1s selecciones en busca de un beneficio mayor. Tal vez ya hayas adivinado por qu\u00e9 ese enfoque ser\u00eda completamente err\u00f3neo.<\/p>\n","protected":false},"excerpt":{"rendered":"<p>Las apuestas acumuladoras, o combinadas como tambi\u00e9n se las conoce, pertenecen a la categor\u00eda de uno de los m\u00e9todos de apuesta m\u00e1s populares en el f\u00fatbol. En esencia, cualquier apostador de f\u00fatbol con experiencia te dir\u00e1 que conviene familiarizarte con los pormenores de este tipo de apuestas, y la raz\u00f3n m\u00e1s obvia son los pagos [&hellip;]<\/p>\n","protected":false},"author":8,"featured_media":0,"parent":118693,"menu_order":0,"comment_status":"closed","ping_status":"closed","template":"template-guide-page.php","meta":{"footnotes":""},"class_list":["post-118704","page","type-page","status-publish","hentry"],"yoast_head":"<!-- This site is optimized with the Yoast SEO plugin v26.6 - https:\/\/yoast.com\/wordpress\/plugins\/seo\/ -->\n<title>Acumuladores de F\u00fatbol Explicados<\/title>\n<meta name=\"description\" content=\"Las apuestas acumuladoras o combinadas, como tambi\u00e9n se les conoce, caen en la categor\u00eda de una de las maneras m\u00e1s preferidas de apostar en el f\u00fatbol.\" \/>\n<meta name=\"robots\" content=\"index, follow, max-snippet:-1, max-image-preview:large, max-video-preview:-1\" \/>\n<link rel=\"canonical\" href=\"https:\/\/www.sportingpedia.com\/es\/football-betting\/accumulators-explained\/\" \/>\n<meta property=\"og:locale\" content=\"es_ES\" \/>\n<meta property=\"og:type\" content=\"article\" \/>\n<meta property=\"og:title\" content=\"Acumuladores de F\u00fatbol Explicados\" \/>\n<meta property=\"og:description\" content=\"Las apuestas acumuladoras o combinadas, como tambi\u00e9n se les conoce, caen en la categor\u00eda de una de las maneras m\u00e1s preferidas de apostar en el f\u00fatbol.\" \/>\n<meta property=\"og:url\" content=\"https:\/\/www.sportingpedia.com\/es\/football-betting\/accumulators-explained\/\" \/>\n<meta property=\"og:site_name\" content=\"Sportingpedia - Latest Sports News From All Over the World\" \/>\n<meta property=\"article:modified_time\" content=\"2025-11-25T12:23:26+00:00\" \/>\n<meta property=\"og:image\" content=\"https:\/\/www.sportingpedia.com\/wp-content\/uploads\/2021\/02\/football-betting-accumulators-explained.svg\" \/>\n<meta name=\"twitter:card\" content=\"summary_large_image\" \/>\n<meta name=\"twitter:label1\" content=\"Tiempo de lectura\" \/>\n\t<meta name=\"twitter:data1\" content=\"6 minutos\" \/>\n<script type=\"application\/ld+json\" class=\"yoast-schema-graph\">{\"@context\":\"https:\/\/schema.org\",\"@graph\":[{\"@type\":\"WebPage\",\"@id\":\"https:\/\/www.sportingpedia.com\/es\/football-betting\/accumulators-explained\/\",\"url\":\"https:\/\/www.sportingpedia.com\/es\/football-betting\/accumulators-explained\/\",\"name\":\"Acumuladores de F\u00fatbol Explicados\",\"isPartOf\":{\"@id\":\"https:\/\/www.sportingpedia.com\/es\/#website\"},\"primaryImageOfPage\":{\"@id\":\"https:\/\/www.sportingpedia.com\/es\/football-betting\/accumulators-explained\/#primaryimage\"},\"image\":{\"@id\":\"https:\/\/www.sportingpedia.com\/es\/football-betting\/accumulators-explained\/#primaryimage\"},\"thumbnailUrl\":\"https:\/\/www.sportingpedia.com\/wp-content\/uploads\/2021\/02\/football-betting-accumulators-explained.svg\",\"datePublished\":\"2025-04-10T07:59:28+00:00\",\"dateModified\":\"2025-11-25T12:23:26+00:00\",\"description\":\"Las apuestas acumuladoras o combinadas, como tambi\u00e9n se les conoce, caen en la categor\u00eda de una de las maneras m\u00e1s preferidas de apostar en el f\u00fatbol.\",\"breadcrumb\":{\"@id\":\"https:\/\/www.sportingpedia.com\/es\/football-betting\/accumulators-explained\/#breadcrumb\"},\"inLanguage\":\"es\",\"potentialAction\":[{\"@type\":\"ReadAction\",\"target\":[\"https:\/\/www.sportingpedia.com\/es\/football-betting\/accumulators-explained\/\"]}]},{\"@type\":\"ImageObject\",\"inLanguage\":\"es\",\"@id\":\"https:\/\/www.sportingpedia.com\/es\/football-betting\/accumulators-explained\/#primaryimage\",\"url\":\"https:\/\/www.sportingpedia.com\/wp-content\/uploads\/2021\/02\/football-betting-accumulators-explained.svg\",\"contentUrl\":\"https:\/\/www.sportingpedia.com\/wp-content\/uploads\/2021\/02\/football-betting-accumulators-explained.svg\"},{\"@type\":\"BreadcrumbList\",\"@id\":\"https:\/\/www.sportingpedia.com\/es\/football-betting\/accumulators-explained\/#breadcrumb\",\"itemListElement\":[{\"@type\":\"ListItem\",\"position\":1,\"name\":\"Inicio\",\"item\":\"https:\/\/www.sportingpedia.com\/es\/home-2\/\"},{\"@type\":\"ListItem\",\"position\":2,\"name\":\"Apuestas de F\u00fatbol\",\"item\":\"https:\/\/www.sportingpedia.com\/es\/football-betting\/\"},{\"@type\":\"ListItem\",\"position\":3,\"name\":\"Explicaci\u00f3n de las Acumuladoras de F\u00fatbol\"}]},{\"@type\":\"WebSite\",\"@id\":\"https:\/\/www.sportingpedia.com\/es\/#website\",\"url\":\"https:\/\/www.sportingpedia.com\/es\/\",\"name\":\"Sportingpedia - Latest Sports News From All Over the World\",\"description\":\"\",\"publisher\":{\"@id\":\"https:\/\/www.sportingpedia.com\/es\/#organization\"},\"potentialAction\":[{\"@type\":\"SearchAction\",\"target\":{\"@type\":\"EntryPoint\",\"urlTemplate\":\"https:\/\/www.sportingpedia.com\/es\/?s={search_term_string}\"},\"query-input\":{\"@type\":\"PropertyValueSpecification\",\"valueRequired\":true,\"valueName\":\"search_term_string\"}}],\"inLanguage\":\"es\"},{\"@type\":\"Organization\",\"@id\":\"https:\/\/www.sportingpedia.com\/es\/#organization\",\"name\":\"SportingPedia\",\"url\":\"https:\/\/www.sportingpedia.com\/es\/\",\"logo\":{\"@type\":\"ImageObject\",\"inLanguage\":\"es\",\"@id\":\"https:\/\/www.sportingpedia.com\/es\/#\/schema\/logo\/image\/\",\"url\":\"https:\/\/www.sportingpedia.com\/wp-content\/uploads\/2019\/10\/SportingPedia_logo.png\",\"contentUrl\":\"https:\/\/www.sportingpedia.com\/wp-content\/uploads\/2019\/10\/SportingPedia_logo.png\",\"width\":600,\"height\":101,\"caption\":\"SportingPedia\"},\"image\":{\"@id\":\"https:\/\/www.sportingpedia.com\/es\/#\/schema\/logo\/image\/\"}}]}<\/script>\n<!-- \/ Yoast SEO plugin. -->","yoast_head_json":{"title":"Acumuladores de F\u00fatbol Explicados","description":"Las apuestas acumuladoras o combinadas, como tambi\u00e9n se les conoce, caen en la categor\u00eda de una de las maneras m\u00e1s preferidas de apostar en el f\u00fatbol.","robots":{"index":"index","follow":"follow","max-snippet":"max-snippet:-1","max-image-preview":"max-image-preview:large","max-video-preview":"max-video-preview:-1"},"canonical":"https:\/\/www.sportingpedia.com\/es\/football-betting\/accumulators-explained\/","og_locale":"es_ES","og_type":"article","og_title":"Acumuladores de F\u00fatbol Explicados","og_description":"Las apuestas acumuladoras o combinadas, como tambi\u00e9n se les conoce, caen en la categor\u00eda de una de las maneras m\u00e1s preferidas de apostar en el f\u00fatbol.","og_url":"https:\/\/www.sportingpedia.com\/es\/football-betting\/accumulators-explained\/","og_site_name":"Sportingpedia - Latest Sports News From All Over the World","article_modified_time":"2025-11-25T12:23:26+00:00","og_image":[{"url":"https:\/\/www.sportingpedia.com\/wp-content\/uploads\/2021\/02\/football-betting-accumulators-explained.svg","type":"","width":"","height":""}],"twitter_card":"summary_large_image","twitter_misc":{"Tiempo de lectura":"6 minutos"},"schema":{"@context":"https:\/\/schema.org","@graph":[{"@type":"WebPage","@id":"https:\/\/www.sportingpedia.com\/es\/football-betting\/accumulators-explained\/","url":"https:\/\/www.sportingpedia.com\/es\/football-betting\/accumulators-explained\/","name":"Acumuladores de F\u00fatbol Explicados","isPartOf":{"@id":"https:\/\/www.sportingpedia.com\/es\/#website"},"primaryImageOfPage":{"@id":"https:\/\/www.sportingpedia.com\/es\/football-betting\/accumulators-explained\/#primaryimage"},"image":{"@id":"https:\/\/www.sportingpedia.com\/es\/football-betting\/accumulators-explained\/#primaryimage"},"thumbnailUrl":"https:\/\/www.sportingpedia.com\/wp-content\/uploads\/2021\/02\/football-betting-accumulators-explained.svg","datePublished":"2025-04-10T07:59:28+00:00","dateModified":"2025-11-25T12:23:26+00:00","description":"Las apuestas acumuladoras o combinadas, como tambi\u00e9n se les conoce, caen en la categor\u00eda de una de las maneras m\u00e1s preferidas de apostar en el f\u00fatbol.","breadcrumb":{"@id":"https:\/\/www.sportingpedia.com\/es\/football-betting\/accumulators-explained\/#breadcrumb"},"inLanguage":"es","potentialAction":[{"@type":"ReadAction","target":["https:\/\/www.sportingpedia.com\/es\/football-betting\/accumulators-explained\/"]}]},{"@type":"ImageObject","inLanguage":"es","@id":"https:\/\/www.sportingpedia.com\/es\/football-betting\/accumulators-explained\/#primaryimage","url":"https:\/\/www.sportingpedia.com\/wp-content\/uploads\/2021\/02\/football-betting-accumulators-explained.svg","contentUrl":"https:\/\/www.sportingpedia.com\/wp-content\/uploads\/2021\/02\/football-betting-accumulators-explained.svg"},{"@type":"BreadcrumbList","@id":"https:\/\/www.sportingpedia.com\/es\/football-betting\/accumulators-explained\/#breadcrumb","itemListElement":[{"@type":"ListItem","position":1,"name":"Inicio","item":"https:\/\/www.sportingpedia.com\/es\/home-2\/"},{"@type":"ListItem","position":2,"name":"Apuestas de F\u00fatbol","item":"https:\/\/www.sportingpedia.com\/es\/football-betting\/"},{"@type":"ListItem","position":3,"name":"Explicaci\u00f3n de las Acumuladoras de F\u00fatbol"}]},{"@type":"WebSite","@id":"https:\/\/www.sportingpedia.com\/es\/#website","url":"https:\/\/www.sportingpedia.com\/es\/","name":"Sportingpedia - Latest Sports News From All Over the World","description":"","publisher":{"@id":"https:\/\/www.sportingpedia.com\/es\/#organization"},"potentialAction":[{"@type":"SearchAction","target":{"@type":"EntryPoint","urlTemplate":"https:\/\/www.sportingpedia.com\/es\/?s={search_term_string}"},"query-input":{"@type":"PropertyValueSpecification","valueRequired":true,"valueName":"search_term_string"}}],"inLanguage":"es"},{"@type":"Organization","@id":"https:\/\/www.sportingpedia.com\/es\/#organization","name":"SportingPedia","url":"https:\/\/www.sportingpedia.com\/es\/","logo":{"@type":"ImageObject","inLanguage":"es","@id":"https:\/\/www.sportingpedia.com\/es\/#\/schema\/logo\/image\/","url":"https:\/\/www.sportingpedia.com\/wp-content\/uploads\/2019\/10\/SportingPedia_logo.png","contentUrl":"https:\/\/www.sportingpedia.com\/wp-content\/uploads\/2019\/10\/SportingPedia_logo.png","width":600,"height":101,"caption":"SportingPedia"},"image":{"@id":"https:\/\/www.sportingpedia.com\/es\/#\/schema\/logo\/image\/"}}]}},"_links":{"self":[{"href":"https:\/\/www.sportingpedia.com\/es\/wp-json\/wp\/v2\/pages\/118704","targetHints":{"allow":["GET"]}}],"collection":[{"href":"https:\/\/www.sportingpedia.com\/es\/wp-json\/wp\/v2\/pages"}],"about":[{"href":"https:\/\/www.sportingpedia.com\/es\/wp-json\/wp\/v2\/types\/page"}],"author":[{"embeddable":true,"href":"https:\/\/www.sportingpedia.com\/es\/wp-json\/wp\/v2\/users\/8"}],"replies":[{"embeddable":true,"href":"https:\/\/www.sportingpedia.com\/es\/wp-json\/wp\/v2\/comments?post=118704"}],"version-history":[{"count":4,"href":"https:\/\/www.sportingpedia.com\/es\/wp-json\/wp\/v2\/pages\/118704\/revisions"}],"predecessor-version":[{"id":147310,"href":"https:\/\/www.sportingpedia.com\/es\/wp-json\/wp\/v2\/pages\/118704\/revisions\/147310"}],"up":[{"embeddable":true,"href":"https:\/\/www.sportingpedia.com\/es\/wp-json\/wp\/v2\/pages\/118693"}],"wp:attachment":[{"href":"https:\/\/www.sportingpedia.com\/es\/wp-json\/wp\/v2\/media?parent=118704"}],"curies":[{"name":"wp","href":"https:\/\/api.w.org\/{rel}","templated":true}]}}