{"id":118711,"date":"2025-04-10T07:59:29","date_gmt":"2025-04-10T07:59:29","guid":{"rendered":"https:\/\/www.sportingpedia.com\/?page_id=118711"},"modified":"2025-11-25T13:37:00","modified_gmt":"2025-11-25T13:37:00","slug":"cash-out-when-betting-on-football","status":"publish","type":"page","link":"https:\/\/www.sportingpedia.com\/es\/football-betting\/cash-out-when-betting-on-football\/","title":{"rendered":"Cobro Anticipado al Apostar en F\u00fatbol"},"content":{"rendered":"<p><img decoding=\"async\" src=\"https:\/\/www.sportingpedia.com\/wp-content\/uploads\/2021\/02\/football-betting-cash-out.svg\" alt=\"Cobrar al Apostar en F\u00fatbol\" width=\"300\" class=\"alignleft\" \/>Actualmente, a los amantes del f\u00fatbol les puede resultar bastante dif\u00edcil encontrar un corredor de apuestas que cumpla sus expectativas y preferencias. Por eso, los fan\u00e1ticos del f\u00fatbol tienden a prestar m\u00e1s atenci\u00f3n a algunas de las caracter\u00edsticas especiales que ofrecen los corredores de apuestas virtuales. <strong>Una de las funciones que invariablemente llama la atenci\u00f3n de los apostadores de f\u00fatbol es la opci\u00f3n de cobrar<\/strong>. No sorprende, ya que gracias a ella los entusiastas de las apuestas pueden renunciar a la apuesta que han realizado y, a cambio, recuperar una parte del importe apostado o, en algunos casos, incluso obtener una ganancia.<\/p>\n\n<p>No hay duda de que, a primera vista, la opci\u00f3n de cobrar parece irresistible. Aun as\u00ed, los apostadores deben preguntarse c\u00f3mo se calcula el cobro y si resulta rentable utilizarlo.<\/p>\n<ol class=\"bookies-grid\">\r\n\t<li>\r\n\t\t<a rel=\"nofollow\" target=\"_blank\" href=\"\/out\/mybookie?au&#x3D;138&amp;bp&#x3D;1\"<\/a>\r\n\t\t\t<figure>\r\n\t\t\t  \t<img decoding=\"async\" src=\"https:\/\/www.sportingpedia.com\/wp-content\/uploads\/logos\/lg-mybookie-logo.jpg\" width=\"110\" height=\"55\">\r\n\t\t\t<\/figure>\r\n\r\n\t\t\t<div>\r\n\t\t\t  \t<span class=\"bookie-name\">MyBookie<\/span>\r\n\r\n\t\t\t  \t<span class=\"bookie-rating\">Rating: 4.9 <b>&starf;<\/b><\/span>\r\n\t\t\t<\/div>\r\n\t\t<\/a>\r\n\t<\/li>\r\n\t<li>\r\n\t\t<a rel=\"nofollow\" target=\"_blank\" href=\"\/out\/bovada?au&#x3D;138&amp;bp&#x3D;2\"<\/a>\r\n\t\t\t<figure>\r\n\t\t\t  \t<img decoding=\"async\" src=\"https:\/\/www.sportingpedia.com\/wp-content\/uploads\/logos\/lg-bovada-logo.jpg\" width=\"110\" height=\"55\">\r\n\t\t\t<\/figure>\r\n\r\n\t\t\t<div>\r\n\t\t\t  \t<span class=\"bookie-name\">Bovada<\/span>\r\n\r\n\t\t\t  \t<span class=\"bookie-rating\">Rating: 4.8 <b>&starf;<\/b><\/span>\r\n\t\t\t<\/div>\r\n\t\t<\/a>\r\n\t<\/li>\r\n\t<li>\r\n\t\t<a rel=\"nofollow\" target=\"_blank\" href=\"\/out\/xbet?au&#x3D;138&amp;bp&#x3D;3\"<\/a>\r\n\t\t\t<figure>\r\n\t\t\t  \t<img decoding=\"async\" src=\"https:\/\/www.sportingpedia.com\/wp-content\/uploads\/logos\/lg-xbet-logo.jpg\" width=\"110\" height=\"55\">\r\n\t\t\t<\/figure>\r\n\r\n\t\t\t<div>\r\n\t\t\t  \t<span class=\"bookie-name\">XBet<\/span>\r\n\r\n\t\t\t  \t<span class=\"bookie-rating\">Rating: 4.7 <b>&starf;<\/b><\/span>\r\n\t\t\t<\/div>\r\n\t\t<\/a>\r\n\t<\/li>\r\n\t<li>\r\n\t\t<a rel=\"nofollow\" target=\"_blank\" href=\"\/out\/intertops?au&#x3D;138&amp;bp&#x3D;4\"<\/a>\r\n\t\t\t<figure>\r\n\t\t\t  \t<img decoding=\"async\" src=\"https:\/\/www.sportingpedia.com\/wp-content\/uploads\/logos\/lg-everygame-logo.webp\" width=\"110\" height=\"55\">\r\n\t\t\t<\/figure>\r\n\r\n\t\t\t<div>\r\n\t\t\t  \t<span class=\"bookie-name\">Everygame<\/span>\r\n\r\n\t\t\t  \t<span class=\"bookie-rating\">Rating: 4.6 <b>&starf;<\/b><\/span>\r\n\t\t\t<\/div>\r\n\t\t<\/a>\r\n\t<\/li>\r\n\t<li>\r\n\t\t<a rel=\"nofollow\" target=\"_blank\" href=\"\/out\/betusr?au&#x3D;138&amp;bp&#x3D;5\"<\/a>\r\n\t\t\t<figure>\r\n\t\t\t  \t<img decoding=\"async\" src=\"https:\/\/www.sportingpedia.com\/wp-content\/uploads\/logos\/lg-betusr-logo.jpg\" width=\"110\" height=\"55\">\r\n\t\t\t<\/figure>\r\n\r\n\t\t\t<div>\r\n\t\t\t  \t<span class=\"bookie-name\">BetUSR<\/span>\r\n\r\n\t\t\t  \t<span class=\"bookie-rating\">Rating: 4.5 <b>&starf;<\/b><\/span>\r\n\t\t\t<\/div>\r\n\t\t<\/a>\r\n\t<\/li>\r\n\t<li>\r\n\t\t<a rel=\"nofollow\" target=\"_blank\" href=\"\/out\/vave?au&#x3D;138&amp;bp&#x3D;6\"<\/a>\r\n\t\t\t<figure>\r\n\t\t\t  \t<img decoding=\"async\" src=\"https:\/\/www.sportingpedia.com\/wp-content\/uploads\/logos\/lg-vave-logo.webp\" width=\"110\" height=\"55\">\r\n\t\t\t<\/figure>\r\n\r\n\t\t\t<div>\r\n\t\t\t  \t<span class=\"bookie-name\">Vave<\/span>\r\n\r\n\t\t\t  \t<span class=\"bookie-rating\">Rating: 4.4 <b>&starf;<\/b><\/span>\r\n\t\t\t<\/div>\r\n\t\t<\/a>\r\n\t<\/li>\r\n<\/ol><script>\n  setTimeout(function(){\n    if(!document.getElementById('JasHAAffsaMosaAdsANa2i')) {\n      jQuery('a[target=\"_blank\"]').removeAttr('target');\n    }\n  }, 1000);\n<\/script>\n\n<h2 id=\"explanation\">Explicaci\u00f3n del cash out al apostar en f\u00fatbol<\/h2>\n<p><img decoding=\"async\" src=\"https:\/\/www.sportingpedia.com\/wp-content\/uploads\/2021\/02\/football-betting-cash-out_explained.svg\" alt=\"Explicaci\u00f3n del Cash Out al Apostar en F\u00fatbol\" width=\"300\" height=\"150\" class=\"alignleft size-full wp-image-6145\" \/>Si ya tienes cierta experiencia en apuestas de f\u00fatbol, es posible que muchas veces te hayas sentido decepcionado porque el partido en el que apostaste no se desarroll\u00f3 como hubieras deseado. Si este tambi\u00e9n es tu caso, es posible que desees saber m\u00e1s sobre la opci\u00f3n de cash out, que cada vez m\u00e1s casas de apuestas virtuales han decidido incorporar.<\/p>\n<p>En esencia, los amantes del f\u00fatbol pueden entender f\u00e1cilmente en qu\u00e9 consiste la opci\u00f3n de cash out, ya que les permite recuperar una parte de la apuesta que han realizado o incluso obtener una ganancia antes de que el partido termine, siempre que cancelen su apuesta. Una de las cosas m\u00e1s importantes que debes recordar sobre la funci\u00f3n de cash out es que <strong>la cantidad de dinero que recuperar\u00e1s depende de la probabilidad de que tu apuesta sea ganadora<\/strong>. As\u00ed, la cantidad que puedes recibir puede ser mayor o menor que tu apuesta original.<\/p>\n<p>Curiosamente, cuando la opci\u00f3n de cash out est\u00e1 disponible, suele ir acompa\u00f1ada de la funcionalidad llamada apuestas en vivo, que permite a los apostadores realizar sus pron\u00f3sticos durante el transcurso del partido. Gracias a la <strong>funcionalidad de apuestas en vivo<\/strong>, los aficionados al f\u00fatbol tendr\u00e1n la posibilidad de hacer sus predicciones despu\u00e9s de que el partido haya comenzado, lo que significa que podr\u00e1n acertar m\u00e1s f\u00e1cilmente. En cuanto a la opci\u00f3n de cash out, los apostadores podr\u00e1n recuperar sus fondos antes de que se conozca el resultado final.<\/p>\n<p>Es importante se\u00f1alar que los precios que ofrece el mercado en vivo en el momento del cash out determinar\u00e1n la cantidad de dinero que se te devolver\u00e1. Por ello, la oferta de cash out seguir\u00e1 variando hasta que se conozca el resultado del partido: su valor puede aumentar, disminuir o incluso desaparecer cuando tus posibilidades de ganar cambien. Dado que, con mayor frecuencia, los apostadores deciden utilizar esta funci\u00f3n en las etapas finales de los encuentros, predecir la cantidad que vas a recuperar puede resultar una tarea desalentadora. Aun as\u00ed, <strong>la funci\u00f3n de cash out es una buena opci\u00f3n<\/strong>, especialmente para quienes han apostado por una p\u00e9rdida o por un acontecimiento poco probable.<\/p>\n<p>Aunque cada vez m\u00e1s operadores ofrecen la posibilidad de utilizar la funci\u00f3n de cash out, su disponibilidad depende \u00fanicamente de la casa de apuestas en la que est\u00e9s registrado.<\/p>\n<p>Ahora, supongamos que decides apostar por tres equipos de f\u00fatbol que crees que saldr\u00e1n victoriosos. Las cuotas para el primer equipo son 2,00, para el segundo 2,90 y para el tercero 3,50. Si inviertes \u20ac20 y aciertas todas las selecciones, obtendr\u00e1s un retorno de \u20ac406. Imagina que los resultados de los partidos no son favorables para ti y se te ofrece un cash out de \u20ac200. En este punto se te presentan dos opciones.<\/p>\n<p>La primera alternativa es aceptar la oferta de cash out y quedarte con el dinero, independientemente de lo que ocurra en las etapas finales de los encuentros. La otra opci\u00f3n es rechazarla y esperar al desenlace. Si todos los equipos ganan, recibir\u00e1s \u20ac406. Sin embargo, si uno de ellos no cumple, se queda atr\u00e1s o concede un empate, el retorno ser\u00e1 notablemente menor.<\/p>\n<h2 id=\"estimate\">Estimaci\u00f3n del cash out<\/h2>\n<p><img decoding=\"async\" src=\"https:\/\/www.sportingpedia.com\/wp-content\/uploads\/2021\/02\/football-betting-cash-out_estimating-the-cash-out.svg\" alt=\"Estimaci\u00f3n del Cash Out\" width=\"300\" height=\"150\" class=\"alignleft size-full wp-image-5235\" \/>Si deseas saber c\u00f3mo funciona el cash out, primero necesitas comprender c\u00f3mo se calcula. Aun as\u00ed, los aficionados al f\u00fatbol pueden estar tranquilos: no se requieren c\u00e1lculos complicados. Basta con comprobar las ganancias potenciales y el valor de las cuotas disponibles en el momento de realizar la apuesta.<\/p>\n<p>Supongamos que apuestas $20 a que el Arsenal ganar\u00e1 su partido contra el Manchester City, con cuotas de 3,50. El equipo est\u00e1 jugando muy bien y las cuotas bajan a 2,00. El valor del cash out se obtiene dividiendo las ganancias potenciales entre las nuevas cuotas. En este caso, dividimos $70 entre 2,00, lo que arroja un cash out de $35. Cabe se\u00f1alar que el ejemplo muestra el valor de cash out \u00abjusto\u00bb. <\/p>\n<p>A pesar de que esto parece una opci\u00f3n atractiva, <strong>los apostadores de f\u00fatbol deben tener en cuenta que tales ofertas son poco comunes<\/strong>. La raz\u00f3n principal es que, adem\u00e1s del margen que las casas de apuestas aplican a las cuotas, suelen a\u00f1adir otro al valor del cash out. <\/p>\n<p>Si echamos un vistazo al ejemplo anterior, debemos aclarar que el valor del cash out que obtendr\u00e1s incluye el margen que la casa de apuestas aplica inicialmente. Como ya se indic\u00f3, los operadores tienden a quitar una porci\u00f3n adicional del valor del cash out. Por lo tanto, el pago real podr\u00eda rondar los $32, por ejemplo. No hace falta decir que <strong>esta diferencia aparentemente insignificante puede afectar tus ganancias totales<\/strong>, especialmente si tu objetivo es disfrutar de un beneficio a largo plazo.<\/p>\n<p>Es importante se\u00f1alar que algunas casas de apuestas incluso ofrecen el llamado cash out parcial. De este modo, los fan\u00e1ticos del f\u00fatbol podr\u00e1n retirar solo una parte de la apuesta que han realizado, mientras que los fondos restantes seguir\u00e1n activos. Esta opci\u00f3n resulta atractiva porque algunas casas permiten a sus usuarios aprovecharla tantas veces como deseen, siempre que el deslizador de cash out est\u00e9 disponible.<\/p>\n<h2 id=\"alternatives\">Alternativas a la opci\u00f3n de cash out<\/h2>\n<p><img decoding=\"async\" src=\"https:\/\/www.sportingpedia.com\/wp-content\/uploads\/2021\/02\/football-betting-cash-out_alternatives-for-cash-out.svg\" alt=\"Alternatives to the Cash-out Option\" width=\"300\" class=\"alignleft\" \/>Aunque en ocasiones, cuando el partido en el que has apostado no se desarrolla a tu favor, puede resultar tentador utilizar la opci\u00f3n de cash out, debes tener en cuenta que existen alternativas. Muchos apostadores con experiencia consideran que es mejor dejar que las apuestas sigan su curso. De este modo, te aseguras de no pagar comisiones adicionales, algo habitual cuando se recurre al cash out.<\/p>\n<p>Es justo decir que, en algunos casos, <strong>puede ser razonable garantizar al menos una ganancia<\/strong> en lugar de asumir una p\u00e9rdida. Incluso si la opci\u00f3n de cash out parece una soluci\u00f3n m\u00e1gica, puede resultar m\u00e1s conveniente buscar una alternativa. En este sentido, apostar al resultado descanso\/final podr\u00eda ser el camino correcto. Este tipo de apuestas implica pronosticar tanto el resultado al medio tiempo como el resultado al final del encuentro, lo que significa que, en la pr\u00e1ctica, est\u00e1s realizando una apuesta combinada.<\/p>\n<p>Afortunadamente, las opciones disponibles para los apostadores de f\u00fatbol no terminan ah\u00ed, ya que tambi\u00e9n pueden recurrir a cubrir apuestas. As\u00ed, podr\u00e1n asegurarse de obtener una ganancia sin importar cu\u00e1l sea el resultado final del partido. Esto es posible porque, al cubrir apuestas, una vez que has realizado tu apuesta original, necesitas colocar una o varias apuestas adicionales sobre los dem\u00e1s resultados posibles. De este modo, en la pr\u00e1ctica, podr\u00e1s obtener ganancias independientemente de si la apuesta inicial resulta ganadora o perdedora. El principio subyacente consiste en aprovechar los cambios que puedan darse durante el encuentro.<\/p>\n<p>En este sentido, no debemos olvidar mencionar tambi\u00e9n las apuestas de arbitraje. Se trata de una alternativa atractiva, ya que tus ganancias estar\u00e1n garantizadas al colocar varias apuestas en distintos resultados plausibles. Con las apuestas de arbitraje, los jugadores deben ser conscientes de la diferencia entre el valor de las cuotas que ofrecen las distintas casas de apuestas.<\/p>\n<h2 id=\"conclusion\">Conclusi\u00f3n<\/h2>\n<p><img decoding=\"async\" src=\"https:\/\/www.sportingpedia.com\/wp-content\/uploads\/2021\/02\/football-betting-cash-out_conclusion.svg\" alt=\"Conclusi\u00f3n\" class=\"alignleft\" \/>A pesar de que existen ciertos inconvenientes al utilizar la opci\u00f3n de cobro anticipado (cash out), en algunas ocasiones puede ser una buena forma de asegurarte de que, cuando renuncies a la apuesta que has realizado, recibir\u00e1s una cantidad espec\u00edfica de dinero de vuelta. As\u00ed, en la pr\u00e1ctica, incluso si el enfrentamiento no resulta del modo m\u00e1s favorable para ti, <strong>podr\u00e1s estar tranquilo sabiendo que se te ofrecer\u00e1 un retorno<\/strong>.<\/p>\n<p>Por otro lado, si utilizas la opci\u00f3n de cobro anticipado con demasiada frecuencia, podr\u00edas encontrarte con que se te proh\u00edba o limite el uso de los servicios de algunas casas de apuestas virtuales.<\/p>\n","protected":false},"excerpt":{"rendered":"<p>Actualmente, a los amantes del f\u00fatbol les puede resultar bastante dif\u00edcil encontrar un corredor de apuestas que cumpla sus expectativas y preferencias. Por eso, los fan\u00e1ticos del f\u00fatbol tienden a prestar m\u00e1s atenci\u00f3n a algunas de las caracter\u00edsticas especiales que ofrecen los corredores de apuestas virtuales. Una de las funciones que invariablemente llama la atenci\u00f3n [&hellip;]<\/p>\n","protected":false},"author":1,"featured_media":0,"parent":118693,"menu_order":0,"comment_status":"closed","ping_status":"closed","template":"template-guide-page.php","meta":{"footnotes":""},"class_list":["post-118711","page","type-page","status-publish","hentry"],"yoast_head":"<!-- This site is optimized with the Yoast SEO plugin v26.6 - https:\/\/yoast.com\/wordpress\/plugins\/seo\/ -->\n<title>Opci\u00f3n de Retiro de Efectivo al Apostar en F\u00fatbol<\/title>\n<meta name=\"description\" content=\"Una de las caracter\u00edsticas que invariablemente atrae la atenci\u00f3n de los apostadores de f\u00fatbol es la funci\u00f3n de cash-out. Esto no es una sorpresa debido al hecho de que, gracias a ella, los entusiastas del juego tienen la oportunidad de renunciar a la apuesta que han hecho y, a cambio, recuperar\u00e1n una cierta parte de la apuesta que han realizado, o en algunos casos, incluso pueden disfrutar de una ganancia.\" \/>\n<meta name=\"robots\" content=\"index, follow, max-snippet:-1, max-image-preview:large, max-video-preview:-1\" \/>\n<link rel=\"canonical\" href=\"https:\/\/www.sportingpedia.com\/es\/football-betting\/cash-out-when-betting-on-football\/\" \/>\n<meta property=\"og:locale\" content=\"es_ES\" \/>\n<meta property=\"og:type\" content=\"article\" \/>\n<meta property=\"og:title\" content=\"Opci\u00f3n de Retiro de Efectivo al Apostar en F\u00fatbol\" \/>\n<meta property=\"og:description\" content=\"Una de las caracter\u00edsticas que invariablemente atrae la atenci\u00f3n de los apostadores de f\u00fatbol es la funci\u00f3n de cash-out. Esto no es una sorpresa debido al hecho de que, gracias a ella, los entusiastas del juego tienen la oportunidad de renunciar a la apuesta que han hecho y, a cambio, recuperar\u00e1n una cierta parte de la apuesta que han realizado, o en algunos casos, incluso pueden disfrutar de una ganancia.\" \/>\n<meta property=\"og:url\" content=\"https:\/\/www.sportingpedia.com\/es\/football-betting\/cash-out-when-betting-on-football\/\" \/>\n<meta property=\"og:site_name\" content=\"Sportingpedia - Latest Sports News From All Over the World\" \/>\n<meta property=\"article:modified_time\" content=\"2025-11-25T13:37:00+00:00\" \/>\n<meta property=\"og:image\" content=\"https:\/\/www.sportingpedia.com\/wp-content\/uploads\/2021\/02\/football-betting-cash-out.svg\" \/>\n<meta name=\"twitter:card\" content=\"summary_large_image\" \/>\n<meta name=\"twitter:label1\" content=\"Tiempo de lectura\" \/>\n\t<meta name=\"twitter:data1\" content=\"8 minutos\" \/>\n<script type=\"application\/ld+json\" class=\"yoast-schema-graph\">{\"@context\":\"https:\/\/schema.org\",\"@graph\":[{\"@type\":\"WebPage\",\"@id\":\"https:\/\/www.sportingpedia.com\/es\/football-betting\/cash-out-when-betting-on-football\/\",\"url\":\"https:\/\/www.sportingpedia.com\/es\/football-betting\/cash-out-when-betting-on-football\/\",\"name\":\"Opci\u00f3n de Retiro de Efectivo al Apostar en F\u00fatbol\",\"isPartOf\":{\"@id\":\"https:\/\/www.sportingpedia.com\/es\/#website\"},\"primaryImageOfPage\":{\"@id\":\"https:\/\/www.sportingpedia.com\/es\/football-betting\/cash-out-when-betting-on-football\/#primaryimage\"},\"image\":{\"@id\":\"https:\/\/www.sportingpedia.com\/es\/football-betting\/cash-out-when-betting-on-football\/#primaryimage\"},\"thumbnailUrl\":\"https:\/\/www.sportingpedia.com\/wp-content\/uploads\/2021\/02\/football-betting-cash-out.svg\",\"datePublished\":\"2025-04-10T07:59:29+00:00\",\"dateModified\":\"2025-11-25T13:37:00+00:00\",\"description\":\"Una de las caracter\u00edsticas que invariablemente atrae la atenci\u00f3n de los apostadores de f\u00fatbol es la funci\u00f3n de cash-out. Esto no es una sorpresa debido al hecho de que, gracias a ella, los entusiastas del juego tienen la oportunidad de renunciar a la apuesta que han hecho y, a cambio, recuperar\u00e1n una cierta parte de la apuesta que han realizado, o en algunos casos, incluso pueden disfrutar de una ganancia.\",\"breadcrumb\":{\"@id\":\"https:\/\/www.sportingpedia.com\/es\/football-betting\/cash-out-when-betting-on-football\/#breadcrumb\"},\"inLanguage\":\"es\",\"potentialAction\":[{\"@type\":\"ReadAction\",\"target\":[\"https:\/\/www.sportingpedia.com\/es\/football-betting\/cash-out-when-betting-on-football\/\"]}]},{\"@type\":\"ImageObject\",\"inLanguage\":\"es\",\"@id\":\"https:\/\/www.sportingpedia.com\/es\/football-betting\/cash-out-when-betting-on-football\/#primaryimage\",\"url\":\"https:\/\/www.sportingpedia.com\/wp-content\/uploads\/2021\/02\/football-betting-cash-out.svg\",\"contentUrl\":\"https:\/\/www.sportingpedia.com\/wp-content\/uploads\/2021\/02\/football-betting-cash-out.svg\"},{\"@type\":\"BreadcrumbList\",\"@id\":\"https:\/\/www.sportingpedia.com\/es\/football-betting\/cash-out-when-betting-on-football\/#breadcrumb\",\"itemListElement\":[{\"@type\":\"ListItem\",\"position\":1,\"name\":\"Inicio\",\"item\":\"https:\/\/www.sportingpedia.com\/es\/home-2\/\"},{\"@type\":\"ListItem\",\"position\":2,\"name\":\"Apuestas de F\u00fatbol\",\"item\":\"https:\/\/www.sportingpedia.com\/es\/football-betting\/\"},{\"@type\":\"ListItem\",\"position\":3,\"name\":\"Cobro Anticipado al Apostar en F\u00fatbol\"}]},{\"@type\":\"WebSite\",\"@id\":\"https:\/\/www.sportingpedia.com\/es\/#website\",\"url\":\"https:\/\/www.sportingpedia.com\/es\/\",\"name\":\"Sportingpedia - Latest Sports News From All Over the World\",\"description\":\"\",\"publisher\":{\"@id\":\"https:\/\/www.sportingpedia.com\/es\/#organization\"},\"potentialAction\":[{\"@type\":\"SearchAction\",\"target\":{\"@type\":\"EntryPoint\",\"urlTemplate\":\"https:\/\/www.sportingpedia.com\/es\/?s={search_term_string}\"},\"query-input\":{\"@type\":\"PropertyValueSpecification\",\"valueRequired\":true,\"valueName\":\"search_term_string\"}}],\"inLanguage\":\"es\"},{\"@type\":\"Organization\",\"@id\":\"https:\/\/www.sportingpedia.com\/es\/#organization\",\"name\":\"SportingPedia\",\"url\":\"https:\/\/www.sportingpedia.com\/es\/\",\"logo\":{\"@type\":\"ImageObject\",\"inLanguage\":\"es\",\"@id\":\"https:\/\/www.sportingpedia.com\/es\/#\/schema\/logo\/image\/\",\"url\":\"https:\/\/www.sportingpedia.com\/wp-content\/uploads\/2019\/10\/SportingPedia_logo.png\",\"contentUrl\":\"https:\/\/www.sportingpedia.com\/wp-content\/uploads\/2019\/10\/SportingPedia_logo.png\",\"width\":600,\"height\":101,\"caption\":\"SportingPedia\"},\"image\":{\"@id\":\"https:\/\/www.sportingpedia.com\/es\/#\/schema\/logo\/image\/\"}}]}<\/script>\n<!-- \/ Yoast SEO plugin. -->","yoast_head_json":{"title":"Opci\u00f3n de Retiro de Efectivo al Apostar en F\u00fatbol","description":"Una de las caracter\u00edsticas que invariablemente atrae la atenci\u00f3n de los apostadores de f\u00fatbol es la funci\u00f3n de cash-out. Esto no es una sorpresa debido al hecho de que, gracias a ella, los entusiastas del juego tienen la oportunidad de renunciar a la apuesta que han hecho y, a cambio, recuperar\u00e1n una cierta parte de la apuesta que han realizado, o en algunos casos, incluso pueden disfrutar de una ganancia.","robots":{"index":"index","follow":"follow","max-snippet":"max-snippet:-1","max-image-preview":"max-image-preview:large","max-video-preview":"max-video-preview:-1"},"canonical":"https:\/\/www.sportingpedia.com\/es\/football-betting\/cash-out-when-betting-on-football\/","og_locale":"es_ES","og_type":"article","og_title":"Opci\u00f3n de Retiro de Efectivo al Apostar en F\u00fatbol","og_description":"Una de las caracter\u00edsticas que invariablemente atrae la atenci\u00f3n de los apostadores de f\u00fatbol es la funci\u00f3n de cash-out. Esto no es una sorpresa debido al hecho de que, gracias a ella, los entusiastas del juego tienen la oportunidad de renunciar a la apuesta que han hecho y, a cambio, recuperar\u00e1n una cierta parte de la apuesta que han realizado, o en algunos casos, incluso pueden disfrutar de una ganancia.","og_url":"https:\/\/www.sportingpedia.com\/es\/football-betting\/cash-out-when-betting-on-football\/","og_site_name":"Sportingpedia - Latest Sports News From All Over the World","article_modified_time":"2025-11-25T13:37:00+00:00","og_image":[{"url":"https:\/\/www.sportingpedia.com\/wp-content\/uploads\/2021\/02\/football-betting-cash-out.svg","type":"","width":"","height":""}],"twitter_card":"summary_large_image","twitter_misc":{"Tiempo de lectura":"8 minutos"},"schema":{"@context":"https:\/\/schema.org","@graph":[{"@type":"WebPage","@id":"https:\/\/www.sportingpedia.com\/es\/football-betting\/cash-out-when-betting-on-football\/","url":"https:\/\/www.sportingpedia.com\/es\/football-betting\/cash-out-when-betting-on-football\/","name":"Opci\u00f3n de Retiro de Efectivo al Apostar en F\u00fatbol","isPartOf":{"@id":"https:\/\/www.sportingpedia.com\/es\/#website"},"primaryImageOfPage":{"@id":"https:\/\/www.sportingpedia.com\/es\/football-betting\/cash-out-when-betting-on-football\/#primaryimage"},"image":{"@id":"https:\/\/www.sportingpedia.com\/es\/football-betting\/cash-out-when-betting-on-football\/#primaryimage"},"thumbnailUrl":"https:\/\/www.sportingpedia.com\/wp-content\/uploads\/2021\/02\/football-betting-cash-out.svg","datePublished":"2025-04-10T07:59:29+00:00","dateModified":"2025-11-25T13:37:00+00:00","description":"Una de las caracter\u00edsticas que invariablemente atrae la atenci\u00f3n de los apostadores de f\u00fatbol es la funci\u00f3n de cash-out. Esto no es una sorpresa debido al hecho de que, gracias a ella, los entusiastas del juego tienen la oportunidad de renunciar a la apuesta que han hecho y, a cambio, recuperar\u00e1n una cierta parte de la apuesta que han realizado, o en algunos casos, incluso pueden disfrutar de una ganancia.","breadcrumb":{"@id":"https:\/\/www.sportingpedia.com\/es\/football-betting\/cash-out-when-betting-on-football\/#breadcrumb"},"inLanguage":"es","potentialAction":[{"@type":"ReadAction","target":["https:\/\/www.sportingpedia.com\/es\/football-betting\/cash-out-when-betting-on-football\/"]}]},{"@type":"ImageObject","inLanguage":"es","@id":"https:\/\/www.sportingpedia.com\/es\/football-betting\/cash-out-when-betting-on-football\/#primaryimage","url":"https:\/\/www.sportingpedia.com\/wp-content\/uploads\/2021\/02\/football-betting-cash-out.svg","contentUrl":"https:\/\/www.sportingpedia.com\/wp-content\/uploads\/2021\/02\/football-betting-cash-out.svg"},{"@type":"BreadcrumbList","@id":"https:\/\/www.sportingpedia.com\/es\/football-betting\/cash-out-when-betting-on-football\/#breadcrumb","itemListElement":[{"@type":"ListItem","position":1,"name":"Inicio","item":"https:\/\/www.sportingpedia.com\/es\/home-2\/"},{"@type":"ListItem","position":2,"name":"Apuestas de F\u00fatbol","item":"https:\/\/www.sportingpedia.com\/es\/football-betting\/"},{"@type":"ListItem","position":3,"name":"Cobro Anticipado al Apostar en F\u00fatbol"}]},{"@type":"WebSite","@id":"https:\/\/www.sportingpedia.com\/es\/#website","url":"https:\/\/www.sportingpedia.com\/es\/","name":"Sportingpedia - Latest Sports News From All Over the World","description":"","publisher":{"@id":"https:\/\/www.sportingpedia.com\/es\/#organization"},"potentialAction":[{"@type":"SearchAction","target":{"@type":"EntryPoint","urlTemplate":"https:\/\/www.sportingpedia.com\/es\/?s={search_term_string}"},"query-input":{"@type":"PropertyValueSpecification","valueRequired":true,"valueName":"search_term_string"}}],"inLanguage":"es"},{"@type":"Organization","@id":"https:\/\/www.sportingpedia.com\/es\/#organization","name":"SportingPedia","url":"https:\/\/www.sportingpedia.com\/es\/","logo":{"@type":"ImageObject","inLanguage":"es","@id":"https:\/\/www.sportingpedia.com\/es\/#\/schema\/logo\/image\/","url":"https:\/\/www.sportingpedia.com\/wp-content\/uploads\/2019\/10\/SportingPedia_logo.png","contentUrl":"https:\/\/www.sportingpedia.com\/wp-content\/uploads\/2019\/10\/SportingPedia_logo.png","width":600,"height":101,"caption":"SportingPedia"},"image":{"@id":"https:\/\/www.sportingpedia.com\/es\/#\/schema\/logo\/image\/"}}]}},"_links":{"self":[{"href":"https:\/\/www.sportingpedia.com\/es\/wp-json\/wp\/v2\/pages\/118711","targetHints":{"allow":["GET"]}}],"collection":[{"href":"https:\/\/www.sportingpedia.com\/es\/wp-json\/wp\/v2\/pages"}],"about":[{"href":"https:\/\/www.sportingpedia.com\/es\/wp-json\/wp\/v2\/types\/page"}],"author":[{"embeddable":true,"href":"https:\/\/www.sportingpedia.com\/es\/wp-json\/wp\/v2\/users\/1"}],"replies":[{"embeddable":true,"href":"https:\/\/www.sportingpedia.com\/es\/wp-json\/wp\/v2\/comments?post=118711"}],"version-history":[{"count":4,"href":"https:\/\/www.sportingpedia.com\/es\/wp-json\/wp\/v2\/pages\/118711\/revisions"}],"predecessor-version":[{"id":147339,"href":"https:\/\/www.sportingpedia.com\/es\/wp-json\/wp\/v2\/pages\/118711\/revisions\/147339"}],"up":[{"embeddable":true,"href":"https:\/\/www.sportingpedia.com\/es\/wp-json\/wp\/v2\/pages\/118693"}],"wp:attachment":[{"href":"https:\/\/www.sportingpedia.com\/es\/wp-json\/wp\/v2\/media?parent=118711"}],"curies":[{"name":"wp","href":"https:\/\/api.w.org\/{rel}","templated":true}]}}