{"id":118726,"date":"2025-04-10T07:59:31","date_gmt":"2025-04-10T07:59:31","guid":{"rendered":"https:\/\/www.sportingpedia.com\/?page_id=118726"},"modified":"2025-11-26T07:40:11","modified_gmt":"2025-11-26T07:40:11","slug":"how-to-place-an-nba-bet-in-a-betting-shop","status":"publish","type":"page","link":"https:\/\/www.sportingpedia.com\/es\/nba-betting\/how-to-place-an-nba-bet-in-a-betting-shop\/","title":{"rendered":"C\u00f3mo Apostar en la NBA en una Casa de Apuestas"},"content":{"rendered":"<p><img decoding=\"async\" src=\"https:\/\/www.sportingpedia.com\/wp-content\/uploads\/2021\/02\/nba-betting-how-to-place-bet_intro.svg\" alt=\"C\u00f3mo Realizar una Apuesta de la NBA en una Casa de Apuestas\" width=\"300\" class=\"alignleft\" \/>Lo m\u00e1s probable es que ya sepas que actualmente existe una tendencia clara entre los apostadores de baloncesto: la mayor\u00eda se inclina por las casas de apuestas virtuales. Es justo decir que muchos apostadores prefieren visitar una casa de apuestas f\u00edsica y rellenar su boleto por su cuenta en lugar de apostar por Internet, ya que esto a\u00f1ade una dosis extra de emoci\u00f3n a su sesi\u00f3n de apuestas de la NBA. <strong>A pesar de que las casas de apuestas virtuales ofrecen mayor libertad, las casas de apuestas f\u00edsicas siguen siendo una alternativa muy apreciada, principalmente por la emoci\u00f3n que brinda a los apostadores<\/strong>.<\/p>\n\n<p>Si deseas diversificar tu sesi\u00f3n de apuestas de la NBA visitando una casa de apuestas, pero no est\u00e1s completamente al tanto del procedimiento que debes seguir, puedes estar tranquilo: has llegado al lugar correcto. En este art\u00edculo, nos esforzaremos por proporcionarte todos los detalles que debes conocer antes de acudir a cualquiera de las casas de apuestas f\u00edsicas.<\/p>\n<ol class=\"bookies-grid\">\r\n\t<li>\r\n\t\t<a rel=\"nofollow\" target=\"_blank\" href=\"\/out\/mybookie?au&#x3D;138&amp;bp&#x3D;1\"<\/a>\r\n\t\t\t<figure>\r\n\t\t\t  \t<img decoding=\"async\" src=\"https:\/\/www.sportingpedia.com\/wp-content\/uploads\/logos\/lg-mybookie-logo.jpg\" width=\"110\" height=\"55\">\r\n\t\t\t<\/figure>\r\n\r\n\t\t\t<div>\r\n\t\t\t  \t<span class=\"bookie-name\">MyBookie<\/span>\r\n\r\n\t\t\t  \t<span class=\"bookie-rating\">Rating: 4.9 <b>&starf;<\/b><\/span>\r\n\t\t\t<\/div>\r\n\t\t<\/a>\r\n\t<\/li>\r\n\t<li>\r\n\t\t<a rel=\"nofollow\" target=\"_blank\" href=\"\/out\/bovada?au&#x3D;138&amp;bp&#x3D;2\"<\/a>\r\n\t\t\t<figure>\r\n\t\t\t  \t<img decoding=\"async\" src=\"https:\/\/www.sportingpedia.com\/wp-content\/uploads\/logos\/lg-bovada-logo.jpg\" width=\"110\" height=\"55\">\r\n\t\t\t<\/figure>\r\n\r\n\t\t\t<div>\r\n\t\t\t  \t<span class=\"bookie-name\">Bovada<\/span>\r\n\r\n\t\t\t  \t<span class=\"bookie-rating\">Rating: 4.8 <b>&starf;<\/b><\/span>\r\n\t\t\t<\/div>\r\n\t\t<\/a>\r\n\t<\/li>\r\n\t<li>\r\n\t\t<a rel=\"nofollow\" target=\"_blank\" href=\"\/out\/xbet?au&#x3D;138&amp;bp&#x3D;3\"<\/a>\r\n\t\t\t<figure>\r\n\t\t\t  \t<img decoding=\"async\" src=\"https:\/\/www.sportingpedia.com\/wp-content\/uploads\/logos\/lg-xbet-logo.jpg\" width=\"110\" height=\"55\">\r\n\t\t\t<\/figure>\r\n\r\n\t\t\t<div>\r\n\t\t\t  \t<span class=\"bookie-name\">XBet<\/span>\r\n\r\n\t\t\t  \t<span class=\"bookie-rating\">Rating: 4.7 <b>&starf;<\/b><\/span>\r\n\t\t\t<\/div>\r\n\t\t<\/a>\r\n\t<\/li>\r\n\t<li>\r\n\t\t<a rel=\"nofollow\" target=\"_blank\" href=\"\/out\/intertops?au&#x3D;138&amp;bp&#x3D;4\"<\/a>\r\n\t\t\t<figure>\r\n\t\t\t  \t<img decoding=\"async\" src=\"https:\/\/www.sportingpedia.com\/wp-content\/uploads\/logos\/lg-everygame-logo.webp\" width=\"110\" height=\"55\">\r\n\t\t\t<\/figure>\r\n\r\n\t\t\t<div>\r\n\t\t\t  \t<span class=\"bookie-name\">Everygame<\/span>\r\n\r\n\t\t\t  \t<span class=\"bookie-rating\">Rating: 4.6 <b>&starf;<\/b><\/span>\r\n\t\t\t<\/div>\r\n\t\t<\/a>\r\n\t<\/li>\r\n\t<li>\r\n\t\t<a rel=\"nofollow\" target=\"_blank\" href=\"\/out\/betusr?au&#x3D;138&amp;bp&#x3D;5\"<\/a>\r\n\t\t\t<figure>\r\n\t\t\t  \t<img decoding=\"async\" src=\"https:\/\/www.sportingpedia.com\/wp-content\/uploads\/logos\/lg-betusr-logo.jpg\" width=\"110\" height=\"55\">\r\n\t\t\t<\/figure>\r\n\r\n\t\t\t<div>\r\n\t\t\t  \t<span class=\"bookie-name\">BetUSR<\/span>\r\n\r\n\t\t\t  \t<span class=\"bookie-rating\">Rating: 4.5 <b>&starf;<\/b><\/span>\r\n\t\t\t<\/div>\r\n\t\t<\/a>\r\n\t<\/li>\r\n\t<li>\r\n\t\t<a rel=\"nofollow\" target=\"_blank\" href=\"\/out\/vave?au&#x3D;138&amp;bp&#x3D;6\"<\/a>\r\n\t\t\t<figure>\r\n\t\t\t  \t<img decoding=\"async\" src=\"https:\/\/www.sportingpedia.com\/wp-content\/uploads\/logos\/lg-vave-logo.webp\" width=\"110\" height=\"55\">\r\n\t\t\t<\/figure>\r\n\r\n\t\t\t<div>\r\n\t\t\t  \t<span class=\"bookie-name\">Vave<\/span>\r\n\r\n\t\t\t  \t<span class=\"bookie-rating\">Rating: 4.4 <b>&starf;<\/b><\/span>\r\n\t\t\t<\/div>\r\n\t\t<\/a>\r\n\t<\/li>\r\n<\/ol><script>\n  setTimeout(function(){\n    if(!document.getElementById('JasHAAffsaMosaAdsANa2i')) {\n      jQuery('a[target=\"_blank\"]').removeAttr('target');\n    }\n  }, 1000);\n<\/script>\n\n<h2 id=\"betting-shops\">Qu\u00e9 son las tiendas de apuestas deportivas<\/h2>\n<p><img decoding=\"async\" src=\"https:\/\/www.sportingpedia.com\/wp-content\/uploads\/2021\/02\/nba-betting-how-to-place-bet_what-are-sports-betting-shops.svg\" alt=\"Qu\u00e9 son las Tiendas de Apuestas Deportivas\" width=\"300\" class=\"alignleft\" \/>Los entusiastas del juego en Estados Unidos podr\u00edan sentirse desconcertados cuando oyen hablar de las tiendas de apuestas. La principal raz\u00f3n es que estos locales f\u00edsicos se encuentran predominantemente en el Reino Unido, donde gozan de un gran seguimiento. Curiosamente, all\u00ed estos <strong>locales de apuestas no necesariamente forman parte de casinos, pues se pueden encontrar de manera independiente en todo el pa\u00eds<\/strong>.<\/p>\n<p>Si te preguntas qu\u00e9 es una tienda de apuestas, debes saber que se trata de un establecimiento f\u00edsico que permite apostar en una amplia variedad de deportes. Es importante tener en cuenta que, en las tiendas de apuestas, realizar\u00e1s tus pron\u00f3sticos en el partido de baloncesto que prefieras en persona, ante un corredor de apuestas autorizado. Quiz\u00e1s la parte m\u00e1s emocionante de apostar en una tienda de apuestas sea que los jugadores pueden seguir de cerca c\u00f3mo se desarrolla el evento deportivo in situ, gracias a las grandes pantallas de televisi\u00f3n que hay all\u00ed.<\/p>\n<p>Adem\u00e1s, los amantes del baloncesto deben tener presente que, en las tiendas de apuestas, existen \u00e1reas separadas para los distintos deportes en los que el corredor acepta apuestas. Si no consigues encontrar la zona dedicada a la NBA, no dudes en pedir ayuda al personal. Una de las mejores formas de mantenerte al tanto de las ofertas promocionales m\u00e1s recientes del corredor es <strong>estar atento a los carteles que anuncian los bonos disponibles<\/strong>.<\/p>\n<p>Desafortunadamente, los aficionados al baloncesto podr\u00edan tener dificultades para encontrar una casa de apuestas f\u00edsica que acepte apuestas sobre la NBA fuera de Estados Unidos, ya que estos locales suelen centrarse en los deportes populares de la regi\u00f3n en la que se ubican. Para ser m\u00e1s precisos, los apostadores de la NBA tambi\u00e9n podr\u00edan tropezar con el mismo problema dentro de Estados Unidos, puesto que all\u00ed las apuestas se consideran generalmente ilegales. La buena noticia es que el pa\u00eds ha empezado a relajar gradualmente su control: actualmente, los aficionados pueden apostar en sus deportes preferidos en varios territorios, entre ellos Nevada, Delaware y Nueva Jersey. Afortunadamente, el n\u00famero de estados que est\u00e1n dando pasos en la misma direcci\u00f3n crece de forma constante, con cada vez m\u00e1s legisladores redactando leyes cuyo objetivo es legitimar las apuestas deportivas.<\/p>\n<p>Quiz\u00e1 no lo sepas, pero en Nevada casi todos los casinos f\u00edsicos cuentan con una sala de apuestas deportivas. Estos locales de juego vienen en todas las formas y tama\u00f1os, seg\u00fan la clientela que atienden. As\u00ed, <strong>los apostadores podr\u00edan encontrarse con complejos tur\u00edsticos que ofrecen la posibilidad de apostar en imponentes salas de apuestas deportivas equipadas con m\u00e1s que unas pocas pantallas de televisi\u00f3n<\/strong>. Por el contrario, los amantes del baloncesto tambi\u00e9n pueden encontrarse con salas de apuestas que se asemejan m\u00e1s a un quiosco.<\/p>\n<p>Curiosamente, William Hill fue uno de los primeros operadores que se esforzaron por ofrecer sus servicios a los apostadores de Estados Unidos. No hace falta decir que, actualmente, su base de seguidores crece a un ritmo bastante r\u00e1pido.<\/p>\n<h2 id=\"placing-bet\">Realizar una apuesta de la NBA en una casa de apuestas<\/h2>\n<p><img decoding=\"async\" src=\"https:\/\/www.sportingpedia.com\/wp-content\/uploads\/2021\/02\/nba-betting-how-to-place-bet_placing-a-bet.svg\" alt=\"Realizar una Apuesta de la NBA en una Casa de Apuestas\" width=\"300\" class=\"alignleft\" \/>Como ya se mencion\u00f3, lo primero que deben hacer los apostadores de la NBA es encontrar la zona destinada a estas apuestas, pues all\u00ed estar\u00e1n las boletas disponibles para su selecci\u00f3n. Simplemente necesitas tomar la boleta que te permitir\u00e1 efectuar la apuesta que has elegido. Podr\u00edas sorprenderte al descubrir que las boletas predise\u00f1adas pueden tener nombres diferentes seg\u00fan el operador.<\/p>\n<p>Es importante destacar que, la mayor\u00eda de las veces, <strong>los aficionados al baloncesto podr\u00e1n elegir entre boletas que permiten realizar no solo las apuestas m\u00e1s b\u00e1sicas, sino tambi\u00e9n otras m\u00e1s complejas y exigentes<\/strong>. Los apostadores de la NBA que deseen diversificar sus sesiones estar\u00e1n encantados de descubrir que, en la mayor\u00eda de los casos, las casas de apuestas f\u00edsicas les permitir\u00e1n optar por modalidades m\u00e1s ex\u00f3ticas, como las apuestas de proposici\u00f3n y las apuestas futuras. No hace falta decir que debes asegurarte de estar familiarizado con todas las peculiaridades de los diferentes tipos de apuestas que puedes seleccionar antes de visitar una casa de apuestas.<\/p>\n<p>Los aficionados al baloncesto tambi\u00e9n deben saber que existen boletas en blanco que les permitir\u00e1n rellenar toda la informaci\u00f3n relevante por s\u00ed mismos. La buena noticia es que es muy poco probable que te confundas al completar tu boleta, pues en la mayor\u00eda de los casos se proporcionan gu\u00edas sobre c\u00f3mo hacerlo correctamente.<\/p>\n<p>Es esencial recordar que la boleta es simplemente un registro en papel de la apuesta que pretendes realizar. Los apostadores de la NBA tambi\u00e9n deben tener presente que <strong>puede haber diferencias entre las boletas que dise\u00f1an los distintos operadores<\/strong>. Por esa raz\u00f3n, conviene familiarizarse con ellas para evitar posibles inconvenientes.<\/p>\n<p>Los apostadores de la NBA deben saber que, al completar su boleta, se les pedir\u00e1 describir las variables de forma clara. Adem\u00e1s, deben anotar las cuotas ofrecidas y la cantidad de dinero que desean arriesgar. En algunos casos tambi\u00e9n ser\u00e1 necesario indicar el nombre del evento en el que se apuesta. En cuanto a las cuotas, recomendamos verificarlas lo m\u00e1s cerca posible del momento de realizar la apuesta, pues a veces pueden producirse cambios de \u00faltima hora.<\/p>\n<p>Una vez que hayas completado toda la informaci\u00f3n necesaria, solo tienes que entregar la boleta y el dinero al cajero. Quiz\u00e1 una de las pr\u00e1cticas esenciales que todo <strong>apostador exitoso de la NBA debe adoptar es revisar siempre sus boletas para asegurarse de que las ha completado correctamente<\/strong>. <\/p>\n<p>Una vez realizada la apuesta, recibir\u00e1s un recibo. Es fundamental no perderlo; de lo contrario, no podr\u00e1s cobrar las posibles ganancias. <\/p>\n<p>Si tus predicciones han sido acertadas y deseas cobrar el beneficio acumulado, simplemente visita la casa de apuestas donde realizaste la apuesta y entrega tu recibo al cajero.<\/p>\n<h2 id=\"landbased-virtual\">\u00bfCasas de apuestas f\u00edsicas o virtuales?<\/h2>\n<p><img decoding=\"async\" src=\"https:\/\/www.sportingpedia.com\/wp-content\/uploads\/2021\/02\/nba-betting-how-to-place-bet_land-based-or-virtual.svg\" alt=\"Casas de Apuestas F\u00edsicas o Virtuales\" width=\"300\" class=\"alignleft\" \/>Es seguro afirmar que cada forma de apostar en la NBA tiene sus pros y sus contras, que debes considerar detenidamente antes de decidir cu\u00e1l te conviene m\u00e1s.<\/p>\n<p>Cuando se trata de apostar en un establecimiento f\u00edsico, algunos aficionados pueden encontrar un poco intimidante todo el procedimiento que deben seguir. Quiz\u00e1 ya te hayas dado cuenta de que <strong>realizar tu apuesta en persona exige m\u00e1s esfuerzo que hacerlo por Internet<\/strong>. Una gran ventaja de apostar en la NBA en l\u00ednea es que los aficionados pueden completar su boleto con unos pocos clics.<\/p>\n<p>Otro punto a favor de las apuestas en l\u00ednea es que permiten acceder a una oferta mucho m\u00e1s amplia de bonos e incentivos promocionales. Esa caracter\u00edstica otorga a las casas de apuestas virtuales una ventaja clara sobre sus contrapartes f\u00edsicas, ya que los apostadores suelen prestar especial atenci\u00f3n a las promociones que ofrecen los operadores. En otras palabras, las ventajas que encontrar\u00e1s en l\u00ednea suelen ser mucho m\u00e1s atractivas que las que ofrecen ocasionalmente las casas de apuestas f\u00edsicas.<\/p>\n<p>Quiz\u00e1 una de las ventajas m\u00e1s obvias de los sitios de apuestas de la NBA es que los aficionados pueden apostar dondequiera que est\u00e9n y cuando lo deseen. En cambio, para apostar offline es posible que tengas que desplazarte varias horas hasta la casa de apuestas f\u00edsica m\u00e1s cercana, lo que supone tiempo y dinero.<\/p>\n<p>Aun as\u00ed, hay muchos amantes del baloncesto para quienes la <strong>sensaci\u00f3n inigualable que se experimenta en los establecimientos de apuestas es fundamental<\/strong>. Por lo tanto, si disfrutas de estar rodeado de gente, ver los partidos en los que has apostado y comentar los resultados, las casas de apuestas tambi\u00e9n pueden resultarte atractivas.<\/p>\n<h2>Conclusi\u00f3n<\/h2>\n<p><img decoding=\"async\" src=\"https:\/\/www.sportingpedia.com\/wp-content\/uploads\/2021\/02\/nba-betting-how-to-place-bet_conclusion.svg\" alt=\"Conclusion\" class=\"alignleft\" \/>En resumen, deber\u00edas sopesar las ventajas y desventajas de cada modalidad de apuesta para decidir cu\u00e1l se ajusta mejor a tus necesidades. No hace falta decir que algunos aficionados pueden tener dificultades para encontrar un corredor de apuestas f\u00edsico cercano, sin olvidar que no todos facilitan apuestas de la NBA. <\/p>\n<p>Como ya se mencion\u00f3, <strong>los sitios de apuestas de la NBA te proporcionan mayor flexibilidad<\/strong>, pero siempre debes estar atento a los corredores que no sean fiables. Aun as\u00ed, apostar por Internet suele ser una buena idea, ya que en la mayor\u00eda de los casos recibir\u00e1s mejores cuotas y un vigorish m\u00e1s bajo.<\/p>\n","protected":false},"excerpt":{"rendered":"<p>Lo m\u00e1s probable es que ya sepas que actualmente existe una tendencia clara entre los apostadores de baloncesto: la mayor\u00eda se inclina por las casas de apuestas virtuales. Es justo decir que muchos apostadores prefieren visitar una casa de apuestas f\u00edsica y rellenar su boleto por su cuenta en lugar de apostar por Internet, ya [&hellip;]<\/p>\n","protected":false},"author":1,"featured_media":0,"parent":118697,"menu_order":0,"comment_status":"closed","ping_status":"closed","template":"template-guide-page.php","meta":{"footnotes":""},"class_list":["post-118726","page","type-page","status-publish","hentry"],"yoast_head":"<!-- This site is optimized with the Yoast SEO plugin v26.6 - https:\/\/yoast.com\/wordpress\/plugins\/seo\/ -->\n<title>C\u00f3mo Realizar una Apuesta de la NBA en una Casa de Apuestas<\/title>\n<meta name=\"description\" content=\"Siempre que desees diversificar tu sesi\u00f3n de apuestas de la NBA visitando una tienda de apuestas, pero no est\u00e9s completamente seguro del procedimiento que debes seguir, puedes estar tranquilo de que has llegado al lugar correcto.\" \/>\n<meta name=\"robots\" content=\"index, follow, max-snippet:-1, max-image-preview:large, max-video-preview:-1\" \/>\n<link rel=\"canonical\" href=\"https:\/\/www.sportingpedia.com\/es\/nba-betting\/how-to-place-an-nba-bet-in-a-betting-shop\/\" \/>\n<meta property=\"og:locale\" content=\"es_ES\" \/>\n<meta property=\"og:type\" content=\"article\" \/>\n<meta property=\"og:title\" content=\"C\u00f3mo Realizar una Apuesta de la NBA en una Casa de Apuestas\" \/>\n<meta property=\"og:description\" content=\"Siempre que desees diversificar tu sesi\u00f3n de apuestas de la NBA visitando una tienda de apuestas, pero no est\u00e9s completamente seguro del procedimiento que debes seguir, puedes estar tranquilo de que has llegado al lugar correcto.\" \/>\n<meta property=\"og:url\" content=\"https:\/\/www.sportingpedia.com\/es\/nba-betting\/how-to-place-an-nba-bet-in-a-betting-shop\/\" \/>\n<meta property=\"og:site_name\" content=\"Sportingpedia - Latest Sports News From All Over the World\" \/>\n<meta property=\"article:modified_time\" content=\"2025-11-26T07:40:11+00:00\" \/>\n<meta property=\"og:image\" content=\"https:\/\/www.sportingpedia.com\/wp-content\/uploads\/2021\/02\/nba-betting-how-to-place-bet_intro.svg\" \/>\n<meta name=\"twitter:card\" content=\"summary_large_image\" \/>\n<meta name=\"twitter:label1\" content=\"Tiempo de lectura\" \/>\n\t<meta name=\"twitter:data1\" content=\"9 minutos\" \/>\n<script type=\"application\/ld+json\" class=\"yoast-schema-graph\">{\"@context\":\"https:\/\/schema.org\",\"@graph\":[{\"@type\":\"WebPage\",\"@id\":\"https:\/\/www.sportingpedia.com\/es\/nba-betting\/how-to-place-an-nba-bet-in-a-betting-shop\/\",\"url\":\"https:\/\/www.sportingpedia.com\/es\/nba-betting\/how-to-place-an-nba-bet-in-a-betting-shop\/\",\"name\":\"C\u00f3mo Realizar una Apuesta de la NBA en una Casa de Apuestas\",\"isPartOf\":{\"@id\":\"https:\/\/www.sportingpedia.com\/es\/#website\"},\"primaryImageOfPage\":{\"@id\":\"https:\/\/www.sportingpedia.com\/es\/nba-betting\/how-to-place-an-nba-bet-in-a-betting-shop\/#primaryimage\"},\"image\":{\"@id\":\"https:\/\/www.sportingpedia.com\/es\/nba-betting\/how-to-place-an-nba-bet-in-a-betting-shop\/#primaryimage\"},\"thumbnailUrl\":\"https:\/\/www.sportingpedia.com\/wp-content\/uploads\/2021\/02\/nba-betting-how-to-place-bet_intro.svg\",\"datePublished\":\"2025-04-10T07:59:31+00:00\",\"dateModified\":\"2025-11-26T07:40:11+00:00\",\"description\":\"Siempre que desees diversificar tu sesi\u00f3n de apuestas de la NBA visitando una tienda de apuestas, pero no est\u00e9s completamente seguro del procedimiento que debes seguir, puedes estar tranquilo de que has llegado al lugar correcto.\",\"breadcrumb\":{\"@id\":\"https:\/\/www.sportingpedia.com\/es\/nba-betting\/how-to-place-an-nba-bet-in-a-betting-shop\/#breadcrumb\"},\"inLanguage\":\"es\",\"potentialAction\":[{\"@type\":\"ReadAction\",\"target\":[\"https:\/\/www.sportingpedia.com\/es\/nba-betting\/how-to-place-an-nba-bet-in-a-betting-shop\/\"]}]},{\"@type\":\"ImageObject\",\"inLanguage\":\"es\",\"@id\":\"https:\/\/www.sportingpedia.com\/es\/nba-betting\/how-to-place-an-nba-bet-in-a-betting-shop\/#primaryimage\",\"url\":\"https:\/\/www.sportingpedia.com\/wp-content\/uploads\/2021\/02\/nba-betting-how-to-place-bet_intro.svg\",\"contentUrl\":\"https:\/\/www.sportingpedia.com\/wp-content\/uploads\/2021\/02\/nba-betting-how-to-place-bet_intro.svg\"},{\"@type\":\"BreadcrumbList\",\"@id\":\"https:\/\/www.sportingpedia.com\/es\/nba-betting\/how-to-place-an-nba-bet-in-a-betting-shop\/#breadcrumb\",\"itemListElement\":[{\"@type\":\"ListItem\",\"position\":1,\"name\":\"Inicio\",\"item\":\"https:\/\/www.sportingpedia.com\/es\/home-2\/\"},{\"@type\":\"ListItem\",\"position\":2,\"name\":\"Apuestas de la NBA\",\"item\":\"https:\/\/www.sportingpedia.com\/es\/nba-betting\/\"},{\"@type\":\"ListItem\",\"position\":3,\"name\":\"C\u00f3mo Apostar en la NBA en una Casa de Apuestas\"}]},{\"@type\":\"WebSite\",\"@id\":\"https:\/\/www.sportingpedia.com\/es\/#website\",\"url\":\"https:\/\/www.sportingpedia.com\/es\/\",\"name\":\"Sportingpedia - Latest Sports News From All Over the World\",\"description\":\"\",\"publisher\":{\"@id\":\"https:\/\/www.sportingpedia.com\/es\/#organization\"},\"potentialAction\":[{\"@type\":\"SearchAction\",\"target\":{\"@type\":\"EntryPoint\",\"urlTemplate\":\"https:\/\/www.sportingpedia.com\/es\/?s={search_term_string}\"},\"query-input\":{\"@type\":\"PropertyValueSpecification\",\"valueRequired\":true,\"valueName\":\"search_term_string\"}}],\"inLanguage\":\"es\"},{\"@type\":\"Organization\",\"@id\":\"https:\/\/www.sportingpedia.com\/es\/#organization\",\"name\":\"SportingPedia\",\"url\":\"https:\/\/www.sportingpedia.com\/es\/\",\"logo\":{\"@type\":\"ImageObject\",\"inLanguage\":\"es\",\"@id\":\"https:\/\/www.sportingpedia.com\/es\/#\/schema\/logo\/image\/\",\"url\":\"https:\/\/www.sportingpedia.com\/wp-content\/uploads\/2019\/10\/SportingPedia_logo.png\",\"contentUrl\":\"https:\/\/www.sportingpedia.com\/wp-content\/uploads\/2019\/10\/SportingPedia_logo.png\",\"width\":600,\"height\":101,\"caption\":\"SportingPedia\"},\"image\":{\"@id\":\"https:\/\/www.sportingpedia.com\/es\/#\/schema\/logo\/image\/\"}}]}<\/script>\n<!-- \/ Yoast SEO plugin. -->","yoast_head_json":{"title":"C\u00f3mo Realizar una Apuesta de la NBA en una Casa de Apuestas","description":"Siempre que desees diversificar tu sesi\u00f3n de apuestas de la NBA visitando una tienda de apuestas, pero no est\u00e9s completamente seguro del procedimiento que debes seguir, puedes estar tranquilo de que has llegado al lugar correcto.","robots":{"index":"index","follow":"follow","max-snippet":"max-snippet:-1","max-image-preview":"max-image-preview:large","max-video-preview":"max-video-preview:-1"},"canonical":"https:\/\/www.sportingpedia.com\/es\/nba-betting\/how-to-place-an-nba-bet-in-a-betting-shop\/","og_locale":"es_ES","og_type":"article","og_title":"C\u00f3mo Realizar una Apuesta de la NBA en una Casa de Apuestas","og_description":"Siempre que desees diversificar tu sesi\u00f3n de apuestas de la NBA visitando una tienda de apuestas, pero no est\u00e9s completamente seguro del procedimiento que debes seguir, puedes estar tranquilo de que has llegado al lugar correcto.","og_url":"https:\/\/www.sportingpedia.com\/es\/nba-betting\/how-to-place-an-nba-bet-in-a-betting-shop\/","og_site_name":"Sportingpedia - Latest Sports News From All Over the World","article_modified_time":"2025-11-26T07:40:11+00:00","og_image":[{"url":"https:\/\/www.sportingpedia.com\/wp-content\/uploads\/2021\/02\/nba-betting-how-to-place-bet_intro.svg","type":"","width":"","height":""}],"twitter_card":"summary_large_image","twitter_misc":{"Tiempo de lectura":"9 minutos"},"schema":{"@context":"https:\/\/schema.org","@graph":[{"@type":"WebPage","@id":"https:\/\/www.sportingpedia.com\/es\/nba-betting\/how-to-place-an-nba-bet-in-a-betting-shop\/","url":"https:\/\/www.sportingpedia.com\/es\/nba-betting\/how-to-place-an-nba-bet-in-a-betting-shop\/","name":"C\u00f3mo Realizar una Apuesta de la NBA en una Casa de Apuestas","isPartOf":{"@id":"https:\/\/www.sportingpedia.com\/es\/#website"},"primaryImageOfPage":{"@id":"https:\/\/www.sportingpedia.com\/es\/nba-betting\/how-to-place-an-nba-bet-in-a-betting-shop\/#primaryimage"},"image":{"@id":"https:\/\/www.sportingpedia.com\/es\/nba-betting\/how-to-place-an-nba-bet-in-a-betting-shop\/#primaryimage"},"thumbnailUrl":"https:\/\/www.sportingpedia.com\/wp-content\/uploads\/2021\/02\/nba-betting-how-to-place-bet_intro.svg","datePublished":"2025-04-10T07:59:31+00:00","dateModified":"2025-11-26T07:40:11+00:00","description":"Siempre que desees diversificar tu sesi\u00f3n de apuestas de la NBA visitando una tienda de apuestas, pero no est\u00e9s completamente seguro del procedimiento que debes seguir, puedes estar tranquilo de que has llegado al lugar correcto.","breadcrumb":{"@id":"https:\/\/www.sportingpedia.com\/es\/nba-betting\/how-to-place-an-nba-bet-in-a-betting-shop\/#breadcrumb"},"inLanguage":"es","potentialAction":[{"@type":"ReadAction","target":["https:\/\/www.sportingpedia.com\/es\/nba-betting\/how-to-place-an-nba-bet-in-a-betting-shop\/"]}]},{"@type":"ImageObject","inLanguage":"es","@id":"https:\/\/www.sportingpedia.com\/es\/nba-betting\/how-to-place-an-nba-bet-in-a-betting-shop\/#primaryimage","url":"https:\/\/www.sportingpedia.com\/wp-content\/uploads\/2021\/02\/nba-betting-how-to-place-bet_intro.svg","contentUrl":"https:\/\/www.sportingpedia.com\/wp-content\/uploads\/2021\/02\/nba-betting-how-to-place-bet_intro.svg"},{"@type":"BreadcrumbList","@id":"https:\/\/www.sportingpedia.com\/es\/nba-betting\/how-to-place-an-nba-bet-in-a-betting-shop\/#breadcrumb","itemListElement":[{"@type":"ListItem","position":1,"name":"Inicio","item":"https:\/\/www.sportingpedia.com\/es\/home-2\/"},{"@type":"ListItem","position":2,"name":"Apuestas de la NBA","item":"https:\/\/www.sportingpedia.com\/es\/nba-betting\/"},{"@type":"ListItem","position":3,"name":"C\u00f3mo Apostar en la NBA en una Casa de Apuestas"}]},{"@type":"WebSite","@id":"https:\/\/www.sportingpedia.com\/es\/#website","url":"https:\/\/www.sportingpedia.com\/es\/","name":"Sportingpedia - Latest Sports News From All Over the World","description":"","publisher":{"@id":"https:\/\/www.sportingpedia.com\/es\/#organization"},"potentialAction":[{"@type":"SearchAction","target":{"@type":"EntryPoint","urlTemplate":"https:\/\/www.sportingpedia.com\/es\/?s={search_term_string}"},"query-input":{"@type":"PropertyValueSpecification","valueRequired":true,"valueName":"search_term_string"}}],"inLanguage":"es"},{"@type":"Organization","@id":"https:\/\/www.sportingpedia.com\/es\/#organization","name":"SportingPedia","url":"https:\/\/www.sportingpedia.com\/es\/","logo":{"@type":"ImageObject","inLanguage":"es","@id":"https:\/\/www.sportingpedia.com\/es\/#\/schema\/logo\/image\/","url":"https:\/\/www.sportingpedia.com\/wp-content\/uploads\/2019\/10\/SportingPedia_logo.png","contentUrl":"https:\/\/www.sportingpedia.com\/wp-content\/uploads\/2019\/10\/SportingPedia_logo.png","width":600,"height":101,"caption":"SportingPedia"},"image":{"@id":"https:\/\/www.sportingpedia.com\/es\/#\/schema\/logo\/image\/"}}]}},"_links":{"self":[{"href":"https:\/\/www.sportingpedia.com\/es\/wp-json\/wp\/v2\/pages\/118726","targetHints":{"allow":["GET"]}}],"collection":[{"href":"https:\/\/www.sportingpedia.com\/es\/wp-json\/wp\/v2\/pages"}],"about":[{"href":"https:\/\/www.sportingpedia.com\/es\/wp-json\/wp\/v2\/types\/page"}],"author":[{"embeddable":true,"href":"https:\/\/www.sportingpedia.com\/es\/wp-json\/wp\/v2\/users\/1"}],"replies":[{"embeddable":true,"href":"https:\/\/www.sportingpedia.com\/es\/wp-json\/wp\/v2\/comments?post=118726"}],"version-history":[{"count":3,"href":"https:\/\/www.sportingpedia.com\/es\/wp-json\/wp\/v2\/pages\/118726\/revisions"}],"predecessor-version":[{"id":147443,"href":"https:\/\/www.sportingpedia.com\/es\/wp-json\/wp\/v2\/pages\/118726\/revisions\/147443"}],"up":[{"embeddable":true,"href":"https:\/\/www.sportingpedia.com\/es\/wp-json\/wp\/v2\/pages\/118697"}],"wp:attachment":[{"href":"https:\/\/www.sportingpedia.com\/es\/wp-json\/wp\/v2\/media?parent=118726"}],"curies":[{"name":"wp","href":"https:\/\/api.w.org\/{rel}","templated":true}]}}