{"id":118728,"date":"2025-04-10T07:59:31","date_gmt":"2025-04-10T07:59:31","guid":{"rendered":"https:\/\/www.sportingpedia.com\/?page_id=118728"},"modified":"2025-11-26T07:46:28","modified_gmt":"2025-11-26T07:46:28","slug":"accumulators-explained","status":"publish","type":"page","link":"https:\/\/www.sportingpedia.com\/es\/nba-betting\/accumulators-explained\/","title":{"rendered":"Acumuladores de la NBA Explicados"},"content":{"rendered":"<p><img decoding=\"async\" src=\"https:\/\/www.sportingpedia.com\/wp-content\/uploads\/2021\/02\/nba-betting-accumulators_intro.svg\" alt=\"Acumuladores de la NBA Explicados\" width=\"300\" class=\"alignleft\" \/>No hace falta decir que el baloncesto es uno de los deportes que gozan de una enorme base de seguidores, pues resulta muy atractivo. Por lo tanto, no sorprende que la popularidad de este deporte se haya trasladado gradualmente al mundo de las apuestas, ya que dif\u00edcilmente encontrar\u00e1s una casa de apuestas virtual que no ofrezca mercados de baloncesto. Aunque existen muchas ligas de baloncesto en todo el mundo, la National Basketball Association es sin duda la competici\u00f3n que atrae la atenci\u00f3n de la mayor\u00eda de los aficionados a las apuestas.<\/p>\n\n<p><strong>La amplia variedad de opciones de apuestas es una de las principales razones por las que los apostadores encuentran tan atractivas las apuestas de la NBA<\/strong>. Las apuestas combinadas son un tipo de apuesta en la NBA muy apreciado por los aficionados debido a las generosas ganancias que pueden otorgar. Si deseas aprender m\u00e1s sobre esta modalidad de apuestas de baloncesto y asegurarte de triunfar al utilizarla, encontrar\u00e1s \u00fatil nuestra gu\u00eda, ya que aqu\u00ed nos esforzaremos por resaltar las caracter\u00edsticas esenciales de las apuestas combinadas de la NBA.<\/p>\n<ol class=\"bookies-grid\">\r\n\t<li>\r\n\t\t<a rel=\"nofollow\" target=\"_blank\" href=\"\/out\/mybookie?au&#x3D;138&amp;bp&#x3D;1\"<\/a>\r\n\t\t\t<figure>\r\n\t\t\t  \t<img decoding=\"async\" src=\"https:\/\/www.sportingpedia.com\/wp-content\/uploads\/logos\/lg-mybookie-logo.jpg\" width=\"110\" height=\"55\">\r\n\t\t\t<\/figure>\r\n\r\n\t\t\t<div>\r\n\t\t\t  \t<span class=\"bookie-name\">MyBookie<\/span>\r\n\r\n\t\t\t  \t<span class=\"bookie-rating\">Rating: 4.9 <b>&starf;<\/b><\/span>\r\n\t\t\t<\/div>\r\n\t\t<\/a>\r\n\t<\/li>\r\n\t<li>\r\n\t\t<a rel=\"nofollow\" target=\"_blank\" href=\"\/out\/bovada?au&#x3D;138&amp;bp&#x3D;2\"<\/a>\r\n\t\t\t<figure>\r\n\t\t\t  \t<img decoding=\"async\" src=\"https:\/\/www.sportingpedia.com\/wp-content\/uploads\/logos\/lg-bovada-logo.jpg\" width=\"110\" height=\"55\">\r\n\t\t\t<\/figure>\r\n\r\n\t\t\t<div>\r\n\t\t\t  \t<span class=\"bookie-name\">Bovada<\/span>\r\n\r\n\t\t\t  \t<span class=\"bookie-rating\">Rating: 4.8 <b>&starf;<\/b><\/span>\r\n\t\t\t<\/div>\r\n\t\t<\/a>\r\n\t<\/li>\r\n\t<li>\r\n\t\t<a rel=\"nofollow\" target=\"_blank\" href=\"\/out\/xbet?au&#x3D;138&amp;bp&#x3D;3\"<\/a>\r\n\t\t\t<figure>\r\n\t\t\t  \t<img decoding=\"async\" src=\"https:\/\/www.sportingpedia.com\/wp-content\/uploads\/logos\/lg-xbet-logo.jpg\" width=\"110\" height=\"55\">\r\n\t\t\t<\/figure>\r\n\r\n\t\t\t<div>\r\n\t\t\t  \t<span class=\"bookie-name\">XBet<\/span>\r\n\r\n\t\t\t  \t<span class=\"bookie-rating\">Rating: 4.7 <b>&starf;<\/b><\/span>\r\n\t\t\t<\/div>\r\n\t\t<\/a>\r\n\t<\/li>\r\n\t<li>\r\n\t\t<a rel=\"nofollow\" target=\"_blank\" href=\"\/out\/intertops?au&#x3D;138&amp;bp&#x3D;4\"<\/a>\r\n\t\t\t<figure>\r\n\t\t\t  \t<img decoding=\"async\" src=\"https:\/\/www.sportingpedia.com\/wp-content\/uploads\/logos\/lg-everygame-logo.webp\" width=\"110\" height=\"55\">\r\n\t\t\t<\/figure>\r\n\r\n\t\t\t<div>\r\n\t\t\t  \t<span class=\"bookie-name\">Everygame<\/span>\r\n\r\n\t\t\t  \t<span class=\"bookie-rating\">Rating: 4.6 <b>&starf;<\/b><\/span>\r\n\t\t\t<\/div>\r\n\t\t<\/a>\r\n\t<\/li>\r\n\t<li>\r\n\t\t<a rel=\"nofollow\" target=\"_blank\" href=\"\/out\/betusr?au&#x3D;138&amp;bp&#x3D;5\"<\/a>\r\n\t\t\t<figure>\r\n\t\t\t  \t<img decoding=\"async\" src=\"https:\/\/www.sportingpedia.com\/wp-content\/uploads\/logos\/lg-betusr-logo.jpg\" width=\"110\" height=\"55\">\r\n\t\t\t<\/figure>\r\n\r\n\t\t\t<div>\r\n\t\t\t  \t<span class=\"bookie-name\">BetUSR<\/span>\r\n\r\n\t\t\t  \t<span class=\"bookie-rating\">Rating: 4.5 <b>&starf;<\/b><\/span>\r\n\t\t\t<\/div>\r\n\t\t<\/a>\r\n\t<\/li>\r\n\t<li>\r\n\t\t<a rel=\"nofollow\" target=\"_blank\" href=\"\/out\/vave?au&#x3D;138&amp;bp&#x3D;6\"<\/a>\r\n\t\t\t<figure>\r\n\t\t\t  \t<img decoding=\"async\" src=\"https:\/\/www.sportingpedia.com\/wp-content\/uploads\/logos\/lg-vave-logo.webp\" width=\"110\" height=\"55\">\r\n\t\t\t<\/figure>\r\n\r\n\t\t\t<div>\r\n\t\t\t  \t<span class=\"bookie-name\">Vave<\/span>\r\n\r\n\t\t\t  \t<span class=\"bookie-rating\">Rating: 4.4 <b>&starf;<\/b><\/span>\r\n\t\t\t<\/div>\r\n\t\t<\/a>\r\n\t<\/li>\r\n<\/ol><script>\n  setTimeout(function(){\n    if(!document.getElementById('JasHAAffsaMosaAdsANa2i')) {\n      jQuery('a[target=\"_blank\"]').removeAttr('target');\n    }\n  }, 1000);\n<\/script>\n\n<h2 id=\"explained\">Explicaci\u00f3n de las apuestas acumuladas<\/h2>\n<p><img decoding=\"async\" src=\"https:\/\/www.sportingpedia.com\/wp-content\/uploads\/2021\/02\/nba-betting-accumulators_explained.svg\" alt=\"Explicaci\u00f3n de las Apuestas Acumuladas\" width=\"300\" class=\"alignleft\" \/>Aunque muchos veteranos en las apuestas de baloncesto desaprueban las apuestas acumuladas, estas siguen siendo una forma muy popular de apostar en la NBA debido a su alto valor de entretenimiento y al beneficio que pueden generar. Si eres un novato en las apuestas de baloncesto, es posible que hayas o\u00eddo hablar de las apuestas acumuladas en numerosas ocasiones. Para los principiantes, este tipo de apuesta puede incluir dos o m\u00e1s selecciones que no necesariamente han de pertenecer a un mismo evento deportivo. Adem\u00e1s, debes tener presente que <strong>las apuestas acumuladas tambi\u00e9n se conocen como apuestas m\u00faltiples o combinadas<\/strong>, y la raz\u00f3n principal por la que son preferidas por tantos aficionados al baloncesto es que prometen ofrecer mayores ganancias con un desembolso menor.<\/p>\n<p>Aunque las apuestas acumuladas te brindan la oportunidad de obtener una ganancia mayor con una inversi\u00f3n modesta, debes recordar que ser\u00e1 mucho m\u00e1s dif\u00edcil acertar este tipo de apuestas. No obstante, el beneficio que los apostadores de la NBA podr\u00edan disfrutar deber\u00eda compensar el riesgo que necesitan asumir al realizar una apuesta acumulada. Con frecuencia, al hacer apuestas combinadas, los aficionados de la NBA tienden a elegir selecciones que se centran en el resultado final de los partidos en lugar de apostar a otras variables.<\/p>\n<p>Como probablemente puedas adivinar, dado que las apuestas acumuladas agrupan varias selecciones, dichas apuestas se tratar\u00e1n como una sola, lo que significa que tu <strong>apuesta combinada ser\u00e1 ganadora solo si aciertas todas tus selecciones<\/strong>. Por lo tanto, cuantas m\u00e1s selecciones decidas agregar, menores ser\u00e1n tus probabilidades de acertarlas todas. Es evidente que esto sigue siendo lo m\u00e1s dif\u00edcil de las apuestas acumuladas, lo que explica por qu\u00e9 muchos aficionados al baloncesto no las aprueban.<\/p>\n<p>Curiosamente, las apuestas acumuladas se popularizaron primero en el Reino Unido, donde tambi\u00e9n se las denomina apuestas \u00abacca\u00bb. Lo que contribuye a su atractivo no son solo los generosos retornos que pueden otorgar, sino tambi\u00e9n la emoci\u00f3n que ofrecen. En otras palabras, hacer una apuesta acumulada podr\u00eda permitirte convertir cualquier partido de la NBA, que normalmente podr\u00eda ser rutinario o insignificante, en una fuente interminable de entretenimiento, manteni\u00e9ndote al borde de tu asiento hasta el \u00faltimo momento.<\/p>\n<h2 id=\"placing\">Colocaci\u00f3n de una apuesta acumulada<\/h2>\n<p><img decoding=\"async\" src=\"https:\/\/www.sportingpedia.com\/wp-content\/uploads\/2021\/02\/nba-betting-accumulators_placing-bet.svg\" alt=\"Tres flechas verdes apuntando a un c\u00edrculo rojo y blanco.\" width=\"300\" class=\"alignleft\" \/>Dado que ya conoces las sutilezas de las acumuladas en la NBA, quiz\u00e1 quieras saber m\u00e1s sobre los pasos que debes seguir al realizar tales apuestas. Por suerte, el procedimiento no es tan complicado ni intimidante como podr\u00eda parecer a primera vista.<\/p>\n<p>Siempre que ya hayas encontrado una casa de apuestas en l\u00ednea que cumpla tus preferencias y sea fiable al mismo tiempo, solo necesitas iniciar sesi\u00f3n en tu cuenta con tus credenciales. Lo siguiente que debes hacer es ir a la lista de mercados cubiertos y navegar hasta las apuestas de la NBA para averiguar cu\u00e1les son los pr\u00f3ximos eventos en los que podr\u00e1s apostar. Entonces, todas las opciones disponibles se mostrar\u00e1n al instante. <strong>Los aficionados a las apuestas deben recordar que, cuando realizan una apuesta acumulada, no est\u00e1n obligados a incluir solo selecciones de la NBA<\/strong>. Por lo tanto, si adem\u00e1s te interesa seguir la NCAA, puedes estar seguro de que tendr\u00e1s la oportunidad de incluir dichos eventos. Adem\u00e1s, los amantes del baloncesto deben saber que el momento en que se disputen los encuentros no influye en sus apuestas acumuladas.<\/p>\n<p>Supongamos que has revisado la lista de opciones disponibles y has decidido apostar en tres partidos. Has optado por que los Denver Nuggets venzan a los Washington Wizards con una cuota de 1,32. La siguiente selecci\u00f3n que incorporas es el partido entre Atlanta Hawks y Utah Jazz, en el que la cuota para que Utah Jazz salga victorioso es de 1,34. El \u00faltimo encuentro al que decides apostar es el enfrentamiento entre Sacramento Kings y Dallas Mavericks, con una cuota de 3,45 a favor de Sacramento Kings. Para agregar cada una de estas selecciones a tu boleto de apuestas, simplemente haz clic en el valor de la cuota de los equipos elegidos.<\/p>\n<p>Una vez que hayas agregado todas las selecciones que te interesan a tu boleto de apuestas, \u00e1brelo e introduce la cantidad que deseas apostar. Vale la pena mencionar que al abrir tu boleto <strong>podr\u00e1s decidir si prefieres realizar estas apuestas individualmente o a\u00f1adirlas a una apuesta acumulada<\/strong>. Por ello, aseg\u00farate de indicar que deseas combinarlas. Con frecuencia, podr\u00e1s revisar la cantidad total que apostar\u00e1s, as\u00ed como las ganancias que podr\u00edas obtener en caso de que tu apuesta sea ganadora.<\/p>\n<h2 id=\"calculating\">Calculando tus posibles ganancias<\/h2>\n<p><img decoding=\"async\" src=\"https:\/\/www.sportingpedia.com\/wp-content\/uploads\/2021\/02\/nba-betting-accumulators_calculating-potential-returns.svg\" alt=\"Calculadora verde con s\u00edmbolos matem\u00e1ticos y un bot\u00f3n de igual.\" width=\"300\" class=\"alignleft\" \/>Para tener una idea m\u00e1s clara de c\u00f3mo funcionan las apuestas combinadas, examinaremos una situaci\u00f3n en la que realizas estas apuestas de forma individual y otra en la que decides incorporarlas en una apuesta acumulada.<\/p>\n<p>Supongamos que los eventos en los que deseas apostar son un partido entre Golden State Warriors e Indiana Pacers, con cuotas -110 y +105 respectivamente; otro entre Houston Rockets y San Antonio Spurs, con las mismas cuotas; y un \u00faltimo enfrentamiento entre Miami Heat y Charlotte Hornets, tambi\u00e9n con cuotas -110 y +105. Hemos elegido precisamente estos valores para que captes la esencia de las apuestas acumuladas de la NBA con mayor facilidad.<\/p>\n<p>Ahora, imaginemos que no encuentras tan atractivas las apuestas combinadas y prefieres <strong>realizar estas apuestas individualmente<\/strong>. Si decides apostar 50\u202f$ por juego a favor de Golden State Warriors, Houston Rockets y Miami Heat, ganar\u00e1s 45,45\u202f$ por cada predicci\u00f3n correcta. En otras palabras, los amantes del baloncesto obtendr\u00edan un total de 136,35\u202f$. Es importante se\u00f1alar que tus apuestas sumar\u00edan 150\u202f$.<\/p>\n<p>Supongamos que deseas apostar a los mismos equipos, pero cambias de enfoque e incorporas las selecciones en una apuesta acumulada. De nuevo, apuestas 50\u202f$ por juego, lo que significa que el importe total apostado ser\u00e1 de 150\u202f$. La mayor diferencia entre estos dos escenarios es que, siempre que aciertes tus selecciones, esta vez <strong>la ganancia ser\u00eda de 893,69\u202f$<\/strong>. Con las apuestas acumuladas debes calcular las cuotas multiplicando las probabilidades de cada evento. En otras palabras, los aficionados a la NBA deben multiplicar la cuota de Golden State Warriors, Houston Rockets y Miami Heat.<\/p>\n<p>Quiz\u00e1 pienses que es mejor optar siempre por las apuestas combinadas en lugar de realizarlas por separado, ya que las ganancias potenciales son m\u00e1s sustanciales. Sin embargo, no debes olvidar que es m\u00e1s dif\u00edcil acertar tres victorias consecutivas, lo que explica por qu\u00e9 los premios son m\u00e1s cuantiosos. Si volvemos al ejemplo y asumimos que Houston Rockets no logra ganar, tu apuesta acumulada ser\u00eda perdedora y perder\u00edas todo el monto apostado. As\u00ed, si hubieras realizado apuestas individuales en estos eventos y la apuesta a Houston Rockets hubiese sido perdedora, todav\u00eda habr\u00edas ganado 90,90\u202f$. Tal vez hayas llegado a la conclusi\u00f3n de que las apuestas acumuladas pueden ser mucho m\u00e1s rentables, pero, por otro lado, es mucho m\u00e1s dif\u00edcil acertar todas las selecciones individuales.<\/p>\n<h2 id=\"pros-cons\">Ventajas y desventajas de las apuestas acumuladas de la NBA<\/h2>\n<p><img decoding=\"async\" src=\"https:\/\/www.sportingpedia.com\/wp-content\/uploads\/2021\/02\/nba-betting-accumulators_pros-and-cons.svg\" alt=\"Manos sosteniendo signos de m\u00e1s y menos en paletas verdes y rojas.\" width=\"300\" class=\"alignleft\" \/>No hace falta decir que la mayor ventaja de las apuestas acumuladas es que, gracias a ellas, <strong>podr\u00edas obtener retornos m\u00e1s sustanciales<\/strong>. Lo mejor de todo es que, con apuestas de este tipo, los entusiastas del juego pueden ganar premios realmente atractivos despu\u00e9s de haber hecho una inversi\u00f3n menor.<\/p>\n<p>Desafortunadamente, cuando se trata de apuestas, y de apuestas de NBA en particular, no existe algo as\u00ed como una apuesta sin riesgo. En esencia, en cuanto a las apuestas combinadas, los apostadores deben saber que el riesgo que deben asumir ser\u00e1 considerablemente mayor.<\/p>\n<p>Como ya se mencion\u00f3, esto deber\u00eda compensar los mayores retornos que tales apuestas podr\u00edan ofrecer. <strong>Realizar una apuesta acumulada no solo es m\u00e1s arriesgado<\/strong>, sino tambi\u00e9n m\u00e1s complicado, ya que los amantes del baloncesto solo disfrutar\u00e1n de una ganancia si todos los partidos se desarrollan tal como han previsto.<\/p>\n<h2>Conclusi\u00f3n<\/h2>\n<p><img decoding=\"async\" src=\"https:\/\/www.sportingpedia.com\/wp-content\/uploads\/2021\/02\/nba-betting-accumulators_conclusion.svg\" alt=\"Conclusi\u00f3n\" width=\"300\" class=\"alignleft\" \/>Si persigues ganancias considerables y contemplas utilizar apuestas combinadas para alcanzarlas, deber\u00edas replante\u00e1rtelo detenidamente. Aunque el beneficio que puedas obtener resulte muy atractivo, no debes pasar por alto el riesgo que asumir\u00e1s al realizar tales apuestas. En otras palabras, <strong>los apostadores de la NBA deben asegurarse de que su juicio no se nuble por los premios potenciales mientras toman decisiones<\/strong>.<\/p>\n<p>Por supuesto, no queremos dejarte con la impresi\u00f3n de que nunca deber\u00edas utilizar apuestas combinadas. Optar por ellas puede ser una buena idea siempre y cuando consideres que tu experiencia es suficiente para hacer evaluaciones acertadas.<\/p>\n","protected":false},"excerpt":{"rendered":"<p>No hace falta decir que el baloncesto es uno de los deportes que gozan de una enorme base de seguidores, pues resulta muy atractivo. Por lo tanto, no sorprende que la popularidad de este deporte se haya trasladado gradualmente al mundo de las apuestas, ya que dif\u00edcilmente encontrar\u00e1s una casa de apuestas virtual que no [&hellip;]<\/p>\n","protected":false},"author":1,"featured_media":0,"parent":118697,"menu_order":0,"comment_status":"closed","ping_status":"closed","template":"template-guide-page.php","meta":{"footnotes":""},"class_list":["post-118728","page","type-page","status-publish","hentry"],"yoast_head":"<!-- This site is optimized with the Yoast SEO plugin v26.6 - https:\/\/yoast.com\/wordpress\/plugins\/seo\/ -->\n<title>Acumuladores de la NBA Explicados<\/title>\n<meta name=\"description\" content=\"Aunque muchas personas con experiencia en apuestas de baloncesto desaprueban las apuestas combinadas, siguen siendo una forma muy popular de apostar en la Liga Nacional de Baloncesto debido a su alto valor de entretenimiento, as\u00ed como al beneficio que pueden generar.\" \/>\n<meta name=\"robots\" content=\"index, follow, max-snippet:-1, max-image-preview:large, max-video-preview:-1\" \/>\n<link rel=\"canonical\" href=\"https:\/\/www.sportingpedia.com\/es\/nba-betting\/accumulators-explained\/\" \/>\n<meta property=\"og:locale\" content=\"es_ES\" \/>\n<meta property=\"og:type\" content=\"article\" \/>\n<meta property=\"og:title\" content=\"Acumuladores de la NBA Explicados\" \/>\n<meta property=\"og:description\" content=\"Aunque muchas personas con experiencia en apuestas de baloncesto desaprueban las apuestas combinadas, siguen siendo una forma muy popular de apostar en la Liga Nacional de Baloncesto debido a su alto valor de entretenimiento, as\u00ed como al beneficio que pueden generar.\" \/>\n<meta property=\"og:url\" content=\"https:\/\/www.sportingpedia.com\/es\/nba-betting\/accumulators-explained\/\" \/>\n<meta property=\"og:site_name\" content=\"Sportingpedia - Latest Sports News From All Over the World\" \/>\n<meta property=\"article:modified_time\" content=\"2025-11-26T07:46:28+00:00\" \/>\n<meta property=\"og:image\" content=\"https:\/\/www.sportingpedia.com\/wp-content\/uploads\/2021\/02\/nba-betting-accumulators_intro.svg\" \/>\n<meta name=\"twitter:card\" content=\"summary_large_image\" \/>\n<meta name=\"twitter:label1\" content=\"Tiempo de lectura\" \/>\n\t<meta name=\"twitter:data1\" content=\"10 minutos\" \/>\n<script type=\"application\/ld+json\" class=\"yoast-schema-graph\">{\"@context\":\"https:\/\/schema.org\",\"@graph\":[{\"@type\":\"WebPage\",\"@id\":\"https:\/\/www.sportingpedia.com\/es\/nba-betting\/accumulators-explained\/\",\"url\":\"https:\/\/www.sportingpedia.com\/es\/nba-betting\/accumulators-explained\/\",\"name\":\"Acumuladores de la NBA Explicados\",\"isPartOf\":{\"@id\":\"https:\/\/www.sportingpedia.com\/es\/#website\"},\"primaryImageOfPage\":{\"@id\":\"https:\/\/www.sportingpedia.com\/es\/nba-betting\/accumulators-explained\/#primaryimage\"},\"image\":{\"@id\":\"https:\/\/www.sportingpedia.com\/es\/nba-betting\/accumulators-explained\/#primaryimage\"},\"thumbnailUrl\":\"https:\/\/www.sportingpedia.com\/wp-content\/uploads\/2021\/02\/nba-betting-accumulators_intro.svg\",\"datePublished\":\"2025-04-10T07:59:31+00:00\",\"dateModified\":\"2025-11-26T07:46:28+00:00\",\"description\":\"Aunque muchas personas con experiencia en apuestas de baloncesto desaprueban las apuestas combinadas, siguen siendo una forma muy popular de apostar en la Liga Nacional de Baloncesto debido a su alto valor de entretenimiento, as\u00ed como al beneficio que pueden generar.\",\"breadcrumb\":{\"@id\":\"https:\/\/www.sportingpedia.com\/es\/nba-betting\/accumulators-explained\/#breadcrumb\"},\"inLanguage\":\"es\",\"potentialAction\":[{\"@type\":\"ReadAction\",\"target\":[\"https:\/\/www.sportingpedia.com\/es\/nba-betting\/accumulators-explained\/\"]}]},{\"@type\":\"ImageObject\",\"inLanguage\":\"es\",\"@id\":\"https:\/\/www.sportingpedia.com\/es\/nba-betting\/accumulators-explained\/#primaryimage\",\"url\":\"https:\/\/www.sportingpedia.com\/wp-content\/uploads\/2021\/02\/nba-betting-accumulators_intro.svg\",\"contentUrl\":\"https:\/\/www.sportingpedia.com\/wp-content\/uploads\/2021\/02\/nba-betting-accumulators_intro.svg\"},{\"@type\":\"BreadcrumbList\",\"@id\":\"https:\/\/www.sportingpedia.com\/es\/nba-betting\/accumulators-explained\/#breadcrumb\",\"itemListElement\":[{\"@type\":\"ListItem\",\"position\":1,\"name\":\"Inicio\",\"item\":\"https:\/\/www.sportingpedia.com\/es\/home-2\/\"},{\"@type\":\"ListItem\",\"position\":2,\"name\":\"Apuestas de la NBA\",\"item\":\"https:\/\/www.sportingpedia.com\/es\/nba-betting\/\"},{\"@type\":\"ListItem\",\"position\":3,\"name\":\"Acumuladores de la NBA Explicados\"}]},{\"@type\":\"WebSite\",\"@id\":\"https:\/\/www.sportingpedia.com\/es\/#website\",\"url\":\"https:\/\/www.sportingpedia.com\/es\/\",\"name\":\"Sportingpedia - Latest Sports News From All Over the World\",\"description\":\"\",\"publisher\":{\"@id\":\"https:\/\/www.sportingpedia.com\/es\/#organization\"},\"potentialAction\":[{\"@type\":\"SearchAction\",\"target\":{\"@type\":\"EntryPoint\",\"urlTemplate\":\"https:\/\/www.sportingpedia.com\/es\/?s={search_term_string}\"},\"query-input\":{\"@type\":\"PropertyValueSpecification\",\"valueRequired\":true,\"valueName\":\"search_term_string\"}}],\"inLanguage\":\"es\"},{\"@type\":\"Organization\",\"@id\":\"https:\/\/www.sportingpedia.com\/es\/#organization\",\"name\":\"SportingPedia\",\"url\":\"https:\/\/www.sportingpedia.com\/es\/\",\"logo\":{\"@type\":\"ImageObject\",\"inLanguage\":\"es\",\"@id\":\"https:\/\/www.sportingpedia.com\/es\/#\/schema\/logo\/image\/\",\"url\":\"https:\/\/www.sportingpedia.com\/wp-content\/uploads\/2019\/10\/SportingPedia_logo.png\",\"contentUrl\":\"https:\/\/www.sportingpedia.com\/wp-content\/uploads\/2019\/10\/SportingPedia_logo.png\",\"width\":600,\"height\":101,\"caption\":\"SportingPedia\"},\"image\":{\"@id\":\"https:\/\/www.sportingpedia.com\/es\/#\/schema\/logo\/image\/\"}}]}<\/script>\n<!-- \/ Yoast SEO plugin. -->","yoast_head_json":{"title":"Acumuladores de la NBA Explicados","description":"Aunque muchas personas con experiencia en apuestas de baloncesto desaprueban las apuestas combinadas, siguen siendo una forma muy popular de apostar en la Liga Nacional de Baloncesto debido a su alto valor de entretenimiento, as\u00ed como al beneficio que pueden generar.","robots":{"index":"index","follow":"follow","max-snippet":"max-snippet:-1","max-image-preview":"max-image-preview:large","max-video-preview":"max-video-preview:-1"},"canonical":"https:\/\/www.sportingpedia.com\/es\/nba-betting\/accumulators-explained\/","og_locale":"es_ES","og_type":"article","og_title":"Acumuladores de la NBA Explicados","og_description":"Aunque muchas personas con experiencia en apuestas de baloncesto desaprueban las apuestas combinadas, siguen siendo una forma muy popular de apostar en la Liga Nacional de Baloncesto debido a su alto valor de entretenimiento, as\u00ed como al beneficio que pueden generar.","og_url":"https:\/\/www.sportingpedia.com\/es\/nba-betting\/accumulators-explained\/","og_site_name":"Sportingpedia - Latest Sports News From All Over the World","article_modified_time":"2025-11-26T07:46:28+00:00","og_image":[{"url":"https:\/\/www.sportingpedia.com\/wp-content\/uploads\/2021\/02\/nba-betting-accumulators_intro.svg","type":"","width":"","height":""}],"twitter_card":"summary_large_image","twitter_misc":{"Tiempo de lectura":"10 minutos"},"schema":{"@context":"https:\/\/schema.org","@graph":[{"@type":"WebPage","@id":"https:\/\/www.sportingpedia.com\/es\/nba-betting\/accumulators-explained\/","url":"https:\/\/www.sportingpedia.com\/es\/nba-betting\/accumulators-explained\/","name":"Acumuladores de la NBA Explicados","isPartOf":{"@id":"https:\/\/www.sportingpedia.com\/es\/#website"},"primaryImageOfPage":{"@id":"https:\/\/www.sportingpedia.com\/es\/nba-betting\/accumulators-explained\/#primaryimage"},"image":{"@id":"https:\/\/www.sportingpedia.com\/es\/nba-betting\/accumulators-explained\/#primaryimage"},"thumbnailUrl":"https:\/\/www.sportingpedia.com\/wp-content\/uploads\/2021\/02\/nba-betting-accumulators_intro.svg","datePublished":"2025-04-10T07:59:31+00:00","dateModified":"2025-11-26T07:46:28+00:00","description":"Aunque muchas personas con experiencia en apuestas de baloncesto desaprueban las apuestas combinadas, siguen siendo una forma muy popular de apostar en la Liga Nacional de Baloncesto debido a su alto valor de entretenimiento, as\u00ed como al beneficio que pueden generar.","breadcrumb":{"@id":"https:\/\/www.sportingpedia.com\/es\/nba-betting\/accumulators-explained\/#breadcrumb"},"inLanguage":"es","potentialAction":[{"@type":"ReadAction","target":["https:\/\/www.sportingpedia.com\/es\/nba-betting\/accumulators-explained\/"]}]},{"@type":"ImageObject","inLanguage":"es","@id":"https:\/\/www.sportingpedia.com\/es\/nba-betting\/accumulators-explained\/#primaryimage","url":"https:\/\/www.sportingpedia.com\/wp-content\/uploads\/2021\/02\/nba-betting-accumulators_intro.svg","contentUrl":"https:\/\/www.sportingpedia.com\/wp-content\/uploads\/2021\/02\/nba-betting-accumulators_intro.svg"},{"@type":"BreadcrumbList","@id":"https:\/\/www.sportingpedia.com\/es\/nba-betting\/accumulators-explained\/#breadcrumb","itemListElement":[{"@type":"ListItem","position":1,"name":"Inicio","item":"https:\/\/www.sportingpedia.com\/es\/home-2\/"},{"@type":"ListItem","position":2,"name":"Apuestas de la NBA","item":"https:\/\/www.sportingpedia.com\/es\/nba-betting\/"},{"@type":"ListItem","position":3,"name":"Acumuladores de la NBA Explicados"}]},{"@type":"WebSite","@id":"https:\/\/www.sportingpedia.com\/es\/#website","url":"https:\/\/www.sportingpedia.com\/es\/","name":"Sportingpedia - Latest Sports News From All Over the World","description":"","publisher":{"@id":"https:\/\/www.sportingpedia.com\/es\/#organization"},"potentialAction":[{"@type":"SearchAction","target":{"@type":"EntryPoint","urlTemplate":"https:\/\/www.sportingpedia.com\/es\/?s={search_term_string}"},"query-input":{"@type":"PropertyValueSpecification","valueRequired":true,"valueName":"search_term_string"}}],"inLanguage":"es"},{"@type":"Organization","@id":"https:\/\/www.sportingpedia.com\/es\/#organization","name":"SportingPedia","url":"https:\/\/www.sportingpedia.com\/es\/","logo":{"@type":"ImageObject","inLanguage":"es","@id":"https:\/\/www.sportingpedia.com\/es\/#\/schema\/logo\/image\/","url":"https:\/\/www.sportingpedia.com\/wp-content\/uploads\/2019\/10\/SportingPedia_logo.png","contentUrl":"https:\/\/www.sportingpedia.com\/wp-content\/uploads\/2019\/10\/SportingPedia_logo.png","width":600,"height":101,"caption":"SportingPedia"},"image":{"@id":"https:\/\/www.sportingpedia.com\/es\/#\/schema\/logo\/image\/"}}]}},"_links":{"self":[{"href":"https:\/\/www.sportingpedia.com\/es\/wp-json\/wp\/v2\/pages\/118728","targetHints":{"allow":["GET"]}}],"collection":[{"href":"https:\/\/www.sportingpedia.com\/es\/wp-json\/wp\/v2\/pages"}],"about":[{"href":"https:\/\/www.sportingpedia.com\/es\/wp-json\/wp\/v2\/types\/page"}],"author":[{"embeddable":true,"href":"https:\/\/www.sportingpedia.com\/es\/wp-json\/wp\/v2\/users\/1"}],"replies":[{"embeddable":true,"href":"https:\/\/www.sportingpedia.com\/es\/wp-json\/wp\/v2\/comments?post=118728"}],"version-history":[{"count":3,"href":"https:\/\/www.sportingpedia.com\/es\/wp-json\/wp\/v2\/pages\/118728\/revisions"}],"predecessor-version":[{"id":147446,"href":"https:\/\/www.sportingpedia.com\/es\/wp-json\/wp\/v2\/pages\/118728\/revisions\/147446"}],"up":[{"embeddable":true,"href":"https:\/\/www.sportingpedia.com\/es\/wp-json\/wp\/v2\/pages\/118697"}],"wp:attachment":[{"href":"https:\/\/www.sportingpedia.com\/es\/wp-json\/wp\/v2\/media?parent=118728"}],"curies":[{"name":"wp","href":"https:\/\/api.w.org\/{rel}","templated":true}]}}