{"id":118859,"date":"2025-04-10T07:59:56","date_gmt":"2025-04-10T07:59:56","guid":{"rendered":"https:\/\/www.sportingpedia.com\/?page_id=118859"},"modified":"2025-11-25T14:10:36","modified_gmt":"2025-11-25T14:10:36","slug":"football-bet-slip","status":"publish","type":"page","link":"https:\/\/www.sportingpedia.com\/es\/football-betting\/football-bet-slip\/","title":{"rendered":"Boleto de Apuesta de F\u00fatbol"},"content":{"rendered":"<p>Si eres un apostador experimentado, ya sabes que la hoja de apuestas es una parte integral de tu experiencia diaria de apuestas. Es un aspecto fundamental al realizar apuestas de f\u00fatbol en l\u00ednea, por lo que es particularmente importante comprender perfectamente c\u00f3mo funciona para poder sacarle el m\u00e1ximo provecho.<\/p>\n\n<p>En los comienzos de las apuestas deportivas, la hoja de apuestas era solo un trozo de papel que deb\u00eda completarse al realizar una apuesta en una casa de apuestas f\u00edsica. Su prop\u00f3sito era servir como recibo de las apuestas realizadas. Si estas ten\u00edan \u00e9xito, los apostadores devolv\u00edan la hoja de apuestas para que el cajero calculase cu\u00e1nto se deb\u00eda pagar en ganancias. Hoy en d\u00eda, las plataformas de apuestas en l\u00ednea est\u00e1n en constante crecimiento y la hoja de apuestas se presenta en forma electr\u00f3nica. Adem\u00e1s de registrar los detalles de tus apuestas, calcula autom\u00e1ticamente el eventual pago de una apuesta exitosa.<\/p>\n<ol class=\"bookies-grid\">\r\n\t<li>\r\n\t\t<a rel=\"nofollow\" target=\"_blank\" href=\"\/out\/mybookie?au&#x3D;138&amp;bp&#x3D;1\"<\/a>\r\n\t\t\t<figure>\r\n\t\t\t  \t<img decoding=\"async\" src=\"https:\/\/www.sportingpedia.com\/wp-content\/uploads\/logos\/lg-mybookie-logo.jpg\" width=\"110\" height=\"55\">\r\n\t\t\t<\/figure>\r\n\r\n\t\t\t<div>\r\n\t\t\t  \t<span class=\"bookie-name\">MyBookie<\/span>\r\n\r\n\t\t\t  \t<span class=\"bookie-rating\">Rating: 4.9 <b>&starf;<\/b><\/span>\r\n\t\t\t<\/div>\r\n\t\t<\/a>\r\n\t<\/li>\r\n\t<li>\r\n\t\t<a rel=\"nofollow\" target=\"_blank\" href=\"\/out\/bovada?au&#x3D;138&amp;bp&#x3D;2\"<\/a>\r\n\t\t\t<figure>\r\n\t\t\t  \t<img decoding=\"async\" src=\"https:\/\/www.sportingpedia.com\/wp-content\/uploads\/logos\/lg-bovada-logo.jpg\" width=\"110\" height=\"55\">\r\n\t\t\t<\/figure>\r\n\r\n\t\t\t<div>\r\n\t\t\t  \t<span class=\"bookie-name\">Bovada<\/span>\r\n\r\n\t\t\t  \t<span class=\"bookie-rating\">Rating: 4.8 <b>&starf;<\/b><\/span>\r\n\t\t\t<\/div>\r\n\t\t<\/a>\r\n\t<\/li>\r\n\t<li>\r\n\t\t<a rel=\"nofollow\" target=\"_blank\" href=\"\/out\/xbet?au&#x3D;138&amp;bp&#x3D;3\"<\/a>\r\n\t\t\t<figure>\r\n\t\t\t  \t<img decoding=\"async\" src=\"https:\/\/www.sportingpedia.com\/wp-content\/uploads\/logos\/lg-xbet-logo.jpg\" width=\"110\" height=\"55\">\r\n\t\t\t<\/figure>\r\n\r\n\t\t\t<div>\r\n\t\t\t  \t<span class=\"bookie-name\">XBet<\/span>\r\n\r\n\t\t\t  \t<span class=\"bookie-rating\">Rating: 4.7 <b>&starf;<\/b><\/span>\r\n\t\t\t<\/div>\r\n\t\t<\/a>\r\n\t<\/li>\r\n\t<li>\r\n\t\t<a rel=\"nofollow\" target=\"_blank\" href=\"\/out\/intertops?au&#x3D;138&amp;bp&#x3D;4\"<\/a>\r\n\t\t\t<figure>\r\n\t\t\t  \t<img decoding=\"async\" src=\"https:\/\/www.sportingpedia.com\/wp-content\/uploads\/logos\/lg-everygame-logo.webp\" width=\"110\" height=\"55\">\r\n\t\t\t<\/figure>\r\n\r\n\t\t\t<div>\r\n\t\t\t  \t<span class=\"bookie-name\">Everygame<\/span>\r\n\r\n\t\t\t  \t<span class=\"bookie-rating\">Rating: 4.6 <b>&starf;<\/b><\/span>\r\n\t\t\t<\/div>\r\n\t\t<\/a>\r\n\t<\/li>\r\n\t<li>\r\n\t\t<a rel=\"nofollow\" target=\"_blank\" href=\"\/out\/betusr?au&#x3D;138&amp;bp&#x3D;5\"<\/a>\r\n\t\t\t<figure>\r\n\t\t\t  \t<img decoding=\"async\" src=\"https:\/\/www.sportingpedia.com\/wp-content\/uploads\/logos\/lg-betusr-logo.jpg\" width=\"110\" height=\"55\">\r\n\t\t\t<\/figure>\r\n\r\n\t\t\t<div>\r\n\t\t\t  \t<span class=\"bookie-name\">BetUSR<\/span>\r\n\r\n\t\t\t  \t<span class=\"bookie-rating\">Rating: 4.5 <b>&starf;<\/b><\/span>\r\n\t\t\t<\/div>\r\n\t\t<\/a>\r\n\t<\/li>\r\n\t<li>\r\n\t\t<a rel=\"nofollow\" target=\"_blank\" href=\"\/out\/vave?au&#x3D;138&amp;bp&#x3D;6\"<\/a>\r\n\t\t\t<figure>\r\n\t\t\t  \t<img decoding=\"async\" src=\"https:\/\/www.sportingpedia.com\/wp-content\/uploads\/logos\/lg-vave-logo.webp\" width=\"110\" height=\"55\">\r\n\t\t\t<\/figure>\r\n\r\n\t\t\t<div>\r\n\t\t\t  \t<span class=\"bookie-name\">Vave<\/span>\r\n\r\n\t\t\t  \t<span class=\"bookie-rating\">Rating: 4.4 <b>&starf;<\/b><\/span>\r\n\t\t\t<\/div>\r\n\t\t<\/a>\r\n\t<\/li>\r\n<\/ol><script>\n  setTimeout(function(){\n    if(!document.getElementById('JasHAAffsaMosaAdsANa2i')) {\n      jQuery('a[target=\"_blank\"]').removeAttr('target');\n    }\n  }, 1000);\n<\/script>\n\n<h2 id=\"slip\">Explicaci\u00f3n del tal\u00f3n de apuestas<\/h2>\n<p><img decoding=\"async\" src=\"https:\/\/www.sportingpedia.com\/wp-content\/uploads\/2021\/02\/football-betting-kelly-criterion_explained.svg\" alt=\"Explicaci\u00f3n del Tal\u00f3n de Apuestas\" width=\"300\" class=\"alignleft \"> No importa si usas tu computadora de escritorio o tu dispositivo m\u00f3vil preferido para realizar apuestas de f\u00fatbol en l\u00ednea, siempre puedes encontrar el tal\u00f3n de apuestas en el lado derecho de tu pantalla. Las caracter\u00edsticas exactas pueden variar ligeramente de una casa de apuestas en l\u00ednea a otra, pero, en general, el procedimiento de apuesta es bastante universal.<\/p>\n<p>En la parte superior del tal\u00f3n de apuestas puedes ver el tipo de apuestas que se te permite hacer. Estas generalmente se conocen como apuestas simples o m\u00faltiples, pero puede haber botones separados para combinada, reversa, si apuesta, teaser, etc. Para realizar una apuesta debes a\u00f1adir al menos una selecci\u00f3n al tal\u00f3n de apuestas y, por lo general, no hay un l\u00edmite m\u00e1ximo en el n\u00famero de apuestas. A\u00f1adir una selecci\u00f3n no podr\u00eda ser m\u00e1s sencillo: solo haz clic o toca en el mercado de apuestas elegido y este se mostrar\u00e1 autom\u00e1ticamente.<\/p>\n<p>Mira cuidadosamente tu tal\u00f3n de apuestas y notar\u00e1s cu\u00e1nta informaci\u00f3n proporciona. Dependiendo de la interfaz, el n\u00famero de apuestas seleccionadas se muestra ya sea en la parte superior o en la inferior del tal\u00f3n de apuestas. Si decides que has seleccionado demasiados eventos, solo haz clic en el icono de \u00abeliminar\u00bb junto a cada selecci\u00f3n. La otra opci\u00f3n que tienes es eliminar todas las selecciones mediante el bot\u00f3n <strong>\u00abEliminar todo\u00bb o \u00abBorrar todo\u00bb<\/strong>.<\/p>\n<p>Despu\u00e9s de que termines de seleccionar los eventos en los que apostar, a\u00f1ade la cantidad que deseas arriesgar. Si no hay fondos suficientes en el saldo de tu cuenta, el tal\u00f3n de apuestas te pedir\u00e1 que realices un dep\u00f3sito y luego contin\u00faes con tu apuesta. Si has elegido hacer una apuesta m\u00faltiple, algunas casas de apuestas permiten ingresar una cantidad separada para cada evento, mientras que otras han a\u00f1adido la opci\u00f3n de indicar una apuesta conjunta.<\/p>\n<p>Debajo de todos los mercados seleccionados ver\u00e1s tres tipos de informaci\u00f3n: <strong>cuotas totales, cantidad apostada y posibles ganancias<\/strong>. Si todo en tu tal\u00f3n de apuestas es correcto, lo \u00fanico que tienes que hacer es presionar el bot\u00f3n Confirmar Apuesta. Puedes encontrar este bot\u00f3n con nombres como Enviar, Apostar ahora, Realizar apuesta, etc.<\/p>\n<p>Una de las caracter\u00edsticas m\u00e1s convenientes de este elemento del sportsbook en l\u00ednea es que te notifica cada vez que las cuotas bajan o suben, o si alguno de los eventos seleccionados ha terminado antes de que hayas confirmado tu apuesta.<\/p>\n<h2 id=\"how\">C\u00f3mo calcula sus ganancias el boleto de apuestas<\/h2>\n<p><img decoding=\"async\" src=\"https:\/\/www.sportingpedia.com\/wp-content\/uploads\/2021\/02\/football-betting-kelly-criterion_formula.svg\" alt=\"C\u00f3mo Calcula Sus Ganancias El Boleto de Apuestas\" width=\"300\" class=\"alignleft\"> Los apostadores no tienen que preocuparse por los c\u00e1lculos matem\u00e1ticos, ya que su boleto de apuestas act\u00faa como una calculadora en l\u00ednea con diferentes configuraciones seg\u00fan el tipo de apuesta realizada. Si prefieres realizar apuestas simples, debes saber que tus ganancias eventuales se calculan multiplicando tu apuesta por las cuotas respectivas. Por ejemplo, deseas apostar a que el <strong>Aston Villa<\/strong> gane a Watford en el pr\u00f3ximo partido de la Premier League:<\/p>\n<div class=\"clear\"><\/div>\n<ul>\n<li>Cuotas: 1,59. Apuesta: 10\u202f\u20ac    <\/li>\n<li>Ganancias: 15,90\u202f\u20ac    <\/li>\n<li>Beneficio: 15,90 -10\u202f\u20ac \u20ac = 5,90\u202f\u20ac<\/li>\n<\/ul>\n<p>Si las apuestas simples no son lo suficientemente desafiantes para ti o si tu objetivo es obtener mayores ganancias, puedes intentar hacer predicciones a trav\u00e9s de una apuesta combinada. Para realizar este tipo de apuesta, tienes que hacer clic en varios eventos, agreg\u00e1ndolos as\u00ed al boleto de apuestas y luego indicar la categor\u00eda de apuesta correspondiente. Aqu\u00ed, <strong>la cantidad que se puede ganar es mucho mayor, ya que las cuotas se multiplicar\u00e1n<\/strong>. No es tan complicado como parece; lo ver\u00e1s en el siguiente ejemplo. Supongamos que, adem\u00e1s del evento mencionado anteriormente, tambi\u00e9n decides apostar al resultado de los partidos Fulham vs. Huddersfield Town (cuotas de 7,6 para Huddersfield) y Hull City vs. Barnsley (cuotas de 3,3 para un empate).<\/p>\n<ul>\n<li>Cuotas: 1,59 x 7,6 x 3,3. Apuesta: 10\u202f\u20ac    <\/li>\n<li>Ganancias: 398,77\u202f\u20ac    <\/li>\n<li>Beneficio: 398,77 -10\u202f\u20ac \u20ac = 388,77\u202f\u20ac<\/li>\n<\/ul>\n<p>No parece nada mal, \u00bfverdad? Una ganancia tan alta solo es posible con acumuladores de alto riesgo. Recuerda: incluso si solo una de tus predicciones no se cumple, pierdes tu apuesta. Con el tiempo, otro tipo de apuesta, el sistema, ha ganado gran popularidad entre los apostadores en l\u00ednea. Debido a su naturaleza, conllevan un menor grado de riesgo, pero, al mismo tiempo, las posibles ganancias no son tan altas.<\/p>\n<p>Nuevamente veremos un ejemplo para mostrarte c\u00f3mo funcionan los boletos de apuestas en relaci\u00f3n con las apuestas de sistema. Los partidos y las cuotas se mantienen igual que en el caso de las apuestas acumulativas. Suponiendo que hayas elegido el sistema 2 de 3 y apuestes 10\u202f\u20ac en tres combinaciones, <strong>tu apuesta inicial se multiplicar\u00e1 por 3, es decir, 10\u202f\u20ac x 3 = 30\u202f\u20ac<\/strong>. La Apuesta 1 es victoria de Aston Villa (cuotas de 1,59), la Apuesta 2 es victoria de Huddersfield Town (cuotas de 7,6) y la Apuesta 3 es empate entre Hull City y Barnsley (cuotas de 3,3).<\/p>\n<ul>\n<li>Si la Apuesta 1 y la Apuesta 2 son correctas, pero la Apuesta 3 no lo es, el c\u00e1lculo es: 10\u202f\u20ac x 1,59 x 7,6 = 120,84\u202f\u20ac.<\/li>\n<li>Si la Apuesta 1 y la Apuesta 3 son correctas, pero la Apuesta 2 no lo es, el c\u00e1lculo es: 10\u202f\u20ac x 1,59 x 3,3 = 52,47\u202f\u20ac.<\/li>\n<li>Si la Apuesta 2 y la Apuesta 3 son correctas, pero la Apuesta 1 no lo es, el c\u00e1lculo es: 10\u202f\u20ac x 7,6 x 3,3 = 250,80\u202f\u20ac.<\/li>\n<\/ul>\n<h2 id=\"tips\">Consejos<\/h2>\n<p><img decoding=\"async\" src=\"https:\/\/www.sportingpedia.com\/wp-content\/uploads\/2021\/02\/football-betting-challenge-bets-tactics_common-strategies.svg\" alt=\"Consejos de Apuestas\" width=\"300\" class=\"alignleft\"> Despu\u00e9s de leer la informaci\u00f3n anterior, ya est\u00e1s familiarizado con todo lo que necesitas saber sobre los elementos de la hoja de apuestas y c\u00f3mo funciona. Hemos recopilado una breve lista de consejos para contribuir a una <strong>experiencia de apuestas de f\u00fatbol agradable, segura y rentable<\/strong>.<\/p>\n<ul>\n<li>Da prioridad a la probabilidad de \u00e9xito sobre la rentabilidad de la apuesta en s\u00ed.<\/li>\n<li>Verifica dos veces las selecciones que has agregado a tu hoja de apuestas; as\u00ed evitas inexactitudes debidas a cuotas le\u00eddas incorrectamente o mercados seleccionados por error.<\/li>\n<li>Aunque lleves mucho tiempo apostando en un mismo sitio, compara siempre las cuotas que ofrece con las de otros corredores de apuestas reputados.<\/li>\n<li>Si no solo eres un apostador recreativo, sino que planeas quedarte a largo plazo, es mejor que destines un fondo separado para apuestas que de ninguna manera est\u00e9 relacionado con los recursos que necesitas para cubrir tus necesidades diarias.<\/li>\n<\/ul>\n","protected":false},"excerpt":{"rendered":"<p>Si eres un apostador experimentado, ya sabes que la hoja de apuestas es una parte integral de tu experiencia diaria de apuestas. Es un aspecto fundamental al realizar apuestas de f\u00fatbol en l\u00ednea, por lo que es particularmente importante comprender perfectamente c\u00f3mo funciona para poder sacarle el m\u00e1ximo provecho. En los comienzos de las apuestas [&hellip;]<\/p>\n","protected":false},"author":11,"featured_media":0,"parent":118693,"menu_order":0,"comment_status":"closed","ping_status":"closed","template":"template-guide-page.php","meta":{"footnotes":""},"class_list":["post-118859","page","type-page","status-publish","hentry"],"yoast_head":"<!-- This site is optimized with the Yoast SEO plugin v26.6 - https:\/\/yoast.com\/wordpress\/plugins\/seo\/ -->\n<title>Ticket de Apuesta - Boleta de Apuestas de F\u00fatbol<\/title>\n<meta name=\"description\" content=\"Si eres un apostador experimentado, ya sabes que la hoja de apuestas es una parte integral de tu experiencia diaria de apuestas de f\u00fatbol.\" \/>\n<meta name=\"robots\" content=\"index, follow, max-snippet:-1, max-image-preview:large, max-video-preview:-1\" \/>\n<link rel=\"canonical\" href=\"https:\/\/www.sportingpedia.com\/es\/football-betting\/football-bet-slip\/\" \/>\n<meta property=\"og:locale\" content=\"es_ES\" \/>\n<meta property=\"og:type\" content=\"article\" \/>\n<meta property=\"og:title\" content=\"Ticket de Apuesta - Boleta de Apuestas de F\u00fatbol\" \/>\n<meta property=\"og:description\" content=\"Si eres un apostador experimentado, ya sabes que la hoja de apuestas es una parte integral de tu experiencia diaria de apuestas de f\u00fatbol.\" \/>\n<meta property=\"og:url\" content=\"https:\/\/www.sportingpedia.com\/es\/football-betting\/football-bet-slip\/\" \/>\n<meta property=\"og:site_name\" content=\"Sportingpedia - Latest Sports News From All Over the World\" \/>\n<meta property=\"article:modified_time\" content=\"2025-11-25T14:10:36+00:00\" \/>\n<meta property=\"og:image\" content=\"https:\/\/www.sportingpedia.com\/wp-content\/uploads\/2021\/02\/football-betting-kelly-criterion_explained.svg\" \/>\n<meta name=\"twitter:card\" content=\"summary_large_image\" \/>\n<meta name=\"twitter:label1\" content=\"Tiempo de lectura\" \/>\n\t<meta name=\"twitter:data1\" content=\"6 minutos\" \/>\n<script type=\"application\/ld+json\" class=\"yoast-schema-graph\">{\"@context\":\"https:\/\/schema.org\",\"@graph\":[{\"@type\":\"WebPage\",\"@id\":\"https:\/\/www.sportingpedia.com\/es\/football-betting\/football-bet-slip\/\",\"url\":\"https:\/\/www.sportingpedia.com\/es\/football-betting\/football-bet-slip\/\",\"name\":\"Ticket de Apuesta - Boleta de Apuestas de F\u00fatbol\",\"isPartOf\":{\"@id\":\"https:\/\/www.sportingpedia.com\/es\/#website\"},\"primaryImageOfPage\":{\"@id\":\"https:\/\/www.sportingpedia.com\/es\/football-betting\/football-bet-slip\/#primaryimage\"},\"image\":{\"@id\":\"https:\/\/www.sportingpedia.com\/es\/football-betting\/football-bet-slip\/#primaryimage\"},\"thumbnailUrl\":\"https:\/\/www.sportingpedia.com\/wp-content\/uploads\/2021\/02\/football-betting-kelly-criterion_explained.svg\",\"datePublished\":\"2025-04-10T07:59:56+00:00\",\"dateModified\":\"2025-11-25T14:10:36+00:00\",\"description\":\"Si eres un apostador experimentado, ya sabes que la hoja de apuestas es una parte integral de tu experiencia diaria de apuestas de f\u00fatbol.\",\"breadcrumb\":{\"@id\":\"https:\/\/www.sportingpedia.com\/es\/football-betting\/football-bet-slip\/#breadcrumb\"},\"inLanguage\":\"es\",\"potentialAction\":[{\"@type\":\"ReadAction\",\"target\":[\"https:\/\/www.sportingpedia.com\/es\/football-betting\/football-bet-slip\/\"]}]},{\"@type\":\"ImageObject\",\"inLanguage\":\"es\",\"@id\":\"https:\/\/www.sportingpedia.com\/es\/football-betting\/football-bet-slip\/#primaryimage\",\"url\":\"https:\/\/www.sportingpedia.com\/wp-content\/uploads\/2021\/02\/football-betting-kelly-criterion_explained.svg\",\"contentUrl\":\"https:\/\/www.sportingpedia.com\/wp-content\/uploads\/2021\/02\/football-betting-kelly-criterion_explained.svg\"},{\"@type\":\"BreadcrumbList\",\"@id\":\"https:\/\/www.sportingpedia.com\/es\/football-betting\/football-bet-slip\/#breadcrumb\",\"itemListElement\":[{\"@type\":\"ListItem\",\"position\":1,\"name\":\"Inicio\",\"item\":\"https:\/\/www.sportingpedia.com\/es\/home-2\/\"},{\"@type\":\"ListItem\",\"position\":2,\"name\":\"Apuestas de F\u00fatbol\",\"item\":\"https:\/\/www.sportingpedia.com\/es\/football-betting\/\"},{\"@type\":\"ListItem\",\"position\":3,\"name\":\"Boleto de Apuesta de F\u00fatbol\"}]},{\"@type\":\"WebSite\",\"@id\":\"https:\/\/www.sportingpedia.com\/es\/#website\",\"url\":\"https:\/\/www.sportingpedia.com\/es\/\",\"name\":\"Sportingpedia - Latest Sports News From All Over the World\",\"description\":\"\",\"publisher\":{\"@id\":\"https:\/\/www.sportingpedia.com\/es\/#organization\"},\"potentialAction\":[{\"@type\":\"SearchAction\",\"target\":{\"@type\":\"EntryPoint\",\"urlTemplate\":\"https:\/\/www.sportingpedia.com\/es\/?s={search_term_string}\"},\"query-input\":{\"@type\":\"PropertyValueSpecification\",\"valueRequired\":true,\"valueName\":\"search_term_string\"}}],\"inLanguage\":\"es\"},{\"@type\":\"Organization\",\"@id\":\"https:\/\/www.sportingpedia.com\/es\/#organization\",\"name\":\"SportingPedia\",\"url\":\"https:\/\/www.sportingpedia.com\/es\/\",\"logo\":{\"@type\":\"ImageObject\",\"inLanguage\":\"es\",\"@id\":\"https:\/\/www.sportingpedia.com\/es\/#\/schema\/logo\/image\/\",\"url\":\"https:\/\/www.sportingpedia.com\/wp-content\/uploads\/2019\/10\/SportingPedia_logo.png\",\"contentUrl\":\"https:\/\/www.sportingpedia.com\/wp-content\/uploads\/2019\/10\/SportingPedia_logo.png\",\"width\":600,\"height\":101,\"caption\":\"SportingPedia\"},\"image\":{\"@id\":\"https:\/\/www.sportingpedia.com\/es\/#\/schema\/logo\/image\/\"}}]}<\/script>\n<!-- \/ Yoast SEO plugin. -->","yoast_head_json":{"title":"Ticket de Apuesta - Boleta de Apuestas de F\u00fatbol","description":"Si eres un apostador experimentado, ya sabes que la hoja de apuestas es una parte integral de tu experiencia diaria de apuestas de f\u00fatbol.","robots":{"index":"index","follow":"follow","max-snippet":"max-snippet:-1","max-image-preview":"max-image-preview:large","max-video-preview":"max-video-preview:-1"},"canonical":"https:\/\/www.sportingpedia.com\/es\/football-betting\/football-bet-slip\/","og_locale":"es_ES","og_type":"article","og_title":"Ticket de Apuesta - Boleta de Apuestas de F\u00fatbol","og_description":"Si eres un apostador experimentado, ya sabes que la hoja de apuestas es una parte integral de tu experiencia diaria de apuestas de f\u00fatbol.","og_url":"https:\/\/www.sportingpedia.com\/es\/football-betting\/football-bet-slip\/","og_site_name":"Sportingpedia - Latest Sports News From All Over the World","article_modified_time":"2025-11-25T14:10:36+00:00","og_image":[{"url":"https:\/\/www.sportingpedia.com\/wp-content\/uploads\/2021\/02\/football-betting-kelly-criterion_explained.svg","type":"","width":"","height":""}],"twitter_card":"summary_large_image","twitter_misc":{"Tiempo de lectura":"6 minutos"},"schema":{"@context":"https:\/\/schema.org","@graph":[{"@type":"WebPage","@id":"https:\/\/www.sportingpedia.com\/es\/football-betting\/football-bet-slip\/","url":"https:\/\/www.sportingpedia.com\/es\/football-betting\/football-bet-slip\/","name":"Ticket de Apuesta - Boleta de Apuestas de F\u00fatbol","isPartOf":{"@id":"https:\/\/www.sportingpedia.com\/es\/#website"},"primaryImageOfPage":{"@id":"https:\/\/www.sportingpedia.com\/es\/football-betting\/football-bet-slip\/#primaryimage"},"image":{"@id":"https:\/\/www.sportingpedia.com\/es\/football-betting\/football-bet-slip\/#primaryimage"},"thumbnailUrl":"https:\/\/www.sportingpedia.com\/wp-content\/uploads\/2021\/02\/football-betting-kelly-criterion_explained.svg","datePublished":"2025-04-10T07:59:56+00:00","dateModified":"2025-11-25T14:10:36+00:00","description":"Si eres un apostador experimentado, ya sabes que la hoja de apuestas es una parte integral de tu experiencia diaria de apuestas de f\u00fatbol.","breadcrumb":{"@id":"https:\/\/www.sportingpedia.com\/es\/football-betting\/football-bet-slip\/#breadcrumb"},"inLanguage":"es","potentialAction":[{"@type":"ReadAction","target":["https:\/\/www.sportingpedia.com\/es\/football-betting\/football-bet-slip\/"]}]},{"@type":"ImageObject","inLanguage":"es","@id":"https:\/\/www.sportingpedia.com\/es\/football-betting\/football-bet-slip\/#primaryimage","url":"https:\/\/www.sportingpedia.com\/wp-content\/uploads\/2021\/02\/football-betting-kelly-criterion_explained.svg","contentUrl":"https:\/\/www.sportingpedia.com\/wp-content\/uploads\/2021\/02\/football-betting-kelly-criterion_explained.svg"},{"@type":"BreadcrumbList","@id":"https:\/\/www.sportingpedia.com\/es\/football-betting\/football-bet-slip\/#breadcrumb","itemListElement":[{"@type":"ListItem","position":1,"name":"Inicio","item":"https:\/\/www.sportingpedia.com\/es\/home-2\/"},{"@type":"ListItem","position":2,"name":"Apuestas de F\u00fatbol","item":"https:\/\/www.sportingpedia.com\/es\/football-betting\/"},{"@type":"ListItem","position":3,"name":"Boleto de Apuesta de F\u00fatbol"}]},{"@type":"WebSite","@id":"https:\/\/www.sportingpedia.com\/es\/#website","url":"https:\/\/www.sportingpedia.com\/es\/","name":"Sportingpedia - Latest Sports News From All Over the World","description":"","publisher":{"@id":"https:\/\/www.sportingpedia.com\/es\/#organization"},"potentialAction":[{"@type":"SearchAction","target":{"@type":"EntryPoint","urlTemplate":"https:\/\/www.sportingpedia.com\/es\/?s={search_term_string}"},"query-input":{"@type":"PropertyValueSpecification","valueRequired":true,"valueName":"search_term_string"}}],"inLanguage":"es"},{"@type":"Organization","@id":"https:\/\/www.sportingpedia.com\/es\/#organization","name":"SportingPedia","url":"https:\/\/www.sportingpedia.com\/es\/","logo":{"@type":"ImageObject","inLanguage":"es","@id":"https:\/\/www.sportingpedia.com\/es\/#\/schema\/logo\/image\/","url":"https:\/\/www.sportingpedia.com\/wp-content\/uploads\/2019\/10\/SportingPedia_logo.png","contentUrl":"https:\/\/www.sportingpedia.com\/wp-content\/uploads\/2019\/10\/SportingPedia_logo.png","width":600,"height":101,"caption":"SportingPedia"},"image":{"@id":"https:\/\/www.sportingpedia.com\/es\/#\/schema\/logo\/image\/"}}]}},"_links":{"self":[{"href":"https:\/\/www.sportingpedia.com\/es\/wp-json\/wp\/v2\/pages\/118859","targetHints":{"allow":["GET"]}}],"collection":[{"href":"https:\/\/www.sportingpedia.com\/es\/wp-json\/wp\/v2\/pages"}],"about":[{"href":"https:\/\/www.sportingpedia.com\/es\/wp-json\/wp\/v2\/types\/page"}],"author":[{"embeddable":true,"href":"https:\/\/www.sportingpedia.com\/es\/wp-json\/wp\/v2\/users\/11"}],"replies":[{"embeddable":true,"href":"https:\/\/www.sportingpedia.com\/es\/wp-json\/wp\/v2\/comments?post=118859"}],"version-history":[{"count":3,"href":"https:\/\/www.sportingpedia.com\/es\/wp-json\/wp\/v2\/pages\/118859\/revisions"}],"predecessor-version":[{"id":147356,"href":"https:\/\/www.sportingpedia.com\/es\/wp-json\/wp\/v2\/pages\/118859\/revisions\/147356"}],"up":[{"embeddable":true,"href":"https:\/\/www.sportingpedia.com\/es\/wp-json\/wp\/v2\/pages\/118693"}],"wp:attachment":[{"href":"https:\/\/www.sportingpedia.com\/es\/wp-json\/wp\/v2\/media?parent=118859"}],"curies":[{"name":"wp","href":"https:\/\/api.w.org\/{rel}","templated":true}]}}