{"id":118863,"date":"2025-04-10T07:59:56","date_gmt":"2025-04-10T07:59:56","guid":{"rendered":"https:\/\/www.sportingpedia.com\/?page_id=118863"},"modified":"2025-05-15T14:01:09","modified_gmt":"2025-05-15T14:01:09","slug":"standard-horse-racing-bets","status":"publish","type":"page","link":"https:\/\/www.sportingpedia.com\/es\/horse-racing-betting\/standard-horse-racing-bets\/","title":{"rendered":"Apuestas Est\u00e1ndar en Carreras de Caballos"},"content":{"rendered":"<p><img decoding=\"async\" src=\"http:\/\/www.sportingpedia.com\/wp-content\/uploads\/2021\/02\/horse-racing-betting_intro.svg\" alt=\"Apuestas Est\u00e1ndar en Carreras de Caballos\" width=\"300\" class=\"alignleft\" \/>Tal vez te preguntes c\u00f3mo es posible que un deporte con una historia tan larga como las carreras de caballos no solo siga practic\u00e1ndose, sino que tambi\u00e9n disfrute de una impresionante popularidad en diferentes partes del mundo. Mientras que su dinamismo y diversidad son muy bien percibidos por muchos aficionados, un papel importante en esta relaci\u00f3n lo juega la <strong>interconexi\u00f3n intr\u00ednseca del deporte con las apuestas<\/strong>. En su forma moderna, las carreras de caballos dependen principalmente de la industria de las apuestas deportivas, ya que proporciona un porcentaje significativo de financiaci\u00f3n para el deporte. Muchos hip\u00f3dromos simplemente no podr\u00edan funcionar sin el apoyo financiero que proviene de las casas de apuestas en el sitio y en l\u00ednea.<\/p>\n<p>La esencia de las carreras de caballos presupone la disponibilidad de varios tipos de apuestas, algunas m\u00e1s f\u00e1ciles de realizar y otras que requieren experiencia en apuestas deportivas y buen conocimiento de la disciplina. Generalmente se dividen en dos categor\u00edas: apuestas est\u00e1ndar en carreras de caballos y apuestas ex\u00f3ticas. <strong>La caracter\u00edstica distintiva de las apuestas sencillas es que involucran un solo caballo en una sola carrera y estad\u00edsticamente tienen m\u00e1s probabilidades de \u00e9xito<\/strong>. El presente art\u00edculo explicar\u00e1 todo lo que necesitas saber para crear una estrategia de apuestas s\u00f3lida.<\/p>\n\n<p>Existen algunas diferencias en los nombres de las apuestas est\u00e1ndar en carreras de caballos alrededor del mundo. En los Estados Unidos son Win, Place, Show, y Across the board, mientras que en la mayor\u00eda de las otras regiones los mercados sencillos se llaman Win, Place, y Each-way.<\/p>\n<ol class=\"bookies-grid\">\r\n\t<li>\r\n\t\t<a rel=\"nofollow\" target=\"_blank\" href=\"\/out\/mybookie?au&#x3D;138&amp;bp&#x3D;1\"<\/a>\r\n\t\t\t<figure>\r\n\t\t\t  \t<img decoding=\"async\" src=\"https:\/\/www.sportingpedia.com\/wp-content\/uploads\/logos\/lg-mybookie-logo.jpg\" width=\"110\" height=\"55\">\r\n\t\t\t<\/figure>\r\n\r\n\t\t\t<div>\r\n\t\t\t  \t<span class=\"bookie-name\">MyBookie<\/span>\r\n\r\n\t\t\t  \t<span class=\"bookie-rating\">Rating: 4.9 <b>&starf;<\/b><\/span>\r\n\t\t\t<\/div>\r\n\t\t<\/a>\r\n\t<\/li>\r\n\t<li>\r\n\t\t<a rel=\"nofollow\" target=\"_blank\" href=\"\/out\/bovada?au&#x3D;138&amp;bp&#x3D;2\"<\/a>\r\n\t\t\t<figure>\r\n\t\t\t  \t<img decoding=\"async\" src=\"https:\/\/www.sportingpedia.com\/wp-content\/uploads\/logos\/lg-bovada-logo.jpg\" width=\"110\" height=\"55\">\r\n\t\t\t<\/figure>\r\n\r\n\t\t\t<div>\r\n\t\t\t  \t<span class=\"bookie-name\">Bovada<\/span>\r\n\r\n\t\t\t  \t<span class=\"bookie-rating\">Rating: 4.8 <b>&starf;<\/b><\/span>\r\n\t\t\t<\/div>\r\n\t\t<\/a>\r\n\t<\/li>\r\n\t<li>\r\n\t\t<a rel=\"nofollow\" target=\"_blank\" href=\"\/out\/xbet?au&#x3D;138&amp;bp&#x3D;3\"<\/a>\r\n\t\t\t<figure>\r\n\t\t\t  \t<img decoding=\"async\" src=\"https:\/\/www.sportingpedia.com\/wp-content\/uploads\/logos\/lg-xbet-logo.jpg\" width=\"110\" height=\"55\">\r\n\t\t\t<\/figure>\r\n\r\n\t\t\t<div>\r\n\t\t\t  \t<span class=\"bookie-name\">XBet<\/span>\r\n\r\n\t\t\t  \t<span class=\"bookie-rating\">Rating: 4.7 <b>&starf;<\/b><\/span>\r\n\t\t\t<\/div>\r\n\t\t<\/a>\r\n\t<\/li>\r\n\t<li>\r\n\t\t<a rel=\"nofollow\" target=\"_blank\" href=\"\/out\/intertops?au&#x3D;138&amp;bp&#x3D;4\"<\/a>\r\n\t\t\t<figure>\r\n\t\t\t  \t<img decoding=\"async\" src=\"https:\/\/www.sportingpedia.com\/wp-content\/uploads\/logos\/lg-everygame-logo.webp\" width=\"110\" height=\"55\">\r\n\t\t\t<\/figure>\r\n\r\n\t\t\t<div>\r\n\t\t\t  \t<span class=\"bookie-name\">Everygame<\/span>\r\n\r\n\t\t\t  \t<span class=\"bookie-rating\">Rating: 4.6 <b>&starf;<\/b><\/span>\r\n\t\t\t<\/div>\r\n\t\t<\/a>\r\n\t<\/li>\r\n\t<li>\r\n\t\t<a rel=\"nofollow\" target=\"_blank\" href=\"\/out\/betusr?au&#x3D;138&amp;bp&#x3D;5\"<\/a>\r\n\t\t\t<figure>\r\n\t\t\t  \t<img decoding=\"async\" src=\"https:\/\/www.sportingpedia.com\/wp-content\/uploads\/logos\/lg-betusr-logo.jpg\" width=\"110\" height=\"55\">\r\n\t\t\t<\/figure>\r\n\r\n\t\t\t<div>\r\n\t\t\t  \t<span class=\"bookie-name\">BetUSR<\/span>\r\n\r\n\t\t\t  \t<span class=\"bookie-rating\">Rating: 4.5 <b>&starf;<\/b><\/span>\r\n\t\t\t<\/div>\r\n\t\t<\/a>\r\n\t<\/li>\r\n\t<li>\r\n\t\t<a rel=\"nofollow\" target=\"_blank\" href=\"\/out\/vave?au&#x3D;138&amp;bp&#x3D;6\"<\/a>\r\n\t\t\t<figure>\r\n\t\t\t  \t<img decoding=\"async\" src=\"https:\/\/www.sportingpedia.com\/wp-content\/uploads\/logos\/lg-vave-logo.webp\" width=\"110\" height=\"55\">\r\n\t\t\t<\/figure>\r\n\r\n\t\t\t<div>\r\n\t\t\t  \t<span class=\"bookie-name\">Vave<\/span>\r\n\r\n\t\t\t  \t<span class=\"bookie-rating\">Rating: 4.4 <b>&starf;<\/b><\/span>\r\n\t\t\t<\/div>\r\n\t\t<\/a>\r\n\t<\/li>\r\n<\/ol><script>\n  setTimeout(function(){\n    if(!document.getElementById('JasHAAffsaMosaAdsANa2i')) {\n      jQuery('a[target=\"_blank\"]').removeAttr('target');\n    }\n  }, 1000);\n<\/script>\n\n<h2 id=\"win_bet\">Apuesta a Ganador<\/h2>\n<p><img decoding=\"async\" src=\"https:\/\/www.sportingpedia.com\/wp-content\/uploads\/2021\/02\/betting-sites-payment-methods_cost-and-fees.svg\" alt=\"Apuesta a Ganador\" width=\"300\" class=\"alignleft\" \/>No hace falta decir que esta es la apuesta que se realiza con m\u00e1s frecuencia, ya que es extremadamente simple: solo necesitas predecir <strong>qu\u00e9 caballo en particular ganar\u00e1 la carrera<\/strong>. La apuesta es exitosa si el competidor cruza la l\u00ednea de meta primero y es perdedora en caso de cualquier otro resultado. La apuesta a ganador ofrece los pagos eventuales m\u00e1s lucrativos entre todas las apuestas est\u00e1ndar de carreras de caballos, debido al hecho de que es la m\u00e1s dif\u00edcil de predecir correctamente.<\/p>\n<p>Cuando los apostadores realizan apuestas simples, incluida la opci\u00f3n de ganador, su <strong>p\u00e9rdida o ganancia potencial se determina por cuotas fijas<\/strong> ofrecidas por el respectivo corredor de apuestas en l\u00ednea. Puedes verlo simplemente haciendo clic en el bot\u00f3n para el evento en particular. Se abrir\u00e1 una nueva ventana y, aunque los corredores de apuestas tienen diferentes interfaces, en la mayor\u00eda de los casos el encabezado de la tabla para el mercado de apuestas a ganador se ver\u00e1 as\u00ed:<\/p>\n<div class=\"table-responsive\">\n<table class=\"previewTable\">\n<tbody>\n<tr>\n<td>No.<\/td>\n<td>Nombre del Caballo<\/td>\n<td>Entrenador\/Jinete<\/td>\n<td>Edad\/Peso<\/td>\n<td>Forma<\/td>\n<td>Cuotas Actuales<\/td>\n<\/tr>\n<\/tbody>\n<\/table>\n<\/div>\n<p>Estos son los pilares principales sobre los cuales construir tu pron\u00f3stico. Algunas casas de apuestas deportivas en l\u00ednea de primer nivel van a\u00fan m\u00e1s all\u00e1 y publican un breve resumen de la pr\u00f3xima carrera que incluye algunos hallazgos clave respecto a los principales favoritos y su rivalidad hasta el momento. La provisi\u00f3n de <strong>datos estad\u00edsticos sobre cada caballo es ventajosa para los entusiastas de las apuestas<\/strong> ya que no necesitan perder tiempo busc\u00e1ndolos.<\/p>\n<p>Vale la pena tener en cuenta que cuando se practica apuestas mutuas, las cosas se ven bastante diferentes. Las cuotas no son fijas como en el caso general, sino que fluct\u00faan ya que el fondo de premios depende del dinero que entra hasta el \u00faltimo momento. Despu\u00e9s de que se publican las cuotas de la l\u00ednea de la ma\u00f1ana, los apostadores comienzan a realizar sus apuestas, lo que obliga a los n\u00fameros a moverse en una direcci\u00f3n u otra. Por ejemplo, si muchos apostadores colocan su dinero en un caballo en particular, sus cuotas se acortar\u00e1n considerablemente.<\/p>\n<h2 id=\"place_bet\">Realizar Apuesta<\/h2>\n<p><img decoding=\"async\" src=\"http:\/\/www.sportingpedia.com\/wp-content\/uploads\/2021\/02\/horse-racing-betting_hallmarks.svg\" alt=\"Realizar Apuesta\" width=\"300\" class=\"alignleft \" \/>Si necesitas una mayor dosis de certeza y puedes aceptar cuotas menos favorables, entonces la apuesta Place en carreras de caballos es ideal para ti. Nuevamente, solo implica un caballo, pero esta vez permite a los apostadores predecir si terminar\u00e1 en primer o segundo lugar. Esta es una oportunidad maravillosa cuando tu competidor elegido tiene un oponente igualmente fuerte y tienes miedo de respaldarlo con una apuesta a ganador. El caballo elegido a\u00fan tiene que desempe\u00f1arse bien, pero con la apuesta place dejas un peque\u00f1o margen para un error. Este mercado de apuestas permite a los apostadores <strong>respaldar a un caballo y garantizar alguna ganancia, aunque sea m\u00ednima, si no logra ganar<\/strong>.<\/p>\n<h2 id=\"show\">Apuesta Show<\/h2>\n<p><img decoding=\"async\" src=\"https:\/\/www.sportingpedia.com\/wp-content\/uploads\/2021\/01\/betting-sites-countries_digital-wallets.svg\" alt=\"Apuesta Show\" width=\"300\" class=\"alignleft\" \/>La apuesta est\u00e1ndar de carreras de caballos que tiene el menor grado de riesgo es la Apuesta Show, ya que cubre las tres primeras posiciones, lo que da <strong>m\u00e1s posibilidades de hacer una predicci\u00f3n correcta<\/strong>. \u00bfCu\u00e1ndo tiene sentido realizar una apuesta as\u00ed? Cuanta m\u00e1s competitividad hay en una carrera, m\u00e1s dif\u00edcil es juzgar cu\u00e1l de los caballos con habilidades y logros similares surgir\u00e1 como ganador. La l\u00ednea de forma del caballo puede indicarte qu\u00e9 tipo de desempe\u00f1o tiene el competidor elegido y ayudarte a decidir si vale la pena realizar una apuesta show. Un caballo sin victorias en las \u00faltimas cinco carreras pero con posiciones constantes en el Top 3 es una opci\u00f3n mucho mejor que un caballo con dos victorias acompa\u00f1adas de algunas clasificaciones dr\u00e1sticamente bajas. En otras palabras, <strong>no es tan crucial encontrar un competidor con cualidades excepcionales, sino uno que se desempe\u00f1e bien de manera repetida<\/strong>.<\/p>\n<p>Para obtener una idea del grado en que difieren las probabilidades de estas tres principales apuestas simples de carreras de caballos, consulta la siguiente tabla de datos reales de la carrera de Haydock en el Reino Unido.<\/p>\n<div class=\"table-responsive\">\n<table class=\"previewTable\">\n<tbody>\n<tr>\n<th colspan=\"2\">L&#8217;Incorrigible (Sr. Thomas M. O&#8217;Brien (3))<\/th>\n<\/tr>\n<tr>\n<td>Mercado de apuestas<\/td>\n<td>Cuotas<\/td>\n<\/tr>\n<tr>\n<td>Ganador<\/td>\n<td>4,5<\/td>\n<\/tr>\n<tr>\n<td>En Top 2<\/td>\n<td>2,056<\/td>\n<\/tr>\n<tr>\n<td>En Top 3<\/td>\n<td>1,375<\/td>\n<\/tr>\n<\/tbody>\n<\/table>\n<\/div>\n<h2 id=\"each_way\">Sistema de Apuestas Each-Way<\/h2>\n<p><img decoding=\"async\" class=\"alignleft\" src=\"https:\/\/www.sportingpedia.com\/wp-content\/uploads\/2021\/02\/betting-sites-payment-methods_advantages.svg\" alt=\"Sistema de Apuestas Each-Way\" width=\"300\" \/>El m\u00e9todo de apuestas each-way permite a los apostadores <strong>combinar dos apuestas est\u00e1ndar de carreras de caballos en un solo boleto<\/strong>. La apuesta mixta casi siempre comprende una apuesta a Ganar y una apuesta a Colocar o Mostrar con el mismo costo. Si el caballo seleccionado gana, recibir\u00e1s un retorno por ambas apuestas. Si termina en el segundo o tercer lugar, solo la parte de colocar de la apuesta each-way te dar\u00e1 una ganancia. A veces es posible que la apuesta de colocar cubra m\u00e1s posiciones, pero esto depende de la disposici\u00f3n del corredor de apuestas y del n\u00famero de caballos participantes. Por ejemplo, no puedes esperar que se incluya el 4\u00ba lugar si el n\u00famero total de caballos es tambi\u00e9n cuatro.<\/p>\n<p>Antes de decidir si hacer una apuesta each-way o no, primero debes asegurarte de que al menos recuperar\u00e1s tu inversi\u00f3n en caso de que tu selecci\u00f3n quede en posici\u00f3n. Revisa cuidadosamente las cuotas para evitar terminar perdiendo dinero si las probabilidades de colocar son demasiado desfavorables.<\/p>\n<h2 id=\"Conclusion\">Conclusi\u00f3n<\/h2>\n<p><img decoding=\"async\" class=\"alignleft\" src=\"https:\/\/www.sportingpedia.com\/wp-content\/uploads\/2022\/01\/conclusion.svg\" alt=\"Conclusi\u00f3n\" width=\"300\" \/>Antes de comenzar a apostar con dinero real en carreras de caballos, no deber\u00eda haber problemas oscuros, ya sea que lo haga en la pista o a trav\u00e9s de una plataforma de apuestas en l\u00ednea. Le aconsejamos que no se apresure y <strong>inicialmente simplifique las apuestas a sus elementos b\u00e1sicos<\/strong>. Los tipos de apuestas est\u00e1ndar son un excelente punto de partida, ya que se centran en un solo caballo. Despu\u00e9s de ganar algo de experiencia, puede continuar f\u00e1cilmente con tipos de apuestas que pagan m\u00e1s, pero que tambi\u00e9n son m\u00e1s arriesgadas. Puede aprender m\u00e1s sobre ellas en la pr\u00f3xima parte de nuestra gu\u00eda, as\u00ed que sigamos adelante.<\/p>\n","protected":false},"excerpt":{"rendered":"<p>Tal vez te preguntes c\u00f3mo es posible que un deporte con una historia tan larga como las carreras de caballos no solo siga practic\u00e1ndose, sino que tambi\u00e9n disfrute de una impresionante popularidad en diferentes partes del mundo. Mientras que su dinamismo y diversidad son muy bien percibidos por muchos aficionados, un papel importante en esta [&hellip;]<\/p>\n","protected":false},"author":17,"featured_media":0,"parent":118695,"menu_order":200,"comment_status":"closed","ping_status":"closed","template":"template-guide-page.php","meta":{"footnotes":""},"class_list":["post-118863","page","type-page","status-publish","hentry"],"yoast_head":"<!-- This site is optimized with the Yoast SEO plugin v26.6 - https:\/\/yoast.com\/wordpress\/plugins\/seo\/ -->\n<title>Apuestas Est\u00e1ndar en Carreras de Caballos - Apuesta a Ganador, Apuesta a Mostrar, Apuesta a Colocar, Apuesta en Ambos Sentidos<\/title>\n<meta name=\"description\" content=\"Apuestas est\u00e1ndar en carreras de caballos explicadas en detalle. Discutimos la apuesta a ganador, apuesta a mostrar, apuesta a colocar, apuesta a cada manera.\" \/>\n<meta name=\"robots\" content=\"index, follow, max-snippet:-1, max-image-preview:large, max-video-preview:-1\" \/>\n<link rel=\"canonical\" href=\"https:\/\/www.sportingpedia.com\/es\/horse-racing-betting\/standard-horse-racing-bets\/\" \/>\n<meta property=\"og:locale\" content=\"es_ES\" \/>\n<meta property=\"og:type\" content=\"article\" \/>\n<meta property=\"og:title\" content=\"Apuestas Est\u00e1ndar en Carreras de Caballos - Apuesta a Ganador, Apuesta a Mostrar, Apuesta a Colocar, Apuesta en Ambos Sentidos\" \/>\n<meta property=\"og:description\" content=\"Apuestas est\u00e1ndar en carreras de caballos explicadas en detalle. Discutimos la apuesta a ganador, apuesta a mostrar, apuesta a colocar, apuesta a cada manera.\" \/>\n<meta property=\"og:url\" content=\"https:\/\/www.sportingpedia.com\/es\/horse-racing-betting\/standard-horse-racing-bets\/\" \/>\n<meta property=\"og:site_name\" content=\"Sportingpedia - Latest Sports News From All Over the World\" \/>\n<meta property=\"article:modified_time\" content=\"2025-05-15T14:01:09+00:00\" \/>\n<meta property=\"og:image\" content=\"http:\/\/www.sportingpedia.com\/wp-content\/uploads\/2021\/02\/horse-racing-betting_intro.svg\" \/>\n<meta name=\"twitter:card\" content=\"summary_large_image\" \/>\n<meta name=\"twitter:label1\" content=\"Tiempo de lectura\" \/>\n\t<meta name=\"twitter:data1\" content=\"7 minutos\" \/>\n<script type=\"application\/ld+json\" class=\"yoast-schema-graph\">{\"@context\":\"https:\/\/schema.org\",\"@graph\":[{\"@type\":\"WebPage\",\"@id\":\"https:\/\/www.sportingpedia.com\/es\/horse-racing-betting\/standard-horse-racing-bets\/\",\"url\":\"https:\/\/www.sportingpedia.com\/es\/horse-racing-betting\/standard-horse-racing-bets\/\",\"name\":\"Apuestas Est\u00e1ndar en Carreras de Caballos - Apuesta a Ganador, Apuesta a Mostrar, Apuesta a Colocar, Apuesta en Ambos Sentidos\",\"isPartOf\":{\"@id\":\"https:\/\/www.sportingpedia.com\/es\/#website\"},\"primaryImageOfPage\":{\"@id\":\"https:\/\/www.sportingpedia.com\/es\/horse-racing-betting\/standard-horse-racing-bets\/#primaryimage\"},\"image\":{\"@id\":\"https:\/\/www.sportingpedia.com\/es\/horse-racing-betting\/standard-horse-racing-bets\/#primaryimage\"},\"thumbnailUrl\":\"http:\/\/www.sportingpedia.com\/wp-content\/uploads\/2021\/02\/horse-racing-betting_intro.svg\",\"datePublished\":\"2025-04-10T07:59:56+00:00\",\"dateModified\":\"2025-05-15T14:01:09+00:00\",\"description\":\"Apuestas est\u00e1ndar en carreras de caballos explicadas en detalle. Discutimos la apuesta a ganador, apuesta a mostrar, apuesta a colocar, apuesta a cada manera.\",\"breadcrumb\":{\"@id\":\"https:\/\/www.sportingpedia.com\/es\/horse-racing-betting\/standard-horse-racing-bets\/#breadcrumb\"},\"inLanguage\":\"es\",\"potentialAction\":[{\"@type\":\"ReadAction\",\"target\":[\"https:\/\/www.sportingpedia.com\/es\/horse-racing-betting\/standard-horse-racing-bets\/\"]}]},{\"@type\":\"ImageObject\",\"inLanguage\":\"es\",\"@id\":\"https:\/\/www.sportingpedia.com\/es\/horse-racing-betting\/standard-horse-racing-bets\/#primaryimage\",\"url\":\"http:\/\/www.sportingpedia.com\/wp-content\/uploads\/2021\/02\/horse-racing-betting_intro.svg\",\"contentUrl\":\"http:\/\/www.sportingpedia.com\/wp-content\/uploads\/2021\/02\/horse-racing-betting_intro.svg\"},{\"@type\":\"BreadcrumbList\",\"@id\":\"https:\/\/www.sportingpedia.com\/es\/horse-racing-betting\/standard-horse-racing-bets\/#breadcrumb\",\"itemListElement\":[{\"@type\":\"ListItem\",\"position\":1,\"name\":\"Inicio\",\"item\":\"https:\/\/www.sportingpedia.com\/es\/home-2\/\"},{\"@type\":\"ListItem\",\"position\":2,\"name\":\"Apuestas en Carreras de Caballos\",\"item\":\"https:\/\/www.sportingpedia.com\/es\/horse-racing-betting\/\"},{\"@type\":\"ListItem\",\"position\":3,\"name\":\"Apuestas Est\u00e1ndar en Carreras de Caballos\"}]},{\"@type\":\"WebSite\",\"@id\":\"https:\/\/www.sportingpedia.com\/es\/#website\",\"url\":\"https:\/\/www.sportingpedia.com\/es\/\",\"name\":\"Sportingpedia - Latest Sports News From All Over the World\",\"description\":\"\",\"publisher\":{\"@id\":\"https:\/\/www.sportingpedia.com\/es\/#organization\"},\"potentialAction\":[{\"@type\":\"SearchAction\",\"target\":{\"@type\":\"EntryPoint\",\"urlTemplate\":\"https:\/\/www.sportingpedia.com\/es\/?s={search_term_string}\"},\"query-input\":{\"@type\":\"PropertyValueSpecification\",\"valueRequired\":true,\"valueName\":\"search_term_string\"}}],\"inLanguage\":\"es\"},{\"@type\":\"Organization\",\"@id\":\"https:\/\/www.sportingpedia.com\/es\/#organization\",\"name\":\"SportingPedia\",\"url\":\"https:\/\/www.sportingpedia.com\/es\/\",\"logo\":{\"@type\":\"ImageObject\",\"inLanguage\":\"es\",\"@id\":\"https:\/\/www.sportingpedia.com\/es\/#\/schema\/logo\/image\/\",\"url\":\"https:\/\/www.sportingpedia.com\/wp-content\/uploads\/2019\/10\/SportingPedia_logo.png\",\"contentUrl\":\"https:\/\/www.sportingpedia.com\/wp-content\/uploads\/2019\/10\/SportingPedia_logo.png\",\"width\":600,\"height\":101,\"caption\":\"SportingPedia\"},\"image\":{\"@id\":\"https:\/\/www.sportingpedia.com\/es\/#\/schema\/logo\/image\/\"}}]}<\/script>\n<!-- \/ Yoast SEO plugin. -->","yoast_head_json":{"title":"Apuestas Est\u00e1ndar en Carreras de Caballos - Apuesta a Ganador, Apuesta a Mostrar, Apuesta a Colocar, Apuesta en Ambos Sentidos","description":"Apuestas est\u00e1ndar en carreras de caballos explicadas en detalle. Discutimos la apuesta a ganador, apuesta a mostrar, apuesta a colocar, apuesta a cada manera.","robots":{"index":"index","follow":"follow","max-snippet":"max-snippet:-1","max-image-preview":"max-image-preview:large","max-video-preview":"max-video-preview:-1"},"canonical":"https:\/\/www.sportingpedia.com\/es\/horse-racing-betting\/standard-horse-racing-bets\/","og_locale":"es_ES","og_type":"article","og_title":"Apuestas Est\u00e1ndar en Carreras de Caballos - Apuesta a Ganador, Apuesta a Mostrar, Apuesta a Colocar, Apuesta en Ambos Sentidos","og_description":"Apuestas est\u00e1ndar en carreras de caballos explicadas en detalle. Discutimos la apuesta a ganador, apuesta a mostrar, apuesta a colocar, apuesta a cada manera.","og_url":"https:\/\/www.sportingpedia.com\/es\/horse-racing-betting\/standard-horse-racing-bets\/","og_site_name":"Sportingpedia - Latest Sports News From All Over the World","article_modified_time":"2025-05-15T14:01:09+00:00","og_image":[{"url":"http:\/\/www.sportingpedia.com\/wp-content\/uploads\/2021\/02\/horse-racing-betting_intro.svg","type":"","width":"","height":""}],"twitter_card":"summary_large_image","twitter_misc":{"Tiempo de lectura":"7 minutos"},"schema":{"@context":"https:\/\/schema.org","@graph":[{"@type":"WebPage","@id":"https:\/\/www.sportingpedia.com\/es\/horse-racing-betting\/standard-horse-racing-bets\/","url":"https:\/\/www.sportingpedia.com\/es\/horse-racing-betting\/standard-horse-racing-bets\/","name":"Apuestas Est\u00e1ndar en Carreras de Caballos - Apuesta a Ganador, Apuesta a Mostrar, Apuesta a Colocar, Apuesta en Ambos Sentidos","isPartOf":{"@id":"https:\/\/www.sportingpedia.com\/es\/#website"},"primaryImageOfPage":{"@id":"https:\/\/www.sportingpedia.com\/es\/horse-racing-betting\/standard-horse-racing-bets\/#primaryimage"},"image":{"@id":"https:\/\/www.sportingpedia.com\/es\/horse-racing-betting\/standard-horse-racing-bets\/#primaryimage"},"thumbnailUrl":"http:\/\/www.sportingpedia.com\/wp-content\/uploads\/2021\/02\/horse-racing-betting_intro.svg","datePublished":"2025-04-10T07:59:56+00:00","dateModified":"2025-05-15T14:01:09+00:00","description":"Apuestas est\u00e1ndar en carreras de caballos explicadas en detalle. Discutimos la apuesta a ganador, apuesta a mostrar, apuesta a colocar, apuesta a cada manera.","breadcrumb":{"@id":"https:\/\/www.sportingpedia.com\/es\/horse-racing-betting\/standard-horse-racing-bets\/#breadcrumb"},"inLanguage":"es","potentialAction":[{"@type":"ReadAction","target":["https:\/\/www.sportingpedia.com\/es\/horse-racing-betting\/standard-horse-racing-bets\/"]}]},{"@type":"ImageObject","inLanguage":"es","@id":"https:\/\/www.sportingpedia.com\/es\/horse-racing-betting\/standard-horse-racing-bets\/#primaryimage","url":"http:\/\/www.sportingpedia.com\/wp-content\/uploads\/2021\/02\/horse-racing-betting_intro.svg","contentUrl":"http:\/\/www.sportingpedia.com\/wp-content\/uploads\/2021\/02\/horse-racing-betting_intro.svg"},{"@type":"BreadcrumbList","@id":"https:\/\/www.sportingpedia.com\/es\/horse-racing-betting\/standard-horse-racing-bets\/#breadcrumb","itemListElement":[{"@type":"ListItem","position":1,"name":"Inicio","item":"https:\/\/www.sportingpedia.com\/es\/home-2\/"},{"@type":"ListItem","position":2,"name":"Apuestas en Carreras de Caballos","item":"https:\/\/www.sportingpedia.com\/es\/horse-racing-betting\/"},{"@type":"ListItem","position":3,"name":"Apuestas Est\u00e1ndar en Carreras de Caballos"}]},{"@type":"WebSite","@id":"https:\/\/www.sportingpedia.com\/es\/#website","url":"https:\/\/www.sportingpedia.com\/es\/","name":"Sportingpedia - Latest Sports News From All Over the World","description":"","publisher":{"@id":"https:\/\/www.sportingpedia.com\/es\/#organization"},"potentialAction":[{"@type":"SearchAction","target":{"@type":"EntryPoint","urlTemplate":"https:\/\/www.sportingpedia.com\/es\/?s={search_term_string}"},"query-input":{"@type":"PropertyValueSpecification","valueRequired":true,"valueName":"search_term_string"}}],"inLanguage":"es"},{"@type":"Organization","@id":"https:\/\/www.sportingpedia.com\/es\/#organization","name":"SportingPedia","url":"https:\/\/www.sportingpedia.com\/es\/","logo":{"@type":"ImageObject","inLanguage":"es","@id":"https:\/\/www.sportingpedia.com\/es\/#\/schema\/logo\/image\/","url":"https:\/\/www.sportingpedia.com\/wp-content\/uploads\/2019\/10\/SportingPedia_logo.png","contentUrl":"https:\/\/www.sportingpedia.com\/wp-content\/uploads\/2019\/10\/SportingPedia_logo.png","width":600,"height":101,"caption":"SportingPedia"},"image":{"@id":"https:\/\/www.sportingpedia.com\/es\/#\/schema\/logo\/image\/"}}]}},"_links":{"self":[{"href":"https:\/\/www.sportingpedia.com\/es\/wp-json\/wp\/v2\/pages\/118863","targetHints":{"allow":["GET"]}}],"collection":[{"href":"https:\/\/www.sportingpedia.com\/es\/wp-json\/wp\/v2\/pages"}],"about":[{"href":"https:\/\/www.sportingpedia.com\/es\/wp-json\/wp\/v2\/types\/page"}],"author":[{"embeddable":true,"href":"https:\/\/www.sportingpedia.com\/es\/wp-json\/wp\/v2\/users\/17"}],"replies":[{"embeddable":true,"href":"https:\/\/www.sportingpedia.com\/es\/wp-json\/wp\/v2\/comments?post=118863"}],"version-history":[{"count":2,"href":"https:\/\/www.sportingpedia.com\/es\/wp-json\/wp\/v2\/pages\/118863\/revisions"}],"predecessor-version":[{"id":128282,"href":"https:\/\/www.sportingpedia.com\/es\/wp-json\/wp\/v2\/pages\/118863\/revisions\/128282"}],"up":[{"embeddable":true,"href":"https:\/\/www.sportingpedia.com\/es\/wp-json\/wp\/v2\/pages\/118695"}],"wp:attachment":[{"href":"https:\/\/www.sportingpedia.com\/es\/wp-json\/wp\/v2\/media?parent=118863"}],"curies":[{"name":"wp","href":"https:\/\/api.w.org\/{rel}","templated":true}]}}