{"id":118869,"date":"2025-04-10T07:59:57","date_gmt":"2025-04-10T07:59:57","guid":{"rendered":"https:\/\/www.sportingpedia.com\/?page_id=118869"},"modified":"2025-11-26T07:10:04","modified_gmt":"2025-11-26T07:10:04","slug":"mma-live-in-play-betting","status":"publish","type":"page","link":"https:\/\/www.sportingpedia.com\/es\/mma-betting\/mma-live-in-play-betting\/","title":{"rendered":"Apuestas MMA en Vivo\/En Juego"},"content":{"rendered":"<p><img decoding=\"async\" src=\"https:\/\/www.sportingpedia.com\/wp-content\/uploads\/2021\/02\/mma-betting_intro.svg\" alt=\"Apuestas en Vivo de MMA\" width=\"300\" class=\"alignleft\" \/>La industria del juego dio un salto adelante hace unos a\u00f1os, introduciendo gradualmente la posibilidad de realizar apuestas en vivo. Al igual que con cualquier novedad, los apostadores en l\u00ednea fueron inicialmente muy cautelosos con las apuestas en directo, pero hoy en d\u00eda pr\u00e1cticamente no hay nadie que no las haya probado al menos una vez. <strong>Las apuestas en vivo de MMA<\/strong> son una modalidad que te permite realizar tus pron\u00f3sticos una vez que la pelea ha comenzado. Mientras que las apuestas tradicionales previas al evento deben efectuarse, como muy tarde, el d\u00eda anterior al inicio, la opci\u00f3n en directo te permite aplazar tu jugada hasta una fase posterior. Otra diferencia, en comparaci\u00f3n con la forma convencional de apuestas deportivas, es que las cuotas no est\u00e1n fijas, sino que cambian din\u00e1micamente seg\u00fan evoluciona el combate.<\/p>\n\n<p>A diferencia de otros deportes, como el <a href=\"https:\/\/www.sportingpedia.com\/es\/nba-betting\/introduction\/\">baloncesto<\/a>, donde el sistema de apuestas en vivo est\u00e1 plenamente establecido y bien desarrollado, en el campo de las artes marciales mixtas esta caracter\u00edstica todav\u00eda se considera incipiente. Las cuotas de apuestas se ajustan entre los asaltos y los tipos de apuesta disponibles en MMA suelen limitarse a <strong>Ganador Absoluto, Ronda de la Victoria y M\u00e9todo de Victoria<\/strong>. Las propuestas de apuestas de alta adrenalina que comentamos en la secci\u00f3n anterior de nuestra gu\u00eda de apuestas de MMA a\u00fan no est\u00e1n disponibles para el juego en directo. Sin embargo, esperamos que esto cambie si el inter\u00e9s por apostar en este deporte contin\u00faa creciendo.<\/p>\n<ol class=\"bookies-grid\">\r\n\t<li>\r\n\t\t<a rel=\"nofollow\" target=\"_blank\" href=\"\/out\/mybookie?au&#x3D;138&amp;bp&#x3D;1\"<\/a>\r\n\t\t\t<figure>\r\n\t\t\t  \t<img decoding=\"async\" src=\"https:\/\/www.sportingpedia.com\/wp-content\/uploads\/logos\/lg-mybookie-logo.jpg\" width=\"110\" height=\"55\">\r\n\t\t\t<\/figure>\r\n\r\n\t\t\t<div>\r\n\t\t\t  \t<span class=\"bookie-name\">MyBookie<\/span>\r\n\r\n\t\t\t  \t<span class=\"bookie-rating\">Rating: 4.9 <b>&starf;<\/b><\/span>\r\n\t\t\t<\/div>\r\n\t\t<\/a>\r\n\t<\/li>\r\n\t<li>\r\n\t\t<a rel=\"nofollow\" target=\"_blank\" href=\"\/out\/bovada?au&#x3D;138&amp;bp&#x3D;2\"<\/a>\r\n\t\t\t<figure>\r\n\t\t\t  \t<img decoding=\"async\" src=\"https:\/\/www.sportingpedia.com\/wp-content\/uploads\/logos\/lg-bovada-logo.jpg\" width=\"110\" height=\"55\">\r\n\t\t\t<\/figure>\r\n\r\n\t\t\t<div>\r\n\t\t\t  \t<span class=\"bookie-name\">Bovada<\/span>\r\n\r\n\t\t\t  \t<span class=\"bookie-rating\">Rating: 4.8 <b>&starf;<\/b><\/span>\r\n\t\t\t<\/div>\r\n\t\t<\/a>\r\n\t<\/li>\r\n\t<li>\r\n\t\t<a rel=\"nofollow\" target=\"_blank\" href=\"\/out\/xbet?au&#x3D;138&amp;bp&#x3D;3\"<\/a>\r\n\t\t\t<figure>\r\n\t\t\t  \t<img decoding=\"async\" src=\"https:\/\/www.sportingpedia.com\/wp-content\/uploads\/logos\/lg-xbet-logo.jpg\" width=\"110\" height=\"55\">\r\n\t\t\t<\/figure>\r\n\r\n\t\t\t<div>\r\n\t\t\t  \t<span class=\"bookie-name\">XBet<\/span>\r\n\r\n\t\t\t  \t<span class=\"bookie-rating\">Rating: 4.7 <b>&starf;<\/b><\/span>\r\n\t\t\t<\/div>\r\n\t\t<\/a>\r\n\t<\/li>\r\n\t<li>\r\n\t\t<a rel=\"nofollow\" target=\"_blank\" href=\"\/out\/intertops?au&#x3D;138&amp;bp&#x3D;4\"<\/a>\r\n\t\t\t<figure>\r\n\t\t\t  \t<img decoding=\"async\" src=\"https:\/\/www.sportingpedia.com\/wp-content\/uploads\/logos\/lg-everygame-logo.webp\" width=\"110\" height=\"55\">\r\n\t\t\t<\/figure>\r\n\r\n\t\t\t<div>\r\n\t\t\t  \t<span class=\"bookie-name\">Everygame<\/span>\r\n\r\n\t\t\t  \t<span class=\"bookie-rating\">Rating: 4.6 <b>&starf;<\/b><\/span>\r\n\t\t\t<\/div>\r\n\t\t<\/a>\r\n\t<\/li>\r\n\t<li>\r\n\t\t<a rel=\"nofollow\" target=\"_blank\" href=\"\/out\/betusr?au&#x3D;138&amp;bp&#x3D;5\"<\/a>\r\n\t\t\t<figure>\r\n\t\t\t  \t<img decoding=\"async\" src=\"https:\/\/www.sportingpedia.com\/wp-content\/uploads\/logos\/lg-betusr-logo.jpg\" width=\"110\" height=\"55\">\r\n\t\t\t<\/figure>\r\n\r\n\t\t\t<div>\r\n\t\t\t  \t<span class=\"bookie-name\">BetUSR<\/span>\r\n\r\n\t\t\t  \t<span class=\"bookie-rating\">Rating: 4.5 <b>&starf;<\/b><\/span>\r\n\t\t\t<\/div>\r\n\t\t<\/a>\r\n\t<\/li>\r\n\t<li>\r\n\t\t<a rel=\"nofollow\" target=\"_blank\" href=\"\/out\/vave?au&#x3D;138&amp;bp&#x3D;6\"<\/a>\r\n\t\t\t<figure>\r\n\t\t\t  \t<img decoding=\"async\" src=\"https:\/\/www.sportingpedia.com\/wp-content\/uploads\/logos\/lg-vave-logo.webp\" width=\"110\" height=\"55\">\r\n\t\t\t<\/figure>\r\n\r\n\t\t\t<div>\r\n\t\t\t  \t<span class=\"bookie-name\">Vave<\/span>\r\n\r\n\t\t\t  \t<span class=\"bookie-rating\">Rating: 4.4 <b>&starf;<\/b><\/span>\r\n\t\t\t<\/div>\r\n\t\t<\/a>\r\n\t<\/li>\r\n<\/ol><script>\n  setTimeout(function(){\n    if(!document.getElementById('JasHAAffsaMosaAdsANa2i')) {\n      jQuery('a[target=\"_blank\"]').removeAttr('target');\n    }\n  }, 1000);\n<\/script>\n\n<h2 id=\"specifics\">Especificidades de las apuestas en vivo en MMA<\/h2>\n<p><img decoding=\"async\" src=\"https:\/\/www.sportingpedia.com\/wp-content\/uploads\/2021\/02\/nfl-betting-accumulators_special-cases.svg\" alt=\"Especificidades\" width=\"300\" height=\"150\" class=\"alignleft size-full\" \/>Lo primero que los entusiastas de las apuestas de MMA deben considerar es el momento perfecto para realizar sus jugadas. Podemos afirmar con seguridad que el primer asalto de la pelea puede anticipar, en gran medida, c\u00f3mo se desarrollar\u00e1 el resto del evento. Si eres capaz de reconocer los primeros indicios que los luchadores muestran de forma instintiva: la prueba de un agarre espec\u00edfico, un ataque explosivo inmediatamente despu\u00e9s del gong o la protecci\u00f3n evidente de una parte concreta del cuerpo, probablemente tendr\u00e1s <strong>la informaci\u00f3n adecuada para ayudarte a hacer una apuesta ganadora<\/strong>. Esto demuestra, una vez m\u00e1s, que apostar en vivo en artes marciales mixtas consiste en diagnosticar con rapidez lo que sucede ante tus ojos. Si posees un buen sentido para detectar los cambios en el equilibrio de fuerzas y habilidades, tus apuestas en vivo no solo ser\u00e1n emocionantes, sino tambi\u00e9n rentables.<\/p>\n<p>Otra cuesti\u00f3n a la que prestar atenci\u00f3n durante el primer asalto de una pelea de MMA es el ritmo de la acci\u00f3n. Existe una regla no escrita: cuanto m\u00e1s pesados <strong>son los luchadores, menos probable es que mantengan un ritmo r\u00e1pido<\/strong>. Si ves un combate de peso pesado y notas que los dos competidores se lanzan agresivamente a la pelea desde el principio, te aconsejamos que no apuestes a que el enfrentamiento terminar\u00e1 por decisi\u00f3n de los jueces. Una vez tengas esto en cuenta, solo necesitar\u00e1s evaluar las habilidades y el estilo de los oponentes para predecir el resultado m\u00e1s probable.<\/p>\n<p>Uno de los aspectos de las apuestas en vivo que m\u00e1s nos gusta es que los apostadores pueden ajustar su planteamiento en funci\u00f3n de lo que est\u00e1n viendo. Aunque no ocurre con demasiada frecuencia, a veces los luchadores act\u00faan en el oct\u00e1gono de una forma completamente inesperada y ponen en pr\u00e1ctica una estrategia nunca antes utilizada. Si esto sucede en una pelea para la que has hecho una apuesta previa, <strong>gracias a las apuestas en vivo tendr\u00e1s la oportunidad de cubrir tu jugada<\/strong>. El hecho de que las cuotas se ajusten durante los intervalos entre los asaltos te brinda tiempo suficiente para comprobar las ofertas de diferentes casas de apuestas y colocar tu apuesta donde la propuesta resulte m\u00e1s rentable. Dependiendo del importe de tu apuesta, incluso una diferencia m\u00ednima puede traducirse en un pago significativamente mayor.<\/p>\n<table class=\"previewTable\">\n<tr>\n<th colspan=\"6\">Mercado de Ganador<\/th>\n<\/tr>\n<tr>\n<td><\/td>\n<td><strong>bet365<\/strong><\/td>\n<td><strong>Unibet<\/strong><\/td>\n<td><strong>SBK<\/strong><\/td>\n<td><strong>QuinnBet<\/strong><\/td>\n<td><strong>Betfair<\/strong><\/td>\n<\/tr>\n<tr>\n<td><strong>Alexander Volkanovski<\/strong><\/td>\n<td>-700<\/td>\n<td>-800<\/td>\n<td>-1000<\/td>\n<td>-650<\/td>\n<td>-500<\/td>\n<\/tr>\n<tr>\n<td><strong>Chan Sung Jung<\/strong><\/td>\n<td>500<\/td>\n<td>500<\/td>\n<td>450<\/td>\n<td>425<\/td>\n<td>560<\/td>\n<\/tr>\n<\/table>\n<p>Pr\u00e1cticamente no hay l\u00edmites a la cantidad de patrones y tendencias que puedes emplear para aumentar tus posibilidades de obtener mayores ganancias en las apuestas en vivo. Si sientes el pulso del MMA y realizas tus apuestas en el momento oportuno de la pelea, inevitablemente disfrutar\u00e1s de una <strong>experiencia de apuestas rentable<\/strong>. Creemos que los mercados disponibles para las apuestas en vivo se ampliar\u00e1n, lo que significa que las estrategias y las oportunidades de ganar tambi\u00e9n crecer\u00e1n.<\/p>\n<h2 id=\"top\">Caracter\u00edsticas de los mejores sitios de apuestas en vivo de MMA<\/h2>\n<p><img decoding=\"async\" src=\"https:\/\/www.sportingpedia.com\/wp-content\/uploads\/2021\/02\/boxing-betting_features.svg\" alt=\"Caracter\u00edsticas\" width=\"300\" class=\"alignleft\" \/>Si planeas comenzar a apostar en artes marciales mixtas, es fundamental encontrar una casa de apuestas en l\u00ednea de confianza que se ajuste a tus preferencias y, al mismo tiempo, proteja tu informaci\u00f3n privada frente a accesos no autorizados. Aunque no son tan numerosas como en el f\u00fatbol, existen suficientes casas de apuestas en Internet que cubren <strong>peleas de MMA de la UFC, Bellator, ONE Championship<\/strong> y otras promotoras. La oferta de operadores es m\u00e1s que suficiente, as\u00ed que, mientras revises algunos elementos clave, no tendr\u00e1s que conformarte.<\/p>\n<p>En lo que respecta a las apuestas en vivo, un aspecto a tener en cuenta es la <strong>selecci\u00f3n de mercados de apuestas<\/strong>. Como se mencion\u00f3 anteriormente, los tipos de apuestas de MMA disponibles para el juego en directo son, en cualquier caso, escasos, pero algunos operadores van m\u00e1s all\u00e1 y limitan su cartera a apostar \u00fanicamente por el ganador de la pelea. No merece la pena gastar tiempo y dinero con un operador as\u00ed si tenemos en cuenta que hay casas de apuestas de primer nivel que te permiten apostar al m\u00e9todo de victoria o al asalto en que concluir\u00e1 el combate. Es aconsejable abrir una cuenta con este tipo de casa de apuestas incluso si todav\u00eda eres un principiante y, de momento, \u00fanicamente pretendes realizar apuestas est\u00e1ndar de MMA. Con el tiempo, sin duda ganar\u00e1s experiencia y querr\u00e1s aplicar tus conocimientos en formas m\u00e1s desafiantes de juego en l\u00ednea.<\/p>\n<p>La mayor\u00eda de los aficionados a las apuestas hoy en d\u00eda prefieren <strong>usar dispositivos m\u00f3viles para realizar sus jugadas<\/strong>. En este sentido, se considera una gran ventaja que el operador haya desarrollado una <a href=\"https:\/\/www.sportingpedia.com\/es\/betting-apps\/\">aplicaci\u00f3n de apuestas<\/a> dedicada que permita a los usuarios disfrutar de su pasatiempo favorito mientras se desplazan. Imagina que el pr\u00f3ximo evento numerado de la UFC est\u00e1 programado para un d\u00eda en el que estar\u00e1s de vacaciones. \u00bfNo ser\u00eda genial poder respaldar al favorito con una apuesta desde la comodidad de tu habitaci\u00f3n de hotel?<\/p>\n<p>En cuanto a la retransmisi\u00f3n, mencionemos una funci\u00f3n sin la cual las apuestas en vivo no ser\u00edan tan emocionantes: <strong>la transmisi\u00f3n en vivo<\/strong>. Aqu\u00ed es donde se manifiestan las particularidades del MMA. No hace falta decir que las peleas m\u00e1s espectaculares y demandadas se celebran en los eventos numerados de la UFC. Sin embargo, estos se emiten en formato PPV y tienes que pagar una tarifa para verlos en tiempo real. Es casi imposible encontrar una retransmisi\u00f3n de alta calidad para ver la UFC en l\u00ednea de forma gratuita. Aun as\u00ed, algunos de los eventos de menor rango de la <strong>Ultimate Fighting Championship<\/strong> est\u00e1n disponibles mediante transmisi\u00f3n en vivo en ciertas casas de apuestas, por lo que vale la pena comprobarlo cuando decidas qu\u00e9 operador elegir. Si eres un \u00e1vido apostador de MMA que no es tan exigente y puede vibrar con los combates organizados por otras promociones, tendr\u00e1s m\u00e1s posibilidades de ver peleas de forma gratuita. Las empresas m\u00e1s peque\u00f1as utilizan servicios de transmisi\u00f3n en vivo en un intento de conseguir que m\u00e1s personas vean sus eventos.<\/p>\n<h2 id=\"final\">Palabras finales<\/h2>\n<p><img decoding=\"async\" src=\"\/wp-content\/uploads\/2022\/01\/conclusion.svg\" alt=\"conclusion\" width=\"300\" height=\"150\" class=\"alignleft size-full\" \/>Las apuestas en vivo en artes marciales mixtas son un \u00e1mbito del juego en l\u00ednea que todav\u00eda est\u00e1 por desarrollarse. Esperamos que las casas de apuestas m\u00e1s destacadas incluyan apuestas de proposici\u00f3n en sus ofertas en directo. Por supuesto, apostar mientras se disputan las peleas de MMA entra\u00f1a cierto nivel de riesgo, pero, con la preparaci\u00f3n adecuada y siguiendo las recomendaciones detalladas en esta gu\u00eda, ese riesgo probablemente valdr\u00e1 la pena. Lo mejor que puede ocurrirte es <strong>realizar la apuesta adecuada en el momento perfecto y disfrutar de una ganancia considerable<\/strong>.<\/p>\n","protected":false},"excerpt":{"rendered":"<p>La industria del juego dio un salto adelante hace unos a\u00f1os, introduciendo gradualmente la posibilidad de realizar apuestas en vivo. Al igual que con cualquier novedad, los apostadores en l\u00ednea fueron inicialmente muy cautelosos con las apuestas en directo, pero hoy en d\u00eda pr\u00e1cticamente no hay nadie que no las haya probado al menos una [&hellip;]<\/p>\n","protected":false},"author":8,"featured_media":0,"parent":118696,"menu_order":500,"comment_status":"closed","ping_status":"closed","template":"template-guide-page.php","meta":{"footnotes":""},"class_list":["post-118869","page","type-page","status-publish","hentry"],"yoast_head":"<!-- This site is optimized with the Yoast SEO plugin v26.6 - https:\/\/yoast.com\/wordpress\/plugins\/seo\/ -->\n<title>Apuestas en Vivo\/In-Play para MMA - C\u00f3mo Realizar Apuestas In-Play en MMA<\/title>\n<meta name=\"description\" content=\"Las apuestas en vivo de MMA son una forma de juego que te permite realizar tus apuestas una vez que la pelea ha comenzado. Mientras que las apuestas tradicionales antes del encuentro deben hacerse a m\u00e1s tardar el d\u00eda anterior al inicio del evento, la opci\u00f3n en vivo te permite posponer las apuestas hasta una etapa posterior.\" \/>\n<meta name=\"robots\" content=\"index, follow, max-snippet:-1, max-image-preview:large, max-video-preview:-1\" \/>\n<link rel=\"canonical\" href=\"https:\/\/www.sportingpedia.com\/es\/mma-betting\/mma-live-in-play-betting\/\" \/>\n<meta property=\"og:locale\" content=\"es_ES\" \/>\n<meta property=\"og:type\" content=\"article\" \/>\n<meta property=\"og:title\" content=\"Apuestas en Vivo\/In-Play para MMA - C\u00f3mo Realizar Apuestas In-Play en MMA\" \/>\n<meta property=\"og:description\" content=\"Las apuestas en vivo de MMA son una forma de juego que te permite realizar tus apuestas una vez que la pelea ha comenzado. Mientras que las apuestas tradicionales antes del encuentro deben hacerse a m\u00e1s tardar el d\u00eda anterior al inicio del evento, la opci\u00f3n en vivo te permite posponer las apuestas hasta una etapa posterior.\" \/>\n<meta property=\"og:url\" content=\"https:\/\/www.sportingpedia.com\/es\/mma-betting\/mma-live-in-play-betting\/\" \/>\n<meta property=\"og:site_name\" content=\"Sportingpedia - Latest Sports News From All Over the World\" \/>\n<meta property=\"article:modified_time\" content=\"2025-11-26T07:10:04+00:00\" \/>\n<meta property=\"og:image\" content=\"https:\/\/www.sportingpedia.com\/wp-content\/uploads\/2021\/02\/mma-betting_intro.svg\" \/>\n<meta name=\"twitter:card\" content=\"summary_large_image\" \/>\n<meta name=\"twitter:label1\" content=\"Tiempo de lectura\" \/>\n\t<meta name=\"twitter:data1\" content=\"7 minutos\" \/>\n<script type=\"application\/ld+json\" class=\"yoast-schema-graph\">{\"@context\":\"https:\/\/schema.org\",\"@graph\":[{\"@type\":\"WebPage\",\"@id\":\"https:\/\/www.sportingpedia.com\/es\/mma-betting\/mma-live-in-play-betting\/\",\"url\":\"https:\/\/www.sportingpedia.com\/es\/mma-betting\/mma-live-in-play-betting\/\",\"name\":\"Apuestas en Vivo\/In-Play para MMA - C\u00f3mo Realizar Apuestas In-Play en MMA\",\"isPartOf\":{\"@id\":\"https:\/\/www.sportingpedia.com\/es\/#website\"},\"primaryImageOfPage\":{\"@id\":\"https:\/\/www.sportingpedia.com\/es\/mma-betting\/mma-live-in-play-betting\/#primaryimage\"},\"image\":{\"@id\":\"https:\/\/www.sportingpedia.com\/es\/mma-betting\/mma-live-in-play-betting\/#primaryimage\"},\"thumbnailUrl\":\"https:\/\/www.sportingpedia.com\/wp-content\/uploads\/2021\/02\/mma-betting_intro.svg\",\"datePublished\":\"2025-04-10T07:59:57+00:00\",\"dateModified\":\"2025-11-26T07:10:04+00:00\",\"description\":\"Las apuestas en vivo de MMA son una forma de juego que te permite realizar tus apuestas una vez que la pelea ha comenzado. Mientras que las apuestas tradicionales antes del encuentro deben hacerse a m\u00e1s tardar el d\u00eda anterior al inicio del evento, la opci\u00f3n en vivo te permite posponer las apuestas hasta una etapa posterior.\",\"breadcrumb\":{\"@id\":\"https:\/\/www.sportingpedia.com\/es\/mma-betting\/mma-live-in-play-betting\/#breadcrumb\"},\"inLanguage\":\"es\",\"potentialAction\":[{\"@type\":\"ReadAction\",\"target\":[\"https:\/\/www.sportingpedia.com\/es\/mma-betting\/mma-live-in-play-betting\/\"]}]},{\"@type\":\"ImageObject\",\"inLanguage\":\"es\",\"@id\":\"https:\/\/www.sportingpedia.com\/es\/mma-betting\/mma-live-in-play-betting\/#primaryimage\",\"url\":\"https:\/\/www.sportingpedia.com\/wp-content\/uploads\/2021\/02\/mma-betting_intro.svg\",\"contentUrl\":\"https:\/\/www.sportingpedia.com\/wp-content\/uploads\/2021\/02\/mma-betting_intro.svg\"},{\"@type\":\"BreadcrumbList\",\"@id\":\"https:\/\/www.sportingpedia.com\/es\/mma-betting\/mma-live-in-play-betting\/#breadcrumb\",\"itemListElement\":[{\"@type\":\"ListItem\",\"position\":1,\"name\":\"Inicio\",\"item\":\"https:\/\/www.sportingpedia.com\/es\/home-2\/\"},{\"@type\":\"ListItem\",\"position\":2,\"name\":\"Apuestas de MMA\",\"item\":\"https:\/\/www.sportingpedia.com\/es\/mma-betting\/\"},{\"@type\":\"ListItem\",\"position\":3,\"name\":\"Apuestas MMA en Vivo\/En Juego\"}]},{\"@type\":\"WebSite\",\"@id\":\"https:\/\/www.sportingpedia.com\/es\/#website\",\"url\":\"https:\/\/www.sportingpedia.com\/es\/\",\"name\":\"Sportingpedia - Latest Sports News From All Over the World\",\"description\":\"\",\"publisher\":{\"@id\":\"https:\/\/www.sportingpedia.com\/es\/#organization\"},\"potentialAction\":[{\"@type\":\"SearchAction\",\"target\":{\"@type\":\"EntryPoint\",\"urlTemplate\":\"https:\/\/www.sportingpedia.com\/es\/?s={search_term_string}\"},\"query-input\":{\"@type\":\"PropertyValueSpecification\",\"valueRequired\":true,\"valueName\":\"search_term_string\"}}],\"inLanguage\":\"es\"},{\"@type\":\"Organization\",\"@id\":\"https:\/\/www.sportingpedia.com\/es\/#organization\",\"name\":\"SportingPedia\",\"url\":\"https:\/\/www.sportingpedia.com\/es\/\",\"logo\":{\"@type\":\"ImageObject\",\"inLanguage\":\"es\",\"@id\":\"https:\/\/www.sportingpedia.com\/es\/#\/schema\/logo\/image\/\",\"url\":\"https:\/\/www.sportingpedia.com\/wp-content\/uploads\/2019\/10\/SportingPedia_logo.png\",\"contentUrl\":\"https:\/\/www.sportingpedia.com\/wp-content\/uploads\/2019\/10\/SportingPedia_logo.png\",\"width\":600,\"height\":101,\"caption\":\"SportingPedia\"},\"image\":{\"@id\":\"https:\/\/www.sportingpedia.com\/es\/#\/schema\/logo\/image\/\"}}]}<\/script>\n<!-- \/ Yoast SEO plugin. -->","yoast_head_json":{"title":"Apuestas en Vivo\/In-Play para MMA - C\u00f3mo Realizar Apuestas In-Play en MMA","description":"Las apuestas en vivo de MMA son una forma de juego que te permite realizar tus apuestas una vez que la pelea ha comenzado. Mientras que las apuestas tradicionales antes del encuentro deben hacerse a m\u00e1s tardar el d\u00eda anterior al inicio del evento, la opci\u00f3n en vivo te permite posponer las apuestas hasta una etapa posterior.","robots":{"index":"index","follow":"follow","max-snippet":"max-snippet:-1","max-image-preview":"max-image-preview:large","max-video-preview":"max-video-preview:-1"},"canonical":"https:\/\/www.sportingpedia.com\/es\/mma-betting\/mma-live-in-play-betting\/","og_locale":"es_ES","og_type":"article","og_title":"Apuestas en Vivo\/In-Play para MMA - C\u00f3mo Realizar Apuestas In-Play en MMA","og_description":"Las apuestas en vivo de MMA son una forma de juego que te permite realizar tus apuestas una vez que la pelea ha comenzado. Mientras que las apuestas tradicionales antes del encuentro deben hacerse a m\u00e1s tardar el d\u00eda anterior al inicio del evento, la opci\u00f3n en vivo te permite posponer las apuestas hasta una etapa posterior.","og_url":"https:\/\/www.sportingpedia.com\/es\/mma-betting\/mma-live-in-play-betting\/","og_site_name":"Sportingpedia - Latest Sports News From All Over the World","article_modified_time":"2025-11-26T07:10:04+00:00","og_image":[{"url":"https:\/\/www.sportingpedia.com\/wp-content\/uploads\/2021\/02\/mma-betting_intro.svg","type":"","width":"","height":""}],"twitter_card":"summary_large_image","twitter_misc":{"Tiempo de lectura":"7 minutos"},"schema":{"@context":"https:\/\/schema.org","@graph":[{"@type":"WebPage","@id":"https:\/\/www.sportingpedia.com\/es\/mma-betting\/mma-live-in-play-betting\/","url":"https:\/\/www.sportingpedia.com\/es\/mma-betting\/mma-live-in-play-betting\/","name":"Apuestas en Vivo\/In-Play para MMA - C\u00f3mo Realizar Apuestas In-Play en MMA","isPartOf":{"@id":"https:\/\/www.sportingpedia.com\/es\/#website"},"primaryImageOfPage":{"@id":"https:\/\/www.sportingpedia.com\/es\/mma-betting\/mma-live-in-play-betting\/#primaryimage"},"image":{"@id":"https:\/\/www.sportingpedia.com\/es\/mma-betting\/mma-live-in-play-betting\/#primaryimage"},"thumbnailUrl":"https:\/\/www.sportingpedia.com\/wp-content\/uploads\/2021\/02\/mma-betting_intro.svg","datePublished":"2025-04-10T07:59:57+00:00","dateModified":"2025-11-26T07:10:04+00:00","description":"Las apuestas en vivo de MMA son una forma de juego que te permite realizar tus apuestas una vez que la pelea ha comenzado. Mientras que las apuestas tradicionales antes del encuentro deben hacerse a m\u00e1s tardar el d\u00eda anterior al inicio del evento, la opci\u00f3n en vivo te permite posponer las apuestas hasta una etapa posterior.","breadcrumb":{"@id":"https:\/\/www.sportingpedia.com\/es\/mma-betting\/mma-live-in-play-betting\/#breadcrumb"},"inLanguage":"es","potentialAction":[{"@type":"ReadAction","target":["https:\/\/www.sportingpedia.com\/es\/mma-betting\/mma-live-in-play-betting\/"]}]},{"@type":"ImageObject","inLanguage":"es","@id":"https:\/\/www.sportingpedia.com\/es\/mma-betting\/mma-live-in-play-betting\/#primaryimage","url":"https:\/\/www.sportingpedia.com\/wp-content\/uploads\/2021\/02\/mma-betting_intro.svg","contentUrl":"https:\/\/www.sportingpedia.com\/wp-content\/uploads\/2021\/02\/mma-betting_intro.svg"},{"@type":"BreadcrumbList","@id":"https:\/\/www.sportingpedia.com\/es\/mma-betting\/mma-live-in-play-betting\/#breadcrumb","itemListElement":[{"@type":"ListItem","position":1,"name":"Inicio","item":"https:\/\/www.sportingpedia.com\/es\/home-2\/"},{"@type":"ListItem","position":2,"name":"Apuestas de MMA","item":"https:\/\/www.sportingpedia.com\/es\/mma-betting\/"},{"@type":"ListItem","position":3,"name":"Apuestas MMA en Vivo\/En Juego"}]},{"@type":"WebSite","@id":"https:\/\/www.sportingpedia.com\/es\/#website","url":"https:\/\/www.sportingpedia.com\/es\/","name":"Sportingpedia - Latest Sports News From All Over the World","description":"","publisher":{"@id":"https:\/\/www.sportingpedia.com\/es\/#organization"},"potentialAction":[{"@type":"SearchAction","target":{"@type":"EntryPoint","urlTemplate":"https:\/\/www.sportingpedia.com\/es\/?s={search_term_string}"},"query-input":{"@type":"PropertyValueSpecification","valueRequired":true,"valueName":"search_term_string"}}],"inLanguage":"es"},{"@type":"Organization","@id":"https:\/\/www.sportingpedia.com\/es\/#organization","name":"SportingPedia","url":"https:\/\/www.sportingpedia.com\/es\/","logo":{"@type":"ImageObject","inLanguage":"es","@id":"https:\/\/www.sportingpedia.com\/es\/#\/schema\/logo\/image\/","url":"https:\/\/www.sportingpedia.com\/wp-content\/uploads\/2019\/10\/SportingPedia_logo.png","contentUrl":"https:\/\/www.sportingpedia.com\/wp-content\/uploads\/2019\/10\/SportingPedia_logo.png","width":600,"height":101,"caption":"SportingPedia"},"image":{"@id":"https:\/\/www.sportingpedia.com\/es\/#\/schema\/logo\/image\/"}}]}},"_links":{"self":[{"href":"https:\/\/www.sportingpedia.com\/es\/wp-json\/wp\/v2\/pages\/118869","targetHints":{"allow":["GET"]}}],"collection":[{"href":"https:\/\/www.sportingpedia.com\/es\/wp-json\/wp\/v2\/pages"}],"about":[{"href":"https:\/\/www.sportingpedia.com\/es\/wp-json\/wp\/v2\/types\/page"}],"author":[{"embeddable":true,"href":"https:\/\/www.sportingpedia.com\/es\/wp-json\/wp\/v2\/users\/8"}],"replies":[{"embeddable":true,"href":"https:\/\/www.sportingpedia.com\/es\/wp-json\/wp\/v2\/comments?post=118869"}],"version-history":[{"count":4,"href":"https:\/\/www.sportingpedia.com\/es\/wp-json\/wp\/v2\/pages\/118869\/revisions"}],"predecessor-version":[{"id":147404,"href":"https:\/\/www.sportingpedia.com\/es\/wp-json\/wp\/v2\/pages\/118869\/revisions\/147404"}],"up":[{"embeddable":true,"href":"https:\/\/www.sportingpedia.com\/es\/wp-json\/wp\/v2\/pages\/118696"}],"wp:attachment":[{"href":"https:\/\/www.sportingpedia.com\/es\/wp-json\/wp\/v2\/media?parent=118869"}],"curies":[{"name":"wp","href":"https:\/\/api.w.org\/{rel}","templated":true}]}}