{"id":118870,"date":"2025-04-10T07:59:57","date_gmt":"2025-04-10T07:59:57","guid":{"rendered":"https:\/\/www.sportingpedia.com\/?page_id=118870"},"modified":"2025-11-26T07:11:45","modified_gmt":"2025-11-26T07:11:45","slug":"mma-proposition-bets","status":"publish","type":"page","link":"https:\/\/www.sportingpedia.com\/es\/mma-betting\/mma-proposition-bets\/","title":{"rendered":"Apuestas Proposici\u00f3n en MMA"},"content":{"rendered":"<p><img decoding=\"async\" src=\"\/wp-content\/uploads\/2021\/02\/nhl-betting_proposition-bets.svg\" alt=\"Apuestas de Proposici\u00f3n de MMA\" width=\"300\" class=\"alignleft\" \/>Si no eres un completo novato en las apuestas de MMA, pero hasta ahora has realizado tus apuestas con dinero real solo en mercados est\u00e1ndar, quiz\u00e1 sea el momento de <strong>agregar una capa extra de emoci\u00f3n a tu experiencia de apuestas<\/strong>. La mejor manera de hacerlo es a trav\u00e9s de las diversas apuestas de proposici\u00f3n de MMA que la mayor\u00eda de las casas de apuestas modernas en l\u00ednea ofrecen a sus usuarios registrados.<\/p>\n<p>En general, las apuestas de proposici\u00f3n se refieren a aspectos del evento (en nuestro caso, una pelea de MMA) que no tienen nada que ver con qui\u00e9n gana el combate. Predecir el m\u00e9todo de victoria o la ronda exacta en que terminar\u00e1 una pelea es una tarea bastante desafiante y, l\u00f3gicamente, <strong>una apuesta exitosa recibe un pago rentable<\/strong>. Este tipo de apuesta m\u00e1s arriesgada requiere un conocimiento profundo del deporte y un seguimiento cercano del rendimiento de los luchadores.<\/p>\n\n<p>La accesibilidad de los tipos de apuestas de proposici\u00f3n en las plataformas de apuestas en l\u00ednea no siempre ha sido tan amplia como lo es hoy. Sin embargo, la popularidad de esta emocionante modalidad ha crecido r\u00e1pidamente en los \u00faltimos a\u00f1os y <strong>las apuestas de proposici\u00f3n se han convertido en una parte integral de las carteras de las casas de apuestas<\/strong>. Cuanto m\u00e1s famosos sean los luchadores en cierto combate, mayor ser\u00e1 la variedad de proposiciones que se ofrece a los apostadores.<\/p>\n<ol class=\"bookies-grid\">\r\n\t<li>\r\n\t\t<a rel=\"nofollow\" target=\"_blank\" href=\"\/out\/mybookie?au&#x3D;138&amp;bp&#x3D;1\"<\/a>\r\n\t\t\t<figure>\r\n\t\t\t  \t<img decoding=\"async\" src=\"https:\/\/www.sportingpedia.com\/wp-content\/uploads\/logos\/lg-mybookie-logo.jpg\" width=\"110\" height=\"55\">\r\n\t\t\t<\/figure>\r\n\r\n\t\t\t<div>\r\n\t\t\t  \t<span class=\"bookie-name\">MyBookie<\/span>\r\n\r\n\t\t\t  \t<span class=\"bookie-rating\">Rating: 4.9 <b>&starf;<\/b><\/span>\r\n\t\t\t<\/div>\r\n\t\t<\/a>\r\n\t<\/li>\r\n\t<li>\r\n\t\t<a rel=\"nofollow\" target=\"_blank\" href=\"\/out\/bovada?au&#x3D;138&amp;bp&#x3D;2\"<\/a>\r\n\t\t\t<figure>\r\n\t\t\t  \t<img decoding=\"async\" src=\"https:\/\/www.sportingpedia.com\/wp-content\/uploads\/logos\/lg-bovada-logo.jpg\" width=\"110\" height=\"55\">\r\n\t\t\t<\/figure>\r\n\r\n\t\t\t<div>\r\n\t\t\t  \t<span class=\"bookie-name\">Bovada<\/span>\r\n\r\n\t\t\t  \t<span class=\"bookie-rating\">Rating: 4.8 <b>&starf;<\/b><\/span>\r\n\t\t\t<\/div>\r\n\t\t<\/a>\r\n\t<\/li>\r\n\t<li>\r\n\t\t<a rel=\"nofollow\" target=\"_blank\" href=\"\/out\/xbet?au&#x3D;138&amp;bp&#x3D;3\"<\/a>\r\n\t\t\t<figure>\r\n\t\t\t  \t<img decoding=\"async\" src=\"https:\/\/www.sportingpedia.com\/wp-content\/uploads\/logos\/lg-xbet-logo.jpg\" width=\"110\" height=\"55\">\r\n\t\t\t<\/figure>\r\n\r\n\t\t\t<div>\r\n\t\t\t  \t<span class=\"bookie-name\">XBet<\/span>\r\n\r\n\t\t\t  \t<span class=\"bookie-rating\">Rating: 4.7 <b>&starf;<\/b><\/span>\r\n\t\t\t<\/div>\r\n\t\t<\/a>\r\n\t<\/li>\r\n\t<li>\r\n\t\t<a rel=\"nofollow\" target=\"_blank\" href=\"\/out\/intertops?au&#x3D;138&amp;bp&#x3D;4\"<\/a>\r\n\t\t\t<figure>\r\n\t\t\t  \t<img decoding=\"async\" src=\"https:\/\/www.sportingpedia.com\/wp-content\/uploads\/logos\/lg-everygame-logo.webp\" width=\"110\" height=\"55\">\r\n\t\t\t<\/figure>\r\n\r\n\t\t\t<div>\r\n\t\t\t  \t<span class=\"bookie-name\">Everygame<\/span>\r\n\r\n\t\t\t  \t<span class=\"bookie-rating\">Rating: 4.6 <b>&starf;<\/b><\/span>\r\n\t\t\t<\/div>\r\n\t\t<\/a>\r\n\t<\/li>\r\n\t<li>\r\n\t\t<a rel=\"nofollow\" target=\"_blank\" href=\"\/out\/betusr?au&#x3D;138&amp;bp&#x3D;5\"<\/a>\r\n\t\t\t<figure>\r\n\t\t\t  \t<img decoding=\"async\" src=\"https:\/\/www.sportingpedia.com\/wp-content\/uploads\/logos\/lg-betusr-logo.jpg\" width=\"110\" height=\"55\">\r\n\t\t\t<\/figure>\r\n\r\n\t\t\t<div>\r\n\t\t\t  \t<span class=\"bookie-name\">BetUSR<\/span>\r\n\r\n\t\t\t  \t<span class=\"bookie-rating\">Rating: 4.5 <b>&starf;<\/b><\/span>\r\n\t\t\t<\/div>\r\n\t\t<\/a>\r\n\t<\/li>\r\n\t<li>\r\n\t\t<a rel=\"nofollow\" target=\"_blank\" href=\"\/out\/vave?au&#x3D;138&amp;bp&#x3D;6\"<\/a>\r\n\t\t\t<figure>\r\n\t\t\t  \t<img decoding=\"async\" src=\"https:\/\/www.sportingpedia.com\/wp-content\/uploads\/logos\/lg-vave-logo.webp\" width=\"110\" height=\"55\">\r\n\t\t\t<\/figure>\r\n\r\n\t\t\t<div>\r\n\t\t\t  \t<span class=\"bookie-name\">Vave<\/span>\r\n\r\n\t\t\t  \t<span class=\"bookie-rating\">Rating: 4.4 <b>&starf;<\/b><\/span>\r\n\t\t\t<\/div>\r\n\t\t<\/a>\r\n\t<\/li>\r\n<\/ol><script>\n  setTimeout(function(){\n    if(!document.getElementById('JasHAAffsaMosaAdsANa2i')) {\n      jQuery('a[target=\"_blank\"]').removeAttr('target');\n    }\n  }, 1000);\n<\/script>\n\n<h2 id=\"victory\">M\u00e9todo de victoria en apuestas<\/h2>\n<p><img decoding=\"async\" src=\"\/wp-content\/uploads\/2021\/02\/mma-betting_method-of-victory.svg\" alt=\"M\u00e9todo de Victoria en Apuestas\" width=\"300\" height=\"150\" class=\"alignleft size-full\" \/>A trav\u00e9s de las apuestas de proposici\u00f3n, los apostadores en l\u00ednea se sumergen m\u00e1s en la acci\u00f3n de las artes marciales mixtas y, a veces, esto puede llevarles a animar en contra del luchador elegido si este est\u00e1 a punto de ganar, pero no por el m\u00e9todo al que han apostado. As\u00ed de intrigantes son las apuestas de proposici\u00f3n. Ahora, veamos cu\u00e1les son los <strong>detalles espec\u00edficos del mercado de apuestas del m\u00e9todo de victoria<\/strong>.<\/p>\n<div class=\"clear\"><\/div>\n<p>La t\u00edpica pelea de MMA puede terminar de las siguientes tres maneras:<\/p>\n<ul>\n<li>Nocaut (KO) o nocaut t\u00e9cnico (TKO)<\/li>\n<li>Sumisi\u00f3n<\/li>\n<li>Decisi\u00f3n de los jueces (puntos)<\/li>\n<\/ul>\n<p>Aunque algunas casas de apuestas en l\u00ednea permiten a los entusiastas realizar apuestas en esta variante m\u00e1s simple, la mayor\u00eda de los <a href=\"https:\/\/www.sportingpedia.com\/es\/betting-sites\/\">mejores corredores de apuestas<\/a> ofrecen la opci\u00f3n m\u00e1s interesante de predecir tanto el m\u00e9todo de victoria como el luchador que lo conseguir\u00e1.<\/p>\n<table class=\"previewTable\">\n<tr>\n<th colspan=\"2\">Daniel Santos vs Julio Arce<\/th>\n<\/tr>\n<tr>\n<td><strong>M\u00e9todo de victoria<\/strong><\/td>\n<td><strong>Cuotas de apuesta<\/strong><\/td>\n<\/tr>\n<tr>\n<td>Julio Arce por puntos<\/td>\n<td>155<\/td>\n<\/tr>\n<tr>\n<td>Daniel Santos por puntos<\/td>\n<td>340<\/td>\n<\/tr>\n<tr>\n<td>Julio Arce por sumisi\u00f3n<\/td>\n<td>460<\/td>\n<\/tr>\n<tr>\n<td>Daniel Santos por KO\/TKO<\/td>\n<td>500<\/td>\n<\/tr>\n<tr>\n<td>Julio Arce por KO\/TKO<\/td>\n<td>500<\/td>\n<\/tr>\n<tr>\n<td>Daniel Santos por sumisi\u00f3n<\/td>\n<td>1.200<\/td>\n<\/tr>\n<tr>\n<td>Empate<\/td>\n<td>5.000<\/td>\n<\/tr>\n<\/table>\n<p>La tabla anterior muestra las cuotas disponibles actualmente para el mercado de m\u00e9todo de victoria en la <strong>pelea entre Daniel Santos y Julio Arce en UFC 273<\/strong>, programada para el 9 de abril de 2022. El ejemplo indica claramente que el resultado m\u00e1s probable es que Arce gane por puntos. Que cualquiera de los luchadores gane por nocaut o nocaut t\u00e9cnico presenta cuotas menos rentables, lo que es indicativo de c\u00f3mo suelen terminar sus combates de MMA.<\/p>\n<p>Otro factor que influye en la probabilidad del resultado es el estilo de lucha de cada combatiente. Por eso decimos que es importante dedicar tiempo a investigar a fondo todos los detalles posibles. Revisar datos estad\u00edsticos siempre es \u00fatil, pero <strong>haber visto suficientes combates de ambos peleadores puede convertirse en tu as bajo la manga<\/strong>. Un gran n\u00famero de luchadores de MMA ha competido previamente en jiu-jitsu brasile\u00f1o, kickboxing, lucha, muay thai y otras disciplinas. Esta es otra informaci\u00f3n que puede ayudarte a estimar adecuadamente c\u00f3mo es m\u00e1s probable que se concluya la pelea.<\/p>\n<h2 id=\"round\">Apuestas por round en MMA<\/h2>\n<p><img decoding=\"async\" src=\"\/wp-content\/uploads\/2021\/02\/mma-betting_round-betting.svg\" alt=\"Apuestas por Round\" width=\"300\" class=\"alignleft\" \/>Una forma popular de apostar en artes marciales mixtas es <strong>apostar al round exacto en que terminar\u00e1 la pelea<\/strong>. Puedes encontrar este tipo de apuesta en varias variantes diferentes, cada una m\u00e1s dif\u00edcil de predecir que la anterior. Aqu\u00ed est\u00e1n las opciones que ofrecen las casas de apuestas en l\u00ednea de todo el mundo:<\/p>\n<div class=\"clear\"><\/div>\n<ul>\n<li>Apuesta b\u00e1sica por round<\/li>\n<li>Round + ganador<\/li>\n<li>Round + ganador + m\u00e9todo<\/li>\n<\/ul>\n<p>Cuantos m\u00e1s componentes tenga una apuesta por round, m\u00e1s rentable ser\u00e1 el eventual pago. En la siguiente tabla puedes ver <strong>cuotas de apuestas por round<\/strong> para la pelea entre Aljamain Sterling y Petr Yan, nuevamente en el evento UFC 273. Para facilitar la explicaci\u00f3n, hemos seleccionado \u00fanicamente mercados de apuestas que abarcan el Round 1.<\/p>\n<table class=\"previewTable\">\n<tr>\n<th colspan=\"2\">Aljamain Sterling vs Petr Yan<\/th>\n<\/tr>\n<tr>\n<td><strong>Mercado de apuestas<\/strong><\/td>\n<td><strong>Cuotas de apuestas<\/strong><\/td>\n<\/tr>\n<tr>\n<td>Aljamain Sterling en el Round 1<\/td>\n<td>+2000 (21,0)<\/td>\n<\/tr>\n<tr>\n<td>Petr Yan en el Round 1<\/td>\n<td>+450 (5,5)<\/td>\n<\/tr>\n<tr>\n<td>Aljamain Sterling por KO\/TKO en el Round 1<\/td>\n<td>+4500 (46,0)<\/td>\n<\/tr>\n<tr>\n<td>Petr Yan por KO\/TKO en el Round 1<\/td>\n<td>+500 (6,0)<\/td>\n<\/tr>\n<tr>\n<td>Aljamain Sterling por sumisi\u00f3n en el Round 1<\/td>\n<td>+2800 (29,0)<\/td>\n<\/tr>\n<tr>\n<td>Petr Yan por sumisi\u00f3n en el Round 1<\/td>\n<td>+2000 (21,0)<\/td>\n<\/tr>\n<tr>\n<td>Ganar en el Round 1<\/td>\n<td>+400 (5,0)<\/td>\n<\/tr>\n<\/table>\n<p>Como habr\u00e1s notado, los n\u00fameros var\u00edan mucho dependiendo de la apuesta exacta que se realice. En caso de una predicci\u00f3n exitosa, <strong>con una apuesta de 50\u202f\u20ac puedes a\u00f1adir 200\u202f\u20ac a tu banca<\/strong> si solo apuestas al round ganador, o 1.000\u202f\u20ac si crees que Petr Yan lograr\u00e1 la victoria por sumisi\u00f3n en el Round 1. Sin embargo, no dejes que los pagos lucrativos te enga\u00f1en y te lleven a apostar en combinaciones casi imposibles. Aseg\u00farate de basar tus predicciones en informaci\u00f3n s\u00f3lida, no en cuestiones subjetivas como la personalidad del luchador, el eventual pago lucrativo o tus emociones actuales. Muy probablemente hay una buena raz\u00f3n para cuotas del orden de +4500 (46,0) y dif\u00edcilmente es razonable arriesgar tus fondos en una selecci\u00f3n as\u00ed.<\/p>\n<p>Debes ser consciente de que, debido a la dificultad de la forma m\u00e1s compleja de apuestas por round en MMA, el inter\u00e9s de los apostadores no siempre es alto, por lo que algunas casas de apuestas en l\u00ednea no la han incluido en la selecci\u00f3n de mercados que ofrecen. Como con otros aspectos de las artes marciales mixtas, <strong>la disponibilidad de tipos de apuestas para una determinada pelea depende en gran medida de su estatus y de la popularidad de los luchadores<\/strong>.<\/p>\n<h2 id=\"final\">Consejos para apostar en MMA online<\/h2>\n<p><img decoding=\"async\" src=\"\/wp-content\/uploads\/2021\/02\/nfl-betting-value-betting_tips.svg\" alt=\"Consejos para Apostar en MMA\" width=\"300\" height=\"150\" class=\"alignleft size-full\" \/>No existe algo como unas apuestas f\u00e1ciles ni un pago garantizado. Los analistas de apuestas suelen se\u00f1alar que apostar en peleas de MMA es m\u00e1s sencillo que hacerlo en deportes de equipo, ya que hay menos factores a tener en cuenta. Aunque esto es en parte cierto, al intentar realizar apuestas proposicionales las cosas se complican. No obstante, vale la pena tener en mente que <strong>las apuestas en MMA ofrecen grandes oportunidades para obtener retornos significativos<\/strong>. Con el entendimiento de que no hay principios universales ni una estrategia siempre ganadora, hemos recopilado algunos consejos b\u00e1sicos que pueden ayudarte a aumentar tus posibilidades de \u00e9xito.<\/p>\n<p><strong>Conc\u00e9ntrate en la investigaci\u00f3n y el an\u00e1lisis, no en la emoci\u00f3n<\/strong>. Estamos seguros de que lo sabes, pero lo diremos de todos modos: no es buena idea apostar por un luchador solo porque eres su ferviente fan\u00e1tico. Puede ser el atleta m\u00e1s carism\u00e1tico que jam\u00e1s haya estado en el oct\u00e1gono y haber tenido una biograf\u00eda impresionante al comienzo de su carrera, pero si no ha ganado una sola pelea en el \u00faltimo a\u00f1o, \u00bfa\u00fan crees que vale la pena arriesgar tu dinero?<\/p>\n<p>No decimos que no sea posible que un luchador as\u00ed obtenga la victoria, pero respalda tu apuesta con una investigaci\u00f3n minuciosa. Por ejemplo, el rival de tu favorito puede haber mostrado un mejor rendimiento en los meses previos al combate, pero haber sufrido una lesi\u00f3n durante el entrenamiento. Si crees que tu luchador puede aprovechar eso y lograr un nocaut al comienzo de la pelea, int\u00e9ntalo. Dada la naturaleza de este deporte, <strong>con frecuencia las batallas se ganan con explosividad y dinamismo, no tanto con estrategia<\/strong>. La l\u00ednea divisoria entre la victoria y la derrota es delgada y parece incre\u00edblemente dif\u00edcil pelear perfectamente durante todo el combate. Un excelente conocimiento del estilo, la forma f\u00edsica y la resistencia de los luchadores puede ser \u00fatil al realizar apuestas tanto del m\u00e9todo de victoria como de ronda.<\/p>\n<p>Sabemos que apostar en artes marciales mixtas es tentador y emocionante, pero no hay raz\u00f3n para exagerar. En otras palabras, no te lances a cada opci\u00f3n que encuentres y, sobre todo, <strong>haz de la comparaci\u00f3n de l\u00edneas un elemento imprescindible en tu experiencia de apuestas<\/strong>. Esta estrategia es ventajosa para cualquier tipo de apuesta en el mercado, pero en las apuestas de MMA realmente puede marcar la diferencia. Al igual que en <a href=\"https:\/\/www.sportingpedia.com\/boxing-betting\/introduction-to-online-boxing-betting\/\">boxeo<\/a>, en MMA a veces hay discrepancias significativas entre las diferentes plataformas de apuestas en t\u00e9rminos de cuotas. Por lo tanto, es aconsejable crear cuentas con varios corredores de apuestas de confianza para poder beneficiarte de una oportunidad valiosa cuando se presente.<\/p>\n<h2 id=\"conclusion\">Conclusi\u00f3n<\/h2>\n<p><img decoding=\"async\" src=\"\/wp-content\/uploads\/2022\/01\/conclusion.svg\" alt=\"conclusion\" width=\"300\" height=\"150\" class=\"alignleft size-full\" \/><strong>Las apuestas de proposiciones son posiblemente la forma m\u00e1s desafiante de apostar en eventos de artes marciales mixtas<\/strong>; permiten a los aficionados experimentados poner a prueba sus conocimientos y, potencialmente, convertirlos en dinero. Afortunadamente, esta modalidad ya no es una excepci\u00f3n y hay una pl\u00e9tora de casas de apuestas en l\u00ednea de buena reputaci\u00f3n entre las que los apostadores pueden elegir. Debes evaluar cuidadosamente tus habilidades antes de embarcarte en esta aventura. Si a\u00fan no tienes plena confianza en tu dominio, contin\u00faa familiariz\u00e1ndote con los diferentes elementos del deporte, acost\u00fambrate primero a los tipos de apuesta m\u00e1s sencillos y vuelve a nuestra gu\u00eda de apuestas de MMA en l\u00ednea cuando necesites hacer una revisi\u00f3n.<\/p>\n","protected":false},"excerpt":{"rendered":"<p>Si no eres un completo novato en las apuestas de MMA, pero hasta ahora has realizado tus apuestas con dinero real solo en mercados est\u00e1ndar, quiz\u00e1 sea el momento de agregar una capa extra de emoci\u00f3n a tu experiencia de apuestas. La mejor manera de hacerlo es a trav\u00e9s de las diversas apuestas de proposici\u00f3n [&hellip;]<\/p>\n","protected":false},"author":8,"featured_media":0,"parent":118696,"menu_order":400,"comment_status":"closed","ping_status":"closed","template":"template-guide-page.php","meta":{"footnotes":""},"class_list":["post-118870","page","type-page","status-publish","hentry"],"yoast_head":"<!-- This site is optimized with the Yoast SEO plugin v26.6 - https:\/\/yoast.com\/wordpress\/plugins\/seo\/ -->\n<title>Apuestas Proposicionales de MMA - Consejos y Estrategias<\/title>\n<meta name=\"description\" content=\"Las apuestas de proposici\u00f3n se refieren a aspectos de la pelea de MMA que no tienen nada que ver con qui\u00e9n gana el evento en particular. Predecir el m\u00e9todo de victoria o la ronda exacta en la que finalizar\u00e1 una pelea es una tarea bastante desafiante y, l\u00f3gicamente, la apuesta exitosa se recompensa con un pago rentable.\" \/>\n<meta name=\"robots\" content=\"index, follow, max-snippet:-1, max-image-preview:large, max-video-preview:-1\" \/>\n<link rel=\"canonical\" href=\"https:\/\/www.sportingpedia.com\/es\/mma-betting\/mma-proposition-bets\/\" \/>\n<meta property=\"og:locale\" content=\"es_ES\" \/>\n<meta property=\"og:type\" content=\"article\" \/>\n<meta property=\"og:title\" content=\"Apuestas Proposicionales de MMA - Consejos y Estrategias\" \/>\n<meta property=\"og:description\" content=\"Las apuestas de proposici\u00f3n se refieren a aspectos de la pelea de MMA que no tienen nada que ver con qui\u00e9n gana el evento en particular. Predecir el m\u00e9todo de victoria o la ronda exacta en la que finalizar\u00e1 una pelea es una tarea bastante desafiante y, l\u00f3gicamente, la apuesta exitosa se recompensa con un pago rentable.\" \/>\n<meta property=\"og:url\" content=\"https:\/\/www.sportingpedia.com\/es\/mma-betting\/mma-proposition-bets\/\" \/>\n<meta property=\"og:site_name\" content=\"Sportingpedia - Latest Sports News From All Over the World\" \/>\n<meta property=\"article:modified_time\" content=\"2025-11-26T07:11:45+00:00\" \/>\n<meta name=\"twitter:card\" content=\"summary_large_image\" \/>\n<meta name=\"twitter:label1\" content=\"Tiempo de lectura\" \/>\n\t<meta name=\"twitter:data1\" content=\"9 minutos\" \/>\n<script type=\"application\/ld+json\" class=\"yoast-schema-graph\">{\"@context\":\"https:\/\/schema.org\",\"@graph\":[{\"@type\":\"WebPage\",\"@id\":\"https:\/\/www.sportingpedia.com\/es\/mma-betting\/mma-proposition-bets\/\",\"url\":\"https:\/\/www.sportingpedia.com\/es\/mma-betting\/mma-proposition-bets\/\",\"name\":\"Apuestas Proposicionales de MMA - Consejos y Estrategias\",\"isPartOf\":{\"@id\":\"https:\/\/www.sportingpedia.com\/es\/#website\"},\"datePublished\":\"2025-04-10T07:59:57+00:00\",\"dateModified\":\"2025-11-26T07:11:45+00:00\",\"description\":\"Las apuestas de proposici\u00f3n se refieren a aspectos de la pelea de MMA que no tienen nada que ver con qui\u00e9n gana el evento en particular. Predecir el m\u00e9todo de victoria o la ronda exacta en la que finalizar\u00e1 una pelea es una tarea bastante desafiante y, l\u00f3gicamente, la apuesta exitosa se recompensa con un pago rentable.\",\"breadcrumb\":{\"@id\":\"https:\/\/www.sportingpedia.com\/es\/mma-betting\/mma-proposition-bets\/#breadcrumb\"},\"inLanguage\":\"es\",\"potentialAction\":[{\"@type\":\"ReadAction\",\"target\":[\"https:\/\/www.sportingpedia.com\/es\/mma-betting\/mma-proposition-bets\/\"]}]},{\"@type\":\"BreadcrumbList\",\"@id\":\"https:\/\/www.sportingpedia.com\/es\/mma-betting\/mma-proposition-bets\/#breadcrumb\",\"itemListElement\":[{\"@type\":\"ListItem\",\"position\":1,\"name\":\"Inicio\",\"item\":\"https:\/\/www.sportingpedia.com\/es\/home-2\/\"},{\"@type\":\"ListItem\",\"position\":2,\"name\":\"Apuestas de MMA\",\"item\":\"https:\/\/www.sportingpedia.com\/es\/mma-betting\/\"},{\"@type\":\"ListItem\",\"position\":3,\"name\":\"Apuestas Proposici\u00f3n en MMA\"}]},{\"@type\":\"WebSite\",\"@id\":\"https:\/\/www.sportingpedia.com\/es\/#website\",\"url\":\"https:\/\/www.sportingpedia.com\/es\/\",\"name\":\"Sportingpedia - Latest Sports News From All Over the World\",\"description\":\"\",\"publisher\":{\"@id\":\"https:\/\/www.sportingpedia.com\/es\/#organization\"},\"potentialAction\":[{\"@type\":\"SearchAction\",\"target\":{\"@type\":\"EntryPoint\",\"urlTemplate\":\"https:\/\/www.sportingpedia.com\/es\/?s={search_term_string}\"},\"query-input\":{\"@type\":\"PropertyValueSpecification\",\"valueRequired\":true,\"valueName\":\"search_term_string\"}}],\"inLanguage\":\"es\"},{\"@type\":\"Organization\",\"@id\":\"https:\/\/www.sportingpedia.com\/es\/#organization\",\"name\":\"SportingPedia\",\"url\":\"https:\/\/www.sportingpedia.com\/es\/\",\"logo\":{\"@type\":\"ImageObject\",\"inLanguage\":\"es\",\"@id\":\"https:\/\/www.sportingpedia.com\/es\/#\/schema\/logo\/image\/\",\"url\":\"https:\/\/www.sportingpedia.com\/wp-content\/uploads\/2019\/10\/SportingPedia_logo.png\",\"contentUrl\":\"https:\/\/www.sportingpedia.com\/wp-content\/uploads\/2019\/10\/SportingPedia_logo.png\",\"width\":600,\"height\":101,\"caption\":\"SportingPedia\"},\"image\":{\"@id\":\"https:\/\/www.sportingpedia.com\/es\/#\/schema\/logo\/image\/\"}}]}<\/script>\n<!-- \/ Yoast SEO plugin. -->","yoast_head_json":{"title":"Apuestas Proposicionales de MMA - Consejos y Estrategias","description":"Las apuestas de proposici\u00f3n se refieren a aspectos de la pelea de MMA que no tienen nada que ver con qui\u00e9n gana el evento en particular. Predecir el m\u00e9todo de victoria o la ronda exacta en la que finalizar\u00e1 una pelea es una tarea bastante desafiante y, l\u00f3gicamente, la apuesta exitosa se recompensa con un pago rentable.","robots":{"index":"index","follow":"follow","max-snippet":"max-snippet:-1","max-image-preview":"max-image-preview:large","max-video-preview":"max-video-preview:-1"},"canonical":"https:\/\/www.sportingpedia.com\/es\/mma-betting\/mma-proposition-bets\/","og_locale":"es_ES","og_type":"article","og_title":"Apuestas Proposicionales de MMA - Consejos y Estrategias","og_description":"Las apuestas de proposici\u00f3n se refieren a aspectos de la pelea de MMA que no tienen nada que ver con qui\u00e9n gana el evento en particular. Predecir el m\u00e9todo de victoria o la ronda exacta en la que finalizar\u00e1 una pelea es una tarea bastante desafiante y, l\u00f3gicamente, la apuesta exitosa se recompensa con un pago rentable.","og_url":"https:\/\/www.sportingpedia.com\/es\/mma-betting\/mma-proposition-bets\/","og_site_name":"Sportingpedia - Latest Sports News From All Over the World","article_modified_time":"2025-11-26T07:11:45+00:00","twitter_card":"summary_large_image","twitter_misc":{"Tiempo de lectura":"9 minutos"},"schema":{"@context":"https:\/\/schema.org","@graph":[{"@type":"WebPage","@id":"https:\/\/www.sportingpedia.com\/es\/mma-betting\/mma-proposition-bets\/","url":"https:\/\/www.sportingpedia.com\/es\/mma-betting\/mma-proposition-bets\/","name":"Apuestas Proposicionales de MMA - Consejos y Estrategias","isPartOf":{"@id":"https:\/\/www.sportingpedia.com\/es\/#website"},"datePublished":"2025-04-10T07:59:57+00:00","dateModified":"2025-11-26T07:11:45+00:00","description":"Las apuestas de proposici\u00f3n se refieren a aspectos de la pelea de MMA que no tienen nada que ver con qui\u00e9n gana el evento en particular. Predecir el m\u00e9todo de victoria o la ronda exacta en la que finalizar\u00e1 una pelea es una tarea bastante desafiante y, l\u00f3gicamente, la apuesta exitosa se recompensa con un pago rentable.","breadcrumb":{"@id":"https:\/\/www.sportingpedia.com\/es\/mma-betting\/mma-proposition-bets\/#breadcrumb"},"inLanguage":"es","potentialAction":[{"@type":"ReadAction","target":["https:\/\/www.sportingpedia.com\/es\/mma-betting\/mma-proposition-bets\/"]}]},{"@type":"BreadcrumbList","@id":"https:\/\/www.sportingpedia.com\/es\/mma-betting\/mma-proposition-bets\/#breadcrumb","itemListElement":[{"@type":"ListItem","position":1,"name":"Inicio","item":"https:\/\/www.sportingpedia.com\/es\/home-2\/"},{"@type":"ListItem","position":2,"name":"Apuestas de MMA","item":"https:\/\/www.sportingpedia.com\/es\/mma-betting\/"},{"@type":"ListItem","position":3,"name":"Apuestas Proposici\u00f3n en MMA"}]},{"@type":"WebSite","@id":"https:\/\/www.sportingpedia.com\/es\/#website","url":"https:\/\/www.sportingpedia.com\/es\/","name":"Sportingpedia - Latest Sports News From All Over the World","description":"","publisher":{"@id":"https:\/\/www.sportingpedia.com\/es\/#organization"},"potentialAction":[{"@type":"SearchAction","target":{"@type":"EntryPoint","urlTemplate":"https:\/\/www.sportingpedia.com\/es\/?s={search_term_string}"},"query-input":{"@type":"PropertyValueSpecification","valueRequired":true,"valueName":"search_term_string"}}],"inLanguage":"es"},{"@type":"Organization","@id":"https:\/\/www.sportingpedia.com\/es\/#organization","name":"SportingPedia","url":"https:\/\/www.sportingpedia.com\/es\/","logo":{"@type":"ImageObject","inLanguage":"es","@id":"https:\/\/www.sportingpedia.com\/es\/#\/schema\/logo\/image\/","url":"https:\/\/www.sportingpedia.com\/wp-content\/uploads\/2019\/10\/SportingPedia_logo.png","contentUrl":"https:\/\/www.sportingpedia.com\/wp-content\/uploads\/2019\/10\/SportingPedia_logo.png","width":600,"height":101,"caption":"SportingPedia"},"image":{"@id":"https:\/\/www.sportingpedia.com\/es\/#\/schema\/logo\/image\/"}}]}},"_links":{"self":[{"href":"https:\/\/www.sportingpedia.com\/es\/wp-json\/wp\/v2\/pages\/118870","targetHints":{"allow":["GET"]}}],"collection":[{"href":"https:\/\/www.sportingpedia.com\/es\/wp-json\/wp\/v2\/pages"}],"about":[{"href":"https:\/\/www.sportingpedia.com\/es\/wp-json\/wp\/v2\/types\/page"}],"author":[{"embeddable":true,"href":"https:\/\/www.sportingpedia.com\/es\/wp-json\/wp\/v2\/users\/8"}],"replies":[{"embeddable":true,"href":"https:\/\/www.sportingpedia.com\/es\/wp-json\/wp\/v2\/comments?post=118870"}],"version-history":[{"count":3,"href":"https:\/\/www.sportingpedia.com\/es\/wp-json\/wp\/v2\/pages\/118870\/revisions"}],"predecessor-version":[{"id":147410,"href":"https:\/\/www.sportingpedia.com\/es\/wp-json\/wp\/v2\/pages\/118870\/revisions\/147410"}],"up":[{"embeddable":true,"href":"https:\/\/www.sportingpedia.com\/es\/wp-json\/wp\/v2\/pages\/118696"}],"wp:attachment":[{"href":"https:\/\/www.sportingpedia.com\/es\/wp-json\/wp\/v2\/media?parent=118870"}],"curies":[{"name":"wp","href":"https:\/\/api.w.org\/{rel}","templated":true}]}}