{"id":118871,"date":"2025-04-10T07:59:58","date_gmt":"2025-04-10T07:59:58","guid":{"rendered":"https:\/\/www.sportingpedia.com\/?page_id=118871"},"modified":"2025-11-26T07:14:21","modified_gmt":"2025-11-26T07:14:21","slug":"ufc-event-formats","status":"publish","type":"page","link":"https:\/\/www.sportingpedia.com\/es\/mma-betting\/ufc-event-formats\/","title":{"rendered":"Formatos de Eventos de la UFC"},"content":{"rendered":"<p><img decoding=\"async\" src=\"\/wp-content\/uploads\/2021\/01\/betting-sites-countries_sporting-events-coverage.svg\" alt=\"Eventos de MMA\" width=\"300\" class=\"alignleft\" \/>El Ultimate Fighting Championship (UFC) es el mayor promotor de MMA del mundo, sin competidores reales, al menos en t\u00e9rminos de ingresos obtenidos. Una parte significativa de los peleadores mejor clasificados ha firmado contratos espec\u00edficamente con el UFC para estar en el centro de atenci\u00f3n y disfrutar de remuneraciones impresionantes. El ejemplo perfecto en este sentido es <strong>Conor McGregor, quien encabez\u00f3 la clasificaci\u00f3n de atletas mejor pagados de 2021<\/strong> por delante de nombres como Lionel Messi, Cristiano Ronaldo y LeBron James.<\/p>\n\n<p>El Ultimate Fighting Championship tiene su sede en EE. UU. y se rige por las Reglas Unificadas de las Artes Marciales Mixtas. La promoci\u00f3n organiza eventos de lucha en todo el mundo que atraen a millones de espectadores y a un n\u00famero creciente de apostadores en l\u00ednea. Las reglas y los formatos de los eventos han evolucionado a lo largo de los a\u00f1os y, actualmente, el <strong>UFC lleva a cabo dos tipos de espect\u00e1culos de lucha<\/strong>: eventos numerados del UFC y Noches de Pelea del UFC. Los primeros presentan solo combates de alto perfil, incluidas peleas de campeonato transmitidas en un formato de pago por evento. Las Noches de Pelea del UFC, por otro lado, se pueden ver tras pagar una tarifa mensual a trav\u00e9s de la red ESPN+, que cubre batallas entre luchadores de menor rango.<\/p>\n<p>Ahora, echemos un vistazo m\u00e1s de cerca a los dos formatos de eventos del UFC con sus <strong>aspectos positivos y diferencias caracter\u00edsticas<\/strong>.<\/p>\n<ol class=\"bookies-grid\">\r\n\t<li>\r\n\t\t<a rel=\"nofollow\" target=\"_blank\" href=\"\/out\/mybookie?au&#x3D;138&amp;bp&#x3D;1\"<\/a>\r\n\t\t\t<figure>\r\n\t\t\t  \t<img decoding=\"async\" src=\"https:\/\/www.sportingpedia.com\/wp-content\/uploads\/logos\/lg-mybookie-logo.jpg\" width=\"110\" height=\"55\">\r\n\t\t\t<\/figure>\r\n\r\n\t\t\t<div>\r\n\t\t\t  \t<span class=\"bookie-name\">MyBookie<\/span>\r\n\r\n\t\t\t  \t<span class=\"bookie-rating\">Rating: 4.9 <b>&starf;<\/b><\/span>\r\n\t\t\t<\/div>\r\n\t\t<\/a>\r\n\t<\/li>\r\n\t<li>\r\n\t\t<a rel=\"nofollow\" target=\"_blank\" href=\"\/out\/bovada?au&#x3D;138&amp;bp&#x3D;2\"<\/a>\r\n\t\t\t<figure>\r\n\t\t\t  \t<img decoding=\"async\" src=\"https:\/\/www.sportingpedia.com\/wp-content\/uploads\/logos\/lg-bovada-logo.jpg\" width=\"110\" height=\"55\">\r\n\t\t\t<\/figure>\r\n\r\n\t\t\t<div>\r\n\t\t\t  \t<span class=\"bookie-name\">Bovada<\/span>\r\n\r\n\t\t\t  \t<span class=\"bookie-rating\">Rating: 4.8 <b>&starf;<\/b><\/span>\r\n\t\t\t<\/div>\r\n\t\t<\/a>\r\n\t<\/li>\r\n\t<li>\r\n\t\t<a rel=\"nofollow\" target=\"_blank\" href=\"\/out\/xbet?au&#x3D;138&amp;bp&#x3D;3\"<\/a>\r\n\t\t\t<figure>\r\n\t\t\t  \t<img decoding=\"async\" src=\"https:\/\/www.sportingpedia.com\/wp-content\/uploads\/logos\/lg-xbet-logo.jpg\" width=\"110\" height=\"55\">\r\n\t\t\t<\/figure>\r\n\r\n\t\t\t<div>\r\n\t\t\t  \t<span class=\"bookie-name\">XBet<\/span>\r\n\r\n\t\t\t  \t<span class=\"bookie-rating\">Rating: 4.7 <b>&starf;<\/b><\/span>\r\n\t\t\t<\/div>\r\n\t\t<\/a>\r\n\t<\/li>\r\n\t<li>\r\n\t\t<a rel=\"nofollow\" target=\"_blank\" href=\"\/out\/intertops?au&#x3D;138&amp;bp&#x3D;4\"<\/a>\r\n\t\t\t<figure>\r\n\t\t\t  \t<img decoding=\"async\" src=\"https:\/\/www.sportingpedia.com\/wp-content\/uploads\/logos\/lg-everygame-logo.webp\" width=\"110\" height=\"55\">\r\n\t\t\t<\/figure>\r\n\r\n\t\t\t<div>\r\n\t\t\t  \t<span class=\"bookie-name\">Everygame<\/span>\r\n\r\n\t\t\t  \t<span class=\"bookie-rating\">Rating: 4.6 <b>&starf;<\/b><\/span>\r\n\t\t\t<\/div>\r\n\t\t<\/a>\r\n\t<\/li>\r\n\t<li>\r\n\t\t<a rel=\"nofollow\" target=\"_blank\" href=\"\/out\/betusr?au&#x3D;138&amp;bp&#x3D;5\"<\/a>\r\n\t\t\t<figure>\r\n\t\t\t  \t<img decoding=\"async\" src=\"https:\/\/www.sportingpedia.com\/wp-content\/uploads\/logos\/lg-betusr-logo.jpg\" width=\"110\" height=\"55\">\r\n\t\t\t<\/figure>\r\n\r\n\t\t\t<div>\r\n\t\t\t  \t<span class=\"bookie-name\">BetUSR<\/span>\r\n\r\n\t\t\t  \t<span class=\"bookie-rating\">Rating: 4.5 <b>&starf;<\/b><\/span>\r\n\t\t\t<\/div>\r\n\t\t<\/a>\r\n\t<\/li>\r\n\t<li>\r\n\t\t<a rel=\"nofollow\" target=\"_blank\" href=\"\/out\/vave?au&#x3D;138&amp;bp&#x3D;6\"<\/a>\r\n\t\t\t<figure>\r\n\t\t\t  \t<img decoding=\"async\" src=\"https:\/\/www.sportingpedia.com\/wp-content\/uploads\/logos\/lg-vave-logo.webp\" width=\"110\" height=\"55\">\r\n\t\t\t<\/figure>\r\n\r\n\t\t\t<div>\r\n\t\t\t  \t<span class=\"bookie-name\">Vave<\/span>\r\n\r\n\t\t\t  \t<span class=\"bookie-rating\">Rating: 4.4 <b>&starf;<\/b><\/span>\r\n\t\t\t<\/div>\r\n\t\t<\/a>\r\n\t<\/li>\r\n<\/ol><script>\n  setTimeout(function(){\n    if(!document.getElementById('JasHAAffsaMosaAdsANa2i')) {\n      jQuery('a[target=\"_blank\"]').removeAttr('target');\n    }\n  }, 1000);\n<\/script>\n\n<h2 id=\"ppv\">Eventos numerados de UFC (PPV)<\/h2>\n<p><img decoding=\"async\" src=\"\/wp-content\/uploads\/2021\/02\/mma-betting_intro.svg\" alt=\"Eventos Numerados de UFC (PPV)\" width=\"300\" height=\"150\" class=\"alignleft size-full\" \/>Para ver lo que se denomina eventos numerados de UFC, debes pagar una tarifa \u00fanica adem\u00e1s de tu servicio de suscripci\u00f3n habitual, de cable digital o del servicio que utilices. El <strong>servicio PPV<\/strong> se usa para transmitir eventos que generan gran inter\u00e9s entre los espectadores, tales como combates de boxeo profesional, peleas de UFC, lucha libre profesional, conciertos y m\u00e1s. La mayor\u00eda de los eventos PPV de UFC tienen lugar en los <a href=\"https:\/\/www.sportingpedia.com\/betting-sites\/us\/\">Estados Unidos<\/a>, con algunas excepciones, generalmente en el pa\u00eds de origen del campe\u00f3n o del retador.<\/p>\n<p>Es casi tradici\u00f3n que <strong>los eventos numerados de UFC est\u00e9n encabezados por una pelea por el campeonato<\/strong>; a veces se incluyen dos en la misma cartelera. Hasta la fecha, solo cinco eventos PPV de UFC han incluido tres peleas por el campeonato:<\/p>\n<table class=\"previewTable\">\n<tr>\n<td><strong>UFC 33<\/strong><\/td>\n<td>\n<ul>\n<li>1. Tito Ortiz vs. Vladimir Matyushenko<\/li>\n<li>2. Dave Menne vs. Gil Castillo<\/li>\n<li>3. Jens Pulver vs. Dennis Hallman<\/li>\n<\/ul>\n<\/td>\n<td>\n<ul>\n<li>1. Campeonato de Peso Semipesado de UFC<\/li>\n<li>2. Campeonato de Peso Medio de UFC<\/li>\n<li>3. Campeonato de Peso Ligero de UFC<\/li>\n<\/ul>\n<\/td>\n<\/tr>\n<tr>\n<td><strong>UFC 205<\/strong><\/td>\n<td>\n<ul>\n<li>1. Eddie \u00c1lvarez vs. Conor McGregor<\/li>\n<li>2. Tyron Woodley vs. Stephen Thompson<\/li>\n<li>3. Karolina Kowalkiewicz vs. Joanna J\u0119drzejczyk<\/li>\n<\/ul>\n<\/td>\n<td>\n<ul>\n<li>1. Campeonato de Peso Ligero de UFC<\/li>\n<li>2. Campeonato de Peso W\u00e9lter de UFC<\/li>\n<li>3. Campeonato de Peso Paja Femenino de UFC<\/li>\n<\/ul>\n<\/td>\n<\/tr>\n<tr>\n<td><strong>UFC 217<\/strong><\/td>\n<td>\n<ul>\n<li>1. Georges St-Pierre vs. Michael Bisping<\/li>\n<li>2. T.J. Dillashaw vs. Cody Garbrandt<\/li>\n<li>3. Rose Namajunas vs. Joanna J\u0119drzejczyk<\/li>\n<\/ul>\n<\/td>\n<td>\n<ul>\n<li>1. Campeonato de Peso Medio de UFC<\/li>\n<li>2. Campeonato de Peso Gallo de UFC<\/li>\n<li>3. Campeonato de Peso Paja Femenino de UFC<\/li>\n<\/ul>\n<\/td>\n<\/tr>\n<tr>\n<td><strong>UFC 245<\/strong><\/td>\n<td>\n<ul>\n<li>1. Kamaru Usman vs. Colby Covington<\/li>\n<li>2. Alexander Volkanovski vs. Max Holloway<\/li>\n<li>3. Amanda Nunes vs. Germaine de Randamie<\/li>\n<\/ul>\n<\/td>\n<td>\n<ul>\n<li>1. Campeonato de Peso W\u00e9lter de UFC<\/li>\n<li>2. Campeonato de Peso Pluma de UFC<\/li>\n<li>3. Campeonato de Peso Gallo Femenino de UFC<\/li>\n<\/ul>\n<\/td>\n<\/tr>\n<tr>\n<td><strong>UFC 251<\/strong><\/td>\n<td>\n<ul>\n<li>1. Kamaru Usman vs. Jorge Masvidal<\/li>\n<li>2. Alexander Volkanovski vs. Max Holloway<\/li>\n<li>3. Petr Yan vs. Jos\u00e9 Aldo<\/li>\n<\/ul>\n<\/td>\n<td>\n<ul>\n<li>1. Campeonato de Peso W\u00e9lter de UFC<\/li>\n<li>2. Campeonato de Peso Pluma de UFC<\/li>\n<li>3. Campeonato de Peso Gallo<\/li>\n<\/ul>\n<\/td>\n<\/tr>\n<\/table>\n<p><strong>El evento de MMA m\u00e1s taquillero de todos los tiempos es UFC 229, con ingresos totales por encima de 120\u202f$ millones<\/strong>. No sorprender\u00e1 a nadie con un conocimiento m\u00ednimo de artes marciales mixtas que uno de los participantes en la pelea principal fuera Conor McGregor, una figura que ha mostrado al mundo lo lucrativo que puede ser el MMA. Su rival en 2018 fue Khabib Nurmagomedov, el campe\u00f3n de peso ligero de UFC con el reinado m\u00e1s largo. La tan esperada pelea la gan\u00f3 Khabib por sumisi\u00f3n, mediante un estrangulamiento.<\/p>\n<p>A lo largo de los a\u00f1os, los eventos de UFC han sido transmitidos por varias compa\u00f1\u00edas, incluidas ABC, Fox, Fuel TV, Spike, Versus y otras. Sin embargo, en 2019 el Ultimate Fighting Championship anunci\u00f3 que, como parte de su contrato principal con ESPN, todos los combates PPV posteriores se vender\u00edan solo a los usuarios registrados del <strong>servicio de streaming ESPN+<\/strong> de la cadena. Dicho acuerdo cubre el mercado medi\u00e1tico de EE. UU.<\/p>\n<h2 id=\"pass\">UFC Fight Pass<\/h2>\n<p><img decoding=\"async\" src=\"\/wp-content\/uploads\/2020\/12\/summary.svg\" alt=\"UFC Fight Pass\" width=\"300\" height=\"150\" class=\"alignleft size-full\" \/>La magnitud de las actividades del UFC queda patente en el hecho de que la promoci\u00f3n cuenta con su propio servicio de transmisi\u00f3n por suscripci\u00f3n, <strong>UFC Fight Pass<\/strong>. Al momento de escribir estas l\u00edneas, las tarifas de suscripci\u00f3n son de 9,99\u202f$ al mes y de 95,99\u202f$ al a\u00f1o. Quienes se suscriben obtienen acceso a m\u00faltiples eventos de UFC, a la Biblioteca de Luchas de UFC, a eventos en vivo de artes marciales y a algunas series y programas exclusivos de peleas. Cabe destacar que los eventos PPV aparecen en el servicio al menos un mes despu\u00e9s de su transmisi\u00f3n en vivo original.<\/p>\n<p>UFC Fight Pass es una opci\u00f3n excelente para los entusiastas ac\u00e9rrimos de las MMA, ya que ofrece una gran cantidad de contenido hist\u00f3rico a un precio razonable. La biblioteca comprende miles de eventos pasados, no solo de UFC sino tambi\u00e9n de PRIDE FC, WEC, Strikeforce, Affliction, Invicta FC, King of the Cage, etc\u00e9tera. Los usuarios tambi\u00e9n pueden ver programas detr\u00e1s de c\u00e1maras, documentales, reportajes y otros. En cuanto a los eventos PPV de UFC, <strong>solo los preliminares iniciales est\u00e1n disponibles en transmisi\u00f3n en vivo<\/strong>.<\/p>\n<h2 id=\"nights\">UFC Fight Nights<\/h2>\n<p><img decoding=\"async\" src=\"\/wp-content\/uploads\/2021\/02\/mma-betting_method-of-victory.svg\" alt=\"UFC Fight Nights\" width=\"300\" class=\"alignleft\" \/>A pesar de la atracci\u00f3n de los eventos numerados del UFC, con el tiempo se comprob\u00f3 que no eran suficientes para satisfacer el inter\u00e9s incesante de los fan\u00e1ticos de MMA y de los aficionados a las apuestas deportivas. Adem\u00e1s, aparte de las estrellas de primer nivel, hab\u00eda muchos otros peleadores buscando su lugar al sol, necesitados de una plataforma para actuar y de una oportunidad para ser notados. Por ello, y debido a los beneficios econ\u00f3micos resultantes, <strong>el Ultimate Fighting Championship empez\u00f3 a celebrar UFC Fight Nights en 2005<\/strong>. Estos fueron los primeros eventos de lucha que no se inclu\u00edan en el sistema PPV.<\/p>\n<p>Aunque las UFC Fight Nights se consideran la parte de menor categor\u00eda del Ultimate Fighting Championship, no deben menospreciarse, porque a menudo ofrecen <strong>batallas emocionantes entre peleadores muy talentosos, aunque no tan famosos<\/strong>. Las Fight Nights se han consolidado como eventos fundamentales para construir el nombre de un peleador, tanto ante los fan\u00e1ticos como ante la directiva de la compa\u00f1\u00eda promotora. Participar en ellas brinda a los luchadores inexpertos tiempo para ganar confianza. El equipo de mercadotecnia del UFC monitorea c\u00f3mo percibe la audiencia la personalidad de los combatientes y, en el momento adecuado, elige a quienes encajar\u00e1n en un espect\u00e1culo PPV.<\/p>\n<p>Inicialmente, las UFC Fight Nights fueron transmitidas por Spike; luego pasaron por FX y Fox Sports antes de llegar a ESPN como parte del gran acuerdo mencionado anteriormente. A los ojos de muchos fan\u00e1ticos de MMA, <strong>las Fight Nights se asemejan a un reality show que impulsa la carrera de las futuras superestrellas del UFC<\/strong>. Y como todos sabemos, los reality shows despiertan gran inter\u00e9s en todo el mundo, y las UFC Fight Nights no son la excepci\u00f3n.<\/p>\n<h2 id=\"final\">C\u00f3mo se pagan los luchadores de la UFC<\/h2>\n<p><img decoding=\"async\" src=\"\/wp-content\/uploads\/2021\/02\/betting-sites-payment-methods_depositing-from-balance.svg\" alt=\"C\u00f3mo se Pagan los Luchadores de la UFC\" width=\"300\" height=\"150\" class=\"alignleft size-full\" \/>Los luchadores de primer nivel del UFC muestran un nivel de vida bastante alto y eso inevitablemente despierta la curiosidad de sus fan\u00e1ticos. Lo que todos creen saber es que por cada combate en el Ultimate Fighting Championship los luchadores ganan miles de d\u00f3lares. Sin embargo, es dif\u00edcil encontrar un atleta de \u00e9lite en el mundo que viva \u00fanicamente de la <strong>remuneraci\u00f3n oficial de los eventos deportivos<\/strong>. No podemos dejar de notar que los luchadores del UFC son particularmente reacios a compartir informaci\u00f3n sobre sus contratos y condiciones de pago exactas.<\/p>\n<p>El punto de partida es el contrato de cada luchador, que determina un monto fijo por pelea para un cierto n\u00famero de combates durante un per\u00edodo espec\u00edfico. En el pasado, esta era la principal fuente de ingresos, pero las cosas han cambiado dr\u00e1sticamente en la \u00faltima d\u00e9cada.<\/p>\n<p>Hoy en d\u00eda, en lo referente a los combates del UFC, los luchadores pueden beneficiarse de varios bonos lucrativos (UFC Bonus Awards). El bono de <strong>Pelea de la Noche<\/strong> se otorga a los dos luchadores que hayan protagonizado la batalla m\u00e1s atractiva de la cartelera. No existen criterios fijos; los ganadores se determinan de forma informal y se anuncian durante la conferencia de prensa posterior al evento. El 26 de marzo de 2022, la UFC celebr\u00f3 su primer evento completo pospandemia, y tanto Matt Brown como Bryan Barberena ganaron un bono de 50.000\u202f$ por el espectacular combate que deleit\u00f3 al p\u00fablico \u00e1vido de acci\u00f3n. El bono de <strong>Actuaci\u00f3n de la Noche<\/strong> se introdujo en 2014 para reemplazar los premios Knockout of the Night y Submission of the Night. El monto del bono, nuevamente, es de 50.000\u202f$.<\/p>\n<p>Los luchadores de primer nivel cuentan con enormes bases de seguidores en las redes sociales, lo que los hace especialmente atractivos para una amplia variedad de marcas que les ofrecen contratos publicitarios tentadores. Algunos peleadores tienen tanto \u00e9xito en este aspecto que sus <strong>ingresos fuera del oct\u00e1gono superan con creces las sumas que reciben de sus sueldos regulares<\/strong>. Cuanto mayor es la popularidad del combatiente, mayores se vuelven estas cifras, y muy a menudo los t\u00edtulos ganados el a\u00f1o anterior importan poco. \u00bfPensaste que McGregor no volver\u00eda a aparecer en nuestro art\u00edculo sobre apuestas del UFC? Su astucia para los negocios lo coloc\u00f3 a la cabeza en dinero ganado durante 2021, aunque perdi\u00f3 contra Dustin Poirier dos veces: el 24 de enero (UFC 257) y el 11 de julio (UFC 264).<\/p>\n<h2 id=\"conclusion\">Palabras finales<\/h2>\n<p><img decoding=\"async\" src=\"\/wp-content\/uploads\/2022\/01\/conclusion.svg\" alt=\"conclusi\u00f3n\" width=\"300\" height=\"150\" class=\"alignleft size-full\" \/>Tanto los eventos numerados del UFC como las UFC Fight Nights ofrecen a los apostadores en l\u00ednea <strong>una variedad de mercados de apuestas<\/strong>. Las apuestas se realizan con m\u00e1s frecuencia en las Fight Nights de menor rango simplemente debido a su mayor periodicidad, aproximadamente una vez por semana. Las peleas por el campeonato, por otro lado, se celebran generalmente no menos de una vez al mes. Mant\u00e9n el dedo en el pulso del calendario de MMA, ya que las pr\u00f3ximas temporadas prometen ser m\u00e1s emocionantes que nunca, con nuevas propuestas del Ultimate Fighting Championship y de otras empresas promotoras. Si quieres asegurarte de conocer <a href=\"https:\/\/www.sportingpedia.com\/es\/mma-betting\/\">todos los tipos de apuestas de MMA<\/a>, contin\u00faa con el siguiente art\u00edculo de nuestra gu\u00eda.<\/p>\n","protected":false},"excerpt":{"rendered":"<p>El Ultimate Fighting Championship (UFC) es el mayor promotor de MMA del mundo, sin competidores reales, al menos en t\u00e9rminos de ingresos obtenidos. Una parte significativa de los peleadores mejor clasificados ha firmado contratos espec\u00edficamente con el UFC para estar en el centro de atenci\u00f3n y disfrutar de remuneraciones impresionantes. El ejemplo perfecto en este [&hellip;]<\/p>\n","protected":false},"author":8,"featured_media":0,"parent":118696,"menu_order":300,"comment_status":"closed","ping_status":"closed","template":"template-guide-page.php","meta":{"footnotes":""},"class_list":["post-118871","page","type-page","status-publish","hentry"],"yoast_head":"<!-- This site is optimized with the Yoast SEO plugin v26.6 - https:\/\/yoast.com\/wordpress\/plugins\/seo\/ -->\n<title>Formatos de Eventos de UFC - Eventos Numerados de UFC (PPV), Fight Pass, y Fight Nights<\/title>\n<meta name=\"description\" content=\"El Ultimate Fighting Championship tiene su base en EE. UU. y sigue las Reglas Unificadas de las Artes Marciales Mixtas. Organizan eventos de lucha en todo el mundo que atraen a millones de espectadores y un n\u00famero cada vez mayor de apostadores en l\u00ednea.\" \/>\n<meta name=\"robots\" content=\"index, follow, max-snippet:-1, max-image-preview:large, max-video-preview:-1\" \/>\n<link rel=\"canonical\" href=\"https:\/\/www.sportingpedia.com\/es\/mma-betting\/ufc-event-formats\/\" \/>\n<meta property=\"og:locale\" content=\"es_ES\" \/>\n<meta property=\"og:type\" content=\"article\" \/>\n<meta property=\"og:title\" content=\"Formatos de Eventos de UFC - Eventos Numerados de UFC (PPV), Fight Pass, y Fight Nights\" \/>\n<meta property=\"og:description\" content=\"El Ultimate Fighting Championship tiene su base en EE. UU. y sigue las Reglas Unificadas de las Artes Marciales Mixtas. Organizan eventos de lucha en todo el mundo que atraen a millones de espectadores y un n\u00famero cada vez mayor de apostadores en l\u00ednea.\" \/>\n<meta property=\"og:url\" content=\"https:\/\/www.sportingpedia.com\/es\/mma-betting\/ufc-event-formats\/\" \/>\n<meta property=\"og:site_name\" content=\"Sportingpedia - Latest Sports News From All Over the World\" \/>\n<meta property=\"article:modified_time\" content=\"2025-11-26T07:14:21+00:00\" \/>\n<meta name=\"twitter:card\" content=\"summary_large_image\" \/>\n<meta name=\"twitter:label1\" content=\"Tiempo de lectura\" \/>\n\t<meta name=\"twitter:data1\" content=\"10 minutos\" \/>\n<script type=\"application\/ld+json\" class=\"yoast-schema-graph\">{\"@context\":\"https:\/\/schema.org\",\"@graph\":[{\"@type\":\"WebPage\",\"@id\":\"https:\/\/www.sportingpedia.com\/es\/mma-betting\/ufc-event-formats\/\",\"url\":\"https:\/\/www.sportingpedia.com\/es\/mma-betting\/ufc-event-formats\/\",\"name\":\"Formatos de Eventos de UFC - Eventos Numerados de UFC (PPV), Fight Pass, y Fight Nights\",\"isPartOf\":{\"@id\":\"https:\/\/www.sportingpedia.com\/es\/#website\"},\"datePublished\":\"2025-04-10T07:59:58+00:00\",\"dateModified\":\"2025-11-26T07:14:21+00:00\",\"description\":\"El Ultimate Fighting Championship tiene su base en EE. UU. y sigue las Reglas Unificadas de las Artes Marciales Mixtas. Organizan eventos de lucha en todo el mundo que atraen a millones de espectadores y un n\u00famero cada vez mayor de apostadores en l\u00ednea.\",\"breadcrumb\":{\"@id\":\"https:\/\/www.sportingpedia.com\/es\/mma-betting\/ufc-event-formats\/#breadcrumb\"},\"inLanguage\":\"es\",\"potentialAction\":[{\"@type\":\"ReadAction\",\"target\":[\"https:\/\/www.sportingpedia.com\/es\/mma-betting\/ufc-event-formats\/\"]}]},{\"@type\":\"BreadcrumbList\",\"@id\":\"https:\/\/www.sportingpedia.com\/es\/mma-betting\/ufc-event-formats\/#breadcrumb\",\"itemListElement\":[{\"@type\":\"ListItem\",\"position\":1,\"name\":\"Inicio\",\"item\":\"https:\/\/www.sportingpedia.com\/es\/home-2\/\"},{\"@type\":\"ListItem\",\"position\":2,\"name\":\"Apuestas de MMA\",\"item\":\"https:\/\/www.sportingpedia.com\/es\/mma-betting\/\"},{\"@type\":\"ListItem\",\"position\":3,\"name\":\"Formatos de Eventos de la UFC\"}]},{\"@type\":\"WebSite\",\"@id\":\"https:\/\/www.sportingpedia.com\/es\/#website\",\"url\":\"https:\/\/www.sportingpedia.com\/es\/\",\"name\":\"Sportingpedia - Latest Sports News From All Over the World\",\"description\":\"\",\"publisher\":{\"@id\":\"https:\/\/www.sportingpedia.com\/es\/#organization\"},\"potentialAction\":[{\"@type\":\"SearchAction\",\"target\":{\"@type\":\"EntryPoint\",\"urlTemplate\":\"https:\/\/www.sportingpedia.com\/es\/?s={search_term_string}\"},\"query-input\":{\"@type\":\"PropertyValueSpecification\",\"valueRequired\":true,\"valueName\":\"search_term_string\"}}],\"inLanguage\":\"es\"},{\"@type\":\"Organization\",\"@id\":\"https:\/\/www.sportingpedia.com\/es\/#organization\",\"name\":\"SportingPedia\",\"url\":\"https:\/\/www.sportingpedia.com\/es\/\",\"logo\":{\"@type\":\"ImageObject\",\"inLanguage\":\"es\",\"@id\":\"https:\/\/www.sportingpedia.com\/es\/#\/schema\/logo\/image\/\",\"url\":\"https:\/\/www.sportingpedia.com\/wp-content\/uploads\/2019\/10\/SportingPedia_logo.png\",\"contentUrl\":\"https:\/\/www.sportingpedia.com\/wp-content\/uploads\/2019\/10\/SportingPedia_logo.png\",\"width\":600,\"height\":101,\"caption\":\"SportingPedia\"},\"image\":{\"@id\":\"https:\/\/www.sportingpedia.com\/es\/#\/schema\/logo\/image\/\"}}]}<\/script>\n<!-- \/ Yoast SEO plugin. -->","yoast_head_json":{"title":"Formatos de Eventos de UFC - Eventos Numerados de UFC (PPV), Fight Pass, y Fight Nights","description":"El Ultimate Fighting Championship tiene su base en EE. UU. y sigue las Reglas Unificadas de las Artes Marciales Mixtas. Organizan eventos de lucha en todo el mundo que atraen a millones de espectadores y un n\u00famero cada vez mayor de apostadores en l\u00ednea.","robots":{"index":"index","follow":"follow","max-snippet":"max-snippet:-1","max-image-preview":"max-image-preview:large","max-video-preview":"max-video-preview:-1"},"canonical":"https:\/\/www.sportingpedia.com\/es\/mma-betting\/ufc-event-formats\/","og_locale":"es_ES","og_type":"article","og_title":"Formatos de Eventos de UFC - Eventos Numerados de UFC (PPV), Fight Pass, y Fight Nights","og_description":"El Ultimate Fighting Championship tiene su base en EE. UU. y sigue las Reglas Unificadas de las Artes Marciales Mixtas. Organizan eventos de lucha en todo el mundo que atraen a millones de espectadores y un n\u00famero cada vez mayor de apostadores en l\u00ednea.","og_url":"https:\/\/www.sportingpedia.com\/es\/mma-betting\/ufc-event-formats\/","og_site_name":"Sportingpedia - Latest Sports News From All Over the World","article_modified_time":"2025-11-26T07:14:21+00:00","twitter_card":"summary_large_image","twitter_misc":{"Tiempo de lectura":"10 minutos"},"schema":{"@context":"https:\/\/schema.org","@graph":[{"@type":"WebPage","@id":"https:\/\/www.sportingpedia.com\/es\/mma-betting\/ufc-event-formats\/","url":"https:\/\/www.sportingpedia.com\/es\/mma-betting\/ufc-event-formats\/","name":"Formatos de Eventos de UFC - Eventos Numerados de UFC (PPV), Fight Pass, y Fight Nights","isPartOf":{"@id":"https:\/\/www.sportingpedia.com\/es\/#website"},"datePublished":"2025-04-10T07:59:58+00:00","dateModified":"2025-11-26T07:14:21+00:00","description":"El Ultimate Fighting Championship tiene su base en EE. UU. y sigue las Reglas Unificadas de las Artes Marciales Mixtas. Organizan eventos de lucha en todo el mundo que atraen a millones de espectadores y un n\u00famero cada vez mayor de apostadores en l\u00ednea.","breadcrumb":{"@id":"https:\/\/www.sportingpedia.com\/es\/mma-betting\/ufc-event-formats\/#breadcrumb"},"inLanguage":"es","potentialAction":[{"@type":"ReadAction","target":["https:\/\/www.sportingpedia.com\/es\/mma-betting\/ufc-event-formats\/"]}]},{"@type":"BreadcrumbList","@id":"https:\/\/www.sportingpedia.com\/es\/mma-betting\/ufc-event-formats\/#breadcrumb","itemListElement":[{"@type":"ListItem","position":1,"name":"Inicio","item":"https:\/\/www.sportingpedia.com\/es\/home-2\/"},{"@type":"ListItem","position":2,"name":"Apuestas de MMA","item":"https:\/\/www.sportingpedia.com\/es\/mma-betting\/"},{"@type":"ListItem","position":3,"name":"Formatos de Eventos de la UFC"}]},{"@type":"WebSite","@id":"https:\/\/www.sportingpedia.com\/es\/#website","url":"https:\/\/www.sportingpedia.com\/es\/","name":"Sportingpedia - Latest Sports News From All Over the World","description":"","publisher":{"@id":"https:\/\/www.sportingpedia.com\/es\/#organization"},"potentialAction":[{"@type":"SearchAction","target":{"@type":"EntryPoint","urlTemplate":"https:\/\/www.sportingpedia.com\/es\/?s={search_term_string}"},"query-input":{"@type":"PropertyValueSpecification","valueRequired":true,"valueName":"search_term_string"}}],"inLanguage":"es"},{"@type":"Organization","@id":"https:\/\/www.sportingpedia.com\/es\/#organization","name":"SportingPedia","url":"https:\/\/www.sportingpedia.com\/es\/","logo":{"@type":"ImageObject","inLanguage":"es","@id":"https:\/\/www.sportingpedia.com\/es\/#\/schema\/logo\/image\/","url":"https:\/\/www.sportingpedia.com\/wp-content\/uploads\/2019\/10\/SportingPedia_logo.png","contentUrl":"https:\/\/www.sportingpedia.com\/wp-content\/uploads\/2019\/10\/SportingPedia_logo.png","width":600,"height":101,"caption":"SportingPedia"},"image":{"@id":"https:\/\/www.sportingpedia.com\/es\/#\/schema\/logo\/image\/"}}]}},"_links":{"self":[{"href":"https:\/\/www.sportingpedia.com\/es\/wp-json\/wp\/v2\/pages\/118871","targetHints":{"allow":["GET"]}}],"collection":[{"href":"https:\/\/www.sportingpedia.com\/es\/wp-json\/wp\/v2\/pages"}],"about":[{"href":"https:\/\/www.sportingpedia.com\/es\/wp-json\/wp\/v2\/types\/page"}],"author":[{"embeddable":true,"href":"https:\/\/www.sportingpedia.com\/es\/wp-json\/wp\/v2\/users\/8"}],"replies":[{"embeddable":true,"href":"https:\/\/www.sportingpedia.com\/es\/wp-json\/wp\/v2\/comments?post=118871"}],"version-history":[{"count":3,"href":"https:\/\/www.sportingpedia.com\/es\/wp-json\/wp\/v2\/pages\/118871\/revisions"}],"predecessor-version":[{"id":147411,"href":"https:\/\/www.sportingpedia.com\/es\/wp-json\/wp\/v2\/pages\/118871\/revisions\/147411"}],"up":[{"embeddable":true,"href":"https:\/\/www.sportingpedia.com\/es\/wp-json\/wp\/v2\/pages\/118696"}],"wp:attachment":[{"href":"https:\/\/www.sportingpedia.com\/es\/wp-json\/wp\/v2\/media?parent=118871"}],"curies":[{"name":"wp","href":"https:\/\/api.w.org\/{rel}","templated":true}]}}