{"id":118907,"date":"2025-04-10T08:00:15","date_gmt":"2025-04-10T08:00:15","guid":{"rendered":"https:\/\/www.sportingpedia.com\/?page_id=118907"},"modified":"2025-11-24T08:47:38","modified_gmt":"2025-11-24T08:47:38","slug":"casino-deposit","status":"publish","type":"page","link":"https:\/\/www.sportingpedia.com\/es\/casino-deposit\/","title":{"rendered":"M\u00e9todos de Dep\u00f3sito en el Casino"},"content":{"rendered":"<p>\u00bfTe preguntas qu\u00e9 soluci\u00f3n de pago utilizar en tu sitio de apuestas favorito? Si es as\u00ed, SportingPedia est\u00e1 aqu\u00ed para ayudarte a tomar la decisi\u00f3n correcta. La gran cantidad de m\u00e9todos bancarios que ofrecen los operadores de juegos de azar en l\u00ednea puede resultar abrumadora, por decir lo menos. <\/p>\n<p>\u00a1Pero no te preocupes! Te ayudamos con art\u00edculos completos sobre las soluciones de pago m\u00e1s extendidas que los jugadores pueden utilizar para mover fondos hacia y desde sus cuentas de casino en l\u00ednea. Cada art\u00edculo presenta una lista de los mejores casinos en l\u00ednea donde puedes realizar transacciones con el m\u00e9todo correspondiente, lo que te permitir\u00e1 tomar la decisi\u00f3n correcta sin perder tiempo investigando.<\/p>\n<div class=\"grid-fixed-thumbnails\">    <div class=\"row\">\n            <a class=\"col-12 col-sm-6 col-md-4 child-page-thumbnail-wrapper\" href=\"https:\/\/www.sportingpedia.com\/es\/casino-deposit\/apple-pay-online-casinos\/\">\n            <div class=\"col-12 text-center child-page-thumbnail\">\n                <img decoding=\"async\" src=\"https:\/\/www.sportingpedia.com\/wp-content\/uploads\/2023\/01\/apple-pay.webp\" \/>\n                Mejores Casinos con Apple Pay            <\/div>\n        <\/a>\n                    <a class=\"col-12 col-sm-6 col-md-4 child-page-thumbnail-wrapper\" href=\"https:\/\/www.sportingpedia.com\/es\/casino-deposit\/astropay-online-casinos\/\">\n            <div class=\"col-12 text-center child-page-thumbnail\">\n                <img decoding=\"async\" src=\"https:\/\/www.sportingpedia.com\/wp-content\/uploads\/2023\/01\/astropay-1.webp\" \/>\n                Mejores Casinos con AstroPay            <\/div>\n        <\/a>\n                    <a class=\"col-12 col-sm-6 col-md-4 child-page-thumbnail-wrapper\" href=\"https:\/\/www.sportingpedia.com\/es\/casino-deposit\/crypto-online-casinos\/\">\n            <div class=\"col-12 text-center child-page-thumbnail\">\n                <img decoding=\"async\" src=\"https:\/\/www.sportingpedia.com\/wp-content\/uploads\/2023\/01\/bitcoin-featured.webp\" \/>\n                Mejores Casinos con Criptomonedas            <\/div>\n        <\/a>\n                    <a class=\"col-12 col-sm-6 col-md-4 child-page-thumbnail-wrapper\" href=\"https:\/\/www.sportingpedia.com\/es\/casino-deposit\/echeck-online-casinos\/\">\n            <div class=\"col-12 text-center child-page-thumbnail\">\n                <img decoding=\"async\" src=\"https:\/\/www.sportingpedia.com\/wp-content\/uploads\/2023\/01\/echeck-featured.webp\" \/>\n                Mejores Casinos con eCheck            <\/div>\n        <\/a>\n                    <a class=\"col-12 col-sm-6 col-md-4 child-page-thumbnail-wrapper\" href=\"https:\/\/www.sportingpedia.com\/es\/casino-deposit\/flexepin-online-casinos\/\">\n            <div class=\"col-12 text-center child-page-thumbnail\">\n                <img decoding=\"async\" src=\"https:\/\/www.sportingpedia.com\/wp-content\/uploads\/2023\/01\/flexepin-1.webp\" \/>\n                Mejores Casinos con Flexepin            <\/div>\n        <\/a>\n                    <a class=\"col-12 col-sm-6 col-md-4 child-page-thumbnail-wrapper\" href=\"https:\/\/www.sportingpedia.com\/es\/casino-deposit\/google-pay-online-casinos\/\">\n            <div class=\"col-12 text-center child-page-thumbnail\">\n                <img decoding=\"async\" src=\"https:\/\/www.sportingpedia.com\/wp-content\/uploads\/2023\/01\/google-pay.webp\" \/>\n                Mejores Casinos con Google Pay            <\/div>\n        <\/a>\n                    <a class=\"col-12 col-sm-6 col-md-4 child-page-thumbnail-wrapper\" href=\"https:\/\/www.sportingpedia.com\/es\/casino-deposit\/jeton-online-casinos\/\">\n            <div class=\"col-12 text-center child-page-thumbnail\">\n                <img decoding=\"async\" src=\"https:\/\/www.sportingpedia.com\/wp-content\/uploads\/2023\/01\/jeton.webp\" \/>\n                Mejores Casinos con Jeton            <\/div>\n        <\/a>\n                    <a class=\"col-12 col-sm-6 col-md-4 child-page-thumbnail-wrapper\" href=\"https:\/\/www.sportingpedia.com\/es\/casino-deposit\/mifinity-online-casinos\/\">\n            <div class=\"col-12 text-center child-page-thumbnail\">\n                <img decoding=\"async\" src=\"https:\/\/www.sportingpedia.com\/wp-content\/uploads\/2023\/01\/mifinity.webp\" \/>\n                Mejores Casinos con MiFinity            <\/div>\n        <\/a>\n                    <a class=\"col-12 col-sm-6 col-md-4 child-page-thumbnail-wrapper\" href=\"https:\/\/www.sportingpedia.com\/es\/casino-deposit\/e-wallet-online-casinos\/\">\n            <div class=\"col-12 text-center child-page-thumbnail\">\n                <img decoding=\"async\" src=\"https:\/\/www.sportingpedia.com\/wp-content\/uploads\/2023\/01\/ewallet-featured.webp\" \/>\n                Mejores Casinos con Monedero Electr\u00f3nico            <\/div>\n        <\/a>\n                    <a class=\"col-12 col-sm-6 col-md-4 child-page-thumbnail-wrapper\" href=\"https:\/\/www.sportingpedia.com\/es\/casino-deposit\/neosurf-online-casinos\/\">\n            <div class=\"col-12 text-center child-page-thumbnail\">\n                <img decoding=\"async\" src=\"https:\/\/www.sportingpedia.com\/wp-content\/uploads\/2023\/01\/neosurf.webp\" \/>\n                Mejores Casinos con Neosurf            <\/div>\n        <\/a>\n                    <a class=\"col-12 col-sm-6 col-md-4 child-page-thumbnail-wrapper\" href=\"https:\/\/www.sportingpedia.com\/es\/casino-deposit\/paypal-online-casinos\/\">\n            <div class=\"col-12 text-center child-page-thumbnail\">\n                <img decoding=\"async\" src=\"https:\/\/www.sportingpedia.com\/wp-content\/uploads\/2023\/01\/paypal.webp\" \/>\n                Mejores Casinos con PayPal            <\/div>\n        <\/a>\n                    <a class=\"col-12 col-sm-6 col-md-4 child-page-thumbnail-wrapper\" href=\"https:\/\/www.sportingpedia.com\/es\/casino-deposit\/paysafecard-online-casinos\/\">\n            <div class=\"col-12 text-center child-page-thumbnail\">\n                <img decoding=\"async\" src=\"https:\/\/www.sportingpedia.com\/wp-content\/uploads\/2023\/01\/paysafecard.webp\" \/>\n                Mejores Casinos con Paysafecard            <\/div>\n        <\/a>\n                    <a class=\"col-12 col-sm-6 col-md-4 child-page-thumbnail-wrapper\" href=\"https:\/\/www.sportingpedia.com\/es\/casino-deposit\/revolut-online-casinos\/\">\n            <div class=\"col-12 text-center child-page-thumbnail\">\n                <img decoding=\"async\" src=\"https:\/\/www.sportingpedia.com\/wp-content\/uploads\/2023\/01\/revolut-1.webp\" \/>\n                Mejores Casinos con Revolut            <\/div>\n        <\/a>\n                    <a class=\"col-12 col-sm-6 col-md-4 child-page-thumbnail-wrapper\" href=\"https:\/\/www.sportingpedia.com\/es\/casino-deposit\/credit-debit-cards-online-casinos\/\">\n            <div class=\"col-12 text-center child-page-thumbnail\">\n                <img decoding=\"async\" src=\"https:\/\/www.sportingpedia.com\/wp-content\/uploads\/2023\/01\/credit-debit-cards-featured.webp\" \/>\n                Mejores Casinos con Tarjetas de Cr\u00e9dito y D\u00e9bito            <\/div>\n        <\/a>\n                    <a class=\"col-12 col-sm-6 col-md-4 child-page-thumbnail-wrapper\" href=\"https:\/\/www.sportingpedia.com\/es\/casino-deposit\/prepaid-cards-online-casinos\/\">\n            <div class=\"col-12 text-center child-page-thumbnail\">\n                <img decoding=\"async\" src=\"https:\/\/www.sportingpedia.com\/wp-content\/uploads\/2023\/01\/prepaid-cards-featured.webp\" \/>\n                Mejores Casinos con Tarjetas Prepagadas            <\/div>\n        <\/a>\n                    <a class=\"col-12 col-sm-6 col-md-4 child-page-thumbnail-wrapper\" href=\"https:\/\/www.sportingpedia.com\/es\/casino-deposit\/bank-account-transfer-online-casinos\/\">\n            <div class=\"col-12 text-center child-page-thumbnail\">\n                <img decoding=\"async\" src=\"https:\/\/www.sportingpedia.com\/wp-content\/uploads\/2023\/01\/bank-transfer-featured.webp\" \/>\n                Mejores Casinos con Transferencia Bancaria            <\/div>\n        <\/a>\n                            <\/div>\n            <\/div>\n","protected":false},"excerpt":{"rendered":"<p>\u00bfTe preguntas qu\u00e9 soluci\u00f3n de pago utilizar en tu sitio de apuestas favorito? Si es as\u00ed, SportingPedia est\u00e1 aqu\u00ed para ayudarte a tomar la decisi\u00f3n correcta. La gran cantidad de m\u00e9todos bancarios que ofrecen los operadores de juegos de azar en l\u00ednea puede resultar abrumadora, por decir lo menos. \u00a1Pero no te preocupes! Te ayudamos [&hellip;]<\/p>\n","protected":false},"author":1,"featured_media":0,"parent":0,"menu_order":0,"comment_status":"closed","ping_status":"closed","template":"template-payment-method.php","meta":{"footnotes":""},"class_list":["post-118907","page","type-page","status-publish","hentry"],"yoast_head":"<!-- This site is optimized with the Yoast SEO plugin v26.6 - https:\/\/yoast.com\/wordpress\/plugins\/seo\/ -->\n<title>Banca de Casino en L\u00ednea - Opciones Confiables de Dep\u00f3sito y Retiro para el Juego en L\u00ednea<\/title>\n<meta name=\"description\" content=\"Depositar y retirar de tu cuenta de casino en l\u00ednea es esencial para cualquier apostador. Aqu\u00ed tienes una lista de los m\u00e9todos bancarios m\u00e1s fiables utilizados para apostar en l\u00ednea.\" \/>\n<meta name=\"robots\" content=\"index, follow, max-snippet:-1, max-image-preview:large, max-video-preview:-1\" \/>\n<link rel=\"canonical\" href=\"https:\/\/www.sportingpedia.com\/es\/casino-deposit\/\" \/>\n<meta property=\"og:locale\" content=\"es_ES\" \/>\n<meta property=\"og:type\" content=\"article\" \/>\n<meta property=\"og:title\" content=\"Banca de Casino en L\u00ednea - Opciones Confiables de Dep\u00f3sito y Retiro para el Juego en L\u00ednea\" \/>\n<meta property=\"og:description\" content=\"Depositar y retirar de tu cuenta de casino en l\u00ednea es esencial para cualquier apostador. Aqu\u00ed tienes una lista de los m\u00e9todos bancarios m\u00e1s fiables utilizados para apostar en l\u00ednea.\" \/>\n<meta property=\"og:url\" content=\"https:\/\/www.sportingpedia.com\/es\/casino-deposit\/\" \/>\n<meta property=\"og:site_name\" content=\"Sportingpedia - Latest Sports News From All Over the World\" \/>\n<meta property=\"article:modified_time\" content=\"2025-11-24T08:47:38+00:00\" \/>\n<meta name=\"twitter:card\" content=\"summary_large_image\" \/>\n<meta name=\"twitter:label1\" content=\"Tiempo de lectura\" \/>\n\t<meta name=\"twitter:data1\" content=\"1 minuto\" \/>\n<script type=\"application\/ld+json\" class=\"yoast-schema-graph\">{\"@context\":\"https:\/\/schema.org\",\"@graph\":[{\"@type\":\"WebPage\",\"@id\":\"https:\/\/www.sportingpedia.com\/es\/casino-deposit\/\",\"url\":\"https:\/\/www.sportingpedia.com\/es\/casino-deposit\/\",\"name\":\"Banca de Casino en L\u00ednea - Opciones Confiables de Dep\u00f3sito y Retiro para el Juego en L\u00ednea\",\"isPartOf\":{\"@id\":\"https:\/\/www.sportingpedia.com\/es\/#website\"},\"datePublished\":\"2025-04-10T08:00:15+00:00\",\"dateModified\":\"2025-11-24T08:47:38+00:00\",\"description\":\"Depositar y retirar de tu cuenta de casino en l\u00ednea es esencial para cualquier apostador. Aqu\u00ed tienes una lista de los m\u00e9todos bancarios m\u00e1s fiables utilizados para apostar en l\u00ednea.\",\"breadcrumb\":{\"@id\":\"https:\/\/www.sportingpedia.com\/es\/casino-deposit\/#breadcrumb\"},\"inLanguage\":\"es\",\"potentialAction\":[{\"@type\":\"ReadAction\",\"target\":[\"https:\/\/www.sportingpedia.com\/es\/casino-deposit\/\"]}]},{\"@type\":\"BreadcrumbList\",\"@id\":\"https:\/\/www.sportingpedia.com\/es\/casino-deposit\/#breadcrumb\",\"itemListElement\":[{\"@type\":\"ListItem\",\"position\":1,\"name\":\"Inicio\",\"item\":\"https:\/\/www.sportingpedia.com\/es\/home-2\/\"},{\"@type\":\"ListItem\",\"position\":2,\"name\":\"M\u00e9todos de Dep\u00f3sito en el Casino\"}]},{\"@type\":\"WebSite\",\"@id\":\"https:\/\/www.sportingpedia.com\/es\/#website\",\"url\":\"https:\/\/www.sportingpedia.com\/es\/\",\"name\":\"Sportingpedia - Latest Sports News From All Over the World\",\"description\":\"\",\"publisher\":{\"@id\":\"https:\/\/www.sportingpedia.com\/es\/#organization\"},\"potentialAction\":[{\"@type\":\"SearchAction\",\"target\":{\"@type\":\"EntryPoint\",\"urlTemplate\":\"https:\/\/www.sportingpedia.com\/es\/?s={search_term_string}\"},\"query-input\":{\"@type\":\"PropertyValueSpecification\",\"valueRequired\":true,\"valueName\":\"search_term_string\"}}],\"inLanguage\":\"es\"},{\"@type\":\"Organization\",\"@id\":\"https:\/\/www.sportingpedia.com\/es\/#organization\",\"name\":\"SportingPedia\",\"url\":\"https:\/\/www.sportingpedia.com\/es\/\",\"logo\":{\"@type\":\"ImageObject\",\"inLanguage\":\"es\",\"@id\":\"https:\/\/www.sportingpedia.com\/es\/#\/schema\/logo\/image\/\",\"url\":\"https:\/\/www.sportingpedia.com\/wp-content\/uploads\/2019\/10\/SportingPedia_logo.png\",\"contentUrl\":\"https:\/\/www.sportingpedia.com\/wp-content\/uploads\/2019\/10\/SportingPedia_logo.png\",\"width\":600,\"height\":101,\"caption\":\"SportingPedia\"},\"image\":{\"@id\":\"https:\/\/www.sportingpedia.com\/es\/#\/schema\/logo\/image\/\"}}]}<\/script>\n<!-- \/ Yoast SEO plugin. -->","yoast_head_json":{"title":"Banca de Casino en L\u00ednea - Opciones Confiables de Dep\u00f3sito y Retiro para el Juego en L\u00ednea","description":"Depositar y retirar de tu cuenta de casino en l\u00ednea es esencial para cualquier apostador. Aqu\u00ed tienes una lista de los m\u00e9todos bancarios m\u00e1s fiables utilizados para apostar en l\u00ednea.","robots":{"index":"index","follow":"follow","max-snippet":"max-snippet:-1","max-image-preview":"max-image-preview:large","max-video-preview":"max-video-preview:-1"},"canonical":"https:\/\/www.sportingpedia.com\/es\/casino-deposit\/","og_locale":"es_ES","og_type":"article","og_title":"Banca de Casino en L\u00ednea - Opciones Confiables de Dep\u00f3sito y Retiro para el Juego en L\u00ednea","og_description":"Depositar y retirar de tu cuenta de casino en l\u00ednea es esencial para cualquier apostador. Aqu\u00ed tienes una lista de los m\u00e9todos bancarios m\u00e1s fiables utilizados para apostar en l\u00ednea.","og_url":"https:\/\/www.sportingpedia.com\/es\/casino-deposit\/","og_site_name":"Sportingpedia - Latest Sports News From All Over the World","article_modified_time":"2025-11-24T08:47:38+00:00","twitter_card":"summary_large_image","twitter_misc":{"Tiempo de lectura":"1 minuto"},"schema":{"@context":"https:\/\/schema.org","@graph":[{"@type":"WebPage","@id":"https:\/\/www.sportingpedia.com\/es\/casino-deposit\/","url":"https:\/\/www.sportingpedia.com\/es\/casino-deposit\/","name":"Banca de Casino en L\u00ednea - Opciones Confiables de Dep\u00f3sito y Retiro para el Juego en L\u00ednea","isPartOf":{"@id":"https:\/\/www.sportingpedia.com\/es\/#website"},"datePublished":"2025-04-10T08:00:15+00:00","dateModified":"2025-11-24T08:47:38+00:00","description":"Depositar y retirar de tu cuenta de casino en l\u00ednea es esencial para cualquier apostador. Aqu\u00ed tienes una lista de los m\u00e9todos bancarios m\u00e1s fiables utilizados para apostar en l\u00ednea.","breadcrumb":{"@id":"https:\/\/www.sportingpedia.com\/es\/casino-deposit\/#breadcrumb"},"inLanguage":"es","potentialAction":[{"@type":"ReadAction","target":["https:\/\/www.sportingpedia.com\/es\/casino-deposit\/"]}]},{"@type":"BreadcrumbList","@id":"https:\/\/www.sportingpedia.com\/es\/casino-deposit\/#breadcrumb","itemListElement":[{"@type":"ListItem","position":1,"name":"Inicio","item":"https:\/\/www.sportingpedia.com\/es\/home-2\/"},{"@type":"ListItem","position":2,"name":"M\u00e9todos de Dep\u00f3sito en el Casino"}]},{"@type":"WebSite","@id":"https:\/\/www.sportingpedia.com\/es\/#website","url":"https:\/\/www.sportingpedia.com\/es\/","name":"Sportingpedia - Latest Sports News From All Over the World","description":"","publisher":{"@id":"https:\/\/www.sportingpedia.com\/es\/#organization"},"potentialAction":[{"@type":"SearchAction","target":{"@type":"EntryPoint","urlTemplate":"https:\/\/www.sportingpedia.com\/es\/?s={search_term_string}"},"query-input":{"@type":"PropertyValueSpecification","valueRequired":true,"valueName":"search_term_string"}}],"inLanguage":"es"},{"@type":"Organization","@id":"https:\/\/www.sportingpedia.com\/es\/#organization","name":"SportingPedia","url":"https:\/\/www.sportingpedia.com\/es\/","logo":{"@type":"ImageObject","inLanguage":"es","@id":"https:\/\/www.sportingpedia.com\/es\/#\/schema\/logo\/image\/","url":"https:\/\/www.sportingpedia.com\/wp-content\/uploads\/2019\/10\/SportingPedia_logo.png","contentUrl":"https:\/\/www.sportingpedia.com\/wp-content\/uploads\/2019\/10\/SportingPedia_logo.png","width":600,"height":101,"caption":"SportingPedia"},"image":{"@id":"https:\/\/www.sportingpedia.com\/es\/#\/schema\/logo\/image\/"}}]}},"_links":{"self":[{"href":"https:\/\/www.sportingpedia.com\/es\/wp-json\/wp\/v2\/pages\/118907","targetHints":{"allow":["GET"]}}],"collection":[{"href":"https:\/\/www.sportingpedia.com\/es\/wp-json\/wp\/v2\/pages"}],"about":[{"href":"https:\/\/www.sportingpedia.com\/es\/wp-json\/wp\/v2\/types\/page"}],"author":[{"embeddable":true,"href":"https:\/\/www.sportingpedia.com\/es\/wp-json\/wp\/v2\/users\/1"}],"replies":[{"embeddable":true,"href":"https:\/\/www.sportingpedia.com\/es\/wp-json\/wp\/v2\/comments?post=118907"}],"version-history":[{"count":2,"href":"https:\/\/www.sportingpedia.com\/es\/wp-json\/wp\/v2\/pages\/118907\/revisions"}],"predecessor-version":[{"id":146993,"href":"https:\/\/www.sportingpedia.com\/es\/wp-json\/wp\/v2\/pages\/118907\/revisions\/146993"}],"wp:attachment":[{"href":"https:\/\/www.sportingpedia.com\/es\/wp-json\/wp\/v2\/media?parent=118907"}],"curies":[{"name":"wp","href":"https:\/\/api.w.org\/{rel}","templated":true}]}}