{"id":118935,"date":"2025-04-10T08:00:28","date_gmt":"2025-04-10T08:00:28","guid":{"rendered":"https:\/\/www.sportingpedia.com\/?page_id=118935"},"modified":"2025-11-26T09:31:52","modified_gmt":"2025-11-26T09:31:52","slug":"single-bet-calculator","status":"publish","type":"page","link":"https:\/\/www.sportingpedia.com\/es\/betting-calculators\/single-bet-calculator\/","title":{"rendered":"Calculadora de Apuesta Simple"},"content":{"rendered":"<p>Una apuesta sencilla es la forma m\u00e1s directa de apostar en un evento, lo que te permite <strong>apostar en una sola selecci\u00f3n<\/strong>. Una apuesta sencilla puede realizarse sobre una variedad de resultados, y esta modalidad suele estar disponible para la victoria de un equipo, la de un jugador, el triunfo de un caballo en una carrera, etc.<\/p>\n<p>Si optas por una apuesta sencilla en modalidad \u00abeach-way\u00bb, puedes obtener un beneficio incluso si el equipo o jugador por el que has apostado no gana. Para ver cu\u00e1l podr\u00eda ser tu retorno potencial, puedes utilizar <strong>nuestra detallada calculadora de apuesta sencilla<\/strong>. A continuaci\u00f3n, te ofrecemos m\u00e1s informaci\u00f3n sobre c\u00f3mo funciona nuestra calculadora.<\/p>\n\n\t\t<div class=\"container p-3 widget-betting-calculator\">\n\t\t\t<div class=\"row\">\n\t\t\t\t<div class=\"col-12 col-md-4 form-group\">\n\t\t\t\t\t<label for=\"format\">Formato de cuotas:<\/label>\n\t\t\t\t\t<select class=\"form-control\" id=\"format\">\n\t\t\t\t\t\t<option value=\"decimal\">Decimal<\/option>\n\t\t\t\t\t\t<option value=\"american\">Americana<\/option>\n\t\t\t\t\t\t<option value=\"fractional\">Fraccional<\/option>\n\t\t\t\t\t<\/select>\n\t\t\t\t<\/div>\n\n\t\t\t\t<div class=\"col-12 col-md-4 form-group\">\n\t\t\t\t\t<label for=\"odds\">Cuotas:<\/label>\n\t\t\t\t\t<input type=\"text\" class=\"form-control\" id=\"odds\" placeholder=\"Introduce las cuotas\">\n\t\t\t\t<\/div>\n\n\t\t\t\t<div class=\"col-12 col-md-4 form-group\">\n\t\t\t\t\t<label for=\"stake\">Apuesta:<\/label>\n\t\t\t\t\t<input type=\"text\" class=\"form-control\" id=\"stake\" placeholder=\"Introduce la apuesta\">\n\t\t\t\t<\/div>\n\t\t\t<\/div>\n\n\t\t\t\t<div id=\"result\"><\/div>\n\n\t\t\t\t<button type=\"button\" class=\"btn btn-primary\" id=\"calculate\">Calcular<\/button>\n\t\t\t\t<button type=\"button\" class=\"btn btn-warning\" id=\"reset\">Reiniciar<\/button>\n\t\t\t\t\n\t\t<\/div>\n\n\t\t<script>\n\t\t\tjQuery(document).ready(function($) {\n\t\t\t\t$(\"#calculate\").click(function() {\n\t\t\t\t\tvar format = $(\"#format\").val();\n\t\t\t\t\tvar odds = $(\"#odds\").val();\n\t\t\t\t\tvar stake = $(\"#stake\").val();\n\t\t\t\t\tif (format == \"decimal\") {\n\t\t\t\t\t\tif ($.isNumeric(odds) && odds > 1) {\n\t\t\t\t\t\t\tvar payout = (stake * odds).toFixed(2);\n\t\t\t\t\t\t\tvar profit = (payout - stake).toFixed(2);\n\t\t\t\t\t\t\t$(\"#result\").html(\"Pago: $\" + payout + \"<br>Ganancia: $\" + profit).addClass(\"success\");\n\t\t\t\t\t\t} else {\n\t\t\t\t\t\t\t$(\"#result\").html(\"Introduce una cuota decimal v\u00e1lida mayor que 1.\").addClass(\"error\");\n\t\t\t\t\t\t}\n\t\t\t\t\t} else if (format == \"american\") {\n\t\t\t\t\t\tif ($.isNumeric(odds)) {\n\t\t\t\t\t\t\tvar decimalOdds;\n\t\t\t\t\t\t\tif (odds > 0) {\n\t\t\t\t\t\t\t\tdecimalOdds = (odds \/ 100 + 1).toFixed(2);\n\t\t\t\t\t\t\t} else {\n\t\t\t\t\t\t\t\tdecimalOdds = (100 \/ -odds + 1).toFixed(2);\n\t\t\t\t\t\t\t}\n\t\t\t\t\t\t\tvar payout = (stake * decimalOdds).toFixed(2);\n\t\t\t\t\t\t\tvar profit = (payout - stake).toFixed(2);\n\t\t\t\t\t\t\t$(\"#result\").html(\"Pago: $\" + payout + \"<br>Ganancia: $\" + profit).addClass(\"success\");\n\t\t\t\t\t\t} else {\n\t\t\t\t\t\t\t$(\"#result\").html(\"Introduce una cuota americana v\u00e1lida.\").addClass(\"error\");\n\t\t\t\t\t\t}\n\t\t\t\t\t} else if (format == \"fractional\") {\n\t\t\t\t\t\tif (\/^\\d+\\\/\\d+$\/.test(odds)) {\n\t\t\t\t\t\t\tvar parts = odds.split(\"\/\");\n\t\t\t\t\t\t\tvar numerator = parseInt(parts[0]);\n\t\t\t\t\t\t\tvar denominator = parseInt(parts[1]);\n\t\t\t\t\t\t\tvar decimalOdds = (numerator \/ denominator + 1).toFixed(2);\n\t\t\t\t\t\t\tvar payout = (stake * decimalOdds).toFixed(2);\n\t\t\t\t\t\t\tvar profit = (payout - stake).toFixed(2);\n\t\t\t\t\t\t\t$(\"#result\").html(\"Pago: $\" + payout + \"<br>Ganancia: $\" + profit).addClass(\"success\");\n\t\t\t\t\t\t} else {\n\t\t\t\t\t\t\t$(\"#result\").html(\"Introduce una cuota fraccionaria v\u00e1lida en el formato X\/Y.\").addClass(\"error\");\n\t\t\t\t\t\t}\n\t\t\t\t\t}\n\t\t\t\t});\n\n\t\t\t\t$(\"#reset\").click(function() {\n\t\t\t\t\t$(\"#odds\").val(\"\");\n\t\t\t\t\t$(\"#stake\").val(\"\");\n\t\t\t\t\t$(\"#result\").html(\"\").removeClass();\n\t\t\t\t});\n\t\t\t});\n\t\t<\/script>\n\t\n<div class=\"mb-3\">&nbsp;<\/div>\n\n<h2 id=\"what\">\u00bfQu\u00e9 es una apuesta sencilla?<\/h2>\n<p><img decoding=\"async\" src=\"https:\/\/www.sportingpedia.com\/wp-content\/uploads\/2021\/02\/football-betting-accumulators-vs-single_single-bets.svg\" alt=\"\u00bfQu\u00e9 es una Apuesta Simple?\" width=\"300\" height=\"150\" class=\"alignleft \">La apuesta sencilla es la forma m\u00e1s b\u00e1sica de apostar, permitiendo a los apostadores apostar dinero al resultado de un evento deportivo o de otro tipo. Los apostadores eligen un solo resultado, como el ganador absoluto de un partido, de ah\u00ed el nombre de esta opci\u00f3n de apuesta. Si quieres aprender m\u00e1s sobre este y otros tipos de apuestas, tambi\u00e9n puedes dirigirte a nuestra <strong>secci\u00f3n de sitios de apuestas<\/strong> y leer nuestras rese\u00f1as detalladas sobre apuestas deportivas.<\/p>\n<div class=\"clear\"><\/div>\n<h2 id=\"how\">\u00bfC\u00f3mo funciona nuestra calculadora de apuestas sencillas?<\/h2>\n<p><img decoding=\"async\" src=\"https:\/\/www.sportingpedia.com\/wp-content\/uploads\/2021\/02\/nfl-betting-cashout_calculating.svg\" alt=\"\u00bfC\u00f3mo Funciona Nuestro Calculador de Apuestas Simples?\" width=\"300\" height=\"150\" class=\"alignleft\">Siempre que necesites ayuda para determinar el retorno potencial de tus apuestas sencillas, puedes utilizar nuestra calculadora de apuestas sencillas. Los ajustes de la herramienta te permitir\u00e1n <strong>elegir entre los formatos de cuotas m\u00e1s populares<\/strong> y te facilitar\u00e1n introducir las cuotas de tu apuesta de la forma que te resulte m\u00e1s clara.<\/p>\n<p>Echa un vistazo al men\u00fa de ajustes de nuestra calculadora, pues te permite aprovechar otras opciones, como a\u00f1adir notas a una selecci\u00f3n o activar ajustes adicionales de each way. En lo que respecta a la informaci\u00f3n b\u00e1sica para tus c\u00e1lculos, deber\u00e1s <strong>indicar si est\u00e1s calculando las cuotas de una apuesta sencilla each way o no<\/strong>.<\/p>\n<p>Nuestra calculadora tambi\u00e9n te permitir\u00e1 estimar el retorno de m\u00faltiples selecciones sin necesidad de introducir las cuotas de cada una por separado. Podr\u00e1s utilizarla para calcular el retorno de hasta 20 selecciones, pero ten en cuenta que, cuando el n\u00famero de selecciones supere las necesarias para una apuesta sencilla, doble o triple, tu apuesta se calcular\u00e1 como un perm (combinaci\u00f3n de apuestas).<\/p>\n<p>Si est\u00e1s calculando tu apuesta sencilla en una carrera de caballos y <strong>la Regla 4<\/strong> est\u00e1 vigente, tambi\u00e9n puedes elegir calcular el retorno teniendo en cuenta dicha regla. Para ello, deber\u00e1s seleccionar el valor que se deducir\u00e1 de la posible ganancia.<\/p>\n<p>Para cada selecci\u00f3n, tendr\u00e1s que indicar el resultado, que puede ser Ganador, Empate, Perdido o Nulo\/No participante. El paso siguiente es <strong>introducir las cuotas de tu apuesta sencilla<\/strong>. Si prefieres otro formato, entra en los ajustes y elige el que desees.<\/p>\n<p>Si has decidido calcular el retorno de varias selecciones, debes indicar si la cantidad introducida representa la apuesta total en todas las selecciones o la suma que piensas apostar en cada una. En la secci\u00f3n siguiente de la calculadora tendr\u00e1s que introducir el importe de tu apuesta.<\/p>\n<p>Una vez completados todos los campos, nuestra calculadora te mostrar\u00e1 el gasto total, el retorno que puedes esperar y el beneficio que obtendr\u00edas si tu apuesta es exitosa. Podr\u00e1s guardar el boleto o borrar todos los datos introducidos.<\/p>\n<h2 id=\"why\">\u00bfPor qu\u00e9 deber\u00edas usar una calculadora de apuesta sencilla?<\/h2>\n<p><img decoding=\"async\" src=\"https:\/\/www.sportingpedia.com\/wp-content\/uploads\/2021\/02\/football-betting-how-to-calculate-arbitrage-bets_why-do-such-opportunities-appear.svg\" alt=\"Why Should You Use a Single Bet Calculator\" width=\"300\" height=\"150\" class=\"alignleft \">Aunque las apuestas sencillas son la forma m\u00e1s b\u00e1sica de apostar en un evento, <strong>puedes beneficiarte enormemente de nuestra calculadora de apuesta sencilla<\/strong> antes de formalizar tu jugada con una casa de apuestas. Si encuentras cuotas distintas para el mismo evento en varias casas, podr\u00e1s usar la calculadora para comprobar cu\u00e1l de ellas te ofrece un mejor retorno potencial. Asimismo, podr\u00e1s calcular con facilidad el importe de tu apuesta cuando tu objetivo sea obtener un retorno concreto.<\/p>\n<p>Las calculadoras de apuestas sencillas tambi\u00e9n resultan <strong>muy \u00fatiles para los aficionados a las carreras de caballos<\/strong>, ya que permiten introducir las cuotas de todos los corredores y determinar cu\u00e1l ofrece el mejor retorno en caso de victoria. Solo tienes que introducir las cuotas de cada corredor y asignar el mismo importe de apuesta a todas las selecciones. As\u00ed podr\u00e1s detectar con facilidad las apuestas de mayor valor.<\/p>\n<p>Si prefieres realizar apuestas dobles, triples o de m\u00faltiples etapas en lugar de varias apuestas sencillas, tambi\u00e9n puedes consultar nuestras calculadoras de <strong>apuestas dobles, apuestas triples o apuestas acumuladoras<\/strong>.<\/p>\n","protected":false},"excerpt":{"rendered":"<p>Una apuesta sencilla es la forma m\u00e1s directa de apostar en un evento, lo que te permite apostar en una sola selecci\u00f3n. Una apuesta sencilla puede realizarse sobre una variedad de resultados, y esta modalidad suele estar disponible para la victoria de un equipo, la de un jugador, el triunfo de un caballo en una [&hellip;]<\/p>\n","protected":false},"author":8,"featured_media":125048,"parent":118943,"menu_order":100,"comment_status":"closed","ping_status":"closed","template":"template-guide-page.php","meta":{"footnotes":""},"class_list":["post-118935","page","type-page","status-publish","has-post-thumbnail","hentry"],"yoast_head":"<!-- This site is optimized with the Yoast SEO plugin v26.6 - https:\/\/yoast.com\/wordpress\/plugins\/seo\/ -->\n<title>Calculadora de Apuesta Simple: Calcula tu Pago de Apuestas Deportivas<\/title>\n<meta name=\"description\" content=\"Utiliza nuestra calculadora de apuestas simples para calcular el retorno de tu apuesta. Descubre cu\u00e1nto puedes ganar con tus apuestas simples en eventos deportivos.\" \/>\n<meta name=\"robots\" content=\"index, follow, max-snippet:-1, max-image-preview:large, max-video-preview:-1\" \/>\n<link rel=\"canonical\" href=\"https:\/\/www.sportingpedia.com\/es\/betting-calculators\/single-bet-calculator\/\" \/>\n<meta property=\"og:locale\" content=\"es_ES\" \/>\n<meta property=\"og:type\" content=\"article\" \/>\n<meta property=\"og:title\" content=\"Calculadora de Apuesta Simple: Calcula tu Pago de Apuestas Deportivas\" \/>\n<meta property=\"og:description\" content=\"Utiliza nuestra calculadora de apuestas simples para calcular el retorno de tu apuesta. Descubre cu\u00e1nto puedes ganar con tus apuestas simples en eventos deportivos.\" \/>\n<meta property=\"og:url\" content=\"https:\/\/www.sportingpedia.com\/es\/betting-calculators\/single-bet-calculator\/\" \/>\n<meta property=\"og:site_name\" content=\"Sportingpedia - Latest Sports News From All Over the World\" \/>\n<meta property=\"article:modified_time\" content=\"2025-11-26T09:31:52+00:00\" \/>\n<meta name=\"twitter:card\" content=\"summary_large_image\" \/>\n<meta name=\"twitter:label1\" content=\"Tiempo de lectura\" \/>\n\t<meta name=\"twitter:data1\" content=\"5 minutos\" \/>\n<script type=\"application\/ld+json\" class=\"yoast-schema-graph\">{\"@context\":\"https:\/\/schema.org\",\"@graph\":[{\"@type\":\"WebPage\",\"@id\":\"https:\/\/www.sportingpedia.com\/es\/betting-calculators\/single-bet-calculator\/\",\"url\":\"https:\/\/www.sportingpedia.com\/es\/betting-calculators\/single-bet-calculator\/\",\"name\":\"Calculadora de Apuesta Simple: Calcula tu Pago de Apuestas Deportivas\",\"isPartOf\":{\"@id\":\"https:\/\/www.sportingpedia.com\/es\/#website\"},\"primaryImageOfPage\":{\"@id\":\"https:\/\/www.sportingpedia.com\/es\/betting-calculators\/single-bet-calculator\/#primaryimage\"},\"image\":{\"@id\":\"https:\/\/www.sportingpedia.com\/es\/betting-calculators\/single-bet-calculator\/#primaryimage\"},\"thumbnailUrl\":\"https:\/\/www.sportingpedia.com\/wp-content\/uploads\/2023\/03\/single-bet-calculator-featured.svg\",\"datePublished\":\"2025-04-10T08:00:28+00:00\",\"dateModified\":\"2025-11-26T09:31:52+00:00\",\"description\":\"Utiliza nuestra calculadora de apuestas simples para calcular el retorno de tu apuesta. Descubre cu\u00e1nto puedes ganar con tus apuestas simples en eventos deportivos.\",\"breadcrumb\":{\"@id\":\"https:\/\/www.sportingpedia.com\/es\/betting-calculators\/single-bet-calculator\/#breadcrumb\"},\"inLanguage\":\"es\",\"potentialAction\":[{\"@type\":\"ReadAction\",\"target\":[\"https:\/\/www.sportingpedia.com\/es\/betting-calculators\/single-bet-calculator\/\"]}]},{\"@type\":\"ImageObject\",\"inLanguage\":\"es\",\"@id\":\"https:\/\/www.sportingpedia.com\/es\/betting-calculators\/single-bet-calculator\/#primaryimage\",\"url\":\"https:\/\/www.sportingpedia.com\/wp-content\/uploads\/2023\/03\/single-bet-calculator-featured.svg\",\"contentUrl\":\"https:\/\/www.sportingpedia.com\/wp-content\/uploads\/2023\/03\/single-bet-calculator-featured.svg\"},{\"@type\":\"BreadcrumbList\",\"@id\":\"https:\/\/www.sportingpedia.com\/es\/betting-calculators\/single-bet-calculator\/#breadcrumb\",\"itemListElement\":[{\"@type\":\"ListItem\",\"position\":1,\"name\":\"Inicio\",\"item\":\"https:\/\/www.sportingpedia.com\/es\/home-2\/\"},{\"@type\":\"ListItem\",\"position\":2,\"name\":\"Calculadoras de Apuestas Deportivas\",\"item\":\"https:\/\/www.sportingpedia.com\/es\/betting-calculators\/\"},{\"@type\":\"ListItem\",\"position\":3,\"name\":\"Calculadora de Apuesta Simple\"}]},{\"@type\":\"WebSite\",\"@id\":\"https:\/\/www.sportingpedia.com\/es\/#website\",\"url\":\"https:\/\/www.sportingpedia.com\/es\/\",\"name\":\"Sportingpedia - Latest Sports News From All Over the World\",\"description\":\"\",\"publisher\":{\"@id\":\"https:\/\/www.sportingpedia.com\/es\/#organization\"},\"potentialAction\":[{\"@type\":\"SearchAction\",\"target\":{\"@type\":\"EntryPoint\",\"urlTemplate\":\"https:\/\/www.sportingpedia.com\/es\/?s={search_term_string}\"},\"query-input\":{\"@type\":\"PropertyValueSpecification\",\"valueRequired\":true,\"valueName\":\"search_term_string\"}}],\"inLanguage\":\"es\"},{\"@type\":\"Organization\",\"@id\":\"https:\/\/www.sportingpedia.com\/es\/#organization\",\"name\":\"SportingPedia\",\"url\":\"https:\/\/www.sportingpedia.com\/es\/\",\"logo\":{\"@type\":\"ImageObject\",\"inLanguage\":\"es\",\"@id\":\"https:\/\/www.sportingpedia.com\/es\/#\/schema\/logo\/image\/\",\"url\":\"https:\/\/www.sportingpedia.com\/wp-content\/uploads\/2019\/10\/SportingPedia_logo.png\",\"contentUrl\":\"https:\/\/www.sportingpedia.com\/wp-content\/uploads\/2019\/10\/SportingPedia_logo.png\",\"width\":600,\"height\":101,\"caption\":\"SportingPedia\"},\"image\":{\"@id\":\"https:\/\/www.sportingpedia.com\/es\/#\/schema\/logo\/image\/\"}}]}<\/script>\n<!-- \/ Yoast SEO plugin. -->","yoast_head_json":{"title":"Calculadora de Apuesta Simple: Calcula tu Pago de Apuestas Deportivas","description":"Utiliza nuestra calculadora de apuestas simples para calcular el retorno de tu apuesta. Descubre cu\u00e1nto puedes ganar con tus apuestas simples en eventos deportivos.","robots":{"index":"index","follow":"follow","max-snippet":"max-snippet:-1","max-image-preview":"max-image-preview:large","max-video-preview":"max-video-preview:-1"},"canonical":"https:\/\/www.sportingpedia.com\/es\/betting-calculators\/single-bet-calculator\/","og_locale":"es_ES","og_type":"article","og_title":"Calculadora de Apuesta Simple: Calcula tu Pago de Apuestas Deportivas","og_description":"Utiliza nuestra calculadora de apuestas simples para calcular el retorno de tu apuesta. Descubre cu\u00e1nto puedes ganar con tus apuestas simples en eventos deportivos.","og_url":"https:\/\/www.sportingpedia.com\/es\/betting-calculators\/single-bet-calculator\/","og_site_name":"Sportingpedia - Latest Sports News From All Over the World","article_modified_time":"2025-11-26T09:31:52+00:00","twitter_card":"summary_large_image","twitter_misc":{"Tiempo de lectura":"5 minutos"},"schema":{"@context":"https:\/\/schema.org","@graph":[{"@type":"WebPage","@id":"https:\/\/www.sportingpedia.com\/es\/betting-calculators\/single-bet-calculator\/","url":"https:\/\/www.sportingpedia.com\/es\/betting-calculators\/single-bet-calculator\/","name":"Calculadora de Apuesta Simple: Calcula tu Pago de Apuestas Deportivas","isPartOf":{"@id":"https:\/\/www.sportingpedia.com\/es\/#website"},"primaryImageOfPage":{"@id":"https:\/\/www.sportingpedia.com\/es\/betting-calculators\/single-bet-calculator\/#primaryimage"},"image":{"@id":"https:\/\/www.sportingpedia.com\/es\/betting-calculators\/single-bet-calculator\/#primaryimage"},"thumbnailUrl":"https:\/\/www.sportingpedia.com\/wp-content\/uploads\/2023\/03\/single-bet-calculator-featured.svg","datePublished":"2025-04-10T08:00:28+00:00","dateModified":"2025-11-26T09:31:52+00:00","description":"Utiliza nuestra calculadora de apuestas simples para calcular el retorno de tu apuesta. Descubre cu\u00e1nto puedes ganar con tus apuestas simples en eventos deportivos.","breadcrumb":{"@id":"https:\/\/www.sportingpedia.com\/es\/betting-calculators\/single-bet-calculator\/#breadcrumb"},"inLanguage":"es","potentialAction":[{"@type":"ReadAction","target":["https:\/\/www.sportingpedia.com\/es\/betting-calculators\/single-bet-calculator\/"]}]},{"@type":"ImageObject","inLanguage":"es","@id":"https:\/\/www.sportingpedia.com\/es\/betting-calculators\/single-bet-calculator\/#primaryimage","url":"https:\/\/www.sportingpedia.com\/wp-content\/uploads\/2023\/03\/single-bet-calculator-featured.svg","contentUrl":"https:\/\/www.sportingpedia.com\/wp-content\/uploads\/2023\/03\/single-bet-calculator-featured.svg"},{"@type":"BreadcrumbList","@id":"https:\/\/www.sportingpedia.com\/es\/betting-calculators\/single-bet-calculator\/#breadcrumb","itemListElement":[{"@type":"ListItem","position":1,"name":"Inicio","item":"https:\/\/www.sportingpedia.com\/es\/home-2\/"},{"@type":"ListItem","position":2,"name":"Calculadoras de Apuestas Deportivas","item":"https:\/\/www.sportingpedia.com\/es\/betting-calculators\/"},{"@type":"ListItem","position":3,"name":"Calculadora de Apuesta Simple"}]},{"@type":"WebSite","@id":"https:\/\/www.sportingpedia.com\/es\/#website","url":"https:\/\/www.sportingpedia.com\/es\/","name":"Sportingpedia - Latest Sports News From All Over the World","description":"","publisher":{"@id":"https:\/\/www.sportingpedia.com\/es\/#organization"},"potentialAction":[{"@type":"SearchAction","target":{"@type":"EntryPoint","urlTemplate":"https:\/\/www.sportingpedia.com\/es\/?s={search_term_string}"},"query-input":{"@type":"PropertyValueSpecification","valueRequired":true,"valueName":"search_term_string"}}],"inLanguage":"es"},{"@type":"Organization","@id":"https:\/\/www.sportingpedia.com\/es\/#organization","name":"SportingPedia","url":"https:\/\/www.sportingpedia.com\/es\/","logo":{"@type":"ImageObject","inLanguage":"es","@id":"https:\/\/www.sportingpedia.com\/es\/#\/schema\/logo\/image\/","url":"https:\/\/www.sportingpedia.com\/wp-content\/uploads\/2019\/10\/SportingPedia_logo.png","contentUrl":"https:\/\/www.sportingpedia.com\/wp-content\/uploads\/2019\/10\/SportingPedia_logo.png","width":600,"height":101,"caption":"SportingPedia"},"image":{"@id":"https:\/\/www.sportingpedia.com\/es\/#\/schema\/logo\/image\/"}}]}},"_links":{"self":[{"href":"https:\/\/www.sportingpedia.com\/es\/wp-json\/wp\/v2\/pages\/118935","targetHints":{"allow":["GET"]}}],"collection":[{"href":"https:\/\/www.sportingpedia.com\/es\/wp-json\/wp\/v2\/pages"}],"about":[{"href":"https:\/\/www.sportingpedia.com\/es\/wp-json\/wp\/v2\/types\/page"}],"author":[{"embeddable":true,"href":"https:\/\/www.sportingpedia.com\/es\/wp-json\/wp\/v2\/users\/8"}],"replies":[{"embeddable":true,"href":"https:\/\/www.sportingpedia.com\/es\/wp-json\/wp\/v2\/comments?post=118935"}],"version-history":[{"count":2,"href":"https:\/\/www.sportingpedia.com\/es\/wp-json\/wp\/v2\/pages\/118935\/revisions"}],"predecessor-version":[{"id":147549,"href":"https:\/\/www.sportingpedia.com\/es\/wp-json\/wp\/v2\/pages\/118935\/revisions\/147549"}],"up":[{"embeddable":true,"href":"https:\/\/www.sportingpedia.com\/es\/wp-json\/wp\/v2\/pages\/118943"}],"wp:featuredmedia":[{"embeddable":true,"href":"https:\/\/www.sportingpedia.com\/es\/wp-json\/wp\/v2\/media\/125048"}],"wp:attachment":[{"href":"https:\/\/www.sportingpedia.com\/es\/wp-json\/wp\/v2\/media?parent=118935"}],"curies":[{"name":"wp","href":"https:\/\/api.w.org\/{rel}","templated":true}]}}