{"id":118936,"date":"2025-04-10T08:00:28","date_gmt":"2025-04-10T08:00:28","guid":{"rendered":"https:\/\/www.sportingpedia.com\/?page_id=118936"},"modified":"2025-11-26T09:32:50","modified_gmt":"2025-11-26T09:32:50","slug":"double-bet-calculator","status":"publish","type":"page","link":"https:\/\/www.sportingpedia.com\/es\/betting-calculators\/double-bet-calculator\/","title":{"rendered":"Calculadora de Doble Apuesta"},"content":{"rendered":"<p>La apuesta doble es otro tipo simple de apuesta que los apostadores pueden realizar en varios eventos deportivos y no deportivos. Esta es una <strong>opci\u00f3n de apuesta m\u00faltiple<\/strong>, que consiste en dos selecciones y paga solo si ambas selecciones ganan. Para calcular el retorno de este tipo de apuesta, puedes usar nuestra herramienta Calculadora de Apuesta Doble a continuaci\u00f3n.<\/p>\n\n\t\t<div class=\"container p-3 widget-betting-calculator\">\n\t\t\t<div class=\"row\">\n\t\t\t\t<div class=\"col-12 col-md-6 form-group\">\n\t\t\t\t\t<label for=\"format\">Formato de cuotas:<\/label>\n\t\t\t\t\t<select class=\"form-control\" id=\"format\">\n\t\t\t\t\t\t<option value=\"decimal\">Decimal<\/option>\n\t\t\t\t\t\t<option value=\"american\">Americana<\/option>\n\t\t\t\t\t\t<option value=\"fractional\">Fraccional<\/option>\n\t\t\t\t\t<\/select>\n\t\t\t\t<\/div>\n\t\t\t\t\n\t\t\t\t<div class=\"col-12 col-md-6 form-group\">\n\t\t\t\t\t<label for=\"stake\">Apuesta:<\/label>\n\t\t\t\t\t<input type=\"text\" class=\"form-control\" id=\"stake\" placeholder=\"Introduce la apuesta\">\n\t\t\t\t<\/div>\n\n\t\t\t\t<div class=\"col-12 col-md-6 form-group\">\n\t\t\t\t\t<label for=\"odds\">Cuotas:<\/label>\n\t\t\t\t\t<input type=\"text\" class=\"form-control\" id=\"odds\" placeholder=\"Introduce las cuotas\">\n\t\t\t\t<\/div>\n\n\t\t\t\t<div class=\"col-12 col-md-6 form-group\">\n\t\t\t\t\t<label for=\"odds2\">Cuota 2:<\/label>\n\t\t\t\t\t<input type=\"text\" class=\"form-control\" id=\"odds2\" placeholder=\"Introduce las cuotas\">\n\t\t\t\t<\/div>\n\t\t\t<\/div>\n\n\t\t\t\t<div id=\"result\"><\/div>\n\n\t\t\t\t<button type=\"button\" class=\"btn btn-primary\" id=\"calculate\">Calcular<\/button>\n\t\t\t\t<button type=\"button\" class=\"btn btn-warning\" id=\"reset\">Reiniciar<\/button>\n\t\t\t\t\n\t\t<\/div>\n\n\t\t<script>\n\t\t\tjQuery(document).ready(function($) {\n\t\t\t\t$(\"#calculate\").click(function() {\n\t\t\t    var format = $(\"#format\").val();\n\t\t\t    var odds = $(\"#odds\").val();\n\t\t\t    var odds2 = $(\"#odds2\").val();\n\t\t\t    var stake = $(\"#stake\").val();\n\t\t\t    if (format == \"decimal\") {\n\t\t\t      \tif ($.isNumeric(odds) && odds > 1 && $.isNumeric(odds2) && odds2 > 1) {\n\t\t\t        \tvar payout = (stake * (parseFloat(odds) * parseFloat(odds2))).toFixed(2);\n\t\t\t        \tvar profit = (payout - stake).toFixed(2);\n\t\t\t        \t$(\"#result\").html(\"Pago: $\" + payout + \"<br>Ganancia: $\" + profit).addClass(\"success\");\n\t\t\t      \t} else {\n\t\t\t        \t$(\"#result\").html(\"Introduce cuotas decimales v\u00e1lidas mayores que 1.\").addClass(\"error\");\n\t\t\t      \t}\n\t\t\t    } else if (format == \"american\") {\n\t\t\t      \tif ($.isNumeric(odds) && $.isNumeric(odds2)) {\n\t\t\t\t        var decimalOdds, decimalOdds2;\n\t\t\t\t        if (odds > 0) {\n\t\t\t\t          decimalOdds = (odds \/ 100 + 1).toFixed(2);\n\t\t\t\t        } else {\n\t\t\t\t          decimalOdds = (100 \/ -odds + 1).toFixed(2);\n\t\t\t\t        }\n\t\t\t\t        if (odds2 > 0) {\n\t\t\t\t          decimalOdds2 = (odds2 \/ 100 + 1).toFixed(2);\n\t\t\t\t        } else {\n\t\t\t\t          decimalOdds2 = (100 \/ -odds2 + 1).toFixed(2);\n\t\t\t\t        }\n\t\t\t\t        var payout = (stake * (parseFloat(decimalOdds) * parseFloat(decimalOdds2))).toFixed(2);\n\t\t\t\t        var profit = (payout - stake).toFixed(2);\n\t\t\t\t        $(\"#result\").html(\"Pago: $\" + payout + \"<br>Ganancia: $\" + profit).addClass(\"success\");\n\t\t\t      \t} else {\n\t\t\t        \t$(\"#result\").html(\"Introduce cuotas americanas v\u00e1lidas.\").addClass(\"error\");\n\t\t\t      \t}\n\t\t\t    } else if (format == \"fractional\") {\n\t\t\t      \tif (\/^\\d+\\\/\\d+$\/.test(odds) && \/^\\d+\\\/\\d+$\/.test(odds2)) {\n\t\t\t\t        var parts = odds.split(\"\/\");\n\t\t\t\t        var numerator = parseInt(parts[0]);\n\t\t\t\t        var denominator = parseInt(parts[1]);\n\t\t\t\t        var decimalOdds = (numerator \/ denominator + 1).toFixed(2);\n\t\t\t\t        var parts2 = odds2.split(\"\/\");\n\t\t\t\t        var numerator2 = parseInt(parts2[0]);\n\t\t\t\t        var denominator2 = parseInt(parts2[1]);\n\t\t\t\t        var decimalOdds2 = (numerator2 \/ denominator2 + 1).toFixed(2);\n\t\t\t\t        var payout = (stake * (parseFloat(decimalOdds) * parseFloat(decimalOdds2))).toFixed(2);\n\t\t\t\t        var profit = (payout - stake).toFixed(2);\n\t\t\t\t        $(\"#result\").html(\"Pago: $\" + payout + \"<br>Ganancia: $\" + profit).addClass(\"success\");\n\t\t\t      \t} else {\n\t\t\t        \t$(\"#result\").html(\"Introduce cuotas fraccionarias v\u00e1lidas en el formato X\/Y.\").addClass(\"error\");\n\t\t\t      \t}\n\t\t\t    }\n\n\t\t\t  });\n\t\t\t  $(\"#reset\").click(function() {\n\t\t\t    $(\"#odds\").val(\"\");\n\t\t\t    $(\"#odds2\").val(\"\");\n\t\t\t    $(\"#stake\").val(\"\");\n\t\t\t    $(\"#result\").html(\"\").removeClass();\n\t\t\t  });\n\t\t\t});\n\t\t<\/script>\n\t\n<div class=\"mb-3\">&nbsp;<\/div>\n\n<h2 id=\"what\">\u00bfQu\u00e9 es una apuesta doble?<\/h2>\n<p><img decoding=\"async\" src=\"https:\/\/www.sportingpedia.com\/wp-content\/uploads\/2021\/02\/football-betting-accumulators-vs-single_single-bets.svg\" alt=\"\u00bfQu\u00e9 es una apuesta doble?\" width=\"300\" height=\"150\" class=\"alignleft \">A diferencia de las apuestas simples, donde puedes elegir dos selecciones separadas y ganar de forma independiente en cada una de ellas, las apuestas dobles ofrecen el retorno de otra manera. Siempre que elijas dos selecciones para tu apuesta doble, el retorno del primer evento, si resulta ganador, se trasladar\u00e1 para asegurar una participaci\u00f3n en la segunda selecci\u00f3n. <strong>Por eso debes acertar ambas selecciones para recibir un pago<\/strong>.<\/p>\n<p>Si a\u00fan eres un novato en las apuestas deportivas, puede que no veas las ventajas de hacer una apuesta doble en lugar de dos apuestas simples en los eventos donde quieres invertir tu dinero. En pocas palabras, <strong>las cuotas de una apuesta doble son mayores que las cuotas ofrecidas en dos selecciones por separado<\/strong>. Si utilizas nuestras calculadoras de Apuestas Simples y Apuestas Dobles, notar\u00e1s f\u00e1cilmente la diferencia en el retorno potencial.<\/p>\n<p>Las apuestas dobles son populares entre los aficionados al f\u00fatbol, al tenis, a las carreras de caballos y a muchos otros deportes. Aunque lo dif\u00edcil de ganar una apuesta as\u00ed es acertar ambas selecciones que la componen, el retorno potencial es significativamente mejor con las apuestas dobles. <strong>Las cuotas en este tipo de apuesta se calculan multiplicando las cuotas de cada selecci\u00f3n<\/strong>. El resultado representar\u00e1 las cuotas combinadas en tu apuesta doble, y este tipo de apuesta ofrece el retorno esperado solo si ambas selecciones ganan.<\/p>\n<p>Tambi\u00e9n es posible realizar una apuesta doble each way, similar a una apuesta simple each way, lo que significa que colocar\u00e1s dos apuestas id\u00e9nticas en dos selecciones, manteniendo la regla de que ambas apuestas each way deben ganar para recibir un retorno en tu apuesta doble.<\/p>\n<h2 id=\"work\">\u00bfC\u00f3mo funciona nuestra calculadora de apuestas dobles?<\/h2>\n<p><img decoding=\"async\" src=\"https:\/\/www.sportingpedia.com\/wp-content\/uploads\/2021\/02\/nfl-betting-cashout_calculating.svg\" alt=\"\u00bfC\u00f3mo Funciona Nuestra Calculadora de Apuestas Dobles?\" width=\"300\" height=\"150\" class=\"alignleft \">Para calcular el retorno potencial de tus apuestas dobles, puedes usar nuestra calculadora, que es extremadamente f\u00e1cil de usar y te mostrar\u00e1 de inmediato el beneficio que puedes esperar. Para <strong>ajustar el formato de las cuotas de la calculadora<\/strong>, dir\u00edgete a la configuraci\u00f3n de la herramienta, donde podr\u00e1s elegir entre los formatos de cuotas de uso com\u00fan. Tambi\u00e9n puedes a\u00f1adir notas sobre tus selecciones o activar configuraciones especiales de Each Way.<\/p>\n<p>Una vez que tengas lista la configuraci\u00f3n, puedes indicar si optas por <strong>apuestas each way<\/strong> o no. Tambi\u00e9n debes elegir el n\u00famero de selecciones en las que est\u00e1s considerando apostar. Dado que est\u00e1s haciendo una apuesta doble, el m\u00ednimo es de dos selecciones, pero puedes ver el retorno de hasta 20 selecciones. Ten en cuenta que, cuando eliges m\u00e1s selecciones de las requeridas para una apuesta doble, tus apuestas se considerar\u00e1n \u00abperms\u00bb (combinaciones de apuestas).<\/p>\n<p>Si apuestas por un corredor en un evento de carreras de caballos y se aplica la <strong>Regla 4<\/strong>, tambi\u00e9n puedes ajustar la calculadora para incluir esta regla en las estimaciones del retorno potencial. El siguiente paso es elegir el resultado de cada selecci\u00f3n, con las opciones disponibles: Ganador, Perdedor, Empate y Nulo\/No participante.<\/p>\n<p>Tendr\u00e1s que introducir las cuotas para cada selecci\u00f3n de tu apuesta doble, con la libertad de hacerlo en el formato que te resulte m\u00e1s conveniente. <strong>El siguiente paso es introducir la cantidad que te gustar\u00eda apostar<\/strong>; en nuestra calculadora puedes elegir entre aplicar esta cantidad como apuesta total o calcular el retorno tomando esa cifra como la cantidad por apuesta.<\/p>\n<p>Una vez que hayas introducido la informaci\u00f3n requerida, ver\u00e1s el total apostado, la cantidad de la apuesta simple, el retorno total y <strong>el beneficio total que puedes esperar de tus apuestas dobles<\/strong>. Puedes guardar la apuesta generada o borrar todos los datos que hayas introducido en la calculadora.<\/p>\n<h2 id=\"why\">\u00bfPor qu\u00e9 deber\u00edas usar una calculadora de apuestas dobles?<\/h2>\n<p><img decoding=\"async\" src=\"https:\/\/www.sportingpedia.com\/wp-content\/uploads\/2021\/02\/football-betting-how-to-calculate-arbitrage-bets_why-do-such-opportunities-appear.svg\" alt=\"Why Should You Use a Double Bet Calculator?\" width=\"300\" height=\"150\" class=\"alignleft \">Aunque las apuestas dobles son la forma m\u00e1s sencilla de apuestas m\u00faltiples, sigue siendo mucho m\u00e1s f\u00e1cil calcular tus ganancias con una calculadora. Gracias a esta herramienta, <strong>puedes ver claramente la diferencia entre realizar dos apuestas simples u optar por una apuesta doble<\/strong>. Con la ayuda de nuestra Calculadora de Apuestas Dobles, ver\u00e1s c\u00f3mo aumentar el n\u00famero de selecciones afecta el monto total de tu apuesta y tu ganancia potencial.<\/p>\n<p>En pocas palabras, <strong>usar una Calculadora de Apuestas Dobles<\/strong> puede ayudarte a determinar la ganancia potencial de tu sesi\u00f3n de apuestas antes siquiera de colocar una apuesta en la casa de apuestas. Si te interesan las apuestas m\u00faltiples, tambi\u00e9n puedes consultar nuestra Calculadora de Apuestas Triples y la Calculadora de Apuestas Acumulativas.<\/p>\n","protected":false},"excerpt":{"rendered":"<p>La apuesta doble es otro tipo simple de apuesta que los apostadores pueden realizar en varios eventos deportivos y no deportivos. Esta es una opci\u00f3n de apuesta m\u00faltiple, que consiste en dos selecciones y paga solo si ambas selecciones ganan. Para calcular el retorno de este tipo de apuesta, puedes usar nuestra herramienta Calculadora de [&hellip;]<\/p>\n","protected":false},"author":8,"featured_media":125050,"parent":118943,"menu_order":200,"comment_status":"closed","ping_status":"closed","template":"template-guide-page.php","meta":{"footnotes":""},"class_list":["post-118936","page","type-page","status-publish","has-post-thumbnail","hentry"],"yoast_head":"<!-- This site is optimized with the Yoast SEO plugin v26.6 - https:\/\/yoast.com\/wordpress\/plugins\/seo\/ -->\n<title>Calculadora de Apuestas Dobles: Calcula tu Pago de Apuestas Deportivas<\/title>\n<meta name=\"description\" content=\"Usa nuestra calculadora de apuestas Dobles para calcular el retorno de tu apuesta. Descubre cu\u00e1nto puedes ganar con tus apuestas en eventos deportivos.\" \/>\n<meta name=\"robots\" content=\"index, follow, max-snippet:-1, max-image-preview:large, max-video-preview:-1\" \/>\n<link rel=\"canonical\" href=\"https:\/\/www.sportingpedia.com\/es\/betting-calculators\/double-bet-calculator\/\" \/>\n<meta property=\"og:locale\" content=\"es_ES\" \/>\n<meta property=\"og:type\" content=\"article\" \/>\n<meta property=\"og:title\" content=\"Calculadora de Apuestas Dobles: Calcula tu Pago de Apuestas Deportivas\" \/>\n<meta property=\"og:description\" content=\"Usa nuestra calculadora de apuestas Dobles para calcular el retorno de tu apuesta. Descubre cu\u00e1nto puedes ganar con tus apuestas en eventos deportivos.\" \/>\n<meta property=\"og:url\" content=\"https:\/\/www.sportingpedia.com\/es\/betting-calculators\/double-bet-calculator\/\" \/>\n<meta property=\"og:site_name\" content=\"Sportingpedia - Latest Sports News From All Over the World\" \/>\n<meta property=\"article:modified_time\" content=\"2025-11-26T09:32:50+00:00\" \/>\n<meta name=\"twitter:card\" content=\"summary_large_image\" \/>\n<meta name=\"twitter:label1\" content=\"Tiempo de lectura\" \/>\n\t<meta name=\"twitter:data1\" content=\"5 minutos\" \/>\n<script type=\"application\/ld+json\" class=\"yoast-schema-graph\">{\"@context\":\"https:\/\/schema.org\",\"@graph\":[{\"@type\":\"WebPage\",\"@id\":\"https:\/\/www.sportingpedia.com\/es\/betting-calculators\/double-bet-calculator\/\",\"url\":\"https:\/\/www.sportingpedia.com\/es\/betting-calculators\/double-bet-calculator\/\",\"name\":\"Calculadora de Apuestas Dobles: Calcula tu Pago de Apuestas Deportivas\",\"isPartOf\":{\"@id\":\"https:\/\/www.sportingpedia.com\/es\/#website\"},\"primaryImageOfPage\":{\"@id\":\"https:\/\/www.sportingpedia.com\/es\/betting-calculators\/double-bet-calculator\/#primaryimage\"},\"image\":{\"@id\":\"https:\/\/www.sportingpedia.com\/es\/betting-calculators\/double-bet-calculator\/#primaryimage\"},\"thumbnailUrl\":\"https:\/\/www.sportingpedia.com\/wp-content\/uploads\/2023\/03\/double-bet-calculator-featured.svg\",\"datePublished\":\"2025-04-10T08:00:28+00:00\",\"dateModified\":\"2025-11-26T09:32:50+00:00\",\"description\":\"Usa nuestra calculadora de apuestas Dobles para calcular el retorno de tu apuesta. Descubre cu\u00e1nto puedes ganar con tus apuestas en eventos deportivos.\",\"breadcrumb\":{\"@id\":\"https:\/\/www.sportingpedia.com\/es\/betting-calculators\/double-bet-calculator\/#breadcrumb\"},\"inLanguage\":\"es\",\"potentialAction\":[{\"@type\":\"ReadAction\",\"target\":[\"https:\/\/www.sportingpedia.com\/es\/betting-calculators\/double-bet-calculator\/\"]}]},{\"@type\":\"ImageObject\",\"inLanguage\":\"es\",\"@id\":\"https:\/\/www.sportingpedia.com\/es\/betting-calculators\/double-bet-calculator\/#primaryimage\",\"url\":\"https:\/\/www.sportingpedia.com\/wp-content\/uploads\/2023\/03\/double-bet-calculator-featured.svg\",\"contentUrl\":\"https:\/\/www.sportingpedia.com\/wp-content\/uploads\/2023\/03\/double-bet-calculator-featured.svg\"},{\"@type\":\"BreadcrumbList\",\"@id\":\"https:\/\/www.sportingpedia.com\/es\/betting-calculators\/double-bet-calculator\/#breadcrumb\",\"itemListElement\":[{\"@type\":\"ListItem\",\"position\":1,\"name\":\"Inicio\",\"item\":\"https:\/\/www.sportingpedia.com\/es\/home-2\/\"},{\"@type\":\"ListItem\",\"position\":2,\"name\":\"Calculadoras de Apuestas Deportivas\",\"item\":\"https:\/\/www.sportingpedia.com\/es\/betting-calculators\/\"},{\"@type\":\"ListItem\",\"position\":3,\"name\":\"Calculadora de Doble Apuesta\"}]},{\"@type\":\"WebSite\",\"@id\":\"https:\/\/www.sportingpedia.com\/es\/#website\",\"url\":\"https:\/\/www.sportingpedia.com\/es\/\",\"name\":\"Sportingpedia - Latest Sports News From All Over the World\",\"description\":\"\",\"publisher\":{\"@id\":\"https:\/\/www.sportingpedia.com\/es\/#organization\"},\"potentialAction\":[{\"@type\":\"SearchAction\",\"target\":{\"@type\":\"EntryPoint\",\"urlTemplate\":\"https:\/\/www.sportingpedia.com\/es\/?s={search_term_string}\"},\"query-input\":{\"@type\":\"PropertyValueSpecification\",\"valueRequired\":true,\"valueName\":\"search_term_string\"}}],\"inLanguage\":\"es\"},{\"@type\":\"Organization\",\"@id\":\"https:\/\/www.sportingpedia.com\/es\/#organization\",\"name\":\"SportingPedia\",\"url\":\"https:\/\/www.sportingpedia.com\/es\/\",\"logo\":{\"@type\":\"ImageObject\",\"inLanguage\":\"es\",\"@id\":\"https:\/\/www.sportingpedia.com\/es\/#\/schema\/logo\/image\/\",\"url\":\"https:\/\/www.sportingpedia.com\/wp-content\/uploads\/2019\/10\/SportingPedia_logo.png\",\"contentUrl\":\"https:\/\/www.sportingpedia.com\/wp-content\/uploads\/2019\/10\/SportingPedia_logo.png\",\"width\":600,\"height\":101,\"caption\":\"SportingPedia\"},\"image\":{\"@id\":\"https:\/\/www.sportingpedia.com\/es\/#\/schema\/logo\/image\/\"}}]}<\/script>\n<!-- \/ Yoast SEO plugin. -->","yoast_head_json":{"title":"Calculadora de Apuestas Dobles: Calcula tu Pago de Apuestas Deportivas","description":"Usa nuestra calculadora de apuestas Dobles para calcular el retorno de tu apuesta. Descubre cu\u00e1nto puedes ganar con tus apuestas en eventos deportivos.","robots":{"index":"index","follow":"follow","max-snippet":"max-snippet:-1","max-image-preview":"max-image-preview:large","max-video-preview":"max-video-preview:-1"},"canonical":"https:\/\/www.sportingpedia.com\/es\/betting-calculators\/double-bet-calculator\/","og_locale":"es_ES","og_type":"article","og_title":"Calculadora de Apuestas Dobles: Calcula tu Pago de Apuestas Deportivas","og_description":"Usa nuestra calculadora de apuestas Dobles para calcular el retorno de tu apuesta. Descubre cu\u00e1nto puedes ganar con tus apuestas en eventos deportivos.","og_url":"https:\/\/www.sportingpedia.com\/es\/betting-calculators\/double-bet-calculator\/","og_site_name":"Sportingpedia - Latest Sports News From All Over the World","article_modified_time":"2025-11-26T09:32:50+00:00","twitter_card":"summary_large_image","twitter_misc":{"Tiempo de lectura":"5 minutos"},"schema":{"@context":"https:\/\/schema.org","@graph":[{"@type":"WebPage","@id":"https:\/\/www.sportingpedia.com\/es\/betting-calculators\/double-bet-calculator\/","url":"https:\/\/www.sportingpedia.com\/es\/betting-calculators\/double-bet-calculator\/","name":"Calculadora de Apuestas Dobles: Calcula tu Pago de Apuestas Deportivas","isPartOf":{"@id":"https:\/\/www.sportingpedia.com\/es\/#website"},"primaryImageOfPage":{"@id":"https:\/\/www.sportingpedia.com\/es\/betting-calculators\/double-bet-calculator\/#primaryimage"},"image":{"@id":"https:\/\/www.sportingpedia.com\/es\/betting-calculators\/double-bet-calculator\/#primaryimage"},"thumbnailUrl":"https:\/\/www.sportingpedia.com\/wp-content\/uploads\/2023\/03\/double-bet-calculator-featured.svg","datePublished":"2025-04-10T08:00:28+00:00","dateModified":"2025-11-26T09:32:50+00:00","description":"Usa nuestra calculadora de apuestas Dobles para calcular el retorno de tu apuesta. Descubre cu\u00e1nto puedes ganar con tus apuestas en eventos deportivos.","breadcrumb":{"@id":"https:\/\/www.sportingpedia.com\/es\/betting-calculators\/double-bet-calculator\/#breadcrumb"},"inLanguage":"es","potentialAction":[{"@type":"ReadAction","target":["https:\/\/www.sportingpedia.com\/es\/betting-calculators\/double-bet-calculator\/"]}]},{"@type":"ImageObject","inLanguage":"es","@id":"https:\/\/www.sportingpedia.com\/es\/betting-calculators\/double-bet-calculator\/#primaryimage","url":"https:\/\/www.sportingpedia.com\/wp-content\/uploads\/2023\/03\/double-bet-calculator-featured.svg","contentUrl":"https:\/\/www.sportingpedia.com\/wp-content\/uploads\/2023\/03\/double-bet-calculator-featured.svg"},{"@type":"BreadcrumbList","@id":"https:\/\/www.sportingpedia.com\/es\/betting-calculators\/double-bet-calculator\/#breadcrumb","itemListElement":[{"@type":"ListItem","position":1,"name":"Inicio","item":"https:\/\/www.sportingpedia.com\/es\/home-2\/"},{"@type":"ListItem","position":2,"name":"Calculadoras de Apuestas Deportivas","item":"https:\/\/www.sportingpedia.com\/es\/betting-calculators\/"},{"@type":"ListItem","position":3,"name":"Calculadora de Doble Apuesta"}]},{"@type":"WebSite","@id":"https:\/\/www.sportingpedia.com\/es\/#website","url":"https:\/\/www.sportingpedia.com\/es\/","name":"Sportingpedia - Latest Sports News From All Over the World","description":"","publisher":{"@id":"https:\/\/www.sportingpedia.com\/es\/#organization"},"potentialAction":[{"@type":"SearchAction","target":{"@type":"EntryPoint","urlTemplate":"https:\/\/www.sportingpedia.com\/es\/?s={search_term_string}"},"query-input":{"@type":"PropertyValueSpecification","valueRequired":true,"valueName":"search_term_string"}}],"inLanguage":"es"},{"@type":"Organization","@id":"https:\/\/www.sportingpedia.com\/es\/#organization","name":"SportingPedia","url":"https:\/\/www.sportingpedia.com\/es\/","logo":{"@type":"ImageObject","inLanguage":"es","@id":"https:\/\/www.sportingpedia.com\/es\/#\/schema\/logo\/image\/","url":"https:\/\/www.sportingpedia.com\/wp-content\/uploads\/2019\/10\/SportingPedia_logo.png","contentUrl":"https:\/\/www.sportingpedia.com\/wp-content\/uploads\/2019\/10\/SportingPedia_logo.png","width":600,"height":101,"caption":"SportingPedia"},"image":{"@id":"https:\/\/www.sportingpedia.com\/es\/#\/schema\/logo\/image\/"}}]}},"_links":{"self":[{"href":"https:\/\/www.sportingpedia.com\/es\/wp-json\/wp\/v2\/pages\/118936","targetHints":{"allow":["GET"]}}],"collection":[{"href":"https:\/\/www.sportingpedia.com\/es\/wp-json\/wp\/v2\/pages"}],"about":[{"href":"https:\/\/www.sportingpedia.com\/es\/wp-json\/wp\/v2\/types\/page"}],"author":[{"embeddable":true,"href":"https:\/\/www.sportingpedia.com\/es\/wp-json\/wp\/v2\/users\/8"}],"replies":[{"embeddable":true,"href":"https:\/\/www.sportingpedia.com\/es\/wp-json\/wp\/v2\/comments?post=118936"}],"version-history":[{"count":2,"href":"https:\/\/www.sportingpedia.com\/es\/wp-json\/wp\/v2\/pages\/118936\/revisions"}],"predecessor-version":[{"id":147550,"href":"https:\/\/www.sportingpedia.com\/es\/wp-json\/wp\/v2\/pages\/118936\/revisions\/147550"}],"up":[{"embeddable":true,"href":"https:\/\/www.sportingpedia.com\/es\/wp-json\/wp\/v2\/pages\/118943"}],"wp:featuredmedia":[{"embeddable":true,"href":"https:\/\/www.sportingpedia.com\/es\/wp-json\/wp\/v2\/media\/125050"}],"wp:attachment":[{"href":"https:\/\/www.sportingpedia.com\/es\/wp-json\/wp\/v2\/media?parent=118936"}],"curies":[{"name":"wp","href":"https:\/\/api.w.org\/{rel}","templated":true}]}}