{"id":118937,"date":"2025-04-10T08:00:28","date_gmt":"2025-04-10T08:00:28","guid":{"rendered":"https:\/\/www.sportingpedia.com\/?page_id=118937"},"modified":"2025-11-26T09:33:57","modified_gmt":"2025-11-26T09:33:57","slug":"treble-bet-calculator","status":"publish","type":"page","link":"https:\/\/www.sportingpedia.com\/es\/betting-calculators\/treble-bet-calculator\/","title":{"rendered":"Calculadora de Apuestas de Triple Combinada"},"content":{"rendered":"<p>Similar a las apuestas dobles, las apuestas triples combinan tres selecciones directas y este tipo de apuesta ofrece un retorno \u00fanicamente si las tres selecciones resultan ganadoras. Si tienes curiosidad por saber cu\u00e1nto podr\u00edas ganar con tus apuestas triples, puedes recurrir a <strong>nuestra calculadora f\u00e1cil de usar<\/strong>, que revelar\u00e1 al instante el beneficio potencial que puedes esperar.<\/p>\n\n\t\t<div class=\"container p-3 widget-betting-calculator\">\n\t\t\t<div class=\"row\">\n\t\t\t\t<div class=\"col-12 col-md-6 form-group\">\n\t\t\t\t\t<label for=\"format\">Formato de cuotas:<\/label>\n\t\t\t\t\t<select class=\"form-control\" id=\"format\">\n\t\t\t\t\t\t<option value=\"decimal\">Decimal<\/option>\n\t\t\t\t\t\t<option value=\"american\">Americana<\/option>\n\t\t\t\t\t\t<option value=\"fractional\">Fraccional<\/option>\n\t\t\t\t\t<\/select>\n\t\t\t\t<\/div>\n\t\t\t\t\n\t\t\t\t<div class=\"col-12 col-md-6 form-group\">\n\t\t\t\t\t<label for=\"stake\">Apuesta:<\/label>\n\t\t\t\t\t<input type=\"text\" class=\"form-control\" id=\"stake\" placeholder=\"Introduce la apuesta\">\n\t\t\t\t<\/div>\n\n\t\t\t\t<div class=\"col-12 col-md-4 form-group\">\n\t\t\t\t\t<label for=\"odds\">Cuotas:<\/label>\n\t\t\t\t\t<input type=\"text\" class=\"form-control\" id=\"odds\" placeholder=\"Introduce las cuotas\">\n\t\t\t\t<\/div>\n\n\t\t\t\t<div class=\"col-12 col-md-4 form-group\">\n\t\t\t\t\t<label for=\"odds2\">Cuota 2:<\/label>\n\t\t\t\t\t<input type=\"text\" class=\"form-control\" id=\"odds2\" placeholder=\"Introduce las cuotas\">\n\t\t\t\t<\/div>\n\n\t\t\t\t<div class=\"col-12 col-md-4 form-group\">\n\t\t\t\t\t<label for=\"odds2\">Cuota 3:<\/label>\n\t\t\t\t\t<input type=\"text\" class=\"form-control\" id=\"odds3\" placeholder=\"Introduce las cuotas\">\n\t\t\t\t<\/div>\n\t\t\t<\/div>\n\n\t\t\t\t<div id=\"result\"><\/div>\n\n\t\t\t\t<button type=\"button\" class=\"btn btn-primary\" id=\"calculate\">Calcular<\/button>\n\t\t\t\t<button type=\"button\" class=\"btn btn-warning\" id=\"reset\">Reiniciar<\/button>\n\t\t\t\t\n\t\t<\/div>\n\n\t\t<script>\n\t\t\tjQuery(document).ready(function($) {\n\t\t\t\t$(\"#calculate\").click(function() {\n\t\t\t\t    var format = $(\"#format\").val();\n\t\t\t\t    var odds = $(\"#odds\").val();\n\t\t\t\t    var odds2 = $(\"#odds2\").val();\n\t\t\t\t    var odds3 = $(\"#odds3\").val();\n\t\t\t\t    var stake = $(\"#stake\").val();\n\t\t\t\t    if (format == \"decimal\") {\n\t\t\t\t      \tif ($.isNumeric(odds) && odds > 1 && $.isNumeric(odds2) && odds2 > 1 && $.isNumeric(odds3) && odds3 > 1) {\n\t\t\t\t        \tvar payout = (stake * (parseFloat(odds) * parseFloat(odds2) * parseFloat(odds3))).toFixed(2);\n\t\t\t\t        \tvar profit = (payout - stake).toFixed(2);\n\t\t\t\t        \t$(\"#result\").html(\"Pago: $\" + payout + \"<br>Ganancia: $\" + profit).addClass(\"success\");;\n\t\t\t\t      \t} else {\n\t\t\t\t        \t$(\"#result\").html(\"Introduce cuotas decimales v\u00e1lidas mayores que 1.\").addClass(\"error\");\n\t\t\t\t      \t}\n\t\t\t\t    } else if (format == \"american\") {\n\t\t\t\t      \tif ($.isNumeric(odds) && $.isNumeric(odds2) && $.isNumeric(odds3)) {\n\t\t\t\t\t        var decimalOdds, decimalOdds2, decimalOdds3;\n\t\t\t\t\t        if (odds > 0) {\n\t\t\t\t\t          decimalOdds = (odds \/ 100 + 1).toFixed(2);\n\t\t\t\t\t        } else {\n\t\t\t\t\t          decimalOdds = (100 \/ -odds + 1).toFixed(2);\n\t\t\t\t\t        }\n\t\t\t\t\t        if (odds2 > 0) {\n\t\t\t\t\t          decimalOdds2 = (odds2 \/ 100 + 1).toFixed(2);\n\t\t\t\t\t        } else {\n\t\t\t\t\t          decimalOdds2 = (100 \/ -odds2 + 1).toFixed(2);\n\t\t\t\t\t        }\n\t\t\t\t\t        if (odds3 > 0) {\n\t\t\t\t\t          decimalOdds3 = (odds3 \/ 100 + 1).toFixed(2);\n\t\t\t\t\t        } else {\n\t\t\t\t\t          decimalOdds3 = (100 \/ -odds3 + 1).toFixed(2);\n\t\t\t\t\t        }\n\t\t\t\t\t        var payout = (stake * (parseFloat(decimalOdds) * parseFloat(decimalOdds2) * parseFloat(decimalOdds3))).toFixed(2);\n\t\t\t\t\t        var profit = (payout - stake).toFixed(2);\n\t\t\t\t\t        $(\"#result\").html(\"Pago: $\" + payout + \"<br>Ganancia: $\" + profit).addClass(\"success\");;\n\t\t\t\t      \t} else {\n\t\t\t\t        \t$(\"#result\").html(\"Introduce cuotas americanas v\u00e1lidas.\").addClass(\"error\");\n\t\t\t\t      \t}\n\t\t\t\t    } else if (format == \"fractional\") {\n\t\t\t\t      \tif (\/^\\d+\\\/\\d+$\/.test(odds) && \/^\\d+\\\/\\d+$\/.test(odds2) && \/^\\d+\\\/\\d+$\/.test(odds3)) {\n\t\t\t\t\t        var parts = odds.split(\"\/\");\n\t\t\t\t\t        var numerator = parseInt(parts[0]);\n\t\t\t\t\t        var denominator = parseInt(parts[1]);\n\t\t\t\t\t        var decimalOdds = (numerator \/ denominator + 1).toFixed(2);\n\t\t\t\t\t        var parts2 = odds2.split(\"\/\");\n\t\t\t\t\t        var numerator2 = parseInt(parts2[0]);\n\t\t\t\t\t        var denominator2 = parseInt(parts2[1]);\n\t\t\t\t\t        var decimalOdds2 = (numerator2 \/ denominator2 + 1).toFixed(2);\n\t\t\t\t\t        var parts3 = odds3.split(\"\/\");\n\t\t\t\t\t        var numerator3 = parseInt(parts3[0]);\n\t\t\t\t\t        var denominator3 = parseInt(parts3[1]);\n\t\t\t\t\t        var decimalOdds3 = (numerator3 \/ denominator3 + 1).toFixed(2);\n\t\t\t\t\t        var payout = (stake * (parseFloat(decimalOdds) * parseFloat(decimalOdds2) * parseFloat(decimalOdds3))).toFixed(2);\n\t\t\t\t\t        var profit = (payout - stake).toFixed(2);\n\t\t\t\t\t        $(\"#result\").html(\"Pago: $\" + payout + \"<br>Ganancia: $\" + profit).addClass(\"success\");;\n\t\t\t\t      \t} else {\n\t\t\t\t        \t$(\"#result\").html(\"Introduce cuotas fraccionarias v\u00e1lidas en el formato X\/Y.\").addClass(\"error\");\n\t\t\t\t      \t}\n\t\t\t\t    }\n\t\t\t\t});\n\n\t\t\t\t$(\"#reset\").click(function() {\n\t\t\t\t    $(\"#odds\").val(\"\");\n\t\t\t\t    $(\"#odds2\").val(\"\");\n\t\t\t\t    $(\"#odds3\").val(\"\");\n\t\t\t\t    $(\"#stake\").val(\"\");\n\t\t\t\t    $(\"#result\").html(\"\").removeClass();\n\t\t\t\t});\n\t\t\t});\n\t\t<\/script>\n\t\n<div class=\"mb-3\">&nbsp;<\/div>\n\n<h2 id=\"what\">\u00bfQu\u00e9 es una apuesta triple?<\/h2>\n<p><img decoding=\"async\" src=\"https:\/\/www.sportingpedia.com\/wp-content\/uploads\/2021\/02\/football-betting-accumulators-vs-single_single-bets.svg\" alt=\"\u00bfQu\u00e9 es una Apuesta Triple?\" width=\"300\" height=\"150\" class=\"alignleft \">Si te preguntas cu\u00e1l es la diferencia entre hacer apuestas simples en tres selecciones distintas y realizar una apuesta triple sobre esas mismas selecciones, la respuesta sencilla radica en las cuotas que se ofrecen para tu apuesta. En lugar de recibir el retorno correspondiente de cada selecci\u00f3n, <strong>las cuotas de las tres selecciones se multiplicar\u00e1n<\/strong> y se aplicar\u00e1n a tu apuesta si las tres ganan.<\/p>\n<p>Siempre que realices una apuesta triple en tres eventos diferentes, el retorno que obtengas de la primera selecci\u00f3n se utiliza como apuesta en la segunda, y el beneficio de la segunda se vuelca en la tercera. De este modo, si las tres selecciones aciertan, disfrutas de un <strong>pago considerablemente mayor<\/strong>.<\/p>\n<p>Los apostadores tambi\u00e9n pueden realizar apuestas triples \u00abeach way\u00bb, lo que significa que colocan una triple a ganador y una triple a colocado sobre tres selecciones distintas. Como en realidad se realizan dos apuestas triples, la apuesta se duplicar\u00e1. Si deseas calcular el retorno potencial de una triple \u00abeach way\u00bb, simplemente puedes usar una calculadora de apuestas triples.<\/p>\n<h2 id=\"how\">\u00bfC\u00f3mo funciona nuestra calculadora de apuestas triples?<\/h2>\n<p><img decoding=\"async\" src=\"https:\/\/www.sportingpedia.com\/wp-content\/uploads\/2021\/02\/nfl-betting-cashout_calculating.svg\" alt=\"\u00bfC\u00f3mo Funciona Nuestra Calculadora de Apuestas Triples?\" width=\"300\" height=\"150\" class=\"alignleft \">Nuestra calculadora te mostrar\u00e1 al instante el retorno potencial de tu apuesta triple y la herramienta es extremadamente f\u00e1cil de usar para cualquier tipo de apostador. No importa el formato de cuotas que prefieras, <strong>puedes usar el men\u00fa de configuraci\u00f3n de nuestra calculadora para elegir entre los formatos de cuotas m\u00e1s habituales<\/strong>. Tambi\u00e9n puedes a\u00f1adir notas a tus selecciones o emplear configuraciones avanzadas de \u00abeach way\u00bb. <\/p>\n<p>Cuando hayas terminado la configuraci\u00f3n de tu boleto, puedes indicar si colocar\u00e1s una apuesta triple b\u00e1sica o una apuesta triple \u00abeach way\u00bb. El siguiente paso es elegir el n\u00famero de selecciones. Si bien una triple requiere tres selecciones, tambi\u00e9n puedes consultar el retorno de hasta 20 selecciones. Ten en cuenta que, en este caso, los c\u00e1lculos de m\u00e1s de tres selecciones se considerar\u00e1n estimaciones sobre el retorno de permutaciones (<strong>combinaci\u00f3n de apuestas<\/strong>).<\/p>\n<p>Si realizas tus triples en carreras de caballos, tambi\u00e9n puedes elegir incluir la Regla&nbsp;4 en los c\u00e1lculos de tu retorno potencial. Despu\u00e9s, selecciona el resultado por el que apuestas e introduce las cuotas en cada tramo de la apuesta triple. El resultado que puedes elegir para cada tramo puede ser Ganador, Empate t\u00e9cnico, Perdedor o Nulo\/No participante.<\/p>\n<p>Por \u00faltimo, debes indicar tu apuesta y especificar si se trata del importe total que destinar\u00e1s a la triple o del importe por selecci\u00f3n. Una vez hecho esto, ver\u00e1s el desembolso total en funci\u00f3n del importe apostado, <strong>el retorno total y el beneficio total que puedes esperar de tu apuesta triple exitosa<\/strong>. Puedes guardar el boleto que acabas de generar mediante la calculadora o borrar todos los detalles que has introducido.<\/p>\n<h2 id=\"why\">\u00bfPor qu\u00e9 deber\u00edas usar una calculadora de apuestas triples?<\/h2>\n<p><img decoding=\"async\" src=\"https:\/\/www.sportingpedia.com\/wp-content\/uploads\/2021\/02\/football-betting-how-to-calculate-arbitrage-bets_why-do-such-opportunities-appear.svg\" alt=\"\u00bfPor Qu\u00e9 Deber\u00edas Usar una Calculadora de Apuestas Triples?\" width=\"300\" height=\"150\" class=\"alignleft \">Usar una calculadora de apuestas triples ofrece una forma pr\u00e1ctica de calcular las cuotas combinadas y comparar el beneficio que obtendr\u00edas si optas por este tipo de apuesta en lugar de tres apuestas simples. Si utilizas nuestra calculadora, <strong>puedes ver f\u00e1cilmente el retorno potencial y el beneficio que obtendr\u00edas<\/strong>, lo que te permite determinar qu\u00e9 opci\u00f3n resulta m\u00e1s adecuada antes de apostar en una casa de apuestas.<\/p>\n<p>Como algunos apostadores disfrutan de las apuestas \u00abeach way\u00bb, nuestra calculadora tambi\u00e9n puede mostrar el retorno potencial de las triples \u00abeach way\u00bb. La posibilidad de presentar resultados con la Regla&nbsp;4 aplicada y otros ajustes espec\u00edficos tambi\u00e9n est\u00e1 disponible en nuestra calculadora de apuestas triples, lo que permite a los usuarios ser lo m\u00e1s detallados posible con el boleto que generen.<\/p>\n<p>Dado que tambi\u00e9n ofrecemos una<strong> calculadora de apuestas simples<\/strong>, los apostadores pueden comparar f\u00e1cilmente el retorno potencial de tres apuestas simples y de una apuesta triple sobre las mismas selecciones. Adem\u00e1s, quienes est\u00e9n interesados en apuestas m\u00faltiples pueden usar nuestras calculadoras de apuestas dobles y acumuladoras para determinar las mejores opciones para sus sesiones de juego.<\/p>\n","protected":false},"excerpt":{"rendered":"<p>Similar a las apuestas dobles, las apuestas triples combinan tres selecciones directas y este tipo de apuesta ofrece un retorno \u00fanicamente si las tres selecciones resultan ganadoras. Si tienes curiosidad por saber cu\u00e1nto podr\u00edas ganar con tus apuestas triples, puedes recurrir a nuestra calculadora f\u00e1cil de usar, que revelar\u00e1 al instante el beneficio potencial que [&hellip;]<\/p>\n","protected":false},"author":8,"featured_media":125052,"parent":118943,"menu_order":300,"comment_status":"closed","ping_status":"closed","template":"template-guide-page.php","meta":{"footnotes":""},"class_list":["post-118937","page","type-page","status-publish","has-post-thumbnail","hentry"],"yoast_head":"<!-- This site is optimized with the Yoast SEO plugin v26.6 - https:\/\/yoast.com\/wordpress\/plugins\/seo\/ -->\n<title>Calculadora de Apuestas Triples: Calcula tu Pago de Apuestas Deportivas<\/title>\n<meta name=\"description\" content=\"Utiliza nuestra calculadora de apuestas Treble Bet para calcular el retorno de tu apuesta. Descubre cu\u00e1nto puedes ganar con tus apuestas en eventos deportivos.\" \/>\n<meta name=\"robots\" content=\"index, follow, max-snippet:-1, max-image-preview:large, max-video-preview:-1\" \/>\n<link rel=\"canonical\" href=\"https:\/\/www.sportingpedia.com\/es\/betting-calculators\/treble-bet-calculator\/\" \/>\n<meta property=\"og:locale\" content=\"es_ES\" \/>\n<meta property=\"og:type\" content=\"article\" \/>\n<meta property=\"og:title\" content=\"Calculadora de Apuestas Triples: Calcula tu Pago de Apuestas Deportivas\" \/>\n<meta property=\"og:description\" content=\"Utiliza nuestra calculadora de apuestas Treble Bet para calcular el retorno de tu apuesta. Descubre cu\u00e1nto puedes ganar con tus apuestas en eventos deportivos.\" \/>\n<meta property=\"og:url\" content=\"https:\/\/www.sportingpedia.com\/es\/betting-calculators\/treble-bet-calculator\/\" \/>\n<meta property=\"og:site_name\" content=\"Sportingpedia - Latest Sports News From All Over the World\" \/>\n<meta property=\"article:modified_time\" content=\"2025-11-26T09:33:57+00:00\" \/>\n<meta name=\"twitter:card\" content=\"summary_large_image\" \/>\n<meta name=\"twitter:label1\" content=\"Tiempo de lectura\" \/>\n\t<meta name=\"twitter:data1\" content=\"5 minutos\" \/>\n<script type=\"application\/ld+json\" class=\"yoast-schema-graph\">{\"@context\":\"https:\/\/schema.org\",\"@graph\":[{\"@type\":\"WebPage\",\"@id\":\"https:\/\/www.sportingpedia.com\/es\/betting-calculators\/treble-bet-calculator\/\",\"url\":\"https:\/\/www.sportingpedia.com\/es\/betting-calculators\/treble-bet-calculator\/\",\"name\":\"Calculadora de Apuestas Triples: Calcula tu Pago de Apuestas Deportivas\",\"isPartOf\":{\"@id\":\"https:\/\/www.sportingpedia.com\/es\/#website\"},\"primaryImageOfPage\":{\"@id\":\"https:\/\/www.sportingpedia.com\/es\/betting-calculators\/treble-bet-calculator\/#primaryimage\"},\"image\":{\"@id\":\"https:\/\/www.sportingpedia.com\/es\/betting-calculators\/treble-bet-calculator\/#primaryimage\"},\"thumbnailUrl\":\"https:\/\/www.sportingpedia.com\/wp-content\/uploads\/2023\/03\/triple-bet-calculator-featured.svg\",\"datePublished\":\"2025-04-10T08:00:28+00:00\",\"dateModified\":\"2025-11-26T09:33:57+00:00\",\"description\":\"Utiliza nuestra calculadora de apuestas Treble Bet para calcular el retorno de tu apuesta. Descubre cu\u00e1nto puedes ganar con tus apuestas en eventos deportivos.\",\"breadcrumb\":{\"@id\":\"https:\/\/www.sportingpedia.com\/es\/betting-calculators\/treble-bet-calculator\/#breadcrumb\"},\"inLanguage\":\"es\",\"potentialAction\":[{\"@type\":\"ReadAction\",\"target\":[\"https:\/\/www.sportingpedia.com\/es\/betting-calculators\/treble-bet-calculator\/\"]}]},{\"@type\":\"ImageObject\",\"inLanguage\":\"es\",\"@id\":\"https:\/\/www.sportingpedia.com\/es\/betting-calculators\/treble-bet-calculator\/#primaryimage\",\"url\":\"https:\/\/www.sportingpedia.com\/wp-content\/uploads\/2023\/03\/triple-bet-calculator-featured.svg\",\"contentUrl\":\"https:\/\/www.sportingpedia.com\/wp-content\/uploads\/2023\/03\/triple-bet-calculator-featured.svg\"},{\"@type\":\"BreadcrumbList\",\"@id\":\"https:\/\/www.sportingpedia.com\/es\/betting-calculators\/treble-bet-calculator\/#breadcrumb\",\"itemListElement\":[{\"@type\":\"ListItem\",\"position\":1,\"name\":\"Inicio\",\"item\":\"https:\/\/www.sportingpedia.com\/es\/home-2\/\"},{\"@type\":\"ListItem\",\"position\":2,\"name\":\"Calculadoras de Apuestas Deportivas\",\"item\":\"https:\/\/www.sportingpedia.com\/es\/betting-calculators\/\"},{\"@type\":\"ListItem\",\"position\":3,\"name\":\"Calculadora de Apuestas de Triple Combinada\"}]},{\"@type\":\"WebSite\",\"@id\":\"https:\/\/www.sportingpedia.com\/es\/#website\",\"url\":\"https:\/\/www.sportingpedia.com\/es\/\",\"name\":\"Sportingpedia - Latest Sports News From All Over the World\",\"description\":\"\",\"publisher\":{\"@id\":\"https:\/\/www.sportingpedia.com\/es\/#organization\"},\"potentialAction\":[{\"@type\":\"SearchAction\",\"target\":{\"@type\":\"EntryPoint\",\"urlTemplate\":\"https:\/\/www.sportingpedia.com\/es\/?s={search_term_string}\"},\"query-input\":{\"@type\":\"PropertyValueSpecification\",\"valueRequired\":true,\"valueName\":\"search_term_string\"}}],\"inLanguage\":\"es\"},{\"@type\":\"Organization\",\"@id\":\"https:\/\/www.sportingpedia.com\/es\/#organization\",\"name\":\"SportingPedia\",\"url\":\"https:\/\/www.sportingpedia.com\/es\/\",\"logo\":{\"@type\":\"ImageObject\",\"inLanguage\":\"es\",\"@id\":\"https:\/\/www.sportingpedia.com\/es\/#\/schema\/logo\/image\/\",\"url\":\"https:\/\/www.sportingpedia.com\/wp-content\/uploads\/2019\/10\/SportingPedia_logo.png\",\"contentUrl\":\"https:\/\/www.sportingpedia.com\/wp-content\/uploads\/2019\/10\/SportingPedia_logo.png\",\"width\":600,\"height\":101,\"caption\":\"SportingPedia\"},\"image\":{\"@id\":\"https:\/\/www.sportingpedia.com\/es\/#\/schema\/logo\/image\/\"}}]}<\/script>\n<!-- \/ Yoast SEO plugin. -->","yoast_head_json":{"title":"Calculadora de Apuestas Triples: Calcula tu Pago de Apuestas Deportivas","description":"Utiliza nuestra calculadora de apuestas Treble Bet para calcular el retorno de tu apuesta. Descubre cu\u00e1nto puedes ganar con tus apuestas en eventos deportivos.","robots":{"index":"index","follow":"follow","max-snippet":"max-snippet:-1","max-image-preview":"max-image-preview:large","max-video-preview":"max-video-preview:-1"},"canonical":"https:\/\/www.sportingpedia.com\/es\/betting-calculators\/treble-bet-calculator\/","og_locale":"es_ES","og_type":"article","og_title":"Calculadora de Apuestas Triples: Calcula tu Pago de Apuestas Deportivas","og_description":"Utiliza nuestra calculadora de apuestas Treble Bet para calcular el retorno de tu apuesta. Descubre cu\u00e1nto puedes ganar con tus apuestas en eventos deportivos.","og_url":"https:\/\/www.sportingpedia.com\/es\/betting-calculators\/treble-bet-calculator\/","og_site_name":"Sportingpedia - Latest Sports News From All Over the World","article_modified_time":"2025-11-26T09:33:57+00:00","twitter_card":"summary_large_image","twitter_misc":{"Tiempo de lectura":"5 minutos"},"schema":{"@context":"https:\/\/schema.org","@graph":[{"@type":"WebPage","@id":"https:\/\/www.sportingpedia.com\/es\/betting-calculators\/treble-bet-calculator\/","url":"https:\/\/www.sportingpedia.com\/es\/betting-calculators\/treble-bet-calculator\/","name":"Calculadora de Apuestas Triples: Calcula tu Pago de Apuestas Deportivas","isPartOf":{"@id":"https:\/\/www.sportingpedia.com\/es\/#website"},"primaryImageOfPage":{"@id":"https:\/\/www.sportingpedia.com\/es\/betting-calculators\/treble-bet-calculator\/#primaryimage"},"image":{"@id":"https:\/\/www.sportingpedia.com\/es\/betting-calculators\/treble-bet-calculator\/#primaryimage"},"thumbnailUrl":"https:\/\/www.sportingpedia.com\/wp-content\/uploads\/2023\/03\/triple-bet-calculator-featured.svg","datePublished":"2025-04-10T08:00:28+00:00","dateModified":"2025-11-26T09:33:57+00:00","description":"Utiliza nuestra calculadora de apuestas Treble Bet para calcular el retorno de tu apuesta. Descubre cu\u00e1nto puedes ganar con tus apuestas en eventos deportivos.","breadcrumb":{"@id":"https:\/\/www.sportingpedia.com\/es\/betting-calculators\/treble-bet-calculator\/#breadcrumb"},"inLanguage":"es","potentialAction":[{"@type":"ReadAction","target":["https:\/\/www.sportingpedia.com\/es\/betting-calculators\/treble-bet-calculator\/"]}]},{"@type":"ImageObject","inLanguage":"es","@id":"https:\/\/www.sportingpedia.com\/es\/betting-calculators\/treble-bet-calculator\/#primaryimage","url":"https:\/\/www.sportingpedia.com\/wp-content\/uploads\/2023\/03\/triple-bet-calculator-featured.svg","contentUrl":"https:\/\/www.sportingpedia.com\/wp-content\/uploads\/2023\/03\/triple-bet-calculator-featured.svg"},{"@type":"BreadcrumbList","@id":"https:\/\/www.sportingpedia.com\/es\/betting-calculators\/treble-bet-calculator\/#breadcrumb","itemListElement":[{"@type":"ListItem","position":1,"name":"Inicio","item":"https:\/\/www.sportingpedia.com\/es\/home-2\/"},{"@type":"ListItem","position":2,"name":"Calculadoras de Apuestas Deportivas","item":"https:\/\/www.sportingpedia.com\/es\/betting-calculators\/"},{"@type":"ListItem","position":3,"name":"Calculadora de Apuestas de Triple Combinada"}]},{"@type":"WebSite","@id":"https:\/\/www.sportingpedia.com\/es\/#website","url":"https:\/\/www.sportingpedia.com\/es\/","name":"Sportingpedia - Latest Sports News From All Over the World","description":"","publisher":{"@id":"https:\/\/www.sportingpedia.com\/es\/#organization"},"potentialAction":[{"@type":"SearchAction","target":{"@type":"EntryPoint","urlTemplate":"https:\/\/www.sportingpedia.com\/es\/?s={search_term_string}"},"query-input":{"@type":"PropertyValueSpecification","valueRequired":true,"valueName":"search_term_string"}}],"inLanguage":"es"},{"@type":"Organization","@id":"https:\/\/www.sportingpedia.com\/es\/#organization","name":"SportingPedia","url":"https:\/\/www.sportingpedia.com\/es\/","logo":{"@type":"ImageObject","inLanguage":"es","@id":"https:\/\/www.sportingpedia.com\/es\/#\/schema\/logo\/image\/","url":"https:\/\/www.sportingpedia.com\/wp-content\/uploads\/2019\/10\/SportingPedia_logo.png","contentUrl":"https:\/\/www.sportingpedia.com\/wp-content\/uploads\/2019\/10\/SportingPedia_logo.png","width":600,"height":101,"caption":"SportingPedia"},"image":{"@id":"https:\/\/www.sportingpedia.com\/es\/#\/schema\/logo\/image\/"}}]}},"_links":{"self":[{"href":"https:\/\/www.sportingpedia.com\/es\/wp-json\/wp\/v2\/pages\/118937","targetHints":{"allow":["GET"]}}],"collection":[{"href":"https:\/\/www.sportingpedia.com\/es\/wp-json\/wp\/v2\/pages"}],"about":[{"href":"https:\/\/www.sportingpedia.com\/es\/wp-json\/wp\/v2\/types\/page"}],"author":[{"embeddable":true,"href":"https:\/\/www.sportingpedia.com\/es\/wp-json\/wp\/v2\/users\/8"}],"replies":[{"embeddable":true,"href":"https:\/\/www.sportingpedia.com\/es\/wp-json\/wp\/v2\/comments?post=118937"}],"version-history":[{"count":2,"href":"https:\/\/www.sportingpedia.com\/es\/wp-json\/wp\/v2\/pages\/118937\/revisions"}],"predecessor-version":[{"id":147551,"href":"https:\/\/www.sportingpedia.com\/es\/wp-json\/wp\/v2\/pages\/118937\/revisions\/147551"}],"up":[{"embeddable":true,"href":"https:\/\/www.sportingpedia.com\/es\/wp-json\/wp\/v2\/pages\/118943"}],"wp:featuredmedia":[{"embeddable":true,"href":"https:\/\/www.sportingpedia.com\/es\/wp-json\/wp\/v2\/media\/125052"}],"wp:attachment":[{"href":"https:\/\/www.sportingpedia.com\/es\/wp-json\/wp\/v2\/media?parent=118937"}],"curies":[{"name":"wp","href":"https:\/\/api.w.org\/{rel}","templated":true}]}}