{"id":118939,"date":"2025-04-10T08:00:29","date_gmt":"2025-04-10T08:00:29","guid":{"rendered":"https:\/\/www.sportingpedia.com\/?page_id=118939"},"modified":"2025-11-26T09:35:12","modified_gmt":"2025-11-26T09:35:12","slug":"odds-calculator","status":"publish","type":"page","link":"https:\/\/www.sportingpedia.com\/es\/betting-calculators\/odds-calculator\/","title":{"rendered":"Calculadora de Apuestas de Cuotas"},"content":{"rendered":"<p>Una de las formas m\u00e1s sencillas de determinar cu\u00e1l podr\u00eda ser el retorno potencial de tu apuesta es <strong>utilizar una calculadora de cuotas<\/strong>. No importa el formato de cuotas que prefieras, puedes usar nuestra calculadora para estimar r\u00e1pidamente cu\u00e1l podr\u00eda ser el pago potencial de tus apuestas. Con nuestra calculadora de cuotas de apuestas puedes ingresar tu apuesta y las cuotas en formatos americano, decimal o fraccionario para calcular el pago de tus apuestas.<\/p>\n\n\t\t<div class=\"container p-3 widget-betting-calculator\">\n\t\t\t<div class=\"row\">\n\t\t\t\t<div class=\"col-12 form-group\">\n\t\t\t\t\t<label for=\"odds-type\">Formato de cuotas:<\/label>\n\t\t\t\t\t<select class=\"form-control\" id=\"odds-type\">\n\t\t\t\t\t\t<option value=\"decimal\">Decimal<\/option>\n\t\t\t\t\t\t<option value=\"american\">Americana<\/option>\n\t\t\t\t\t\t<option value=\"fractional\">Fraccional<\/option>\n\t\t\t\t\t<\/select>\n\t\t\t\t<\/div>\n\t\t\t\t\n\t\t\t    <div class=\"col-12 col-md-6 form-group\">\n\t\t\t      \t<label for=\"odds-input-1\">Cuotas local:<\/label>\n\t\t\t      \t<input type=\"text\" class=\"form-control\" id=\"odds-input-1\" placeholder=\"Introduce las cuotas\">\n\t\t\t    <\/div>\n\n\t\t\t    <div class=\"col-12 col-md-6 form-group\">\n\t\t\t      \t<label for=\"implied-odds-1\">Cuotas impl\u00edcitas local:<\/label>\n\t\t\t      \t<input type=\"text\" class=\"form-control\" id=\"implied-odds-1\" readonly>\n\t\t\t    <\/div>\n\n\t\t\t\t<div class=\"col-12 col-md-6 form-group\">\n\t\t\t\t\t<label for=\"odds-input-2\">Cuotas para empate:<\/label>\n\t\t\t\t\t<input type=\"text\" class=\"form-control\" id=\"odds-input-2\" placeholder=\"Introduce las cuotas\">\n\t\t\t\t<\/div>\n\n\t\t\t\t<div class=\"col-12 col-md-6 form-group\">\n\t\t\t\t\t<label for=\"implied-odds-2\">Cuotas impl\u00edcitas para empate:<\/label>\n\t\t\t\t\t<input type=\"text\" class=\"form-control\" id=\"implied-odds-2\" readonly>\n\t\t\t\t<\/div>\n\n\t\t\t\t<div class=\"col-12 col-md-6 form-group\">\n\t\t\t\t\t<label for=\"odds-input-3\">Cuotas visitante:<\/label>\n\t\t\t\t\t<input type=\"text\" class=\"form-control\" id=\"odds-input-3\" placeholder=\"Introduce las cuotas\">\n\t\t\t\t<\/div>\n\t\t\t\t\t   \n\t\t\t\t<div class=\"col-12 col-md-6 form-group\">\n\t\t\t\t\t<label for=\"implied-odds-3\">Cuotas impl\u00edcitas visitante:<\/label>\n\t\t\t\t\t<input type=\"text\" class=\"form-control\" id=\"implied-odds-3\" readonly>\n\t\t\t\t<\/div>\n\n\t\t\t\t<div class=\"col-12 col-md-6 form-group\">\n\t\t\t\t\t<label for=\"margin-1x2\">Margen 1x2:<\/label>\n\t\t\t\t\t<input type=\"text\" class=\"form-control\" id=\"margin-1x2\" readonly>\n\t\t\t\t<\/div>\n\n\t\t\t\t<div class=\"col-12 col-md-6 form-group\">\n\t\t\t\t\t<label for=\"margin-2way\">Margen 2 v\u00edas:<\/label>\n\t\t\t\t\t<input type=\"text\" class=\"form-control\" id=\"margin-2way\" readonly>\n\t\t\t\t<\/div>\n\t\t\t<\/div>\n\n\t\t\t\t<button type=\"button\" class=\"btn btn-primary\" id=\"calculate\">Calcular<\/button>\n\t\t\t\t<button type=\"button\" class=\"btn btn-warning\" id=\"reset\">Reiniciar<\/button>\n\t\t\t\t\n\t\t<\/div>\n\n\t\t<script>\n\t\t\tjQuery(document).ready(function($) {\n\t\t\t\t$(\"#calculate\").click(function() {\n\t\t\t\t    var oddsType = $(\"#odds-type\").val();\n\t\t\t        var odds1 = $(\"#odds-input-1\").val();\n\t\t\t        var odds2 = $(\"#odds-input-2\").val();\n\t\t\t        var odds3 = $(\"#odds-input-3\").val();\n\n\t\t\t        if (oddsType == \"decimal\") {\n\t\t\t            var decimalOdds1 = parseFloat(odds1);\n\t\t\t            var decimalOdds2 = parseFloat(odds2);\n\t\t\t            var decimalOdds3 = parseFloat(odds3);\n\t\t\t            var impliedOdds1 = (1 \/ decimalOdds1) * 100;\n\t\t\t            var impliedOdds2 = (1 \/ decimalOdds2) * 100;\n\t\t\t            var impliedOdds3 = (1 \/ decimalOdds3) * 100;\n\t\t\t        } else if (oddsType == \"american\") {\n\t\t\t            var decimalOdds1 = odds1 >= 0 ? (odds1 \/ 100) + 1 : (100 \/ Math.abs(odds1)) + 1;\n\t\t\t            var decimalOdds2 = odds2 >= 0 ? (odds2 \/ 100) + 1 : (100 \/ Math.abs(odds2)) + 1;\n\t\t\t            var decimalOdds3 = odds3 >= 0 ? (odds3 \/ 100) + 1 : (100 \/ Math.abs(odds3)) + 1;\n\n\t\t\t            var impliedOdds1 = (1 \/ decimalOdds1) * 100;\n\t\t\t            var impliedOdds2 = (1 \/ decimalOdds2) * 100;\n\t\t\t            var impliedOdds3 = (1 \/ decimalOdds3) * 100;\n\t\t\t        } else if (oddsType == \"fractional\") {\n\t\t\t            var numerator1 = parseFloat(odds1.split(\"\/\")[0]);\n\t\t\t            var denominator1 = parseFloat(odds1.split(\"\/\")[1]);\n\t\t\t            var numerator2 = parseFloat(odds2.split(\"\/\")[0]);\n\t\t\t            var denominator2 = parseFloat(odds2.split(\"\/\")[1]);\n\t\t\t            var numerator3 = parseFloat(odds3.split(\"\/\")[0]);\n\t\t\t            var denominator3 = parseFloat(odds3.split(\"\/\")[1]);\n\n\t\t\t            var decimalOdds1 = numerator1 \/ denominator1 + 1;\n\t\t\t            var decimalOdds2 = numerator2 \/ denominator2 + 1;\n\t\t\t            var decimalOdds3 = numerator3 \/ denominator3 + 1;\n\n\t\t\t            var impliedOdds1 = (1 \/ decimalOdds1) * 100;\n\t\t\t            var impliedOdds2 = (1 \/ decimalOdds2) * 100;\n\t\t\t            var impliedOdds3 = (1 \/ decimalOdds3) * 100;\n\t\t\t        }\n\n\t\t\t        var margin1x2;\n\t\t\t        var margin2way;\n\t\t\t        if (decimalOdds1 && decimalOdds2 && decimalOdds3) {\n\t\t\t            if (decimalOdds1 >= 1 && decimalOdds2 >= 1 && decimalOdds3 >= 1) {\n\t\t\t                margin1x2 = 1 - (1 \/ decimalOdds1 + 1 \/ decimalOdds2 + 1 \/ decimalOdds3);\n\t\t\t                margin2way = 1 - (1 \/ decimalOdds1 + 1 \/ decimalOdds3);\n\t\t\t            } else if (decimalOdds1 < 1 && decimalOdds2 < 1 && decimalOdds3 < 1) {\n\t\t\t                margin1x2 = (decimalOdds1 + decimalOdds2 + decimalOdds3) - 1;\n\t\t\t                margin2way = (decimalOdds1 + decimalOdds3) - 1;\n\t\t\t            } else {\n\t\t\t                var positiveDecimalOdds = [decimalOdds1, decimalOdds2, decimalOdds3].filter(odds => odds >= 1);\n\t\t\t                var negativeDecimalOdds = [decimalOdds1, decimalOdds2, decimalOdds3].filter(odds => odds < 1);\n\n\t\t\t                var positiveMargin = 0;\n\t\t\t                var negativeMargin = 0;\n\n\t\t\t                for (var i = 0; i < positiveDecimalOdds.length; i++) {\n\t\t\t                    positiveMargin += 1 \/ positiveDecimalOdds[i];\n\t\t\t                }\n\n\t\t\t                for (var i = 0; i < negativeDecimalOdds.length; i++) {\n\t\t\t                    negativeMargin += Math.abs(negativeDecimalOdds[i] \/ (negativeDecimalOdds[i] - 1));\n\t\t\t                }\n\n\t\t\t                margin1x2 = positiveMargin + negativeMargin - 1;\n\t\t\t                margin2way = positiveMargin + negativeMargin - 1 \/ decimalOdds2;\n\t\t\t            }\n\n\t\t\t            $(\"#implied-odds-1\").val(impliedOdds1.toFixed(2) + \"%\");\n\t\t\t            $(\"#implied-odds-2\").val(impliedOdds2.toFixed(2) + \"%\");\n\t\t\t            $(\"#implied-odds-3\").val(impliedOdds3.toFixed(2) + \"%\");\n\t\t\t            $(\"#margin-1x2\").val((margin1x2 * 100).toFixed(2) + \"%\");\n\t\t\t            $(\"#margin-2way\").val((margin2way * 100).toFixed(2) + \"%\");\n\t\t\t        }\n\t\t\t    });\n\n\t\t\t\t$(\"#reset\").click(function() {\n\t\t\t\t    $(\"#odds-input-1\").val(\"\");\n\t\t\t\t    $(\"#odds-input-2\").val(\"\");\n\t\t\t\t    $(\"#odds-input-3\").val(\"\");\n\t\t\t\t    $(\"#implied-odds-1\").val(\"\");\n\t\t\t\t    $(\"#implied-odds-2\").val(\"\");\n\t\t\t\t    $(\"#implied-odds-3\").val(\"\");\n\t\t\t\t    $(\"#margin-1x2\").val(\"\");\n\t\t\t\t    $(\"#margin-2way\").val(\"\");\n\t\t\t\t});\n\t\t\t});\n\t\t<\/script>\n\t\n<div class=\"mb-3\">&nbsp;<\/div>\n\n<h2 id=\"purpose\">\u00bfCu\u00e1l es el prop\u00f3sito de las cuotas de apuestas?<\/h2>\n<p><img decoding=\"async\" src=\"https:\/\/www.sportingpedia.com\/wp-content\/uploads\/2021\/01\/betting-sites_fractional-odds.svg\" alt=\"\u00bfCu\u00e1l es el Prop\u00f3sito de las Cuotas de Apuestas?\" width=\"300\" height=\"150\" class=\"alignleft \">Siempre que consideres si debes realizar una apuesta o no, es importante conocer cu\u00e1l puede ser el posible pago. Las cuotas que ves en la casa de apuestas que elijas est\u00e1n relacionadas con la probabilidad impl\u00edcita de que ocurra el resultado respectivo. Si una casa de apuestas ofrece una apuesta con una probabilidad impl\u00edcita menor que la probabilidad real de que ocurra ese resultado, habr\u00e1s encontrado una muy buena opci\u00f3n para apostar.<\/p>\n<p>Al utilizar una calculadora de cuotas, puedes calcular f\u00e1cilmente las <strong>cuotas verdaderas e impl\u00edcitas<\/strong> y determinar si has encontrado una opci\u00f3n de apuesta muy generosa. Para calcular el valor de una apuesta, generalmente solo necesitas ingresar las cuotas ofrecidas por la casa de apuestas y la cantidad que deseas apostar. El resto de los c\u00e1lculos los realiza la calculadora de cuotas de forma instant\u00e1nea, proporcion\u00e1ndote la respuesta correcta al momento.<\/p>\n<h2 id=\"difference\">\u00bfCu\u00e1l es la diferencia entre cuotas reales y cuotas impl\u00edcitas?<\/h2>\n<p><img decoding=\"async\" src=\"https:\/\/www.sportingpedia.com\/wp-content\/uploads\/2021\/02\/football-betting-introduction_football-betting-odds-explained.svg\" alt=\"\u00bfCu\u00e1l es la Diferencia Entre Cuotas Reales y Cuotas Impl\u00edcitas?\" width=\"300\" height=\"150\" class=\"alignleft \">En pocas palabras, las cuotas impl\u00edcitas representan la conversi\u00f3n que hace la casa de apuestas de las cuotas en una probabilidad de ganar. Siempre que conozcas las cuotas que un operador ofrece en una apuesta, puedes <strong>utilizar nuestra Calculadora de Cuotas para ver la probabilidad impl\u00edcita<\/strong>. Por ejemplo, una apuesta spread en f\u00fatbol suele tener cuotas de -110 en cada lado. Esto hace que la probabilidad de ganar en cada lado sea del 52,38%, que es precisamente la probabilidad impl\u00edcita en este tipo de apuesta.<\/p>\n<p>Las cuotas reales las determina principalmente el apostador seg\u00fan sus predicciones sobre la probabilidad de que ocurra un resultado. <strong>Es dif\u00edcil determinar las cuotas reales exactas de un evento, pues son subjetivas<\/strong>. Dicho esto, es posible acercarse a ellas mediante modelos predictivos. Puedes usar el h\u00e1ndicap para determinar cu\u00e1l ser\u00e1 la probabilidad real de que ocurra un evento. Si el porcentaje de probabilidad real supera la probabilidad impl\u00edcita, puedes considerar que se trata de una buena apuesta.<\/p>\n<h2 id=\"work\">\u00bfC\u00f3mo funciona nuestra calculadora de cuotas?<\/h2>\n<p><img decoding=\"async\" src=\"https:\/\/www.sportingpedia.com\/wp-content\/uploads\/2021\/02\/nfl-betting-cashout_calculating.svg\" alt=\"How Does Our Odds Calculator Work?\" width=\"300\" height=\"150\" class=\"alignleft \">Si utilizas nuestra calculadora de cuotas, podr\u00e1s ver al instante el retorno potencial que puedes esperar de tu sesi\u00f3n de apuestas con tu casa de apuestas favorita. Para obtener la informaci\u00f3n que necesitas, solo tendr\u00e1s que ingresar algunos datos sobre tu apuesta. Puedes empezar eligiendo qu\u00e9 tipo de apuesta realizar\u00e1s, ya que nuestra calculadora admite varias opciones.<\/p>\n<p>Tambi\u00e9n tendr\u00e1s que introducir las cuotas en el formato que prefieras. <strong>Nuestra calculadora de cuotas admite los formatos m\u00e1s populares<\/strong>, lo que te permite completar esta informaci\u00f3n de la manera m\u00e1s conveniente. Una vez que introduzcas las cuotas que ofrece la casa de apuestas, ver\u00e1s la probabilidad impl\u00edcita expresada en porcentajes. El paso siguiente es escribir la cantidad que deseas apostar y la calculadora mostrar\u00e1 el retorno total potencial, as\u00ed como el beneficio que puedes esperar si tu apuesta resulta ganadora.<\/p>\n<p>El boleto de apuesta generado puede guardarse o <strong>puedes reiniciarlo, lo que borrar\u00e1 todos los datos que hayas introducido previamente<\/strong>. Puedes modificar la informaci\u00f3n de tu apuesta tantas veces como sea necesario hasta que los c\u00e1lculos revelen una apuesta de valor con un potencial de retorno atractivo.<\/p>\n<h2 id=\"why\">\u00bfPor qu\u00e9 deber\u00edas usar una calculadora de cuotas?<\/h2>\n<p><img decoding=\"async\" src=\"https:\/\/www.sportingpedia.com\/wp-content\/uploads\/2021\/02\/football-betting-how-to-calculate-arbitrage-bets_why-do-such-opportunities-appear.svg\" alt=\"\u00bfPor Qu\u00e9 Deber\u00edas Usar una Calculadora de Cuotas?\" width=\"300\" height=\"150\" class=\"alignleft \">La manera m\u00e1s sencilla de determinar el valor de una apuesta es utilizar una calculadora de cuotas. Siempre que conozcas las cuotas de tu apuesta y la cantidad que planeas apostar, <strong>podr\u00e1s ver de inmediato la probabilidad impl\u00edcita y cu\u00e1l puede ser tu ganancia potencial<\/strong>. Como las calculadoras de cuotas ofrecen resultados al instante, no necesitas mucho tiempo para hacer los c\u00e1lculos y comprobar si una apuesta vale tu tiempo y tu dinero.<\/p>\n<p><strong>Nuestra calculadora de cuotas es extremadamente f\u00e1cil de usar<\/strong> y te permite seleccionar el formato de cuotas que prefieras. Adem\u00e1s, puedes emplear esta herramienta para distintos tipos de apuestas, lo que te ayudar\u00e1 a determinar cu\u00e1l opci\u00f3n puede ofrecerte el mejor rendimiento potencial. Al usar una calculadora de cuotas, podr\u00e1s tomar decisiones de apuesta con mayor rapidez y mejorar tus posibilidades de disfrutar de sesiones de apuestas en l\u00ednea gratificantes.<\/p>\n","protected":false},"excerpt":{"rendered":"<p>Una de las formas m\u00e1s sencillas de determinar cu\u00e1l podr\u00eda ser el retorno potencial de tu apuesta es utilizar una calculadora de cuotas. No importa el formato de cuotas que prefieras, puedes usar nuestra calculadora para estimar r\u00e1pidamente cu\u00e1l podr\u00eda ser el pago potencial de tus apuestas. Con nuestra calculadora de cuotas de apuestas puedes [&hellip;]<\/p>\n","protected":false},"author":8,"featured_media":125056,"parent":118943,"menu_order":400,"comment_status":"closed","ping_status":"closed","template":"template-guide-page.php","meta":{"footnotes":""},"class_list":["post-118939","page","type-page","status-publish","has-post-thumbnail","hentry"],"yoast_head":"<!-- This site is optimized with the Yoast SEO plugin v26.6 - https:\/\/yoast.com\/wordpress\/plugins\/seo\/ -->\n<title>Calculadora de Apuestas de Cuotas<\/title>\n<meta name=\"description\" content=\"Utiliza nuestra calculadora de cuotas de apuestas para calcular el retorno de tus apuestas deportivas. Consulta lo que puedes ganar con tus apuestas en eventos deportivos.\" \/>\n<meta name=\"robots\" content=\"index, follow, max-snippet:-1, max-image-preview:large, max-video-preview:-1\" \/>\n<link rel=\"canonical\" href=\"https:\/\/www.sportingpedia.com\/es\/betting-calculators\/odds-calculator\/\" \/>\n<meta property=\"og:locale\" content=\"es_ES\" \/>\n<meta property=\"og:type\" content=\"article\" \/>\n<meta property=\"og:title\" content=\"Calculadora de Apuestas de Cuotas\" \/>\n<meta property=\"og:description\" content=\"Utiliza nuestra calculadora de cuotas de apuestas para calcular el retorno de tus apuestas deportivas. Consulta lo que puedes ganar con tus apuestas en eventos deportivos.\" \/>\n<meta property=\"og:url\" content=\"https:\/\/www.sportingpedia.com\/es\/betting-calculators\/odds-calculator\/\" \/>\n<meta property=\"og:site_name\" content=\"Sportingpedia - Latest Sports News From All Over the World\" \/>\n<meta property=\"article:modified_time\" content=\"2025-11-26T09:35:12+00:00\" \/>\n<meta name=\"twitter:card\" content=\"summary_large_image\" \/>\n<meta name=\"twitter:label1\" content=\"Tiempo de lectura\" \/>\n\t<meta name=\"twitter:data1\" content=\"5 minutos\" \/>\n<script type=\"application\/ld+json\" class=\"yoast-schema-graph\">{\"@context\":\"https:\/\/schema.org\",\"@graph\":[{\"@type\":\"WebPage\",\"@id\":\"https:\/\/www.sportingpedia.com\/es\/betting-calculators\/odds-calculator\/\",\"url\":\"https:\/\/www.sportingpedia.com\/es\/betting-calculators\/odds-calculator\/\",\"name\":\"Calculadora de Apuestas de Cuotas\",\"isPartOf\":{\"@id\":\"https:\/\/www.sportingpedia.com\/es\/#website\"},\"primaryImageOfPage\":{\"@id\":\"https:\/\/www.sportingpedia.com\/es\/betting-calculators\/odds-calculator\/#primaryimage\"},\"image\":{\"@id\":\"https:\/\/www.sportingpedia.com\/es\/betting-calculators\/odds-calculator\/#primaryimage\"},\"thumbnailUrl\":\"https:\/\/www.sportingpedia.com\/wp-content\/uploads\/2023\/03\/odds-calculator-featured.svg\",\"datePublished\":\"2025-04-10T08:00:29+00:00\",\"dateModified\":\"2025-11-26T09:35:12+00:00\",\"description\":\"Utiliza nuestra calculadora de cuotas de apuestas para calcular el retorno de tus apuestas deportivas. Consulta lo que puedes ganar con tus apuestas en eventos deportivos.\",\"breadcrumb\":{\"@id\":\"https:\/\/www.sportingpedia.com\/es\/betting-calculators\/odds-calculator\/#breadcrumb\"},\"inLanguage\":\"es\",\"potentialAction\":[{\"@type\":\"ReadAction\",\"target\":[\"https:\/\/www.sportingpedia.com\/es\/betting-calculators\/odds-calculator\/\"]}]},{\"@type\":\"ImageObject\",\"inLanguage\":\"es\",\"@id\":\"https:\/\/www.sportingpedia.com\/es\/betting-calculators\/odds-calculator\/#primaryimage\",\"url\":\"https:\/\/www.sportingpedia.com\/wp-content\/uploads\/2023\/03\/odds-calculator-featured.svg\",\"contentUrl\":\"https:\/\/www.sportingpedia.com\/wp-content\/uploads\/2023\/03\/odds-calculator-featured.svg\"},{\"@type\":\"BreadcrumbList\",\"@id\":\"https:\/\/www.sportingpedia.com\/es\/betting-calculators\/odds-calculator\/#breadcrumb\",\"itemListElement\":[{\"@type\":\"ListItem\",\"position\":1,\"name\":\"Inicio\",\"item\":\"https:\/\/www.sportingpedia.com\/es\/home-2\/\"},{\"@type\":\"ListItem\",\"position\":2,\"name\":\"Calculadoras de Apuestas Deportivas\",\"item\":\"https:\/\/www.sportingpedia.com\/es\/betting-calculators\/\"},{\"@type\":\"ListItem\",\"position\":3,\"name\":\"Calculadora de Apuestas de Cuotas\"}]},{\"@type\":\"WebSite\",\"@id\":\"https:\/\/www.sportingpedia.com\/es\/#website\",\"url\":\"https:\/\/www.sportingpedia.com\/es\/\",\"name\":\"Sportingpedia - Latest Sports News From All Over the World\",\"description\":\"\",\"publisher\":{\"@id\":\"https:\/\/www.sportingpedia.com\/es\/#organization\"},\"potentialAction\":[{\"@type\":\"SearchAction\",\"target\":{\"@type\":\"EntryPoint\",\"urlTemplate\":\"https:\/\/www.sportingpedia.com\/es\/?s={search_term_string}\"},\"query-input\":{\"@type\":\"PropertyValueSpecification\",\"valueRequired\":true,\"valueName\":\"search_term_string\"}}],\"inLanguage\":\"es\"},{\"@type\":\"Organization\",\"@id\":\"https:\/\/www.sportingpedia.com\/es\/#organization\",\"name\":\"SportingPedia\",\"url\":\"https:\/\/www.sportingpedia.com\/es\/\",\"logo\":{\"@type\":\"ImageObject\",\"inLanguage\":\"es\",\"@id\":\"https:\/\/www.sportingpedia.com\/es\/#\/schema\/logo\/image\/\",\"url\":\"https:\/\/www.sportingpedia.com\/wp-content\/uploads\/2019\/10\/SportingPedia_logo.png\",\"contentUrl\":\"https:\/\/www.sportingpedia.com\/wp-content\/uploads\/2019\/10\/SportingPedia_logo.png\",\"width\":600,\"height\":101,\"caption\":\"SportingPedia\"},\"image\":{\"@id\":\"https:\/\/www.sportingpedia.com\/es\/#\/schema\/logo\/image\/\"}}]}<\/script>\n<!-- \/ Yoast SEO plugin. -->","yoast_head_json":{"title":"Calculadora de Apuestas de Cuotas","description":"Utiliza nuestra calculadora de cuotas de apuestas para calcular el retorno de tus apuestas deportivas. Consulta lo que puedes ganar con tus apuestas en eventos deportivos.","robots":{"index":"index","follow":"follow","max-snippet":"max-snippet:-1","max-image-preview":"max-image-preview:large","max-video-preview":"max-video-preview:-1"},"canonical":"https:\/\/www.sportingpedia.com\/es\/betting-calculators\/odds-calculator\/","og_locale":"es_ES","og_type":"article","og_title":"Calculadora de Apuestas de Cuotas","og_description":"Utiliza nuestra calculadora de cuotas de apuestas para calcular el retorno de tus apuestas deportivas. Consulta lo que puedes ganar con tus apuestas en eventos deportivos.","og_url":"https:\/\/www.sportingpedia.com\/es\/betting-calculators\/odds-calculator\/","og_site_name":"Sportingpedia - Latest Sports News From All Over the World","article_modified_time":"2025-11-26T09:35:12+00:00","twitter_card":"summary_large_image","twitter_misc":{"Tiempo de lectura":"5 minutos"},"schema":{"@context":"https:\/\/schema.org","@graph":[{"@type":"WebPage","@id":"https:\/\/www.sportingpedia.com\/es\/betting-calculators\/odds-calculator\/","url":"https:\/\/www.sportingpedia.com\/es\/betting-calculators\/odds-calculator\/","name":"Calculadora de Apuestas de Cuotas","isPartOf":{"@id":"https:\/\/www.sportingpedia.com\/es\/#website"},"primaryImageOfPage":{"@id":"https:\/\/www.sportingpedia.com\/es\/betting-calculators\/odds-calculator\/#primaryimage"},"image":{"@id":"https:\/\/www.sportingpedia.com\/es\/betting-calculators\/odds-calculator\/#primaryimage"},"thumbnailUrl":"https:\/\/www.sportingpedia.com\/wp-content\/uploads\/2023\/03\/odds-calculator-featured.svg","datePublished":"2025-04-10T08:00:29+00:00","dateModified":"2025-11-26T09:35:12+00:00","description":"Utiliza nuestra calculadora de cuotas de apuestas para calcular el retorno de tus apuestas deportivas. Consulta lo que puedes ganar con tus apuestas en eventos deportivos.","breadcrumb":{"@id":"https:\/\/www.sportingpedia.com\/es\/betting-calculators\/odds-calculator\/#breadcrumb"},"inLanguage":"es","potentialAction":[{"@type":"ReadAction","target":["https:\/\/www.sportingpedia.com\/es\/betting-calculators\/odds-calculator\/"]}]},{"@type":"ImageObject","inLanguage":"es","@id":"https:\/\/www.sportingpedia.com\/es\/betting-calculators\/odds-calculator\/#primaryimage","url":"https:\/\/www.sportingpedia.com\/wp-content\/uploads\/2023\/03\/odds-calculator-featured.svg","contentUrl":"https:\/\/www.sportingpedia.com\/wp-content\/uploads\/2023\/03\/odds-calculator-featured.svg"},{"@type":"BreadcrumbList","@id":"https:\/\/www.sportingpedia.com\/es\/betting-calculators\/odds-calculator\/#breadcrumb","itemListElement":[{"@type":"ListItem","position":1,"name":"Inicio","item":"https:\/\/www.sportingpedia.com\/es\/home-2\/"},{"@type":"ListItem","position":2,"name":"Calculadoras de Apuestas Deportivas","item":"https:\/\/www.sportingpedia.com\/es\/betting-calculators\/"},{"@type":"ListItem","position":3,"name":"Calculadora de Apuestas de Cuotas"}]},{"@type":"WebSite","@id":"https:\/\/www.sportingpedia.com\/es\/#website","url":"https:\/\/www.sportingpedia.com\/es\/","name":"Sportingpedia - Latest Sports News From All Over the World","description":"","publisher":{"@id":"https:\/\/www.sportingpedia.com\/es\/#organization"},"potentialAction":[{"@type":"SearchAction","target":{"@type":"EntryPoint","urlTemplate":"https:\/\/www.sportingpedia.com\/es\/?s={search_term_string}"},"query-input":{"@type":"PropertyValueSpecification","valueRequired":true,"valueName":"search_term_string"}}],"inLanguage":"es"},{"@type":"Organization","@id":"https:\/\/www.sportingpedia.com\/es\/#organization","name":"SportingPedia","url":"https:\/\/www.sportingpedia.com\/es\/","logo":{"@type":"ImageObject","inLanguage":"es","@id":"https:\/\/www.sportingpedia.com\/es\/#\/schema\/logo\/image\/","url":"https:\/\/www.sportingpedia.com\/wp-content\/uploads\/2019\/10\/SportingPedia_logo.png","contentUrl":"https:\/\/www.sportingpedia.com\/wp-content\/uploads\/2019\/10\/SportingPedia_logo.png","width":600,"height":101,"caption":"SportingPedia"},"image":{"@id":"https:\/\/www.sportingpedia.com\/es\/#\/schema\/logo\/image\/"}}]}},"_links":{"self":[{"href":"https:\/\/www.sportingpedia.com\/es\/wp-json\/wp\/v2\/pages\/118939","targetHints":{"allow":["GET"]}}],"collection":[{"href":"https:\/\/www.sportingpedia.com\/es\/wp-json\/wp\/v2\/pages"}],"about":[{"href":"https:\/\/www.sportingpedia.com\/es\/wp-json\/wp\/v2\/types\/page"}],"author":[{"embeddable":true,"href":"https:\/\/www.sportingpedia.com\/es\/wp-json\/wp\/v2\/users\/8"}],"replies":[{"embeddable":true,"href":"https:\/\/www.sportingpedia.com\/es\/wp-json\/wp\/v2\/comments?post=118939"}],"version-history":[{"count":2,"href":"https:\/\/www.sportingpedia.com\/es\/wp-json\/wp\/v2\/pages\/118939\/revisions"}],"predecessor-version":[{"id":147552,"href":"https:\/\/www.sportingpedia.com\/es\/wp-json\/wp\/v2\/pages\/118939\/revisions\/147552"}],"up":[{"embeddable":true,"href":"https:\/\/www.sportingpedia.com\/es\/wp-json\/wp\/v2\/pages\/118943"}],"wp:featuredmedia":[{"embeddable":true,"href":"https:\/\/www.sportingpedia.com\/es\/wp-json\/wp\/v2\/media\/125056"}],"wp:attachment":[{"href":"https:\/\/www.sportingpedia.com\/es\/wp-json\/wp\/v2\/media?parent=118939"}],"curies":[{"name":"wp","href":"https:\/\/api.w.org\/{rel}","templated":true}]}}