{"id":118941,"date":"2025-04-10T08:00:29","date_gmt":"2025-04-10T08:00:29","guid":{"rendered":"https:\/\/www.sportingpedia.com\/?page_id=118941"},"modified":"2025-11-26T09:37:13","modified_gmt":"2025-11-26T09:37:13","slug":"hedge-betting-calculator","status":"publish","type":"page","link":"https:\/\/www.sportingpedia.com\/es\/betting-calculators\/hedge-betting-calculator\/","title":{"rendered":"Calculadora de Apuestas de Cobertura"},"content":{"rendered":"<p>La cobertura es un m\u00e9todo utilizado por los apostadores deportivos que desean asegurar un beneficio en una apuesta espec\u00edfica. Esto puede hacerse <strong>apostando al lado opuesto de la apuesta espec\u00edfica<\/strong>. De esa manera, los apostadores pueden equilibrar sus probabilidades de ganar o reducir las p\u00e9rdidas de la apuesta original. Para calcular cu\u00e1nto necesitas apostar para cubrir tu apuesta original, puedes utilizar nuestra calculadora de cobertura.<\/p>\n\n        <section class=\"section-arb-calculator my-3\">\n            <div class=\"row\">\n                <div class=\"col-md-6\">\n                    <div class=\"form-col\">\n                        <div class=\"col-inner\">\n                            <span class=\"odds-title pl\">Introduce cuotas y apuesta<\/span>\n \n                            <div class=\"bet-row\">\n                                <div class=\"col-input-block row-arb-bet\" data-id=\"1\">\n                                    <label>Apuesta 1<\/label>\n\n                                    <div class=\"input-odds\"><input maxlength=\"10\" class=\"form-input\" type=\"text\" id=\"odds_1\" placeholder=\"Introduce las cuotas para la Apuesta 1\">\n                                    <\/div>\n                                <\/div>\n\n                                <div class=\"col-input-block row-arb-bet\" data-id=\"2\">\n                                    <label>Apuesta 2<\/label>\n\n                                    <div class=\"input-odds\"><input maxlength=\"10\" class=\"form-input\" type=\"text\" id=\"odds_2\" placeholder=\"Introduce las cuotas para la Apuesta 2\">\n                                    <\/div>\n                                <\/div>\n                            <\/div>\n\n                            <div class=\"col-input-block\">\n                                <label>Apuesta<\/label>\n\n                                <div class=\"input-odds\"><input class=\"form-input\" type=\"text\" id=\"stake_total\" placeholder=\"Please Enter Stake\">\n                                <\/div>\n                            <\/div>\n                        <\/div>\n                    <\/div>\n\n                    <div class=\"btn-odds\"> \n                        <a href=\"javascript:void(0);\" class=\"btn btn-reset\" id=\"more_bets\">\n                            <i class=\"ico ico--more\"><\/i> M\u00e1s apuestas\n                        <\/a>    \n\n                        <a href=\"javascript:void(0);\" class=\"btn btn-reset\" id=\"reset\">\n                            <i class=\"ico ico--reset\"><\/i> Reiniciar\n                        <\/a>\n\n                        <a href=\"javascript:void(0);\" class=\"btn btn-submit\" id=\"submit_arbitrage\">\n                            <i class=\"ico ico--calc\"><\/i> Calcular<\/a>\n                    <\/div>\n                <\/div>\n\n                <div class=\"col-md-6\">\n                    <div class=\"form-col\">\n                        <div class=\"col\">\n                            <span class=\"odds-title\">Stake<\/span>\n\n                            <div class=\"stake-row\">\n                                <span class=\"odds-title title-mob\" id=\"stake_title_1\">Apuesta 1<\/span>\n\n                                <div class=\"input-text\"> <span class=\"text-input\" id=\"stake_1\">$0.00 <\/span> <\/div>\n\n                                <span class=\"odds-title title-mob\" id=\"stake_title_2\">Apuesta 2<\/span>\n\n                                <div class=\"input-text\"> <span class=\"text-input\" id=\"stake_2\">$0.00 <\/span> <\/div>\n\n                            <\/div>                                                              \n                        <\/div>\n\n                        <div class=\"col\">\n                            <span class=\"odds-title\">Pago<\/span>\n\n                            <div class=\"payout-row\">\n                                <span class=\"odds-title title-mob\" id=\"payout_title_1\">Pago Apuesta 1<\/span>\n\n                                <div class=\"input-text\"> <span class=\"text-input\" id=\"payout_1\">$0.00 <\/span> <\/div>\n\n                                <span class=\"odds-title title-mob\" id=\"payout_title_2\">Pago Apuesta 2<\/span>\n\n                                <div class=\"input-text\"> <span class=\"text-input\" id=\"payout_2\">$0.00 <\/span> <\/div>\n                            <\/div>                                                              \n                        <\/div>\n                    <\/div>\n\n                    <div class=\"odds-output\">\n                        <ul>\n                            <li>\n                                <span class=\"result-label\">Pago total:<\/span>\n\n                                <span class=\"result-input\" id=\"total_payout\">$0.00 <\/span>\n                            <\/li>\n\n                            <li>\n                                <span class=\"result-label\">Ganancia total:<\/span>\n\n                                <span class=\"result-input\" id=\"total_profit\">$0.00 <\/span> \n                            <\/li>\n\n                            <li>\n                                <span class=\"result-label\">ROI:<\/span>\n\n                                <span class=\"result-input\" id=\"roi\">0.00 <\/span>\n                            <\/li>                       \n                        <\/ul>\n                    <\/div>\n                <\/div>\n            <\/div>\n        <\/section>\n    \n\n<h2 id=\"what\">\u00bfQu\u00e9 es el hedging en las apuestas deportivas?<\/h2>\n<p><img decoding=\"async\" src=\"https:\/\/www.sportingpedia.com\/wp-content\/uploads\/2021\/02\/football-betting-accumulators-vs-single_single-bets.svg\" alt=\"Qu\u00e9 es el Hedging en las Apuestas Deportivas?\" width=\"300\" height=\"150\" class=\"alignleft\"> El hedging se realiza m\u00e1s com\u00fanmente en <strong>apuestas futuras<\/strong> en las que se ofrecen cuotas sobre equipos que ganar\u00e1n torneos mucho antes del evento. A medida que la temporada se aproxima, las cuotas de victoria del equipo pueden disminuir significativamente, y muchos apostadores aprovechan la oportunidad para cubrir sus apuestas originales y asegurar una ganancia incluso si el equipo que respaldaron originalmente pierde.<\/p>\n<p><strong>La forma m\u00e1s f\u00e1cil de entender el hedging es ver un ejemplo espec\u00edfico<\/strong>. Supongamos que has decidido respaldar al Equipo A con una apuesta futura de 100\u202f\u20ac a cuotas de +2500, lo que garantiza un pago de 2.600\u202f\u20ac si el Equipo A gana el torneo. La ganancia total en esta apuesta se estima en 2.500\u202f\u20ac. Para cubrir tu apuesta original, puedes apostar 1.000\u202f\u20ac al Equipo B con cuotas de -150. El retorno esperado en esta apuesta es de 1.667\u202f\u20ac, por lo que la ganancia potencial ser\u00eda de 667\u202f\u20ac.<\/p>\n<p>Si incluyes el hedging en tus c\u00e1lculos, obtendr\u00e1s los siguientes resultados: si el Equipo A, al que respaldaste originalmente, gana el torneo, recibir\u00e1s un pago de 2.600\u202f\u20ac, pero deber\u00e1s deducir 100\u202f\u20ac (la apuesta original) y 1.000\u202f\u20ac (la apuesta de cobertura) de esa suma, lo que deja una ganancia total de 1.500\u202f\u20ac. Mientras tanto, si gana la apuesta de cobertura, tendr\u00e1s un retorno de 1.667\u202f\u20ac menos 1.100\u202f\u20ac, que es el total de las dos apuestas, de modo que la ganancia final ser\u00e1 de 567\u202f\u20ac. <strong>Aunque ganar la apuesta de cobertura ofrece una ganancia significativamente menor, los apostadores a\u00fan pueden disfrutar de un retorno aceptable<\/strong>.<\/p>\n<h2 id=\"what\">\u00bfQu\u00e9 es el hedging en las apuestas deportivas?<\/h2>\n<p><img decoding=\"async\" src=\"https:\/\/www.sportingpedia.com\/wp-content\/uploads\/2021\/02\/football-betting-accumulators-vs-single_single-bets.svg\" alt=\"Qu\u00e9 es el Hedging en las Apuestas Deportivas?\" width=\"300\" height=\"150\" class=\"alignleft\"> El hedging se realiza m\u00e1s com\u00fanmente en <strong>apuestas futuras<\/strong> en las que se ofrecen cuotas sobre equipos que ganar\u00e1n torneos mucho antes del evento. A medida que la temporada se aproxima, las cuotas de victoria del equipo pueden disminuir significativamente, y muchos apostadores aprovechan la oportunidad para cubrir sus apuestas originales y asegurar una ganancia incluso si el equipo que respaldaron originalmente pierde.<\/p>\n<p><strong>La forma m\u00e1s f\u00e1cil de entender el hedging es ver un ejemplo espec\u00edfico<\/strong>. Supongamos que has decidido respaldar al Equipo A con una apuesta futura de 100\u202f\u20ac a cuotas de +2500, lo que garantiza un pago de 2.600\u202f\u20ac si el Equipo A gana el torneo. La ganancia total en esta apuesta se estima en 2.500\u202f\u20ac. Para cubrir tu apuesta original, puedes apostar 1.000\u202f\u20ac al Equipo B con cuotas de -150. El retorno esperado en esta apuesta es de 1.667\u202f\u20ac, por lo que la ganancia potencial ser\u00eda de 667\u202f\u20ac.<\/p>\n<p>Si incluyes el hedging en tus c\u00e1lculos, obtendr\u00e1s los siguientes resultados: si el Equipo A, al que respaldaste originalmente, gana el torneo, recibir\u00e1s un pago de 2.600\u202f\u20ac, pero deber\u00e1s deducir 100\u202f\u20ac (la apuesta original) y 1.000\u202f\u20ac (la apuesta de cobertura) de esa suma, lo que deja una ganancia total de 1.500\u202f\u20ac. Mientras tanto, si gana la apuesta de cobertura, tendr\u00e1s un retorno de 1.667\u202f\u20ac menos 1.100\u202f\u20ac, que es el total de las dos apuestas, de modo que la ganancia final ser\u00e1 de 567\u202f\u20ac. <strong>Aunque ganar la apuesta de cobertura ofrece una ganancia significativamente menor, los apostadores a\u00fan pueden disfrutar de un retorno aceptable<\/strong>.<\/p>\n<h2 id=\"why\">\u00bfPor qu\u00e9 deber\u00edas usar una calculadora de cobertura?<\/h2>\n<p><img decoding=\"async\" src=\"https:\/\/www.sportingpedia.com\/wp-content\/uploads\/2021\/02\/football-betting-how-to-calculate-arbitrage-bets_why-do-such-opportunities-appear.svg\" alt=\"\u00bfPor Qu\u00e9 Deber\u00edas Usar una Calculadora de Cobertura?\" width=\"300\" height=\"150\" class=\"alignleft \">Gracias a nuestra calculadora de cobertura, puedes determinar f\u00e1cilmente la cantidad que necesitas apostar para garantizar un beneficio decente en distintas circunstancias. Aunque cubrirse puede implicar cierto riesgo de reducir el beneficio de tu apuesta original, <strong>este tipo de apuesta te brinda la seguridad<\/strong> de que a\u00fan podr\u00e1s obtener un retorno aceptable incluso si tu apuesta original pierde.<\/p>\n<p>Es especialmente \u00fatil usar una calculadora de cobertura si eres aficionado a las apuestas a futuro. Si ya has respaldado a un equipo para ganar un torneo, la calculadora de cobertura puede ayudarte a estimar r\u00e1pidamente cu\u00e1nto necesitas <strong>apostar como respaldo<\/strong> para asegurarte de que a\u00fan puedas obtener un beneficio de tu sesi\u00f3n de apuestas a futuro.<\/p>\n<p>Calcular la cantidad exacta para tu apuesta de cobertura puede ser complicado a menos que utilices <strong>una calculadora de cobertura<\/strong>. Esta herramienta es f\u00e1cil de usar y solo tardar\u00e1s unos segundos en estimar cu\u00e1l deber\u00eda ser tu apuesta de cobertura para asegurarte un beneficio sin importar el resultado del evento.<\/p>\n","protected":false},"excerpt":{"rendered":"<p>La cobertura es un m\u00e9todo utilizado por los apostadores deportivos que desean asegurar un beneficio en una apuesta espec\u00edfica. Esto puede hacerse apostando al lado opuesto de la apuesta espec\u00edfica. De esa manera, los apostadores pueden equilibrar sus probabilidades de ganar o reducir las p\u00e9rdidas de la apuesta original. Para calcular cu\u00e1nto necesitas apostar para [&hellip;]<\/p>\n","protected":false},"author":8,"featured_media":125060,"parent":118943,"menu_order":500,"comment_status":"closed","ping_status":"closed","template":"template-guide-page.php","meta":{"footnotes":""},"class_list":["post-118941","page","type-page","status-publish","has-post-thumbnail","hentry"],"yoast_head":"<!-- This site is optimized with the Yoast SEO plugin v26.6 - https:\/\/yoast.com\/wordpress\/plugins\/seo\/ -->\n<title>Calculadora de Apuestas de Cobertura - Calcular el Retorno de la Cobertura<\/title>\n<meta name=\"description\" content=\"Utilice nuestra calculadora de apuestas hedge para calcular el retorno de cobertura. Descubra cu\u00e1nto puede ganar con su apuesta hedge en eventos deportivos.\" \/>\n<meta name=\"robots\" content=\"index, follow, max-snippet:-1, max-image-preview:large, max-video-preview:-1\" \/>\n<link rel=\"canonical\" href=\"https:\/\/www.sportingpedia.com\/es\/betting-calculators\/hedge-betting-calculator\/\" \/>\n<meta property=\"og:locale\" content=\"es_ES\" \/>\n<meta property=\"og:type\" content=\"article\" \/>\n<meta property=\"og:title\" content=\"Calculadora de Apuestas de Cobertura - Calcular el Retorno de la Cobertura\" \/>\n<meta property=\"og:description\" content=\"Utilice nuestra calculadora de apuestas hedge para calcular el retorno de cobertura. Descubra cu\u00e1nto puede ganar con su apuesta hedge en eventos deportivos.\" \/>\n<meta property=\"og:url\" content=\"https:\/\/www.sportingpedia.com\/es\/betting-calculators\/hedge-betting-calculator\/\" \/>\n<meta property=\"og:site_name\" content=\"Sportingpedia - Latest Sports News From All Over the World\" \/>\n<meta property=\"article:modified_time\" content=\"2025-11-26T09:37:13+00:00\" \/>\n<meta name=\"twitter:card\" content=\"summary_large_image\" \/>\n<meta name=\"twitter:label1\" content=\"Tiempo de lectura\" \/>\n\t<meta name=\"twitter:data1\" content=\"5 minutos\" \/>\n<script type=\"application\/ld+json\" class=\"yoast-schema-graph\">{\"@context\":\"https:\/\/schema.org\",\"@graph\":[{\"@type\":\"WebPage\",\"@id\":\"https:\/\/www.sportingpedia.com\/es\/betting-calculators\/hedge-betting-calculator\/\",\"url\":\"https:\/\/www.sportingpedia.com\/es\/betting-calculators\/hedge-betting-calculator\/\",\"name\":\"Calculadora de Apuestas de Cobertura - Calcular el Retorno de la Cobertura\",\"isPartOf\":{\"@id\":\"https:\/\/www.sportingpedia.com\/es\/#website\"},\"primaryImageOfPage\":{\"@id\":\"https:\/\/www.sportingpedia.com\/es\/betting-calculators\/hedge-betting-calculator\/#primaryimage\"},\"image\":{\"@id\":\"https:\/\/www.sportingpedia.com\/es\/betting-calculators\/hedge-betting-calculator\/#primaryimage\"},\"thumbnailUrl\":\"https:\/\/www.sportingpedia.com\/wp-content\/uploads\/2023\/03\/hedge-calculator-featured.svg\",\"datePublished\":\"2025-04-10T08:00:29+00:00\",\"dateModified\":\"2025-11-26T09:37:13+00:00\",\"description\":\"Utilice nuestra calculadora de apuestas hedge para calcular el retorno de cobertura. Descubra cu\u00e1nto puede ganar con su apuesta hedge en eventos deportivos.\",\"breadcrumb\":{\"@id\":\"https:\/\/www.sportingpedia.com\/es\/betting-calculators\/hedge-betting-calculator\/#breadcrumb\"},\"inLanguage\":\"es\",\"potentialAction\":[{\"@type\":\"ReadAction\",\"target\":[\"https:\/\/www.sportingpedia.com\/es\/betting-calculators\/hedge-betting-calculator\/\"]}]},{\"@type\":\"ImageObject\",\"inLanguage\":\"es\",\"@id\":\"https:\/\/www.sportingpedia.com\/es\/betting-calculators\/hedge-betting-calculator\/#primaryimage\",\"url\":\"https:\/\/www.sportingpedia.com\/wp-content\/uploads\/2023\/03\/hedge-calculator-featured.svg\",\"contentUrl\":\"https:\/\/www.sportingpedia.com\/wp-content\/uploads\/2023\/03\/hedge-calculator-featured.svg\"},{\"@type\":\"BreadcrumbList\",\"@id\":\"https:\/\/www.sportingpedia.com\/es\/betting-calculators\/hedge-betting-calculator\/#breadcrumb\",\"itemListElement\":[{\"@type\":\"ListItem\",\"position\":1,\"name\":\"Inicio\",\"item\":\"https:\/\/www.sportingpedia.com\/es\/home-2\/\"},{\"@type\":\"ListItem\",\"position\":2,\"name\":\"Calculadoras de Apuestas Deportivas\",\"item\":\"https:\/\/www.sportingpedia.com\/es\/betting-calculators\/\"},{\"@type\":\"ListItem\",\"position\":3,\"name\":\"Calculadora de Apuestas de Cobertura\"}]},{\"@type\":\"WebSite\",\"@id\":\"https:\/\/www.sportingpedia.com\/es\/#website\",\"url\":\"https:\/\/www.sportingpedia.com\/es\/\",\"name\":\"Sportingpedia - Latest Sports News From All Over the World\",\"description\":\"\",\"publisher\":{\"@id\":\"https:\/\/www.sportingpedia.com\/es\/#organization\"},\"potentialAction\":[{\"@type\":\"SearchAction\",\"target\":{\"@type\":\"EntryPoint\",\"urlTemplate\":\"https:\/\/www.sportingpedia.com\/es\/?s={search_term_string}\"},\"query-input\":{\"@type\":\"PropertyValueSpecification\",\"valueRequired\":true,\"valueName\":\"search_term_string\"}}],\"inLanguage\":\"es\"},{\"@type\":\"Organization\",\"@id\":\"https:\/\/www.sportingpedia.com\/es\/#organization\",\"name\":\"SportingPedia\",\"url\":\"https:\/\/www.sportingpedia.com\/es\/\",\"logo\":{\"@type\":\"ImageObject\",\"inLanguage\":\"es\",\"@id\":\"https:\/\/www.sportingpedia.com\/es\/#\/schema\/logo\/image\/\",\"url\":\"https:\/\/www.sportingpedia.com\/wp-content\/uploads\/2019\/10\/SportingPedia_logo.png\",\"contentUrl\":\"https:\/\/www.sportingpedia.com\/wp-content\/uploads\/2019\/10\/SportingPedia_logo.png\",\"width\":600,\"height\":101,\"caption\":\"SportingPedia\"},\"image\":{\"@id\":\"https:\/\/www.sportingpedia.com\/es\/#\/schema\/logo\/image\/\"}}]}<\/script>\n<!-- \/ Yoast SEO plugin. -->","yoast_head_json":{"title":"Calculadora de Apuestas de Cobertura - Calcular el Retorno de la Cobertura","description":"Utilice nuestra calculadora de apuestas hedge para calcular el retorno de cobertura. Descubra cu\u00e1nto puede ganar con su apuesta hedge en eventos deportivos.","robots":{"index":"index","follow":"follow","max-snippet":"max-snippet:-1","max-image-preview":"max-image-preview:large","max-video-preview":"max-video-preview:-1"},"canonical":"https:\/\/www.sportingpedia.com\/es\/betting-calculators\/hedge-betting-calculator\/","og_locale":"es_ES","og_type":"article","og_title":"Calculadora de Apuestas de Cobertura - Calcular el Retorno de la Cobertura","og_description":"Utilice nuestra calculadora de apuestas hedge para calcular el retorno de cobertura. Descubra cu\u00e1nto puede ganar con su apuesta hedge en eventos deportivos.","og_url":"https:\/\/www.sportingpedia.com\/es\/betting-calculators\/hedge-betting-calculator\/","og_site_name":"Sportingpedia - Latest Sports News From All Over the World","article_modified_time":"2025-11-26T09:37:13+00:00","twitter_card":"summary_large_image","twitter_misc":{"Tiempo de lectura":"5 minutos"},"schema":{"@context":"https:\/\/schema.org","@graph":[{"@type":"WebPage","@id":"https:\/\/www.sportingpedia.com\/es\/betting-calculators\/hedge-betting-calculator\/","url":"https:\/\/www.sportingpedia.com\/es\/betting-calculators\/hedge-betting-calculator\/","name":"Calculadora de Apuestas de Cobertura - Calcular el Retorno de la Cobertura","isPartOf":{"@id":"https:\/\/www.sportingpedia.com\/es\/#website"},"primaryImageOfPage":{"@id":"https:\/\/www.sportingpedia.com\/es\/betting-calculators\/hedge-betting-calculator\/#primaryimage"},"image":{"@id":"https:\/\/www.sportingpedia.com\/es\/betting-calculators\/hedge-betting-calculator\/#primaryimage"},"thumbnailUrl":"https:\/\/www.sportingpedia.com\/wp-content\/uploads\/2023\/03\/hedge-calculator-featured.svg","datePublished":"2025-04-10T08:00:29+00:00","dateModified":"2025-11-26T09:37:13+00:00","description":"Utilice nuestra calculadora de apuestas hedge para calcular el retorno de cobertura. Descubra cu\u00e1nto puede ganar con su apuesta hedge en eventos deportivos.","breadcrumb":{"@id":"https:\/\/www.sportingpedia.com\/es\/betting-calculators\/hedge-betting-calculator\/#breadcrumb"},"inLanguage":"es","potentialAction":[{"@type":"ReadAction","target":["https:\/\/www.sportingpedia.com\/es\/betting-calculators\/hedge-betting-calculator\/"]}]},{"@type":"ImageObject","inLanguage":"es","@id":"https:\/\/www.sportingpedia.com\/es\/betting-calculators\/hedge-betting-calculator\/#primaryimage","url":"https:\/\/www.sportingpedia.com\/wp-content\/uploads\/2023\/03\/hedge-calculator-featured.svg","contentUrl":"https:\/\/www.sportingpedia.com\/wp-content\/uploads\/2023\/03\/hedge-calculator-featured.svg"},{"@type":"BreadcrumbList","@id":"https:\/\/www.sportingpedia.com\/es\/betting-calculators\/hedge-betting-calculator\/#breadcrumb","itemListElement":[{"@type":"ListItem","position":1,"name":"Inicio","item":"https:\/\/www.sportingpedia.com\/es\/home-2\/"},{"@type":"ListItem","position":2,"name":"Calculadoras de Apuestas Deportivas","item":"https:\/\/www.sportingpedia.com\/es\/betting-calculators\/"},{"@type":"ListItem","position":3,"name":"Calculadora de Apuestas de Cobertura"}]},{"@type":"WebSite","@id":"https:\/\/www.sportingpedia.com\/es\/#website","url":"https:\/\/www.sportingpedia.com\/es\/","name":"Sportingpedia - Latest Sports News From All Over the World","description":"","publisher":{"@id":"https:\/\/www.sportingpedia.com\/es\/#organization"},"potentialAction":[{"@type":"SearchAction","target":{"@type":"EntryPoint","urlTemplate":"https:\/\/www.sportingpedia.com\/es\/?s={search_term_string}"},"query-input":{"@type":"PropertyValueSpecification","valueRequired":true,"valueName":"search_term_string"}}],"inLanguage":"es"},{"@type":"Organization","@id":"https:\/\/www.sportingpedia.com\/es\/#organization","name":"SportingPedia","url":"https:\/\/www.sportingpedia.com\/es\/","logo":{"@type":"ImageObject","inLanguage":"es","@id":"https:\/\/www.sportingpedia.com\/es\/#\/schema\/logo\/image\/","url":"https:\/\/www.sportingpedia.com\/wp-content\/uploads\/2019\/10\/SportingPedia_logo.png","contentUrl":"https:\/\/www.sportingpedia.com\/wp-content\/uploads\/2019\/10\/SportingPedia_logo.png","width":600,"height":101,"caption":"SportingPedia"},"image":{"@id":"https:\/\/www.sportingpedia.com\/es\/#\/schema\/logo\/image\/"}}]}},"_links":{"self":[{"href":"https:\/\/www.sportingpedia.com\/es\/wp-json\/wp\/v2\/pages\/118941","targetHints":{"allow":["GET"]}}],"collection":[{"href":"https:\/\/www.sportingpedia.com\/es\/wp-json\/wp\/v2\/pages"}],"about":[{"href":"https:\/\/www.sportingpedia.com\/es\/wp-json\/wp\/v2\/types\/page"}],"author":[{"embeddable":true,"href":"https:\/\/www.sportingpedia.com\/es\/wp-json\/wp\/v2\/users\/8"}],"replies":[{"embeddable":true,"href":"https:\/\/www.sportingpedia.com\/es\/wp-json\/wp\/v2\/comments?post=118941"}],"version-history":[{"count":2,"href":"https:\/\/www.sportingpedia.com\/es\/wp-json\/wp\/v2\/pages\/118941\/revisions"}],"predecessor-version":[{"id":147553,"href":"https:\/\/www.sportingpedia.com\/es\/wp-json\/wp\/v2\/pages\/118941\/revisions\/147553"}],"up":[{"embeddable":true,"href":"https:\/\/www.sportingpedia.com\/es\/wp-json\/wp\/v2\/pages\/118943"}],"wp:featuredmedia":[{"embeddable":true,"href":"https:\/\/www.sportingpedia.com\/es\/wp-json\/wp\/v2\/media\/125060"}],"wp:attachment":[{"href":"https:\/\/www.sportingpedia.com\/es\/wp-json\/wp\/v2\/media?parent=118941"}],"curies":[{"name":"wp","href":"https:\/\/api.w.org\/{rel}","templated":true}]}}