{"id":118952,"date":"2025-04-10T08:00:31","date_gmt":"2025-04-10T08:00:31","guid":{"rendered":"https:\/\/www.sportingpedia.com\/?page_id=118952"},"modified":"2025-05-15T08:24:30","modified_gmt":"2025-05-15T08:24:30","slug":"glenn-roberts","status":"publish","type":"page","link":"https:\/\/www.sportingpedia.com\/es\/meet-the-team\/glenn-roberts\/","title":{"rendered":"Glenn Roberts"},"content":{"rendered":"<p><img decoding=\"async\" src=\"https:\/\/www.sportingpedia.com\/wp-content\/uploads\/2022\/04\/groberts.webp\" alt=\"Glenn Roberts\" width=\"150\" height=\"150\" class=\"alignleft\" \/>Glenn es un amante de los deportes y escribe sobre f\u00fatbol y f\u00fatbol americano. Tambi\u00e9n realiza rese\u00f1as de casas de apuestas, aplicaciones de apuestas y m\u00e9todos de dep\u00f3sito o retiro que los jugadores pueden usar en casas de apuestas en l\u00ednea.<\/p>\n<p><a target=\"_blank\" href=\"https:\/\/www.linkedin.com\/in\/glenn-roberts-27a000182\/\" rel=\"noopener nofollow\"><img decoding=\"async\" width=\"25\" src=\"https:\/\/www.sportingpedia.com\/wp-content\/uploads\/2024\/09\/icon-linkedin.svg\" alt=\"Glenn Roberts - Perfil de Linkedin\" \/><\/a><\/p>\n<div class=\"clear\"><\/div>\n","protected":false},"excerpt":{"rendered":"<p>Glenn es un amante de los deportes y escribe sobre f\u00fatbol y f\u00fatbol americano. Tambi\u00e9n realiza rese\u00f1as de casas de apuestas, aplicaciones de apuestas y m\u00e9todos de dep\u00f3sito o retiro que los jugadores pueden usar en casas de apuestas en l\u00ednea.<\/p>\n","protected":false},"author":8,"featured_media":0,"parent":118653,"menu_order":0,"comment_status":"closed","ping_status":"closed","template":"page-nosidebar.php","meta":{"footnotes":""},"class_list":["post-118952","page","type-page","status-publish","hentry"],"yoast_head":"<!-- This site is optimized with the Yoast SEO plugin v26.6 - https:\/\/yoast.com\/wordpress\/plugins\/seo\/ -->\n<title>Glenn Roberts - Sportingpedia - Latest Sports News From All Over the World<\/title>\n<meta name=\"robots\" content=\"index, follow, max-snippet:-1, max-image-preview:large, max-video-preview:-1\" \/>\n<link rel=\"canonical\" href=\"https:\/\/www.sportingpedia.com\/es\/meet-the-team\/glenn-roberts\/\" \/>\n<meta property=\"og:locale\" content=\"es_ES\" \/>\n<meta property=\"og:type\" content=\"article\" \/>\n<meta property=\"og:title\" content=\"Glenn Roberts - Sportingpedia - Latest Sports News From All Over the World\" \/>\n<meta property=\"og:description\" content=\"Glenn es un amante de los deportes y escribe sobre f\u00fatbol y f\u00fatbol americano. Tambi\u00e9n realiza rese\u00f1as de casas de apuestas, aplicaciones de apuestas y m\u00e9todos de dep\u00f3sito o retiro que los jugadores pueden usar en casas de apuestas en l\u00ednea.\" \/>\n<meta property=\"og:url\" content=\"https:\/\/www.sportingpedia.com\/es\/meet-the-team\/glenn-roberts\/\" \/>\n<meta property=\"og:site_name\" content=\"Sportingpedia - Latest Sports News From All Over the World\" \/>\n<meta property=\"article:modified_time\" content=\"2025-05-15T08:24:30+00:00\" \/>\n<meta property=\"og:image\" content=\"https:\/\/www.sportingpedia.com\/wp-content\/uploads\/2022\/04\/groberts.webp\" \/>\n<meta name=\"twitter:card\" content=\"summary_large_image\" \/>\n<meta name=\"twitter:label1\" content=\"Tiempo de lectura\" \/>\n\t<meta name=\"twitter:data1\" content=\"1 minuto\" \/>\n<script type=\"application\/ld+json\" class=\"yoast-schema-graph\">{\"@context\":\"https:\/\/schema.org\",\"@graph\":[{\"@type\":\"WebPage\",\"@id\":\"https:\/\/www.sportingpedia.com\/es\/meet-the-team\/glenn-roberts\/\",\"url\":\"https:\/\/www.sportingpedia.com\/es\/meet-the-team\/glenn-roberts\/\",\"name\":\"Glenn Roberts - Sportingpedia - Latest Sports News From All Over the World\",\"isPartOf\":{\"@id\":\"https:\/\/www.sportingpedia.com\/es\/#website\"},\"primaryImageOfPage\":{\"@id\":\"https:\/\/www.sportingpedia.com\/es\/meet-the-team\/glenn-roberts\/#primaryimage\"},\"image\":{\"@id\":\"https:\/\/www.sportingpedia.com\/es\/meet-the-team\/glenn-roberts\/#primaryimage\"},\"thumbnailUrl\":\"https:\/\/www.sportingpedia.com\/wp-content\/uploads\/2022\/04\/groberts.webp\",\"datePublished\":\"2025-04-10T08:00:31+00:00\",\"dateModified\":\"2025-05-15T08:24:30+00:00\",\"breadcrumb\":{\"@id\":\"https:\/\/www.sportingpedia.com\/es\/meet-the-team\/glenn-roberts\/#breadcrumb\"},\"inLanguage\":\"es\",\"potentialAction\":[{\"@type\":\"ReadAction\",\"target\":[\"https:\/\/www.sportingpedia.com\/es\/meet-the-team\/glenn-roberts\/\"]}]},{\"@type\":\"ImageObject\",\"inLanguage\":\"es\",\"@id\":\"https:\/\/www.sportingpedia.com\/es\/meet-the-team\/glenn-roberts\/#primaryimage\",\"url\":\"https:\/\/www.sportingpedia.com\/wp-content\/uploads\/2022\/04\/groberts.webp\",\"contentUrl\":\"https:\/\/www.sportingpedia.com\/wp-content\/uploads\/2022\/04\/groberts.webp\"},{\"@type\":\"BreadcrumbList\",\"@id\":\"https:\/\/www.sportingpedia.com\/es\/meet-the-team\/glenn-roberts\/#breadcrumb\",\"itemListElement\":[{\"@type\":\"ListItem\",\"position\":1,\"name\":\"Inicio\",\"item\":\"https:\/\/www.sportingpedia.com\/es\/home-2\/\"},{\"@type\":\"ListItem\",\"position\":2,\"name\":\"Conoce al equipo\",\"item\":\"https:\/\/www.sportingpedia.com\/es\/meet-the-team\/\"},{\"@type\":\"ListItem\",\"position\":3,\"name\":\"Glenn Roberts\"}]},{\"@type\":\"WebSite\",\"@id\":\"https:\/\/www.sportingpedia.com\/es\/#website\",\"url\":\"https:\/\/www.sportingpedia.com\/es\/\",\"name\":\"Sportingpedia - Latest Sports News From All Over the World\",\"description\":\"\",\"publisher\":{\"@id\":\"https:\/\/www.sportingpedia.com\/es\/#organization\"},\"potentialAction\":[{\"@type\":\"SearchAction\",\"target\":{\"@type\":\"EntryPoint\",\"urlTemplate\":\"https:\/\/www.sportingpedia.com\/es\/?s={search_term_string}\"},\"query-input\":{\"@type\":\"PropertyValueSpecification\",\"valueRequired\":true,\"valueName\":\"search_term_string\"}}],\"inLanguage\":\"es\"},{\"@type\":\"Organization\",\"@id\":\"https:\/\/www.sportingpedia.com\/es\/#organization\",\"name\":\"SportingPedia\",\"url\":\"https:\/\/www.sportingpedia.com\/es\/\",\"logo\":{\"@type\":\"ImageObject\",\"inLanguage\":\"es\",\"@id\":\"https:\/\/www.sportingpedia.com\/es\/#\/schema\/logo\/image\/\",\"url\":\"https:\/\/www.sportingpedia.com\/wp-content\/uploads\/2019\/10\/SportingPedia_logo.png\",\"contentUrl\":\"https:\/\/www.sportingpedia.com\/wp-content\/uploads\/2019\/10\/SportingPedia_logo.png\",\"width\":600,\"height\":101,\"caption\":\"SportingPedia\"},\"image\":{\"@id\":\"https:\/\/www.sportingpedia.com\/es\/#\/schema\/logo\/image\/\"}}]}<\/script>\n<!-- \/ Yoast SEO plugin. -->","yoast_head_json":{"title":"Glenn Roberts - Sportingpedia - Latest Sports News From All Over the World","robots":{"index":"index","follow":"follow","max-snippet":"max-snippet:-1","max-image-preview":"max-image-preview:large","max-video-preview":"max-video-preview:-1"},"canonical":"https:\/\/www.sportingpedia.com\/es\/meet-the-team\/glenn-roberts\/","og_locale":"es_ES","og_type":"article","og_title":"Glenn Roberts - Sportingpedia - Latest Sports News From All Over the World","og_description":"Glenn es un amante de los deportes y escribe sobre f\u00fatbol y f\u00fatbol americano. Tambi\u00e9n realiza rese\u00f1as de casas de apuestas, aplicaciones de apuestas y m\u00e9todos de dep\u00f3sito o retiro que los jugadores pueden usar en casas de apuestas en l\u00ednea.","og_url":"https:\/\/www.sportingpedia.com\/es\/meet-the-team\/glenn-roberts\/","og_site_name":"Sportingpedia - Latest Sports News From All Over the World","article_modified_time":"2025-05-15T08:24:30+00:00","og_image":[{"url":"https:\/\/www.sportingpedia.com\/wp-content\/uploads\/2022\/04\/groberts.webp","type":"","width":"","height":""}],"twitter_card":"summary_large_image","twitter_misc":{"Tiempo de lectura":"1 minuto"},"schema":{"@context":"https:\/\/schema.org","@graph":[{"@type":"WebPage","@id":"https:\/\/www.sportingpedia.com\/es\/meet-the-team\/glenn-roberts\/","url":"https:\/\/www.sportingpedia.com\/es\/meet-the-team\/glenn-roberts\/","name":"Glenn Roberts - Sportingpedia - Latest Sports News From All Over the World","isPartOf":{"@id":"https:\/\/www.sportingpedia.com\/es\/#website"},"primaryImageOfPage":{"@id":"https:\/\/www.sportingpedia.com\/es\/meet-the-team\/glenn-roberts\/#primaryimage"},"image":{"@id":"https:\/\/www.sportingpedia.com\/es\/meet-the-team\/glenn-roberts\/#primaryimage"},"thumbnailUrl":"https:\/\/www.sportingpedia.com\/wp-content\/uploads\/2022\/04\/groberts.webp","datePublished":"2025-04-10T08:00:31+00:00","dateModified":"2025-05-15T08:24:30+00:00","breadcrumb":{"@id":"https:\/\/www.sportingpedia.com\/es\/meet-the-team\/glenn-roberts\/#breadcrumb"},"inLanguage":"es","potentialAction":[{"@type":"ReadAction","target":["https:\/\/www.sportingpedia.com\/es\/meet-the-team\/glenn-roberts\/"]}]},{"@type":"ImageObject","inLanguage":"es","@id":"https:\/\/www.sportingpedia.com\/es\/meet-the-team\/glenn-roberts\/#primaryimage","url":"https:\/\/www.sportingpedia.com\/wp-content\/uploads\/2022\/04\/groberts.webp","contentUrl":"https:\/\/www.sportingpedia.com\/wp-content\/uploads\/2022\/04\/groberts.webp"},{"@type":"BreadcrumbList","@id":"https:\/\/www.sportingpedia.com\/es\/meet-the-team\/glenn-roberts\/#breadcrumb","itemListElement":[{"@type":"ListItem","position":1,"name":"Inicio","item":"https:\/\/www.sportingpedia.com\/es\/home-2\/"},{"@type":"ListItem","position":2,"name":"Conoce al equipo","item":"https:\/\/www.sportingpedia.com\/es\/meet-the-team\/"},{"@type":"ListItem","position":3,"name":"Glenn Roberts"}]},{"@type":"WebSite","@id":"https:\/\/www.sportingpedia.com\/es\/#website","url":"https:\/\/www.sportingpedia.com\/es\/","name":"Sportingpedia - Latest Sports News From All Over the World","description":"","publisher":{"@id":"https:\/\/www.sportingpedia.com\/es\/#organization"},"potentialAction":[{"@type":"SearchAction","target":{"@type":"EntryPoint","urlTemplate":"https:\/\/www.sportingpedia.com\/es\/?s={search_term_string}"},"query-input":{"@type":"PropertyValueSpecification","valueRequired":true,"valueName":"search_term_string"}}],"inLanguage":"es"},{"@type":"Organization","@id":"https:\/\/www.sportingpedia.com\/es\/#organization","name":"SportingPedia","url":"https:\/\/www.sportingpedia.com\/es\/","logo":{"@type":"ImageObject","inLanguage":"es","@id":"https:\/\/www.sportingpedia.com\/es\/#\/schema\/logo\/image\/","url":"https:\/\/www.sportingpedia.com\/wp-content\/uploads\/2019\/10\/SportingPedia_logo.png","contentUrl":"https:\/\/www.sportingpedia.com\/wp-content\/uploads\/2019\/10\/SportingPedia_logo.png","width":600,"height":101,"caption":"SportingPedia"},"image":{"@id":"https:\/\/www.sportingpedia.com\/es\/#\/schema\/logo\/image\/"}}]}},"_links":{"self":[{"href":"https:\/\/www.sportingpedia.com\/es\/wp-json\/wp\/v2\/pages\/118952","targetHints":{"allow":["GET"]}}],"collection":[{"href":"https:\/\/www.sportingpedia.com\/es\/wp-json\/wp\/v2\/pages"}],"about":[{"href":"https:\/\/www.sportingpedia.com\/es\/wp-json\/wp\/v2\/types\/page"}],"author":[{"embeddable":true,"href":"https:\/\/www.sportingpedia.com\/es\/wp-json\/wp\/v2\/users\/8"}],"replies":[{"embeddable":true,"href":"https:\/\/www.sportingpedia.com\/es\/wp-json\/wp\/v2\/comments?post=118952"}],"version-history":[{"count":1,"href":"https:\/\/www.sportingpedia.com\/es\/wp-json\/wp\/v2\/pages\/118952\/revisions"}],"predecessor-version":[{"id":125075,"href":"https:\/\/www.sportingpedia.com\/es\/wp-json\/wp\/v2\/pages\/118952\/revisions\/125075"}],"up":[{"embeddable":true,"href":"https:\/\/www.sportingpedia.com\/es\/wp-json\/wp\/v2\/pages\/118653"}],"wp:attachment":[{"href":"https:\/\/www.sportingpedia.com\/es\/wp-json\/wp\/v2\/media?parent=118952"}],"curies":[{"name":"wp","href":"https:\/\/api.w.org\/{rel}","templated":true}]}}