{"id":118192,"date":"2025-04-10T07:44:24","date_gmt":"2025-04-10T07:44:24","guid":{"rendered":"https:\/\/www.sportingpedia.com\/?page_id=118192"},"modified":"2025-05-16T09:48:44","modified_gmt":"2025-05-16T09:48:44","slug":"privacy-policy","status":"publish","type":"page","link":"https:\/\/www.sportingpedia.com\/fr\/privacy-policy\/","title":{"rendered":"Politique de confidentialit\u00e9"},"content":{"rendered":"<p>Chez Sportingpedia, nous prenons votre vie priv\u00e9e au s\u00e9rieux et nous nous engageons \u00e0 s\u00e9curiser et prot\u00e9ger correctement les donn\u00e9es personnelles de nos clients. Cette Politique de Confidentialit\u00e9 a pour but d&rsquo;expliquer comment nous collectons, utilisons, transf\u00e9rons et divulguons vos informations personnelles. Avant d&rsquo;utiliser notre site web, nous vous recommandons de prendre un moment pour lire la politique suivante.<\/p>\n<p>Elle vous informe sur les donn\u00e9es que nous recueillons et pourquoi, ainsi que sur vos droits et comment ils peuvent \u00eatre exerc\u00e9s. Les informations personnelles d\u00e9signent toute information pouvant \u00eatre utilis\u00e9e pour vous identifier directement ou indirectement. Vous n&rsquo;\u00eates pas oblig\u00e9 de partager ces informations \u00e0 notre demande, mais vous devez \u00eatre conscient que si vous choisissez de ne pas le faire, nous pourrions ne pas \u00eatre en mesure de vous fournir tous nos services.<\/p>\n<p>Veuillez noter que cette page sera mise \u00e0 jour si n\u00e9cessaire afin de refl\u00e9ter toute modification de nos services et les retours de nos clients. Pour rester inform\u00e9 de notre Politique de Confidentialit\u00e9, vous devez v\u00e9rifier la page pour toute modification qu&rsquo;elle pourrait subir.<\/p>\n<h2>Informations que nous recueillons<\/h2>\n<ul>\n<li>Statistiques sur les donn\u00e9es d\u00e9mographiques telles que l&rsquo;\u00e2ge, le sexe, ainsi que les pr\u00e9f\u00e9rences et int\u00e9r\u00eats des utilisateurs de notre site web<\/li>\n<li>Toutes autres donn\u00e9es que nous pourrions juger pertinentes \u2013 cookies et donn\u00e9es collect\u00e9es automatiquement telles que l&rsquo;adresse IP, les identifiants uniques d&rsquo;appareil, le type de navigateur et les informations de suivi<\/li>\n<h2>Pourquoi Nous Collectons Vos Informations Personnelles<\/h2>\n<p>Nous recueillons des informations personnelles aupr\u00e8s de nos clients afin de mieux comprendre leurs besoins et leurs int\u00e9r\u00eats. En collectant ces donn\u00e9es, nous essayons d&rsquo;am\u00e9liorer nos services et l&rsquo;exp\u00e9rience globale de nos utilisateurs sur ce site web. Gr\u00e2ce \u00e0 ces informations, nous sommes en mesure d&rsquo;offrir un service localis\u00e9 et plus personnalis\u00e9 aux utilisateurs de diff\u00e9rentes r\u00e9gions du monde.<\/p>\n<p>Nous stockons \u00e9galement ces donn\u00e9es pour la tenue de registres internes. Nous les utilisons de mani\u00e8re responsable \u00e0 des fins limit\u00e9es et ne les vendons pas \u00e0 des tiers. Les utilisations sp\u00e9cifiques incluent :<\/p>\n<ul>\n<li>Pr\u00e9vention des activit\u00e9s ill\u00e9gales et assistance aux forces de l&rsquo;ordre comme exig\u00e9 par la loi<\/li>\n<li>Fournir nos services \u2013 les d\u00e9tails personnels peuvent \u00eatre utilis\u00e9s pour traiter les plaintes, cr\u00e9er des comptes utilisateurs, am\u00e9liorer nos produits et offrir des exp\u00e9riences personnalis\u00e9es, etc.<\/li>\n<li>Communication avec nos clients \u2013 la conservation des informations personnelles est n\u00e9cessaire pour maintenir une communication avec vous, vous envoyer des notifications par e-mail, et autres.<\/li>\n<\/ul>\n<h2>S\u00e9curit\u00e9<\/h2>\n<p>Lors de la collecte de vos informations personnelles, votre confidentialit\u00e9 et s\u00e9curit\u00e9 restent notre priorit\u00e9 absolue, et nous avons pris diverses mesures pour prot\u00e9ger toute donn\u00e9e sensible. Ces informations sont partag\u00e9es uniquement avec des tiers s\u00e9lectionn\u00e9s et uniquement \u00e0 des fins limit\u00e9es. Pour pr\u00e9venir l&rsquo;utilisation abusive, la perte, la divulgation ou l&rsquo;acc\u00e8s non autoris\u00e9 \u00e0 vos informations, nous mettons en \u0153uvre des protocoles de s\u00e9curit\u00e9, y compris des protocoles physiques et num\u00e9riques.<\/p>\n<p>Veuillez noter qu&rsquo;aucune m\u00e9thode de communication sur Internet ne peut \u00eatre enti\u00e8rement s\u00e9curis\u00e9e.<\/p>\n<h2>Utilisation des cookies<\/h2>\n<p>Les cookies Internet ou de navigateur sont de petits morceaux de donn\u00e9es collect\u00e9s \u00e0 partir de sites web et stock\u00e9s sur l\u2019ordinateur de l\u2019utilisateur par le navigateur web. Les cookies identifient les utilisateurs et aident \u00e0 leur offrir des pages web personnalis\u00e9es. Lorsque vous visitez un site, un cookie est envoy\u00e9 \u00e0 votre navigateur qui le conserve pour une utilisation ult\u00e9rieure et chaque fois que vous ouvrez \u00e0 nouveau le m\u00eame site web, le cookie est renvoy\u00e9 au serveur. Il inclut des informations telles que vos pr\u00e9f\u00e9rences, ainsi que tous les noms d&rsquo;utilisateur et mots de passe que vous avez cr\u00e9\u00e9s. De cette mani\u00e8re, le site web peut vous fournir une exp\u00e9rience personnalis\u00e9e \u2013 il se souvient de votre nom d&rsquo;utilisateur, des pages pr\u00e9c\u00e9demment visit\u00e9es, etc.<\/p>\n<p>Chez Sportingpedia, nous utilisons des cookies de journal de trafic pour suivre les pages les plus visit\u00e9es sur notre site web. Les cookies sont stock\u00e9s seulement pour une dur\u00e9e limit\u00e9e, puis ils sont supprim\u00e9s. Nous les utilisons \u00e0 des fins statistiques et m\u00eame s&rsquo;ils sont temporaires, ils nous aident \u00e0 am\u00e9liorer nos services et \u00e0 offrir aux utilisateurs une exp\u00e9rience plus fluide et plus personnalis\u00e9e.<\/p>\n<h2>Liens vers d&rsquo;autres sites Web<\/h2>\n<p>Nous ne sommes pas responsables de la collecte de donn\u00e9es par d&rsquo;autres pages, mais nous pouvons inclure des liens vers des sites Web tiers qui ne sont en aucun cas r\u00e9gis par cette politique de confidentialit\u00e9. Notez que ces sites ont leurs propres politiques concernant la confidentialit\u00e9 et la s\u00e9curit\u00e9 en ligne et nous n&rsquo;avons aucun contr\u00f4le sur les donn\u00e9es qu&rsquo;ils collectent, stockent ou partagent \u00e0 votre sujet. Soyez conscient que si vous choisissez de leur fournir des informations personnelles, nous ne pouvons \u00eatre tenus responsables de leur protection.<\/p>\n","protected":false},"excerpt":{"rendered":"<p>Chez Sportingpedia, nous prenons votre vie priv\u00e9e au s\u00e9rieux et nous nous engageons \u00e0 s\u00e9curiser et prot\u00e9ger correctement les donn\u00e9es personnelles de nos clients. Cette Politique de Confidentialit\u00e9 a pour but d&rsquo;expliquer comment nous collectons, utilisons, transf\u00e9rons et divulguons vos informations personnelles. Avant d&rsquo;utiliser notre site web, nous vous recommandons de prendre un moment pour [&hellip;]<\/p>\n","protected":false},"author":1,"featured_media":0,"parent":0,"menu_order":0,"comment_status":"closed","ping_status":"open","template":"page-nosidebar.php","meta":{"footnotes":""},"class_list":["post-118192","page","type-page","status-publish","hentry"],"yoast_head":"<!-- This site is optimized with the Yoast SEO plugin v26.6 - https:\/\/yoast.com\/wordpress\/plugins\/seo\/ -->\n<title>Politique de confidentialit\u00e9 - Sportingpedia - Latest Sports News From All Over the World<\/title>\n<meta name=\"robots\" content=\"noindex, follow\" \/>\n<meta property=\"og:locale\" content=\"fr_FR\" \/>\n<meta property=\"og:type\" content=\"article\" \/>\n<meta property=\"og:title\" content=\"Politique de confidentialit\u00e9 - Sportingpedia - Latest Sports News From All Over the World\" \/>\n<meta property=\"og:description\" content=\"Chez Sportingpedia, nous prenons votre vie priv\u00e9e au s\u00e9rieux et nous nous engageons \u00e0 s\u00e9curiser et prot\u00e9ger correctement les donn\u00e9es personnelles de nos clients. Cette Politique de Confidentialit\u00e9 a pour but d&rsquo;expliquer comment nous collectons, utilisons, transf\u00e9rons et divulguons vos informations personnelles. Avant d&rsquo;utiliser notre site web, nous vous recommandons de prendre un moment pour [&hellip;]\" \/>\n<meta property=\"og:url\" content=\"https:\/\/www.sportingpedia.com\/fr\/privacy-policy\/\" \/>\n<meta property=\"og:site_name\" content=\"Sportingpedia - Latest Sports News From All Over the World\" \/>\n<meta property=\"article:modified_time\" content=\"2025-05-16T09:48:44+00:00\" \/>\n<meta name=\"twitter:card\" content=\"summary_large_image\" \/>\n<meta name=\"twitter:label1\" content=\"Dur\u00e9e de lecture estim\u00e9e\" \/>\n\t<meta name=\"twitter:data1\" content=\"3 minutes\" \/>\n<script type=\"application\/ld+json\" class=\"yoast-schema-graph\">{\"@context\":\"https:\/\/schema.org\",\"@graph\":[{\"@type\":\"WebPage\",\"@id\":\"https:\/\/www.sportingpedia.com\/fr\/privacy-policy\/\",\"url\":\"https:\/\/www.sportingpedia.com\/fr\/privacy-policy\/\",\"name\":\"Politique de confidentialit\u00e9 - Sportingpedia - Latest Sports News From All Over the World\",\"isPartOf\":{\"@id\":\"https:\/\/www.sportingpedia.com\/fr\/#website\"},\"datePublished\":\"2025-04-10T07:44:24+00:00\",\"dateModified\":\"2025-05-16T09:48:44+00:00\",\"breadcrumb\":{\"@id\":\"https:\/\/www.sportingpedia.com\/fr\/privacy-policy\/#breadcrumb\"},\"inLanguage\":\"fr-FR\",\"potentialAction\":[{\"@type\":\"ReadAction\",\"target\":[\"https:\/\/www.sportingpedia.com\/fr\/privacy-policy\/\"]}]},{\"@type\":\"BreadcrumbList\",\"@id\":\"https:\/\/www.sportingpedia.com\/fr\/privacy-policy\/#breadcrumb\",\"itemListElement\":[{\"@type\":\"ListItem\",\"position\":1,\"name\":\"Accueil\",\"item\":\"https:\/\/www.sportingpedia.com\/fr\/home\/\"},{\"@type\":\"ListItem\",\"position\":2,\"name\":\"Politique de confidentialit\u00e9\"}]},{\"@type\":\"WebSite\",\"@id\":\"https:\/\/www.sportingpedia.com\/fr\/#website\",\"url\":\"https:\/\/www.sportingpedia.com\/fr\/\",\"name\":\"Sportingpedia - Latest Sports News From All Over the World\",\"description\":\"\",\"publisher\":{\"@id\":\"https:\/\/www.sportingpedia.com\/fr\/#organization\"},\"potentialAction\":[{\"@type\":\"SearchAction\",\"target\":{\"@type\":\"EntryPoint\",\"urlTemplate\":\"https:\/\/www.sportingpedia.com\/fr\/?s={search_term_string}\"},\"query-input\":{\"@type\":\"PropertyValueSpecification\",\"valueRequired\":true,\"valueName\":\"search_term_string\"}}],\"inLanguage\":\"fr-FR\"},{\"@type\":\"Organization\",\"@id\":\"https:\/\/www.sportingpedia.com\/fr\/#organization\",\"name\":\"SportingPedia\",\"url\":\"https:\/\/www.sportingpedia.com\/fr\/\",\"logo\":{\"@type\":\"ImageObject\",\"inLanguage\":\"fr-FR\",\"@id\":\"https:\/\/www.sportingpedia.com\/fr\/#\/schema\/logo\/image\/\",\"url\":\"https:\/\/www.sportingpedia.com\/wp-content\/uploads\/2019\/10\/SportingPedia_logo.png\",\"contentUrl\":\"https:\/\/www.sportingpedia.com\/wp-content\/uploads\/2019\/10\/SportingPedia_logo.png\",\"width\":600,\"height\":101,\"caption\":\"SportingPedia\"},\"image\":{\"@id\":\"https:\/\/www.sportingpedia.com\/fr\/#\/schema\/logo\/image\/\"}}]}<\/script>\n<!-- \/ Yoast SEO plugin. -->","yoast_head_json":{"title":"Politique de confidentialit\u00e9 - Sportingpedia - Latest Sports News From All Over the World","robots":{"index":"noindex","follow":"follow"},"og_locale":"fr_FR","og_type":"article","og_title":"Politique de confidentialit\u00e9 - Sportingpedia - Latest Sports News From All Over the World","og_description":"Chez Sportingpedia, nous prenons votre vie priv\u00e9e au s\u00e9rieux et nous nous engageons \u00e0 s\u00e9curiser et prot\u00e9ger correctement les donn\u00e9es personnelles de nos clients. Cette Politique de Confidentialit\u00e9 a pour but d&rsquo;expliquer comment nous collectons, utilisons, transf\u00e9rons et divulguons vos informations personnelles. Avant d&rsquo;utiliser notre site web, nous vous recommandons de prendre un moment pour [&hellip;]","og_url":"https:\/\/www.sportingpedia.com\/fr\/privacy-policy\/","og_site_name":"Sportingpedia - Latest Sports News From All Over the World","article_modified_time":"2025-05-16T09:48:44+00:00","twitter_card":"summary_large_image","twitter_misc":{"Dur\u00e9e de lecture estim\u00e9e":"3 minutes"},"schema":{"@context":"https:\/\/schema.org","@graph":[{"@type":"WebPage","@id":"https:\/\/www.sportingpedia.com\/fr\/privacy-policy\/","url":"https:\/\/www.sportingpedia.com\/fr\/privacy-policy\/","name":"Politique de confidentialit\u00e9 - Sportingpedia - Latest Sports News From All Over the World","isPartOf":{"@id":"https:\/\/www.sportingpedia.com\/fr\/#website"},"datePublished":"2025-04-10T07:44:24+00:00","dateModified":"2025-05-16T09:48:44+00:00","breadcrumb":{"@id":"https:\/\/www.sportingpedia.com\/fr\/privacy-policy\/#breadcrumb"},"inLanguage":"fr-FR","potentialAction":[{"@type":"ReadAction","target":["https:\/\/www.sportingpedia.com\/fr\/privacy-policy\/"]}]},{"@type":"BreadcrumbList","@id":"https:\/\/www.sportingpedia.com\/fr\/privacy-policy\/#breadcrumb","itemListElement":[{"@type":"ListItem","position":1,"name":"Accueil","item":"https:\/\/www.sportingpedia.com\/fr\/home\/"},{"@type":"ListItem","position":2,"name":"Politique de confidentialit\u00e9"}]},{"@type":"WebSite","@id":"https:\/\/www.sportingpedia.com\/fr\/#website","url":"https:\/\/www.sportingpedia.com\/fr\/","name":"Sportingpedia - Latest Sports News From All Over the World","description":"","publisher":{"@id":"https:\/\/www.sportingpedia.com\/fr\/#organization"},"potentialAction":[{"@type":"SearchAction","target":{"@type":"EntryPoint","urlTemplate":"https:\/\/www.sportingpedia.com\/fr\/?s={search_term_string}"},"query-input":{"@type":"PropertyValueSpecification","valueRequired":true,"valueName":"search_term_string"}}],"inLanguage":"fr-FR"},{"@type":"Organization","@id":"https:\/\/www.sportingpedia.com\/fr\/#organization","name":"SportingPedia","url":"https:\/\/www.sportingpedia.com\/fr\/","logo":{"@type":"ImageObject","inLanguage":"fr-FR","@id":"https:\/\/www.sportingpedia.com\/fr\/#\/schema\/logo\/image\/","url":"https:\/\/www.sportingpedia.com\/wp-content\/uploads\/2019\/10\/SportingPedia_logo.png","contentUrl":"https:\/\/www.sportingpedia.com\/wp-content\/uploads\/2019\/10\/SportingPedia_logo.png","width":600,"height":101,"caption":"SportingPedia"},"image":{"@id":"https:\/\/www.sportingpedia.com\/fr\/#\/schema\/logo\/image\/"}}]}},"_links":{"self":[{"href":"https:\/\/www.sportingpedia.com\/fr\/wp-json\/wp\/v2\/pages\/118192","targetHints":{"allow":["GET"]}}],"collection":[{"href":"https:\/\/www.sportingpedia.com\/fr\/wp-json\/wp\/v2\/pages"}],"about":[{"href":"https:\/\/www.sportingpedia.com\/fr\/wp-json\/wp\/v2\/types\/page"}],"author":[{"embeddable":true,"href":"https:\/\/www.sportingpedia.com\/fr\/wp-json\/wp\/v2\/users\/1"}],"replies":[{"embeddable":true,"href":"https:\/\/www.sportingpedia.com\/fr\/wp-json\/wp\/v2\/comments?post=118192"}],"version-history":[{"count":1,"href":"https:\/\/www.sportingpedia.com\/fr\/wp-json\/wp\/v2\/pages\/118192\/revisions"}],"predecessor-version":[{"id":122638,"href":"https:\/\/www.sportingpedia.com\/fr\/wp-json\/wp\/v2\/pages\/118192\/revisions\/122638"}],"wp:attachment":[{"href":"https:\/\/www.sportingpedia.com\/fr\/wp-json\/wp\/v2\/media?parent=118192"}],"curies":[{"name":"wp","href":"https:\/\/api.w.org\/{rel}","templated":true}]}}