{"id":118193,"date":"2025-04-10T07:44:24","date_gmt":"2025-04-10T07:44:24","guid":{"rendered":"https:\/\/www.sportingpedia.com\/?page_id=118193"},"modified":"2025-11-26T10:54:26","modified_gmt":"2025-11-26T10:54:26","slug":"about-us","status":"publish","type":"page","link":"https:\/\/www.sportingpedia.com\/fr\/about-us\/","title":{"rendered":"\u00c0 propos de nous"},"content":{"rendered":"<p>SportingPedia.com est un projet ambitieux lanc\u00e9 \u00e0 la fin de l&rsquo;ann\u00e9e 2017, qui vise \u00e0 fournir une couverture quotidienne des \u00e9v\u00e9nements et des \u00e9volutions des grandes ligues sportives. Notre \u00e9quipe de journalistes cumule des d\u00e9cennies d&rsquo;exp\u00e9rience dans le suivi et la couverture du monde du sport.<\/p>\n<p>Les lecteurs de SportingPedia.com peuvent consulter des articles d&rsquo;actualit\u00e9 quotidiens ax\u00e9s sur les sujets les plus importants de diff\u00e9rents sports, ainsi que des r\u00e9sum\u00e9s et des \u00e9ditoriaux, qui fournissent tous des informations d\u00e9taill\u00e9es sur les disciplines et les th\u00e8mes qui les int\u00e9ressent. Les amateurs de sport peuvent \u00e9galement retrouver les derniers scores et classements des grandes ligues sportives.<\/p>\n<div class=\"meet-team-title\">Rencontrez l&rsquo;\u00e9quipe<\/div>\n<div class=\"author-box\">\n<div class=\"author-img\"><img decoding=\"async\" src=\"https:\/\/www.sportingpedia.com\/wp-content\/uploads\/2024\/09\/pavel-kateliev.jpeg\" style=\"border-radius: 50%\" alt=\"Pavel Kateliev - Auteur Sports Europ\u00e9ens\" width=\"166\" height=\"167\" class=\"aligncenter\" \/><\/div>\n<p><span class=\"author-name\"><a href=\"https:\/\/www.sportingpedia.com\/fr\/meet-the-team\/pavel-kateliev\/\">Pavel Kateliev<\/a><\/span> <span>Auteur sports europ\u00e9ens <a target=\"_blank\" href=\"https:\/\/www.linkedin.com\/in\/pavelkateliev\/\" rel=\"noopener nofollow\"><img decoding=\"async\" width=\"25\" src=\"https:\/\/www.sportingpedia.com\/wp-content\/uploads\/2024\/09\/icon-linkedin.svg\" alt=\"Pavel Kateliev - Profil Linkedin\" \/><\/a><\/span><\/p>\n<p>Pavel Kateliev est un journaliste sportif renomm\u00e9, particuli\u00e8rement actif dans les domaines du football, du basket-ball, du tennis et du hockey. Il \u00e9crit quotidiennement pour Sportingpedia, et son travail a \u00e9t\u00e9 traduit en au moins 20 langues et repris par des m\u00e9dias r\u00e9put\u00e9s tels que la BBC, Yahoo, MCN, The Sun et l&rsquo;Evening News, en italien, anglais, espagnol et portugais.<\/p>\n<\/div>\n<div class=\"author-box\">\n<div class=\"author-img\"><img decoding=\"async\" src=\"https:\/\/www.sportingpedia.com\/wp-content\/uploads\/2018\/07\/earl.png\" alt=\"Earl Campbell - Auteur Sports Am\u00e9ricains\" width=\"166\" height=\"167\" class=\"aligncenter\" \/><\/div>\n<p><span class=\"author-name\"><a href=\"https:\/\/www.sportingpedia.com\/fr\/meet-the-team\/earl-campbell\/\">Earl Campbell<\/a><\/span> <span>Auteur sports am\u00e9ricains <a target=\"_blank\" href=\"https:\/\/www.linkedin.com\/in\/earl-campbell-57545417\/\" rel=\"noopener nofollow\"><img decoding=\"async\" width=\"25\" src=\"https:\/\/www.sportingpedia.com\/wp-content\/uploads\/2024\/09\/icon-linkedin.svg\" alt=\"Earl Campbell - Profil Linkedin\" \/><\/a><\/span><\/p>\n<p>Earl Campbell est un journaliste sportif reconnu, sp\u00e9cialis\u00e9 dans le football, la NBA, le tennis et le hockey. Il contribue quotidiennement \u00e0 Sportingpedia, et de nombreux articles de sa plume ont \u00e9t\u00e9 publi\u00e9s dans des m\u00e9dias majeurs comme la BBC, Yahoo, MCN, The Sun et l&rsquo;Evening News, en italien, anglais, espagnol et portugais.<\/p>\n<\/div>\n<div class=\"author-box\">\n<div class=\"author-img\"><img decoding=\"async\" src=\"https:\/\/www.sportingpedia.com\/wp-content\/uploads\/2018\/07\/rodney.png\" alt=\"Rodney Knuppel - Auteur Sports Am\u00e9ricains\" width=\"166\" height=\"167\" class=\"aligncenter\" \/><\/div>\n<p><span class=\"author-name\"><a href=\"https:\/\/www.sportingpedia.com\/fr\/meet-the-team\/rodney-knuppel\/\">Rodney Knuppel<\/a><\/span> <span>Auteur sports am\u00e9ricains <a target=\"_blank\" href=\"https:\/\/www.linkedin.com\/in\/rodney-knuppel-ab7074182\/\" rel=\"noopener nofollow\"><img decoding=\"async\" width=\"25\" src=\"https:\/\/www.sportingpedia.com\/wp-content\/uploads\/2024\/09\/icon-linkedin.svg\" alt=\"Rodney Knuppel - Profil Linkedin\" \/><\/a><\/span><\/p>\n<p>Rodney Knuppel couvre le football am\u00e9ricain, le baseball et la NBA. Il joue au basket depuis son plus jeune \u00e2ge et est d\u00e9sormais impliqu\u00e9 dans la recherche et la r\u00e9daction. Il est un grand fan des Kansas Jayhawks de basket-ball.<\/p>\n<\/div>\n<div class=\"author-box\">\n<div class=\"author-img\"><img decoding=\"async\" src=\"https:\/\/www.sportingpedia.com\/wp-content\/uploads\/2024\/09\/aiden-beswick.jpg\" style=\"border-radius: 50%\" alt=\"Aiden Beswick - Auteur Football et EPL\" width=\"166\" height=\"167\" class=\"aligncenter\" \/><\/div>\n<p><span class=\"author-name\"><a href=\"https:\/\/www.sportingpedia.com\/fr\/meet-the-team\/aiden-beswick\/\">Aiden Beswick<\/a><\/span> <span>Auteur football et EPL <a target=\"_blank\" href=\"https:\/\/www.linkedin.com\/in\/aiden-beswick-78b4bb13b\/\" rel=\"noopener nofollow\"><img decoding=\"async\" width=\"25\" src=\"https:\/\/www.sportingpedia.com\/wp-content\/uploads\/2024\/09\/icon-linkedin.svg\" alt=\"Aiden Beswick - Profil Linkedin\" \/><\/a><\/span><\/p>\n<p>Aiden Beswick est un journaliste sportif qui couvre principalement la Premier League. Il est un grand fan de Manchester United, de la WWE et de l&rsquo;AEW. Il travaille actuellement comme officier de soutien aux m\u00e9dias au sein de la police du Grand Manchester et comme responsable des m\u00e9dias du Wythenshawe FC.<\/p>\n<\/div>\n<div class=\"author-box\">\n<div class=\"author-img\"><img decoding=\"async\" src=\"https:\/\/www.sportingpedia.com\/wp-content\/uploads\/2018\/07\/ryan.png\" alt=\"Ryan Knuppel - Auteur MLB\" width=\"166\" height=\"167\" class=\"aligncenter\" \/><\/div>\n<p><span class=\"author-name\" style=\"color: #ff624a\">Ryan Knuppel<\/span> <span>Auteur MLB <a target=\"_blank\" href=\"https:\/\/www.linkedin.com\/in\/ryanknuppel\" rel=\"noopener nofollow\"><img decoding=\"async\" width=\"25\" src=\"https:\/\/www.sportingpedia.com\/wp-content\/uploads\/2024\/09\/icon-linkedin.svg\" alt=\"Ryan Knuppel - Profil Linkedin\" \/><\/a><\/span><\/p>\n<p>Ryan est passionn\u00e9 de baseball depuis son plus jeune \u00e2ge. Plus r\u00e9cemment, il a r\u00e9dig\u00e9 des milliers d&rsquo;articles sur presque tous les sujets imaginables concernant ce sport. Il est un fervent supporter des St. Louis Cardinals et publiera ici, sur SportingPedia.com, des nouvelles quotidiennes de la MLB !<\/p>\n<\/div>\n","protected":false},"excerpt":{"rendered":"<p>SportingPedia.com est un projet ambitieux lanc\u00e9 \u00e0 la fin de l&rsquo;ann\u00e9e 2017, qui vise \u00e0 fournir une couverture quotidienne des \u00e9v\u00e9nements et des \u00e9volutions des grandes ligues sportives. Notre \u00e9quipe de journalistes cumule des d\u00e9cennies d&rsquo;exp\u00e9rience dans le suivi et la couverture du monde du sport. Les lecteurs de SportingPedia.com peuvent consulter des articles d&rsquo;actualit\u00e9 [&hellip;]<\/p>\n","protected":false},"author":1,"featured_media":0,"parent":0,"menu_order":0,"comment_status":"closed","ping_status":"closed","template":"page-nosidebar.php","meta":{"footnotes":""},"class_list":["post-118193","page","type-page","status-publish","hentry"],"yoast_head":"<!-- This site is optimized with the Yoast SEO plugin v26.6 - https:\/\/yoast.com\/wordpress\/plugins\/seo\/ -->\n<title>\u00c0 propos de nous - Sportingpedia - Latest Sports News From All Over the World<\/title>\n<meta name=\"robots\" content=\"noindex, follow\" \/>\n<meta property=\"og:locale\" content=\"fr_FR\" \/>\n<meta property=\"og:type\" content=\"article\" \/>\n<meta property=\"og:title\" content=\"\u00c0 propos de nous - Sportingpedia - Latest Sports News From All Over the World\" \/>\n<meta property=\"og:description\" content=\"SportingPedia.com est un projet ambitieux lanc\u00e9 \u00e0 la fin de l&rsquo;ann\u00e9e 2017, qui vise \u00e0 fournir une couverture quotidienne des \u00e9v\u00e9nements et des \u00e9volutions des grandes ligues sportives. Notre \u00e9quipe de journalistes cumule des d\u00e9cennies d&rsquo;exp\u00e9rience dans le suivi et la couverture du monde du sport. Les lecteurs de SportingPedia.com peuvent consulter des articles d&rsquo;actualit\u00e9 [&hellip;]\" \/>\n<meta property=\"og:url\" content=\"https:\/\/www.sportingpedia.com\/fr\/about-us\/\" \/>\n<meta property=\"og:site_name\" content=\"Sportingpedia - Latest Sports News From All Over the World\" \/>\n<meta property=\"article:modified_time\" content=\"2025-11-26T10:54:26+00:00\" \/>\n<meta property=\"og:image\" content=\"https:\/\/www.sportingpedia.com\/wp-content\/uploads\/2024\/09\/pavel-kateliev.jpeg\" \/>\n<meta name=\"twitter:card\" content=\"summary_large_image\" \/>\n<meta name=\"twitter:label1\" content=\"Dur\u00e9e de lecture estim\u00e9e\" \/>\n\t<meta name=\"twitter:data1\" content=\"4 minutes\" \/>\n<script type=\"application\/ld+json\" class=\"yoast-schema-graph\">{\"@context\":\"https:\/\/schema.org\",\"@graph\":[{\"@type\":\"WebPage\",\"@id\":\"https:\/\/www.sportingpedia.com\/fr\/about-us\/\",\"url\":\"https:\/\/www.sportingpedia.com\/fr\/about-us\/\",\"name\":\"\u00c0 propos de nous - Sportingpedia - Latest Sports News From All Over the World\",\"isPartOf\":{\"@id\":\"https:\/\/www.sportingpedia.com\/fr\/#website\"},\"primaryImageOfPage\":{\"@id\":\"https:\/\/www.sportingpedia.com\/fr\/about-us\/#primaryimage\"},\"image\":{\"@id\":\"https:\/\/www.sportingpedia.com\/fr\/about-us\/#primaryimage\"},\"thumbnailUrl\":\"https:\/\/www.sportingpedia.com\/wp-content\/uploads\/2024\/09\/pavel-kateliev.jpeg\",\"datePublished\":\"2025-04-10T07:44:24+00:00\",\"dateModified\":\"2025-11-26T10:54:26+00:00\",\"breadcrumb\":{\"@id\":\"https:\/\/www.sportingpedia.com\/fr\/about-us\/#breadcrumb\"},\"inLanguage\":\"fr-FR\",\"potentialAction\":[{\"@type\":\"ReadAction\",\"target\":[\"https:\/\/www.sportingpedia.com\/fr\/about-us\/\"]}]},{\"@type\":\"ImageObject\",\"inLanguage\":\"fr-FR\",\"@id\":\"https:\/\/www.sportingpedia.com\/fr\/about-us\/#primaryimage\",\"url\":\"https:\/\/www.sportingpedia.com\/wp-content\/uploads\/2024\/09\/pavel-kateliev.jpeg\",\"contentUrl\":\"https:\/\/www.sportingpedia.com\/wp-content\/uploads\/2024\/09\/pavel-kateliev.jpeg\"},{\"@type\":\"BreadcrumbList\",\"@id\":\"https:\/\/www.sportingpedia.com\/fr\/about-us\/#breadcrumb\",\"itemListElement\":[{\"@type\":\"ListItem\",\"position\":1,\"name\":\"Accueil\",\"item\":\"https:\/\/www.sportingpedia.com\/fr\/home\/\"},{\"@type\":\"ListItem\",\"position\":2,\"name\":\"\u00c0 propos de nous\"}]},{\"@type\":\"WebSite\",\"@id\":\"https:\/\/www.sportingpedia.com\/fr\/#website\",\"url\":\"https:\/\/www.sportingpedia.com\/fr\/\",\"name\":\"Sportingpedia - Latest Sports News From All Over the World\",\"description\":\"\",\"publisher\":{\"@id\":\"https:\/\/www.sportingpedia.com\/fr\/#organization\"},\"potentialAction\":[{\"@type\":\"SearchAction\",\"target\":{\"@type\":\"EntryPoint\",\"urlTemplate\":\"https:\/\/www.sportingpedia.com\/fr\/?s={search_term_string}\"},\"query-input\":{\"@type\":\"PropertyValueSpecification\",\"valueRequired\":true,\"valueName\":\"search_term_string\"}}],\"inLanguage\":\"fr-FR\"},{\"@type\":\"Organization\",\"@id\":\"https:\/\/www.sportingpedia.com\/fr\/#organization\",\"name\":\"SportingPedia\",\"url\":\"https:\/\/www.sportingpedia.com\/fr\/\",\"logo\":{\"@type\":\"ImageObject\",\"inLanguage\":\"fr-FR\",\"@id\":\"https:\/\/www.sportingpedia.com\/fr\/#\/schema\/logo\/image\/\",\"url\":\"https:\/\/www.sportingpedia.com\/wp-content\/uploads\/2019\/10\/SportingPedia_logo.png\",\"contentUrl\":\"https:\/\/www.sportingpedia.com\/wp-content\/uploads\/2019\/10\/SportingPedia_logo.png\",\"width\":600,\"height\":101,\"caption\":\"SportingPedia\"},\"image\":{\"@id\":\"https:\/\/www.sportingpedia.com\/fr\/#\/schema\/logo\/image\/\"}}]}<\/script>\n<!-- \/ Yoast SEO plugin. -->","yoast_head_json":{"title":"\u00c0 propos de nous - Sportingpedia - Latest Sports News From All Over the World","robots":{"index":"noindex","follow":"follow"},"og_locale":"fr_FR","og_type":"article","og_title":"\u00c0 propos de nous - Sportingpedia - Latest Sports News From All Over the World","og_description":"SportingPedia.com est un projet ambitieux lanc\u00e9 \u00e0 la fin de l&rsquo;ann\u00e9e 2017, qui vise \u00e0 fournir une couverture quotidienne des \u00e9v\u00e9nements et des \u00e9volutions des grandes ligues sportives. Notre \u00e9quipe de journalistes cumule des d\u00e9cennies d&rsquo;exp\u00e9rience dans le suivi et la couverture du monde du sport. Les lecteurs de SportingPedia.com peuvent consulter des articles d&rsquo;actualit\u00e9 [&hellip;]","og_url":"https:\/\/www.sportingpedia.com\/fr\/about-us\/","og_site_name":"Sportingpedia - Latest Sports News From All Over the World","article_modified_time":"2025-11-26T10:54:26+00:00","og_image":[{"url":"https:\/\/www.sportingpedia.com\/wp-content\/uploads\/2024\/09\/pavel-kateliev.jpeg","type":"","width":"","height":""}],"twitter_card":"summary_large_image","twitter_misc":{"Dur\u00e9e de lecture estim\u00e9e":"4 minutes"},"schema":{"@context":"https:\/\/schema.org","@graph":[{"@type":"WebPage","@id":"https:\/\/www.sportingpedia.com\/fr\/about-us\/","url":"https:\/\/www.sportingpedia.com\/fr\/about-us\/","name":"\u00c0 propos de nous - Sportingpedia - Latest Sports News From All Over the World","isPartOf":{"@id":"https:\/\/www.sportingpedia.com\/fr\/#website"},"primaryImageOfPage":{"@id":"https:\/\/www.sportingpedia.com\/fr\/about-us\/#primaryimage"},"image":{"@id":"https:\/\/www.sportingpedia.com\/fr\/about-us\/#primaryimage"},"thumbnailUrl":"https:\/\/www.sportingpedia.com\/wp-content\/uploads\/2024\/09\/pavel-kateliev.jpeg","datePublished":"2025-04-10T07:44:24+00:00","dateModified":"2025-11-26T10:54:26+00:00","breadcrumb":{"@id":"https:\/\/www.sportingpedia.com\/fr\/about-us\/#breadcrumb"},"inLanguage":"fr-FR","potentialAction":[{"@type":"ReadAction","target":["https:\/\/www.sportingpedia.com\/fr\/about-us\/"]}]},{"@type":"ImageObject","inLanguage":"fr-FR","@id":"https:\/\/www.sportingpedia.com\/fr\/about-us\/#primaryimage","url":"https:\/\/www.sportingpedia.com\/wp-content\/uploads\/2024\/09\/pavel-kateliev.jpeg","contentUrl":"https:\/\/www.sportingpedia.com\/wp-content\/uploads\/2024\/09\/pavel-kateliev.jpeg"},{"@type":"BreadcrumbList","@id":"https:\/\/www.sportingpedia.com\/fr\/about-us\/#breadcrumb","itemListElement":[{"@type":"ListItem","position":1,"name":"Accueil","item":"https:\/\/www.sportingpedia.com\/fr\/home\/"},{"@type":"ListItem","position":2,"name":"\u00c0 propos de nous"}]},{"@type":"WebSite","@id":"https:\/\/www.sportingpedia.com\/fr\/#website","url":"https:\/\/www.sportingpedia.com\/fr\/","name":"Sportingpedia - Latest Sports News From All Over the World","description":"","publisher":{"@id":"https:\/\/www.sportingpedia.com\/fr\/#organization"},"potentialAction":[{"@type":"SearchAction","target":{"@type":"EntryPoint","urlTemplate":"https:\/\/www.sportingpedia.com\/fr\/?s={search_term_string}"},"query-input":{"@type":"PropertyValueSpecification","valueRequired":true,"valueName":"search_term_string"}}],"inLanguage":"fr-FR"},{"@type":"Organization","@id":"https:\/\/www.sportingpedia.com\/fr\/#organization","name":"SportingPedia","url":"https:\/\/www.sportingpedia.com\/fr\/","logo":{"@type":"ImageObject","inLanguage":"fr-FR","@id":"https:\/\/www.sportingpedia.com\/fr\/#\/schema\/logo\/image\/","url":"https:\/\/www.sportingpedia.com\/wp-content\/uploads\/2019\/10\/SportingPedia_logo.png","contentUrl":"https:\/\/www.sportingpedia.com\/wp-content\/uploads\/2019\/10\/SportingPedia_logo.png","width":600,"height":101,"caption":"SportingPedia"},"image":{"@id":"https:\/\/www.sportingpedia.com\/fr\/#\/schema\/logo\/image\/"}}]}},"_links":{"self":[{"href":"https:\/\/www.sportingpedia.com\/fr\/wp-json\/wp\/v2\/pages\/118193","targetHints":{"allow":["GET"]}}],"collection":[{"href":"https:\/\/www.sportingpedia.com\/fr\/wp-json\/wp\/v2\/pages"}],"about":[{"href":"https:\/\/www.sportingpedia.com\/fr\/wp-json\/wp\/v2\/types\/page"}],"author":[{"embeddable":true,"href":"https:\/\/www.sportingpedia.com\/fr\/wp-json\/wp\/v2\/users\/1"}],"replies":[{"embeddable":true,"href":"https:\/\/www.sportingpedia.com\/fr\/wp-json\/wp\/v2\/comments?post=118193"}],"version-history":[{"count":2,"href":"https:\/\/www.sportingpedia.com\/fr\/wp-json\/wp\/v2\/pages\/118193\/revisions"}],"predecessor-version":[{"id":147586,"href":"https:\/\/www.sportingpedia.com\/fr\/wp-json\/wp\/v2\/pages\/118193\/revisions\/147586"}],"wp:attachment":[{"href":"https:\/\/www.sportingpedia.com\/fr\/wp-json\/wp\/v2\/media?parent=118193"}],"curies":[{"name":"wp","href":"https:\/\/api.w.org\/{rel}","templated":true}]}}