{"id":118194,"date":"2025-04-10T07:44:25","date_gmt":"2025-04-10T07:44:25","guid":{"rendered":"https:\/\/www.sportingpedia.com\/?page_id=118194"},"modified":"2025-05-16T09:51:05","modified_gmt":"2025-05-16T09:51:05","slug":"terms-and-conditions","status":"publish","type":"page","link":"https:\/\/www.sportingpedia.com\/fr\/terms-and-conditions\/","title":{"rendered":"Conditions g\u00e9n\u00e9rales"},"content":{"rendered":"<p>En acc\u00e9dant au site web de www.sportingpedia.com, vous acceptez automatiquement les termes et conditions suivants. Veuillez les lire attentivement, car cela vous aidera \u00e0 obtenir des informations d\u00e9taill\u00e9es sur le site web.<\/p>\n<h2>Acc\u00e9der au Site Web<\/h2>\n<p>Lorsque vous acc\u00e9dez au site web, vous acceptez automatiquement que Sportingpedia ne puisse \u00eatre tenu responsable des \u00e9ventuelles erreurs, omissions, dommages, etc. pouvant survenir apr\u00e8s l&rsquo;utilisation du contenu disponible sur ce site. Vous acceptez \u00e9galement de prendre en compte les risques potentiels pouvant \u00eatre li\u00e9s au contenu publi\u00e9 sur le site. Vous serez le seul responsable des risques li\u00e9s \u00e0 l&rsquo;int\u00e9grit\u00e9, l&rsquo;utilit\u00e9 et l&rsquo;exactitude des informations disponibles sur le site.<\/p>\n<p>Il est de votre responsabilit\u00e9 de v\u00e9rifier si les jeux d&rsquo;argent en ligne sont l\u00e9gaux dans la juridiction de votre pays de r\u00e9sidence actuel.<\/p>\n<h2>Restriction d&rsquo;\u00e2ge<\/h2>\n<p>Vous devez garder \u00e0 l&rsquo;esprit que le site de Sportingpedia ne doit pas \u00eatre consult\u00e9 par des mineurs. Vous devez avoir au moins 18 ans pour lire le contenu du site. La restriction d&rsquo;\u00e2ge peut \u00eatre plus \u00e9lev\u00e9e, selon la juridiction dans laquelle vous r\u00e9sidez et vous devez vous y conformer.<\/p>\n<h2>Politique de confidentialit\u00e9<\/h2>\n<p>Assurez-vous de vous familiariser avec la politique de confidentialit\u00e9 du site web qui se trouve \u00e0 l&rsquo;adresse <a href=\"https:\/\/www.sportingpedia.com\/fr\/privacy-policy\/\">www.sportingpedia.com\/privacy-policy\/<\/a><\/p>\n<h2>D\u00e9claration de non-responsabilit\u00e9 sur les garanties et limitation de responsabilit\u00e9<\/h2>\n<p>Sportingpedia ne peut \u00eatre tenue responsable des garanties expresses ou implicites couvrant le contenu, les donn\u00e9es et le mat\u00e9riel publi\u00e9s sur le site. \u00c0 cet \u00e9gard, Sportingpedia d\u00e9cline toutes les garanties implicites et expresses dans la mesure permise par la loi applicable.<\/p>\n<p>De plus, Sportingpedia ne peut \u00eatre tenue responsable des probl\u00e8mes qui pourraient survenir en raison de l&rsquo;utilisation ou de l&rsquo;incapacit\u00e9 d&rsquo;utiliser le site. Ainsi, les utilisateurs acceptent qu&rsquo;ils acc\u00e8dent au site \u00e0 leurs propres risques.<\/p>\n<h2>Modifications des Conditions G\u00e9n\u00e9rales<\/h2>\n<p>Sportingpedia se r\u00e9serve le droit exclusif de modifier ou d&rsquo;ajuster ses Conditions G\u00e9n\u00e9rales \u00e0 tout moment et sans pr\u00e9avis. C&rsquo;est pourquoi il est conseill\u00e9 aux utilisateurs de consulter r\u00e9guli\u00e8rement la page des Conditions G\u00e9n\u00e9rales du site pour toute modification. En cas de modifications et si vous continuez \u00e0 utiliser le site, cela sera consid\u00e9r\u00e9 comme un accord avec les nouvelles Conditions G\u00e9n\u00e9rales r\u00e9vis\u00e9es de Sportingpedia.<\/p>\n<h2>Contactez-Nous<\/h2>\n<p>Vous pouvez toujours nous contacter si vous avez des questions concernant nos Termes et Conditions ou si vous souhaitez nous donner votre avis. Vous pouvez le faire en visitant notre <a href=\"https:\/\/www.sportingpedia.com\/fr\/contact-us\/\">page de contact<\/a>.<\/p>\n","protected":false},"excerpt":{"rendered":"<p>En acc\u00e9dant au site web de www.sportingpedia.com, vous acceptez automatiquement les termes et conditions suivants. Veuillez les lire attentivement, car cela vous aidera \u00e0 obtenir des informations d\u00e9taill\u00e9es sur le site web. Acc\u00e9der au Site Web Lorsque vous acc\u00e9dez au site web, vous acceptez automatiquement que Sportingpedia ne puisse \u00eatre tenu responsable des \u00e9ventuelles erreurs, [&hellip;]<\/p>\n","protected":false},"author":1,"featured_media":0,"parent":0,"menu_order":0,"comment_status":"closed","ping_status":"closed","template":"page-nosidebar.php","meta":{"footnotes":""},"class_list":["post-118194","page","type-page","status-publish","hentry"],"yoast_head":"<!-- This site is optimized with the Yoast SEO plugin v26.6 - https:\/\/yoast.com\/wordpress\/plugins\/seo\/ -->\n<title>Conditions g\u00e9n\u00e9rales - Sportingpedia - Latest Sports News From All Over the World<\/title>\n<meta name=\"robots\" content=\"noindex, follow\" \/>\n<meta property=\"og:locale\" content=\"fr_FR\" \/>\n<meta property=\"og:type\" content=\"article\" \/>\n<meta property=\"og:title\" content=\"Conditions g\u00e9n\u00e9rales - Sportingpedia - Latest Sports News From All Over the World\" \/>\n<meta property=\"og:description\" content=\"En acc\u00e9dant au site web de www.sportingpedia.com, vous acceptez automatiquement les termes et conditions suivants. Veuillez les lire attentivement, car cela vous aidera \u00e0 obtenir des informations d\u00e9taill\u00e9es sur le site web. Acc\u00e9der au Site Web Lorsque vous acc\u00e9dez au site web, vous acceptez automatiquement que Sportingpedia ne puisse \u00eatre tenu responsable des \u00e9ventuelles erreurs, [&hellip;]\" \/>\n<meta property=\"og:url\" content=\"https:\/\/www.sportingpedia.com\/fr\/terms-and-conditions\/\" \/>\n<meta property=\"og:site_name\" content=\"Sportingpedia - Latest Sports News From All Over the World\" \/>\n<meta property=\"article:modified_time\" content=\"2025-05-16T09:51:05+00:00\" \/>\n<meta name=\"twitter:card\" content=\"summary_large_image\" \/>\n<meta name=\"twitter:label1\" content=\"Dur\u00e9e de lecture estim\u00e9e\" \/>\n\t<meta name=\"twitter:data1\" content=\"2 minutes\" \/>\n<script type=\"application\/ld+json\" class=\"yoast-schema-graph\">{\"@context\":\"https:\/\/schema.org\",\"@graph\":[{\"@type\":\"WebPage\",\"@id\":\"https:\/\/www.sportingpedia.com\/fr\/terms-and-conditions\/\",\"url\":\"https:\/\/www.sportingpedia.com\/fr\/terms-and-conditions\/\",\"name\":\"Conditions g\u00e9n\u00e9rales - Sportingpedia - Latest Sports News From All Over the World\",\"isPartOf\":{\"@id\":\"https:\/\/www.sportingpedia.com\/fr\/#website\"},\"datePublished\":\"2025-04-10T07:44:25+00:00\",\"dateModified\":\"2025-05-16T09:51:05+00:00\",\"breadcrumb\":{\"@id\":\"https:\/\/www.sportingpedia.com\/fr\/terms-and-conditions\/#breadcrumb\"},\"inLanguage\":\"fr-FR\",\"potentialAction\":[{\"@type\":\"ReadAction\",\"target\":[\"https:\/\/www.sportingpedia.com\/fr\/terms-and-conditions\/\"]}]},{\"@type\":\"BreadcrumbList\",\"@id\":\"https:\/\/www.sportingpedia.com\/fr\/terms-and-conditions\/#breadcrumb\",\"itemListElement\":[{\"@type\":\"ListItem\",\"position\":1,\"name\":\"Accueil\",\"item\":\"https:\/\/www.sportingpedia.com\/fr\/home\/\"},{\"@type\":\"ListItem\",\"position\":2,\"name\":\"Conditions g\u00e9n\u00e9rales\"}]},{\"@type\":\"WebSite\",\"@id\":\"https:\/\/www.sportingpedia.com\/fr\/#website\",\"url\":\"https:\/\/www.sportingpedia.com\/fr\/\",\"name\":\"Sportingpedia - Latest Sports News From All Over the World\",\"description\":\"\",\"publisher\":{\"@id\":\"https:\/\/www.sportingpedia.com\/fr\/#organization\"},\"potentialAction\":[{\"@type\":\"SearchAction\",\"target\":{\"@type\":\"EntryPoint\",\"urlTemplate\":\"https:\/\/www.sportingpedia.com\/fr\/?s={search_term_string}\"},\"query-input\":{\"@type\":\"PropertyValueSpecification\",\"valueRequired\":true,\"valueName\":\"search_term_string\"}}],\"inLanguage\":\"fr-FR\"},{\"@type\":\"Organization\",\"@id\":\"https:\/\/www.sportingpedia.com\/fr\/#organization\",\"name\":\"SportingPedia\",\"url\":\"https:\/\/www.sportingpedia.com\/fr\/\",\"logo\":{\"@type\":\"ImageObject\",\"inLanguage\":\"fr-FR\",\"@id\":\"https:\/\/www.sportingpedia.com\/fr\/#\/schema\/logo\/image\/\",\"url\":\"https:\/\/www.sportingpedia.com\/wp-content\/uploads\/2019\/10\/SportingPedia_logo.png\",\"contentUrl\":\"https:\/\/www.sportingpedia.com\/wp-content\/uploads\/2019\/10\/SportingPedia_logo.png\",\"width\":600,\"height\":101,\"caption\":\"SportingPedia\"},\"image\":{\"@id\":\"https:\/\/www.sportingpedia.com\/fr\/#\/schema\/logo\/image\/\"}}]}<\/script>\n<!-- \/ Yoast SEO plugin. -->","yoast_head_json":{"title":"Conditions g\u00e9n\u00e9rales - Sportingpedia - Latest Sports News From All Over the World","robots":{"index":"noindex","follow":"follow"},"og_locale":"fr_FR","og_type":"article","og_title":"Conditions g\u00e9n\u00e9rales - Sportingpedia - Latest Sports News From All Over the World","og_description":"En acc\u00e9dant au site web de www.sportingpedia.com, vous acceptez automatiquement les termes et conditions suivants. Veuillez les lire attentivement, car cela vous aidera \u00e0 obtenir des informations d\u00e9taill\u00e9es sur le site web. Acc\u00e9der au Site Web Lorsque vous acc\u00e9dez au site web, vous acceptez automatiquement que Sportingpedia ne puisse \u00eatre tenu responsable des \u00e9ventuelles erreurs, [&hellip;]","og_url":"https:\/\/www.sportingpedia.com\/fr\/terms-and-conditions\/","og_site_name":"Sportingpedia - Latest Sports News From All Over the World","article_modified_time":"2025-05-16T09:51:05+00:00","twitter_card":"summary_large_image","twitter_misc":{"Dur\u00e9e de lecture estim\u00e9e":"2 minutes"},"schema":{"@context":"https:\/\/schema.org","@graph":[{"@type":"WebPage","@id":"https:\/\/www.sportingpedia.com\/fr\/terms-and-conditions\/","url":"https:\/\/www.sportingpedia.com\/fr\/terms-and-conditions\/","name":"Conditions g\u00e9n\u00e9rales - Sportingpedia - Latest Sports News From All Over the World","isPartOf":{"@id":"https:\/\/www.sportingpedia.com\/fr\/#website"},"datePublished":"2025-04-10T07:44:25+00:00","dateModified":"2025-05-16T09:51:05+00:00","breadcrumb":{"@id":"https:\/\/www.sportingpedia.com\/fr\/terms-and-conditions\/#breadcrumb"},"inLanguage":"fr-FR","potentialAction":[{"@type":"ReadAction","target":["https:\/\/www.sportingpedia.com\/fr\/terms-and-conditions\/"]}]},{"@type":"BreadcrumbList","@id":"https:\/\/www.sportingpedia.com\/fr\/terms-and-conditions\/#breadcrumb","itemListElement":[{"@type":"ListItem","position":1,"name":"Accueil","item":"https:\/\/www.sportingpedia.com\/fr\/home\/"},{"@type":"ListItem","position":2,"name":"Conditions g\u00e9n\u00e9rales"}]},{"@type":"WebSite","@id":"https:\/\/www.sportingpedia.com\/fr\/#website","url":"https:\/\/www.sportingpedia.com\/fr\/","name":"Sportingpedia - Latest Sports News From All Over the World","description":"","publisher":{"@id":"https:\/\/www.sportingpedia.com\/fr\/#organization"},"potentialAction":[{"@type":"SearchAction","target":{"@type":"EntryPoint","urlTemplate":"https:\/\/www.sportingpedia.com\/fr\/?s={search_term_string}"},"query-input":{"@type":"PropertyValueSpecification","valueRequired":true,"valueName":"search_term_string"}}],"inLanguage":"fr-FR"},{"@type":"Organization","@id":"https:\/\/www.sportingpedia.com\/fr\/#organization","name":"SportingPedia","url":"https:\/\/www.sportingpedia.com\/fr\/","logo":{"@type":"ImageObject","inLanguage":"fr-FR","@id":"https:\/\/www.sportingpedia.com\/fr\/#\/schema\/logo\/image\/","url":"https:\/\/www.sportingpedia.com\/wp-content\/uploads\/2019\/10\/SportingPedia_logo.png","contentUrl":"https:\/\/www.sportingpedia.com\/wp-content\/uploads\/2019\/10\/SportingPedia_logo.png","width":600,"height":101,"caption":"SportingPedia"},"image":{"@id":"https:\/\/www.sportingpedia.com\/fr\/#\/schema\/logo\/image\/"}}]}},"_links":{"self":[{"href":"https:\/\/www.sportingpedia.com\/fr\/wp-json\/wp\/v2\/pages\/118194","targetHints":{"allow":["GET"]}}],"collection":[{"href":"https:\/\/www.sportingpedia.com\/fr\/wp-json\/wp\/v2\/pages"}],"about":[{"href":"https:\/\/www.sportingpedia.com\/fr\/wp-json\/wp\/v2\/types\/page"}],"author":[{"embeddable":true,"href":"https:\/\/www.sportingpedia.com\/fr\/wp-json\/wp\/v2\/users\/1"}],"replies":[{"embeddable":true,"href":"https:\/\/www.sportingpedia.com\/fr\/wp-json\/wp\/v2\/comments?post=118194"}],"version-history":[{"count":2,"href":"https:\/\/www.sportingpedia.com\/fr\/wp-json\/wp\/v2\/pages\/118194\/revisions"}],"predecessor-version":[{"id":128311,"href":"https:\/\/www.sportingpedia.com\/fr\/wp-json\/wp\/v2\/pages\/118194\/revisions\/128311"}],"wp:attachment":[{"href":"https:\/\/www.sportingpedia.com\/fr\/wp-json\/wp\/v2\/media?parent=118194"}],"curies":[{"name":"wp","href":"https:\/\/api.w.org\/{rel}","templated":true}]}}