{"id":118195,"date":"2025-04-10T07:44:25","date_gmt":"2025-04-10T07:44:25","guid":{"rendered":"https:\/\/www.sportingpedia.com\/?page_id=118195"},"modified":"2025-11-26T11:00:09","modified_gmt":"2025-11-26T11:00:09","slug":"contact-us","status":"publish","type":"page","link":"https:\/\/www.sportingpedia.com\/fr\/contact-us\/","title":{"rendered":"Contactez-nous"},"content":{"rendered":"<p>Nous restons disponibles pour toute personne souhaitant recevoir une aide suppl\u00e9mentaire ou simplement obtenir des informations compl\u00e9mentaires. N&rsquo;h\u00e9sitez pas \u00e0 nous contacter pour toute question en utilisant le formulaire de contact ci-dessous.<\/p>\n<h2>Contact g\u00e9n\u00e9ral<\/h2>\n<p><strong>Courriel :<\/strong> contact@sportingpedia.com<\/p>\n<h2>Auteurs<\/h2>\n<p>Pour contacter nos auteurs, veuillez consulter les informations ci-dessous.  <\/p>\n<div class=\"contact-authors\">\n<div class=\"author-box\">\n<div class=\"author-img\"><img decoding=\"async\" src=\"https:\/\/www.sportingpedia.com\/wp-content\/uploads\/2024\/09\/pavel-kateliev.jpeg\" style=\"border-radius: 50%\" alt=\"Pavel Kateliev - Auteur Sports Europ\u00e9ens\" width=\"166\" height=\"167\" class=\"aligncenter\" \/><\/div>\n<p><span class=\"author-name\"><a href=\"https:\/\/www.sportingpedia.com\/fr\/meet-the-team\/pavel-kateliev\/\">Pavel Kateliev<\/a><\/span> <span>Auteur sp\u00e9cialiste des sports europ\u00e9ens<\/span>  <\/p>\n<p>pkateliev@sportingpedia.com<\/p>\n<p><a target=\"_blank\" href=\"https:\/\/www.linkedin.com\/in\/pavelkateliev\/\" rel=\"noopener nofollow\"><img decoding=\"async\" width=\"25\" src=\"https:\/\/www.sportingpedia.com\/wp-content\/uploads\/2024\/09\/icon-linkedin.svg\" alt=\"Pavel Kateliev - Profil LinkedIn\" \/><\/a><\/p>\n<\/div>\n<div class=\"author-box\">\n<div class=\"author-img\"><img decoding=\"async\" src=\"https:\/\/www.sportingpedia.com\/wp-content\/uploads\/2018\/07\/earl.png\" alt=\"Earl Campbell - Auteur Sports Am\u00e9ricains\" width=\"166\" height=\"167\" class=\"aligncenter\" \/><\/div>\n<p><span class=\"author-name\"><a href=\"https:\/\/www.sportingpedia.com\/fr\/meet-the-team\/earl-campbell\/\">Earl Campbell<\/a><\/span> <span>Auteur sp\u00e9cialiste des sports am\u00e9ricains<\/span>  <\/p>\n<p>ecampbell@sportingpedia.com<\/p>\n<p><a target=\"_blank\" href=\"https:\/\/www.linkedin.com\/in\/earl-campbell-57545417\/\" rel=\"noopener nofollow\"><img decoding=\"async\" width=\"25\" src=\"https:\/\/www.sportingpedia.com\/wp-content\/uploads\/2024\/09\/icon-linkedin.svg\" alt=\"Earl Campbell - Profil LinkedIn\" \/><\/a><\/p>\n<\/div>\n<div class=\"author-box\">\n<div class=\"author-img\"><img decoding=\"async\" src=\"https:\/\/www.sportingpedia.com\/wp-content\/uploads\/2018\/07\/rodney.png\" alt=\"Rodney Knuppel - Auteur Sports Am\u00e9ricains\" width=\"166\" height=\"167\" class=\"aligncenter\" \/><\/div>\n<p><span class=\"author-name\"><a href=\"https:\/\/www.sportingpedia.com\/fr\/meet-the-team\/rodney-knuppel\/\">Rodney Knuppel<\/a><\/span> <span>Auteur sp\u00e9cialiste des sports am\u00e9ricains<\/span>  <\/p>\n<p>rodknuppel@sportingpedia.com<\/p>\n<p><a target=\"_blank\" href=\"https:\/\/www.linkedin.com\/in\/rodney-knuppel-ab7074182\/\" rel=\"noopener nofollow\"><img decoding=\"async\" width=\"25\" src=\"https:\/\/www.sportingpedia.com\/wp-content\/uploads\/2024\/09\/icon-linkedin.svg\" alt=\"Rodney Knuppel - Profil LinkedIn\" \/><\/a><\/p>\n<\/div>\n<div class=\"author-box\">\n<div class=\"author-img\"><img decoding=\"async\" src=\"https:\/\/www.sportingpedia.com\/wp-content\/uploads\/2024\/09\/aiden-beswick.jpg\" style=\"border-radius: 50%\" alt=\"Aiden Beswick - Auteur Football et EPL\" width=\"166\" height=\"167\" class=\"aligncenter\" \/><\/div>\n<p><span class=\"author-name\"><a href=\"https:\/\/www.sportingpedia.com\/fr\/meet-the-team\/aiden-beswick\/\">Aiden Beswick<\/a><\/span> <span>Auteur sp\u00e9cialiste du football et de la Premier League<\/span>  <\/p>\n<p>abeswick@sportingpedia.com<\/p>\n<p><a target=\"_blank\" href=\"https:\/\/www.linkedin.com\/in\/aiden-beswick-78b4bb13b\/\" rel=\"noopener nofollow\"><img decoding=\"async\" width=\"25\" src=\"https:\/\/www.sportingpedia.com\/wp-content\/uploads\/2024\/09\/icon-linkedin.svg\" alt=\"Aiden Beswick - Profil LinkedIn\" \/><\/a><\/p>\n<\/div>\n<div class=\"author-box\">\n<div class=\"author-img\"><img decoding=\"async\" src=\"https:\/\/www.sportingpedia.com\/wp-content\/uploads\/2018\/07\/ryan.png\" alt=\"auteur\" width=\"166\" height=\"167\" class=\"aligncenter\"><\/div>\n<p><span class=\"author-name\">Ryan Knuppel<\/span> <span>Auteur sp\u00e9cialiste de la MLB<\/span>  <\/p>\n<p>rknuppel@sportingpedia.com<\/p>\n<p><a target=\"_blank\" href=\"https:\/\/www.linkedin.com\/in\/ryanknuppel\" rel=\"noopener nofollow\"><img decoding=\"async\" width=\"25\" src=\"https:\/\/www.sportingpedia.com\/wp-content\/uploads\/2024\/09\/icon-linkedin.svg\" alt=\"Ryan Knuppel - Profil LinkedIn\" \/><\/a><\/p>\n<\/div>\n<\/div>\n<p><strong>Adresse :<\/strong> 1599 E 30th St, Austin, TX 78744, USA<\/p>\n","protected":false},"excerpt":{"rendered":"<p>Nous restons disponibles pour toute personne souhaitant recevoir une aide suppl\u00e9mentaire ou simplement obtenir des informations compl\u00e9mentaires. N&rsquo;h\u00e9sitez pas \u00e0 nous contacter pour toute question en utilisant le formulaire de contact ci-dessous. Contact g\u00e9n\u00e9ral Courriel : contact@sportingpedia.com Auteurs Pour contacter nos auteurs, veuillez consulter les informations ci-dessous. Pavel Kateliev Auteur sp\u00e9cialiste des sports europ\u00e9ens pkateliev@sportingpedia.com [&hellip;]<\/p>\n","protected":false},"author":1,"featured_media":0,"parent":0,"menu_order":0,"comment_status":"closed","ping_status":"closed","template":"page-nosidebar.php","meta":{"footnotes":""},"class_list":["post-118195","page","type-page","status-publish","hentry"],"yoast_head":"<!-- This site is optimized with the Yoast SEO plugin v26.6 - https:\/\/yoast.com\/wordpress\/plugins\/seo\/ -->\n<title>Contactez-nous - Sportingpedia - Latest Sports News From All Over the World<\/title>\n<meta name=\"robots\" content=\"noindex, follow\" \/>\n<meta property=\"og:locale\" content=\"fr_FR\" \/>\n<meta property=\"og:type\" content=\"article\" \/>\n<meta property=\"og:title\" content=\"Contactez-nous - Sportingpedia - Latest Sports News From All Over the World\" \/>\n<meta property=\"og:description\" content=\"Nous restons disponibles pour toute personne souhaitant recevoir une aide suppl\u00e9mentaire ou simplement obtenir des informations compl\u00e9mentaires. N&rsquo;h\u00e9sitez pas \u00e0 nous contacter pour toute question en utilisant le formulaire de contact ci-dessous. Contact g\u00e9n\u00e9ral Courriel : contact@sportingpedia.com Auteurs Pour contacter nos auteurs, veuillez consulter les informations ci-dessous. Pavel Kateliev Auteur sp\u00e9cialiste des sports europ\u00e9ens pkateliev@sportingpedia.com [&hellip;]\" \/>\n<meta property=\"og:url\" content=\"https:\/\/www.sportingpedia.com\/fr\/contact-us\/\" \/>\n<meta property=\"og:site_name\" content=\"Sportingpedia - Latest Sports News From All Over the World\" \/>\n<meta property=\"article:modified_time\" content=\"2025-11-26T11:00:09+00:00\" \/>\n<meta property=\"og:image\" content=\"https:\/\/www.sportingpedia.com\/wp-content\/uploads\/2024\/09\/pavel-kateliev.jpeg\" \/>\n<meta name=\"twitter:card\" content=\"summary_large_image\" \/>\n<meta name=\"twitter:label1\" content=\"Dur\u00e9e de lecture estim\u00e9e\" \/>\n\t<meta name=\"twitter:data1\" content=\"3 minutes\" \/>\n<script type=\"application\/ld+json\" class=\"yoast-schema-graph\">{\"@context\":\"https:\/\/schema.org\",\"@graph\":[{\"@type\":\"WebPage\",\"@id\":\"https:\/\/www.sportingpedia.com\/fr\/contact-us\/\",\"url\":\"https:\/\/www.sportingpedia.com\/fr\/contact-us\/\",\"name\":\"Contactez-nous - Sportingpedia - Latest Sports News From All Over the World\",\"isPartOf\":{\"@id\":\"https:\/\/www.sportingpedia.com\/fr\/#website\"},\"primaryImageOfPage\":{\"@id\":\"https:\/\/www.sportingpedia.com\/fr\/contact-us\/#primaryimage\"},\"image\":{\"@id\":\"https:\/\/www.sportingpedia.com\/fr\/contact-us\/#primaryimage\"},\"thumbnailUrl\":\"https:\/\/www.sportingpedia.com\/wp-content\/uploads\/2024\/09\/pavel-kateliev.jpeg\",\"datePublished\":\"2025-04-10T07:44:25+00:00\",\"dateModified\":\"2025-11-26T11:00:09+00:00\",\"breadcrumb\":{\"@id\":\"https:\/\/www.sportingpedia.com\/fr\/contact-us\/#breadcrumb\"},\"inLanguage\":\"fr-FR\",\"potentialAction\":[{\"@type\":\"ReadAction\",\"target\":[\"https:\/\/www.sportingpedia.com\/fr\/contact-us\/\"]}]},{\"@type\":\"ImageObject\",\"inLanguage\":\"fr-FR\",\"@id\":\"https:\/\/www.sportingpedia.com\/fr\/contact-us\/#primaryimage\",\"url\":\"https:\/\/www.sportingpedia.com\/wp-content\/uploads\/2024\/09\/pavel-kateliev.jpeg\",\"contentUrl\":\"https:\/\/www.sportingpedia.com\/wp-content\/uploads\/2024\/09\/pavel-kateliev.jpeg\"},{\"@type\":\"BreadcrumbList\",\"@id\":\"https:\/\/www.sportingpedia.com\/fr\/contact-us\/#breadcrumb\",\"itemListElement\":[{\"@type\":\"ListItem\",\"position\":1,\"name\":\"Accueil\",\"item\":\"https:\/\/www.sportingpedia.com\/fr\/home\/\"},{\"@type\":\"ListItem\",\"position\":2,\"name\":\"Contactez-nous\"}]},{\"@type\":\"WebSite\",\"@id\":\"https:\/\/www.sportingpedia.com\/fr\/#website\",\"url\":\"https:\/\/www.sportingpedia.com\/fr\/\",\"name\":\"Sportingpedia - Latest Sports News From All Over the World\",\"description\":\"\",\"publisher\":{\"@id\":\"https:\/\/www.sportingpedia.com\/fr\/#organization\"},\"potentialAction\":[{\"@type\":\"SearchAction\",\"target\":{\"@type\":\"EntryPoint\",\"urlTemplate\":\"https:\/\/www.sportingpedia.com\/fr\/?s={search_term_string}\"},\"query-input\":{\"@type\":\"PropertyValueSpecification\",\"valueRequired\":true,\"valueName\":\"search_term_string\"}}],\"inLanguage\":\"fr-FR\"},{\"@type\":\"Organization\",\"@id\":\"https:\/\/www.sportingpedia.com\/fr\/#organization\",\"name\":\"SportingPedia\",\"url\":\"https:\/\/www.sportingpedia.com\/fr\/\",\"logo\":{\"@type\":\"ImageObject\",\"inLanguage\":\"fr-FR\",\"@id\":\"https:\/\/www.sportingpedia.com\/fr\/#\/schema\/logo\/image\/\",\"url\":\"https:\/\/www.sportingpedia.com\/wp-content\/uploads\/2019\/10\/SportingPedia_logo.png\",\"contentUrl\":\"https:\/\/www.sportingpedia.com\/wp-content\/uploads\/2019\/10\/SportingPedia_logo.png\",\"width\":600,\"height\":101,\"caption\":\"SportingPedia\"},\"image\":{\"@id\":\"https:\/\/www.sportingpedia.com\/fr\/#\/schema\/logo\/image\/\"}}]}<\/script>\n<!-- \/ Yoast SEO plugin. -->","yoast_head_json":{"title":"Contactez-nous - Sportingpedia - Latest Sports News From All Over the World","robots":{"index":"noindex","follow":"follow"},"og_locale":"fr_FR","og_type":"article","og_title":"Contactez-nous - Sportingpedia - Latest Sports News From All Over the World","og_description":"Nous restons disponibles pour toute personne souhaitant recevoir une aide suppl\u00e9mentaire ou simplement obtenir des informations compl\u00e9mentaires. N&rsquo;h\u00e9sitez pas \u00e0 nous contacter pour toute question en utilisant le formulaire de contact ci-dessous. Contact g\u00e9n\u00e9ral Courriel : contact@sportingpedia.com Auteurs Pour contacter nos auteurs, veuillez consulter les informations ci-dessous. Pavel Kateliev Auteur sp\u00e9cialiste des sports europ\u00e9ens pkateliev@sportingpedia.com [&hellip;]","og_url":"https:\/\/www.sportingpedia.com\/fr\/contact-us\/","og_site_name":"Sportingpedia - Latest Sports News From All Over the World","article_modified_time":"2025-11-26T11:00:09+00:00","og_image":[{"url":"https:\/\/www.sportingpedia.com\/wp-content\/uploads\/2024\/09\/pavel-kateliev.jpeg","type":"","width":"","height":""}],"twitter_card":"summary_large_image","twitter_misc":{"Dur\u00e9e de lecture estim\u00e9e":"3 minutes"},"schema":{"@context":"https:\/\/schema.org","@graph":[{"@type":"WebPage","@id":"https:\/\/www.sportingpedia.com\/fr\/contact-us\/","url":"https:\/\/www.sportingpedia.com\/fr\/contact-us\/","name":"Contactez-nous - Sportingpedia - Latest Sports News From All Over the World","isPartOf":{"@id":"https:\/\/www.sportingpedia.com\/fr\/#website"},"primaryImageOfPage":{"@id":"https:\/\/www.sportingpedia.com\/fr\/contact-us\/#primaryimage"},"image":{"@id":"https:\/\/www.sportingpedia.com\/fr\/contact-us\/#primaryimage"},"thumbnailUrl":"https:\/\/www.sportingpedia.com\/wp-content\/uploads\/2024\/09\/pavel-kateliev.jpeg","datePublished":"2025-04-10T07:44:25+00:00","dateModified":"2025-11-26T11:00:09+00:00","breadcrumb":{"@id":"https:\/\/www.sportingpedia.com\/fr\/contact-us\/#breadcrumb"},"inLanguage":"fr-FR","potentialAction":[{"@type":"ReadAction","target":["https:\/\/www.sportingpedia.com\/fr\/contact-us\/"]}]},{"@type":"ImageObject","inLanguage":"fr-FR","@id":"https:\/\/www.sportingpedia.com\/fr\/contact-us\/#primaryimage","url":"https:\/\/www.sportingpedia.com\/wp-content\/uploads\/2024\/09\/pavel-kateliev.jpeg","contentUrl":"https:\/\/www.sportingpedia.com\/wp-content\/uploads\/2024\/09\/pavel-kateliev.jpeg"},{"@type":"BreadcrumbList","@id":"https:\/\/www.sportingpedia.com\/fr\/contact-us\/#breadcrumb","itemListElement":[{"@type":"ListItem","position":1,"name":"Accueil","item":"https:\/\/www.sportingpedia.com\/fr\/home\/"},{"@type":"ListItem","position":2,"name":"Contactez-nous"}]},{"@type":"WebSite","@id":"https:\/\/www.sportingpedia.com\/fr\/#website","url":"https:\/\/www.sportingpedia.com\/fr\/","name":"Sportingpedia - Latest Sports News From All Over the World","description":"","publisher":{"@id":"https:\/\/www.sportingpedia.com\/fr\/#organization"},"potentialAction":[{"@type":"SearchAction","target":{"@type":"EntryPoint","urlTemplate":"https:\/\/www.sportingpedia.com\/fr\/?s={search_term_string}"},"query-input":{"@type":"PropertyValueSpecification","valueRequired":true,"valueName":"search_term_string"}}],"inLanguage":"fr-FR"},{"@type":"Organization","@id":"https:\/\/www.sportingpedia.com\/fr\/#organization","name":"SportingPedia","url":"https:\/\/www.sportingpedia.com\/fr\/","logo":{"@type":"ImageObject","inLanguage":"fr-FR","@id":"https:\/\/www.sportingpedia.com\/fr\/#\/schema\/logo\/image\/","url":"https:\/\/www.sportingpedia.com\/wp-content\/uploads\/2019\/10\/SportingPedia_logo.png","contentUrl":"https:\/\/www.sportingpedia.com\/wp-content\/uploads\/2019\/10\/SportingPedia_logo.png","width":600,"height":101,"caption":"SportingPedia"},"image":{"@id":"https:\/\/www.sportingpedia.com\/fr\/#\/schema\/logo\/image\/"}}]}},"_links":{"self":[{"href":"https:\/\/www.sportingpedia.com\/fr\/wp-json\/wp\/v2\/pages\/118195","targetHints":{"allow":["GET"]}}],"collection":[{"href":"https:\/\/www.sportingpedia.com\/fr\/wp-json\/wp\/v2\/pages"}],"about":[{"href":"https:\/\/www.sportingpedia.com\/fr\/wp-json\/wp\/v2\/types\/page"}],"author":[{"embeddable":true,"href":"https:\/\/www.sportingpedia.com\/fr\/wp-json\/wp\/v2\/users\/1"}],"replies":[{"embeddable":true,"href":"https:\/\/www.sportingpedia.com\/fr\/wp-json\/wp\/v2\/comments?post=118195"}],"version-history":[{"count":2,"href":"https:\/\/www.sportingpedia.com\/fr\/wp-json\/wp\/v2\/pages\/118195\/revisions"}],"predecessor-version":[{"id":147587,"href":"https:\/\/www.sportingpedia.com\/fr\/wp-json\/wp\/v2\/pages\/118195\/revisions\/147587"}],"wp:attachment":[{"href":"https:\/\/www.sportingpedia.com\/fr\/wp-json\/wp\/v2\/media?parent=118195"}],"curies":[{"name":"wp","href":"https:\/\/api.w.org\/{rel}","templated":true}]}}