{"id":118196,"date":"2025-04-10T07:44:25","date_gmt":"2025-04-10T07:44:25","guid":{"rendered":"https:\/\/www.sportingpedia.com\/?page_id=118196"},"modified":"2025-05-16T09:52:09","modified_gmt":"2025-05-16T09:52:09","slug":"meet-the-team","status":"publish","type":"page","link":"https:\/\/www.sportingpedia.com\/fr\/meet-the-team\/","title":{"rendered":"Rencontrez l&rsquo;\u00e9quipe"},"content":{"rendered":"<div class=\"author-box\">\n<div class=\"author-img\"><img decoding=\"async\" src=\"https:\/\/www.sportingpedia.com\/wp-content\/uploads\/2024\/09\/pavel-kateliev.jpeg\" style=\"border-radius: 50%\" alt=\"Pavel Kateliev - Auteur Sports Europ\u00e9ens\" width=\"166\" height=\"167\" class=\"aligncenter\" \/><\/div>\n<p><span class=\"author-name\"><a href=\"https:\/\/www.sportingpedia.com\/fr\/meet-the-team\/pavel-kateliev\/\">Pavel Kateliev<\/a><\/span> <span>Auteur Sports Europ\u00e9ens <a target=\"_blank\" href=\"https:\/\/www.linkedin.com\/in\/pavelkateliev\/\" rel=\"noopener nofollow\"><img decoding=\"async\" width=\"25\" src=\"https:\/\/www.sportingpedia.com\/wp-content\/uploads\/2024\/09\/icon-linkedin.svg\" alt=\"Pavel Kateliev - Profil Linkedin\" \/><\/a><\/span><\/p>\n<p>Pavel Kateliev est un journaliste sportif populaire, particuli\u00e8rement dans les domaines du football, du basket-ball, du tennis et du hockey. Il \u00e9crit quotidiennement pour Sportingpedia et son travail a \u00e9t\u00e9 traduit dans au moins 20 langues et publi\u00e9 sur des m\u00e9dias renomm\u00e9s tels que BBC, Yahoo, MCN, Sun et Evening News, en italien, anglais, espagnol et portugais.<\/p>\n<\/div>\n<div class=\"author-box\">\n<div class=\"author-img\"><img decoding=\"async\" src=\"http:\/\/www.sportingpedia.com\/wp-content\/uploads\/2018\/07\/earl.png\" alt=\"Earl Campbell - Auteur Sports Am\u00e9ricains\" width=\"166\" height=\"167\" class=\"aligncenter\" \/><\/div>\n<p><span class=\"author-name\"><a href=\"https:\/\/www.sportingpedia.com\/fr\/meet-the-team\/earl-campbell\/\">Earl Campbell<\/a><\/span> <span>Auteur Sports Am\u00e9ricains <a target=\"_blank\" href=\"https:\/\/www.linkedin.com\/in\/earl-campbell-57545417\/\" rel=\"noopener nofollow\"><img decoding=\"async\" width=\"25\" src=\"https:\/\/www.sportingpedia.com\/wp-content\/uploads\/2024\/09\/icon-linkedin.svg\" alt=\"Earl Campbell - Profil Linkedin\" \/><\/a><\/span><\/p>\n<p>Earl Campbell est un journaliste sportif bien connu, sp\u00e9cialis\u00e9 dans le football am\u00e9ricain, la NBA, le tennis et le hockey. Il contribue quotidiennement \u00e0 Sportingpedia et de nombreux articles de lui sont publi\u00e9s dans des grands m\u00e9dias comme BBC, Yahoo, MCN, Sun et Evening News, en italien, anglais, espagnol et portugais.<\/p>\n<\/div>\n<div class=\"author-box\">\n<div class=\"author-img\"><img decoding=\"async\" src=\"http:\/\/www.sportingpedia.com\/wp-content\/uploads\/2018\/07\/rodney.png\" alt=\"Rodney Knuppel - Auteur Sports Am\u00e9ricains\" width=\"166\" height=\"167\" class=\"aligncenter\" \/><\/div>\n<p><span class=\"author-name\"><a href=\"https:\/\/www.sportingpedia.com\/fr\/meet-the-team\/rodney-knuppel\/\">Rodney Knuppel<\/a><\/span> <span>Auteur Sports Am\u00e9ricains <a target=\"_blank\" href=\"https:\/\/www.linkedin.com\/in\/rodney-knuppel-ab7074182\/\" rel=\"noopener nofollow\"><img decoding=\"async\" width=\"25\" src=\"https:\/\/www.sportingpedia.com\/wp-content\/uploads\/2024\/09\/icon-linkedin.svg\" alt=\"Rodney Knuppel - Profil Linkedin\" \/><\/a><\/span><\/p>\n<p>Rodney Knuppel \u00e9crit sur le football am\u00e9ricain, le baseball et la NBA. Il a jou\u00e9 au basket-ball depuis son jeune \u00e2ge et maintenant, il est impliqu\u00e9 dans la recherche et l&rsquo;\u00e9criture. Il est un grand fan du basketball des Kansas Jayhawks.<\/p>\n<\/div>\n<div class=\"author-box\">\n<div class=\"author-img\"><img decoding=\"async\" src=\"https:\/\/www.sportingpedia.com\/wp-content\/uploads\/2024\/09\/aiden-beswick.jpg\" style=\"border-radius: 50%\" alt=\"Aiden Beswick - Auteur Football et EPL\" width=\"166\" height=\"167\" class=\"aligncenter\" \/><\/div>\n<p><span class=\"author-name\"><a href=\"https:\/\/www.sportingpedia.com\/fr\/meet-the-team\/aiden-beswick\/\">Aiden Beswick<\/a><\/span> <span>Auteur Football et EPL <a target=\"_blank\" href=\"https:\/\/www.linkedin.com\/in\/aiden-beswick-78b4bb13b\/\" rel=\"noopener nofollow\"><img decoding=\"async\" width=\"25\" src=\"https:\/\/www.sportingpedia.com\/wp-content\/uploads\/2024\/09\/icon-linkedin.svg\" alt=\"Aiden Beswick - Profil Linkedin\" \/><\/a><\/span><\/p>\n<p>Aiden Beswick est un journaliste sportif qui couvre principalement la Premier League. Il est un grand fan de Manchester United, de la WWE et de l&rsquo;AEW. Il travaille actuellement comme agent de soutien aux m\u00e9dias \u00e0 la police de Manchester et comme officier de m\u00e9dias au Wythenshawe FC.<\/p>\n<\/div>\n<div class=\"author-box\">\n<div class=\"author-img\"><img decoding=\"async\" src=\"http:\/\/www.sportingpedia.com\/wp-content\/uploads\/2018\/07\/ryan.png\" alt=\"Ryan Knuppel - Auteur MLB\" width=\"166\" height=\"167\" class=\"aligncenter\" \/><\/div>\n<p><span class=\"author-name\" style=\"color: #ff624a\">Ryan Knuppel<\/span> <span>Auteur MLB <a target=\"_blank\" href=\"https:\/\/www.linkedin.com\/in\/ryanknuppel\" rel=\"noopener nofollow\"><img decoding=\"async\" width=\"25\" src=\"https:\/\/www.sportingpedia.com\/wp-content\/uploads\/2024\/09\/icon-linkedin.svg\" alt=\"Ryan Knuppel - Profil Linkedin\" \/><\/a><\/span><\/p>\n<p>Ryan est un passionn\u00e9 de baseball depuis son jeune \u00e2ge. Plus r\u00e9cemment, il a r\u00e9dig\u00e9 des milliers d&rsquo;articles sur presque tous les sujets imaginables concernant le baseball. Il est un fervent supporter des St. Louis Cardinals et fournira des nouvelles quotidiennes de la MLB ici sur Sportingpedia.com !<\/p>\n<\/div>\n","protected":false},"excerpt":{"rendered":"<p>Pavel Kateliev Auteur Sports Europ\u00e9ens Pavel Kateliev est un journaliste sportif populaire, particuli\u00e8rement dans les domaines du football, du basket-ball, du tennis et du hockey. Il \u00e9crit quotidiennement pour Sportingpedia et son travail a \u00e9t\u00e9 traduit dans au moins 20 langues et publi\u00e9 sur des m\u00e9dias renomm\u00e9s tels que BBC, Yahoo, MCN, Sun et Evening [&hellip;]<\/p>\n","protected":false},"author":1,"featured_media":0,"parent":0,"menu_order":0,"comment_status":"closed","ping_status":"closed","template":"page-nosidebar.php","meta":{"footnotes":""},"class_list":["post-118196","page","type-page","status-publish","hentry"],"yoast_head":"<!-- This site is optimized with the Yoast SEO plugin v26.6 - https:\/\/yoast.com\/wordpress\/plugins\/seo\/ -->\n<title>Rencontrez l&#039;\u00e9quipe - Sportingpedia - Latest Sports News From All Over the World<\/title>\n<meta name=\"robots\" content=\"index, follow, max-snippet:-1, max-image-preview:large, max-video-preview:-1\" \/>\n<link rel=\"canonical\" href=\"https:\/\/www.sportingpedia.com\/fr\/meet-the-team\/\" \/>\n<meta property=\"og:locale\" content=\"fr_FR\" \/>\n<meta property=\"og:type\" content=\"article\" \/>\n<meta property=\"og:title\" content=\"Rencontrez l&#039;\u00e9quipe - Sportingpedia - Latest Sports News From All Over the World\" \/>\n<meta property=\"og:description\" content=\"Pavel Kateliev Auteur Sports Europ\u00e9ens Pavel Kateliev est un journaliste sportif populaire, particuli\u00e8rement dans les domaines du football, du basket-ball, du tennis et du hockey. Il \u00e9crit quotidiennement pour Sportingpedia et son travail a \u00e9t\u00e9 traduit dans au moins 20 langues et publi\u00e9 sur des m\u00e9dias renomm\u00e9s tels que BBC, Yahoo, MCN, Sun et Evening [&hellip;]\" \/>\n<meta property=\"og:url\" content=\"https:\/\/www.sportingpedia.com\/fr\/meet-the-team\/\" \/>\n<meta property=\"og:site_name\" content=\"Sportingpedia - Latest Sports News From All Over the World\" \/>\n<meta property=\"article:modified_time\" content=\"2025-05-16T09:52:09+00:00\" \/>\n<meta property=\"og:image\" content=\"https:\/\/www.sportingpedia.com\/wp-content\/uploads\/2024\/09\/pavel-kateliev.jpeg\" \/>\n<meta name=\"twitter:card\" content=\"summary_large_image\" \/>\n<meta name=\"twitter:label1\" content=\"Dur\u00e9e de lecture estim\u00e9e\" \/>\n\t<meta name=\"twitter:data1\" content=\"4 minutes\" \/>\n<script type=\"application\/ld+json\" class=\"yoast-schema-graph\">{\"@context\":\"https:\/\/schema.org\",\"@graph\":[{\"@type\":\"WebPage\",\"@id\":\"https:\/\/www.sportingpedia.com\/fr\/meet-the-team\/\",\"url\":\"https:\/\/www.sportingpedia.com\/fr\/meet-the-team\/\",\"name\":\"Rencontrez l'\u00e9quipe - Sportingpedia - Latest Sports News From All Over the World\",\"isPartOf\":{\"@id\":\"https:\/\/www.sportingpedia.com\/fr\/#website\"},\"primaryImageOfPage\":{\"@id\":\"https:\/\/www.sportingpedia.com\/fr\/meet-the-team\/#primaryimage\"},\"image\":{\"@id\":\"https:\/\/www.sportingpedia.com\/fr\/meet-the-team\/#primaryimage\"},\"thumbnailUrl\":\"https:\/\/www.sportingpedia.com\/wp-content\/uploads\/2024\/09\/pavel-kateliev.jpeg\",\"datePublished\":\"2025-04-10T07:44:25+00:00\",\"dateModified\":\"2025-05-16T09:52:09+00:00\",\"breadcrumb\":{\"@id\":\"https:\/\/www.sportingpedia.com\/fr\/meet-the-team\/#breadcrumb\"},\"inLanguage\":\"fr-FR\",\"potentialAction\":[{\"@type\":\"ReadAction\",\"target\":[\"https:\/\/www.sportingpedia.com\/fr\/meet-the-team\/\"]}]},{\"@type\":\"ImageObject\",\"inLanguage\":\"fr-FR\",\"@id\":\"https:\/\/www.sportingpedia.com\/fr\/meet-the-team\/#primaryimage\",\"url\":\"https:\/\/www.sportingpedia.com\/wp-content\/uploads\/2024\/09\/pavel-kateliev.jpeg\",\"contentUrl\":\"https:\/\/www.sportingpedia.com\/wp-content\/uploads\/2024\/09\/pavel-kateliev.jpeg\"},{\"@type\":\"BreadcrumbList\",\"@id\":\"https:\/\/www.sportingpedia.com\/fr\/meet-the-team\/#breadcrumb\",\"itemListElement\":[{\"@type\":\"ListItem\",\"position\":1,\"name\":\"Accueil\",\"item\":\"https:\/\/www.sportingpedia.com\/fr\/home\/\"},{\"@type\":\"ListItem\",\"position\":2,\"name\":\"Rencontrez l&#8217;\u00e9quipe\"}]},{\"@type\":\"WebSite\",\"@id\":\"https:\/\/www.sportingpedia.com\/fr\/#website\",\"url\":\"https:\/\/www.sportingpedia.com\/fr\/\",\"name\":\"Sportingpedia - Latest Sports News From All Over the World\",\"description\":\"\",\"publisher\":{\"@id\":\"https:\/\/www.sportingpedia.com\/fr\/#organization\"},\"potentialAction\":[{\"@type\":\"SearchAction\",\"target\":{\"@type\":\"EntryPoint\",\"urlTemplate\":\"https:\/\/www.sportingpedia.com\/fr\/?s={search_term_string}\"},\"query-input\":{\"@type\":\"PropertyValueSpecification\",\"valueRequired\":true,\"valueName\":\"search_term_string\"}}],\"inLanguage\":\"fr-FR\"},{\"@type\":\"Organization\",\"@id\":\"https:\/\/www.sportingpedia.com\/fr\/#organization\",\"name\":\"SportingPedia\",\"url\":\"https:\/\/www.sportingpedia.com\/fr\/\",\"logo\":{\"@type\":\"ImageObject\",\"inLanguage\":\"fr-FR\",\"@id\":\"https:\/\/www.sportingpedia.com\/fr\/#\/schema\/logo\/image\/\",\"url\":\"https:\/\/www.sportingpedia.com\/wp-content\/uploads\/2019\/10\/SportingPedia_logo.png\",\"contentUrl\":\"https:\/\/www.sportingpedia.com\/wp-content\/uploads\/2019\/10\/SportingPedia_logo.png\",\"width\":600,\"height\":101,\"caption\":\"SportingPedia\"},\"image\":{\"@id\":\"https:\/\/www.sportingpedia.com\/fr\/#\/schema\/logo\/image\/\"}}]}<\/script>\n<!-- \/ Yoast SEO plugin. -->","yoast_head_json":{"title":"Rencontrez l'\u00e9quipe - Sportingpedia - Latest Sports News From All Over the World","robots":{"index":"index","follow":"follow","max-snippet":"max-snippet:-1","max-image-preview":"max-image-preview:large","max-video-preview":"max-video-preview:-1"},"canonical":"https:\/\/www.sportingpedia.com\/fr\/meet-the-team\/","og_locale":"fr_FR","og_type":"article","og_title":"Rencontrez l'\u00e9quipe - Sportingpedia - Latest Sports News From All Over the World","og_description":"Pavel Kateliev Auteur Sports Europ\u00e9ens Pavel Kateliev est un journaliste sportif populaire, particuli\u00e8rement dans les domaines du football, du basket-ball, du tennis et du hockey. Il \u00e9crit quotidiennement pour Sportingpedia et son travail a \u00e9t\u00e9 traduit dans au moins 20 langues et publi\u00e9 sur des m\u00e9dias renomm\u00e9s tels que BBC, Yahoo, MCN, Sun et Evening [&hellip;]","og_url":"https:\/\/www.sportingpedia.com\/fr\/meet-the-team\/","og_site_name":"Sportingpedia - Latest Sports News From All Over the World","article_modified_time":"2025-05-16T09:52:09+00:00","og_image":[{"url":"https:\/\/www.sportingpedia.com\/wp-content\/uploads\/2024\/09\/pavel-kateliev.jpeg","type":"","width":"","height":""}],"twitter_card":"summary_large_image","twitter_misc":{"Dur\u00e9e de lecture estim\u00e9e":"4 minutes"},"schema":{"@context":"https:\/\/schema.org","@graph":[{"@type":"WebPage","@id":"https:\/\/www.sportingpedia.com\/fr\/meet-the-team\/","url":"https:\/\/www.sportingpedia.com\/fr\/meet-the-team\/","name":"Rencontrez l'\u00e9quipe - Sportingpedia - Latest Sports News From All Over the World","isPartOf":{"@id":"https:\/\/www.sportingpedia.com\/fr\/#website"},"primaryImageOfPage":{"@id":"https:\/\/www.sportingpedia.com\/fr\/meet-the-team\/#primaryimage"},"image":{"@id":"https:\/\/www.sportingpedia.com\/fr\/meet-the-team\/#primaryimage"},"thumbnailUrl":"https:\/\/www.sportingpedia.com\/wp-content\/uploads\/2024\/09\/pavel-kateliev.jpeg","datePublished":"2025-04-10T07:44:25+00:00","dateModified":"2025-05-16T09:52:09+00:00","breadcrumb":{"@id":"https:\/\/www.sportingpedia.com\/fr\/meet-the-team\/#breadcrumb"},"inLanguage":"fr-FR","potentialAction":[{"@type":"ReadAction","target":["https:\/\/www.sportingpedia.com\/fr\/meet-the-team\/"]}]},{"@type":"ImageObject","inLanguage":"fr-FR","@id":"https:\/\/www.sportingpedia.com\/fr\/meet-the-team\/#primaryimage","url":"https:\/\/www.sportingpedia.com\/wp-content\/uploads\/2024\/09\/pavel-kateliev.jpeg","contentUrl":"https:\/\/www.sportingpedia.com\/wp-content\/uploads\/2024\/09\/pavel-kateliev.jpeg"},{"@type":"BreadcrumbList","@id":"https:\/\/www.sportingpedia.com\/fr\/meet-the-team\/#breadcrumb","itemListElement":[{"@type":"ListItem","position":1,"name":"Accueil","item":"https:\/\/www.sportingpedia.com\/fr\/home\/"},{"@type":"ListItem","position":2,"name":"Rencontrez l&#8217;\u00e9quipe"}]},{"@type":"WebSite","@id":"https:\/\/www.sportingpedia.com\/fr\/#website","url":"https:\/\/www.sportingpedia.com\/fr\/","name":"Sportingpedia - Latest Sports News From All Over the World","description":"","publisher":{"@id":"https:\/\/www.sportingpedia.com\/fr\/#organization"},"potentialAction":[{"@type":"SearchAction","target":{"@type":"EntryPoint","urlTemplate":"https:\/\/www.sportingpedia.com\/fr\/?s={search_term_string}"},"query-input":{"@type":"PropertyValueSpecification","valueRequired":true,"valueName":"search_term_string"}}],"inLanguage":"fr-FR"},{"@type":"Organization","@id":"https:\/\/www.sportingpedia.com\/fr\/#organization","name":"SportingPedia","url":"https:\/\/www.sportingpedia.com\/fr\/","logo":{"@type":"ImageObject","inLanguage":"fr-FR","@id":"https:\/\/www.sportingpedia.com\/fr\/#\/schema\/logo\/image\/","url":"https:\/\/www.sportingpedia.com\/wp-content\/uploads\/2019\/10\/SportingPedia_logo.png","contentUrl":"https:\/\/www.sportingpedia.com\/wp-content\/uploads\/2019\/10\/SportingPedia_logo.png","width":600,"height":101,"caption":"SportingPedia"},"image":{"@id":"https:\/\/www.sportingpedia.com\/fr\/#\/schema\/logo\/image\/"}}]}},"_links":{"self":[{"href":"https:\/\/www.sportingpedia.com\/fr\/wp-json\/wp\/v2\/pages\/118196","targetHints":{"allow":["GET"]}}],"collection":[{"href":"https:\/\/www.sportingpedia.com\/fr\/wp-json\/wp\/v2\/pages"}],"about":[{"href":"https:\/\/www.sportingpedia.com\/fr\/wp-json\/wp\/v2\/types\/page"}],"author":[{"embeddable":true,"href":"https:\/\/www.sportingpedia.com\/fr\/wp-json\/wp\/v2\/users\/1"}],"replies":[{"embeddable":true,"href":"https:\/\/www.sportingpedia.com\/fr\/wp-json\/wp\/v2\/comments?post=118196"}],"version-history":[{"count":1,"href":"https:\/\/www.sportingpedia.com\/fr\/wp-json\/wp\/v2\/pages\/118196\/revisions"}],"predecessor-version":[{"id":122642,"href":"https:\/\/www.sportingpedia.com\/fr\/wp-json\/wp\/v2\/pages\/118196\/revisions\/122642"}],"wp:attachment":[{"href":"https:\/\/www.sportingpedia.com\/fr\/wp-json\/wp\/v2\/media?parent=118196"}],"curies":[{"name":"wp","href":"https:\/\/api.w.org\/{rel}","templated":true}]}}