{"id":118234,"date":"2025-04-10T07:44:35","date_gmt":"2025-04-10T07:44:35","guid":{"rendered":"https:\/\/www.sportingpedia.com\/?page_id=118234"},"modified":"2025-12-03T13:25:17","modified_gmt":"2025-12-03T13:25:17","slug":"deposit","status":"publish","type":"page","link":"https:\/\/www.sportingpedia.com\/fr\/deposit\/","title":{"rendered":"Options de paiement sur les sites de paris sportifs"},"content":{"rendered":"<p>Les paris sportifs en ligne permettent aux parieurs du monde entier de miser sur divers \u00e9v\u00e9nements sportifs, de profiter de promotions abondantes et de vivre une exp\u00e9rience enrichissante. Les parieurs peuvent se r\u00e9jouir de paris gagnants dans le confort de leur foyer et trouver certaines des meilleures cotes pour les sports majeurs, les courses hippiques et les \u00e9v\u00e9nements non sportifs. Lorsque vous choisissez un bookmaker virtuel, vous devez vous assurer qu&rsquo;il propose des moyens pratiques pour recharger votre solde. Si vous souhaitez savoir quelle solution de paiement est la plus rapide, la plus s\u00fbre et la plus simple pour effectuer un d\u00e9p\u00f4t aupr\u00e8s d&rsquo;un bookmaker, jetez un \u0153il aux options que nous avons examin\u00e9es. Nous pouvons vous aider \u00e0 d\u00e9terminer quel site de paris vous convient le mieux et quelle est la mani\u00e8re la plus appropri\u00e9e de g\u00e9rer vos fonds.<\/p>\n<div class=\"grid-fixed-thumbnails\">    <div class=\"row\">\n            <a class=\"col-12 col-sm-6 col-md-4 child-page-thumbnail-wrapper\" href=\"https:\/\/www.sportingpedia.com\/fr\/deposit\/apple-pay-betting-sites\/\">\n            <div class=\"col-12 text-center child-page-thumbnail\">\n                <img decoding=\"async\" src=\"https:\/\/www.sportingpedia.com\/wp-content\/uploads\/2022\/01\/apple-pay.webp\" \/>\n                Sites de paris avec Apple Pay            <\/div>\n        <\/a>\n                    <a class=\"col-12 col-sm-6 col-md-4 child-page-thumbnail-wrapper\" href=\"https:\/\/www.sportingpedia.com\/fr\/deposit\/bitcoin-betting-sites\/\">\n            <div class=\"col-12 text-center child-page-thumbnail\">\n                <img decoding=\"async\" src=\"https:\/\/www.sportingpedia.com\/wp-content\/uploads\/2022\/01\/bitcoin.webp\" \/>\n                Sites de paris avec Bitcoin            <\/div>\n        <\/a>\n                    <a class=\"col-12 col-sm-6 col-md-4 child-page-thumbnail-wrapper\" href=\"https:\/\/www.sportingpedia.com\/fr\/deposit\/prepaid-cards-betting-sites\/\">\n            <div class=\"col-12 text-center child-page-thumbnail\">\n                <img decoding=\"async\" src=\"https:\/\/www.sportingpedia.com\/wp-content\/uploads\/2022\/01\/prepaid-featured.svg\" \/>\n                Sites de paris avec cartes pr\u00e9pay\u00e9es            <\/div>\n        <\/a>\n                    <a class=\"col-12 col-sm-6 col-md-4 child-page-thumbnail-wrapper\" href=\"https:\/\/www.sportingpedia.com\/fr\/deposit\/echeck-betting-sites\/\">\n            <div class=\"col-12 text-center child-page-thumbnail\">\n                <img decoding=\"async\" src=\"https:\/\/www.sportingpedia.com\/wp-content\/uploads\/2022\/01\/e-check.webp\" \/>\n                Sites de paris avec eCheck            <\/div>\n        <\/a>\n                    <a class=\"col-12 col-sm-6 col-md-4 child-page-thumbnail-wrapper\" href=\"https:\/\/www.sportingpedia.com\/fr\/deposit\/ecopayz-betting-sites\/\">\n            <div class=\"col-12 text-center child-page-thumbnail\">\n                <img decoding=\"async\" src=\"https:\/\/www.sportingpedia.com\/wp-content\/uploads\/2022\/02\/ecopayz-featured.svg\" \/>\n                Sites de paris avec ecoPayz            <\/div>\n        <\/a>\n                    <a class=\"col-12 col-sm-6 col-md-4 child-page-thumbnail-wrapper\" href=\"https:\/\/www.sportingpedia.com\/fr\/deposit\/gigadat-betting-sites\/\">\n            <div class=\"col-12 text-center child-page-thumbnail\">\n                <img decoding=\"async\" src=\"https:\/\/www.sportingpedia.com\/wp-content\/uploads\/2022\/01\/gigadat-featured.svg\" \/>\n                Sites de paris avec Gigadat            <\/div>\n        <\/a>\n                    <a class=\"col-12 col-sm-6 col-md-4 child-page-thumbnail-wrapper\" href=\"https:\/\/www.sportingpedia.com\/fr\/deposit\/idebit-betting-sites\/\">\n            <div class=\"col-12 text-center child-page-thumbnail\">\n                <img decoding=\"async\" src=\"https:\/\/www.sportingpedia.com\/wp-content\/uploads\/2022\/01\/i-debit.webp\" \/>\n                Sites de paris avec iDebit            <\/div>\n        <\/a>\n                    <a class=\"col-12 col-sm-6 col-md-4 child-page-thumbnail-wrapper\" href=\"https:\/\/www.sportingpedia.com\/fr\/deposit\/instadebit-betting-sites\/\">\n            <div class=\"col-12 text-center child-page-thumbnail\">\n                <img decoding=\"async\" src=\"https:\/\/www.sportingpedia.com\/wp-content\/uploads\/2022\/01\/insta-debit.webp\" \/>\n                Sites de paris avec Instadebit            <\/div>\n        <\/a>\n                    <a class=\"col-12 col-sm-6 col-md-4 child-page-thumbnail-wrapper\" href=\"https:\/\/www.sportingpedia.com\/fr\/deposit\/interac-betting-sites\/\">\n            <div class=\"col-12 text-center child-page-thumbnail\">\n                <img decoding=\"async\" src=\"https:\/\/www.sportingpedia.com\/wp-content\/uploads\/2022\/01\/interac.webp\" \/>\n                Sites de paris avec Interac            <\/div>\n        <\/a>\n                    <a class=\"col-12 col-sm-6 col-md-4 child-page-thumbnail-wrapper\" href=\"https:\/\/www.sportingpedia.com\/fr\/deposit\/jeton-betting-sites\/\">\n            <div class=\"col-12 text-center child-page-thumbnail\">\n                <img decoding=\"async\" src=\"https:\/\/www.sportingpedia.com\/wp-content\/uploads\/2022\/01\/jeton-featured.svg\" \/>\n                Sites de paris avec Jeton            <\/div>\n        <\/a>\n                    <a class=\"col-12 col-sm-6 col-md-4 child-page-thumbnail-wrapper\" href=\"https:\/\/www.sportingpedia.com\/fr\/deposit\/mifinity-betting-sites\/\">\n            <div class=\"col-12 text-center child-page-thumbnail\">\n                <img decoding=\"async\" src=\"https:\/\/www.sportingpedia.com\/wp-content\/uploads\/2022\/01\/mifinity-featured.svg\" \/>\n                Sites de paris avec MiFinity            <\/div>\n        <\/a>\n                    <a class=\"col-12 col-sm-6 col-md-4 child-page-thumbnail-wrapper\" href=\"https:\/\/www.sportingpedia.com\/fr\/deposit\/muchbetter-betting-sites\/\">\n            <div class=\"col-12 text-center child-page-thumbnail\">\n                <img decoding=\"async\" src=\"https:\/\/www.sportingpedia.com\/wp-content\/uploads\/2022\/01\/much-better.webp\" \/>\n                Sites de paris avec MuchBetter            <\/div>\n        <\/a>\n                    <a class=\"col-12 col-sm-6 col-md-4 child-page-thumbnail-wrapper\" href=\"https:\/\/www.sportingpedia.com\/fr\/deposit\/neosurf-betting-sites\/\">\n            <div class=\"col-12 text-center child-page-thumbnail\">\n                <img decoding=\"async\" src=\"https:\/\/www.sportingpedia.com\/wp-content\/uploads\/2022\/01\/neosurf.webp\" \/>\n                Sites de paris avec NeoSurf            <\/div>\n        <\/a>\n                    <a class=\"col-12 col-sm-6 col-md-4 child-page-thumbnail-wrapper\" href=\"https:\/\/www.sportingpedia.com\/fr\/deposit\/neteller-betting-sites\/\">\n            <div class=\"col-12 text-center child-page-thumbnail\">\n                <img decoding=\"async\" src=\"https:\/\/www.sportingpedia.com\/wp-content\/uploads\/2022\/01\/neteller.webp\" \/>\n                Sites de paris avec Neteller            <\/div>\n        <\/a>\n                    <a class=\"col-12 col-sm-6 col-md-4 child-page-thumbnail-wrapper\" href=\"https:\/\/www.sportingpedia.com\/fr\/deposit\/paypal-betting-sites\/\">\n            <div class=\"col-12 text-center child-page-thumbnail\">\n                <img decoding=\"async\" src=\"https:\/\/www.sportingpedia.com\/wp-content\/uploads\/2022\/01\/paypal.webp\" \/>\n                Sites de paris avec PayPal            <\/div>\n        <\/a>\n                    <a class=\"col-12 col-sm-6 col-md-4 child-page-thumbnail-wrapper\" href=\"https:\/\/www.sportingpedia.com\/fr\/deposit\/paysafecard-betting-sites\/\">\n            <div class=\"col-12 text-center child-page-thumbnail\">\n                <img decoding=\"async\" src=\"https:\/\/www.sportingpedia.com\/wp-content\/uploads\/2022\/01\/paysafe-card.webp\" \/>\n                Sites de paris avec Paysafecard            <\/div>\n        <\/a>\n                    <a class=\"col-12 col-sm-6 col-md-4 child-page-thumbnail-wrapper\" href=\"https:\/\/www.sportingpedia.com\/fr\/deposit\/skrill-betting-sites\/\">\n            <div class=\"col-12 text-center child-page-thumbnail\">\n                <img decoding=\"async\" src=\"https:\/\/www.sportingpedia.com\/wp-content\/uploads\/2022\/01\/skrill.webp\" \/>\n                Sites de paris avec Skrill            <\/div>\n        <\/a>\n                    <a class=\"col-12 col-sm-6 col-md-4 child-page-thumbnail-wrapper\" href=\"https:\/\/www.sportingpedia.com\/fr\/deposit\/sticpay-betting-sites\/\">\n            <div class=\"col-12 text-center child-page-thumbnail\">\n                <img decoding=\"async\" src=\"https:\/\/www.sportingpedia.com\/wp-content\/uploads\/2022\/01\/sticpay-featured.svg\" \/>\n                Sites de paris avec Sticpay            <\/div>\n        <\/a>\n                    <a class=\"col-12 col-sm-6 col-md-4 child-page-thumbnail-wrapper\" href=\"https:\/\/www.sportingpedia.com\/fr\/deposit\/trustly-betting-sites\/\">\n            <div class=\"col-12 text-center child-page-thumbnail\">\n                <img decoding=\"async\" src=\"https:\/\/www.sportingpedia.com\/wp-content\/uploads\/2022\/01\/trustly-featured.svg\" \/>\n                Sites de paris avec Trustly            <\/div>\n        <\/a>\n                    <a class=\"col-12 col-sm-6 col-md-4 child-page-thumbnail-wrapper\" href=\"https:\/\/www.sportingpedia.com\/fr\/deposit\/bank-wires-betting-sites\/\">\n            <div class=\"col-12 text-center child-page-thumbnail\">\n                <img decoding=\"async\" src=\"https:\/\/www.sportingpedia.com\/wp-content\/uploads\/2022\/01\/bank-transfer-featured.svg\" \/>\n                Sites de paris avec virement bancaire            <\/div>\n        <\/a>\n                            <\/div>\n            <\/div>\n","protected":false},"excerpt":{"rendered":"<p>Les paris sportifs en ligne permettent aux parieurs du monde entier de miser sur divers \u00e9v\u00e9nements sportifs, de profiter de promotions abondantes et de vivre une exp\u00e9rience enrichissante. Les parieurs peuvent se r\u00e9jouir de paris gagnants dans le confort de leur foyer et trouver certaines des meilleures cotes pour les sports majeurs, les courses hippiques [&hellip;]<\/p>\n","protected":false},"author":1,"featured_media":0,"parent":0,"menu_order":0,"comment_status":"closed","ping_status":"closed","template":"template-payment-method.php","meta":{"footnotes":""},"class_list":["post-118234","page","type-page","status-publish","hentry"],"yoast_head":"<!-- This site is optimized with the Yoast SEO plugin v26.6 - https:\/\/yoast.com\/wordpress\/plugins\/seo\/ -->\n<title>Banque de paris sportifs - Options de d\u00e9p\u00f4t et retrait fiables pour les paris en ligne<\/title>\n<meta name=\"description\" content=\"D\u00e9poser et retirer de votre compte de paris sportifs est essentiel pour tout parieur. Voici une liste des m\u00e9thodes bancaires les plus fiables pour parier en ligne.\" \/>\n<meta name=\"robots\" content=\"index, follow, max-snippet:-1, max-image-preview:large, max-video-preview:-1\" \/>\n<link rel=\"canonical\" href=\"https:\/\/www.sportingpedia.com\/fr\/deposit\/\" \/>\n<meta property=\"og:locale\" content=\"fr_FR\" \/>\n<meta property=\"og:type\" content=\"article\" \/>\n<meta property=\"og:title\" content=\"Banque de paris sportifs - Options de d\u00e9p\u00f4t et retrait fiables pour les paris en ligne\" \/>\n<meta property=\"og:description\" content=\"D\u00e9poser et retirer de votre compte de paris sportifs est essentiel pour tout parieur. Voici une liste des m\u00e9thodes bancaires les plus fiables pour parier en ligne.\" \/>\n<meta property=\"og:url\" content=\"https:\/\/www.sportingpedia.com\/fr\/deposit\/\" \/>\n<meta property=\"og:site_name\" content=\"Sportingpedia - Latest Sports News From All Over the World\" \/>\n<meta property=\"article:modified_time\" content=\"2025-12-03T13:25:17+00:00\" \/>\n<meta name=\"twitter:card\" content=\"summary_large_image\" \/>\n<meta name=\"twitter:label1\" content=\"Dur\u00e9e de lecture estim\u00e9e\" \/>\n\t<meta name=\"twitter:data1\" content=\"1 minute\" \/>\n<script type=\"application\/ld+json\" class=\"yoast-schema-graph\">{\"@context\":\"https:\/\/schema.org\",\"@graph\":[{\"@type\":\"WebPage\",\"@id\":\"https:\/\/www.sportingpedia.com\/fr\/deposit\/\",\"url\":\"https:\/\/www.sportingpedia.com\/fr\/deposit\/\",\"name\":\"Banque de paris sportifs - Options de d\u00e9p\u00f4t et retrait fiables pour les paris en ligne\",\"isPartOf\":{\"@id\":\"https:\/\/www.sportingpedia.com\/fr\/#website\"},\"datePublished\":\"2025-04-10T07:44:35+00:00\",\"dateModified\":\"2025-12-03T13:25:17+00:00\",\"description\":\"D\u00e9poser et retirer de votre compte de paris sportifs est essentiel pour tout parieur. Voici une liste des m\u00e9thodes bancaires les plus fiables pour parier en ligne.\",\"breadcrumb\":{\"@id\":\"https:\/\/www.sportingpedia.com\/fr\/deposit\/#breadcrumb\"},\"inLanguage\":\"fr-FR\",\"potentialAction\":[{\"@type\":\"ReadAction\",\"target\":[\"https:\/\/www.sportingpedia.com\/fr\/deposit\/\"]}]},{\"@type\":\"BreadcrumbList\",\"@id\":\"https:\/\/www.sportingpedia.com\/fr\/deposit\/#breadcrumb\",\"itemListElement\":[{\"@type\":\"ListItem\",\"position\":1,\"name\":\"Accueil\",\"item\":\"https:\/\/www.sportingpedia.com\/fr\/home\/\"},{\"@type\":\"ListItem\",\"position\":2,\"name\":\"Options de paiement sur les sites de paris sportifs\"}]},{\"@type\":\"WebSite\",\"@id\":\"https:\/\/www.sportingpedia.com\/fr\/#website\",\"url\":\"https:\/\/www.sportingpedia.com\/fr\/\",\"name\":\"Sportingpedia - Latest Sports News From All Over the World\",\"description\":\"\",\"publisher\":{\"@id\":\"https:\/\/www.sportingpedia.com\/fr\/#organization\"},\"potentialAction\":[{\"@type\":\"SearchAction\",\"target\":{\"@type\":\"EntryPoint\",\"urlTemplate\":\"https:\/\/www.sportingpedia.com\/fr\/?s={search_term_string}\"},\"query-input\":{\"@type\":\"PropertyValueSpecification\",\"valueRequired\":true,\"valueName\":\"search_term_string\"}}],\"inLanguage\":\"fr-FR\"},{\"@type\":\"Organization\",\"@id\":\"https:\/\/www.sportingpedia.com\/fr\/#organization\",\"name\":\"SportingPedia\",\"url\":\"https:\/\/www.sportingpedia.com\/fr\/\",\"logo\":{\"@type\":\"ImageObject\",\"inLanguage\":\"fr-FR\",\"@id\":\"https:\/\/www.sportingpedia.com\/fr\/#\/schema\/logo\/image\/\",\"url\":\"https:\/\/www.sportingpedia.com\/wp-content\/uploads\/2019\/10\/SportingPedia_logo.png\",\"contentUrl\":\"https:\/\/www.sportingpedia.com\/wp-content\/uploads\/2019\/10\/SportingPedia_logo.png\",\"width\":600,\"height\":101,\"caption\":\"SportingPedia\"},\"image\":{\"@id\":\"https:\/\/www.sportingpedia.com\/fr\/#\/schema\/logo\/image\/\"}}]}<\/script>\n<!-- \/ Yoast SEO plugin. -->","yoast_head_json":{"title":"Banque de paris sportifs - Options de d\u00e9p\u00f4t et retrait fiables pour les paris en ligne","description":"D\u00e9poser et retirer de votre compte de paris sportifs est essentiel pour tout parieur. Voici une liste des m\u00e9thodes bancaires les plus fiables pour parier en ligne.","robots":{"index":"index","follow":"follow","max-snippet":"max-snippet:-1","max-image-preview":"max-image-preview:large","max-video-preview":"max-video-preview:-1"},"canonical":"https:\/\/www.sportingpedia.com\/fr\/deposit\/","og_locale":"fr_FR","og_type":"article","og_title":"Banque de paris sportifs - Options de d\u00e9p\u00f4t et retrait fiables pour les paris en ligne","og_description":"D\u00e9poser et retirer de votre compte de paris sportifs est essentiel pour tout parieur. Voici une liste des m\u00e9thodes bancaires les plus fiables pour parier en ligne.","og_url":"https:\/\/www.sportingpedia.com\/fr\/deposit\/","og_site_name":"Sportingpedia - Latest Sports News From All Over the World","article_modified_time":"2025-12-03T13:25:17+00:00","twitter_card":"summary_large_image","twitter_misc":{"Dur\u00e9e de lecture estim\u00e9e":"1 minute"},"schema":{"@context":"https:\/\/schema.org","@graph":[{"@type":"WebPage","@id":"https:\/\/www.sportingpedia.com\/fr\/deposit\/","url":"https:\/\/www.sportingpedia.com\/fr\/deposit\/","name":"Banque de paris sportifs - Options de d\u00e9p\u00f4t et retrait fiables pour les paris en ligne","isPartOf":{"@id":"https:\/\/www.sportingpedia.com\/fr\/#website"},"datePublished":"2025-04-10T07:44:35+00:00","dateModified":"2025-12-03T13:25:17+00:00","description":"D\u00e9poser et retirer de votre compte de paris sportifs est essentiel pour tout parieur. Voici une liste des m\u00e9thodes bancaires les plus fiables pour parier en ligne.","breadcrumb":{"@id":"https:\/\/www.sportingpedia.com\/fr\/deposit\/#breadcrumb"},"inLanguage":"fr-FR","potentialAction":[{"@type":"ReadAction","target":["https:\/\/www.sportingpedia.com\/fr\/deposit\/"]}]},{"@type":"BreadcrumbList","@id":"https:\/\/www.sportingpedia.com\/fr\/deposit\/#breadcrumb","itemListElement":[{"@type":"ListItem","position":1,"name":"Accueil","item":"https:\/\/www.sportingpedia.com\/fr\/home\/"},{"@type":"ListItem","position":2,"name":"Options de paiement sur les sites de paris sportifs"}]},{"@type":"WebSite","@id":"https:\/\/www.sportingpedia.com\/fr\/#website","url":"https:\/\/www.sportingpedia.com\/fr\/","name":"Sportingpedia - Latest Sports News From All Over the World","description":"","publisher":{"@id":"https:\/\/www.sportingpedia.com\/fr\/#organization"},"potentialAction":[{"@type":"SearchAction","target":{"@type":"EntryPoint","urlTemplate":"https:\/\/www.sportingpedia.com\/fr\/?s={search_term_string}"},"query-input":{"@type":"PropertyValueSpecification","valueRequired":true,"valueName":"search_term_string"}}],"inLanguage":"fr-FR"},{"@type":"Organization","@id":"https:\/\/www.sportingpedia.com\/fr\/#organization","name":"SportingPedia","url":"https:\/\/www.sportingpedia.com\/fr\/","logo":{"@type":"ImageObject","inLanguage":"fr-FR","@id":"https:\/\/www.sportingpedia.com\/fr\/#\/schema\/logo\/image\/","url":"https:\/\/www.sportingpedia.com\/wp-content\/uploads\/2019\/10\/SportingPedia_logo.png","contentUrl":"https:\/\/www.sportingpedia.com\/wp-content\/uploads\/2019\/10\/SportingPedia_logo.png","width":600,"height":101,"caption":"SportingPedia"},"image":{"@id":"https:\/\/www.sportingpedia.com\/fr\/#\/schema\/logo\/image\/"}}]}},"_links":{"self":[{"href":"https:\/\/www.sportingpedia.com\/fr\/wp-json\/wp\/v2\/pages\/118234","targetHints":{"allow":["GET"]}}],"collection":[{"href":"https:\/\/www.sportingpedia.com\/fr\/wp-json\/wp\/v2\/pages"}],"about":[{"href":"https:\/\/www.sportingpedia.com\/fr\/wp-json\/wp\/v2\/types\/page"}],"author":[{"embeddable":true,"href":"https:\/\/www.sportingpedia.com\/fr\/wp-json\/wp\/v2\/users\/1"}],"replies":[{"embeddable":true,"href":"https:\/\/www.sportingpedia.com\/fr\/wp-json\/wp\/v2\/comments?post=118234"}],"version-history":[{"count":3,"href":"https:\/\/www.sportingpedia.com\/fr\/wp-json\/wp\/v2\/pages\/118234\/revisions"}],"predecessor-version":[{"id":148539,"href":"https:\/\/www.sportingpedia.com\/fr\/wp-json\/wp\/v2\/pages\/118234\/revisions\/148539"}],"wp:attachment":[{"href":"https:\/\/www.sportingpedia.com\/fr\/wp-json\/wp\/v2\/media?parent=118234"}],"curies":[{"name":"wp","href":"https:\/\/api.w.org\/{rel}","templated":true}]}}