{"id":118244,"date":"2025-04-10T07:44:37","date_gmt":"2025-04-10T07:44:37","guid":{"rendered":"https:\/\/www.sportingpedia.com\/?page_id=118244"},"modified":"2025-12-03T14:51:17","modified_gmt":"2025-12-03T14:51:17","slug":"how-to-place-a-bet-in-a-betting-shop","status":"publish","type":"page","link":"https:\/\/www.sportingpedia.com\/fr\/football-betting\/how-to-place-a-bet-in-a-betting-shop\/","title":{"rendered":"Comment placer un pari dans un point de vente de paris"},"content":{"rendered":"<p><img decoding=\"async\" src=\"https:\/\/www.sportingpedia.com\/wp-content\/uploads\/2021\/02\/football-betting-how-to-place-a-bet.svg\" alt=\"Comment placer un pari dans un point de vente\" class=\"alignleft\">On peut dire qu&rsquo;aujourd&rsquo;hui, de nombreux parieurs de football se tournent vers des bookmakers en ligne, principalement parce que ceux-ci leur offrent une commodit\u00e9 et une flexibilit\u00e9 accrues. Ainsi, <strong>les parieurs ont sans doute d\u00e9j\u00e0 constat\u00e9 que trouver un bon site de paris peut demander beaucoup d&rsquo;efforts<\/strong>.<\/p>\n\n<div class=\"clear\"><\/div>\n<ol class=\"bookies-grid\">\r\n\t<li>\r\n\t\t<a rel=\"nofollow\" target=\"_blank\" href=\"\/out\/mybookie?au&#x3D;138&amp;bp&#x3D;1\"<\/a>\r\n\t\t\t<figure>\r\n\t\t\t  \t<img decoding=\"async\" src=\"https:\/\/www.sportingpedia.com\/wp-content\/uploads\/logos\/lg-mybookie-logo.jpg\" width=\"110\" height=\"55\">\r\n\t\t\t<\/figure>\r\n\r\n\t\t\t<div>\r\n\t\t\t  \t<span class=\"bookie-name\">MyBookie<\/span>\r\n\r\n\t\t\t  \t<span class=\"bookie-rating\">Rating: 4.9 <b>&starf;<\/b><\/span>\r\n\t\t\t<\/div>\r\n\t\t<\/a>\r\n\t<\/li>\r\n\t<li>\r\n\t\t<a rel=\"nofollow\" target=\"_blank\" href=\"\/out\/bovada?au&#x3D;138&amp;bp&#x3D;2\"<\/a>\r\n\t\t\t<figure>\r\n\t\t\t  \t<img decoding=\"async\" src=\"https:\/\/www.sportingpedia.com\/wp-content\/uploads\/logos\/lg-bovada-logo.jpg\" width=\"110\" height=\"55\">\r\n\t\t\t<\/figure>\r\n\r\n\t\t\t<div>\r\n\t\t\t  \t<span class=\"bookie-name\">Bovada<\/span>\r\n\r\n\t\t\t  \t<span class=\"bookie-rating\">Rating: 4.8 <b>&starf;<\/b><\/span>\r\n\t\t\t<\/div>\r\n\t\t<\/a>\r\n\t<\/li>\r\n\t<li>\r\n\t\t<a rel=\"nofollow\" target=\"_blank\" href=\"\/out\/xbet?au&#x3D;138&amp;bp&#x3D;3\"<\/a>\r\n\t\t\t<figure>\r\n\t\t\t  \t<img decoding=\"async\" src=\"https:\/\/www.sportingpedia.com\/wp-content\/uploads\/logos\/lg-xbet-logo.jpg\" width=\"110\" height=\"55\">\r\n\t\t\t<\/figure>\r\n\r\n\t\t\t<div>\r\n\t\t\t  \t<span class=\"bookie-name\">XBet<\/span>\r\n\r\n\t\t\t  \t<span class=\"bookie-rating\">Rating: 4.7 <b>&starf;<\/b><\/span>\r\n\t\t\t<\/div>\r\n\t\t<\/a>\r\n\t<\/li>\r\n\t<li>\r\n\t\t<a rel=\"nofollow\" target=\"_blank\" href=\"\/out\/intertops?au&#x3D;138&amp;bp&#x3D;4\"<\/a>\r\n\t\t\t<figure>\r\n\t\t\t  \t<img decoding=\"async\" src=\"https:\/\/www.sportingpedia.com\/wp-content\/uploads\/logos\/lg-everygame-logo.webp\" width=\"110\" height=\"55\">\r\n\t\t\t<\/figure>\r\n\r\n\t\t\t<div>\r\n\t\t\t  \t<span class=\"bookie-name\">Everygame<\/span>\r\n\r\n\t\t\t  \t<span class=\"bookie-rating\">Rating: 4.6 <b>&starf;<\/b><\/span>\r\n\t\t\t<\/div>\r\n\t\t<\/a>\r\n\t<\/li>\r\n\t<li>\r\n\t\t<a rel=\"nofollow\" target=\"_blank\" href=\"\/out\/betusr?au&#x3D;138&amp;bp&#x3D;5\"<\/a>\r\n\t\t\t<figure>\r\n\t\t\t  \t<img decoding=\"async\" src=\"https:\/\/www.sportingpedia.com\/wp-content\/uploads\/logos\/lg-betusr-logo.jpg\" width=\"110\" height=\"55\">\r\n\t\t\t<\/figure>\r\n\r\n\t\t\t<div>\r\n\t\t\t  \t<span class=\"bookie-name\">BetUSR<\/span>\r\n\r\n\t\t\t  \t<span class=\"bookie-rating\">Rating: 4.5 <b>&starf;<\/b><\/span>\r\n\t\t\t<\/div>\r\n\t\t<\/a>\r\n\t<\/li>\r\n\t<li>\r\n\t\t<a rel=\"nofollow\" target=\"_blank\" href=\"\/out\/vave?au&#x3D;138&amp;bp&#x3D;6\"<\/a>\r\n\t\t\t<figure>\r\n\t\t\t  \t<img decoding=\"async\" src=\"https:\/\/www.sportingpedia.com\/wp-content\/uploads\/logos\/lg-vave-logo.webp\" width=\"110\" height=\"55\">\r\n\t\t\t<\/figure>\r\n\r\n\t\t\t<div>\r\n\t\t\t  \t<span class=\"bookie-name\">Vave<\/span>\r\n\r\n\t\t\t  \t<span class=\"bookie-rating\">Rating: 4.4 <b>&starf;<\/b><\/span>\r\n\t\t\t<\/div>\r\n\t\t<\/a>\r\n\t<\/li>\r\n<\/ol><script>\n  setTimeout(function(){\n    if(!document.getElementById('JasHAAffsaMosaAdsANa2i')) {\n      jQuery('a[target=\"_blank\"]').removeAttr('target');\n    }\n  }, 1000);\n<\/script>\n\n<p>En d\u00e9pit du rythme de vie effr\u00e9n\u00e9 que la plupart d&rsquo;entre nous m\u00e8nent, <strong>de nombreux passionn\u00e9s de jeux d&rsquo;argent pr\u00e9f\u00e8rent continuer \u00e0 placer des paris en argent r\u00e9el dans les points de vente<\/strong>. M\u00eame si cela peut sembler une mani\u00e8re un peu d\u00e9mod\u00e9e de parier sur le football, beaucoup de parieurs sont encore enclins \u00e0 se rendre dans un point de vente et \u00e0 remplir leur bulletin eux-m\u00eames. Si c&rsquo;est \u00e9galement votre cas mais que vous manquez encore d&rsquo;exp\u00e9rience et de connaissances, poursuivez simplement votre lecture\u202f; vous trouverez ci-dessous un aper\u00e7u des paris dans les points de vente.<\/p>\n<h2 id=\"shops\">Qu&rsquo;est-ce qu&rsquo;une boutique de paris sportifs\u202f?<\/h2>\n<p><img decoding=\"async\" src=\"https:\/\/www.sportingpedia.com\/wp-content\/uploads\/2021\/02\/football-betting-how-to-place-a-bet_what-are-betting-slips.svg\" alt=\"What are Sports Betting Shops\" width=\"300\" class=\"alignleft \">M\u00eame si vous n&rsquo;avez pas beaucoup d&rsquo;exp\u00e9rience dans les paris sportifs, vous avez peut-\u00eatre remarqu\u00e9 que les boutiques de paris sont devenues incontournables dans certaines r\u00e9gions du monde, comme le Royaume-Uni. En fait, <strong>les boutiques de paris sont des lieux o\u00f9 les amateurs de jeux d&rsquo;argent peuvent placer des mises en personne sur leurs sports pr\u00e9f\u00e9r\u00e9s<\/strong>, y compris le football. Ces \u00e9tablissements se trouvent en dehors des hippodromes, raison pour laquelle cette forme de jeu est \u00e9galement appel\u00e9e pari hors hippodrome.<\/p>\n<p>Au fond, <strong>tout a commenc\u00e9 au XIXe si\u00e8cle lorsque les courses de chevaux ont commenc\u00e9 \u00e0 attirer un large public et une intense activit\u00e9 de paris<\/strong>. Peu \u00e0 peu, cette pratique s&rsquo;est r\u00e9pandue dans d&rsquo;autres pays, y compris aux \u00c9tats-Unis d&rsquo;Am\u00e9rique, o\u00f9 les paris sportifs sont devenus une source de divertissement tr\u00e8s appr\u00e9ci\u00e9e. Ainsi, les paris sportifs ont continu\u00e9 de prendre de l&rsquo;ampleur et de devenir une fa\u00e7on de plus en plus populaire de se divertir.<\/p>\n<p>Il est important de noter que, dans certains pays comme le Royaume-Uni, le pari hors hippodrome \u00e9tait initialement ill\u00e9gal et <strong>les parieurs \u00e9taient autoris\u00e9s \u00e0 miser uniquement sur les hippodromes<\/strong>. Aujourd&rsquo;hui, la situation s&rsquo;est beaucoup am\u00e9lior\u00e9e, car les parieurs de football peuvent miser de l&rsquo;argent r\u00e9el aupr\u00e8s d&rsquo;un grand nombre de bookmakers agr\u00e9\u00e9s.<\/p>\n<p>De nombreux amateurs de jeux d&rsquo;argent trouvent que parier dans une boutique de paris est bien plus s\u00e9duisant que de parier en ligne, principalement en raison de la sensation in\u00e9gal\u00e9e qu&rsquo;ils \u00e9prouvent. L&rsquo;un des grands atouts de ces boutiques est qu&rsquo;elles offrent aux parieurs la possibilit\u00e9 de regarder en direct le match de football sur lequel ils ont mis\u00e9 et d&rsquo;utiliser des informations de derni\u00e8re minute.<\/p>\n<h2 id=\"placing\">Placer un pari de football dans un point de vente<\/h2>\n<p><img decoding=\"async\" src=\"https:\/\/www.sportingpedia.com\/wp-content\/uploads\/2021\/02\/football-betting-how-to-place-a-bet_placing-football-bet.svg\" alt=\"Placer un Pari de Football dans un Point de Vente\" width=\"300\" class=\"alignleft\">M\u00eame si vous n&rsquo;avez jamais plac\u00e9 de pari sur le football dans un point de vente, ne vous inqui\u00e9tez pas, il n&rsquo;y a rien de d\u00e9routant ou de compliqu\u00e9. Bien s\u00fbr, <strong>avant de commencer \u00e0 parier sur le football<\/strong>, assurez-vous de bien conna\u00eetre les diff\u00e9rents types de paris disponibles.<\/p>\n<p>Il est vrai que le pari sur le score exact demeure l&rsquo;un des plus appr\u00e9ci\u00e9s. Comme son nom l&rsquo;indique, les amateurs de football misent sur le score pr\u00e9cis auquel le match se terminera. <strong>Les parieurs peuvent \u00e9galement pr\u00e9dire un match nul<\/strong> ou miser sur l&rsquo;\u00e9quipe qu&rsquo;ils estiment victorieuse.<\/p>\n<p>Les paris \u00e0 handicap sont une autre fa\u00e7on courante de parier sur le football\u202f; ils peuvent sembler l\u00e9g\u00e8rement d\u00e9routants au d\u00e9but, car des buts suppl\u00e9mentaires peuvent \u00eatre attribu\u00e9s aux \u00e9quipes ou, au contraire, leur \u00eatre retir\u00e9s. <strong>Les paris combin\u00e9s sont \u00e9galement tr\u00e8s appr\u00e9ci\u00e9s dans les points de vente<\/strong>, mais les parieurs doivent se rappeler que toutes les s\u00e9lections doivent \u00eatre gagnantes. Les amateurs de football peuvent aussi miser sur le fait que les deux \u00e9quipes marqueront, qu&rsquo;aucune ne marquera, sur le premier buteur, et ainsi de suite.<\/p>\n<p>Une fois que vous aurez acquis les bases des principaux types de paris, vous pourrez placer votre mise sur l&rsquo;\u00e9v\u00e9nement de votre choix. Pour ce faire, <strong>assurez-vous \u00e9galement de savoir ce que sont les bulletins de pari<\/strong> et comment les remplir correctement.<\/p>\n<h2 id=\"slips\">Que sont les bulletins de pari et comment les remplir\u202f?<\/h2>\n<p><img decoding=\"async\" src=\"https:\/\/www.sportingpedia.com\/wp-content\/uploads\/2021\/02\/football-betting-how-to-place-a-bet_what-are-sports-betting-shops.svg\" alt=\"Que sont les bulletins de pari et comment les remplir\" class=\"alignleft\">Les amateurs de jeux de hasard seront peut-\u00eatre ravis d&rsquo;apprendre que <strong>remplir un bulletin de pari sportif est extr\u00eamement simple et ne n\u00e9cessite pas beaucoup d&rsquo;expertise<\/strong>. Pour placer un pari sur le football dans un point de vente, vous aurez d&rsquo;abord besoin d&rsquo;un bulletin.<\/p>\n<p>La bonne nouvelle est qu&rsquo;aujourd&rsquo;hui, <strong>la majorit\u00e9 des points de vente proposent des bulletins pr\u00e9imprim\u00e9s<\/strong>. Mieux encore, ces bulletins contiennent des instructions qui vous aideront \u00e0 les remplir correctement\u202f: vous saurez, par exemple, o\u00f9 placer une croix pour s\u00e9lectionner votre type de pari pr\u00e9f\u00e9r\u00e9. De plus, certains bulletins comportent des cases indiquant les diff\u00e9rents montants que vous \u00eates autoris\u00e9 \u00e0 miser.<\/p>\n<p><strong>Les parieurs de football doivent \u00e9galement savoir qu&rsquo;il existe des bulletins vierges<\/strong>. Il vous suffit alors d&rsquo;\u00e9crire le r\u00e9sultat que vous jugez le plus probable, par exemple\u202f: Chelsea bat Arsenal 2-1. Une fois les cotes v\u00e9rifi\u00e9es et not\u00e9es, entourez-les d&rsquo;un \u00ab\u202fC\u202f\u00bb. Indiquez ensuite le montant que vous souhaitez miser, puis remettez votre bulletin au caissier. Veillez \u00e0 ne pas perdre votre re\u00e7u, sinon vous ne pourrez pas r\u00e9cup\u00e9rer vos gains.<\/p>\n<h2 id=\"online\">Paris de football en ligne ou hors ligne<\/h2>\n<p><img decoding=\"async\" src=\"https:\/\/www.sportingpedia.com\/wp-content\/uploads\/2021\/02\/football-betting-how-to-place-a-bet_online-or-offline.svg\" alt=\"Paris de Football en Ligne ou Hors Ligne\" class=\"alignleft \">Maintenant que vous connaissez la proc\u00e9dure pour placer un pari de football dans un point de vente, il vous sera beaucoup plus facile d&rsquo;\u00e9valuer les <strong>avantages et les inconv\u00e9nients de chaque m\u00e9thode de pari<\/strong>.<\/p>\n<p>Vous avez sans doute d\u00e9j\u00e0 compris que parier dans un point de vente demande certains efforts, alors qu&rsquo;<strong>en ligne, c&rsquo;est bien plus simple<\/strong>. Il est ind\u00e9niable que l&rsquo;un des plus grands atouts des paris de football en ligne est le niveau de commodit\u00e9 sans pr\u00e9c\u00e9dent qu&rsquo;ils offrent. De plus, la proc\u00e9dure est extr\u00eamement simplifi\u00e9e, ce qui r\u00e9duit consid\u00e9rablement les risques de rencontrer des probl\u00e8mes au moment de miser.<\/p>\n<p>Un autre avantage des paris en ligne est que, dans la plupart des cas, <strong>les parieurs peuvent choisir parmi une large vari\u00e9t\u00e9 de bonus et de promotions<\/strong>, une opportunit\u00e9 souvent indisponible dans les points de vente.<\/p>\n<p>Les paris hors ligne poss\u00e8dent toutefois plusieurs atouts ind\u00e9niables. La raison principale pour laquelle tant d&rsquo;amateurs de football pr\u00e9f\u00e8rent les points de vente est le ressenti in\u00e9gal\u00e9 qu&rsquo;ils procurent. Les passionn\u00e9s de jeux d&rsquo;argent appr\u00e9cient l&rsquo;atmosph\u00e8re qui r\u00e8gne dans ces lieux, ce qui explique leur fid\u00e9lit\u00e9 aux paris en boutique.<\/p>\n<p>En plus de cette ambiance incomparable, de nombreux parieurs estiment que les cotes propos\u00e9es dans les points de vente sont bien plus avantageuses que celles que l&rsquo;on trouve sur la plupart des sites de paris de football en ligne.<\/p>\n<p>En fin de compte, <strong>les amateurs de football auraient tout int\u00e9r\u00eat \u00e0 essayer \u00e0 la fois les paris hors ligne et en ligne<\/strong>, afin de d\u00e9terminer quelle option correspond le mieux \u00e0 leurs pr\u00e9f\u00e9rences et \u00e0 leur style de jeu.<\/p>\n","protected":false},"excerpt":{"rendered":"<p>On peut dire qu&rsquo;aujourd&rsquo;hui, de nombreux parieurs de football se tournent vers des bookmakers en ligne, principalement parce que ceux-ci leur offrent une commodit\u00e9 et une flexibilit\u00e9 accrues. Ainsi, les parieurs ont sans doute d\u00e9j\u00e0 constat\u00e9 que trouver un bon site de paris peut demander beaucoup d&rsquo;efforts. En d\u00e9pit du rythme de vie effr\u00e9n\u00e9 que [&hellip;]<\/p>\n","protected":false},"author":8,"featured_media":0,"parent":118235,"menu_order":0,"comment_status":"closed","ping_status":"closed","template":"template-guide-page.php","meta":{"footnotes":""},"class_list":["post-118244","page","type-page","status-publish","hentry"],"yoast_head":"<!-- This site is optimized with the Yoast SEO plugin v26.6 - https:\/\/yoast.com\/wordpress\/plugins\/seo\/ -->\n<title>Comment placer un pari sur le football dans un point de vente de paris<\/title>\n<meta name=\"description\" content=\"Peut-\u00eatre avez-vous d\u00e9j\u00e0 r\u00e9alis\u00e9 que parier sur le football dans un magasin de paris n\u00e9cessite certains efforts, alors que, en m\u00eame temps, parier sur Internet est beaucoup plus facile.\" \/>\n<meta name=\"robots\" content=\"index, follow, max-snippet:-1, max-image-preview:large, max-video-preview:-1\" \/>\n<link rel=\"canonical\" href=\"https:\/\/www.sportingpedia.com\/fr\/football-betting\/how-to-place-a-bet-in-a-betting-shop\/\" \/>\n<meta property=\"og:locale\" content=\"fr_FR\" \/>\n<meta property=\"og:type\" content=\"article\" \/>\n<meta property=\"og:title\" content=\"Comment placer un pari sur le football dans un point de vente de paris\" \/>\n<meta property=\"og:description\" content=\"Peut-\u00eatre avez-vous d\u00e9j\u00e0 r\u00e9alis\u00e9 que parier sur le football dans un magasin de paris n\u00e9cessite certains efforts, alors que, en m\u00eame temps, parier sur Internet est beaucoup plus facile.\" \/>\n<meta property=\"og:url\" content=\"https:\/\/www.sportingpedia.com\/fr\/football-betting\/how-to-place-a-bet-in-a-betting-shop\/\" \/>\n<meta property=\"og:site_name\" content=\"Sportingpedia - Latest Sports News From All Over the World\" \/>\n<meta property=\"article:modified_time\" content=\"2025-12-03T14:51:17+00:00\" \/>\n<meta property=\"og:image\" content=\"https:\/\/www.sportingpedia.com\/wp-content\/uploads\/2021\/02\/football-betting-how-to-place-a-bet.svg\" \/>\n<meta name=\"twitter:card\" content=\"summary_large_image\" \/>\n<meta name=\"twitter:label1\" content=\"Dur\u00e9e de lecture estim\u00e9e\" \/>\n\t<meta name=\"twitter:data1\" content=\"6 minutes\" \/>\n<script type=\"application\/ld+json\" class=\"yoast-schema-graph\">{\"@context\":\"https:\/\/schema.org\",\"@graph\":[{\"@type\":\"WebPage\",\"@id\":\"https:\/\/www.sportingpedia.com\/fr\/football-betting\/how-to-place-a-bet-in-a-betting-shop\/\",\"url\":\"https:\/\/www.sportingpedia.com\/fr\/football-betting\/how-to-place-a-bet-in-a-betting-shop\/\",\"name\":\"Comment placer un pari sur le football dans un point de vente de paris\",\"isPartOf\":{\"@id\":\"https:\/\/www.sportingpedia.com\/fr\/#website\"},\"primaryImageOfPage\":{\"@id\":\"https:\/\/www.sportingpedia.com\/fr\/football-betting\/how-to-place-a-bet-in-a-betting-shop\/#primaryimage\"},\"image\":{\"@id\":\"https:\/\/www.sportingpedia.com\/fr\/football-betting\/how-to-place-a-bet-in-a-betting-shop\/#primaryimage\"},\"thumbnailUrl\":\"https:\/\/www.sportingpedia.com\/wp-content\/uploads\/2021\/02\/football-betting-how-to-place-a-bet.svg\",\"datePublished\":\"2025-04-10T07:44:37+00:00\",\"dateModified\":\"2025-12-03T14:51:17+00:00\",\"description\":\"Peut-\u00eatre avez-vous d\u00e9j\u00e0 r\u00e9alis\u00e9 que parier sur le football dans un magasin de paris n\u00e9cessite certains efforts, alors que, en m\u00eame temps, parier sur Internet est beaucoup plus facile.\",\"breadcrumb\":{\"@id\":\"https:\/\/www.sportingpedia.com\/fr\/football-betting\/how-to-place-a-bet-in-a-betting-shop\/#breadcrumb\"},\"inLanguage\":\"fr-FR\",\"potentialAction\":[{\"@type\":\"ReadAction\",\"target\":[\"https:\/\/www.sportingpedia.com\/fr\/football-betting\/how-to-place-a-bet-in-a-betting-shop\/\"]}]},{\"@type\":\"ImageObject\",\"inLanguage\":\"fr-FR\",\"@id\":\"https:\/\/www.sportingpedia.com\/fr\/football-betting\/how-to-place-a-bet-in-a-betting-shop\/#primaryimage\",\"url\":\"https:\/\/www.sportingpedia.com\/wp-content\/uploads\/2021\/02\/football-betting-how-to-place-a-bet.svg\",\"contentUrl\":\"https:\/\/www.sportingpedia.com\/wp-content\/uploads\/2021\/02\/football-betting-how-to-place-a-bet.svg\"},{\"@type\":\"BreadcrumbList\",\"@id\":\"https:\/\/www.sportingpedia.com\/fr\/football-betting\/how-to-place-a-bet-in-a-betting-shop\/#breadcrumb\",\"itemListElement\":[{\"@type\":\"ListItem\",\"position\":1,\"name\":\"Accueil\",\"item\":\"https:\/\/www.sportingpedia.com\/fr\/home\/\"},{\"@type\":\"ListItem\",\"position\":2,\"name\":\"Parier sur le Football\",\"item\":\"https:\/\/www.sportingpedia.com\/fr\/football-betting\/\"},{\"@type\":\"ListItem\",\"position\":3,\"name\":\"Comment placer un pari dans un point de vente de paris\"}]},{\"@type\":\"WebSite\",\"@id\":\"https:\/\/www.sportingpedia.com\/fr\/#website\",\"url\":\"https:\/\/www.sportingpedia.com\/fr\/\",\"name\":\"Sportingpedia - Latest Sports News From All Over the World\",\"description\":\"\",\"publisher\":{\"@id\":\"https:\/\/www.sportingpedia.com\/fr\/#organization\"},\"potentialAction\":[{\"@type\":\"SearchAction\",\"target\":{\"@type\":\"EntryPoint\",\"urlTemplate\":\"https:\/\/www.sportingpedia.com\/fr\/?s={search_term_string}\"},\"query-input\":{\"@type\":\"PropertyValueSpecification\",\"valueRequired\":true,\"valueName\":\"search_term_string\"}}],\"inLanguage\":\"fr-FR\"},{\"@type\":\"Organization\",\"@id\":\"https:\/\/www.sportingpedia.com\/fr\/#organization\",\"name\":\"SportingPedia\",\"url\":\"https:\/\/www.sportingpedia.com\/fr\/\",\"logo\":{\"@type\":\"ImageObject\",\"inLanguage\":\"fr-FR\",\"@id\":\"https:\/\/www.sportingpedia.com\/fr\/#\/schema\/logo\/image\/\",\"url\":\"https:\/\/www.sportingpedia.com\/wp-content\/uploads\/2019\/10\/SportingPedia_logo.png\",\"contentUrl\":\"https:\/\/www.sportingpedia.com\/wp-content\/uploads\/2019\/10\/SportingPedia_logo.png\",\"width\":600,\"height\":101,\"caption\":\"SportingPedia\"},\"image\":{\"@id\":\"https:\/\/www.sportingpedia.com\/fr\/#\/schema\/logo\/image\/\"}}]}<\/script>\n<!-- \/ Yoast SEO plugin. -->","yoast_head_json":{"title":"Comment placer un pari sur le football dans un point de vente de paris","description":"Peut-\u00eatre avez-vous d\u00e9j\u00e0 r\u00e9alis\u00e9 que parier sur le football dans un magasin de paris n\u00e9cessite certains efforts, alors que, en m\u00eame temps, parier sur Internet est beaucoup plus facile.","robots":{"index":"index","follow":"follow","max-snippet":"max-snippet:-1","max-image-preview":"max-image-preview:large","max-video-preview":"max-video-preview:-1"},"canonical":"https:\/\/www.sportingpedia.com\/fr\/football-betting\/how-to-place-a-bet-in-a-betting-shop\/","og_locale":"fr_FR","og_type":"article","og_title":"Comment placer un pari sur le football dans un point de vente de paris","og_description":"Peut-\u00eatre avez-vous d\u00e9j\u00e0 r\u00e9alis\u00e9 que parier sur le football dans un magasin de paris n\u00e9cessite certains efforts, alors que, en m\u00eame temps, parier sur Internet est beaucoup plus facile.","og_url":"https:\/\/www.sportingpedia.com\/fr\/football-betting\/how-to-place-a-bet-in-a-betting-shop\/","og_site_name":"Sportingpedia - Latest Sports News From All Over the World","article_modified_time":"2025-12-03T14:51:17+00:00","og_image":[{"url":"https:\/\/www.sportingpedia.com\/wp-content\/uploads\/2021\/02\/football-betting-how-to-place-a-bet.svg","type":"","width":"","height":""}],"twitter_card":"summary_large_image","twitter_misc":{"Dur\u00e9e de lecture estim\u00e9e":"6 minutes"},"schema":{"@context":"https:\/\/schema.org","@graph":[{"@type":"WebPage","@id":"https:\/\/www.sportingpedia.com\/fr\/football-betting\/how-to-place-a-bet-in-a-betting-shop\/","url":"https:\/\/www.sportingpedia.com\/fr\/football-betting\/how-to-place-a-bet-in-a-betting-shop\/","name":"Comment placer un pari sur le football dans un point de vente de paris","isPartOf":{"@id":"https:\/\/www.sportingpedia.com\/fr\/#website"},"primaryImageOfPage":{"@id":"https:\/\/www.sportingpedia.com\/fr\/football-betting\/how-to-place-a-bet-in-a-betting-shop\/#primaryimage"},"image":{"@id":"https:\/\/www.sportingpedia.com\/fr\/football-betting\/how-to-place-a-bet-in-a-betting-shop\/#primaryimage"},"thumbnailUrl":"https:\/\/www.sportingpedia.com\/wp-content\/uploads\/2021\/02\/football-betting-how-to-place-a-bet.svg","datePublished":"2025-04-10T07:44:37+00:00","dateModified":"2025-12-03T14:51:17+00:00","description":"Peut-\u00eatre avez-vous d\u00e9j\u00e0 r\u00e9alis\u00e9 que parier sur le football dans un magasin de paris n\u00e9cessite certains efforts, alors que, en m\u00eame temps, parier sur Internet est beaucoup plus facile.","breadcrumb":{"@id":"https:\/\/www.sportingpedia.com\/fr\/football-betting\/how-to-place-a-bet-in-a-betting-shop\/#breadcrumb"},"inLanguage":"fr-FR","potentialAction":[{"@type":"ReadAction","target":["https:\/\/www.sportingpedia.com\/fr\/football-betting\/how-to-place-a-bet-in-a-betting-shop\/"]}]},{"@type":"ImageObject","inLanguage":"fr-FR","@id":"https:\/\/www.sportingpedia.com\/fr\/football-betting\/how-to-place-a-bet-in-a-betting-shop\/#primaryimage","url":"https:\/\/www.sportingpedia.com\/wp-content\/uploads\/2021\/02\/football-betting-how-to-place-a-bet.svg","contentUrl":"https:\/\/www.sportingpedia.com\/wp-content\/uploads\/2021\/02\/football-betting-how-to-place-a-bet.svg"},{"@type":"BreadcrumbList","@id":"https:\/\/www.sportingpedia.com\/fr\/football-betting\/how-to-place-a-bet-in-a-betting-shop\/#breadcrumb","itemListElement":[{"@type":"ListItem","position":1,"name":"Accueil","item":"https:\/\/www.sportingpedia.com\/fr\/home\/"},{"@type":"ListItem","position":2,"name":"Parier sur le Football","item":"https:\/\/www.sportingpedia.com\/fr\/football-betting\/"},{"@type":"ListItem","position":3,"name":"Comment placer un pari dans un point de vente de paris"}]},{"@type":"WebSite","@id":"https:\/\/www.sportingpedia.com\/fr\/#website","url":"https:\/\/www.sportingpedia.com\/fr\/","name":"Sportingpedia - Latest Sports News From All Over the World","description":"","publisher":{"@id":"https:\/\/www.sportingpedia.com\/fr\/#organization"},"potentialAction":[{"@type":"SearchAction","target":{"@type":"EntryPoint","urlTemplate":"https:\/\/www.sportingpedia.com\/fr\/?s={search_term_string}"},"query-input":{"@type":"PropertyValueSpecification","valueRequired":true,"valueName":"search_term_string"}}],"inLanguage":"fr-FR"},{"@type":"Organization","@id":"https:\/\/www.sportingpedia.com\/fr\/#organization","name":"SportingPedia","url":"https:\/\/www.sportingpedia.com\/fr\/","logo":{"@type":"ImageObject","inLanguage":"fr-FR","@id":"https:\/\/www.sportingpedia.com\/fr\/#\/schema\/logo\/image\/","url":"https:\/\/www.sportingpedia.com\/wp-content\/uploads\/2019\/10\/SportingPedia_logo.png","contentUrl":"https:\/\/www.sportingpedia.com\/wp-content\/uploads\/2019\/10\/SportingPedia_logo.png","width":600,"height":101,"caption":"SportingPedia"},"image":{"@id":"https:\/\/www.sportingpedia.com\/fr\/#\/schema\/logo\/image\/"}}]}},"_links":{"self":[{"href":"https:\/\/www.sportingpedia.com\/fr\/wp-json\/wp\/v2\/pages\/118244","targetHints":{"allow":["GET"]}}],"collection":[{"href":"https:\/\/www.sportingpedia.com\/fr\/wp-json\/wp\/v2\/pages"}],"about":[{"href":"https:\/\/www.sportingpedia.com\/fr\/wp-json\/wp\/v2\/types\/page"}],"author":[{"embeddable":true,"href":"https:\/\/www.sportingpedia.com\/fr\/wp-json\/wp\/v2\/users\/8"}],"replies":[{"embeddable":true,"href":"https:\/\/www.sportingpedia.com\/fr\/wp-json\/wp\/v2\/comments?post=118244"}],"version-history":[{"count":4,"href":"https:\/\/www.sportingpedia.com\/fr\/wp-json\/wp\/v2\/pages\/118244\/revisions"}],"predecessor-version":[{"id":148574,"href":"https:\/\/www.sportingpedia.com\/fr\/wp-json\/wp\/v2\/pages\/118244\/revisions\/148574"}],"up":[{"embeddable":true,"href":"https:\/\/www.sportingpedia.com\/fr\/wp-json\/wp\/v2\/pages\/118235"}],"wp:attachment":[{"href":"https:\/\/www.sportingpedia.com\/fr\/wp-json\/wp\/v2\/media?parent=118244"}],"curies":[{"name":"wp","href":"https:\/\/api.w.org\/{rel}","templated":true}]}}